{"id":15790,"date":"2025-11-10T14:43:47","date_gmt":"2025-11-10T17:43:47","guid":{"rendered":"https:\/\/www.demusculos.com\/web\/?post_type=product&#038;p=15790"},"modified":"2026-04-29T09:44:36","modified_gmt":"2026-04-29T12:44:36","slug":"aceite-de-pescado-60-soft-gels-geonat","status":"publish","type":"product","link":"https:\/\/www.demusculos.com\/web\/producto\/aceite-de-pescado-60-soft-gels-geonat\/","title":{"rendered":"Aceite de pescado 60 soft gels Geonat"},"content":{"rendered":"<h2><strong>GEONAT ACEITE DE PESCADO 1000 ORIGEN MARINO 60 C\u00c1PSULAS<\/strong><\/h2>\n<p>Su incorporaci\u00f3n diaria ayuda a proteger el sistema cardiovascular, disminuir el colesterol y los triglic\u00e9ridos. Aceite de Pescado aporta nutricionalmente Omegas 3 de origen animal. Controlar la hipertensi\u00f3n arterial y a prevenir los accidentes cardiovasculares. Disminuir la posibilidad de stress. Prevenir la formaci\u00f3n de dep\u00f3sitos de grasa en las arterias (aterosclerosis).<\/p>\n<h3>BENEFICIOS<\/h3>\n<p>Controlar la hipertensi\u00f3n arterial y a prevenir los accidentes cardiovasculares<\/p>\n<p>Disminuir la posibilidad de stress<\/p>\n<p>Prevenir la formaci\u00f3n de dep\u00f3sitos de grasa en las arterias (aterosclerosis)<\/p>\n<p>El desarrollo del Sistema Nervioso Central desempe\u00f1ando un papel esencial durante el embarazo, la lactancia y en el crecimiento infantil<\/p>\n<p>Inhibici\u00f3n de la agregaci\u00f3n plaquetaria (Antitrombotico)<\/p>\n<p>Disminuci\u00f3n de l\u00edpidos en sangre<br \/>\n\u00bfQu\u00e9 son los \u00c1cidos grasos Omega? Son \u00e1cidos grasos insaturados, que no podemos sintetizar, por lo que reciben el nombre de \u00c1cidos Grasos esenciales. Dependemos exclusivamente de su incorporaci\u00f3n a trav\u00e9s de la dieta o suplementos dietarios, como lo es Aceite de Pescado, de Laboratorio Provefarma SA. Su incorporaci\u00f3n diaria ayuda a proteger el sistema cardiovascular, disminuir el colesterol y los triglic\u00e9ridos. Aceite de Pescado aporta nutricionalmente Omegas 3 de origen animal. Dentro de los m\u00e1s importantes que debemos incorporar, se encuentran el \u00e1cido eicosapentaenoico (EPA) y el \u00e1cido docosahexaenoico (DHA), ya que son de dif\u00edcil s\u00edntesis end\u00f3gena y cumplen funciones relevantes en el organismo: -EPA: interviene en la regulaci\u00f3n de la funcionalidad cerebral interviniendo en el riego sangu\u00edneo neuronal, en el desarrollo \u00f3ptimo del cerebro y la vista y en la s\u00edntesis de prostaglandinas. -DHA: cumple funciones estructurales formando parte de las membranas celulares y de vital importancia en el desarrollo visual en la gestaci\u00f3n y la ni\u00f1ez. Provefarma SA, a trav\u00e9s de la formulaci\u00f3n de Aceite de Pescado, incorpora estos \u00c1cidos grasos esenciales para lograr satisfacer los requerimientos e incorporaci\u00f3n de Omega 3 de tu organismo.<\/p>\n<h3>MODO DE USO<\/h3>\n<p>DULTOS Y EMBARAZADAS: (2 c\u00e1psulas diarias) 1 con el almuerzo y una con la cena, con abudante agua preferentemente fr\u00eda<\/p>\n<p>NI\u00d1OS: 1 c\u00e1psula diaria con el almuerzo, con abundante agua, preferentemente fr\u00eda.<br \/>\nINFORMACI\u00d3N DEL PRODUCTO Suplemento dietario a base de: Aceite de Pescado-Omega 3 y 6 Producto SIN TACC Cada comprimido contiene: Aceite de Pescado (1000mg)(*) (*) Para informaci\u00f3n adicional consultar tabla nutricional.<\/p>\n","protected":false},"excerpt":{"rendered":"<p>Aceite de pescado. Aporte nutricional de \u00e1cidos grasos polisaturados Omega 3. 60 softgels.<\/p>\n","protected":false},"featured_media":15793,"comment_status":"open","ping_status":"closed","template":"","meta":[],"product_brand":[],"product_cat":[37],"product_tag":[350],"class_list":{"0":"post-15790","1":"product","2":"type-product","3":"status-publish","4":"has-post-thumbnail","6":"product_cat-vitaminas-y-minierales","7":"product_tag-geonat","9":"first","10":"outofstock","11":"sale","12":"shipping-taxable","13":"purchasable","14":"product-type-simple"},"yoast_head":"<!-- This site is optimized with the Yoast SEO plugin v27.5 - https:\/\/yoast.com\/product\/yoast-seo-wordpress\/ -->\n<title>Aceite de Pescado | 60 c\u00e1psulas | Geonat<\/title>\n<meta name=\"description\" content=\"Grandes beneficios para la salud. Aceite de pescado. Omega 3. Ideal para todos los deportes, hombres y mujeres. Env\u00edo a domicilio. Pago en cuotas.\" \/>\n<meta name=\"robots\" content=\"index, follow, max-snippet:-1, max-image-preview:large, max-video-preview:-1\" \/>\n<link rel=\"canonical\" href=\"https:\/\/www.demusculos.com\/web\/producto\/aceite-de-pescado-60-soft-gels-geonat\/\" \/>\n<meta property=\"og:locale\" content=\"es_ES\" \/>\n<meta property=\"og:type\" content=\"article\" \/>\n<meta property=\"og:title\" content=\"Aceite de Pescado | 60 c\u00e1psulas | Geonat\" \/>\n<meta property=\"og:description\" content=\"Grandes beneficios para la salud. Aceite de pescado. Omega 3. Ideal para todos los deportes, hombres y mujeres. Env\u00edo a domicilio. Pago en cuotas.\" \/>\n<meta property=\"og:url\" content=\"https:\/\/www.demusculos.com\/web\/producto\/aceite-de-pescado-60-soft-gels-geonat\/\" \/>\n<meta property=\"og:site_name\" content=\"DeMusculos\" \/>\n<meta property=\"article:publisher\" content=\"https:\/\/www.facebook.com\/demusculos\" \/>\n<meta property=\"article:modified_time\" content=\"2026-04-29T12:44:36+00:00\" \/>\n<meta property=\"og:image\" content=\"https:\/\/www.demusculos.com\/web\/wp-content\/uploads\/2025\/11\/geonat-x60-soft-gels-aceite-de-pescado.webp\" \/>\n\t<meta property=\"og:image:width\" content=\"1200\" \/>\n\t<meta property=\"og:image:height\" content=\"1200\" \/>\n\t<meta property=\"og:image:type\" content=\"image\/webp\" \/>\n<meta name=\"twitter:card\" content=\"summary_large_image\" \/>\n<meta name=\"twitter:site\" content=\"@demusculos\" \/>\n<meta name=\"twitter:label1\" content=\"Tiempo de lectura\" \/>\n\t<meta name=\"twitter:data1\" content=\"2 minutos\" \/>\n<script type=\"application\/ld+json\" class=\"yoast-schema-graph\">{\"@context\":\"https:\\\/\\\/schema.org\",\"@graph\":[{\"@type\":\"WebPage\",\"@id\":\"https:\\\/\\\/www.demusculos.com\\\/web\\\/producto\\\/aceite-de-pescado-60-soft-gels-geonat\\\/\",\"url\":\"https:\\\/\\\/www.demusculos.com\\\/web\\\/producto\\\/aceite-de-pescado-60-soft-gels-geonat\\\/\",\"name\":\"Aceite de Pescado | 60 c\u00e1psulas | Geonat\",\"isPartOf\":{\"@id\":\"https:\\\/\\\/www.demusculos.com\\\/web\\\/#website\"},\"primaryImageOfPage\":{\"@id\":\"https:\\\/\\\/www.demusculos.com\\\/web\\\/producto\\\/aceite-de-pescado-60-soft-gels-geonat\\\/#primaryimage\"},\"image\":{\"@id\":\"https:\\\/\\\/www.demusculos.com\\\/web\\\/producto\\\/aceite-de-pescado-60-soft-gels-geonat\\\/#primaryimage\"},\"thumbnailUrl\":\"https:\\\/\\\/www.demusculos.com\\\/web\\\/wp-content\\\/uploads\\\/2025\\\/11\\\/geonat-x60-soft-gels-aceite-de-pescado.webp\",\"datePublished\":\"2025-11-10T17:43:47+00:00\",\"dateModified\":\"2026-04-29T12:44:36+00:00\",\"description\":\"Grandes beneficios para la salud. Aceite de pescado. Omega 3. Ideal para todos los deportes, hombres y mujeres. Env\u00edo a domicilio. Pago en cuotas.\",\"breadcrumb\":{\"@id\":\"https:\\\/\\\/www.demusculos.com\\\/web\\\/producto\\\/aceite-de-pescado-60-soft-gels-geonat\\\/#breadcrumb\"},\"inLanguage\":\"es\",\"potentialAction\":[{\"@type\":\"ReadAction\",\"target\":[\"https:\\\/\\\/www.demusculos.com\\\/web\\\/producto\\\/aceite-de-pescado-60-soft-gels-geonat\\\/\"]}]},{\"@type\":\"ImageObject\",\"inLanguage\":\"es\",\"@id\":\"https:\\\/\\\/www.demusculos.com\\\/web\\\/producto\\\/aceite-de-pescado-60-soft-gels-geonat\\\/#primaryimage\",\"url\":\"https:\\\/\\\/www.demusculos.com\\\/web\\\/wp-content\\\/uploads\\\/2025\\\/11\\\/geonat-x60-soft-gels-aceite-de-pescado.webp\",\"contentUrl\":\"https:\\\/\\\/www.demusculos.com\\\/web\\\/wp-content\\\/uploads\\\/2025\\\/11\\\/geonat-x60-soft-gels-aceite-de-pescado.webp\",\"width\":1200,\"height\":1200,\"caption\":\"Aceite de pescado Omega 3 x60 softgels - Geonat\"},{\"@type\":\"BreadcrumbList\",\"@id\":\"https:\\\/\\\/www.demusculos.com\\\/web\\\/producto\\\/aceite-de-pescado-60-soft-gels-geonat\\\/#breadcrumb\",\"itemListElement\":[{\"@type\":\"ListItem\",\"position\":1,\"name\":\"Inicio\",\"item\":\"https:\\\/\\\/www.demusculos.com\\\/web\\\/\"},{\"@type\":\"ListItem\",\"position\":2,\"name\":\"Suplementos\",\"item\":\"https:\\\/\\\/www.demusculos.com\\\/web\\\/tienda\\\/\"},{\"@type\":\"ListItem\",\"position\":3,\"name\":\"Aceite de pescado 60 soft gels Geonat\"}]},{\"@type\":\"WebSite\",\"@id\":\"https:\\\/\\\/www.demusculos.com\\\/web\\\/#website\",\"url\":\"https:\\\/\\\/www.demusculos.com\\\/web\\\/\",\"name\":\"DeMusculos.com\",\"description\":\"Suplementos Naturales\",\"publisher\":{\"@id\":\"https:\\\/\\\/www.demusculos.com\\\/web\\\/#organization\"},\"alternateName\":\"Suplementos Naturales\",\"potentialAction\":[{\"@type\":\"SearchAction\",\"target\":{\"@type\":\"EntryPoint\",\"urlTemplate\":\"https:\\\/\\\/www.demusculos.com\\\/web\\\/?s={search_term_string}\"},\"query-input\":{\"@type\":\"PropertyValueSpecification\",\"valueRequired\":true,\"valueName\":\"search_term_string\"}}],\"inLanguage\":\"es\"},{\"@type\":\"Organization\",\"@id\":\"https:\\\/\\\/www.demusculos.com\\\/web\\\/#organization\",\"name\":\"DeMusculos.com\",\"alternateName\":\"DeMusculos\",\"url\":\"https:\\\/\\\/www.demusculos.com\\\/web\\\/\",\"logo\":{\"@type\":\"ImageObject\",\"inLanguage\":\"es\",\"@id\":\"https:\\\/\\\/www.demusculos.com\\\/web\\\/#\\\/schema\\\/logo\\\/image\\\/\",\"url\":\"https:\\\/\\\/www.demusculos.com\\\/web\\\/wp-content\\\/uploads\\\/2024\\\/02\\\/logo-demusculos-prestashop-usuario.png\",\"contentUrl\":\"https:\\\/\\\/www.demusculos.com\\\/web\\\/wp-content\\\/uploads\\\/2024\\\/02\\\/logo-demusculos-prestashop-usuario.png\",\"width\":150,\"height\":150,\"caption\":\"DeMusculos.com\"},\"image\":{\"@id\":\"https:\\\/\\\/www.demusculos.com\\\/web\\\/#\\\/schema\\\/logo\\\/image\\\/\"},\"sameAs\":[\"https:\\\/\\\/www.facebook.com\\\/demusculos\",\"https:\\\/\\\/x.com\\\/demusculos\",\"https:\\\/\\\/www.instagram.com\\\/demusculos\",\"https:\\\/\\\/www.tiktok.com\\\/@demusculos.com\"]}]}<\/script>\n<!-- \/ Yoast SEO plugin. -->","yoast_head_json":{"title":"Aceite de Pescado | 60 c\u00e1psulas | Geonat","description":"Grandes beneficios para la salud. Aceite de pescado. Omega 3. Ideal para todos los deportes, hombres y mujeres. Env\u00edo a domicilio. Pago en cuotas.","robots":{"index":"index","follow":"follow","max-snippet":"max-snippet:-1","max-image-preview":"max-image-preview:large","max-video-preview":"max-video-preview:-1"},"canonical":"https:\/\/www.demusculos.com\/web\/producto\/aceite-de-pescado-60-soft-gels-geonat\/","og_locale":"es_ES","og_type":"article","og_title":"Aceite de Pescado | 60 c\u00e1psulas | Geonat","og_description":"Grandes beneficios para la salud. Aceite de pescado. Omega 3. Ideal para todos los deportes, hombres y mujeres. Env\u00edo a domicilio. Pago en cuotas.","og_url":"https:\/\/www.demusculos.com\/web\/producto\/aceite-de-pescado-60-soft-gels-geonat\/","og_site_name":"DeMusculos","article_publisher":"https:\/\/www.facebook.com\/demusculos","article_modified_time":"2026-04-29T12:44:36+00:00","og_image":[{"width":1200,"height":1200,"url":"https:\/\/www.demusculos.com\/web\/wp-content\/uploads\/2025\/11\/geonat-x60-soft-gels-aceite-de-pescado.webp","type":"image\/webp"}],"twitter_card":"summary_large_image","twitter_site":"@demusculos","twitter_misc":{"Tiempo de lectura":"2 minutos"},"schema":{"@context":"https:\/\/schema.org","@graph":[{"@type":"WebPage","@id":"https:\/\/www.demusculos.com\/web\/producto\/aceite-de-pescado-60-soft-gels-geonat\/","url":"https:\/\/www.demusculos.com\/web\/producto\/aceite-de-pescado-60-soft-gels-geonat\/","name":"Aceite de Pescado | 60 c\u00e1psulas | Geonat","isPartOf":{"@id":"https:\/\/www.demusculos.com\/web\/#website"},"primaryImageOfPage":{"@id":"https:\/\/www.demusculos.com\/web\/producto\/aceite-de-pescado-60-soft-gels-geonat\/#primaryimage"},"image":{"@id":"https:\/\/www.demusculos.com\/web\/producto\/aceite-de-pescado-60-soft-gels-geonat\/#primaryimage"},"thumbnailUrl":"https:\/\/www.demusculos.com\/web\/wp-content\/uploads\/2025\/11\/geonat-x60-soft-gels-aceite-de-pescado.webp","datePublished":"2025-11-10T17:43:47+00:00","dateModified":"2026-04-29T12:44:36+00:00","description":"Grandes beneficios para la salud. Aceite de pescado. Omega 3. Ideal para todos los deportes, hombres y mujeres. Env\u00edo a domicilio. Pago en cuotas.","breadcrumb":{"@id":"https:\/\/www.demusculos.com\/web\/producto\/aceite-de-pescado-60-soft-gels-geonat\/#breadcrumb"},"inLanguage":"es","potentialAction":[{"@type":"ReadAction","target":["https:\/\/www.demusculos.com\/web\/producto\/aceite-de-pescado-60-soft-gels-geonat\/"]}]},{"@type":"ImageObject","inLanguage":"es","@id":"https:\/\/www.demusculos.com\/web\/producto\/aceite-de-pescado-60-soft-gels-geonat\/#primaryimage","url":"https:\/\/www.demusculos.com\/web\/wp-content\/uploads\/2025\/11\/geonat-x60-soft-gels-aceite-de-pescado.webp","contentUrl":"https:\/\/www.demusculos.com\/web\/wp-content\/uploads\/2025\/11\/geonat-x60-soft-gels-aceite-de-pescado.webp","width":1200,"height":1200,"caption":"Aceite de pescado Omega 3 x60 softgels - Geonat"},{"@type":"BreadcrumbList","@id":"https:\/\/www.demusculos.com\/web\/producto\/aceite-de-pescado-60-soft-gels-geonat\/#breadcrumb","itemListElement":[{"@type":"ListItem","position":1,"name":"Inicio","item":"https:\/\/www.demusculos.com\/web\/"},{"@type":"ListItem","position":2,"name":"Suplementos","item":"https:\/\/www.demusculos.com\/web\/tienda\/"},{"@type":"ListItem","position":3,"name":"Aceite de pescado 60 soft gels Geonat"}]},{"@type":"WebSite","@id":"https:\/\/www.demusculos.com\/web\/#website","url":"https:\/\/www.demusculos.com\/web\/","name":"DeMusculos.com","description":"Suplementos Naturales","publisher":{"@id":"https:\/\/www.demusculos.com\/web\/#organization"},"alternateName":"Suplementos Naturales","potentialAction":[{"@type":"SearchAction","target":{"@type":"EntryPoint","urlTemplate":"https:\/\/www.demusculos.com\/web\/?s={search_term_string}"},"query-input":{"@type":"PropertyValueSpecification","valueRequired":true,"valueName":"search_term_string"}}],"inLanguage":"es"},{"@type":"Organization","@id":"https:\/\/www.demusculos.com\/web\/#organization","name":"DeMusculos.com","alternateName":"DeMusculos","url":"https:\/\/www.demusculos.com\/web\/","logo":{"@type":"ImageObject","inLanguage":"es","@id":"https:\/\/www.demusculos.com\/web\/#\/schema\/logo\/image\/","url":"https:\/\/www.demusculos.com\/web\/wp-content\/uploads\/2024\/02\/logo-demusculos-prestashop-usuario.png","contentUrl":"https:\/\/www.demusculos.com\/web\/wp-content\/uploads\/2024\/02\/logo-demusculos-prestashop-usuario.png","width":150,"height":150,"caption":"DeMusculos.com"},"image":{"@id":"https:\/\/www.demusculos.com\/web\/#\/schema\/logo\/image\/"},"sameAs":["https:\/\/www.facebook.com\/demusculos","https:\/\/x.com\/demusculos","https:\/\/www.instagram.com\/demusculos","https:\/\/www.tiktok.com\/@demusculos.com"]}]}},"_links":{"self":[{"href":"https:\/\/www.demusculos.com\/web\/wp-json\/wp\/v2\/product\/15790","targetHints":{"allow":["GET"]}}],"collection":[{"href":"https:\/\/www.demusculos.com\/web\/wp-json\/wp\/v2\/product"}],"about":[{"href":"https:\/\/www.demusculos.com\/web\/wp-json\/wp\/v2\/types\/product"}],"replies":[{"embeddable":true,"href":"https:\/\/www.demusculos.com\/web\/wp-json\/wp\/v2\/comments?post=15790"}],"wp:featuredmedia":[{"embeddable":true,"href":"https:\/\/www.demusculos.com\/web\/wp-json\/wp\/v2\/media\/15793"}],"wp:attachment":[{"href":"https:\/\/www.demusculos.com\/web\/wp-json\/wp\/v2\/media?parent=15790"}],"wp:term":[{"taxonomy":"product_brand","embeddable":true,"href":"https:\/\/www.demusculos.com\/web\/wp-json\/wp\/v2\/product_brand?post=15790"},{"taxonomy":"product_cat","embeddable":true,"href":"https:\/\/www.demusculos.com\/web\/wp-json\/wp\/v2\/product_cat?post=15790"},{"taxonomy":"product_tag","embeddable":true,"href":"https:\/\/www.demusculos.com\/web\/wp-json\/wp\/v2\/product_tag?post=15790"}],"curies":[{"name":"wp","href":"https:\/\/api.w.org\/{rel}","templated":true}]}}