{"id":16034,"date":"2025-11-21T13:54:57","date_gmt":"2025-11-21T16:54:57","guid":{"rendered":"https:\/\/www.demusculos.com\/web\/?post_type=product&#038;p=16034"},"modified":"2026-03-06T12:59:38","modified_gmt":"2026-03-06T15:59:38","slug":"pre-venta-tono-y-energia-colageno-thermo-gen-6-dms-nutrition","status":"publish","type":"product","link":"https:\/\/www.demusculos.com\/web\/producto\/pre-venta-tono-y-energia-colageno-thermo-gen-6-dms-nutrition\/","title":{"rendered":"Tono y Energ\u00eda Col\u00e1geno + Thermo Gen 6 DMS Nutrition"},"content":{"rendered":"<h2>Col\u00e1geno + Quemador<\/h2>\n<p>Es la combinaci\u00f3n perfecta para los que buscan:<br \/>\n1) Tono muscular<br \/>\n2) Quemar grasas<br \/>\n3) Menos flacidez en gluteos, papada y p\u00edernas<br \/>\nCuida el cabello, u\u00f1as, articulaciones, huesos y piel.<\/p>\n<p><img fetchpriority=\"high\" decoding=\"async\" class=\"size-full wp-image-17479 aligncenter\" src=\"https:\/\/www.demusculos.com\/web\/wp-content\/uploads\/2025\/05\/thermo-gen-6-detalles-01quemador-grasas-dms-nutrition-04.webp\" alt=\"Thermo Gen 6 DMS Nutrition x 120 c\u00e1psulas Quemador de Grasas\" width=\"1200\" height=\"1200\" srcset=\"https:\/\/www.demusculos.com\/web\/wp-content\/uploads\/2025\/05\/thermo-gen-6-detalles-01quemador-grasas-dms-nutrition-04.webp 1200w, https:\/\/www.demusculos.com\/web\/wp-content\/uploads\/2025\/05\/thermo-gen-6-detalles-01quemador-grasas-dms-nutrition-04-300x300.webp 300w, https:\/\/www.demusculos.com\/web\/wp-content\/uploads\/2025\/05\/thermo-gen-6-detalles-01quemador-grasas-dms-nutrition-04-1024x1024.webp 1024w, https:\/\/www.demusculos.com\/web\/wp-content\/uploads\/2025\/05\/thermo-gen-6-detalles-01quemador-grasas-dms-nutrition-04-150x150.webp 150w, https:\/\/www.demusculos.com\/web\/wp-content\/uploads\/2025\/05\/thermo-gen-6-detalles-01quemador-grasas-dms-nutrition-04-768x768.webp 768w, https:\/\/www.demusculos.com\/web\/wp-content\/uploads\/2025\/05\/thermo-gen-6-detalles-01quemador-grasas-dms-nutrition-04-990x990.webp 990w, https:\/\/www.demusculos.com\/web\/wp-content\/uploads\/2025\/05\/thermo-gen-6-detalles-01quemador-grasas-dms-nutrition-04-441x441.webp 441w, https:\/\/www.demusculos.com\/web\/wp-content\/uploads\/2025\/05\/thermo-gen-6-detalles-01quemador-grasas-dms-nutrition-04-100x100.webp 100w, https:\/\/www.demusculos.com\/web\/wp-content\/uploads\/2025\/05\/thermo-gen-6-detalles-01quemador-grasas-dms-nutrition-04-800x800.webp 800w\" sizes=\"(max-width: 1200px) 100vw, 1200px\" \/><\/p>\n<p><img decoding=\"async\" class=\"size-full wp-image-17571 aligncenter\" src=\"https:\/\/www.demusculos.com\/web\/wp-content\/uploads\/2025\/05\/colageno-260-grs-dms-08.webp\" alt=\"Col\u00e1geno DMS Nutrition x20 tomas 260 grs\" width=\"1200\" height=\"1200\" srcset=\"https:\/\/www.demusculos.com\/web\/wp-content\/uploads\/2025\/05\/colageno-260-grs-dms-08.webp 1200w, https:\/\/www.demusculos.com\/web\/wp-content\/uploads\/2025\/05\/colageno-260-grs-dms-08-300x300.webp 300w, https:\/\/www.demusculos.com\/web\/wp-content\/uploads\/2025\/05\/colageno-260-grs-dms-08-1024x1024.webp 1024w, https:\/\/www.demusculos.com\/web\/wp-content\/uploads\/2025\/05\/colageno-260-grs-dms-08-150x150.webp 150w, https:\/\/www.demusculos.com\/web\/wp-content\/uploads\/2025\/05\/colageno-260-grs-dms-08-768x768.webp 768w, https:\/\/www.demusculos.com\/web\/wp-content\/uploads\/2025\/05\/colageno-260-grs-dms-08-990x990.webp 990w, https:\/\/www.demusculos.com\/web\/wp-content\/uploads\/2025\/05\/colageno-260-grs-dms-08-441x441.webp 441w, https:\/\/www.demusculos.com\/web\/wp-content\/uploads\/2025\/05\/colageno-260-grs-dms-08-100x100.webp 100w, https:\/\/www.demusculos.com\/web\/wp-content\/uploads\/2025\/05\/colageno-260-grs-dms-08-800x800.webp 800w\" sizes=\"(max-width: 1200px) 100vw, 1200px\" \/><\/p>\n<p>&nbsp;<\/p>\n","protected":false},"excerpt":{"rendered":"<p>Col\u00e1geno + Quemador Es la combinaci\u00f3n perfecta para los que buscan: 1) Tono muscular 2) Quemar grasas 3) Menos flacidez en gluteos, papada y p\u00edernas Cuida el cabello, u\u00f1as, articulaciones, huesos y piel. &nbsp;<\/p>\n","protected":false},"featured_media":17599,"comment_status":"open","ping_status":"closed","template":"","meta":[],"product_brand":[247],"product_cat":[198],"product_tag":[60],"class_list":{"0":"post-16034","1":"product","2":"type-product","3":"status-publish","4":"has-post-thumbnail","6":"product_brand-suplementos-dms","7":"product_cat-combos-para-aumentar-energia","8":"product_tag-suplementos-naturales-dms","10":"first","11":"instock","12":"sale","13":"shipping-taxable","14":"purchasable","15":"product-type-simple"},"yoast_head":"<!-- This site is optimized with the Yoast SEO plugin v27.4 - https:\/\/yoast.com\/product\/yoast-seo-wordpress\/ -->\n<title>Tono y Energ\u00eda Col\u00e1geno + Thermo Gen 6 DMS Nutrition | DeMusculos<\/title>\n<meta name=\"robots\" content=\"index, follow, max-snippet:-1, max-image-preview:large, max-video-preview:-1\" \/>\n<link rel=\"canonical\" href=\"https:\/\/www.demusculos.com\/web\/producto\/pre-venta-tono-y-energia-colageno-thermo-gen-6-dms-nutrition\/\" \/>\n<meta property=\"og:locale\" content=\"es_ES\" \/>\n<meta property=\"og:type\" content=\"article\" \/>\n<meta property=\"og:title\" content=\"Tono y Energ\u00eda Col\u00e1geno + Thermo Gen 6 DMS Nutrition | DeMusculos\" \/>\n<meta property=\"og:description\" content=\"Col\u00e1geno + Quemador Es la combinaci\u00f3n perfecta para los que buscan: 1) Tono muscular 2) Quemar grasas 3) Menos flacidez en gluteos, papada y p\u00edernas Cuida el cabello, u\u00f1as, articulaciones, huesos y piel. &nbsp;\" \/>\n<meta property=\"og:url\" content=\"https:\/\/www.demusculos.com\/web\/producto\/pre-venta-tono-y-energia-colageno-thermo-gen-6-dms-nutrition\/\" \/>\n<meta property=\"og:site_name\" content=\"DeMusculos\" \/>\n<meta property=\"article:publisher\" content=\"https:\/\/www.facebook.com\/demusculos\" \/>\n<meta property=\"article:modified_time\" content=\"2026-03-06T15:59:38+00:00\" \/>\n<meta property=\"og:image\" content=\"https:\/\/www.demusculos.com\/web\/wp-content\/uploads\/2025\/11\/thermo-gen-colageno-dms-01.webp\" \/>\n\t<meta property=\"og:image:width\" content=\"1200\" \/>\n\t<meta property=\"og:image:height\" content=\"1200\" \/>\n\t<meta property=\"og:image:type\" content=\"image\/webp\" \/>\n<meta name=\"twitter:card\" content=\"summary_large_image\" \/>\n<meta name=\"twitter:site\" content=\"@demusculos\" \/>\n<meta name=\"twitter:label1\" content=\"Tiempo de lectura\" \/>\n\t<meta name=\"twitter:data1\" content=\"1 minuto\" \/>\n<script type=\"application\/ld+json\" class=\"yoast-schema-graph\">{\"@context\":\"https:\\\/\\\/schema.org\",\"@graph\":[{\"@type\":\"WebPage\",\"@id\":\"https:\\\/\\\/www.demusculos.com\\\/web\\\/producto\\\/pre-venta-tono-y-energia-colageno-thermo-gen-6-dms-nutrition\\\/\",\"url\":\"https:\\\/\\\/www.demusculos.com\\\/web\\\/producto\\\/pre-venta-tono-y-energia-colageno-thermo-gen-6-dms-nutrition\\\/\",\"name\":\"Tono y Energ\u00eda Col\u00e1geno + Thermo Gen 6 DMS Nutrition | DeMusculos\",\"isPartOf\":{\"@id\":\"https:\\\/\\\/www.demusculos.com\\\/web\\\/#website\"},\"primaryImageOfPage\":{\"@id\":\"https:\\\/\\\/www.demusculos.com\\\/web\\\/producto\\\/pre-venta-tono-y-energia-colageno-thermo-gen-6-dms-nutrition\\\/#primaryimage\"},\"image\":{\"@id\":\"https:\\\/\\\/www.demusculos.com\\\/web\\\/producto\\\/pre-venta-tono-y-energia-colageno-thermo-gen-6-dms-nutrition\\\/#primaryimage\"},\"thumbnailUrl\":\"https:\\\/\\\/www.demusculos.com\\\/web\\\/wp-content\\\/uploads\\\/2025\\\/11\\\/thermo-gen-colageno-dms-01.webp\",\"datePublished\":\"2025-11-21T16:54:57+00:00\",\"dateModified\":\"2026-03-06T15:59:38+00:00\",\"breadcrumb\":{\"@id\":\"https:\\\/\\\/www.demusculos.com\\\/web\\\/producto\\\/pre-venta-tono-y-energia-colageno-thermo-gen-6-dms-nutrition\\\/#breadcrumb\"},\"inLanguage\":\"es\",\"potentialAction\":[{\"@type\":\"ReadAction\",\"target\":[\"https:\\\/\\\/www.demusculos.com\\\/web\\\/producto\\\/pre-venta-tono-y-energia-colageno-thermo-gen-6-dms-nutrition\\\/\"]}]},{\"@type\":\"ImageObject\",\"inLanguage\":\"es\",\"@id\":\"https:\\\/\\\/www.demusculos.com\\\/web\\\/producto\\\/pre-venta-tono-y-energia-colageno-thermo-gen-6-dms-nutrition\\\/#primaryimage\",\"url\":\"https:\\\/\\\/www.demusculos.com\\\/web\\\/wp-content\\\/uploads\\\/2025\\\/11\\\/thermo-gen-colageno-dms-01.webp\",\"contentUrl\":\"https:\\\/\\\/www.demusculos.com\\\/web\\\/wp-content\\\/uploads\\\/2025\\\/11\\\/thermo-gen-colageno-dms-01.webp\",\"width\":1200,\"height\":1200,\"caption\":\"Thermo Gen 6 + Col\u00e1geno DMS Nutrition\"},{\"@type\":\"BreadcrumbList\",\"@id\":\"https:\\\/\\\/www.demusculos.com\\\/web\\\/producto\\\/pre-venta-tono-y-energia-colageno-thermo-gen-6-dms-nutrition\\\/#breadcrumb\",\"itemListElement\":[{\"@type\":\"ListItem\",\"position\":1,\"name\":\"Inicio\",\"item\":\"https:\\\/\\\/www.demusculos.com\\\/web\\\/\"},{\"@type\":\"ListItem\",\"position\":2,\"name\":\"Suplementos\",\"item\":\"https:\\\/\\\/www.demusculos.com\\\/web\\\/tienda\\\/\"},{\"@type\":\"ListItem\",\"position\":3,\"name\":\"Tono y Energ\u00eda Col\u00e1geno + Thermo Gen 6 DMS Nutrition\"}]},{\"@type\":\"WebSite\",\"@id\":\"https:\\\/\\\/www.demusculos.com\\\/web\\\/#website\",\"url\":\"https:\\\/\\\/www.demusculos.com\\\/web\\\/\",\"name\":\"DeMusculos.com\",\"description\":\"Suplementos Naturales\",\"publisher\":{\"@id\":\"https:\\\/\\\/www.demusculos.com\\\/web\\\/#organization\"},\"alternateName\":\"Suplementos Naturales\",\"potentialAction\":[{\"@type\":\"SearchAction\",\"target\":{\"@type\":\"EntryPoint\",\"urlTemplate\":\"https:\\\/\\\/www.demusculos.com\\\/web\\\/?s={search_term_string}\"},\"query-input\":{\"@type\":\"PropertyValueSpecification\",\"valueRequired\":true,\"valueName\":\"search_term_string\"}}],\"inLanguage\":\"es\"},{\"@type\":\"Organization\",\"@id\":\"https:\\\/\\\/www.demusculos.com\\\/web\\\/#organization\",\"name\":\"DeMusculos.com\",\"alternateName\":\"DeMusculos\",\"url\":\"https:\\\/\\\/www.demusculos.com\\\/web\\\/\",\"logo\":{\"@type\":\"ImageObject\",\"inLanguage\":\"es\",\"@id\":\"https:\\\/\\\/www.demusculos.com\\\/web\\\/#\\\/schema\\\/logo\\\/image\\\/\",\"url\":\"https:\\\/\\\/www.demusculos.com\\\/web\\\/wp-content\\\/uploads\\\/2024\\\/02\\\/logo-demusculos-prestashop-usuario.png\",\"contentUrl\":\"https:\\\/\\\/www.demusculos.com\\\/web\\\/wp-content\\\/uploads\\\/2024\\\/02\\\/logo-demusculos-prestashop-usuario.png\",\"width\":150,\"height\":150,\"caption\":\"DeMusculos.com\"},\"image\":{\"@id\":\"https:\\\/\\\/www.demusculos.com\\\/web\\\/#\\\/schema\\\/logo\\\/image\\\/\"},\"sameAs\":[\"https:\\\/\\\/www.facebook.com\\\/demusculos\",\"https:\\\/\\\/x.com\\\/demusculos\",\"https:\\\/\\\/www.instagram.com\\\/demusculos\",\"https:\\\/\\\/www.tiktok.com\\\/@demusculos.com\"]}]}<\/script>\n<!-- \/ Yoast SEO plugin. -->","yoast_head_json":{"title":"Tono y Energ\u00eda Col\u00e1geno + Thermo Gen 6 DMS Nutrition | DeMusculos","robots":{"index":"index","follow":"follow","max-snippet":"max-snippet:-1","max-image-preview":"max-image-preview:large","max-video-preview":"max-video-preview:-1"},"canonical":"https:\/\/www.demusculos.com\/web\/producto\/pre-venta-tono-y-energia-colageno-thermo-gen-6-dms-nutrition\/","og_locale":"es_ES","og_type":"article","og_title":"Tono y Energ\u00eda Col\u00e1geno + Thermo Gen 6 DMS Nutrition | DeMusculos","og_description":"Col\u00e1geno + Quemador Es la combinaci\u00f3n perfecta para los que buscan: 1) Tono muscular 2) Quemar grasas 3) Menos flacidez en gluteos, papada y p\u00edernas Cuida el cabello, u\u00f1as, articulaciones, huesos y piel. &nbsp;","og_url":"https:\/\/www.demusculos.com\/web\/producto\/pre-venta-tono-y-energia-colageno-thermo-gen-6-dms-nutrition\/","og_site_name":"DeMusculos","article_publisher":"https:\/\/www.facebook.com\/demusculos","article_modified_time":"2026-03-06T15:59:38+00:00","og_image":[{"width":1200,"height":1200,"url":"https:\/\/www.demusculos.com\/web\/wp-content\/uploads\/2025\/11\/thermo-gen-colageno-dms-01.webp","type":"image\/webp"}],"twitter_card":"summary_large_image","twitter_site":"@demusculos","twitter_misc":{"Tiempo de lectura":"1 minuto"},"schema":{"@context":"https:\/\/schema.org","@graph":[{"@type":"WebPage","@id":"https:\/\/www.demusculos.com\/web\/producto\/pre-venta-tono-y-energia-colageno-thermo-gen-6-dms-nutrition\/","url":"https:\/\/www.demusculos.com\/web\/producto\/pre-venta-tono-y-energia-colageno-thermo-gen-6-dms-nutrition\/","name":"Tono y Energ\u00eda Col\u00e1geno + Thermo Gen 6 DMS Nutrition | DeMusculos","isPartOf":{"@id":"https:\/\/www.demusculos.com\/web\/#website"},"primaryImageOfPage":{"@id":"https:\/\/www.demusculos.com\/web\/producto\/pre-venta-tono-y-energia-colageno-thermo-gen-6-dms-nutrition\/#primaryimage"},"image":{"@id":"https:\/\/www.demusculos.com\/web\/producto\/pre-venta-tono-y-energia-colageno-thermo-gen-6-dms-nutrition\/#primaryimage"},"thumbnailUrl":"https:\/\/www.demusculos.com\/web\/wp-content\/uploads\/2025\/11\/thermo-gen-colageno-dms-01.webp","datePublished":"2025-11-21T16:54:57+00:00","dateModified":"2026-03-06T15:59:38+00:00","breadcrumb":{"@id":"https:\/\/www.demusculos.com\/web\/producto\/pre-venta-tono-y-energia-colageno-thermo-gen-6-dms-nutrition\/#breadcrumb"},"inLanguage":"es","potentialAction":[{"@type":"ReadAction","target":["https:\/\/www.demusculos.com\/web\/producto\/pre-venta-tono-y-energia-colageno-thermo-gen-6-dms-nutrition\/"]}]},{"@type":"ImageObject","inLanguage":"es","@id":"https:\/\/www.demusculos.com\/web\/producto\/pre-venta-tono-y-energia-colageno-thermo-gen-6-dms-nutrition\/#primaryimage","url":"https:\/\/www.demusculos.com\/web\/wp-content\/uploads\/2025\/11\/thermo-gen-colageno-dms-01.webp","contentUrl":"https:\/\/www.demusculos.com\/web\/wp-content\/uploads\/2025\/11\/thermo-gen-colageno-dms-01.webp","width":1200,"height":1200,"caption":"Thermo Gen 6 + Col\u00e1geno DMS Nutrition"},{"@type":"BreadcrumbList","@id":"https:\/\/www.demusculos.com\/web\/producto\/pre-venta-tono-y-energia-colageno-thermo-gen-6-dms-nutrition\/#breadcrumb","itemListElement":[{"@type":"ListItem","position":1,"name":"Inicio","item":"https:\/\/www.demusculos.com\/web\/"},{"@type":"ListItem","position":2,"name":"Suplementos","item":"https:\/\/www.demusculos.com\/web\/tienda\/"},{"@type":"ListItem","position":3,"name":"Tono y Energ\u00eda Col\u00e1geno + Thermo Gen 6 DMS Nutrition"}]},{"@type":"WebSite","@id":"https:\/\/www.demusculos.com\/web\/#website","url":"https:\/\/www.demusculos.com\/web\/","name":"DeMusculos.com","description":"Suplementos Naturales","publisher":{"@id":"https:\/\/www.demusculos.com\/web\/#organization"},"alternateName":"Suplementos Naturales","potentialAction":[{"@type":"SearchAction","target":{"@type":"EntryPoint","urlTemplate":"https:\/\/www.demusculos.com\/web\/?s={search_term_string}"},"query-input":{"@type":"PropertyValueSpecification","valueRequired":true,"valueName":"search_term_string"}}],"inLanguage":"es"},{"@type":"Organization","@id":"https:\/\/www.demusculos.com\/web\/#organization","name":"DeMusculos.com","alternateName":"DeMusculos","url":"https:\/\/www.demusculos.com\/web\/","logo":{"@type":"ImageObject","inLanguage":"es","@id":"https:\/\/www.demusculos.com\/web\/#\/schema\/logo\/image\/","url":"https:\/\/www.demusculos.com\/web\/wp-content\/uploads\/2024\/02\/logo-demusculos-prestashop-usuario.png","contentUrl":"https:\/\/www.demusculos.com\/web\/wp-content\/uploads\/2024\/02\/logo-demusculos-prestashop-usuario.png","width":150,"height":150,"caption":"DeMusculos.com"},"image":{"@id":"https:\/\/www.demusculos.com\/web\/#\/schema\/logo\/image\/"},"sameAs":["https:\/\/www.facebook.com\/demusculos","https:\/\/x.com\/demusculos","https:\/\/www.instagram.com\/demusculos","https:\/\/www.tiktok.com\/@demusculos.com"]}]}},"_links":{"self":[{"href":"https:\/\/www.demusculos.com\/web\/wp-json\/wp\/v2\/product\/16034","targetHints":{"allow":["GET"]}}],"collection":[{"href":"https:\/\/www.demusculos.com\/web\/wp-json\/wp\/v2\/product"}],"about":[{"href":"https:\/\/www.demusculos.com\/web\/wp-json\/wp\/v2\/types\/product"}],"replies":[{"embeddable":true,"href":"https:\/\/www.demusculos.com\/web\/wp-json\/wp\/v2\/comments?post=16034"}],"wp:featuredmedia":[{"embeddable":true,"href":"https:\/\/www.demusculos.com\/web\/wp-json\/wp\/v2\/media\/17599"}],"wp:attachment":[{"href":"https:\/\/www.demusculos.com\/web\/wp-json\/wp\/v2\/media?parent=16034"}],"wp:term":[{"taxonomy":"product_brand","embeddable":true,"href":"https:\/\/www.demusculos.com\/web\/wp-json\/wp\/v2\/product_brand?post=16034"},{"taxonomy":"product_cat","embeddable":true,"href":"https:\/\/www.demusculos.com\/web\/wp-json\/wp\/v2\/product_cat?post=16034"},{"taxonomy":"product_tag","embeddable":true,"href":"https:\/\/www.demusculos.com\/web\/wp-json\/wp\/v2\/product_tag?post=16034"}],"curies":[{"name":"wp","href":"https:\/\/api.w.org\/{rel}","templated":true}]}}