{"id":16189,"date":"2025-11-27T15:22:04","date_gmt":"2025-11-27T18:22:04","guid":{"rendered":"https:\/\/www.demusculos.com\/web\/?post_type=product&#038;p=16189"},"modified":"2026-03-12T12:38:51","modified_gmt":"2026-03-12T15:38:51","slug":"sal-diet-sin-sodio-x-carnes-rojas","status":"publish","type":"product","link":"https:\/\/www.demusculos.com\/web\/producto\/sal-diet-sin-sodio-x-carnes-rojas\/","title":{"rendered":"Sal Diet Baja en Sodio Carnes Rojas x 70g &#8211; Dicomere"},"content":{"rendered":"<h1 data-start=\"128\" data-end=\"188\"><strong data-start=\"130\" data-end=\"188\">Beneficios de consumir sal con bajo contenido de sodio<\/strong><\/h1>\n<p data-start=\"190\" data-end=\"457\">La sal reducida en sodio es una alternativa m\u00e1s saludable a la sal com\u00fan porque reemplaza parte del sodio por potasio u otros minerales. Esto trae varios beneficios importantes para la salud, sobre todo para quienes quieren cuidar la presi\u00f3n o retener menos l\u00edquidos.<\/p>\n<h3 data-start=\"459\" data-end=\"509\"><strong data-start=\"463\" data-end=\"507\">1. Ayuda a controlar la presi\u00f3n arterial<\/strong><\/h3>\n<p data-start=\"510\" data-end=\"655\">Menos sodio significa <strong data-start=\"532\" data-end=\"578\">menos carga para el sistema cardiovascular<\/strong>. Es ideal para personas hipertensas o que buscan prevenir problemas futuros.<\/p>\n<h3 data-start=\"657\" data-end=\"701\"><strong data-start=\"661\" data-end=\"699\">2. Reduce la retenci\u00f3n de l\u00edquidos<\/strong><\/h3>\n<p data-start=\"702\" data-end=\"857\">El exceso de sodio hace que el cuerpo \u00abretenga agua\u00bb. Con una sal baja en sodio, esto baja much\u00edsimo, generando <strong data-start=\"814\" data-end=\"856\">menos hinchaz\u00f3n y sensaci\u00f3n de pesadez<\/strong>.<\/p>\n<p data-start=\"702\" data-end=\"857\"><img fetchpriority=\"high\" decoding=\"async\" class=\"alignnone size-full wp-image-16258\" src=\"https:\/\/www.demusculos.com\/web\/wp-content\/uploads\/2025\/11\/sal-diet-carnes-rojas-sin-sodio-70-grs-dicomere-02.webp\" alt=\"Sal Diet - Carnes Rojas - Sal sin sodio x70 grs\" width=\"1024\" height=\"1024\" srcset=\"https:\/\/www.demusculos.com\/web\/wp-content\/uploads\/2025\/11\/sal-diet-carnes-rojas-sin-sodio-70-grs-dicomere-02.webp 1024w, https:\/\/www.demusculos.com\/web\/wp-content\/uploads\/2025\/11\/sal-diet-carnes-rojas-sin-sodio-70-grs-dicomere-02-300x300.webp 300w, https:\/\/www.demusculos.com\/web\/wp-content\/uploads\/2025\/11\/sal-diet-carnes-rojas-sin-sodio-70-grs-dicomere-02-150x150.webp 150w, https:\/\/www.demusculos.com\/web\/wp-content\/uploads\/2025\/11\/sal-diet-carnes-rojas-sin-sodio-70-grs-dicomere-02-768x768.webp 768w, https:\/\/www.demusculos.com\/web\/wp-content\/uploads\/2025\/11\/sal-diet-carnes-rojas-sin-sodio-70-grs-dicomere-02-990x990.webp 990w, https:\/\/www.demusculos.com\/web\/wp-content\/uploads\/2025\/11\/sal-diet-carnes-rojas-sin-sodio-70-grs-dicomere-02-441x441.webp 441w, https:\/\/www.demusculos.com\/web\/wp-content\/uploads\/2025\/11\/sal-diet-carnes-rojas-sin-sodio-70-grs-dicomere-02-100x100.webp 100w, https:\/\/www.demusculos.com\/web\/wp-content\/uploads\/2025\/11\/sal-diet-carnes-rojas-sin-sodio-70-grs-dicomere-02-800x800.webp 800w\" sizes=\"(max-width: 1024px) 100vw, 1024px\" \/><\/p>\n<h3 data-start=\"859\" data-end=\"901\"><strong data-start=\"863\" data-end=\"899\">3. Mejor equilibrio de minerales<\/strong><\/h3>\n<p data-start=\"902\" data-end=\"1062\">Estas sales suelen incluir <strong data-start=\"929\" data-end=\"940\">potasio<\/strong>, un mineral clave para el coraz\u00f3n, los m\u00fasculos y la hidrataci\u00f3n. El potasio ayuda a contrarrestar los efectos del sodio.<\/p>\n<h3 data-start=\"1064\" data-end=\"1114\"><strong data-start=\"1068\" data-end=\"1112\">4. Ideal para dietas y planes saludables<\/strong><\/h3>\n<p data-start=\"1115\" data-end=\"1328\">Permite seguir dando sabor a las comidas, pero sin los efectos negativos de la sal tradicional.<br data-start=\"1210\" data-end=\"1213\" \/>Es perfecta para personas que quieren <strong data-start=\"1251\" data-end=\"1288\">cuidar el peso, la salud card\u00edaca<\/strong> o mantener una alimentaci\u00f3n m\u00e1s limpia.<\/p>\n<h3 data-start=\"1330\" data-end=\"1370\"><strong data-start=\"1334\" data-end=\"1368\">5. Menos riesgo cardiovascular<\/strong><\/h3>\n<p data-start=\"1371\" data-end=\"1494\">Consumir menos sodio se relaciona con una mejor salud a largo plazo: <strong data-start=\"1440\" data-end=\"1493\">menos riesgo de ACV, infartos y problemas renales<\/strong>.<\/p>\n<h3 data-start=\"1496\" data-end=\"1535\"><strong data-start=\"1500\" data-end=\"1533\">6. Mismo sabor, menos impacto<\/strong><\/h3>\n<p data-start=\"1536\" data-end=\"1650\">La mayor\u00eda de las versiones mantienen un sabor muy parecido al de la sal com\u00fan, por lo que la adaptaci\u00f3n es f\u00e1cil.<\/p>\n<p data-start=\"1536\" data-end=\"1650\"><img decoding=\"async\" class=\"alignnone size-full wp-image-16259\" src=\"https:\/\/www.demusculos.com\/web\/wp-content\/uploads\/2025\/11\/sal-diet-carnes-rojas-sin-sodio-70-grs-dicomere-03.webp\" alt=\"Sal Diet - Carnes Rojas - Sal sin sodio x70 grs\" width=\"1024\" height=\"1024\" srcset=\"https:\/\/www.demusculos.com\/web\/wp-content\/uploads\/2025\/11\/sal-diet-carnes-rojas-sin-sodio-70-grs-dicomere-03.webp 1024w, https:\/\/www.demusculos.com\/web\/wp-content\/uploads\/2025\/11\/sal-diet-carnes-rojas-sin-sodio-70-grs-dicomere-03-300x300.webp 300w, https:\/\/www.demusculos.com\/web\/wp-content\/uploads\/2025\/11\/sal-diet-carnes-rojas-sin-sodio-70-grs-dicomere-03-150x150.webp 150w, https:\/\/www.demusculos.com\/web\/wp-content\/uploads\/2025\/11\/sal-diet-carnes-rojas-sin-sodio-70-grs-dicomere-03-768x768.webp 768w, https:\/\/www.demusculos.com\/web\/wp-content\/uploads\/2025\/11\/sal-diet-carnes-rojas-sin-sodio-70-grs-dicomere-03-990x990.webp 990w, https:\/\/www.demusculos.com\/web\/wp-content\/uploads\/2025\/11\/sal-diet-carnes-rojas-sin-sodio-70-grs-dicomere-03-441x441.webp 441w, https:\/\/www.demusculos.com\/web\/wp-content\/uploads\/2025\/11\/sal-diet-carnes-rojas-sin-sodio-70-grs-dicomere-03-100x100.webp 100w, https:\/\/www.demusculos.com\/web\/wp-content\/uploads\/2025\/11\/sal-diet-carnes-rojas-sin-sodio-70-grs-dicomere-03-800x800.webp 800w\" sizes=\"(max-width: 1024px) 100vw, 1024px\" \/><\/p>\n","protected":false},"excerpt":{"rendered":"<p>Beneficios de consumir sal con bajo contenido de sodio La sal reducida en sodio es una alternativa m\u00e1s saludable a la sal com\u00fan porque reemplaza parte del sodio por potasio u otros minerales. Esto trae varios beneficios importantes para la salud, sobre todo para quienes quieren cuidar la presi\u00f3n o retener menos l\u00edquidos. 1. Ayuda [&hellip;]<\/p>\n","protected":false},"featured_media":16190,"comment_status":"open","ping_status":"closed","template":"","meta":[],"product_brand":[352],"product_cat":[351],"product_tag":[353],"class_list":{"0":"post-16189","1":"product","2":"type-product","3":"status-publish","4":"has-post-thumbnail","6":"product_brand-dicomere","7":"product_cat-supermercado","8":"product_tag-dicomere","10":"first","11":"instock","12":"sale","13":"shipping-taxable","14":"purchasable","15":"product-type-simple"},"yoast_head":"<!-- This site is optimized with the Yoast SEO plugin v27.4 - https:\/\/yoast.com\/product\/yoast-seo-wordpress\/ -->\n<title>Sal Diet | Sal sin sodio | 70 grs | Dicomere | Supermercado<\/title>\n<meta name=\"robots\" content=\"index, follow, max-snippet:-1, max-image-preview:large, max-video-preview:-1\" \/>\n<link rel=\"canonical\" href=\"https:\/\/www.demusculos.com\/web\/producto\/sal-diet-sin-sodio-x-carnes-rojas\/\" \/>\n<meta property=\"og:locale\" content=\"es_ES\" \/>\n<meta property=\"og:type\" content=\"article\" \/>\n<meta property=\"og:title\" content=\"Sal Diet | Sal sin sodio | 70 grs | Dicomere | Supermercado\" \/>\n<meta property=\"og:description\" content=\"Beneficios de consumir sal con bajo contenido de sodio La sal reducida en sodio es una alternativa m\u00e1s saludable a la sal com\u00fan porque reemplaza parte del sodio por potasio u otros minerales. Esto trae varios beneficios importantes para la salud, sobre todo para quienes quieren cuidar la presi\u00f3n o retener menos l\u00edquidos. 1. Ayuda [&hellip;]\" \/>\n<meta property=\"og:url\" content=\"https:\/\/www.demusculos.com\/web\/producto\/sal-diet-sin-sodio-x-carnes-rojas\/\" \/>\n<meta property=\"og:site_name\" content=\"DeMusculos\" \/>\n<meta property=\"article:publisher\" content=\"https:\/\/www.facebook.com\/demusculos\" \/>\n<meta property=\"article:modified_time\" content=\"2026-03-12T15:38:51+00:00\" \/>\n<meta property=\"og:image\" content=\"https:\/\/www.demusculos.com\/web\/wp-content\/uploads\/2025\/11\/sal-diet-carnes-rojas-sin-sodio-70-grs-dicomere.webp\" \/>\n\t<meta property=\"og:image:width\" content=\"1200\" \/>\n\t<meta property=\"og:image:height\" content=\"1200\" \/>\n\t<meta property=\"og:image:type\" content=\"image\/webp\" \/>\n<meta name=\"twitter:card\" content=\"summary_large_image\" \/>\n<meta name=\"twitter:site\" content=\"@demusculos\" \/>\n<meta name=\"twitter:label1\" content=\"Tiempo de lectura\" \/>\n\t<meta name=\"twitter:data1\" content=\"2 minutos\" \/>\n<script type=\"application\/ld+json\" class=\"yoast-schema-graph\">{\"@context\":\"https:\\\/\\\/schema.org\",\"@graph\":[{\"@type\":\"WebPage\",\"@id\":\"https:\\\/\\\/www.demusculos.com\\\/web\\\/producto\\\/sal-diet-sin-sodio-x-carnes-rojas\\\/\",\"url\":\"https:\\\/\\\/www.demusculos.com\\\/web\\\/producto\\\/sal-diet-sin-sodio-x-carnes-rojas\\\/\",\"name\":\"Sal Diet | Sal sin sodio | 70 grs | Dicomere | Supermercado\",\"isPartOf\":{\"@id\":\"https:\\\/\\\/www.demusculos.com\\\/web\\\/#website\"},\"primaryImageOfPage\":{\"@id\":\"https:\\\/\\\/www.demusculos.com\\\/web\\\/producto\\\/sal-diet-sin-sodio-x-carnes-rojas\\\/#primaryimage\"},\"image\":{\"@id\":\"https:\\\/\\\/www.demusculos.com\\\/web\\\/producto\\\/sal-diet-sin-sodio-x-carnes-rojas\\\/#primaryimage\"},\"thumbnailUrl\":\"https:\\\/\\\/www.demusculos.com\\\/web\\\/wp-content\\\/uploads\\\/2025\\\/11\\\/sal-diet-carnes-rojas-sin-sodio-70-grs-dicomere.webp\",\"datePublished\":\"2025-11-27T18:22:04+00:00\",\"dateModified\":\"2026-03-12T15:38:51+00:00\",\"breadcrumb\":{\"@id\":\"https:\\\/\\\/www.demusculos.com\\\/web\\\/producto\\\/sal-diet-sin-sodio-x-carnes-rojas\\\/#breadcrumb\"},\"inLanguage\":\"es\",\"potentialAction\":[{\"@type\":\"ReadAction\",\"target\":[\"https:\\\/\\\/www.demusculos.com\\\/web\\\/producto\\\/sal-diet-sin-sodio-x-carnes-rojas\\\/\"]}]},{\"@type\":\"ImageObject\",\"inLanguage\":\"es\",\"@id\":\"https:\\\/\\\/www.demusculos.com\\\/web\\\/producto\\\/sal-diet-sin-sodio-x-carnes-rojas\\\/#primaryimage\",\"url\":\"https:\\\/\\\/www.demusculos.com\\\/web\\\/wp-content\\\/uploads\\\/2025\\\/11\\\/sal-diet-carnes-rojas-sin-sodio-70-grs-dicomere.webp\",\"contentUrl\":\"https:\\\/\\\/www.demusculos.com\\\/web\\\/wp-content\\\/uploads\\\/2025\\\/11\\\/sal-diet-carnes-rojas-sin-sodio-70-grs-dicomere.webp\",\"width\":1200,\"height\":1200,\"caption\":\"Sal Diet - Carnes Rojas - Sal sin sodio x70 grs\"},{\"@type\":\"BreadcrumbList\",\"@id\":\"https:\\\/\\\/www.demusculos.com\\\/web\\\/producto\\\/sal-diet-sin-sodio-x-carnes-rojas\\\/#breadcrumb\",\"itemListElement\":[{\"@type\":\"ListItem\",\"position\":1,\"name\":\"Inicio\",\"item\":\"https:\\\/\\\/www.demusculos.com\\\/web\\\/\"},{\"@type\":\"ListItem\",\"position\":2,\"name\":\"Suplementos\",\"item\":\"https:\\\/\\\/www.demusculos.com\\\/web\\\/tienda\\\/\"},{\"@type\":\"ListItem\",\"position\":3,\"name\":\"Sal Diet Baja en Sodio Carnes Rojas x 70g &#8211; Dicomere\"}]},{\"@type\":\"WebSite\",\"@id\":\"https:\\\/\\\/www.demusculos.com\\\/web\\\/#website\",\"url\":\"https:\\\/\\\/www.demusculos.com\\\/web\\\/\",\"name\":\"DeMusculos.com\",\"description\":\"Suplementos Naturales\",\"publisher\":{\"@id\":\"https:\\\/\\\/www.demusculos.com\\\/web\\\/#organization\"},\"alternateName\":\"Suplementos Naturales\",\"potentialAction\":[{\"@type\":\"SearchAction\",\"target\":{\"@type\":\"EntryPoint\",\"urlTemplate\":\"https:\\\/\\\/www.demusculos.com\\\/web\\\/?s={search_term_string}\"},\"query-input\":{\"@type\":\"PropertyValueSpecification\",\"valueRequired\":true,\"valueName\":\"search_term_string\"}}],\"inLanguage\":\"es\"},{\"@type\":\"Organization\",\"@id\":\"https:\\\/\\\/www.demusculos.com\\\/web\\\/#organization\",\"name\":\"DeMusculos.com\",\"alternateName\":\"DeMusculos\",\"url\":\"https:\\\/\\\/www.demusculos.com\\\/web\\\/\",\"logo\":{\"@type\":\"ImageObject\",\"inLanguage\":\"es\",\"@id\":\"https:\\\/\\\/www.demusculos.com\\\/web\\\/#\\\/schema\\\/logo\\\/image\\\/\",\"url\":\"https:\\\/\\\/www.demusculos.com\\\/web\\\/wp-content\\\/uploads\\\/2024\\\/02\\\/logo-demusculos-prestashop-usuario.png\",\"contentUrl\":\"https:\\\/\\\/www.demusculos.com\\\/web\\\/wp-content\\\/uploads\\\/2024\\\/02\\\/logo-demusculos-prestashop-usuario.png\",\"width\":150,\"height\":150,\"caption\":\"DeMusculos.com\"},\"image\":{\"@id\":\"https:\\\/\\\/www.demusculos.com\\\/web\\\/#\\\/schema\\\/logo\\\/image\\\/\"},\"sameAs\":[\"https:\\\/\\\/www.facebook.com\\\/demusculos\",\"https:\\\/\\\/x.com\\\/demusculos\",\"https:\\\/\\\/www.instagram.com\\\/demusculos\",\"https:\\\/\\\/www.tiktok.com\\\/@demusculos.com\"]}]}<\/script>\n<!-- \/ Yoast SEO plugin. -->","yoast_head_json":{"title":"Sal Diet | Sal sin sodio | 70 grs | Dicomere | Supermercado","robots":{"index":"index","follow":"follow","max-snippet":"max-snippet:-1","max-image-preview":"max-image-preview:large","max-video-preview":"max-video-preview:-1"},"canonical":"https:\/\/www.demusculos.com\/web\/producto\/sal-diet-sin-sodio-x-carnes-rojas\/","og_locale":"es_ES","og_type":"article","og_title":"Sal Diet | Sal sin sodio | 70 grs | Dicomere | Supermercado","og_description":"Beneficios de consumir sal con bajo contenido de sodio La sal reducida en sodio es una alternativa m\u00e1s saludable a la sal com\u00fan porque reemplaza parte del sodio por potasio u otros minerales. Esto trae varios beneficios importantes para la salud, sobre todo para quienes quieren cuidar la presi\u00f3n o retener menos l\u00edquidos. 1. Ayuda [&hellip;]","og_url":"https:\/\/www.demusculos.com\/web\/producto\/sal-diet-sin-sodio-x-carnes-rojas\/","og_site_name":"DeMusculos","article_publisher":"https:\/\/www.facebook.com\/demusculos","article_modified_time":"2026-03-12T15:38:51+00:00","og_image":[{"width":1200,"height":1200,"url":"https:\/\/www.demusculos.com\/web\/wp-content\/uploads\/2025\/11\/sal-diet-carnes-rojas-sin-sodio-70-grs-dicomere.webp","type":"image\/webp"}],"twitter_card":"summary_large_image","twitter_site":"@demusculos","twitter_misc":{"Tiempo de lectura":"2 minutos"},"schema":{"@context":"https:\/\/schema.org","@graph":[{"@type":"WebPage","@id":"https:\/\/www.demusculos.com\/web\/producto\/sal-diet-sin-sodio-x-carnes-rojas\/","url":"https:\/\/www.demusculos.com\/web\/producto\/sal-diet-sin-sodio-x-carnes-rojas\/","name":"Sal Diet | Sal sin sodio | 70 grs | Dicomere | Supermercado","isPartOf":{"@id":"https:\/\/www.demusculos.com\/web\/#website"},"primaryImageOfPage":{"@id":"https:\/\/www.demusculos.com\/web\/producto\/sal-diet-sin-sodio-x-carnes-rojas\/#primaryimage"},"image":{"@id":"https:\/\/www.demusculos.com\/web\/producto\/sal-diet-sin-sodio-x-carnes-rojas\/#primaryimage"},"thumbnailUrl":"https:\/\/www.demusculos.com\/web\/wp-content\/uploads\/2025\/11\/sal-diet-carnes-rojas-sin-sodio-70-grs-dicomere.webp","datePublished":"2025-11-27T18:22:04+00:00","dateModified":"2026-03-12T15:38:51+00:00","breadcrumb":{"@id":"https:\/\/www.demusculos.com\/web\/producto\/sal-diet-sin-sodio-x-carnes-rojas\/#breadcrumb"},"inLanguage":"es","potentialAction":[{"@type":"ReadAction","target":["https:\/\/www.demusculos.com\/web\/producto\/sal-diet-sin-sodio-x-carnes-rojas\/"]}]},{"@type":"ImageObject","inLanguage":"es","@id":"https:\/\/www.demusculos.com\/web\/producto\/sal-diet-sin-sodio-x-carnes-rojas\/#primaryimage","url":"https:\/\/www.demusculos.com\/web\/wp-content\/uploads\/2025\/11\/sal-diet-carnes-rojas-sin-sodio-70-grs-dicomere.webp","contentUrl":"https:\/\/www.demusculos.com\/web\/wp-content\/uploads\/2025\/11\/sal-diet-carnes-rojas-sin-sodio-70-grs-dicomere.webp","width":1200,"height":1200,"caption":"Sal Diet - Carnes Rojas - Sal sin sodio x70 grs"},{"@type":"BreadcrumbList","@id":"https:\/\/www.demusculos.com\/web\/producto\/sal-diet-sin-sodio-x-carnes-rojas\/#breadcrumb","itemListElement":[{"@type":"ListItem","position":1,"name":"Inicio","item":"https:\/\/www.demusculos.com\/web\/"},{"@type":"ListItem","position":2,"name":"Suplementos","item":"https:\/\/www.demusculos.com\/web\/tienda\/"},{"@type":"ListItem","position":3,"name":"Sal Diet Baja en Sodio Carnes Rojas x 70g &#8211; Dicomere"}]},{"@type":"WebSite","@id":"https:\/\/www.demusculos.com\/web\/#website","url":"https:\/\/www.demusculos.com\/web\/","name":"DeMusculos.com","description":"Suplementos Naturales","publisher":{"@id":"https:\/\/www.demusculos.com\/web\/#organization"},"alternateName":"Suplementos Naturales","potentialAction":[{"@type":"SearchAction","target":{"@type":"EntryPoint","urlTemplate":"https:\/\/www.demusculos.com\/web\/?s={search_term_string}"},"query-input":{"@type":"PropertyValueSpecification","valueRequired":true,"valueName":"search_term_string"}}],"inLanguage":"es"},{"@type":"Organization","@id":"https:\/\/www.demusculos.com\/web\/#organization","name":"DeMusculos.com","alternateName":"DeMusculos","url":"https:\/\/www.demusculos.com\/web\/","logo":{"@type":"ImageObject","inLanguage":"es","@id":"https:\/\/www.demusculos.com\/web\/#\/schema\/logo\/image\/","url":"https:\/\/www.demusculos.com\/web\/wp-content\/uploads\/2024\/02\/logo-demusculos-prestashop-usuario.png","contentUrl":"https:\/\/www.demusculos.com\/web\/wp-content\/uploads\/2024\/02\/logo-demusculos-prestashop-usuario.png","width":150,"height":150,"caption":"DeMusculos.com"},"image":{"@id":"https:\/\/www.demusculos.com\/web\/#\/schema\/logo\/image\/"},"sameAs":["https:\/\/www.facebook.com\/demusculos","https:\/\/x.com\/demusculos","https:\/\/www.instagram.com\/demusculos","https:\/\/www.tiktok.com\/@demusculos.com"]}]}},"_links":{"self":[{"href":"https:\/\/www.demusculos.com\/web\/wp-json\/wp\/v2\/product\/16189","targetHints":{"allow":["GET"]}}],"collection":[{"href":"https:\/\/www.demusculos.com\/web\/wp-json\/wp\/v2\/product"}],"about":[{"href":"https:\/\/www.demusculos.com\/web\/wp-json\/wp\/v2\/types\/product"}],"replies":[{"embeddable":true,"href":"https:\/\/www.demusculos.com\/web\/wp-json\/wp\/v2\/comments?post=16189"}],"wp:featuredmedia":[{"embeddable":true,"href":"https:\/\/www.demusculos.com\/web\/wp-json\/wp\/v2\/media\/16190"}],"wp:attachment":[{"href":"https:\/\/www.demusculos.com\/web\/wp-json\/wp\/v2\/media?parent=16189"}],"wp:term":[{"taxonomy":"product_brand","embeddable":true,"href":"https:\/\/www.demusculos.com\/web\/wp-json\/wp\/v2\/product_brand?post=16189"},{"taxonomy":"product_cat","embeddable":true,"href":"https:\/\/www.demusculos.com\/web\/wp-json\/wp\/v2\/product_cat?post=16189"},{"taxonomy":"product_tag","embeddable":true,"href":"https:\/\/www.demusculos.com\/web\/wp-json\/wp\/v2\/product_tag?post=16189"}],"curies":[{"name":"wp","href":"https:\/\/api.w.org\/{rel}","templated":true}]}}