{"id":16559,"date":"2025-12-02T09:35:43","date_gmt":"2025-12-02T12:35:43","guid":{"rendered":"https:\/\/www.demusculos.com\/web\/?post_type=product&#038;p=16559"},"modified":"2026-04-23T22:30:59","modified_gmt":"2026-04-24T01:30:59","slug":"gelatina-sin-sabor","status":"publish","type":"product","link":"https:\/\/www.demusculos.com\/web\/producto\/gelatina-sin-sabor\/","title":{"rendered":"Gelatina sin Sabor x 1k &#8211; Dicomere"},"content":{"rendered":"<p data-start=\"295\" data-end=\"646\">La <strong data-start=\"298\" data-end=\"334\">Gelatina sin Sabor Dicomere 1 kg<\/strong> es un producto indispensable para quienes aman cocinar, tanto en la cocina cotidiana como en preparaciones m\u00e1s elaboradas. Su f\u00f3rmula pura, sin colorantes ni saborizantes, permite usarla en una enorme variedad de recetas, aportando textura, firmeza y consistencia sin alterar el gusto original de los alimentos.<\/p>\n<p data-start=\"648\" data-end=\"959\">Es ideal para postres, mousses, cheesecakes, gelatinas caseras, flanes, cremas, salsas espesas, platos gourmet y preparaciones saladas donde se necesita dar cuerpo o estabilidad. Adem\u00e1s, es altamente rendidora y se disuelve f\u00e1cilmente, lo que facilita su uso incluso para personas sin experiencia en reposter\u00eda.<\/p>\n<p data-start=\"961\" data-end=\"1146\">La gelatina tambi\u00e9n es conocida por su aporte natural de col\u00e1geno, ayudando a fortalecer u\u00f1as, piel, cabello y articulaciones, lo que la vuelve una opci\u00f3n funcional adem\u00e1s de culinaria.<\/p>\n<p data-start=\"1148\" data-end=\"1231\">Un producto noble, rendidor y fundamental en cualquier cocina profesional o casera.<\/p>\n<p data-start=\"1148\" data-end=\"1231\"><img fetchpriority=\"high\" decoding=\"async\" class=\"alignnone size-full wp-image-16563\" src=\"https:\/\/www.demusculos.com\/web\/wp-content\/uploads\/2025\/12\/Gelatina-sin-Sabor-x-1k-Dicomere-3.webp\" alt=\"Gelatina Sin Sabor Dicomere\" width=\"1024\" height=\"1024\" srcset=\"https:\/\/www.demusculos.com\/web\/wp-content\/uploads\/2025\/12\/Gelatina-sin-Sabor-x-1k-Dicomere-3.webp 1024w, https:\/\/www.demusculos.com\/web\/wp-content\/uploads\/2025\/12\/Gelatina-sin-Sabor-x-1k-Dicomere-3-300x300.webp 300w, https:\/\/www.demusculos.com\/web\/wp-content\/uploads\/2025\/12\/Gelatina-sin-Sabor-x-1k-Dicomere-3-150x150.webp 150w, https:\/\/www.demusculos.com\/web\/wp-content\/uploads\/2025\/12\/Gelatina-sin-Sabor-x-1k-Dicomere-3-768x768.webp 768w, https:\/\/www.demusculos.com\/web\/wp-content\/uploads\/2025\/12\/Gelatina-sin-Sabor-x-1k-Dicomere-3-990x990.webp 990w, https:\/\/www.demusculos.com\/web\/wp-content\/uploads\/2025\/12\/Gelatina-sin-Sabor-x-1k-Dicomere-3-441x441.webp 441w, https:\/\/www.demusculos.com\/web\/wp-content\/uploads\/2025\/12\/Gelatina-sin-Sabor-x-1k-Dicomere-3-100x100.webp 100w, https:\/\/www.demusculos.com\/web\/wp-content\/uploads\/2025\/12\/Gelatina-sin-Sabor-x-1k-Dicomere-3-800x800.webp 800w\" sizes=\"(max-width: 1024px) 100vw, 1024px\" \/><\/p>\n","protected":false},"excerpt":{"rendered":"<p>La Gelatina sin Sabor Dicomere 1 kg es un producto vers\u00e1til que aporta textura y firmeza a postres, salsas y preparaciones dulces o saladas sin alterar el sabor. Pr\u00e1ctica, rendidora y f\u00e1cil de usar, es ideal para cocina diaria y recetas gourmet.<\/p>\n","protected":false},"featured_media":16560,"comment_status":"open","ping_status":"closed","template":"","meta":[],"product_brand":[352],"product_cat":[351],"product_tag":[353,414],"class_list":{"0":"post-16559","1":"product","2":"type-product","3":"status-publish","4":"has-post-thumbnail","6":"product_brand-dicomere","7":"product_cat-supermercado","8":"product_tag-dicomere","9":"product_tag-gelatina","11":"first","12":"instock","13":"sale","14":"shipping-taxable","15":"purchasable","16":"product-type-simple"},"yoast_head":"<!-- This site is optimized with the Yoast SEO plugin v27.5 - https:\/\/yoast.com\/product\/yoast-seo-wordpress\/ -->\n<title>Gelatina sin Sabor x 1k - Dicomere | DeMusculos<\/title>\n<meta name=\"description\" content=\"Gelatina sin sabor Dicomere 1 kg: vers\u00e1til, rendidora y perfecta para postres, salsas y recetas dulces o saladas. Aporta textura sin alterar el sabor.\" \/>\n<meta name=\"robots\" content=\"index, follow, max-snippet:-1, max-image-preview:large, max-video-preview:-1\" \/>\n<link rel=\"canonical\" href=\"https:\/\/www.demusculos.com\/web\/producto\/gelatina-sin-sabor\/\" \/>\n<meta property=\"og:locale\" content=\"es_ES\" \/>\n<meta property=\"og:type\" content=\"article\" \/>\n<meta property=\"og:title\" content=\"Gelatina sin Sabor x 1k - Dicomere | DeMusculos\" \/>\n<meta property=\"og:description\" content=\"Gelatina sin sabor Dicomere 1 kg: vers\u00e1til, rendidora y perfecta para postres, salsas y recetas dulces o saladas. Aporta textura sin alterar el sabor.\" \/>\n<meta property=\"og:url\" content=\"https:\/\/www.demusculos.com\/web\/producto\/gelatina-sin-sabor\/\" \/>\n<meta property=\"og:site_name\" content=\"DeMusculos\" \/>\n<meta property=\"article:publisher\" content=\"https:\/\/www.facebook.com\/demusculos\" \/>\n<meta property=\"article:modified_time\" content=\"2026-04-24T01:30:59+00:00\" \/>\n<meta property=\"og:image\" content=\"https:\/\/www.demusculos.com\/web\/wp-content\/uploads\/2025\/12\/Gelatina-sin-Sabor-x-1k-Dicomere.webp\" \/>\n\t<meta property=\"og:image:width\" content=\"1200\" \/>\n\t<meta property=\"og:image:height\" content=\"1200\" \/>\n\t<meta property=\"og:image:type\" content=\"image\/webp\" \/>\n<meta name=\"twitter:card\" content=\"summary_large_image\" \/>\n<meta name=\"twitter:site\" content=\"@demusculos\" \/>\n<meta name=\"twitter:label1\" content=\"Tiempo de lectura\" \/>\n\t<meta name=\"twitter:data1\" content=\"2 minutos\" \/>\n<script type=\"application\/ld+json\" class=\"yoast-schema-graph\">{\"@context\":\"https:\\\/\\\/schema.org\",\"@graph\":[{\"@type\":\"WebPage\",\"@id\":\"https:\\\/\\\/www.demusculos.com\\\/web\\\/producto\\\/gelatina-sin-sabor\\\/\",\"url\":\"https:\\\/\\\/www.demusculos.com\\\/web\\\/producto\\\/gelatina-sin-sabor\\\/\",\"name\":\"Gelatina sin Sabor x 1k - Dicomere | DeMusculos\",\"isPartOf\":{\"@id\":\"https:\\\/\\\/www.demusculos.com\\\/web\\\/#website\"},\"primaryImageOfPage\":{\"@id\":\"https:\\\/\\\/www.demusculos.com\\\/web\\\/producto\\\/gelatina-sin-sabor\\\/#primaryimage\"},\"image\":{\"@id\":\"https:\\\/\\\/www.demusculos.com\\\/web\\\/producto\\\/gelatina-sin-sabor\\\/#primaryimage\"},\"thumbnailUrl\":\"https:\\\/\\\/www.demusculos.com\\\/web\\\/wp-content\\\/uploads\\\/2025\\\/12\\\/Gelatina-sin-Sabor-x-1k-Dicomere.webp\",\"datePublished\":\"2025-12-02T12:35:43+00:00\",\"dateModified\":\"2026-04-24T01:30:59+00:00\",\"description\":\"Gelatina sin sabor Dicomere 1 kg: vers\u00e1til, rendidora y perfecta para postres, salsas y recetas dulces o saladas. Aporta textura sin alterar el sabor.\",\"breadcrumb\":{\"@id\":\"https:\\\/\\\/www.demusculos.com\\\/web\\\/producto\\\/gelatina-sin-sabor\\\/#breadcrumb\"},\"inLanguage\":\"es\",\"potentialAction\":[{\"@type\":\"ReadAction\",\"target\":[\"https:\\\/\\\/www.demusculos.com\\\/web\\\/producto\\\/gelatina-sin-sabor\\\/\"]}]},{\"@type\":\"ImageObject\",\"inLanguage\":\"es\",\"@id\":\"https:\\\/\\\/www.demusculos.com\\\/web\\\/producto\\\/gelatina-sin-sabor\\\/#primaryimage\",\"url\":\"https:\\\/\\\/www.demusculos.com\\\/web\\\/wp-content\\\/uploads\\\/2025\\\/12\\\/Gelatina-sin-Sabor-x-1k-Dicomere.webp\",\"contentUrl\":\"https:\\\/\\\/www.demusculos.com\\\/web\\\/wp-content\\\/uploads\\\/2025\\\/12\\\/Gelatina-sin-Sabor-x-1k-Dicomere.webp\",\"width\":1200,\"height\":1200,\"caption\":\"Gelatina Sin Sabor Dicomere\"},{\"@type\":\"BreadcrumbList\",\"@id\":\"https:\\\/\\\/www.demusculos.com\\\/web\\\/producto\\\/gelatina-sin-sabor\\\/#breadcrumb\",\"itemListElement\":[{\"@type\":\"ListItem\",\"position\":1,\"name\":\"Inicio\",\"item\":\"https:\\\/\\\/www.demusculos.com\\\/web\\\/\"},{\"@type\":\"ListItem\",\"position\":2,\"name\":\"Suplementos\",\"item\":\"https:\\\/\\\/www.demusculos.com\\\/web\\\/tienda\\\/\"},{\"@type\":\"ListItem\",\"position\":3,\"name\":\"Gelatina sin Sabor x 1k &#8211; Dicomere\"}]},{\"@type\":\"WebSite\",\"@id\":\"https:\\\/\\\/www.demusculos.com\\\/web\\\/#website\",\"url\":\"https:\\\/\\\/www.demusculos.com\\\/web\\\/\",\"name\":\"DeMusculos.com\",\"description\":\"Suplementos Naturales\",\"publisher\":{\"@id\":\"https:\\\/\\\/www.demusculos.com\\\/web\\\/#organization\"},\"alternateName\":\"Suplementos Naturales\",\"potentialAction\":[{\"@type\":\"SearchAction\",\"target\":{\"@type\":\"EntryPoint\",\"urlTemplate\":\"https:\\\/\\\/www.demusculos.com\\\/web\\\/?s={search_term_string}\"},\"query-input\":{\"@type\":\"PropertyValueSpecification\",\"valueRequired\":true,\"valueName\":\"search_term_string\"}}],\"inLanguage\":\"es\"},{\"@type\":\"Organization\",\"@id\":\"https:\\\/\\\/www.demusculos.com\\\/web\\\/#organization\",\"name\":\"DeMusculos.com\",\"alternateName\":\"DeMusculos\",\"url\":\"https:\\\/\\\/www.demusculos.com\\\/web\\\/\",\"logo\":{\"@type\":\"ImageObject\",\"inLanguage\":\"es\",\"@id\":\"https:\\\/\\\/www.demusculos.com\\\/web\\\/#\\\/schema\\\/logo\\\/image\\\/\",\"url\":\"https:\\\/\\\/www.demusculos.com\\\/web\\\/wp-content\\\/uploads\\\/2024\\\/02\\\/logo-demusculos-prestashop-usuario.png\",\"contentUrl\":\"https:\\\/\\\/www.demusculos.com\\\/web\\\/wp-content\\\/uploads\\\/2024\\\/02\\\/logo-demusculos-prestashop-usuario.png\",\"width\":150,\"height\":150,\"caption\":\"DeMusculos.com\"},\"image\":{\"@id\":\"https:\\\/\\\/www.demusculos.com\\\/web\\\/#\\\/schema\\\/logo\\\/image\\\/\"},\"sameAs\":[\"https:\\\/\\\/www.facebook.com\\\/demusculos\",\"https:\\\/\\\/x.com\\\/demusculos\",\"https:\\\/\\\/www.instagram.com\\\/demusculos\",\"https:\\\/\\\/www.tiktok.com\\\/@demusculos.com\"]}]}<\/script>\n<!-- \/ Yoast SEO plugin. -->","yoast_head_json":{"title":"Gelatina sin Sabor x 1k - Dicomere | DeMusculos","description":"Gelatina sin sabor Dicomere 1 kg: vers\u00e1til, rendidora y perfecta para postres, salsas y recetas dulces o saladas. Aporta textura sin alterar el sabor.","robots":{"index":"index","follow":"follow","max-snippet":"max-snippet:-1","max-image-preview":"max-image-preview:large","max-video-preview":"max-video-preview:-1"},"canonical":"https:\/\/www.demusculos.com\/web\/producto\/gelatina-sin-sabor\/","og_locale":"es_ES","og_type":"article","og_title":"Gelatina sin Sabor x 1k - Dicomere | DeMusculos","og_description":"Gelatina sin sabor Dicomere 1 kg: vers\u00e1til, rendidora y perfecta para postres, salsas y recetas dulces o saladas. Aporta textura sin alterar el sabor.","og_url":"https:\/\/www.demusculos.com\/web\/producto\/gelatina-sin-sabor\/","og_site_name":"DeMusculos","article_publisher":"https:\/\/www.facebook.com\/demusculos","article_modified_time":"2026-04-24T01:30:59+00:00","og_image":[{"width":1200,"height":1200,"url":"https:\/\/www.demusculos.com\/web\/wp-content\/uploads\/2025\/12\/Gelatina-sin-Sabor-x-1k-Dicomere.webp","type":"image\/webp"}],"twitter_card":"summary_large_image","twitter_site":"@demusculos","twitter_misc":{"Tiempo de lectura":"2 minutos"},"schema":{"@context":"https:\/\/schema.org","@graph":[{"@type":"WebPage","@id":"https:\/\/www.demusculos.com\/web\/producto\/gelatina-sin-sabor\/","url":"https:\/\/www.demusculos.com\/web\/producto\/gelatina-sin-sabor\/","name":"Gelatina sin Sabor x 1k - Dicomere | DeMusculos","isPartOf":{"@id":"https:\/\/www.demusculos.com\/web\/#website"},"primaryImageOfPage":{"@id":"https:\/\/www.demusculos.com\/web\/producto\/gelatina-sin-sabor\/#primaryimage"},"image":{"@id":"https:\/\/www.demusculos.com\/web\/producto\/gelatina-sin-sabor\/#primaryimage"},"thumbnailUrl":"https:\/\/www.demusculos.com\/web\/wp-content\/uploads\/2025\/12\/Gelatina-sin-Sabor-x-1k-Dicomere.webp","datePublished":"2025-12-02T12:35:43+00:00","dateModified":"2026-04-24T01:30:59+00:00","description":"Gelatina sin sabor Dicomere 1 kg: vers\u00e1til, rendidora y perfecta para postres, salsas y recetas dulces o saladas. Aporta textura sin alterar el sabor.","breadcrumb":{"@id":"https:\/\/www.demusculos.com\/web\/producto\/gelatina-sin-sabor\/#breadcrumb"},"inLanguage":"es","potentialAction":[{"@type":"ReadAction","target":["https:\/\/www.demusculos.com\/web\/producto\/gelatina-sin-sabor\/"]}]},{"@type":"ImageObject","inLanguage":"es","@id":"https:\/\/www.demusculos.com\/web\/producto\/gelatina-sin-sabor\/#primaryimage","url":"https:\/\/www.demusculos.com\/web\/wp-content\/uploads\/2025\/12\/Gelatina-sin-Sabor-x-1k-Dicomere.webp","contentUrl":"https:\/\/www.demusculos.com\/web\/wp-content\/uploads\/2025\/12\/Gelatina-sin-Sabor-x-1k-Dicomere.webp","width":1200,"height":1200,"caption":"Gelatina Sin Sabor Dicomere"},{"@type":"BreadcrumbList","@id":"https:\/\/www.demusculos.com\/web\/producto\/gelatina-sin-sabor\/#breadcrumb","itemListElement":[{"@type":"ListItem","position":1,"name":"Inicio","item":"https:\/\/www.demusculos.com\/web\/"},{"@type":"ListItem","position":2,"name":"Suplementos","item":"https:\/\/www.demusculos.com\/web\/tienda\/"},{"@type":"ListItem","position":3,"name":"Gelatina sin Sabor x 1k &#8211; Dicomere"}]},{"@type":"WebSite","@id":"https:\/\/www.demusculos.com\/web\/#website","url":"https:\/\/www.demusculos.com\/web\/","name":"DeMusculos.com","description":"Suplementos Naturales","publisher":{"@id":"https:\/\/www.demusculos.com\/web\/#organization"},"alternateName":"Suplementos Naturales","potentialAction":[{"@type":"SearchAction","target":{"@type":"EntryPoint","urlTemplate":"https:\/\/www.demusculos.com\/web\/?s={search_term_string}"},"query-input":{"@type":"PropertyValueSpecification","valueRequired":true,"valueName":"search_term_string"}}],"inLanguage":"es"},{"@type":"Organization","@id":"https:\/\/www.demusculos.com\/web\/#organization","name":"DeMusculos.com","alternateName":"DeMusculos","url":"https:\/\/www.demusculos.com\/web\/","logo":{"@type":"ImageObject","inLanguage":"es","@id":"https:\/\/www.demusculos.com\/web\/#\/schema\/logo\/image\/","url":"https:\/\/www.demusculos.com\/web\/wp-content\/uploads\/2024\/02\/logo-demusculos-prestashop-usuario.png","contentUrl":"https:\/\/www.demusculos.com\/web\/wp-content\/uploads\/2024\/02\/logo-demusculos-prestashop-usuario.png","width":150,"height":150,"caption":"DeMusculos.com"},"image":{"@id":"https:\/\/www.demusculos.com\/web\/#\/schema\/logo\/image\/"},"sameAs":["https:\/\/www.facebook.com\/demusculos","https:\/\/x.com\/demusculos","https:\/\/www.instagram.com\/demusculos","https:\/\/www.tiktok.com\/@demusculos.com"]}]}},"_links":{"self":[{"href":"https:\/\/www.demusculos.com\/web\/wp-json\/wp\/v2\/product\/16559","targetHints":{"allow":["GET"]}}],"collection":[{"href":"https:\/\/www.demusculos.com\/web\/wp-json\/wp\/v2\/product"}],"about":[{"href":"https:\/\/www.demusculos.com\/web\/wp-json\/wp\/v2\/types\/product"}],"replies":[{"embeddable":true,"href":"https:\/\/www.demusculos.com\/web\/wp-json\/wp\/v2\/comments?post=16559"}],"wp:featuredmedia":[{"embeddable":true,"href":"https:\/\/www.demusculos.com\/web\/wp-json\/wp\/v2\/media\/16560"}],"wp:attachment":[{"href":"https:\/\/www.demusculos.com\/web\/wp-json\/wp\/v2\/media?parent=16559"}],"wp:term":[{"taxonomy":"product_brand","embeddable":true,"href":"https:\/\/www.demusculos.com\/web\/wp-json\/wp\/v2\/product_brand?post=16559"},{"taxonomy":"product_cat","embeddable":true,"href":"https:\/\/www.demusculos.com\/web\/wp-json\/wp\/v2\/product_cat?post=16559"},{"taxonomy":"product_tag","embeddable":true,"href":"https:\/\/www.demusculos.com\/web\/wp-json\/wp\/v2\/product_tag?post=16559"}],"curies":[{"name":"wp","href":"https:\/\/api.w.org\/{rel}","templated":true}]}}