{"id":1663,"date":"2024-03-04T20:54:24","date_gmt":"2024-03-04T23:54:24","guid":{"rendered":"https:\/\/www.demusculos.com\/web\/?post_type=product&#038;p=1663"},"modified":"2026-03-04T13:22:37","modified_gmt":"2026-03-04T16:22:37","slug":"gainer-plus-1-5-de-pulver-ganador-de-masa-muscular","status":"publish","type":"product","link":"https:\/\/www.demusculos.com\/web\/producto\/gainer-plus-1-5-de-pulver-ganador-de-masa-muscular\/","title":{"rendered":"Gainer Plus 1.5 de Pulver Ganador de masa muscular"},"content":{"rendered":"<h2>Ovoalbumen Gainer Plus Pulver de 1.5 kg<\/h2>\n<p>Gainer Plus Pulver x 1.5 kg es la combinaci\u00f3n perfecta de prote\u00edna de huevo, carbohidratos y amino\u00e1cidos. Ideal para los que buscan aumento de masa muscular, recuperaci\u00f3n y rendimiento.<\/p>\n<figure id=\"attachment_182\" aria-describedby=\"caption-attachment-182\" style=\"width: 446px\" class=\"wp-caption alignnone\"><img decoding=\"async\" class=\"size-full wp-image-182\" src=\"https:\/\/www.demusculos.com\/web\/wp-content\/uploads\/2024\/02\/logo-pulver.png\" alt=\"Productos naturales y deporitvos de la marca Pulver. Todos los suplementos son sin Tacc aptos para celiacos.\" width=\"446\" height=\"103\" srcset=\"https:\/\/www.demusculos.com\/web\/wp-content\/uploads\/2024\/02\/logo-pulver.png 446w, https:\/\/www.demusculos.com\/web\/wp-content\/uploads\/2024\/02\/logo-pulver-300x69.png 300w, https:\/\/www.demusculos.com\/web\/wp-content\/uploads\/2024\/02\/logo-pulver-150x35.png 150w, https:\/\/www.demusculos.com\/web\/wp-content\/uploads\/2024\/02\/logo-pulver-416x96.png 416w\" sizes=\"(max-width: 446px) 100vw, 446px\" \/><figcaption id=\"caption-attachment-182\" class=\"wp-caption-text\">Suplementos naturales ideales para aumentar masa muscular, rendimiento, recuperaci\u00f3n y para la dieta. Alimentos proteicos sin TACC.<\/figcaption><\/figure>\n<figure id=\"attachment_10283\" aria-describedby=\"caption-attachment-10283\" style=\"width: 1080px\" class=\"wp-caption alignnone\"><img fetchpriority=\"high\" decoding=\"async\" class=\"size-full wp-image-10283\" src=\"https:\/\/www.demusculos.com\/web\/wp-content\/uploads\/2024\/03\/gainer-plus-de-pulver-1.jpg\" alt=\"Gainer Plus Pulver es un excelente ganador de masa muscular\" width=\"1080\" height=\"1080\" srcset=\"https:\/\/www.demusculos.com\/web\/wp-content\/uploads\/2024\/03\/gainer-plus-de-pulver-1.jpg 1080w, https:\/\/www.demusculos.com\/web\/wp-content\/uploads\/2024\/03\/gainer-plus-de-pulver-1-300x300.jpg 300w, https:\/\/www.demusculos.com\/web\/wp-content\/uploads\/2024\/03\/gainer-plus-de-pulver-1-150x150.jpg 150w, https:\/\/www.demusculos.com\/web\/wp-content\/uploads\/2024\/03\/gainer-plus-de-pulver-1-800x800.jpg 800w, https:\/\/www.demusculos.com\/web\/wp-content\/uploads\/2024\/03\/gainer-plus-de-pulver-1-1024x1024.jpg 1024w, https:\/\/www.demusculos.com\/web\/wp-content\/uploads\/2024\/03\/gainer-plus-de-pulver-1-768x768.jpg 768w\" sizes=\"(max-width: 1080px) 100vw, 1080px\" \/><figcaption id=\"caption-attachment-10283\" class=\"wp-caption-text\">Ganador de peso, mejora el tama\u00f1o y tono muscular.<\/figcaption><\/figure>\n<h1><\/h1>\n<h2>\u00bfQue es elGainer Plus Pulver?<\/h2>\n<p>El\u00a0<strong>Ganador de Peso<\/strong>\u00a0es un suplemento en polvo dise\u00f1ado para aquellos que buscan aumentar su masa muscular de manera efectiva. Contiene una combinaci\u00f3n estrat\u00e9gica de\u00a0<strong>carbohidratos<\/strong>,\u00a0<strong>prote\u00edna de huevo<\/strong>,\u00a0<strong>amino\u00e1cidos<\/strong>\u00a0y\u00a0<strong>vitaminas<\/strong>. En este art\u00edculo, exploraremos los beneficios clave de este producto y c\u00f3mo puede ayudarte a alcanzar tus objetivos de crecimiento muscular.<\/p>\n<h2>Algunos beneficios del ganador de peso<\/h2>\n<h3><strong>Nutrici\u00f3n Completa y Equilibrada<\/strong><\/h3>\n<p>El Ganador de Peso proporciona un complejo de nutrientes esenciales, incluyendo:<\/p>\n<ul>\n<li><strong>Hidratos de Carbono<\/strong>: Estos nutrientes son fundamentales para la provisi\u00f3n de energ\u00eda y la s\u00edntesis de gluc\u00f3geno. Son especialmente importantes durante situaciones de estr\u00e9s y momentos de resistencia m\u00e1xima.<\/li>\n<li><strong>Prote\u00ednas<\/strong>: La prote\u00edna de huevo es una de las m\u00e1s consumidas en todo el mundo y la de m\u00e1s alto valor biol\u00f3gico del mercado.<\/li>\n<li><strong>L\u00edpidos<\/strong>: Aunque a menudo se pasan por alto, los l\u00edpidos tambi\u00e9n son necesarios para el funcionamiento \u00f3ptimo del organismo.<\/li>\n<\/ul>\n<h3><strong>Amino\u00e1cidos para la S\u00edntesis Proteica<\/strong><\/h3>\n<p>Los amino\u00e1cidos son los bloques de construcci\u00f3n de las prote\u00ednas. El Ganador de Peso contiene una mezcla de amino\u00e1cidos esenciales y no esenciales que apoyan la s\u00edntesis proteica. Esto es crucial para el crecimiento y la reparaci\u00f3n muscular.<\/p>\n<h3><strong>Vitaminas y Minerales<\/strong><\/h3>\n<ul>\n<li><strong>Vitaminas<\/strong>: El suplemento est\u00e1 enriquecido con vitaminas, como la vitamina C, que contribuyen al metabolismo de grasas e hidratos de carbono. Estas vitaminas son esenciales para mantener una buena salud general.<\/li>\n<li><strong>Minerales<\/strong>: Los minerales, como el calcio, el magnesio y el zinc, son vitales para funciones metab\u00f3licas y deben ser aportados por la dieta.<\/li>\n<\/ul>\n<figure id=\"attachment_10284\" aria-describedby=\"caption-attachment-10284\" style=\"width: 1080px\" class=\"wp-caption alignnone\"><img decoding=\"async\" class=\"size-full wp-image-10284\" src=\"https:\/\/www.demusculos.com\/web\/wp-content\/uploads\/2024\/03\/gainer-plus-de-pulver-2.jpg\" alt=\"Presentaci\u00f3n del ganador de masa muscular\" width=\"1080\" height=\"1080\" srcset=\"https:\/\/www.demusculos.com\/web\/wp-content\/uploads\/2024\/03\/gainer-plus-de-pulver-2.jpg 1080w, https:\/\/www.demusculos.com\/web\/wp-content\/uploads\/2024\/03\/gainer-plus-de-pulver-2-300x300.jpg 300w, https:\/\/www.demusculos.com\/web\/wp-content\/uploads\/2024\/03\/gainer-plus-de-pulver-2-150x150.jpg 150w, https:\/\/www.demusculos.com\/web\/wp-content\/uploads\/2024\/03\/gainer-plus-de-pulver-2-800x800.jpg 800w, https:\/\/www.demusculos.com\/web\/wp-content\/uploads\/2024\/03\/gainer-plus-de-pulver-2-1024x1024.jpg 1024w, https:\/\/www.demusculos.com\/web\/wp-content\/uploads\/2024\/03\/gainer-plus-de-pulver-2-768x768.jpg 768w\" sizes=\"(max-width: 1080px) 100vw, 1080px\" \/><figcaption id=\"caption-attachment-10284\" class=\"wp-caption-text\">Beneficios y presentaci\u00f3n<\/figcaption><\/figure>\n<h2>Como se debe consumir Gainer Plus Pulver<\/h2>\n<p>Para obtener un aporte cal\u00f3rico de 1080 Kcal, disuelve\u00a0<strong>150 gramos de Ganador de Peso<\/strong>\u00a0(equivalente a 3 medidas) en\u00a0<strong>600 cc de leche entera<\/strong>. Esto proporcionar\u00e1\u00a0<strong>56 gramos de prote\u00ednas<\/strong>\u00a0y\u00a0<strong>4.7 gramos de BCAA<\/strong>. Se recomienda tomarlo a media ma\u00f1ana y a media tarde, alejado de las comidas principales.<\/p>\n<p>En resumen, el Ganador de Peso es una herramienta valiosa para aquellos que desean maximizar su crecimiento muscular y complementar una dieta insuficiente. \u00a1Aprovecha sus beneficios y alcanza tus objetivos fitness!<\/p>\n<figure id=\"attachment_10285\" aria-describedby=\"caption-attachment-10285\" style=\"width: 1080px\" class=\"wp-caption alignnone\"><img loading=\"lazy\" decoding=\"async\" class=\"wp-image-10285 size-full\" src=\"https:\/\/www.demusculos.com\/web\/wp-content\/uploads\/2024\/03\/gainer-plus-de-pulver-3.jpg\" alt=\"\u00bfQuienes pueden consumir Gainer Plus Pulver?\" width=\"1080\" height=\"1080\" srcset=\"https:\/\/www.demusculos.com\/web\/wp-content\/uploads\/2024\/03\/gainer-plus-de-pulver-3.jpg 1080w, https:\/\/www.demusculos.com\/web\/wp-content\/uploads\/2024\/03\/gainer-plus-de-pulver-3-300x300.jpg 300w, https:\/\/www.demusculos.com\/web\/wp-content\/uploads\/2024\/03\/gainer-plus-de-pulver-3-150x150.jpg 150w, https:\/\/www.demusculos.com\/web\/wp-content\/uploads\/2024\/03\/gainer-plus-de-pulver-3-800x800.jpg 800w, https:\/\/www.demusculos.com\/web\/wp-content\/uploads\/2024\/03\/gainer-plus-de-pulver-3-1024x1024.jpg 1024w, https:\/\/www.demusculos.com\/web\/wp-content\/uploads\/2024\/03\/gainer-plus-de-pulver-3-768x768.jpg 768w\" sizes=\"(max-width: 1080px) 100vw, 1080px\" \/><figcaption id=\"caption-attachment-10285\" class=\"wp-caption-text\">Ovoalbumen Gainer Plus Pulver x1.5 kg<\/figcaption><\/figure>\n<figure id=\"attachment_10288\" aria-describedby=\"caption-attachment-10288\" style=\"width: 1080px\" class=\"wp-caption alignnone\"><img loading=\"lazy\" decoding=\"async\" class=\"size-full wp-image-10288\" src=\"https:\/\/www.demusculos.com\/web\/wp-content\/uploads\/2024\/03\/gainer-plus-de-pulver-6.jpg\" alt=\"Ganacia muscular: Ganador de masa muscular y recuperador\" width=\"1080\" height=\"1080\" srcset=\"https:\/\/www.demusculos.com\/web\/wp-content\/uploads\/2024\/03\/gainer-plus-de-pulver-6.jpg 1080w, https:\/\/www.demusculos.com\/web\/wp-content\/uploads\/2024\/03\/gainer-plus-de-pulver-6-300x300.jpg 300w, https:\/\/www.demusculos.com\/web\/wp-content\/uploads\/2024\/03\/gainer-plus-de-pulver-6-150x150.jpg 150w, https:\/\/www.demusculos.com\/web\/wp-content\/uploads\/2024\/03\/gainer-plus-de-pulver-6-800x800.jpg 800w, https:\/\/www.demusculos.com\/web\/wp-content\/uploads\/2024\/03\/gainer-plus-de-pulver-6-1024x1024.jpg 1024w, https:\/\/www.demusculos.com\/web\/wp-content\/uploads\/2024\/03\/gainer-plus-de-pulver-6-768x768.jpg 768w\" sizes=\"(max-width: 1080px) 100vw, 1080px\" \/><figcaption id=\"caption-attachment-10288\" class=\"wp-caption-text\">Informaci\u00f3n nutricional de ganador de peso<\/figcaption><\/figure>\n<figure id=\"attachment_10287\" aria-describedby=\"caption-attachment-10287\" style=\"width: 1080px\" class=\"wp-caption alignnone\"><img loading=\"lazy\" decoding=\"async\" class=\"wp-image-10287 size-full\" src=\"https:\/\/www.demusculos.com\/web\/wp-content\/uploads\/2024\/03\/gainer-plus-de-pulver-5.jpg\" alt=\"Ovoalbumen Gainer Plus Pulver x1.5 kg\" width=\"1080\" height=\"1080\" srcset=\"https:\/\/www.demusculos.com\/web\/wp-content\/uploads\/2024\/03\/gainer-plus-de-pulver-5.jpg 1080w, https:\/\/www.demusculos.com\/web\/wp-content\/uploads\/2024\/03\/gainer-plus-de-pulver-5-300x300.jpg 300w, https:\/\/www.demusculos.com\/web\/wp-content\/uploads\/2024\/03\/gainer-plus-de-pulver-5-150x150.jpg 150w, https:\/\/www.demusculos.com\/web\/wp-content\/uploads\/2024\/03\/gainer-plus-de-pulver-5-800x800.jpg 800w, https:\/\/www.demusculos.com\/web\/wp-content\/uploads\/2024\/03\/gainer-plus-de-pulver-5-1024x1024.jpg 1024w, https:\/\/www.demusculos.com\/web\/wp-content\/uploads\/2024\/03\/gainer-plus-de-pulver-5-768x768.jpg 768w\" sizes=\"(max-width: 1080px) 100vw, 1080px\" \/><figcaption id=\"caption-attachment-10287\" class=\"wp-caption-text\">Ganacia muscular: Ganador de masa muscular y recuperador<\/figcaption><\/figure>\n<p><img loading=\"lazy\" decoding=\"async\" class=\"alignnone size-full wp-image-10286\" src=\"https:\/\/www.demusculos.com\/web\/wp-content\/uploads\/2024\/03\/gainer-plus-de-pulver-4.jpg\" alt=\"Ganacia muscular: Ganador de masa muscular y recuperador\" width=\"1080\" height=\"1080\" srcset=\"https:\/\/www.demusculos.com\/web\/wp-content\/uploads\/2024\/03\/gainer-plus-de-pulver-4.jpg 1080w, https:\/\/www.demusculos.com\/web\/wp-content\/uploads\/2024\/03\/gainer-plus-de-pulver-4-300x300.jpg 300w, https:\/\/www.demusculos.com\/web\/wp-content\/uploads\/2024\/03\/gainer-plus-de-pulver-4-150x150.jpg 150w, https:\/\/www.demusculos.com\/web\/wp-content\/uploads\/2024\/03\/gainer-plus-de-pulver-4-800x800.jpg 800w, https:\/\/www.demusculos.com\/web\/wp-content\/uploads\/2024\/03\/gainer-plus-de-pulver-4-1024x1024.jpg 1024w, https:\/\/www.demusculos.com\/web\/wp-content\/uploads\/2024\/03\/gainer-plus-de-pulver-4-768x768.jpg 768w\" sizes=\"(max-width: 1080px) 100vw, 1080px\" \/><\/p>\n","protected":false},"excerpt":{"rendered":"<p>Un total de 1.5 kilos. Ganador de masa muscular a base de prote\u00edna de huevo, amino\u00e1cidos y carbohidratos. El ganador de peso de Pulver es ideal para ombes y mujeres que buscan recuperaci\u00f3n, a mayor recuperaci\u00f3n la fibra muscular se restaura y gana m\u00e1s volumen, esto te permite conseguir mas masa muscular en menos tiempo.<\/p>\n","protected":false},"featured_media":1664,"comment_status":"closed","ping_status":"closed","template":"","meta":[],"product_brand":[221],"product_cat":[49],"product_tag":[77,28,79,78],"class_list":{"0":"post-1663","1":"product","2":"type-product","3":"status-publish","4":"has-post-thumbnail","6":"product_brand-pulver","7":"product_cat-ganadores-de-peso","8":"product_tag-masa-muscular","9":"product_tag-pulver","10":"product_tag-recuperacion","11":"product_tag-rendimiento","13":"first","14":"instock","15":"sale","16":"shipping-taxable","17":"purchasable","18":"product-type-variable"},"yoast_head":"<!-- This site is optimized with the Yoast SEO plugin v27.4 - https:\/\/yoast.com\/product\/yoast-seo-wordpress\/ -->\n<title>Gainer Plus Pulver 1.5 kg | Ganador de Masa Muscular<\/title>\n<meta name=\"description\" content=\"Gainer Plus Pulver de 1.5 kg es un excelente ganador de masa muscular a base de prote\u00edna de huevo, amino\u00e1cidos y carbohidratos. Env\u00edos a todo el pa\u00eds.\" \/>\n<meta name=\"robots\" content=\"index, follow, max-snippet:-1, max-image-preview:large, max-video-preview:-1\" \/>\n<link rel=\"canonical\" href=\"https:\/\/www.demusculos.com\/web\/producto\/gainer-plus-1-5-de-pulver-ganador-de-masa-muscular\/\" \/>\n<meta property=\"og:locale\" content=\"es_ES\" \/>\n<meta property=\"og:type\" content=\"article\" \/>\n<meta property=\"og:title\" content=\"Gainer Plus Pulver 1.5 kg | Ganador de Masa Muscular\" \/>\n<meta property=\"og:description\" content=\"Gainer Plus Pulver de 1.5 kg es un excelente ganador de masa muscular a base de prote\u00edna de huevo, amino\u00e1cidos y carbohidratos. Env\u00edos a todo el pa\u00eds.\" \/>\n<meta property=\"og:url\" content=\"https:\/\/www.demusculos.com\/web\/producto\/gainer-plus-1-5-de-pulver-ganador-de-masa-muscular\/\" \/>\n<meta property=\"og:site_name\" content=\"DeMusculos\" \/>\n<meta property=\"article:publisher\" content=\"https:\/\/www.facebook.com\/demusculos\" \/>\n<meta property=\"article:modified_time\" content=\"2026-03-04T16:22:37+00:00\" \/>\n<meta property=\"og:image\" content=\"https:\/\/www.demusculos.com\/web\/wp-content\/uploads\/2024\/03\/Gainer01-aleatorio.jpg\" \/>\n\t<meta property=\"og:image:width\" content=\"1000\" \/>\n\t<meta property=\"og:image:height\" content=\"1000\" \/>\n\t<meta property=\"og:image:type\" content=\"image\/jpeg\" \/>\n<meta name=\"twitter:card\" content=\"summary_large_image\" \/>\n<meta name=\"twitter:site\" content=\"@demusculos\" \/>\n<meta name=\"twitter:label1\" content=\"Tiempo de lectura\" \/>\n\t<meta name=\"twitter:data1\" content=\"4 minutos\" \/>\n<script type=\"application\/ld+json\" class=\"yoast-schema-graph\">{\"@context\":\"https:\\\/\\\/schema.org\",\"@graph\":[{\"@type\":\"WebPage\",\"@id\":\"https:\\\/\\\/www.demusculos.com\\\/web\\\/producto\\\/gainer-plus-1-5-de-pulver-ganador-de-masa-muscular\\\/\",\"url\":\"https:\\\/\\\/www.demusculos.com\\\/web\\\/producto\\\/gainer-plus-1-5-de-pulver-ganador-de-masa-muscular\\\/\",\"name\":\"Gainer Plus Pulver 1.5 kg | Ganador de Masa Muscular\",\"isPartOf\":{\"@id\":\"https:\\\/\\\/www.demusculos.com\\\/web\\\/#website\"},\"primaryImageOfPage\":{\"@id\":\"https:\\\/\\\/www.demusculos.com\\\/web\\\/producto\\\/gainer-plus-1-5-de-pulver-ganador-de-masa-muscular\\\/#primaryimage\"},\"image\":{\"@id\":\"https:\\\/\\\/www.demusculos.com\\\/web\\\/producto\\\/gainer-plus-1-5-de-pulver-ganador-de-masa-muscular\\\/#primaryimage\"},\"thumbnailUrl\":\"https:\\\/\\\/www.demusculos.com\\\/web\\\/wp-content\\\/uploads\\\/2024\\\/03\\\/Gainer01-aleatorio.jpg\",\"datePublished\":\"2024-03-04T23:54:24+00:00\",\"dateModified\":\"2026-03-04T16:22:37+00:00\",\"description\":\"Gainer Plus Pulver de 1.5 kg es un excelente ganador de masa muscular a base de prote\u00edna de huevo, amino\u00e1cidos y carbohidratos. Env\u00edos a todo el pa\u00eds.\",\"breadcrumb\":{\"@id\":\"https:\\\/\\\/www.demusculos.com\\\/web\\\/producto\\\/gainer-plus-1-5-de-pulver-ganador-de-masa-muscular\\\/#breadcrumb\"},\"inLanguage\":\"es\",\"potentialAction\":[{\"@type\":\"ReadAction\",\"target\":[\"https:\\\/\\\/www.demusculos.com\\\/web\\\/producto\\\/gainer-plus-1-5-de-pulver-ganador-de-masa-muscular\\\/\"]}]},{\"@type\":\"ImageObject\",\"inLanguage\":\"es\",\"@id\":\"https:\\\/\\\/www.demusculos.com\\\/web\\\/producto\\\/gainer-plus-1-5-de-pulver-ganador-de-masa-muscular\\\/#primaryimage\",\"url\":\"https:\\\/\\\/www.demusculos.com\\\/web\\\/wp-content\\\/uploads\\\/2024\\\/03\\\/Gainer01-aleatorio.jpg\",\"contentUrl\":\"https:\\\/\\\/www.demusculos.com\\\/web\\\/wp-content\\\/uploads\\\/2024\\\/03\\\/Gainer01-aleatorio.jpg\",\"width\":1000,\"height\":1000,\"caption\":\"Ganado de peso Pulver x 1.5 kg Prote\u00edna Carbohidratos y amino\u00e1cidos\"},{\"@type\":\"BreadcrumbList\",\"@id\":\"https:\\\/\\\/www.demusculos.com\\\/web\\\/producto\\\/gainer-plus-1-5-de-pulver-ganador-de-masa-muscular\\\/#breadcrumb\",\"itemListElement\":[{\"@type\":\"ListItem\",\"position\":1,\"name\":\"Inicio\",\"item\":\"https:\\\/\\\/www.demusculos.com\\\/web\\\/\"},{\"@type\":\"ListItem\",\"position\":2,\"name\":\"Suplementos\",\"item\":\"https:\\\/\\\/www.demusculos.com\\\/web\\\/tienda\\\/\"},{\"@type\":\"ListItem\",\"position\":3,\"name\":\"Gainer Plus 1.5 de Pulver Ganador de masa muscular\"}]},{\"@type\":\"WebSite\",\"@id\":\"https:\\\/\\\/www.demusculos.com\\\/web\\\/#website\",\"url\":\"https:\\\/\\\/www.demusculos.com\\\/web\\\/\",\"name\":\"DeMusculos.com\",\"description\":\"Suplementos Naturales\",\"publisher\":{\"@id\":\"https:\\\/\\\/www.demusculos.com\\\/web\\\/#organization\"},\"alternateName\":\"Suplementos Naturales\",\"potentialAction\":[{\"@type\":\"SearchAction\",\"target\":{\"@type\":\"EntryPoint\",\"urlTemplate\":\"https:\\\/\\\/www.demusculos.com\\\/web\\\/?s={search_term_string}\"},\"query-input\":{\"@type\":\"PropertyValueSpecification\",\"valueRequired\":true,\"valueName\":\"search_term_string\"}}],\"inLanguage\":\"es\"},{\"@type\":\"Organization\",\"@id\":\"https:\\\/\\\/www.demusculos.com\\\/web\\\/#organization\",\"name\":\"DeMusculos.com\",\"alternateName\":\"DeMusculos\",\"url\":\"https:\\\/\\\/www.demusculos.com\\\/web\\\/\",\"logo\":{\"@type\":\"ImageObject\",\"inLanguage\":\"es\",\"@id\":\"https:\\\/\\\/www.demusculos.com\\\/web\\\/#\\\/schema\\\/logo\\\/image\\\/\",\"url\":\"https:\\\/\\\/www.demusculos.com\\\/web\\\/wp-content\\\/uploads\\\/2024\\\/02\\\/logo-demusculos-prestashop-usuario.png\",\"contentUrl\":\"https:\\\/\\\/www.demusculos.com\\\/web\\\/wp-content\\\/uploads\\\/2024\\\/02\\\/logo-demusculos-prestashop-usuario.png\",\"width\":150,\"height\":150,\"caption\":\"DeMusculos.com\"},\"image\":{\"@id\":\"https:\\\/\\\/www.demusculos.com\\\/web\\\/#\\\/schema\\\/logo\\\/image\\\/\"},\"sameAs\":[\"https:\\\/\\\/www.facebook.com\\\/demusculos\",\"https:\\\/\\\/x.com\\\/demusculos\",\"https:\\\/\\\/www.instagram.com\\\/demusculos\",\"https:\\\/\\\/www.tiktok.com\\\/@demusculos.com\"]}]}<\/script>\n<!-- \/ Yoast SEO plugin. -->","yoast_head_json":{"title":"Gainer Plus Pulver 1.5 kg | Ganador de Masa Muscular","description":"Gainer Plus Pulver de 1.5 kg es un excelente ganador de masa muscular a base de prote\u00edna de huevo, amino\u00e1cidos y carbohidratos. Env\u00edos a todo el pa\u00eds.","robots":{"index":"index","follow":"follow","max-snippet":"max-snippet:-1","max-image-preview":"max-image-preview:large","max-video-preview":"max-video-preview:-1"},"canonical":"https:\/\/www.demusculos.com\/web\/producto\/gainer-plus-1-5-de-pulver-ganador-de-masa-muscular\/","og_locale":"es_ES","og_type":"article","og_title":"Gainer Plus Pulver 1.5 kg | Ganador de Masa Muscular","og_description":"Gainer Plus Pulver de 1.5 kg es un excelente ganador de masa muscular a base de prote\u00edna de huevo, amino\u00e1cidos y carbohidratos. Env\u00edos a todo el pa\u00eds.","og_url":"https:\/\/www.demusculos.com\/web\/producto\/gainer-plus-1-5-de-pulver-ganador-de-masa-muscular\/","og_site_name":"DeMusculos","article_publisher":"https:\/\/www.facebook.com\/demusculos","article_modified_time":"2026-03-04T16:22:37+00:00","og_image":[{"width":1000,"height":1000,"url":"https:\/\/www.demusculos.com\/web\/wp-content\/uploads\/2024\/03\/Gainer01-aleatorio.jpg","type":"image\/jpeg"}],"twitter_card":"summary_large_image","twitter_site":"@demusculos","twitter_misc":{"Tiempo de lectura":"4 minutos"},"schema":{"@context":"https:\/\/schema.org","@graph":[{"@type":"WebPage","@id":"https:\/\/www.demusculos.com\/web\/producto\/gainer-plus-1-5-de-pulver-ganador-de-masa-muscular\/","url":"https:\/\/www.demusculos.com\/web\/producto\/gainer-plus-1-5-de-pulver-ganador-de-masa-muscular\/","name":"Gainer Plus Pulver 1.5 kg | Ganador de Masa Muscular","isPartOf":{"@id":"https:\/\/www.demusculos.com\/web\/#website"},"primaryImageOfPage":{"@id":"https:\/\/www.demusculos.com\/web\/producto\/gainer-plus-1-5-de-pulver-ganador-de-masa-muscular\/#primaryimage"},"image":{"@id":"https:\/\/www.demusculos.com\/web\/producto\/gainer-plus-1-5-de-pulver-ganador-de-masa-muscular\/#primaryimage"},"thumbnailUrl":"https:\/\/www.demusculos.com\/web\/wp-content\/uploads\/2024\/03\/Gainer01-aleatorio.jpg","datePublished":"2024-03-04T23:54:24+00:00","dateModified":"2026-03-04T16:22:37+00:00","description":"Gainer Plus Pulver de 1.5 kg es un excelente ganador de masa muscular a base de prote\u00edna de huevo, amino\u00e1cidos y carbohidratos. Env\u00edos a todo el pa\u00eds.","breadcrumb":{"@id":"https:\/\/www.demusculos.com\/web\/producto\/gainer-plus-1-5-de-pulver-ganador-de-masa-muscular\/#breadcrumb"},"inLanguage":"es","potentialAction":[{"@type":"ReadAction","target":["https:\/\/www.demusculos.com\/web\/producto\/gainer-plus-1-5-de-pulver-ganador-de-masa-muscular\/"]}]},{"@type":"ImageObject","inLanguage":"es","@id":"https:\/\/www.demusculos.com\/web\/producto\/gainer-plus-1-5-de-pulver-ganador-de-masa-muscular\/#primaryimage","url":"https:\/\/www.demusculos.com\/web\/wp-content\/uploads\/2024\/03\/Gainer01-aleatorio.jpg","contentUrl":"https:\/\/www.demusculos.com\/web\/wp-content\/uploads\/2024\/03\/Gainer01-aleatorio.jpg","width":1000,"height":1000,"caption":"Ganado de peso Pulver x 1.5 kg Prote\u00edna Carbohidratos y amino\u00e1cidos"},{"@type":"BreadcrumbList","@id":"https:\/\/www.demusculos.com\/web\/producto\/gainer-plus-1-5-de-pulver-ganador-de-masa-muscular\/#breadcrumb","itemListElement":[{"@type":"ListItem","position":1,"name":"Inicio","item":"https:\/\/www.demusculos.com\/web\/"},{"@type":"ListItem","position":2,"name":"Suplementos","item":"https:\/\/www.demusculos.com\/web\/tienda\/"},{"@type":"ListItem","position":3,"name":"Gainer Plus 1.5 de Pulver Ganador de masa muscular"}]},{"@type":"WebSite","@id":"https:\/\/www.demusculos.com\/web\/#website","url":"https:\/\/www.demusculos.com\/web\/","name":"DeMusculos.com","description":"Suplementos Naturales","publisher":{"@id":"https:\/\/www.demusculos.com\/web\/#organization"},"alternateName":"Suplementos Naturales","potentialAction":[{"@type":"SearchAction","target":{"@type":"EntryPoint","urlTemplate":"https:\/\/www.demusculos.com\/web\/?s={search_term_string}"},"query-input":{"@type":"PropertyValueSpecification","valueRequired":true,"valueName":"search_term_string"}}],"inLanguage":"es"},{"@type":"Organization","@id":"https:\/\/www.demusculos.com\/web\/#organization","name":"DeMusculos.com","alternateName":"DeMusculos","url":"https:\/\/www.demusculos.com\/web\/","logo":{"@type":"ImageObject","inLanguage":"es","@id":"https:\/\/www.demusculos.com\/web\/#\/schema\/logo\/image\/","url":"https:\/\/www.demusculos.com\/web\/wp-content\/uploads\/2024\/02\/logo-demusculos-prestashop-usuario.png","contentUrl":"https:\/\/www.demusculos.com\/web\/wp-content\/uploads\/2024\/02\/logo-demusculos-prestashop-usuario.png","width":150,"height":150,"caption":"DeMusculos.com"},"image":{"@id":"https:\/\/www.demusculos.com\/web\/#\/schema\/logo\/image\/"},"sameAs":["https:\/\/www.facebook.com\/demusculos","https:\/\/x.com\/demusculos","https:\/\/www.instagram.com\/demusculos","https:\/\/www.tiktok.com\/@demusculos.com"]}]}},"_links":{"self":[{"href":"https:\/\/www.demusculos.com\/web\/wp-json\/wp\/v2\/product\/1663","targetHints":{"allow":["GET"]}}],"collection":[{"href":"https:\/\/www.demusculos.com\/web\/wp-json\/wp\/v2\/product"}],"about":[{"href":"https:\/\/www.demusculos.com\/web\/wp-json\/wp\/v2\/types\/product"}],"replies":[{"embeddable":true,"href":"https:\/\/www.demusculos.com\/web\/wp-json\/wp\/v2\/comments?post=1663"}],"wp:featuredmedia":[{"embeddable":true,"href":"https:\/\/www.demusculos.com\/web\/wp-json\/wp\/v2\/media\/1664"}],"wp:attachment":[{"href":"https:\/\/www.demusculos.com\/web\/wp-json\/wp\/v2\/media?parent=1663"}],"wp:term":[{"taxonomy":"product_brand","embeddable":true,"href":"https:\/\/www.demusculos.com\/web\/wp-json\/wp\/v2\/product_brand?post=1663"},{"taxonomy":"product_cat","embeddable":true,"href":"https:\/\/www.demusculos.com\/web\/wp-json\/wp\/v2\/product_cat?post=1663"},{"taxonomy":"product_tag","embeddable":true,"href":"https:\/\/www.demusculos.com\/web\/wp-json\/wp\/v2\/product_tag?post=1663"}],"curies":[{"name":"wp","href":"https:\/\/api.w.org\/{rel}","templated":true}]}}