{"id":16667,"date":"2025-12-03T11:31:29","date_gmt":"2025-12-03T14:31:29","guid":{"rendered":"https:\/\/www.demusculos.com\/web\/?post_type=product&#038;p=16667"},"modified":"2026-03-07T20:39:38","modified_gmt":"2026-03-07T23:39:38","slug":"guante-de-cuero-con-munequera-negro-con-abrojo","status":"publish","type":"product","link":"https:\/\/www.demusculos.com\/web\/producto\/guante-de-cuero-con-munequera-negro-con-abrojo\/","title":{"rendered":"Guante de cuero con mu\u00f1equera | Negro | Con Abrojo (\u00fanico talle &#8211; ver medidas)"},"content":{"rendered":"<p>Guante de cuero, tela e hilo super resistente. Con mu\u00f1equera y abrojo. Protege las manos de mancuernas y barras. Evita que te lastimes. Para hombres y mujeres.<\/p>\n<p>Medida en cent\u00edmetros (cm) A &#8211;&gt;<br \/>\nMedida en cent\u00edmetros (cm) B &#8211;&gt;<br \/>\nMedida en cent\u00edmetros (cm) C &#8211;&gt;<br \/>\nMedida en cent\u00edmetros (cm) D &#8211;&gt;<\/p>\n<p><img fetchpriority=\"high\" decoding=\"async\" class=\"size-full wp-image-16671 aligncenter\" src=\"https:\/\/www.demusculos.com\/web\/wp-content\/uploads\/2025\/12\/guante-con-munequera-03-2.webp\" alt=\"Guante de cuero con mu\u00f1equera | Negro | Con Abrojo\" width=\"1200\" height=\"1200\" srcset=\"https:\/\/www.demusculos.com\/web\/wp-content\/uploads\/2025\/12\/guante-con-munequera-03-2.webp 1200w, https:\/\/www.demusculos.com\/web\/wp-content\/uploads\/2025\/12\/guante-con-munequera-03-2-300x300.webp 300w, https:\/\/www.demusculos.com\/web\/wp-content\/uploads\/2025\/12\/guante-con-munequera-03-2-1024x1024.webp 1024w, https:\/\/www.demusculos.com\/web\/wp-content\/uploads\/2025\/12\/guante-con-munequera-03-2-150x150.webp 150w, https:\/\/www.demusculos.com\/web\/wp-content\/uploads\/2025\/12\/guante-con-munequera-03-2-768x768.webp 768w, https:\/\/www.demusculos.com\/web\/wp-content\/uploads\/2025\/12\/guante-con-munequera-03-2-990x990.webp 990w, https:\/\/www.demusculos.com\/web\/wp-content\/uploads\/2025\/12\/guante-con-munequera-03-2-441x441.webp 441w, https:\/\/www.demusculos.com\/web\/wp-content\/uploads\/2025\/12\/guante-con-munequera-03-2-100x100.webp 100w, https:\/\/www.demusculos.com\/web\/wp-content\/uploads\/2025\/12\/guante-con-munequera-03-2-800x800.webp 800w\" sizes=\"(max-width: 1200px) 100vw, 1200px\" \/><\/p>\n<p><img decoding=\"async\" class=\"size-full wp-image-16673 aligncenter\" src=\"https:\/\/www.demusculos.com\/web\/wp-content\/uploads\/2025\/12\/guante-con-munequera-05.webp\" alt=\"Guante de cuero con mu\u00f1equera | Negro | Con Abrojo\" width=\"1200\" height=\"1200\" srcset=\"https:\/\/www.demusculos.com\/web\/wp-content\/uploads\/2025\/12\/guante-con-munequera-05.webp 1200w, https:\/\/www.demusculos.com\/web\/wp-content\/uploads\/2025\/12\/guante-con-munequera-05-300x300.webp 300w, https:\/\/www.demusculos.com\/web\/wp-content\/uploads\/2025\/12\/guante-con-munequera-05-1024x1024.webp 1024w, https:\/\/www.demusculos.com\/web\/wp-content\/uploads\/2025\/12\/guante-con-munequera-05-150x150.webp 150w, https:\/\/www.demusculos.com\/web\/wp-content\/uploads\/2025\/12\/guante-con-munequera-05-768x768.webp 768w, https:\/\/www.demusculos.com\/web\/wp-content\/uploads\/2025\/12\/guante-con-munequera-05-990x990.webp 990w, https:\/\/www.demusculos.com\/web\/wp-content\/uploads\/2025\/12\/guante-con-munequera-05-441x441.webp 441w, https:\/\/www.demusculos.com\/web\/wp-content\/uploads\/2025\/12\/guante-con-munequera-05-100x100.webp 100w, https:\/\/www.demusculos.com\/web\/wp-content\/uploads\/2025\/12\/guante-con-munequera-05-800x800.webp 800w\" sizes=\"(max-width: 1200px) 100vw, 1200px\" \/><\/p>\n<p><img decoding=\"async\" class=\"size-full wp-image-16672 aligncenter\" src=\"https:\/\/www.demusculos.com\/web\/wp-content\/uploads\/2025\/12\/guante-con-munequera-04.webp\" alt=\"Guante de cuero con mu\u00f1equera | Negro | Con Abrojo\" width=\"1200\" height=\"1200\" srcset=\"https:\/\/www.demusculos.com\/web\/wp-content\/uploads\/2025\/12\/guante-con-munequera-04.webp 1200w, https:\/\/www.demusculos.com\/web\/wp-content\/uploads\/2025\/12\/guante-con-munequera-04-300x300.webp 300w, https:\/\/www.demusculos.com\/web\/wp-content\/uploads\/2025\/12\/guante-con-munequera-04-1024x1024.webp 1024w, https:\/\/www.demusculos.com\/web\/wp-content\/uploads\/2025\/12\/guante-con-munequera-04-150x150.webp 150w, https:\/\/www.demusculos.com\/web\/wp-content\/uploads\/2025\/12\/guante-con-munequera-04-768x768.webp 768w, https:\/\/www.demusculos.com\/web\/wp-content\/uploads\/2025\/12\/guante-con-munequera-04-990x990.webp 990w, https:\/\/www.demusculos.com\/web\/wp-content\/uploads\/2025\/12\/guante-con-munequera-04-441x441.webp 441w, https:\/\/www.demusculos.com\/web\/wp-content\/uploads\/2025\/12\/guante-con-munequera-04-100x100.webp 100w, https:\/\/www.demusculos.com\/web\/wp-content\/uploads\/2025\/12\/guante-con-munequera-04-800x800.webp 800w\" sizes=\"(max-width: 1200px) 100vw, 1200px\" \/><\/p>\n","protected":false},"excerpt":{"rendered":"<p>Excelente guante de cuero con protecci\u00f3n para las mu\u00f1ecas (con mu\u00f1equera)<\/p>\n","protected":false},"featured_media":16669,"comment_status":"open","ping_status":"closed","template":"","meta":[],"product_brand":[247],"product_cat":[120],"product_tag":[60,174],"class_list":{"0":"post-16667","1":"product","2":"type-product","3":"status-publish","4":"has-post-thumbnail","6":"product_brand-suplementos-dms","7":"product_cat-accesorios","8":"product_tag-suplementos-naturales-dms","9":"product_tag-guantes","11":"first","12":"instock","13":"sale","14":"shipping-taxable","15":"purchasable","16":"product-type-simple"},"yoast_head":"<!-- This site is optimized with the Yoast SEO plugin v27.5 - https:\/\/yoast.com\/product\/yoast-seo-wordpress\/ -->\n<title>Guante de cuero con mu\u00f1equera | Negro | Con Abrojo (\u00fanico talle - ver medidas) | DeMusculos<\/title>\n<meta name=\"description\" content=\"Excelente guante de cuero con protecci\u00f3n para las mu\u00f1ecas (con mu\u00f1equera). Env\u00edo a todo el pa\u00eds por correo a tu casa o sucursal.\" \/>\n<meta name=\"robots\" content=\"index, follow, max-snippet:-1, max-image-preview:large, max-video-preview:-1\" \/>\n<link rel=\"canonical\" href=\"https:\/\/www.demusculos.com\/web\/producto\/guante-de-cuero-con-munequera-negro-con-abrojo\/\" \/>\n<meta property=\"og:locale\" content=\"es_ES\" \/>\n<meta property=\"og:type\" content=\"article\" \/>\n<meta property=\"og:title\" content=\"Guante de cuero con mu\u00f1equera | Negro | Con Abrojo (\u00fanico talle - ver medidas) | DeMusculos\" \/>\n<meta property=\"og:description\" content=\"Excelente guante de cuero con protecci\u00f3n para las mu\u00f1ecas (con mu\u00f1equera). Env\u00edo a todo el pa\u00eds por correo a tu casa o sucursal.\" \/>\n<meta property=\"og:url\" content=\"https:\/\/www.demusculos.com\/web\/producto\/guante-de-cuero-con-munequera-negro-con-abrojo\/\" \/>\n<meta property=\"og:site_name\" content=\"DeMusculos\" \/>\n<meta property=\"article:publisher\" content=\"https:\/\/www.facebook.com\/demusculos\" \/>\n<meta property=\"article:modified_time\" content=\"2026-03-07T23:39:38+00:00\" \/>\n<meta property=\"og:image\" content=\"https:\/\/www.demusculos.com\/web\/wp-content\/uploads\/2025\/12\/guante-con-munequera-02.webp\" \/>\n\t<meta property=\"og:image:width\" content=\"1200\" \/>\n\t<meta property=\"og:image:height\" content=\"1200\" \/>\n\t<meta property=\"og:image:type\" content=\"image\/webp\" \/>\n<meta name=\"twitter:card\" content=\"summary_large_image\" \/>\n<meta name=\"twitter:site\" content=\"@demusculos\" \/>\n<meta name=\"twitter:label1\" content=\"Tiempo de lectura\" \/>\n\t<meta name=\"twitter:data1\" content=\"2 minutos\" \/>\n<script type=\"application\/ld+json\" class=\"yoast-schema-graph\">{\"@context\":\"https:\\\/\\\/schema.org\",\"@graph\":[{\"@type\":\"WebPage\",\"@id\":\"https:\\\/\\\/www.demusculos.com\\\/web\\\/producto\\\/guante-de-cuero-con-munequera-negro-con-abrojo\\\/\",\"url\":\"https:\\\/\\\/www.demusculos.com\\\/web\\\/producto\\\/guante-de-cuero-con-munequera-negro-con-abrojo\\\/\",\"name\":\"Guante de cuero con mu\u00f1equera | Negro | Con Abrojo (\u00fanico talle - ver medidas) | DeMusculos\",\"isPartOf\":{\"@id\":\"https:\\\/\\\/www.demusculos.com\\\/web\\\/#website\"},\"primaryImageOfPage\":{\"@id\":\"https:\\\/\\\/www.demusculos.com\\\/web\\\/producto\\\/guante-de-cuero-con-munequera-negro-con-abrojo\\\/#primaryimage\"},\"image\":{\"@id\":\"https:\\\/\\\/www.demusculos.com\\\/web\\\/producto\\\/guante-de-cuero-con-munequera-negro-con-abrojo\\\/#primaryimage\"},\"thumbnailUrl\":\"https:\\\/\\\/www.demusculos.com\\\/web\\\/wp-content\\\/uploads\\\/2025\\\/12\\\/guante-con-munequera-02.webp\",\"datePublished\":\"2025-12-03T14:31:29+00:00\",\"dateModified\":\"2026-03-07T23:39:38+00:00\",\"description\":\"Excelente guante de cuero con protecci\u00f3n para las mu\u00f1ecas (con mu\u00f1equera). Env\u00edo a todo el pa\u00eds por correo a tu casa o sucursal.\",\"breadcrumb\":{\"@id\":\"https:\\\/\\\/www.demusculos.com\\\/web\\\/producto\\\/guante-de-cuero-con-munequera-negro-con-abrojo\\\/#breadcrumb\"},\"inLanguage\":\"es\",\"potentialAction\":[{\"@type\":\"ReadAction\",\"target\":[\"https:\\\/\\\/www.demusculos.com\\\/web\\\/producto\\\/guante-de-cuero-con-munequera-negro-con-abrojo\\\/\"]}]},{\"@type\":\"ImageObject\",\"inLanguage\":\"es\",\"@id\":\"https:\\\/\\\/www.demusculos.com\\\/web\\\/producto\\\/guante-de-cuero-con-munequera-negro-con-abrojo\\\/#primaryimage\",\"url\":\"https:\\\/\\\/www.demusculos.com\\\/web\\\/wp-content\\\/uploads\\\/2025\\\/12\\\/guante-con-munequera-02.webp\",\"contentUrl\":\"https:\\\/\\\/www.demusculos.com\\\/web\\\/wp-content\\\/uploads\\\/2025\\\/12\\\/guante-con-munequera-02.webp\",\"width\":1200,\"height\":1200,\"caption\":\"Guante de cuero con mu\u00f1equera | Negro | Con Abrojo\"},{\"@type\":\"BreadcrumbList\",\"@id\":\"https:\\\/\\\/www.demusculos.com\\\/web\\\/producto\\\/guante-de-cuero-con-munequera-negro-con-abrojo\\\/#breadcrumb\",\"itemListElement\":[{\"@type\":\"ListItem\",\"position\":1,\"name\":\"Inicio\",\"item\":\"https:\\\/\\\/www.demusculos.com\\\/web\\\/\"},{\"@type\":\"ListItem\",\"position\":2,\"name\":\"Suplementos\",\"item\":\"https:\\\/\\\/www.demusculos.com\\\/web\\\/tienda\\\/\"},{\"@type\":\"ListItem\",\"position\":3,\"name\":\"Guante de cuero con mu\u00f1equera | Negro | Con Abrojo (\u00fanico talle &#8211; ver medidas)\"}]},{\"@type\":\"WebSite\",\"@id\":\"https:\\\/\\\/www.demusculos.com\\\/web\\\/#website\",\"url\":\"https:\\\/\\\/www.demusculos.com\\\/web\\\/\",\"name\":\"DeMusculos.com\",\"description\":\"Suplementos Naturales\",\"publisher\":{\"@id\":\"https:\\\/\\\/www.demusculos.com\\\/web\\\/#organization\"},\"alternateName\":\"Suplementos Naturales\",\"potentialAction\":[{\"@type\":\"SearchAction\",\"target\":{\"@type\":\"EntryPoint\",\"urlTemplate\":\"https:\\\/\\\/www.demusculos.com\\\/web\\\/?s={search_term_string}\"},\"query-input\":{\"@type\":\"PropertyValueSpecification\",\"valueRequired\":true,\"valueName\":\"search_term_string\"}}],\"inLanguage\":\"es\"},{\"@type\":\"Organization\",\"@id\":\"https:\\\/\\\/www.demusculos.com\\\/web\\\/#organization\",\"name\":\"DeMusculos.com\",\"alternateName\":\"DeMusculos\",\"url\":\"https:\\\/\\\/www.demusculos.com\\\/web\\\/\",\"logo\":{\"@type\":\"ImageObject\",\"inLanguage\":\"es\",\"@id\":\"https:\\\/\\\/www.demusculos.com\\\/web\\\/#\\\/schema\\\/logo\\\/image\\\/\",\"url\":\"https:\\\/\\\/www.demusculos.com\\\/web\\\/wp-content\\\/uploads\\\/2024\\\/02\\\/logo-demusculos-prestashop-usuario.png\",\"contentUrl\":\"https:\\\/\\\/www.demusculos.com\\\/web\\\/wp-content\\\/uploads\\\/2024\\\/02\\\/logo-demusculos-prestashop-usuario.png\",\"width\":150,\"height\":150,\"caption\":\"DeMusculos.com\"},\"image\":{\"@id\":\"https:\\\/\\\/www.demusculos.com\\\/web\\\/#\\\/schema\\\/logo\\\/image\\\/\"},\"sameAs\":[\"https:\\\/\\\/www.facebook.com\\\/demusculos\",\"https:\\\/\\\/x.com\\\/demusculos\",\"https:\\\/\\\/www.instagram.com\\\/demusculos\",\"https:\\\/\\\/www.tiktok.com\\\/@demusculos.com\"]}]}<\/script>\n<!-- \/ Yoast SEO plugin. -->","yoast_head_json":{"title":"Guante de cuero con mu\u00f1equera | Negro | Con Abrojo (\u00fanico talle - ver medidas) | DeMusculos","description":"Excelente guante de cuero con protecci\u00f3n para las mu\u00f1ecas (con mu\u00f1equera). Env\u00edo a todo el pa\u00eds por correo a tu casa o sucursal.","robots":{"index":"index","follow":"follow","max-snippet":"max-snippet:-1","max-image-preview":"max-image-preview:large","max-video-preview":"max-video-preview:-1"},"canonical":"https:\/\/www.demusculos.com\/web\/producto\/guante-de-cuero-con-munequera-negro-con-abrojo\/","og_locale":"es_ES","og_type":"article","og_title":"Guante de cuero con mu\u00f1equera | Negro | Con Abrojo (\u00fanico talle - ver medidas) | DeMusculos","og_description":"Excelente guante de cuero con protecci\u00f3n para las mu\u00f1ecas (con mu\u00f1equera). Env\u00edo a todo el pa\u00eds por correo a tu casa o sucursal.","og_url":"https:\/\/www.demusculos.com\/web\/producto\/guante-de-cuero-con-munequera-negro-con-abrojo\/","og_site_name":"DeMusculos","article_publisher":"https:\/\/www.facebook.com\/demusculos","article_modified_time":"2026-03-07T23:39:38+00:00","og_image":[{"width":1200,"height":1200,"url":"https:\/\/www.demusculos.com\/web\/wp-content\/uploads\/2025\/12\/guante-con-munequera-02.webp","type":"image\/webp"}],"twitter_card":"summary_large_image","twitter_site":"@demusculos","twitter_misc":{"Tiempo de lectura":"2 minutos"},"schema":{"@context":"https:\/\/schema.org","@graph":[{"@type":"WebPage","@id":"https:\/\/www.demusculos.com\/web\/producto\/guante-de-cuero-con-munequera-negro-con-abrojo\/","url":"https:\/\/www.demusculos.com\/web\/producto\/guante-de-cuero-con-munequera-negro-con-abrojo\/","name":"Guante de cuero con mu\u00f1equera | Negro | Con Abrojo (\u00fanico talle - ver medidas) | DeMusculos","isPartOf":{"@id":"https:\/\/www.demusculos.com\/web\/#website"},"primaryImageOfPage":{"@id":"https:\/\/www.demusculos.com\/web\/producto\/guante-de-cuero-con-munequera-negro-con-abrojo\/#primaryimage"},"image":{"@id":"https:\/\/www.demusculos.com\/web\/producto\/guante-de-cuero-con-munequera-negro-con-abrojo\/#primaryimage"},"thumbnailUrl":"https:\/\/www.demusculos.com\/web\/wp-content\/uploads\/2025\/12\/guante-con-munequera-02.webp","datePublished":"2025-12-03T14:31:29+00:00","dateModified":"2026-03-07T23:39:38+00:00","description":"Excelente guante de cuero con protecci\u00f3n para las mu\u00f1ecas (con mu\u00f1equera). Env\u00edo a todo el pa\u00eds por correo a tu casa o sucursal.","breadcrumb":{"@id":"https:\/\/www.demusculos.com\/web\/producto\/guante-de-cuero-con-munequera-negro-con-abrojo\/#breadcrumb"},"inLanguage":"es","potentialAction":[{"@type":"ReadAction","target":["https:\/\/www.demusculos.com\/web\/producto\/guante-de-cuero-con-munequera-negro-con-abrojo\/"]}]},{"@type":"ImageObject","inLanguage":"es","@id":"https:\/\/www.demusculos.com\/web\/producto\/guante-de-cuero-con-munequera-negro-con-abrojo\/#primaryimage","url":"https:\/\/www.demusculos.com\/web\/wp-content\/uploads\/2025\/12\/guante-con-munequera-02.webp","contentUrl":"https:\/\/www.demusculos.com\/web\/wp-content\/uploads\/2025\/12\/guante-con-munequera-02.webp","width":1200,"height":1200,"caption":"Guante de cuero con mu\u00f1equera | Negro | Con Abrojo"},{"@type":"BreadcrumbList","@id":"https:\/\/www.demusculos.com\/web\/producto\/guante-de-cuero-con-munequera-negro-con-abrojo\/#breadcrumb","itemListElement":[{"@type":"ListItem","position":1,"name":"Inicio","item":"https:\/\/www.demusculos.com\/web\/"},{"@type":"ListItem","position":2,"name":"Suplementos","item":"https:\/\/www.demusculos.com\/web\/tienda\/"},{"@type":"ListItem","position":3,"name":"Guante de cuero con mu\u00f1equera | Negro | Con Abrojo (\u00fanico talle &#8211; ver medidas)"}]},{"@type":"WebSite","@id":"https:\/\/www.demusculos.com\/web\/#website","url":"https:\/\/www.demusculos.com\/web\/","name":"DeMusculos.com","description":"Suplementos Naturales","publisher":{"@id":"https:\/\/www.demusculos.com\/web\/#organization"},"alternateName":"Suplementos Naturales","potentialAction":[{"@type":"SearchAction","target":{"@type":"EntryPoint","urlTemplate":"https:\/\/www.demusculos.com\/web\/?s={search_term_string}"},"query-input":{"@type":"PropertyValueSpecification","valueRequired":true,"valueName":"search_term_string"}}],"inLanguage":"es"},{"@type":"Organization","@id":"https:\/\/www.demusculos.com\/web\/#organization","name":"DeMusculos.com","alternateName":"DeMusculos","url":"https:\/\/www.demusculos.com\/web\/","logo":{"@type":"ImageObject","inLanguage":"es","@id":"https:\/\/www.demusculos.com\/web\/#\/schema\/logo\/image\/","url":"https:\/\/www.demusculos.com\/web\/wp-content\/uploads\/2024\/02\/logo-demusculos-prestashop-usuario.png","contentUrl":"https:\/\/www.demusculos.com\/web\/wp-content\/uploads\/2024\/02\/logo-demusculos-prestashop-usuario.png","width":150,"height":150,"caption":"DeMusculos.com"},"image":{"@id":"https:\/\/www.demusculos.com\/web\/#\/schema\/logo\/image\/"},"sameAs":["https:\/\/www.facebook.com\/demusculos","https:\/\/x.com\/demusculos","https:\/\/www.instagram.com\/demusculos","https:\/\/www.tiktok.com\/@demusculos.com"]}]}},"_links":{"self":[{"href":"https:\/\/www.demusculos.com\/web\/wp-json\/wp\/v2\/product\/16667","targetHints":{"allow":["GET"]}}],"collection":[{"href":"https:\/\/www.demusculos.com\/web\/wp-json\/wp\/v2\/product"}],"about":[{"href":"https:\/\/www.demusculos.com\/web\/wp-json\/wp\/v2\/types\/product"}],"replies":[{"embeddable":true,"href":"https:\/\/www.demusculos.com\/web\/wp-json\/wp\/v2\/comments?post=16667"}],"wp:featuredmedia":[{"embeddable":true,"href":"https:\/\/www.demusculos.com\/web\/wp-json\/wp\/v2\/media\/16669"}],"wp:attachment":[{"href":"https:\/\/www.demusculos.com\/web\/wp-json\/wp\/v2\/media?parent=16667"}],"wp:term":[{"taxonomy":"product_brand","embeddable":true,"href":"https:\/\/www.demusculos.com\/web\/wp-json\/wp\/v2\/product_brand?post=16667"},{"taxonomy":"product_cat","embeddable":true,"href":"https:\/\/www.demusculos.com\/web\/wp-json\/wp\/v2\/product_cat?post=16667"},{"taxonomy":"product_tag","embeddable":true,"href":"https:\/\/www.demusculos.com\/web\/wp-json\/wp\/v2\/product_tag?post=16667"}],"curies":[{"name":"wp","href":"https:\/\/api.w.org\/{rel}","templated":true}]}}