{"id":1755,"date":"2024-03-05T08:08:55","date_gmt":"2024-03-05T11:08:55","guid":{"rendered":"https:\/\/www.demusculos.com\/web\/?post_type=product&#038;p=1755"},"modified":"2026-04-28T12:43:31","modified_gmt":"2026-04-28T15:43:31","slug":"soy-protein-2-lbs-htn-proteina-potenciada-con-carnitina","status":"publish","type":"product","link":"https:\/\/www.demusculos.com\/web\/producto\/soy-protein-2-lbs-htn-proteina-potenciada-con-carnitina\/","title":{"rendered":"Soy Protein 2 Lbs HTN Prote\u00edna potenciada con Carnitina"},"content":{"rendered":"<h2>Usa Soy Protein<\/h2>\n<p>Usa Soy Protein es ideal para todas aquellas personas que quieren aumentar su masa muscular y rendimiento. Tambi\u00e9n es ideal para dietas. Esta potenciada con L-Carnitina, un excelente quemador de grasas.<\/p>\n<figure id=\"attachment_340\" aria-describedby=\"caption-attachment-340\" style=\"width: 446px\" class=\"wp-caption alignnone\"><img decoding=\"async\" class=\"size-full wp-image-340\" src=\"https:\/\/www.demusculos.com\/web\/wp-content\/uploads\/2024\/02\/logo-htn.png\" alt=\"Suplementos naturales deportivos HTN Nutrition\" width=\"446\" height=\"103\" srcset=\"https:\/\/www.demusculos.com\/web\/wp-content\/uploads\/2024\/02\/logo-htn.png 446w, https:\/\/www.demusculos.com\/web\/wp-content\/uploads\/2024\/02\/logo-htn-300x69.png 300w, https:\/\/www.demusculos.com\/web\/wp-content\/uploads\/2024\/02\/logo-htn-150x35.png 150w, https:\/\/www.demusculos.com\/web\/wp-content\/uploads\/2024\/02\/logo-htn-416x96.png 416w\" sizes=\"(max-width: 446px) 100vw, 446px\" \/><figcaption id=\"caption-attachment-340\" class=\"wp-caption-text\">Suplementos Naturales formulados en USA y distribuidos en Argentina por HTN<\/figcaption><\/figure>\n<h2><strong>USA SOY Protein HTN: Tu Aliado Nutricional<\/strong><\/h2>\n<figure id=\"attachment_6425\" aria-describedby=\"caption-attachment-6425\" style=\"width: 1080px\" class=\"wp-caption alignnone\"><img fetchpriority=\"high\" decoding=\"async\" class=\"size-full wp-image-6425\" src=\"https:\/\/www.demusculos.com\/web\/wp-content\/uploads\/2024\/03\/soy-protein-htn-1kg-proteina-de-soja-banner02.jpg\" alt=\"Usa Soy Protein de HTN x 1 kg\" width=\"1080\" height=\"1080\" srcset=\"https:\/\/www.demusculos.com\/web\/wp-content\/uploads\/2024\/03\/soy-protein-htn-1kg-proteina-de-soja-banner02.jpg 1080w, https:\/\/www.demusculos.com\/web\/wp-content\/uploads\/2024\/03\/soy-protein-htn-1kg-proteina-de-soja-banner02-300x300.jpg 300w, https:\/\/www.demusculos.com\/web\/wp-content\/uploads\/2024\/03\/soy-protein-htn-1kg-proteina-de-soja-banner02-150x150.jpg 150w, https:\/\/www.demusculos.com\/web\/wp-content\/uploads\/2024\/03\/soy-protein-htn-1kg-proteina-de-soja-banner02-800x800.jpg 800w, https:\/\/www.demusculos.com\/web\/wp-content\/uploads\/2024\/03\/soy-protein-htn-1kg-proteina-de-soja-banner02-1024x1024.jpg 1024w, https:\/\/www.demusculos.com\/web\/wp-content\/uploads\/2024\/03\/soy-protein-htn-1kg-proteina-de-soja-banner02-768x768.jpg 768w\" sizes=\"(max-width: 1080px) 100vw, 1080px\" \/><figcaption id=\"caption-attachment-6425\" class=\"wp-caption-text\">Prote\u00edna de Soja<\/figcaption><\/figure>\n<h3><strong>\u00bfQu\u00e9 es la USA SOY Protein HTN?<\/strong><\/h3>\n<p>La\u00a0<strong>USA SOY Protein HTN<\/strong>\u00a0es una fuente natural de prote\u00edna vegetal, elaborada con\u00a0<strong>100% Isolated Protein SUPRO SOY<\/strong>, importada directamente desde los Estados Unidos. Esta prote\u00edna est\u00e1 dise\u00f1ada para aquellos que buscan desarrollar y mantener su masa muscular, tonificar su cuerpo y promover una salud \u00f3ptima.<\/p>\n<h3><strong>Beneficios Destacados:<\/strong><\/h3>\n<ol>\n<li><strong>Ideal para Vegetarianos y Veganos<\/strong>: Fortificada con\u00a0<strong>Vitamina B12<\/strong>\u00a0y\u00a0<strong>Hierro<\/strong>, la USA SOY Protein HTN es un alimento perfecto para quienes siguen dietas vegetarianas o veganas.<\/li>\n<li><strong>Cero Colesterol, Cero Lactosa, Cero Az\u00facar, Cero Carbohidratos<\/strong>: Marca la diferencia frente a otros suplementos del mercado al ofrecer una prote\u00edna limpia y saludable.<\/li>\n<li><strong>Libre de Grasas Trans y Antioxidantes Naturales<\/strong>: Puedes tomarla indefinidamente como parte de tu dieta o plan de entrenamiento sin preocupaciones.<\/li>\n<li><strong>Lenta Absorci\u00f3n, Gran Saciedad<\/strong>: Ideal como reemplazo de la Case\u00edna, proporciona horas de alimentaci\u00f3n y saciedad.<\/li>\n<li><strong>F\u00f3rmula Sin\u00e9rgica<\/strong>: Combinaci\u00f3n de ingredientes que potencian resultados, promoviendo la salud cardiovascular, estimulando el sistema inmunol\u00f3gico y manteniendo niveles saludables de colesterol.<\/li>\n<li><strong>Amino\u00e1cidos Clave<\/strong>: Rica en\u00a0<strong>Arginina<\/strong>\u00a0para la irrigaci\u00f3n sangu\u00ednea a los m\u00fasculos y\u00a0<strong>Glutamina<\/strong>\u00a0para estimular la s\u00edntesis muscular.<\/li>\n<li><strong>L-Carnitina<\/strong>: Cada servicio contiene\u00a0<strong>25 mg de L-Carnitina<\/strong>, proporcionando energ\u00eda y ayudando a reducir la grasa acumulada.<\/li>\n<\/ol>\n<figure id=\"attachment_6426\" aria-describedby=\"caption-attachment-6426\" style=\"width: 1080px\" class=\"wp-caption alignnone\"><img decoding=\"async\" class=\"size-full wp-image-6426\" src=\"https:\/\/www.demusculos.com\/web\/wp-content\/uploads\/2024\/03\/soy-protein-htn-1kg-proteina-de-soja-banner03.jpg\" alt=\"Usa Soy Protein de HTN x 1 kg - Informaci\u00f3n Nutricional\" width=\"1080\" height=\"1080\" srcset=\"https:\/\/www.demusculos.com\/web\/wp-content\/uploads\/2024\/03\/soy-protein-htn-1kg-proteina-de-soja-banner03.jpg 1080w, https:\/\/www.demusculos.com\/web\/wp-content\/uploads\/2024\/03\/soy-protein-htn-1kg-proteina-de-soja-banner03-300x300.jpg 300w, https:\/\/www.demusculos.com\/web\/wp-content\/uploads\/2024\/03\/soy-protein-htn-1kg-proteina-de-soja-banner03-150x150.jpg 150w, https:\/\/www.demusculos.com\/web\/wp-content\/uploads\/2024\/03\/soy-protein-htn-1kg-proteina-de-soja-banner03-800x800.jpg 800w, https:\/\/www.demusculos.com\/web\/wp-content\/uploads\/2024\/03\/soy-protein-htn-1kg-proteina-de-soja-banner03-1024x1024.jpg 1024w, https:\/\/www.demusculos.com\/web\/wp-content\/uploads\/2024\/03\/soy-protein-htn-1kg-proteina-de-soja-banner03-768x768.jpg 768w\" sizes=\"(max-width: 1080px) 100vw, 1080px\" \/><figcaption id=\"caption-attachment-6426\" class=\"wp-caption-text\">Prote\u00edna de soja de HTN x 1 kg<\/figcaption><\/figure>\n<h3><strong>Modo de Uso:<\/strong><\/h3>\n<p>Disuelve una medida al ras (30 g) de USA SOY Protein HTN en agua o leche despu\u00e9s del ejercicio o alejada de las comidas en los d\u00edas de descanso. \u00a1Apto para celiacos, diab\u00e9ticos y veganos!<\/p>\n<hr \/>\n<p>Con la USA SOY Protein HTN, sube un escal\u00f3n m\u00e1s en tu nutrici\u00f3n y alcanza tus objetivos de manera saludable. \u00a1Tu cuerpo te lo agradecer\u00e1!<\/p>\n<figure id=\"attachment_6427\" aria-describedby=\"caption-attachment-6427\" style=\"width: 1080px\" class=\"wp-caption alignnone\"><img loading=\"lazy\" decoding=\"async\" class=\"size-full wp-image-6427\" src=\"https:\/\/www.demusculos.com\/web\/wp-content\/uploads\/2024\/03\/soy-protein-htn-1kg-proteina-de-soja-banner04.jpg\" alt=\"Datos destacados de Usa Soy Protein de HTN x 1 kg\" width=\"1080\" height=\"1080\" srcset=\"https:\/\/www.demusculos.com\/web\/wp-content\/uploads\/2024\/03\/soy-protein-htn-1kg-proteina-de-soja-banner04.jpg 1080w, https:\/\/www.demusculos.com\/web\/wp-content\/uploads\/2024\/03\/soy-protein-htn-1kg-proteina-de-soja-banner04-300x300.jpg 300w, https:\/\/www.demusculos.com\/web\/wp-content\/uploads\/2024\/03\/soy-protein-htn-1kg-proteina-de-soja-banner04-150x150.jpg 150w, https:\/\/www.demusculos.com\/web\/wp-content\/uploads\/2024\/03\/soy-protein-htn-1kg-proteina-de-soja-banner04-800x800.jpg 800w, https:\/\/www.demusculos.com\/web\/wp-content\/uploads\/2024\/03\/soy-protein-htn-1kg-proteina-de-soja-banner04-1024x1024.jpg 1024w, https:\/\/www.demusculos.com\/web\/wp-content\/uploads\/2024\/03\/soy-protein-htn-1kg-proteina-de-soja-banner04-768x768.jpg 768w\" sizes=\"(max-width: 1080px) 100vw, 1080px\" \/><figcaption id=\"caption-attachment-6427\" class=\"wp-caption-text\">Lo m\u00e1s relevante de esta prote\u00edna<\/figcaption><\/figure>\n<figure id=\"attachment_6428\" aria-describedby=\"caption-attachment-6428\" style=\"width: 1080px\" class=\"wp-caption alignnone\"><img loading=\"lazy\" decoding=\"async\" class=\"size-full wp-image-6428\" src=\"https:\/\/www.demusculos.com\/web\/wp-content\/uploads\/2024\/03\/soy-protein-htn-1kg-proteina-de-soja-banner05.jpg\" alt=\"\u00bfC\u00f3mo tomar Usa Soy Protein de HTN x 1 kg?\" width=\"1080\" height=\"1080\" srcset=\"https:\/\/www.demusculos.com\/web\/wp-content\/uploads\/2024\/03\/soy-protein-htn-1kg-proteina-de-soja-banner05.jpg 1080w, https:\/\/www.demusculos.com\/web\/wp-content\/uploads\/2024\/03\/soy-protein-htn-1kg-proteina-de-soja-banner05-300x300.jpg 300w, https:\/\/www.demusculos.com\/web\/wp-content\/uploads\/2024\/03\/soy-protein-htn-1kg-proteina-de-soja-banner05-150x150.jpg 150w, https:\/\/www.demusculos.com\/web\/wp-content\/uploads\/2024\/03\/soy-protein-htn-1kg-proteina-de-soja-banner05-800x800.jpg 800w, https:\/\/www.demusculos.com\/web\/wp-content\/uploads\/2024\/03\/soy-protein-htn-1kg-proteina-de-soja-banner05-1024x1024.jpg 1024w, https:\/\/www.demusculos.com\/web\/wp-content\/uploads\/2024\/03\/soy-protein-htn-1kg-proteina-de-soja-banner05-768x768.jpg 768w\" sizes=\"(max-width: 1080px) 100vw, 1080px\" \/><figcaption id=\"caption-attachment-6428\" class=\"wp-caption-text\">Como tomar la prote\u00edna de soja<\/figcaption><\/figure>\n<figure id=\"attachment_6429\" aria-describedby=\"caption-attachment-6429\" style=\"width: 1080px\" class=\"wp-caption alignnone\"><img loading=\"lazy\" decoding=\"async\" class=\"size-full wp-image-6429\" src=\"https:\/\/www.demusculos.com\/web\/wp-content\/uploads\/2024\/03\/soy-protein-htn-1kg-proteina-de-soja-banner06.jpg\" alt=\"Usa Soy Protein de HTN x 1 kg es fabricada por HTN\" width=\"1080\" height=\"1080\" srcset=\"https:\/\/www.demusculos.com\/web\/wp-content\/uploads\/2024\/03\/soy-protein-htn-1kg-proteina-de-soja-banner06.jpg 1080w, https:\/\/www.demusculos.com\/web\/wp-content\/uploads\/2024\/03\/soy-protein-htn-1kg-proteina-de-soja-banner06-300x300.jpg 300w, https:\/\/www.demusculos.com\/web\/wp-content\/uploads\/2024\/03\/soy-protein-htn-1kg-proteina-de-soja-banner06-150x150.jpg 150w, https:\/\/www.demusculos.com\/web\/wp-content\/uploads\/2024\/03\/soy-protein-htn-1kg-proteina-de-soja-banner06-800x800.jpg 800w, https:\/\/www.demusculos.com\/web\/wp-content\/uploads\/2024\/03\/soy-protein-htn-1kg-proteina-de-soja-banner06-1024x1024.jpg 1024w, https:\/\/www.demusculos.com\/web\/wp-content\/uploads\/2024\/03\/soy-protein-htn-1kg-proteina-de-soja-banner06-768x768.jpg 768w\" sizes=\"(max-width: 1080px) 100vw, 1080px\" \/><figcaption id=\"caption-attachment-6429\" class=\"wp-caption-text\">Fabricada por HTN<\/figcaption><\/figure>\n","protected":false},"excerpt":{"rendered":"<p>Prote\u00edna de soja potenciada con quemador de grasas L-Carnitina ideal para aportar prote\u00edna 100% de origen vegetal y dieta.<\/p>\n","protected":false},"featured_media":1756,"comment_status":"closed","ping_status":"closed","template":"","meta":[],"product_brand":[234],"product_cat":[16],"product_tag":[97,51,134,133],"class_list":{"0":"post-1755","1":"product","2":"type-product","3":"status-publish","4":"has-post-thumbnail","6":"product_brand-htn","7":"product_cat-proteinas","8":"product_tag-dieta","9":"product_tag-htn","10":"product_tag-soja","11":"product_tag-vegano","13":"first","14":"instock","15":"sale","16":"shipping-taxable","17":"purchasable","18":"product-type-variable"},"yoast_head":"<!-- This site is optimized with the Yoast SEO plugin v27.5 - https:\/\/yoast.com\/product\/yoast-seo-wordpress\/ -->\n<title>Usa Soy Protein | 1 kg | HTN | Prote\u00edna de Soja | DeMusculos.com<\/title>\n<meta name=\"description\" content=\"Usa Soy Protein x1 kg es fabricada con las mejores materias primas por HTN. Ideal para dieta y aumento de rendimiento, masa muscular. Env\u00edo. Cuotas.\" \/>\n<meta name=\"robots\" content=\"index, follow, max-snippet:-1, max-image-preview:large, max-video-preview:-1\" \/>\n<link rel=\"canonical\" href=\"https:\/\/www.demusculos.com\/web\/producto\/soy-protein-2-lbs-htn-proteina-potenciada-con-carnitina\/\" \/>\n<meta property=\"og:locale\" content=\"es_ES\" \/>\n<meta property=\"og:type\" content=\"article\" \/>\n<meta property=\"og:title\" content=\"Usa Soy Protein | 1 kg | HTN | Prote\u00edna de Soja | DeMusculos.com\" \/>\n<meta property=\"og:description\" content=\"Usa Soy Protein x1 kg es fabricada con las mejores materias primas por HTN. Ideal para dieta y aumento de rendimiento, masa muscular. Env\u00edo. Cuotas.\" \/>\n<meta property=\"og:url\" content=\"https:\/\/www.demusculos.com\/web\/producto\/soy-protein-2-lbs-htn-proteina-potenciada-con-carnitina\/\" \/>\n<meta property=\"og:site_name\" content=\"DeMusculos\" \/>\n<meta property=\"article:publisher\" content=\"https:\/\/www.facebook.com\/demusculos\" \/>\n<meta property=\"article:modified_time\" content=\"2026-04-28T15:43:31+00:00\" \/>\n<meta property=\"og:image\" content=\"https:\/\/www.demusculos.com\/web\/wp-content\/uploads\/2024\/03\/soy-protein-htn-1kg-proteina-de-soja-01.jpg\" \/>\n\t<meta property=\"og:image:width\" content=\"1200\" \/>\n\t<meta property=\"og:image:height\" content=\"1200\" \/>\n\t<meta property=\"og:image:type\" content=\"image\/jpeg\" \/>\n<meta name=\"twitter:card\" content=\"summary_large_image\" \/>\n<meta name=\"twitter:site\" content=\"@demusculos\" \/>\n<meta name=\"twitter:label1\" content=\"Tiempo de lectura\" \/>\n\t<meta name=\"twitter:data1\" content=\"4 minutos\" \/>\n<script type=\"application\/ld+json\" class=\"yoast-schema-graph\">{\"@context\":\"https:\\\/\\\/schema.org\",\"@graph\":[{\"@type\":\"WebPage\",\"@id\":\"https:\\\/\\\/www.demusculos.com\\\/web\\\/producto\\\/soy-protein-2-lbs-htn-proteina-potenciada-con-carnitina\\\/\",\"url\":\"https:\\\/\\\/www.demusculos.com\\\/web\\\/producto\\\/soy-protein-2-lbs-htn-proteina-potenciada-con-carnitina\\\/\",\"name\":\"Usa Soy Protein | 1 kg | HTN | Prote\u00edna de Soja | DeMusculos.com\",\"isPartOf\":{\"@id\":\"https:\\\/\\\/www.demusculos.com\\\/web\\\/#website\"},\"primaryImageOfPage\":{\"@id\":\"https:\\\/\\\/www.demusculos.com\\\/web\\\/producto\\\/soy-protein-2-lbs-htn-proteina-potenciada-con-carnitina\\\/#primaryimage\"},\"image\":{\"@id\":\"https:\\\/\\\/www.demusculos.com\\\/web\\\/producto\\\/soy-protein-2-lbs-htn-proteina-potenciada-con-carnitina\\\/#primaryimage\"},\"thumbnailUrl\":\"https:\\\/\\\/www.demusculos.com\\\/web\\\/wp-content\\\/uploads\\\/2024\\\/03\\\/soy-protein-htn-1kg-proteina-de-soja-01.jpg\",\"datePublished\":\"2024-03-05T11:08:55+00:00\",\"dateModified\":\"2026-04-28T15:43:31+00:00\",\"description\":\"Usa Soy Protein x1 kg es fabricada con las mejores materias primas por HTN. Ideal para dieta y aumento de rendimiento, masa muscular. Env\u00edo. Cuotas.\",\"breadcrumb\":{\"@id\":\"https:\\\/\\\/www.demusculos.com\\\/web\\\/producto\\\/soy-protein-2-lbs-htn-proteina-potenciada-con-carnitina\\\/#breadcrumb\"},\"inLanguage\":\"es\",\"potentialAction\":[{\"@type\":\"ReadAction\",\"target\":[\"https:\\\/\\\/www.demusculos.com\\\/web\\\/producto\\\/soy-protein-2-lbs-htn-proteina-potenciada-con-carnitina\\\/\"]}]},{\"@type\":\"ImageObject\",\"inLanguage\":\"es\",\"@id\":\"https:\\\/\\\/www.demusculos.com\\\/web\\\/producto\\\/soy-protein-2-lbs-htn-proteina-potenciada-con-carnitina\\\/#primaryimage\",\"url\":\"https:\\\/\\\/www.demusculos.com\\\/web\\\/wp-content\\\/uploads\\\/2024\\\/03\\\/soy-protein-htn-1kg-proteina-de-soja-01.jpg\",\"contentUrl\":\"https:\\\/\\\/www.demusculos.com\\\/web\\\/wp-content\\\/uploads\\\/2024\\\/03\\\/soy-protein-htn-1kg-proteina-de-soja-01.jpg\",\"width\":1200,\"height\":1200,\"caption\":\"Soy Protein 2 lbs de HTN\"},{\"@type\":\"BreadcrumbList\",\"@id\":\"https:\\\/\\\/www.demusculos.com\\\/web\\\/producto\\\/soy-protein-2-lbs-htn-proteina-potenciada-con-carnitina\\\/#breadcrumb\",\"itemListElement\":[{\"@type\":\"ListItem\",\"position\":1,\"name\":\"Inicio\",\"item\":\"https:\\\/\\\/www.demusculos.com\\\/web\\\/\"},{\"@type\":\"ListItem\",\"position\":2,\"name\":\"Suplementos\",\"item\":\"https:\\\/\\\/www.demusculos.com\\\/web\\\/tienda\\\/\"},{\"@type\":\"ListItem\",\"position\":3,\"name\":\"Soy Protein 2 Lbs HTN Prote\u00edna potenciada con Carnitina\"}]},{\"@type\":\"WebSite\",\"@id\":\"https:\\\/\\\/www.demusculos.com\\\/web\\\/#website\",\"url\":\"https:\\\/\\\/www.demusculos.com\\\/web\\\/\",\"name\":\"DeMusculos.com\",\"description\":\"Suplementos Naturales\",\"publisher\":{\"@id\":\"https:\\\/\\\/www.demusculos.com\\\/web\\\/#organization\"},\"alternateName\":\"Suplementos Naturales\",\"potentialAction\":[{\"@type\":\"SearchAction\",\"target\":{\"@type\":\"EntryPoint\",\"urlTemplate\":\"https:\\\/\\\/www.demusculos.com\\\/web\\\/?s={search_term_string}\"},\"query-input\":{\"@type\":\"PropertyValueSpecification\",\"valueRequired\":true,\"valueName\":\"search_term_string\"}}],\"inLanguage\":\"es\"},{\"@type\":\"Organization\",\"@id\":\"https:\\\/\\\/www.demusculos.com\\\/web\\\/#organization\",\"name\":\"DeMusculos.com\",\"alternateName\":\"DeMusculos\",\"url\":\"https:\\\/\\\/www.demusculos.com\\\/web\\\/\",\"logo\":{\"@type\":\"ImageObject\",\"inLanguage\":\"es\",\"@id\":\"https:\\\/\\\/www.demusculos.com\\\/web\\\/#\\\/schema\\\/logo\\\/image\\\/\",\"url\":\"https:\\\/\\\/www.demusculos.com\\\/web\\\/wp-content\\\/uploads\\\/2024\\\/02\\\/logo-demusculos-prestashop-usuario.png\",\"contentUrl\":\"https:\\\/\\\/www.demusculos.com\\\/web\\\/wp-content\\\/uploads\\\/2024\\\/02\\\/logo-demusculos-prestashop-usuario.png\",\"width\":150,\"height\":150,\"caption\":\"DeMusculos.com\"},\"image\":{\"@id\":\"https:\\\/\\\/www.demusculos.com\\\/web\\\/#\\\/schema\\\/logo\\\/image\\\/\"},\"sameAs\":[\"https:\\\/\\\/www.facebook.com\\\/demusculos\",\"https:\\\/\\\/x.com\\\/demusculos\",\"https:\\\/\\\/www.instagram.com\\\/demusculos\",\"https:\\\/\\\/www.tiktok.com\\\/@demusculos.com\"]}]}<\/script>\n<!-- \/ Yoast SEO plugin. -->","yoast_head_json":{"title":"Usa Soy Protein | 1 kg | HTN | Prote\u00edna de Soja | DeMusculos.com","description":"Usa Soy Protein x1 kg es fabricada con las mejores materias primas por HTN. Ideal para dieta y aumento de rendimiento, masa muscular. Env\u00edo. Cuotas.","robots":{"index":"index","follow":"follow","max-snippet":"max-snippet:-1","max-image-preview":"max-image-preview:large","max-video-preview":"max-video-preview:-1"},"canonical":"https:\/\/www.demusculos.com\/web\/producto\/soy-protein-2-lbs-htn-proteina-potenciada-con-carnitina\/","og_locale":"es_ES","og_type":"article","og_title":"Usa Soy Protein | 1 kg | HTN | Prote\u00edna de Soja | DeMusculos.com","og_description":"Usa Soy Protein x1 kg es fabricada con las mejores materias primas por HTN. Ideal para dieta y aumento de rendimiento, masa muscular. Env\u00edo. Cuotas.","og_url":"https:\/\/www.demusculos.com\/web\/producto\/soy-protein-2-lbs-htn-proteina-potenciada-con-carnitina\/","og_site_name":"DeMusculos","article_publisher":"https:\/\/www.facebook.com\/demusculos","article_modified_time":"2026-04-28T15:43:31+00:00","og_image":[{"width":1200,"height":1200,"url":"https:\/\/www.demusculos.com\/web\/wp-content\/uploads\/2024\/03\/soy-protein-htn-1kg-proteina-de-soja-01.jpg","type":"image\/jpeg"}],"twitter_card":"summary_large_image","twitter_site":"@demusculos","twitter_misc":{"Tiempo de lectura":"4 minutos"},"schema":{"@context":"https:\/\/schema.org","@graph":[{"@type":"WebPage","@id":"https:\/\/www.demusculos.com\/web\/producto\/soy-protein-2-lbs-htn-proteina-potenciada-con-carnitina\/","url":"https:\/\/www.demusculos.com\/web\/producto\/soy-protein-2-lbs-htn-proteina-potenciada-con-carnitina\/","name":"Usa Soy Protein | 1 kg | HTN | Prote\u00edna de Soja | DeMusculos.com","isPartOf":{"@id":"https:\/\/www.demusculos.com\/web\/#website"},"primaryImageOfPage":{"@id":"https:\/\/www.demusculos.com\/web\/producto\/soy-protein-2-lbs-htn-proteina-potenciada-con-carnitina\/#primaryimage"},"image":{"@id":"https:\/\/www.demusculos.com\/web\/producto\/soy-protein-2-lbs-htn-proteina-potenciada-con-carnitina\/#primaryimage"},"thumbnailUrl":"https:\/\/www.demusculos.com\/web\/wp-content\/uploads\/2024\/03\/soy-protein-htn-1kg-proteina-de-soja-01.jpg","datePublished":"2024-03-05T11:08:55+00:00","dateModified":"2026-04-28T15:43:31+00:00","description":"Usa Soy Protein x1 kg es fabricada con las mejores materias primas por HTN. Ideal para dieta y aumento de rendimiento, masa muscular. Env\u00edo. Cuotas.","breadcrumb":{"@id":"https:\/\/www.demusculos.com\/web\/producto\/soy-protein-2-lbs-htn-proteina-potenciada-con-carnitina\/#breadcrumb"},"inLanguage":"es","potentialAction":[{"@type":"ReadAction","target":["https:\/\/www.demusculos.com\/web\/producto\/soy-protein-2-lbs-htn-proteina-potenciada-con-carnitina\/"]}]},{"@type":"ImageObject","inLanguage":"es","@id":"https:\/\/www.demusculos.com\/web\/producto\/soy-protein-2-lbs-htn-proteina-potenciada-con-carnitina\/#primaryimage","url":"https:\/\/www.demusculos.com\/web\/wp-content\/uploads\/2024\/03\/soy-protein-htn-1kg-proteina-de-soja-01.jpg","contentUrl":"https:\/\/www.demusculos.com\/web\/wp-content\/uploads\/2024\/03\/soy-protein-htn-1kg-proteina-de-soja-01.jpg","width":1200,"height":1200,"caption":"Soy Protein 2 lbs de HTN"},{"@type":"BreadcrumbList","@id":"https:\/\/www.demusculos.com\/web\/producto\/soy-protein-2-lbs-htn-proteina-potenciada-con-carnitina\/#breadcrumb","itemListElement":[{"@type":"ListItem","position":1,"name":"Inicio","item":"https:\/\/www.demusculos.com\/web\/"},{"@type":"ListItem","position":2,"name":"Suplementos","item":"https:\/\/www.demusculos.com\/web\/tienda\/"},{"@type":"ListItem","position":3,"name":"Soy Protein 2 Lbs HTN Prote\u00edna potenciada con Carnitina"}]},{"@type":"WebSite","@id":"https:\/\/www.demusculos.com\/web\/#website","url":"https:\/\/www.demusculos.com\/web\/","name":"DeMusculos.com","description":"Suplementos Naturales","publisher":{"@id":"https:\/\/www.demusculos.com\/web\/#organization"},"alternateName":"Suplementos Naturales","potentialAction":[{"@type":"SearchAction","target":{"@type":"EntryPoint","urlTemplate":"https:\/\/www.demusculos.com\/web\/?s={search_term_string}"},"query-input":{"@type":"PropertyValueSpecification","valueRequired":true,"valueName":"search_term_string"}}],"inLanguage":"es"},{"@type":"Organization","@id":"https:\/\/www.demusculos.com\/web\/#organization","name":"DeMusculos.com","alternateName":"DeMusculos","url":"https:\/\/www.demusculos.com\/web\/","logo":{"@type":"ImageObject","inLanguage":"es","@id":"https:\/\/www.demusculos.com\/web\/#\/schema\/logo\/image\/","url":"https:\/\/www.demusculos.com\/web\/wp-content\/uploads\/2024\/02\/logo-demusculos-prestashop-usuario.png","contentUrl":"https:\/\/www.demusculos.com\/web\/wp-content\/uploads\/2024\/02\/logo-demusculos-prestashop-usuario.png","width":150,"height":150,"caption":"DeMusculos.com"},"image":{"@id":"https:\/\/www.demusculos.com\/web\/#\/schema\/logo\/image\/"},"sameAs":["https:\/\/www.facebook.com\/demusculos","https:\/\/x.com\/demusculos","https:\/\/www.instagram.com\/demusculos","https:\/\/www.tiktok.com\/@demusculos.com"]}]}},"_links":{"self":[{"href":"https:\/\/www.demusculos.com\/web\/wp-json\/wp\/v2\/product\/1755","targetHints":{"allow":["GET"]}}],"collection":[{"href":"https:\/\/www.demusculos.com\/web\/wp-json\/wp\/v2\/product"}],"about":[{"href":"https:\/\/www.demusculos.com\/web\/wp-json\/wp\/v2\/types\/product"}],"replies":[{"embeddable":true,"href":"https:\/\/www.demusculos.com\/web\/wp-json\/wp\/v2\/comments?post=1755"}],"wp:featuredmedia":[{"embeddable":true,"href":"https:\/\/www.demusculos.com\/web\/wp-json\/wp\/v2\/media\/1756"}],"wp:attachment":[{"href":"https:\/\/www.demusculos.com\/web\/wp-json\/wp\/v2\/media?parent=1755"}],"wp:term":[{"taxonomy":"product_brand","embeddable":true,"href":"https:\/\/www.demusculos.com\/web\/wp-json\/wp\/v2\/product_brand?post=1755"},{"taxonomy":"product_cat","embeddable":true,"href":"https:\/\/www.demusculos.com\/web\/wp-json\/wp\/v2\/product_cat?post=1755"},{"taxonomy":"product_tag","embeddable":true,"href":"https:\/\/www.demusculos.com\/web\/wp-json\/wp\/v2\/product_tag?post=1755"}],"curies":[{"name":"wp","href":"https:\/\/api.w.org\/{rel}","templated":true}]}}