{"id":1842,"date":"2024-03-05T18:09:50","date_gmt":"2024-03-05T21:09:50","guid":{"rendered":"https:\/\/www.demusculos.com\/web\/?post_type=product&#038;p=1842"},"modified":"2026-03-04T13:29:54","modified_gmt":"2026-03-04T16:29:54","slug":"muscle-max-x90-de-ena-sport","status":"publish","type":"product","link":"https:\/\/www.demusculos.com\/web\/producto\/muscle-max-x90-de-ena-sport\/","title":{"rendered":"Muscle Max x90 de Ena Sport"},"content":{"rendered":"<h2>Muscle Max Ena Sport: Masa Muscular y Rendimiento<\/h2>\n<p>Muscle Max Ena Sport es un excelente producto para rendimiento, masa muscular. Fabricado por Ena en la Argentina y Distribuido por DeMusculos.com se lo considera un excelente producto para combinar con prote\u00ednas, creatinas, amino\u00e1cidos o tomar por si solo. Aumenta le rendimiento y mejora la masa muscular.<\/p>\n<figure id=\"attachment_142\" aria-describedby=\"caption-attachment-142\" style=\"width: 300px\" class=\"wp-caption alignnone\"><img decoding=\"async\" class=\"size-full wp-image-142\" src=\"https:\/\/www.demusculos.com\/web\/wp-content\/uploads\/2024\/02\/puntos-estrellas-10.png\" alt=\"Calificaci\u00f3n: 10 puntos\" width=\"300\" height=\"30\" srcset=\"https:\/\/www.demusculos.com\/web\/wp-content\/uploads\/2024\/02\/puntos-estrellas-10.png 300w, https:\/\/www.demusculos.com\/web\/wp-content\/uploads\/2024\/02\/puntos-estrellas-10-150x15.png 150w\" sizes=\"(max-width: 300px) 100vw, 300px\" \/><figcaption id=\"caption-attachment-142\" class=\"wp-caption-text\">10 puntos. Trayectoria de la marca en el mercado.<\/figcaption><\/figure>\n<figure id=\"attachment_140\" aria-describedby=\"caption-attachment-140\" style=\"width: 300px\" class=\"wp-caption alignnone\"><img decoding=\"async\" class=\"size-full wp-image-140\" src=\"https:\/\/www.demusculos.com\/web\/wp-content\/uploads\/2024\/02\/puntos-estrellas-08.png\" alt=\"\" width=\"300\" height=\"30\" srcset=\"https:\/\/www.demusculos.com\/web\/wp-content\/uploads\/2024\/02\/puntos-estrellas-08.png 300w, https:\/\/www.demusculos.com\/web\/wp-content\/uploads\/2024\/02\/puntos-estrellas-08-150x15.png 150w\" sizes=\"(max-width: 300px) 100vw, 300px\" \/><figcaption id=\"caption-attachment-140\" class=\"wp-caption-text\">8 puntos. Valor del producto comparado con otros \u00f3xidos n\u00edtricos con Arginina.<\/figcaption><\/figure>\n<figure id=\"attachment_151\" aria-describedby=\"caption-attachment-151\" style=\"width: 446px\" class=\"wp-caption alignnone\"><img decoding=\"async\" class=\"size-full wp-image-151\" src=\"https:\/\/www.demusculos.com\/web\/wp-content\/uploads\/2024\/02\/logo-ena-sport.png\" alt=\"Suplementos naturales Ena Sport. Empresa de nutricion Argentina.\" width=\"446\" height=\"103\" srcset=\"https:\/\/www.demusculos.com\/web\/wp-content\/uploads\/2024\/02\/logo-ena-sport.png 446w, https:\/\/www.demusculos.com\/web\/wp-content\/uploads\/2024\/02\/logo-ena-sport-300x69.png 300w, https:\/\/www.demusculos.com\/web\/wp-content\/uploads\/2024\/02\/logo-ena-sport-150x35.png 150w, https:\/\/www.demusculos.com\/web\/wp-content\/uploads\/2024\/02\/logo-ena-sport-416x96.png 416w\" sizes=\"(max-width: 446px) 100vw, 446px\" \/><figcaption id=\"caption-attachment-151\" class=\"wp-caption-text\">Este producto es fabricado por ENA SPORT (Empresa de Nutrici\u00f3n Argentina). Es una de las empresas pioneras en el rubro.<\/figcaption><\/figure>\n<h2><strong>Muscle Max: Potencia tu Rendimiento y Recuperaci\u00f3n<\/strong><\/h2>\n<h3><strong>Beneficios Destacados:<\/strong><\/h3>\n<ol>\n<li><strong>Aumento de la Masa Muscular<\/strong>: Muscle Max favorece el crecimiento de los tejidos y m\u00fasculos, gracias a su combinaci\u00f3n de tres amino\u00e1cidos clave.<\/li>\n<li><strong>Mayor Rendimiento<\/strong>: Los componentes de Muscle Max contribuyen a reducir la fatiga muscular, aumentar la resistencia y proporcionar mayor energ\u00eda durante tus entrenamientos.<\/li>\n<li><strong>R\u00e1pida Recuperaci\u00f3n<\/strong>: La L-arginina y otros amino\u00e1cidos en Muscle Max aceleran la recuperaci\u00f3n despu\u00e9s del ejercicio intenso.<\/li>\n<\/ol>\n<figure id=\"attachment_12404\" aria-describedby=\"caption-attachment-12404\" style=\"width: 300px\" class=\"wp-caption alignnone\"><img loading=\"lazy\" decoding=\"async\" class=\"size-full wp-image-12404\" src=\"https:\/\/www.demusculos.com\/web\/wp-content\/uploads\/2025\/05\/icono-masa-muscular.webp\" alt=\"Masa Muscular\" width=\"300\" height=\"300\" srcset=\"https:\/\/www.demusculos.com\/web\/wp-content\/uploads\/2025\/05\/icono-masa-muscular.webp 300w, https:\/\/www.demusculos.com\/web\/wp-content\/uploads\/2025\/05\/icono-masa-muscular-150x150.webp 150w, https:\/\/www.demusculos.com\/web\/wp-content\/uploads\/2025\/05\/icono-masa-muscular-100x100.webp 100w\" sizes=\"(max-width: 300px) 100vw, 300px\" \/><figcaption id=\"caption-attachment-12404\" class=\"wp-caption-text\">Beneficio: Aumento de masa muscular<\/figcaption><\/figure>\n<h3><strong>Ingredientes Clave:<\/strong><\/h3>\n<ul>\n<li><a href=\"https:\/\/www.demusculos.com\/contenidos\/l-arginina-como-vasodilatador-oxido-nitrico\/\"><strong>L-ARGININA<\/strong><\/a>: Precursor del \u00f3xido n\u00edtrico (O.N.), que mejora la circulaci\u00f3n sangu\u00ednea y la entrega de nutrientes a los m\u00fasculos. Esto resulta en una recuperaci\u00f3n m\u00e1s r\u00e1pida y una mayor resistencia.<\/li>\n<li><a href=\"https:\/\/www.demusculos.com\/contenidos\/todo-sobre-la-ornitina\/\"><strong>L-ORNITINA<\/strong><\/a>: Ayuda al rendimiento deportivo y contribuye al metabolismo del exceso de grasa.<\/li>\n<li><a href=\"https:\/\/www.demusculos.com\/contenidos\/l-lisina\/\"><strong>L-LISINA<\/strong><\/a>: Convierte los \u00e1cidos grasos en energ\u00eda, mejora la absorci\u00f3n del calcio y refuerza las defensas del organismo.<\/li>\n<\/ul>\n<figure id=\"attachment_12396\" aria-describedby=\"caption-attachment-12396\" style=\"width: 300px\" class=\"wp-caption alignnone\"><img loading=\"lazy\" decoding=\"async\" class=\"size-full wp-image-12396\" src=\"https:\/\/www.demusculos.com\/web\/wp-content\/uploads\/2025\/05\/icono-ambos-sexos-hombre-mujer.webp\" alt=\"Para ambos sexos\" width=\"300\" height=\"300\" srcset=\"https:\/\/www.demusculos.com\/web\/wp-content\/uploads\/2025\/05\/icono-ambos-sexos-hombre-mujer.webp 300w, https:\/\/www.demusculos.com\/web\/wp-content\/uploads\/2025\/05\/icono-ambos-sexos-hombre-mujer-150x150.webp 150w, https:\/\/www.demusculos.com\/web\/wp-content\/uploads\/2025\/05\/icono-ambos-sexos-hombre-mujer-100x100.webp 100w\" sizes=\"(max-width: 300px) 100vw, 300px\" \/><figcaption id=\"caption-attachment-12396\" class=\"wp-caption-text\">Puede ser consumido por hombres y mujeres mayores de 18 a\u00f1os.<\/figcaption><\/figure>\n<h3><strong>Detalles del Producto:<\/strong><\/h3>\n<ul>\n<li><strong>Presentaci\u00f3n<\/strong>: 90 tabletas de 1000 miligramos cada una.<\/li>\n<li><strong>Modo de Empleo<\/strong>: Consumir tres tabletas al d\u00eda, preferentemente antes de acostarse.<\/li>\n<\/ul>\n<p>\u00a1Muscle Max es tu aliado para alcanzar tus objetivos de entrenamiento!<\/p>\n<div class=\"video-container\"><iframe title=\"Muscle Max de Ena Sport con Arginina, poderoso vasodilatador\" width=\"1170\" height=\"658\" src=\"https:\/\/www.youtube.com\/embed\/0a_GI6jFrpI?feature=oembed\" frameborder=\"0\" allow=\"accelerometer; autoplay; clipboard-write; encrypted-media; gyroscope; picture-in-picture; web-share\" referrerpolicy=\"strict-origin-when-cross-origin\" allowfullscreen><\/iframe><\/div>\n","protected":false},"excerpt":{"rendered":"<p>Estimula el crecimiento muscular. Ideal para tomar junto con prote\u00ednas, creatinas, amino\u00e1cidos, etc.<\/p>\n","protected":false},"featured_media":13323,"comment_status":"closed","ping_status":"closed","template":"","meta":[],"product_brand":[223],"product_cat":[42],"product_tag":[38,77],"class_list":{"0":"post-1842","1":"product","2":"type-product","3":"status-publish","4":"has-post-thumbnail","6":"product_brand-ena-sport","7":"product_cat-hormonales-y-testo","8":"product_tag-ena-sport","9":"product_tag-masa-muscular","11":"first","12":"instock","13":"sale","14":"shipping-taxable","15":"purchasable","16":"product-type-simple"},"yoast_head":"<!-- This site is optimized with the Yoast SEO plugin v27.6 - https:\/\/yoast.com\/product\/yoast-seo-wordpress\/ -->\n<title>Muscle Max Ena Sport | x90 comprimidos | Ena Sport<\/title>\n<meta name=\"description\" content=\"Muscle Max Ena Sport es un poderoso producto que tiene como objetivo aumentar tu rendimiento, prevenir la fatiga y aumentar la vasodilataci\u00f3n.\" \/>\n<meta name=\"robots\" content=\"index, follow, max-snippet:-1, max-image-preview:large, max-video-preview:-1\" \/>\n<link rel=\"canonical\" href=\"https:\/\/www.demusculos.com\/web\/producto\/muscle-max-x90-de-ena-sport\/\" \/>\n<meta property=\"og:locale\" content=\"es_ES\" \/>\n<meta property=\"og:type\" content=\"article\" \/>\n<meta property=\"og:title\" content=\"Muscle Max Ena Sport | x90 comprimidos | Ena Sport\" \/>\n<meta property=\"og:description\" content=\"Muscle Max Ena Sport es un poderoso producto que tiene como objetivo aumentar tu rendimiento, prevenir la fatiga y aumentar la vasodilataci\u00f3n.\" \/>\n<meta property=\"og:url\" content=\"https:\/\/www.demusculos.com\/web\/producto\/muscle-max-x90-de-ena-sport\/\" \/>\n<meta property=\"og:site_name\" content=\"DeMusculos\" \/>\n<meta property=\"article:publisher\" content=\"https:\/\/www.facebook.com\/demusculos\" \/>\n<meta property=\"article:modified_time\" content=\"2026-03-04T16:29:54+00:00\" \/>\n<meta property=\"og:image\" content=\"https:\/\/www.demusculos.com\/web\/wp-content\/uploads\/2024\/03\/musclemax-90-enaa.webp\" \/>\n\t<meta property=\"og:image:width\" content=\"1200\" \/>\n\t<meta property=\"og:image:height\" content=\"1200\" \/>\n\t<meta property=\"og:image:type\" content=\"image\/webp\" \/>\n<meta name=\"twitter:card\" content=\"summary_large_image\" \/>\n<meta name=\"twitter:site\" content=\"@demusculos\" \/>\n<meta name=\"twitter:label1\" content=\"Tiempo de lectura\" \/>\n\t<meta name=\"twitter:data1\" content=\"3 minutos\" \/>\n<script type=\"application\/ld+json\" class=\"yoast-schema-graph\">{\"@context\":\"https:\\\/\\\/schema.org\",\"@graph\":[{\"@type\":\"WebPage\",\"@id\":\"https:\\\/\\\/www.demusculos.com\\\/web\\\/producto\\\/muscle-max-x90-de-ena-sport\\\/\",\"url\":\"https:\\\/\\\/www.demusculos.com\\\/web\\\/producto\\\/muscle-max-x90-de-ena-sport\\\/\",\"name\":\"Muscle Max Ena Sport | x90 comprimidos | Ena Sport\",\"isPartOf\":{\"@id\":\"https:\\\/\\\/www.demusculos.com\\\/web\\\/#website\"},\"primaryImageOfPage\":{\"@id\":\"https:\\\/\\\/www.demusculos.com\\\/web\\\/producto\\\/muscle-max-x90-de-ena-sport\\\/#primaryimage\"},\"image\":{\"@id\":\"https:\\\/\\\/www.demusculos.com\\\/web\\\/producto\\\/muscle-max-x90-de-ena-sport\\\/#primaryimage\"},\"thumbnailUrl\":\"https:\\\/\\\/www.demusculos.com\\\/web\\\/wp-content\\\/uploads\\\/2024\\\/03\\\/musclemax-90-enaa.webp\",\"datePublished\":\"2024-03-05T21:09:50+00:00\",\"dateModified\":\"2026-03-04T16:29:54+00:00\",\"description\":\"Muscle Max Ena Sport es un poderoso producto que tiene como objetivo aumentar tu rendimiento, prevenir la fatiga y aumentar la vasodilataci\u00f3n.\",\"breadcrumb\":{\"@id\":\"https:\\\/\\\/www.demusculos.com\\\/web\\\/producto\\\/muscle-max-x90-de-ena-sport\\\/#breadcrumb\"},\"inLanguage\":\"es\",\"potentialAction\":[{\"@type\":\"ReadAction\",\"target\":[\"https:\\\/\\\/www.demusculos.com\\\/web\\\/producto\\\/muscle-max-x90-de-ena-sport\\\/\"]}]},{\"@type\":\"ImageObject\",\"inLanguage\":\"es\",\"@id\":\"https:\\\/\\\/www.demusculos.com\\\/web\\\/producto\\\/muscle-max-x90-de-ena-sport\\\/#primaryimage\",\"url\":\"https:\\\/\\\/www.demusculos.com\\\/web\\\/wp-content\\\/uploads\\\/2024\\\/03\\\/musclemax-90-enaa.webp\",\"contentUrl\":\"https:\\\/\\\/www.demusculos.com\\\/web\\\/wp-content\\\/uploads\\\/2024\\\/03\\\/musclemax-90-enaa.webp\",\"width\":1200,\"height\":1200,\"caption\":\"Muscle Max de Ena Sport\"},{\"@type\":\"BreadcrumbList\",\"@id\":\"https:\\\/\\\/www.demusculos.com\\\/web\\\/producto\\\/muscle-max-x90-de-ena-sport\\\/#breadcrumb\",\"itemListElement\":[{\"@type\":\"ListItem\",\"position\":1,\"name\":\"Inicio\",\"item\":\"https:\\\/\\\/www.demusculos.com\\\/web\\\/\"},{\"@type\":\"ListItem\",\"position\":2,\"name\":\"Suplementos\",\"item\":\"https:\\\/\\\/www.demusculos.com\\\/web\\\/tienda\\\/\"},{\"@type\":\"ListItem\",\"position\":3,\"name\":\"Muscle Max x90 de Ena Sport\"}]},{\"@type\":\"WebSite\",\"@id\":\"https:\\\/\\\/www.demusculos.com\\\/web\\\/#website\",\"url\":\"https:\\\/\\\/www.demusculos.com\\\/web\\\/\",\"name\":\"DeMusculos.com\",\"description\":\"Suplementos Naturales\",\"publisher\":{\"@id\":\"https:\\\/\\\/www.demusculos.com\\\/web\\\/#organization\"},\"alternateName\":\"Suplementos Naturales\",\"potentialAction\":[{\"@type\":\"SearchAction\",\"target\":{\"@type\":\"EntryPoint\",\"urlTemplate\":\"https:\\\/\\\/www.demusculos.com\\\/web\\\/?s={search_term_string}\"},\"query-input\":{\"@type\":\"PropertyValueSpecification\",\"valueRequired\":true,\"valueName\":\"search_term_string\"}}],\"inLanguage\":\"es\"},{\"@type\":\"Organization\",\"@id\":\"https:\\\/\\\/www.demusculos.com\\\/web\\\/#organization\",\"name\":\"DeMusculos.com\",\"alternateName\":\"DeMusculos\",\"url\":\"https:\\\/\\\/www.demusculos.com\\\/web\\\/\",\"logo\":{\"@type\":\"ImageObject\",\"inLanguage\":\"es\",\"@id\":\"https:\\\/\\\/www.demusculos.com\\\/web\\\/#\\\/schema\\\/logo\\\/image\\\/\",\"url\":\"https:\\\/\\\/www.demusculos.com\\\/web\\\/wp-content\\\/uploads\\\/2024\\\/02\\\/logo-demusculos-prestashop-usuario.png\",\"contentUrl\":\"https:\\\/\\\/www.demusculos.com\\\/web\\\/wp-content\\\/uploads\\\/2024\\\/02\\\/logo-demusculos-prestashop-usuario.png\",\"width\":150,\"height\":150,\"caption\":\"DeMusculos.com\"},\"image\":{\"@id\":\"https:\\\/\\\/www.demusculos.com\\\/web\\\/#\\\/schema\\\/logo\\\/image\\\/\"},\"sameAs\":[\"https:\\\/\\\/www.facebook.com\\\/demusculos\",\"https:\\\/\\\/x.com\\\/demusculos\",\"https:\\\/\\\/www.instagram.com\\\/demusculos\",\"https:\\\/\\\/www.tiktok.com\\\/@demusculos.com\"]}]}<\/script>\n<!-- \/ Yoast SEO plugin. -->","yoast_head_json":{"title":"Muscle Max Ena Sport | x90 comprimidos | Ena Sport","description":"Muscle Max Ena Sport es un poderoso producto que tiene como objetivo aumentar tu rendimiento, prevenir la fatiga y aumentar la vasodilataci\u00f3n.","robots":{"index":"index","follow":"follow","max-snippet":"max-snippet:-1","max-image-preview":"max-image-preview:large","max-video-preview":"max-video-preview:-1"},"canonical":"https:\/\/www.demusculos.com\/web\/producto\/muscle-max-x90-de-ena-sport\/","og_locale":"es_ES","og_type":"article","og_title":"Muscle Max Ena Sport | x90 comprimidos | Ena Sport","og_description":"Muscle Max Ena Sport es un poderoso producto que tiene como objetivo aumentar tu rendimiento, prevenir la fatiga y aumentar la vasodilataci\u00f3n.","og_url":"https:\/\/www.demusculos.com\/web\/producto\/muscle-max-x90-de-ena-sport\/","og_site_name":"DeMusculos","article_publisher":"https:\/\/www.facebook.com\/demusculos","article_modified_time":"2026-03-04T16:29:54+00:00","og_image":[{"width":1200,"height":1200,"url":"https:\/\/www.demusculos.com\/web\/wp-content\/uploads\/2024\/03\/musclemax-90-enaa.webp","type":"image\/webp"}],"twitter_card":"summary_large_image","twitter_site":"@demusculos","twitter_misc":{"Tiempo de lectura":"3 minutos"},"schema":{"@context":"https:\/\/schema.org","@graph":[{"@type":"WebPage","@id":"https:\/\/www.demusculos.com\/web\/producto\/muscle-max-x90-de-ena-sport\/","url":"https:\/\/www.demusculos.com\/web\/producto\/muscle-max-x90-de-ena-sport\/","name":"Muscle Max Ena Sport | x90 comprimidos | Ena Sport","isPartOf":{"@id":"https:\/\/www.demusculos.com\/web\/#website"},"primaryImageOfPage":{"@id":"https:\/\/www.demusculos.com\/web\/producto\/muscle-max-x90-de-ena-sport\/#primaryimage"},"image":{"@id":"https:\/\/www.demusculos.com\/web\/producto\/muscle-max-x90-de-ena-sport\/#primaryimage"},"thumbnailUrl":"https:\/\/www.demusculos.com\/web\/wp-content\/uploads\/2024\/03\/musclemax-90-enaa.webp","datePublished":"2024-03-05T21:09:50+00:00","dateModified":"2026-03-04T16:29:54+00:00","description":"Muscle Max Ena Sport es un poderoso producto que tiene como objetivo aumentar tu rendimiento, prevenir la fatiga y aumentar la vasodilataci\u00f3n.","breadcrumb":{"@id":"https:\/\/www.demusculos.com\/web\/producto\/muscle-max-x90-de-ena-sport\/#breadcrumb"},"inLanguage":"es","potentialAction":[{"@type":"ReadAction","target":["https:\/\/www.demusculos.com\/web\/producto\/muscle-max-x90-de-ena-sport\/"]}]},{"@type":"ImageObject","inLanguage":"es","@id":"https:\/\/www.demusculos.com\/web\/producto\/muscle-max-x90-de-ena-sport\/#primaryimage","url":"https:\/\/www.demusculos.com\/web\/wp-content\/uploads\/2024\/03\/musclemax-90-enaa.webp","contentUrl":"https:\/\/www.demusculos.com\/web\/wp-content\/uploads\/2024\/03\/musclemax-90-enaa.webp","width":1200,"height":1200,"caption":"Muscle Max de Ena Sport"},{"@type":"BreadcrumbList","@id":"https:\/\/www.demusculos.com\/web\/producto\/muscle-max-x90-de-ena-sport\/#breadcrumb","itemListElement":[{"@type":"ListItem","position":1,"name":"Inicio","item":"https:\/\/www.demusculos.com\/web\/"},{"@type":"ListItem","position":2,"name":"Suplementos","item":"https:\/\/www.demusculos.com\/web\/tienda\/"},{"@type":"ListItem","position":3,"name":"Muscle Max x90 de Ena Sport"}]},{"@type":"WebSite","@id":"https:\/\/www.demusculos.com\/web\/#website","url":"https:\/\/www.demusculos.com\/web\/","name":"DeMusculos.com","description":"Suplementos Naturales","publisher":{"@id":"https:\/\/www.demusculos.com\/web\/#organization"},"alternateName":"Suplementos Naturales","potentialAction":[{"@type":"SearchAction","target":{"@type":"EntryPoint","urlTemplate":"https:\/\/www.demusculos.com\/web\/?s={search_term_string}"},"query-input":{"@type":"PropertyValueSpecification","valueRequired":true,"valueName":"search_term_string"}}],"inLanguage":"es"},{"@type":"Organization","@id":"https:\/\/www.demusculos.com\/web\/#organization","name":"DeMusculos.com","alternateName":"DeMusculos","url":"https:\/\/www.demusculos.com\/web\/","logo":{"@type":"ImageObject","inLanguage":"es","@id":"https:\/\/www.demusculos.com\/web\/#\/schema\/logo\/image\/","url":"https:\/\/www.demusculos.com\/web\/wp-content\/uploads\/2024\/02\/logo-demusculos-prestashop-usuario.png","contentUrl":"https:\/\/www.demusculos.com\/web\/wp-content\/uploads\/2024\/02\/logo-demusculos-prestashop-usuario.png","width":150,"height":150,"caption":"DeMusculos.com"},"image":{"@id":"https:\/\/www.demusculos.com\/web\/#\/schema\/logo\/image\/"},"sameAs":["https:\/\/www.facebook.com\/demusculos","https:\/\/x.com\/demusculos","https:\/\/www.instagram.com\/demusculos","https:\/\/www.tiktok.com\/@demusculos.com"]}]}},"_links":{"self":[{"href":"https:\/\/www.demusculos.com\/web\/wp-json\/wp\/v2\/product\/1842","targetHints":{"allow":["GET"]}}],"collection":[{"href":"https:\/\/www.demusculos.com\/web\/wp-json\/wp\/v2\/product"}],"about":[{"href":"https:\/\/www.demusculos.com\/web\/wp-json\/wp\/v2\/types\/product"}],"replies":[{"embeddable":true,"href":"https:\/\/www.demusculos.com\/web\/wp-json\/wp\/v2\/comments?post=1842"}],"wp:featuredmedia":[{"embeddable":true,"href":"https:\/\/www.demusculos.com\/web\/wp-json\/wp\/v2\/media\/13323"}],"wp:attachment":[{"href":"https:\/\/www.demusculos.com\/web\/wp-json\/wp\/v2\/media?parent=1842"}],"wp:term":[{"taxonomy":"product_brand","embeddable":true,"href":"https:\/\/www.demusculos.com\/web\/wp-json\/wp\/v2\/product_brand?post=1842"},{"taxonomy":"product_cat","embeddable":true,"href":"https:\/\/www.demusculos.com\/web\/wp-json\/wp\/v2\/product_cat?post=1842"},{"taxonomy":"product_tag","embeddable":true,"href":"https:\/\/www.demusculos.com\/web\/wp-json\/wp\/v2\/product_tag?post=1842"}],"curies":[{"name":"wp","href":"https:\/\/api.w.org\/{rel}","templated":true}]}}