{"id":1859,"date":"2024-03-05T19:12:41","date_gmt":"2024-03-05T22:12:41","guid":{"rendered":"https:\/\/www.demusculos.com\/web\/?post_type=product&#038;p=1859"},"modified":"2026-04-13T10:35:33","modified_gmt":"2026-04-13T13:35:33","slug":"carbo-energy-540-grs-de-ena-sport","status":"publish","type":"product","link":"https:\/\/www.demusculos.com\/web\/producto\/carbo-energy-540-grs-de-ena-sport\/","title":{"rendered":"Carbo Energy 540 grs de Ena Sport"},"content":{"rendered":"<h2>CARBO ENERGY 540 GRS ENA SPORT<\/h2>\n<p>Carbo energy es una bebida isot\u00f3nica que mejora el rendimiento antes, durante y luego del entrenamiento.<\/p>\n<figure id=\"attachment_151\" aria-describedby=\"caption-attachment-151\" style=\"width: 446px\" class=\"wp-caption alignnone\"><img decoding=\"async\" class=\"size-full wp-image-151\" src=\"https:\/\/www.demusculos.com\/web\/wp-content\/uploads\/2024\/02\/logo-ena-sport.png\" alt=\"Suplementos naturales Ena Sport. Empresa de nutricion Argentina.\" width=\"446\" height=\"103\" srcset=\"https:\/\/www.demusculos.com\/web\/wp-content\/uploads\/2024\/02\/logo-ena-sport.png 446w, https:\/\/www.demusculos.com\/web\/wp-content\/uploads\/2024\/02\/logo-ena-sport-300x69.png 300w, https:\/\/www.demusculos.com\/web\/wp-content\/uploads\/2024\/02\/logo-ena-sport-150x35.png 150w, https:\/\/www.demusculos.com\/web\/wp-content\/uploads\/2024\/02\/logo-ena-sport-416x96.png 416w\" sizes=\"(max-width: 446px) 100vw, 446px\" \/><figcaption id=\"caption-attachment-151\" class=\"wp-caption-text\">Este producto es fabricado por ENA SPORT (Empresa de Nutrici\u00f3n Argentina). Es una de las empresas pioneras en el rubro.<\/figcaption><\/figure>\n<p><img fetchpriority=\"high\" decoding=\"async\" class=\"alignnone size-full wp-image-12581\" src=\"https:\/\/www.demusculos.com\/web\/wp-content\/uploads\/2024\/03\/carbo-energy-ena-sport-01.webp\" alt=\"Carbo Energy de Ena Sport\" width=\"1080\" height=\"1080\" srcset=\"https:\/\/www.demusculos.com\/web\/wp-content\/uploads\/2024\/03\/carbo-energy-ena-sport-01.webp 1080w, https:\/\/www.demusculos.com\/web\/wp-content\/uploads\/2024\/03\/carbo-energy-ena-sport-01-300x300.webp 300w, https:\/\/www.demusculos.com\/web\/wp-content\/uploads\/2024\/03\/carbo-energy-ena-sport-01-1024x1024.webp 1024w, https:\/\/www.demusculos.com\/web\/wp-content\/uploads\/2024\/03\/carbo-energy-ena-sport-01-150x150.webp 150w, https:\/\/www.demusculos.com\/web\/wp-content\/uploads\/2024\/03\/carbo-energy-ena-sport-01-768x768.webp 768w, https:\/\/www.demusculos.com\/web\/wp-content\/uploads\/2024\/03\/carbo-energy-ena-sport-01-990x990.webp 990w, https:\/\/www.demusculos.com\/web\/wp-content\/uploads\/2024\/03\/carbo-energy-ena-sport-01-441x441.webp 441w, https:\/\/www.demusculos.com\/web\/wp-content\/uploads\/2024\/03\/carbo-energy-ena-sport-01-100x100.webp 100w, https:\/\/www.demusculos.com\/web\/wp-content\/uploads\/2024\/03\/carbo-energy-ena-sport-01-800x800.webp 800w\" sizes=\"(max-width: 1080px) 100vw, 1080px\" \/><\/p>\n<p>Es una fuente excelente de hidrataci\u00f3n instant\u00e1nea, reponiendo minerales y l\u00edquidos antes y durante la actividad ya que su osmolaridad es \u00f3ptima y logra que sea absorbida m\u00e1s r\u00e1pido que el agua.<\/p>\n<p>Contiene carbohidratos simples y complejos. Los primeros act\u00faan como fuente inmediata de energ\u00eda y los segundos, proporcionan un nivel alto y sostenido de energ\u00eda durante m\u00e1s tiempo.<\/p>\n<p>Posee capacidad antioxidante, ya que ayuda a eliminar sustancias t\u00f3xicas del organismo. Reforzado con vitamina C, potencia el crecimiento y la recuperaci\u00f3n de los m\u00fasculos.<\/p>\n<h2><strong>PRESENTACI\u00d3N:<\/strong><\/h2>\n<p>540 grs en polvo.<\/p>\n<h2><strong>MODO DE USO:<\/strong><\/h2>\n<p>Consumir una medida (27g.) disuelta en 350 ml. de agua, 15 minutos antes y cada 45\/50 minutos en actividad f\u00edsica.<\/p>\n<p><img decoding=\"async\" class=\"alignnone size-full wp-image-12582\" src=\"https:\/\/www.demusculos.com\/web\/wp-content\/uploads\/2024\/03\/carbo-energy-ena-sport-02.webp\" alt=\"Carbo Energy de Ena Sport\" width=\"1080\" height=\"1080\" srcset=\"https:\/\/www.demusculos.com\/web\/wp-content\/uploads\/2024\/03\/carbo-energy-ena-sport-02.webp 1080w, https:\/\/www.demusculos.com\/web\/wp-content\/uploads\/2024\/03\/carbo-energy-ena-sport-02-300x300.webp 300w, https:\/\/www.demusculos.com\/web\/wp-content\/uploads\/2024\/03\/carbo-energy-ena-sport-02-1024x1024.webp 1024w, https:\/\/www.demusculos.com\/web\/wp-content\/uploads\/2024\/03\/carbo-energy-ena-sport-02-150x150.webp 150w, https:\/\/www.demusculos.com\/web\/wp-content\/uploads\/2024\/03\/carbo-energy-ena-sport-02-768x768.webp 768w, https:\/\/www.demusculos.com\/web\/wp-content\/uploads\/2024\/03\/carbo-energy-ena-sport-02-990x990.webp 990w, https:\/\/www.demusculos.com\/web\/wp-content\/uploads\/2024\/03\/carbo-energy-ena-sport-02-441x441.webp 441w, https:\/\/www.demusculos.com\/web\/wp-content\/uploads\/2024\/03\/carbo-energy-ena-sport-02-100x100.webp 100w, https:\/\/www.demusculos.com\/web\/wp-content\/uploads\/2024\/03\/carbo-energy-ena-sport-02-800x800.webp 800w\" sizes=\"(max-width: 1080px) 100vw, 1080px\" \/><\/p>\n<h3><strong>\u00bf Qu\u00e9 es Carbo Energy ENA SPORT ?<\/strong><\/h3>\n<p>Su f\u00f3rmula mejora tu performance favoreciendo el aporte de energ\u00eda durante la actividad f\u00edsica. lograr\u00e1s optimizar la recuperaci\u00f3n y llegar a niveles que nunca llegaste.\u00a0Posee capacidad antioxidante, ayudando a eliminar sustancias t\u00f3xicas del cuerpo<\/p>\n<h3><strong>\u00bf Para qu\u00e9 sirve Carbo Energy ENA SPORT ?<\/strong><\/h3>\n<p>Carbo Energy ENA SPORT es una excelente combinaci\u00f3n de carbohidratos al 100%, fuente de energ\u00eda equilibrada para los esfuerzos f\u00edsicos.\u00a0Muchos atletas enfocan el logro de sus objetivos \u00fanicamente en el entrenamiento, someti\u00e9ndose a intensas jornadas de ejercicio, dejando de lado otro factor de igual importancia para lograr el m\u00e1ximo rendimiento posible: la nutrici\u00f3n.\u00a0Los hidratos de carbono son el combustible m\u00e1s eficiente para el rendimiento atl\u00e9tico, dada su r\u00e1pida utilizaci\u00f3n. En el deportista un consumo elevado de carbohidratos es fundamental para mantener cargados los dep\u00f3sitos musculares de carbohidratos (gluc\u00f3geno).<\/p>\n<p><strong>Carbohidratos en resistencia y recuperaci\u00f3n<\/strong><br \/>\nEn el caso de deportistas de resistencia, el consumo de carbohidratos antes, despu\u00e9s, y en algunos casos durante la actividad, es de gran importancia para mantener el aporte de energ\u00eda constante y reponer los dep\u00f3sitos de gluc\u00f3geno. Para los deportistas que realizan ejercicios de sobrecarga, el consumo de carbohidratos post actividad es de gran valor, ya que provocan liberaci\u00f3n de insulina e ingreso de sustratos al m\u00fasculo, lo que se traduce en una mayor s\u00edntesis muscular.<\/p>\n<h3><strong>\u00bf Qui\u00e9n puede tomar Carbo Energy ENA SPORT ?<\/strong><\/h3>\n<p>Deportistas que realizan actividad f\u00edsica de resistencia o intermitente (f\u00fatbol, rugby, marat\u00f3n, triatlon, nataci\u00f3n, ciclismo, tenis, etc.).<br \/>\nAtletas que desean reponer energ\u00eda luego de actividades prolongadas.<br \/>\nDeportistas que trabajan con sobrecarga y buscan facilitar la s\u00edntesis muscular.<br \/>\nIndividuos que deseen mejorar sus niveles energ\u00e9ticos incrementando el consumo de carbohidratos.<br \/>\nAtletas que deseen realizar carga de gluc\u00f3geno.<\/p>\n<p><img loading=\"lazy\" decoding=\"async\" class=\"alignnone size-full wp-image-12583\" src=\"https:\/\/www.demusculos.com\/web\/wp-content\/uploads\/2024\/03\/carbo-energy-ena-sport-03.webp\" alt=\"Bebida Isot\u00f3nica\" width=\"1080\" height=\"1080\" srcset=\"https:\/\/www.demusculos.com\/web\/wp-content\/uploads\/2024\/03\/carbo-energy-ena-sport-03.webp 1080w, https:\/\/www.demusculos.com\/web\/wp-content\/uploads\/2024\/03\/carbo-energy-ena-sport-03-300x300.webp 300w, https:\/\/www.demusculos.com\/web\/wp-content\/uploads\/2024\/03\/carbo-energy-ena-sport-03-1024x1024.webp 1024w, https:\/\/www.demusculos.com\/web\/wp-content\/uploads\/2024\/03\/carbo-energy-ena-sport-03-150x150.webp 150w, https:\/\/www.demusculos.com\/web\/wp-content\/uploads\/2024\/03\/carbo-energy-ena-sport-03-768x768.webp 768w, https:\/\/www.demusculos.com\/web\/wp-content\/uploads\/2024\/03\/carbo-energy-ena-sport-03-990x990.webp 990w, https:\/\/www.demusculos.com\/web\/wp-content\/uploads\/2024\/03\/carbo-energy-ena-sport-03-441x441.webp 441w, https:\/\/www.demusculos.com\/web\/wp-content\/uploads\/2024\/03\/carbo-energy-ena-sport-03-100x100.webp 100w, https:\/\/www.demusculos.com\/web\/wp-content\/uploads\/2024\/03\/carbo-energy-ena-sport-03-800x800.webp 800w\" sizes=\"(max-width: 1080px) 100vw, 1080px\" \/><\/p>\n<h3><strong>\u00bf C\u00f3mo se toma Carbo Energy ENA SPORT ?<\/strong><\/h3>\n<p>Consumir una medida (27g.) disuelta en 350 ml. de agua<br \/>\n15 minutos antes y cada 45\/50 minutos en actividad f\u00edsica.<\/p>\n<h2><strong>Componentes \/ Ingredientes :<\/strong><\/h2>\n<p>Maltodextrina<br \/>\nFructosa<br \/>\nGlucosa<br \/>\nCitrato de Sodio<br \/>\nMagnesio Sulfato<br \/>\nCloruro de potasio<br \/>\nCloruro de Sodio<br \/>\nVitamina C<\/p>\n<p><img loading=\"lazy\" decoding=\"async\" class=\"alignnone size-full wp-image-12584\" src=\"https:\/\/www.demusculos.com\/web\/wp-content\/uploads\/2024\/03\/carbo-energy-ena-sport-04.webp\" alt=\"Fatiga, rendimiento y energ\u00eda\" width=\"1080\" height=\"1080\" srcset=\"https:\/\/www.demusculos.com\/web\/wp-content\/uploads\/2024\/03\/carbo-energy-ena-sport-04.webp 1080w, https:\/\/www.demusculos.com\/web\/wp-content\/uploads\/2024\/03\/carbo-energy-ena-sport-04-300x300.webp 300w, https:\/\/www.demusculos.com\/web\/wp-content\/uploads\/2024\/03\/carbo-energy-ena-sport-04-1024x1024.webp 1024w, https:\/\/www.demusculos.com\/web\/wp-content\/uploads\/2024\/03\/carbo-energy-ena-sport-04-150x150.webp 150w, https:\/\/www.demusculos.com\/web\/wp-content\/uploads\/2024\/03\/carbo-energy-ena-sport-04-768x768.webp 768w, https:\/\/www.demusculos.com\/web\/wp-content\/uploads\/2024\/03\/carbo-energy-ena-sport-04-990x990.webp 990w, https:\/\/www.demusculos.com\/web\/wp-content\/uploads\/2024\/03\/carbo-energy-ena-sport-04-441x441.webp 441w, https:\/\/www.demusculos.com\/web\/wp-content\/uploads\/2024\/03\/carbo-energy-ena-sport-04-100x100.webp 100w, https:\/\/www.demusculos.com\/web\/wp-content\/uploads\/2024\/03\/carbo-energy-ena-sport-04-800x800.webp 800w\" sizes=\"(max-width: 1080px) 100vw, 1080px\" \/><\/p>\n<p><img loading=\"lazy\" decoding=\"async\" class=\"alignnone size-full wp-image-12585\" src=\"https:\/\/www.demusculos.com\/web\/wp-content\/uploads\/2024\/03\/carbo-energy-ena-sport-05.webp\" alt=\"Informaci\u00f3n nutricional\" width=\"1080\" height=\"1080\" srcset=\"https:\/\/www.demusculos.com\/web\/wp-content\/uploads\/2024\/03\/carbo-energy-ena-sport-05.webp 1080w, https:\/\/www.demusculos.com\/web\/wp-content\/uploads\/2024\/03\/carbo-energy-ena-sport-05-300x300.webp 300w, https:\/\/www.demusculos.com\/web\/wp-content\/uploads\/2024\/03\/carbo-energy-ena-sport-05-1024x1024.webp 1024w, https:\/\/www.demusculos.com\/web\/wp-content\/uploads\/2024\/03\/carbo-energy-ena-sport-05-150x150.webp 150w, https:\/\/www.demusculos.com\/web\/wp-content\/uploads\/2024\/03\/carbo-energy-ena-sport-05-768x768.webp 768w, https:\/\/www.demusculos.com\/web\/wp-content\/uploads\/2024\/03\/carbo-energy-ena-sport-05-990x990.webp 990w, https:\/\/www.demusculos.com\/web\/wp-content\/uploads\/2024\/03\/carbo-energy-ena-sport-05-441x441.webp 441w, https:\/\/www.demusculos.com\/web\/wp-content\/uploads\/2024\/03\/carbo-energy-ena-sport-05-100x100.webp 100w, https:\/\/www.demusculos.com\/web\/wp-content\/uploads\/2024\/03\/carbo-energy-ena-sport-05-800x800.webp 800w\" sizes=\"(max-width: 1080px) 100vw, 1080px\" \/><\/p>\n<p><a href=\"https:\/\/www.demusculos.com\/contenidos\/hidratacion-deportiva-beneficios-suplementos\/\">M\u00e1s informaci\u00f3n sobre carbo energy<\/a><\/p>\n","protected":false},"excerpt":{"rendered":"<p>Ideal para rendimiento, energ\u00eda e hidrataci\u00f3n. Mejora la performance general de cualquier deportista.<\/p>\n","protected":false},"featured_media":12587,"comment_status":"closed","ping_status":"closed","template":"","meta":[],"product_brand":[223],"product_cat":[59,117],"product_tag":[38],"class_list":{"0":"post-1859","1":"product","2":"type-product","3":"status-publish","4":"has-post-thumbnail","6":"product_brand-ena-sport","7":"product_cat-energia","8":"product_cat-hidratacion","9":"product_tag-ena-sport","11":"first","12":"instock","13":"sale","14":"shipping-taxable","15":"purchasable","16":"product-type-simple"},"yoast_head":"<!-- This site is optimized with the Yoast SEO plugin v27.4 - https:\/\/yoast.com\/product\/yoast-seo-wordpress\/ -->\n<title>Carbo Energy 540 grs Ena Sport | Bebida Isotonica<\/title>\n<meta name=\"description\" content=\"Carbo Energy es un poderoso hidratador. Ideal para rendimiento, aumento de energ\u00eda y prevenir la fatiga. Ideal para todos los deportes.\" \/>\n<meta name=\"robots\" content=\"index, follow, max-snippet:-1, max-image-preview:large, max-video-preview:-1\" \/>\n<link rel=\"canonical\" href=\"https:\/\/www.demusculos.com\/web\/producto\/carbo-energy-540-grs-de-ena-sport\/\" \/>\n<meta property=\"og:locale\" content=\"es_ES\" \/>\n<meta property=\"og:type\" content=\"article\" \/>\n<meta property=\"og:title\" content=\"Carbo Energy 540 grs Ena Sport | Bebida Isotonica\" \/>\n<meta property=\"og:description\" content=\"Carbo Energy es un poderoso hidratador. Ideal para rendimiento, aumento de energ\u00eda y prevenir la fatiga. Ideal para todos los deportes.\" \/>\n<meta property=\"og:url\" content=\"https:\/\/www.demusculos.com\/web\/producto\/carbo-energy-540-grs-de-ena-sport\/\" \/>\n<meta property=\"og:site_name\" content=\"DeMusculos\" \/>\n<meta property=\"article:publisher\" content=\"https:\/\/www.facebook.com\/demusculos\" \/>\n<meta property=\"article:modified_time\" content=\"2026-04-13T13:35:33+00:00\" \/>\n<meta property=\"og:image\" content=\"https:\/\/www.demusculos.com\/web\/wp-content\/uploads\/2024\/03\/carbo-energy-ena-011.webp\" \/>\n\t<meta property=\"og:image:width\" content=\"1200\" \/>\n\t<meta property=\"og:image:height\" content=\"1200\" \/>\n\t<meta property=\"og:image:type\" content=\"image\/webp\" \/>\n<meta name=\"twitter:card\" content=\"summary_large_image\" \/>\n<meta name=\"twitter:site\" content=\"@demusculos\" \/>\n<meta name=\"twitter:label1\" content=\"Tiempo de lectura\" \/>\n\t<meta name=\"twitter:data1\" content=\"4 minutos\" \/>\n<script type=\"application\/ld+json\" class=\"yoast-schema-graph\">{\"@context\":\"https:\\\/\\\/schema.org\",\"@graph\":[{\"@type\":\"WebPage\",\"@id\":\"https:\\\/\\\/www.demusculos.com\\\/web\\\/producto\\\/carbo-energy-540-grs-de-ena-sport\\\/\",\"url\":\"https:\\\/\\\/www.demusculos.com\\\/web\\\/producto\\\/carbo-energy-540-grs-de-ena-sport\\\/\",\"name\":\"Carbo Energy 540 grs Ena Sport | Bebida Isotonica\",\"isPartOf\":{\"@id\":\"https:\\\/\\\/www.demusculos.com\\\/web\\\/#website\"},\"primaryImageOfPage\":{\"@id\":\"https:\\\/\\\/www.demusculos.com\\\/web\\\/producto\\\/carbo-energy-540-grs-de-ena-sport\\\/#primaryimage\"},\"image\":{\"@id\":\"https:\\\/\\\/www.demusculos.com\\\/web\\\/producto\\\/carbo-energy-540-grs-de-ena-sport\\\/#primaryimage\"},\"thumbnailUrl\":\"https:\\\/\\\/www.demusculos.com\\\/web\\\/wp-content\\\/uploads\\\/2024\\\/03\\\/carbo-energy-ena-011.webp\",\"datePublished\":\"2024-03-05T22:12:41+00:00\",\"dateModified\":\"2026-04-13T13:35:33+00:00\",\"description\":\"Carbo Energy es un poderoso hidratador. Ideal para rendimiento, aumento de energ\u00eda y prevenir la fatiga. Ideal para todos los deportes.\",\"breadcrumb\":{\"@id\":\"https:\\\/\\\/www.demusculos.com\\\/web\\\/producto\\\/carbo-energy-540-grs-de-ena-sport\\\/#breadcrumb\"},\"inLanguage\":\"es\",\"potentialAction\":[{\"@type\":\"ReadAction\",\"target\":[\"https:\\\/\\\/www.demusculos.com\\\/web\\\/producto\\\/carbo-energy-540-grs-de-ena-sport\\\/\"]}]},{\"@type\":\"ImageObject\",\"inLanguage\":\"es\",\"@id\":\"https:\\\/\\\/www.demusculos.com\\\/web\\\/producto\\\/carbo-energy-540-grs-de-ena-sport\\\/#primaryimage\",\"url\":\"https:\\\/\\\/www.demusculos.com\\\/web\\\/wp-content\\\/uploads\\\/2024\\\/03\\\/carbo-energy-ena-011.webp\",\"contentUrl\":\"https:\\\/\\\/www.demusculos.com\\\/web\\\/wp-content\\\/uploads\\\/2024\\\/03\\\/carbo-energy-ena-011.webp\",\"width\":1200,\"height\":1200,\"caption\":\"Carbo Energy de Ena Sport\"},{\"@type\":\"BreadcrumbList\",\"@id\":\"https:\\\/\\\/www.demusculos.com\\\/web\\\/producto\\\/carbo-energy-540-grs-de-ena-sport\\\/#breadcrumb\",\"itemListElement\":[{\"@type\":\"ListItem\",\"position\":1,\"name\":\"Inicio\",\"item\":\"https:\\\/\\\/www.demusculos.com\\\/web\\\/\"},{\"@type\":\"ListItem\",\"position\":2,\"name\":\"Suplementos\",\"item\":\"https:\\\/\\\/www.demusculos.com\\\/web\\\/tienda\\\/\"},{\"@type\":\"ListItem\",\"position\":3,\"name\":\"Carbo Energy 540 grs de Ena Sport\"}]},{\"@type\":\"WebSite\",\"@id\":\"https:\\\/\\\/www.demusculos.com\\\/web\\\/#website\",\"url\":\"https:\\\/\\\/www.demusculos.com\\\/web\\\/\",\"name\":\"DeMusculos.com\",\"description\":\"Suplementos Naturales\",\"publisher\":{\"@id\":\"https:\\\/\\\/www.demusculos.com\\\/web\\\/#organization\"},\"alternateName\":\"Suplementos Naturales\",\"potentialAction\":[{\"@type\":\"SearchAction\",\"target\":{\"@type\":\"EntryPoint\",\"urlTemplate\":\"https:\\\/\\\/www.demusculos.com\\\/web\\\/?s={search_term_string}\"},\"query-input\":{\"@type\":\"PropertyValueSpecification\",\"valueRequired\":true,\"valueName\":\"search_term_string\"}}],\"inLanguage\":\"es\"},{\"@type\":\"Organization\",\"@id\":\"https:\\\/\\\/www.demusculos.com\\\/web\\\/#organization\",\"name\":\"DeMusculos.com\",\"alternateName\":\"DeMusculos\",\"url\":\"https:\\\/\\\/www.demusculos.com\\\/web\\\/\",\"logo\":{\"@type\":\"ImageObject\",\"inLanguage\":\"es\",\"@id\":\"https:\\\/\\\/www.demusculos.com\\\/web\\\/#\\\/schema\\\/logo\\\/image\\\/\",\"url\":\"https:\\\/\\\/www.demusculos.com\\\/web\\\/wp-content\\\/uploads\\\/2024\\\/02\\\/logo-demusculos-prestashop-usuario.png\",\"contentUrl\":\"https:\\\/\\\/www.demusculos.com\\\/web\\\/wp-content\\\/uploads\\\/2024\\\/02\\\/logo-demusculos-prestashop-usuario.png\",\"width\":150,\"height\":150,\"caption\":\"DeMusculos.com\"},\"image\":{\"@id\":\"https:\\\/\\\/www.demusculos.com\\\/web\\\/#\\\/schema\\\/logo\\\/image\\\/\"},\"sameAs\":[\"https:\\\/\\\/www.facebook.com\\\/demusculos\",\"https:\\\/\\\/x.com\\\/demusculos\",\"https:\\\/\\\/www.instagram.com\\\/demusculos\",\"https:\\\/\\\/www.tiktok.com\\\/@demusculos.com\"]}]}<\/script>\n<!-- \/ Yoast SEO plugin. -->","yoast_head_json":{"title":"Carbo Energy 540 grs Ena Sport | Bebida Isotonica","description":"Carbo Energy es un poderoso hidratador. Ideal para rendimiento, aumento de energ\u00eda y prevenir la fatiga. Ideal para todos los deportes.","robots":{"index":"index","follow":"follow","max-snippet":"max-snippet:-1","max-image-preview":"max-image-preview:large","max-video-preview":"max-video-preview:-1"},"canonical":"https:\/\/www.demusculos.com\/web\/producto\/carbo-energy-540-grs-de-ena-sport\/","og_locale":"es_ES","og_type":"article","og_title":"Carbo Energy 540 grs Ena Sport | Bebida Isotonica","og_description":"Carbo Energy es un poderoso hidratador. Ideal para rendimiento, aumento de energ\u00eda y prevenir la fatiga. Ideal para todos los deportes.","og_url":"https:\/\/www.demusculos.com\/web\/producto\/carbo-energy-540-grs-de-ena-sport\/","og_site_name":"DeMusculos","article_publisher":"https:\/\/www.facebook.com\/demusculos","article_modified_time":"2026-04-13T13:35:33+00:00","og_image":[{"width":1200,"height":1200,"url":"https:\/\/www.demusculos.com\/web\/wp-content\/uploads\/2024\/03\/carbo-energy-ena-011.webp","type":"image\/webp"}],"twitter_card":"summary_large_image","twitter_site":"@demusculos","twitter_misc":{"Tiempo de lectura":"4 minutos"},"schema":{"@context":"https:\/\/schema.org","@graph":[{"@type":"WebPage","@id":"https:\/\/www.demusculos.com\/web\/producto\/carbo-energy-540-grs-de-ena-sport\/","url":"https:\/\/www.demusculos.com\/web\/producto\/carbo-energy-540-grs-de-ena-sport\/","name":"Carbo Energy 540 grs Ena Sport | Bebida Isotonica","isPartOf":{"@id":"https:\/\/www.demusculos.com\/web\/#website"},"primaryImageOfPage":{"@id":"https:\/\/www.demusculos.com\/web\/producto\/carbo-energy-540-grs-de-ena-sport\/#primaryimage"},"image":{"@id":"https:\/\/www.demusculos.com\/web\/producto\/carbo-energy-540-grs-de-ena-sport\/#primaryimage"},"thumbnailUrl":"https:\/\/www.demusculos.com\/web\/wp-content\/uploads\/2024\/03\/carbo-energy-ena-011.webp","datePublished":"2024-03-05T22:12:41+00:00","dateModified":"2026-04-13T13:35:33+00:00","description":"Carbo Energy es un poderoso hidratador. Ideal para rendimiento, aumento de energ\u00eda y prevenir la fatiga. Ideal para todos los deportes.","breadcrumb":{"@id":"https:\/\/www.demusculos.com\/web\/producto\/carbo-energy-540-grs-de-ena-sport\/#breadcrumb"},"inLanguage":"es","potentialAction":[{"@type":"ReadAction","target":["https:\/\/www.demusculos.com\/web\/producto\/carbo-energy-540-grs-de-ena-sport\/"]}]},{"@type":"ImageObject","inLanguage":"es","@id":"https:\/\/www.demusculos.com\/web\/producto\/carbo-energy-540-grs-de-ena-sport\/#primaryimage","url":"https:\/\/www.demusculos.com\/web\/wp-content\/uploads\/2024\/03\/carbo-energy-ena-011.webp","contentUrl":"https:\/\/www.demusculos.com\/web\/wp-content\/uploads\/2024\/03\/carbo-energy-ena-011.webp","width":1200,"height":1200,"caption":"Carbo Energy de Ena Sport"},{"@type":"BreadcrumbList","@id":"https:\/\/www.demusculos.com\/web\/producto\/carbo-energy-540-grs-de-ena-sport\/#breadcrumb","itemListElement":[{"@type":"ListItem","position":1,"name":"Inicio","item":"https:\/\/www.demusculos.com\/web\/"},{"@type":"ListItem","position":2,"name":"Suplementos","item":"https:\/\/www.demusculos.com\/web\/tienda\/"},{"@type":"ListItem","position":3,"name":"Carbo Energy 540 grs de Ena Sport"}]},{"@type":"WebSite","@id":"https:\/\/www.demusculos.com\/web\/#website","url":"https:\/\/www.demusculos.com\/web\/","name":"DeMusculos.com","description":"Suplementos Naturales","publisher":{"@id":"https:\/\/www.demusculos.com\/web\/#organization"},"alternateName":"Suplementos Naturales","potentialAction":[{"@type":"SearchAction","target":{"@type":"EntryPoint","urlTemplate":"https:\/\/www.demusculos.com\/web\/?s={search_term_string}"},"query-input":{"@type":"PropertyValueSpecification","valueRequired":true,"valueName":"search_term_string"}}],"inLanguage":"es"},{"@type":"Organization","@id":"https:\/\/www.demusculos.com\/web\/#organization","name":"DeMusculos.com","alternateName":"DeMusculos","url":"https:\/\/www.demusculos.com\/web\/","logo":{"@type":"ImageObject","inLanguage":"es","@id":"https:\/\/www.demusculos.com\/web\/#\/schema\/logo\/image\/","url":"https:\/\/www.demusculos.com\/web\/wp-content\/uploads\/2024\/02\/logo-demusculos-prestashop-usuario.png","contentUrl":"https:\/\/www.demusculos.com\/web\/wp-content\/uploads\/2024\/02\/logo-demusculos-prestashop-usuario.png","width":150,"height":150,"caption":"DeMusculos.com"},"image":{"@id":"https:\/\/www.demusculos.com\/web\/#\/schema\/logo\/image\/"},"sameAs":["https:\/\/www.facebook.com\/demusculos","https:\/\/x.com\/demusculos","https:\/\/www.instagram.com\/demusculos","https:\/\/www.tiktok.com\/@demusculos.com"]}]}},"_links":{"self":[{"href":"https:\/\/www.demusculos.com\/web\/wp-json\/wp\/v2\/product\/1859","targetHints":{"allow":["GET"]}}],"collection":[{"href":"https:\/\/www.demusculos.com\/web\/wp-json\/wp\/v2\/product"}],"about":[{"href":"https:\/\/www.demusculos.com\/web\/wp-json\/wp\/v2\/types\/product"}],"replies":[{"embeddable":true,"href":"https:\/\/www.demusculos.com\/web\/wp-json\/wp\/v2\/comments?post=1859"}],"wp:featuredmedia":[{"embeddable":true,"href":"https:\/\/www.demusculos.com\/web\/wp-json\/wp\/v2\/media\/12587"}],"wp:attachment":[{"href":"https:\/\/www.demusculos.com\/web\/wp-json\/wp\/v2\/media?parent=1859"}],"wp:term":[{"taxonomy":"product_brand","embeddable":true,"href":"https:\/\/www.demusculos.com\/web\/wp-json\/wp\/v2\/product_brand?post=1859"},{"taxonomy":"product_cat","embeddable":true,"href":"https:\/\/www.demusculos.com\/web\/wp-json\/wp\/v2\/product_cat?post=1859"},{"taxonomy":"product_tag","embeddable":true,"href":"https:\/\/www.demusculos.com\/web\/wp-json\/wp\/v2\/product_tag?post=1859"}],"curies":[{"name":"wp","href":"https:\/\/api.w.org\/{rel}","templated":true}]}}