{"id":1916,"date":"2024-03-05T21:38:24","date_gmt":"2024-03-06T00:38:24","guid":{"rendered":"https:\/\/www.demusculos.com\/web\/?post_type=product&#038;p=1916"},"modified":"2026-04-22T14:47:17","modified_gmt":"2026-04-22T17:47:17","slug":"carnitina-x90-comprimidos-gentech","status":"publish","type":"product","link":"https:\/\/www.demusculos.com\/web\/producto\/carnitina-x90-comprimidos-gentech\/","title":{"rendered":"Carnitina x90 comprimidos Gentech"},"content":{"rendered":"<h2>Carnitina 90 de Gentech<\/h2>\n<p>Carnitina 90 de Gentech es un quemador de grasas ideal para bajar grasa r\u00e1pidamente y no tiene estimulantes, es para hombres y mujeres que quieren un producto 100% natural.<\/p>\n<figure id=\"attachment_216\" aria-describedby=\"caption-attachment-216\" style=\"width: 446px\" class=\"wp-caption alignnone\"><img decoding=\"async\" class=\"size-full wp-image-216\" src=\"https:\/\/www.demusculos.com\/web\/wp-content\/uploads\/2024\/02\/logo-marca-gentech.png\" alt=\"Suplementos Naturales Gentech\" width=\"446\" height=\"103\" srcset=\"https:\/\/www.demusculos.com\/web\/wp-content\/uploads\/2024\/02\/logo-marca-gentech.png 446w, https:\/\/www.demusculos.com\/web\/wp-content\/uploads\/2024\/02\/logo-marca-gentech-300x69.png 300w, https:\/\/www.demusculos.com\/web\/wp-content\/uploads\/2024\/02\/logo-marca-gentech-150x35.png 150w, https:\/\/www.demusculos.com\/web\/wp-content\/uploads\/2024\/02\/logo-marca-gentech-416x96.png 416w\" sizes=\"(max-width: 446px) 100vw, 446px\" \/><figcaption id=\"caption-attachment-216\" class=\"wp-caption-text\">Gentech: Suplementaci\u00f3n natural deportiva.<\/figcaption><\/figure>\n<p>Mejora la oxidaci\u00f3n de los \u00e1cidos grasos. Incrementa los niveles de VO2 MAX y disminuye la acumulaci\u00f3n de lactato en plasma durante el ejercicio. Su presentaci\u00f3n en c\u00e1psulas facilita su absorci\u00f3n y consumo. Ingredientes: L-Carnitina tartrate, antihumectantes (di\u00f3xido de silicio, magnesio estearato, calcio trib\u00e1sico anhidro fosfato). 90 capsulas. INGREDIENTES L-Carnitina Tartrato. Uso sugerido Consumir 1 capsula antes del almuerzo, 1 antes del entrenamiento y 1 antes de la cena. ADVERTENCIAS &#8211; No utilizar en caso de embarazo, lactancia, ni en ni\u00f1os. &#8211; Mantener fuera del alcance de los ni\u00f1os. &#8211; Consulte a su m\u00e9dico.<\/p>\n<figure id=\"attachment_5317\" aria-describedby=\"caption-attachment-5317\" style=\"width: 1080px\" class=\"wp-caption alignnone\"><img fetchpriority=\"high\" decoding=\"async\" class=\"wp-image-5317 size-full\" src=\"https:\/\/www.demusculos.com\/web\/wp-content\/uploads\/2024\/03\/carnitina-x-90-gentech-quemador-de-grasas-1.jpg\" alt=\"Todo sobre la carnitina\" width=\"1080\" height=\"1920\" srcset=\"https:\/\/www.demusculos.com\/web\/wp-content\/uploads\/2024\/03\/carnitina-x-90-gentech-quemador-de-grasas-1.jpg 1080w, https:\/\/www.demusculos.com\/web\/wp-content\/uploads\/2024\/03\/carnitina-x-90-gentech-quemador-de-grasas-1-300x533.jpg 300w, https:\/\/www.demusculos.com\/web\/wp-content\/uploads\/2024\/03\/carnitina-x-90-gentech-quemador-de-grasas-1-150x267.jpg 150w, https:\/\/www.demusculos.com\/web\/wp-content\/uploads\/2024\/03\/carnitina-x-90-gentech-quemador-de-grasas-1-800x1422.jpg 800w, https:\/\/www.demusculos.com\/web\/wp-content\/uploads\/2024\/03\/carnitina-x-90-gentech-quemador-de-grasas-1-169x300.jpg 169w, https:\/\/www.demusculos.com\/web\/wp-content\/uploads\/2024\/03\/carnitina-x-90-gentech-quemador-de-grasas-1-576x1024.jpg 576w, https:\/\/www.demusculos.com\/web\/wp-content\/uploads\/2024\/03\/carnitina-x-90-gentech-quemador-de-grasas-1-768x1365.jpg 768w, https:\/\/www.demusculos.com\/web\/wp-content\/uploads\/2024\/03\/carnitina-x-90-gentech-quemador-de-grasas-1-864x1536.jpg 864w\" sizes=\"(max-width: 1080px) 100vw, 1080px\" \/><figcaption id=\"caption-attachment-5317\" class=\"wp-caption-text\">Informaci\u00f3n \u00fatil sobre Carnitina<\/figcaption><\/figure>\n<p><strong>Ayuda en el metabolismo de las grasas:<\/strong> La carnitina es fundamental para el transporte de \u00e1cidos grasos de cadena larga a las mitocondrias, donde se oxidan para producir energ\u00eda. Esto es especialmente importante durante el ejercicio y puede ayudar a aumentar la capacidad de quemar grasas para obtener energ\u00eda, lo que podr\u00eda ser beneficioso para personas que buscan perder peso o mejorar su rendimiento deportivo.<\/p>\n<figure id=\"attachment_5318\" aria-describedby=\"caption-attachment-5318\" style=\"width: 1080px\" class=\"wp-caption alignnone\"><img decoding=\"async\" class=\"wp-image-5318 size-full\" src=\"https:\/\/www.demusculos.com\/web\/wp-content\/uploads\/2024\/03\/carnitina-x-90-gentech-quemador-de-grasas-2.jpg\" alt=\"Quemador de grasas a base de carnitina\" width=\"1080\" height=\"1920\" srcset=\"https:\/\/www.demusculos.com\/web\/wp-content\/uploads\/2024\/03\/carnitina-x-90-gentech-quemador-de-grasas-2.jpg 1080w, https:\/\/www.demusculos.com\/web\/wp-content\/uploads\/2024\/03\/carnitina-x-90-gentech-quemador-de-grasas-2-300x533.jpg 300w, https:\/\/www.demusculos.com\/web\/wp-content\/uploads\/2024\/03\/carnitina-x-90-gentech-quemador-de-grasas-2-150x267.jpg 150w, https:\/\/www.demusculos.com\/web\/wp-content\/uploads\/2024\/03\/carnitina-x-90-gentech-quemador-de-grasas-2-800x1422.jpg 800w, https:\/\/www.demusculos.com\/web\/wp-content\/uploads\/2024\/03\/carnitina-x-90-gentech-quemador-de-grasas-2-169x300.jpg 169w, https:\/\/www.demusculos.com\/web\/wp-content\/uploads\/2024\/03\/carnitina-x-90-gentech-quemador-de-grasas-2-576x1024.jpg 576w, https:\/\/www.demusculos.com\/web\/wp-content\/uploads\/2024\/03\/carnitina-x-90-gentech-quemador-de-grasas-2-768x1365.jpg 768w, https:\/\/www.demusculos.com\/web\/wp-content\/uploads\/2024\/03\/carnitina-x-90-gentech-quemador-de-grasas-2-864x1536.jpg 864w\" sizes=\"(max-width: 1080px) 100vw, 1080px\" \/><figcaption id=\"caption-attachment-5318\" class=\"wp-caption-text\">La carnitina de Gentech es un excelente quemador de grasas<\/figcaption><\/figure>\n<p><strong>Apoyo cardiovascular:<\/strong> Se ha sugerido que la carnitina puede tener efectos beneficiosos en la salud del coraz\u00f3n. Puede ayudar a reducir los niveles de l\u00edpidos en sangre, como el colesterol LDL (\u00abmalo\u00bb) y los triglic\u00e9ridos, lo que a su vez puede reducir el riesgo de enfermedades cardiovasculares.<\/p>\n<figure id=\"attachment_5320\" aria-describedby=\"caption-attachment-5320\" style=\"width: 1080px\" class=\"wp-caption alignnone\"><img loading=\"lazy\" decoding=\"async\" class=\"wp-image-5320 size-full\" src=\"https:\/\/www.demusculos.com\/web\/wp-content\/uploads\/2024\/03\/carnitina-x-90-gentech-quemador-de-grasas-3.jpg\" alt=\"Quemador de grasas a base de Carnitina. \" width=\"1080\" height=\"1920\" srcset=\"https:\/\/www.demusculos.com\/web\/wp-content\/uploads\/2024\/03\/carnitina-x-90-gentech-quemador-de-grasas-3.jpg 1080w, https:\/\/www.demusculos.com\/web\/wp-content\/uploads\/2024\/03\/carnitina-x-90-gentech-quemador-de-grasas-3-300x533.jpg 300w, https:\/\/www.demusculos.com\/web\/wp-content\/uploads\/2024\/03\/carnitina-x-90-gentech-quemador-de-grasas-3-150x267.jpg 150w, https:\/\/www.demusculos.com\/web\/wp-content\/uploads\/2024\/03\/carnitina-x-90-gentech-quemador-de-grasas-3-800x1422.jpg 800w, https:\/\/www.demusculos.com\/web\/wp-content\/uploads\/2024\/03\/carnitina-x-90-gentech-quemador-de-grasas-3-169x300.jpg 169w, https:\/\/www.demusculos.com\/web\/wp-content\/uploads\/2024\/03\/carnitina-x-90-gentech-quemador-de-grasas-3-576x1024.jpg 576w, https:\/\/www.demusculos.com\/web\/wp-content\/uploads\/2024\/03\/carnitina-x-90-gentech-quemador-de-grasas-3-768x1365.jpg 768w, https:\/\/www.demusculos.com\/web\/wp-content\/uploads\/2024\/03\/carnitina-x-90-gentech-quemador-de-grasas-3-864x1536.jpg 864w\" sizes=\"(max-width: 1080px) 100vw, 1080px\" \/><figcaption id=\"caption-attachment-5320\" class=\"wp-caption-text\">La carnitina mejora el rendimiento<\/figcaption><\/figure>\n<p><strong>Funci\u00f3n cerebral:<\/strong> La carnitina tambi\u00e9n desempe\u00f1a un papel importante en la funci\u00f3n cerebral. Se ha sugerido que puede mejorar la funci\u00f3n cognitiva y la memoria, y algunos estudios han encontrado beneficios potenciales en personas con trastornos neurol\u00f3gicos como la enfermedad de Alzheimer.<\/p>\n<figure id=\"attachment_5321\" aria-describedby=\"caption-attachment-5321\" style=\"width: 1080px\" class=\"wp-caption alignnone\"><img loading=\"lazy\" decoding=\"async\" class=\"wp-image-5321 size-full\" src=\"https:\/\/www.demusculos.com\/web\/wp-content\/uploads\/2024\/03\/carnitina-x-90-gentech-quemador-de-grasas-4.jpg\" alt=\"Beneficios de la Carnitina de Gentech \" width=\"1080\" height=\"1920\" srcset=\"https:\/\/www.demusculos.com\/web\/wp-content\/uploads\/2024\/03\/carnitina-x-90-gentech-quemador-de-grasas-4.jpg 1080w, https:\/\/www.demusculos.com\/web\/wp-content\/uploads\/2024\/03\/carnitina-x-90-gentech-quemador-de-grasas-4-300x533.jpg 300w, https:\/\/www.demusculos.com\/web\/wp-content\/uploads\/2024\/03\/carnitina-x-90-gentech-quemador-de-grasas-4-150x267.jpg 150w, https:\/\/www.demusculos.com\/web\/wp-content\/uploads\/2024\/03\/carnitina-x-90-gentech-quemador-de-grasas-4-800x1422.jpg 800w, https:\/\/www.demusculos.com\/web\/wp-content\/uploads\/2024\/03\/carnitina-x-90-gentech-quemador-de-grasas-4-169x300.jpg 169w, https:\/\/www.demusculos.com\/web\/wp-content\/uploads\/2024\/03\/carnitina-x-90-gentech-quemador-de-grasas-4-576x1024.jpg 576w, https:\/\/www.demusculos.com\/web\/wp-content\/uploads\/2024\/03\/carnitina-x-90-gentech-quemador-de-grasas-4-768x1365.jpg 768w, https:\/\/www.demusculos.com\/web\/wp-content\/uploads\/2024\/03\/carnitina-x-90-gentech-quemador-de-grasas-4-864x1536.jpg 864w\" sizes=\"(max-width: 1080px) 100vw, 1080px\" \/><figcaption id=\"caption-attachment-5321\" class=\"wp-caption-text\">La carnitina de Gentech puede ayudar a mejorar el insomnio y contribuye a mejorar la memoria<\/figcaption><\/figure>\n<p><strong>Apoyo al sistema inmunol\u00f3gico:<\/strong> La carnitina tambi\u00e9n puede tener efectos positivos en el sistema inmunol\u00f3gico.<\/p>\n<p>La Carnitina de Gentech tiene propiedades antioxidantes antiinflamatorias.<\/p>\n<p>Ayuda a reducir el estr\u00e9s oxidativo y la inflamaci\u00f3n en el cuerpo.<\/p>\n<p>Apoya la funci\u00f3n inmunol\u00f3gica general.<\/p>\n<h2>Consejos para bajar de peso<\/h2>\n<ul>\n<li><strong>Mant\u00e9n una alimentaci\u00f3n balanceada:<\/strong> Prioriza alimentos ricos en nutrientes como frutas, verduras, prote\u00ednas magras y granos integrales, y reduce el consumo de alimentos procesados y ricos en grasas saturadas y az\u00facares agregados. Controlar las porciones y mantener un d\u00e9ficit cal\u00f3rico moderado puede ayudar a perder grasa de manera sostenible.<\/li>\n<li><strong>Incorpora ejercicio cardiovascular:<\/strong> El ejercicio cardiovascular, como correr, nadar, andar en bicicleta o hacer aer\u00f3bicos, es excelente para quemar calor\u00edas y grasa. Intenta hacer al menos 150 minutos de ejercicio cardiovascular moderado o 75 minutos de ejercicio intenso por semana, combinado con ejercicios de fuerza para tonificar los m\u00fasculos.<\/li>\n<li><strong>Ejercicio de fuerza:<\/strong> El entrenamiento de fuerza ayuda a aumentar la masa muscular, lo que a su vez aumenta tu metabolismo basal y te ayuda a quemar m\u00e1s calor\u00edas, incluso en reposo. Incorpora ejercicios de fuerza como levantamiento de pesas, entrenamiento con pesas corporales o ejercicios de resistencia.<\/li>\n<li><strong>Duerme lo suficiente:<\/strong> El sue\u00f1o es crucial para la regulaci\u00f3n de las hormonas del hambre y la saciedad, as\u00ed como para la recuperaci\u00f3n muscular despu\u00e9s del ejercicio. Intenta dormir entre 7 y 9 horas por noche para optimizar tus esfuerzos para perder grasa.<\/li>\n<li><strong>Controla el estr\u00e9s:<\/strong> El estr\u00e9s cr\u00f3nico puede desencadenar la liberaci\u00f3n de hormonas como el cortisol, que pueden aumentar el almacenamiento de grasa abdominal. Pr\u00e1cticas como la meditaci\u00f3n, el yoga, la respiraci\u00f3n profunda o simplemente tomarte un tiempo para relajarte pueden ayudar a reducir el estr\u00e9s y mejorar tus resultados para perder grasa.<\/li>\n<\/ul>\n<figure id=\"attachment_6132\" aria-describedby=\"caption-attachment-6132\" style=\"width: 1200px\" class=\"wp-caption alignnone\"><img loading=\"lazy\" decoding=\"async\" class=\"size-full wp-image-6132\" src=\"https:\/\/www.demusculos.com\/web\/wp-content\/uploads\/2024\/03\/carnitina-gentech-informacion2.jpg\" alt=\"Beneficios de la Carnitina de Gentech\" width=\"1200\" height=\"1200\" srcset=\"https:\/\/www.demusculos.com\/web\/wp-content\/uploads\/2024\/03\/carnitina-gentech-informacion2.jpg 1200w, https:\/\/www.demusculos.com\/web\/wp-content\/uploads\/2024\/03\/carnitina-gentech-informacion2-300x300.jpg 300w, https:\/\/www.demusculos.com\/web\/wp-content\/uploads\/2024\/03\/carnitina-gentech-informacion2-150x150.jpg 150w, https:\/\/www.demusculos.com\/web\/wp-content\/uploads\/2024\/03\/carnitina-gentech-informacion2-800x800.jpg 800w, https:\/\/www.demusculos.com\/web\/wp-content\/uploads\/2024\/03\/carnitina-gentech-informacion2-1024x1024.jpg 1024w, https:\/\/www.demusculos.com\/web\/wp-content\/uploads\/2024\/03\/carnitina-gentech-informacion2-768x768.jpg 768w\" sizes=\"(max-width: 1200px) 100vw, 1200px\" \/><figcaption id=\"caption-attachment-6132\" class=\"wp-caption-text\">Estos son algunos de los beneficios de la Carnitina de Gentech<\/figcaption><\/figure>\n","protected":false},"excerpt":{"rendered":"<p>Quemador de grasas 100% natural. Sin estimulantes.<\/p>\n","protected":false},"featured_media":1917,"comment_status":"closed","ping_status":"closed","template":"","meta":[],"product_brand":[222],"product_cat":[19],"product_tag":[21],"class_list":{"0":"post-1916","1":"product","2":"type-product","3":"status-publish","4":"has-post-thumbnail","6":"product_brand-gentech","7":"product_cat-quemadores","8":"product_tag-gentech","10":"first","11":"instock","12":"sale","13":"shipping-taxable","14":"purchasable","15":"product-type-simple"},"yoast_head":"<!-- This site is optimized with the Yoast SEO plugin v27.5 - https:\/\/yoast.com\/product\/yoast-seo-wordpress\/ -->\n<title>Carnitina 90 de Gentech | Quemador de grasas | Demusculos.com<\/title>\n<meta name=\"description\" content=\"Carnitina 90 de Gentech. Quemador de grasas para hombres y mujeres. Sin ning\u00fan tipo de estimulantes. Sano, natural, aprobado para su venta en Argentina.\" \/>\n<meta name=\"robots\" content=\"index, follow, max-snippet:-1, max-image-preview:large, max-video-preview:-1\" \/>\n<link rel=\"canonical\" href=\"https:\/\/www.demusculos.com\/web\/producto\/carnitina-x90-comprimidos-gentech\/\" \/>\n<meta property=\"og:locale\" content=\"es_ES\" \/>\n<meta property=\"og:type\" content=\"article\" \/>\n<meta property=\"og:title\" content=\"Carnitina 90 de Gentech | Quemador de grasas | Demusculos.com\" \/>\n<meta property=\"og:description\" content=\"Carnitina 90 de Gentech. Quemador de grasas para hombres y mujeres. Sin ning\u00fan tipo de estimulantes. Sano, natural, aprobado para su venta en Argentina.\" \/>\n<meta property=\"og:url\" content=\"https:\/\/www.demusculos.com\/web\/producto\/carnitina-x90-comprimidos-gentech\/\" \/>\n<meta property=\"og:site_name\" content=\"DeMusculos\" \/>\n<meta property=\"article:publisher\" content=\"https:\/\/www.facebook.com\/demusculos\" \/>\n<meta property=\"article:modified_time\" content=\"2026-04-22T17:47:17+00:00\" \/>\n<meta property=\"og:image\" content=\"https:\/\/www.demusculos.com\/web\/wp-content\/uploads\/2024\/03\/carnitina-gentech-imagen2.jpg\" \/>\n\t<meta property=\"og:image:width\" content=\"1000\" \/>\n\t<meta property=\"og:image:height\" content=\"1000\" \/>\n\t<meta property=\"og:image:type\" content=\"image\/jpeg\" \/>\n<meta name=\"twitter:card\" content=\"summary_large_image\" \/>\n<meta name=\"twitter:site\" content=\"@demusculos\" \/>\n<meta name=\"twitter:label1\" content=\"Tiempo de lectura\" \/>\n\t<meta name=\"twitter:data1\" content=\"5 minutos\" \/>\n<script type=\"application\/ld+json\" class=\"yoast-schema-graph\">{\"@context\":\"https:\\\/\\\/schema.org\",\"@graph\":[{\"@type\":\"WebPage\",\"@id\":\"https:\\\/\\\/www.demusculos.com\\\/web\\\/producto\\\/carnitina-x90-comprimidos-gentech\\\/\",\"url\":\"https:\\\/\\\/www.demusculos.com\\\/web\\\/producto\\\/carnitina-x90-comprimidos-gentech\\\/\",\"name\":\"Carnitina 90 de Gentech | Quemador de grasas | Demusculos.com\",\"isPartOf\":{\"@id\":\"https:\\\/\\\/www.demusculos.com\\\/web\\\/#website\"},\"primaryImageOfPage\":{\"@id\":\"https:\\\/\\\/www.demusculos.com\\\/web\\\/producto\\\/carnitina-x90-comprimidos-gentech\\\/#primaryimage\"},\"image\":{\"@id\":\"https:\\\/\\\/www.demusculos.com\\\/web\\\/producto\\\/carnitina-x90-comprimidos-gentech\\\/#primaryimage\"},\"thumbnailUrl\":\"https:\\\/\\\/www.demusculos.com\\\/web\\\/wp-content\\\/uploads\\\/2024\\\/03\\\/carnitina-gentech-imagen2.jpg\",\"datePublished\":\"2024-03-06T00:38:24+00:00\",\"dateModified\":\"2026-04-22T17:47:17+00:00\",\"description\":\"Carnitina 90 de Gentech. Quemador de grasas para hombres y mujeres. Sin ning\u00fan tipo de estimulantes. Sano, natural, aprobado para su venta en Argentina.\",\"breadcrumb\":{\"@id\":\"https:\\\/\\\/www.demusculos.com\\\/web\\\/producto\\\/carnitina-x90-comprimidos-gentech\\\/#breadcrumb\"},\"inLanguage\":\"es\",\"potentialAction\":[{\"@type\":\"ReadAction\",\"target\":[\"https:\\\/\\\/www.demusculos.com\\\/web\\\/producto\\\/carnitina-x90-comprimidos-gentech\\\/\"]}]},{\"@type\":\"ImageObject\",\"inLanguage\":\"es\",\"@id\":\"https:\\\/\\\/www.demusculos.com\\\/web\\\/producto\\\/carnitina-x90-comprimidos-gentech\\\/#primaryimage\",\"url\":\"https:\\\/\\\/www.demusculos.com\\\/web\\\/wp-content\\\/uploads\\\/2024\\\/03\\\/carnitina-gentech-imagen2.jpg\",\"contentUrl\":\"https:\\\/\\\/www.demusculos.com\\\/web\\\/wp-content\\\/uploads\\\/2024\\\/03\\\/carnitina-gentech-imagen2.jpg\",\"width\":1000,\"height\":1000,\"caption\":\"Carnitina de Gentech x90\"},{\"@type\":\"BreadcrumbList\",\"@id\":\"https:\\\/\\\/www.demusculos.com\\\/web\\\/producto\\\/carnitina-x90-comprimidos-gentech\\\/#breadcrumb\",\"itemListElement\":[{\"@type\":\"ListItem\",\"position\":1,\"name\":\"Inicio\",\"item\":\"https:\\\/\\\/www.demusculos.com\\\/web\\\/\"},{\"@type\":\"ListItem\",\"position\":2,\"name\":\"Suplementos\",\"item\":\"https:\\\/\\\/www.demusculos.com\\\/web\\\/tienda\\\/\"},{\"@type\":\"ListItem\",\"position\":3,\"name\":\"Carnitina x90 comprimidos Gentech\"}]},{\"@type\":\"WebSite\",\"@id\":\"https:\\\/\\\/www.demusculos.com\\\/web\\\/#website\",\"url\":\"https:\\\/\\\/www.demusculos.com\\\/web\\\/\",\"name\":\"DeMusculos.com\",\"description\":\"Suplementos Naturales\",\"publisher\":{\"@id\":\"https:\\\/\\\/www.demusculos.com\\\/web\\\/#organization\"},\"alternateName\":\"Suplementos Naturales\",\"potentialAction\":[{\"@type\":\"SearchAction\",\"target\":{\"@type\":\"EntryPoint\",\"urlTemplate\":\"https:\\\/\\\/www.demusculos.com\\\/web\\\/?s={search_term_string}\"},\"query-input\":{\"@type\":\"PropertyValueSpecification\",\"valueRequired\":true,\"valueName\":\"search_term_string\"}}],\"inLanguage\":\"es\"},{\"@type\":\"Organization\",\"@id\":\"https:\\\/\\\/www.demusculos.com\\\/web\\\/#organization\",\"name\":\"DeMusculos.com\",\"alternateName\":\"DeMusculos\",\"url\":\"https:\\\/\\\/www.demusculos.com\\\/web\\\/\",\"logo\":{\"@type\":\"ImageObject\",\"inLanguage\":\"es\",\"@id\":\"https:\\\/\\\/www.demusculos.com\\\/web\\\/#\\\/schema\\\/logo\\\/image\\\/\",\"url\":\"https:\\\/\\\/www.demusculos.com\\\/web\\\/wp-content\\\/uploads\\\/2024\\\/02\\\/logo-demusculos-prestashop-usuario.png\",\"contentUrl\":\"https:\\\/\\\/www.demusculos.com\\\/web\\\/wp-content\\\/uploads\\\/2024\\\/02\\\/logo-demusculos-prestashop-usuario.png\",\"width\":150,\"height\":150,\"caption\":\"DeMusculos.com\"},\"image\":{\"@id\":\"https:\\\/\\\/www.demusculos.com\\\/web\\\/#\\\/schema\\\/logo\\\/image\\\/\"},\"sameAs\":[\"https:\\\/\\\/www.facebook.com\\\/demusculos\",\"https:\\\/\\\/x.com\\\/demusculos\",\"https:\\\/\\\/www.instagram.com\\\/demusculos\",\"https:\\\/\\\/www.tiktok.com\\\/@demusculos.com\"]}]}<\/script>\n<!-- \/ Yoast SEO plugin. -->","yoast_head_json":{"title":"Carnitina 90 de Gentech | Quemador de grasas | Demusculos.com","description":"Carnitina 90 de Gentech. Quemador de grasas para hombres y mujeres. Sin ning\u00fan tipo de estimulantes. Sano, natural, aprobado para su venta en Argentina.","robots":{"index":"index","follow":"follow","max-snippet":"max-snippet:-1","max-image-preview":"max-image-preview:large","max-video-preview":"max-video-preview:-1"},"canonical":"https:\/\/www.demusculos.com\/web\/producto\/carnitina-x90-comprimidos-gentech\/","og_locale":"es_ES","og_type":"article","og_title":"Carnitina 90 de Gentech | Quemador de grasas | Demusculos.com","og_description":"Carnitina 90 de Gentech. Quemador de grasas para hombres y mujeres. Sin ning\u00fan tipo de estimulantes. Sano, natural, aprobado para su venta en Argentina.","og_url":"https:\/\/www.demusculos.com\/web\/producto\/carnitina-x90-comprimidos-gentech\/","og_site_name":"DeMusculos","article_publisher":"https:\/\/www.facebook.com\/demusculos","article_modified_time":"2026-04-22T17:47:17+00:00","og_image":[{"width":1000,"height":1000,"url":"https:\/\/www.demusculos.com\/web\/wp-content\/uploads\/2024\/03\/carnitina-gentech-imagen2.jpg","type":"image\/jpeg"}],"twitter_card":"summary_large_image","twitter_site":"@demusculos","twitter_misc":{"Tiempo de lectura":"5 minutos"},"schema":{"@context":"https:\/\/schema.org","@graph":[{"@type":"WebPage","@id":"https:\/\/www.demusculos.com\/web\/producto\/carnitina-x90-comprimidos-gentech\/","url":"https:\/\/www.demusculos.com\/web\/producto\/carnitina-x90-comprimidos-gentech\/","name":"Carnitina 90 de Gentech | Quemador de grasas | Demusculos.com","isPartOf":{"@id":"https:\/\/www.demusculos.com\/web\/#website"},"primaryImageOfPage":{"@id":"https:\/\/www.demusculos.com\/web\/producto\/carnitina-x90-comprimidos-gentech\/#primaryimage"},"image":{"@id":"https:\/\/www.demusculos.com\/web\/producto\/carnitina-x90-comprimidos-gentech\/#primaryimage"},"thumbnailUrl":"https:\/\/www.demusculos.com\/web\/wp-content\/uploads\/2024\/03\/carnitina-gentech-imagen2.jpg","datePublished":"2024-03-06T00:38:24+00:00","dateModified":"2026-04-22T17:47:17+00:00","description":"Carnitina 90 de Gentech. Quemador de grasas para hombres y mujeres. Sin ning\u00fan tipo de estimulantes. Sano, natural, aprobado para su venta en Argentina.","breadcrumb":{"@id":"https:\/\/www.demusculos.com\/web\/producto\/carnitina-x90-comprimidos-gentech\/#breadcrumb"},"inLanguage":"es","potentialAction":[{"@type":"ReadAction","target":["https:\/\/www.demusculos.com\/web\/producto\/carnitina-x90-comprimidos-gentech\/"]}]},{"@type":"ImageObject","inLanguage":"es","@id":"https:\/\/www.demusculos.com\/web\/producto\/carnitina-x90-comprimidos-gentech\/#primaryimage","url":"https:\/\/www.demusculos.com\/web\/wp-content\/uploads\/2024\/03\/carnitina-gentech-imagen2.jpg","contentUrl":"https:\/\/www.demusculos.com\/web\/wp-content\/uploads\/2024\/03\/carnitina-gentech-imagen2.jpg","width":1000,"height":1000,"caption":"Carnitina de Gentech x90"},{"@type":"BreadcrumbList","@id":"https:\/\/www.demusculos.com\/web\/producto\/carnitina-x90-comprimidos-gentech\/#breadcrumb","itemListElement":[{"@type":"ListItem","position":1,"name":"Inicio","item":"https:\/\/www.demusculos.com\/web\/"},{"@type":"ListItem","position":2,"name":"Suplementos","item":"https:\/\/www.demusculos.com\/web\/tienda\/"},{"@type":"ListItem","position":3,"name":"Carnitina x90 comprimidos Gentech"}]},{"@type":"WebSite","@id":"https:\/\/www.demusculos.com\/web\/#website","url":"https:\/\/www.demusculos.com\/web\/","name":"DeMusculos.com","description":"Suplementos Naturales","publisher":{"@id":"https:\/\/www.demusculos.com\/web\/#organization"},"alternateName":"Suplementos Naturales","potentialAction":[{"@type":"SearchAction","target":{"@type":"EntryPoint","urlTemplate":"https:\/\/www.demusculos.com\/web\/?s={search_term_string}"},"query-input":{"@type":"PropertyValueSpecification","valueRequired":true,"valueName":"search_term_string"}}],"inLanguage":"es"},{"@type":"Organization","@id":"https:\/\/www.demusculos.com\/web\/#organization","name":"DeMusculos.com","alternateName":"DeMusculos","url":"https:\/\/www.demusculos.com\/web\/","logo":{"@type":"ImageObject","inLanguage":"es","@id":"https:\/\/www.demusculos.com\/web\/#\/schema\/logo\/image\/","url":"https:\/\/www.demusculos.com\/web\/wp-content\/uploads\/2024\/02\/logo-demusculos-prestashop-usuario.png","contentUrl":"https:\/\/www.demusculos.com\/web\/wp-content\/uploads\/2024\/02\/logo-demusculos-prestashop-usuario.png","width":150,"height":150,"caption":"DeMusculos.com"},"image":{"@id":"https:\/\/www.demusculos.com\/web\/#\/schema\/logo\/image\/"},"sameAs":["https:\/\/www.facebook.com\/demusculos","https:\/\/x.com\/demusculos","https:\/\/www.instagram.com\/demusculos","https:\/\/www.tiktok.com\/@demusculos.com"]}]}},"_links":{"self":[{"href":"https:\/\/www.demusculos.com\/web\/wp-json\/wp\/v2\/product\/1916","targetHints":{"allow":["GET"]}}],"collection":[{"href":"https:\/\/www.demusculos.com\/web\/wp-json\/wp\/v2\/product"}],"about":[{"href":"https:\/\/www.demusculos.com\/web\/wp-json\/wp\/v2\/types\/product"}],"replies":[{"embeddable":true,"href":"https:\/\/www.demusculos.com\/web\/wp-json\/wp\/v2\/comments?post=1916"}],"wp:featuredmedia":[{"embeddable":true,"href":"https:\/\/www.demusculos.com\/web\/wp-json\/wp\/v2\/media\/1917"}],"wp:attachment":[{"href":"https:\/\/www.demusculos.com\/web\/wp-json\/wp\/v2\/media?parent=1916"}],"wp:term":[{"taxonomy":"product_brand","embeddable":true,"href":"https:\/\/www.demusculos.com\/web\/wp-json\/wp\/v2\/product_brand?post=1916"},{"taxonomy":"product_cat","embeddable":true,"href":"https:\/\/www.demusculos.com\/web\/wp-json\/wp\/v2\/product_cat?post=1916"},{"taxonomy":"product_tag","embeddable":true,"href":"https:\/\/www.demusculos.com\/web\/wp-json\/wp\/v2\/product_tag?post=1916"}],"curies":[{"name":"wp","href":"https:\/\/api.w.org\/{rel}","templated":true}]}}