{"id":1919,"date":"2024-03-05T21:49:54","date_gmt":"2024-03-06T00:49:54","guid":{"rendered":"https:\/\/www.demusculos.com\/web\/?post_type=product&#038;p=1919"},"modified":"2026-03-18T15:51:28","modified_gmt":"2026-03-18T18:51:28","slug":"thermo-fire-xt-gold-1-kg-de-htn","status":"publish","type":"product","link":"https:\/\/www.demusculos.com\/web\/producto\/thermo-fire-xt-gold-1-kg-de-htn\/","title":{"rendered":"X6 Thermo Fire + Xt Gold 1 kg de HTN"},"content":{"rendered":"<h2>Combo Definici\u00f3n<\/h2>\n<p>Quemador de grasas + Prote\u00edna. Conserva y construye m\u00fasculos y baja las grasas, mejora la definici\u00f3n muscular, el tama\u00f1o muscular y la agilidad.<\/p>\n<figure id=\"attachment_340\" aria-describedby=\"caption-attachment-340\" style=\"width: 446px\" class=\"wp-caption alignnone\"><img decoding=\"async\" class=\"wp-image-340 size-full\" title=\"Suplementos HTN\" src=\"https:\/\/www.demusculos.com\/web\/wp-content\/uploads\/2024\/02\/logo-htn.png\" alt=\"Suplementos naturales deportivos HTN Nutrition: Ayuda a la definici\u00f3n muscular.\" width=\"446\" height=\"103\" srcset=\"https:\/\/www.demusculos.com\/web\/wp-content\/uploads\/2024\/02\/logo-htn.png 446w, https:\/\/www.demusculos.com\/web\/wp-content\/uploads\/2024\/02\/logo-htn-300x69.png 300w, https:\/\/www.demusculos.com\/web\/wp-content\/uploads\/2024\/02\/logo-htn-150x35.png 150w, https:\/\/www.demusculos.com\/web\/wp-content\/uploads\/2024\/02\/logo-htn-416x96.png 416w\" sizes=\"(max-width: 446px) 100vw, 446px\" \/><figcaption id=\"caption-attachment-340\" class=\"wp-caption-text\">Suplementos Naturales formulados en USA y distribuidos en Argentina por HTN<\/figcaption><\/figure>\n<h2>XT GOLD DE HTN + Thermo Fire X6 Quemador de grasas<\/h2>\n<p><strong>Ideal para bajar de peso (grasas) y marcar la masa muscular.<\/strong><br \/>\nUna de las prote\u00ednas y quemador de grasas m\u00e1s avanzados del pa\u00eds.<\/p>\n<p>Este combo es ideal para el hombre y la mujer que busca:<\/p>\n<ul>\n<li>Mejorar la masa muscular<\/li>\n<li>Bajar \u00edndice de grasa corporal<\/li>\n<\/ul>\n<p>Como objetivo principal:<\/p>\n<ul>\n<li>Definici\u00f3n (m\u00fasculos m\u00e1s marcados, con menos grasa corporal)<\/li>\n<li>Conservaci\u00f3n de masa muscular<\/li>\n<li>Desarrollo de masa muscular, mejor recuperaci\u00f3n muscular luego del entrenamiento.<\/li>\n<\/ul>\n<p>Incluye:<\/p>\n<ul>\n<li>Prote\u00edna<\/li>\n<li>Quemador de grasas<\/li>\n<\/ul>\n<p>Plan para 1 mes. Se puede combinar con otros suplementos, por ejemplo: Glutaminas, Pre Entrenamientos, Amino\u00e1cidos, Creatinas.<\/p>\n<p>Ver otros <a href=\"https:\/\/www.demusculos.com\/web\/etiqueta\/htn\/\">productos de HTN<\/a><\/p>\n","protected":false},"excerpt":{"rendered":"<p>Ideal para ganar masa muscular magra, libre de grasas, definici\u00f3n y rendimiento.\u00a0 Ideal para bajar de peso sin perder masa muscular.<\/p>\n","protected":false},"featured_media":1920,"comment_status":"closed","ping_status":"closed","template":"","meta":[],"product_brand":[234],"product_cat":[72],"product_tag":[73,138,51,89],"class_list":{"0":"post-1919","1":"product","2":"type-product","3":"status-publish","4":"has-post-thumbnail","6":"product_brand-htn","7":"product_cat-combos-descenso-de-peso","8":"product_tag-combos","9":"product_tag-definicion","10":"product_tag-htn","11":"product_tag-quemador","13":"first","14":"instock","15":"sale","16":"shipping-taxable","17":"purchasable","18":"product-type-simple"},"yoast_head":"<!-- This site is optimized with the Yoast SEO plugin v27.4 - https:\/\/yoast.com\/product\/yoast-seo-wordpress\/ -->\n<title>Combo para Definici\u00f3n | XT Gold 1 kg | X6 Thermo Fire | HTN<\/title>\n<meta name=\"description\" content=\"Combo ideal para definici\u00f3n muscular. Prote\u00edna XT Gold 1 kg de HTN + quemador de grasas X6 Thermo Fire x120 c\u00e1psulas. Para hombres y mujeres.\" \/>\n<meta name=\"robots\" content=\"index, follow, max-snippet:-1, max-image-preview:large, max-video-preview:-1\" \/>\n<link rel=\"canonical\" href=\"https:\/\/www.demusculos.com\/web\/producto\/thermo-fire-xt-gold-1-kg-de-htn\/\" \/>\n<meta property=\"og:locale\" content=\"es_ES\" \/>\n<meta property=\"og:type\" content=\"article\" \/>\n<meta property=\"og:title\" content=\"Combo para Definici\u00f3n | XT Gold 1 kg | X6 Thermo Fire | HTN\" \/>\n<meta property=\"og:description\" content=\"Combo ideal para definici\u00f3n muscular. Prote\u00edna XT Gold 1 kg de HTN + quemador de grasas X6 Thermo Fire x120 c\u00e1psulas. Para hombres y mujeres.\" \/>\n<meta property=\"og:url\" content=\"https:\/\/www.demusculos.com\/web\/producto\/thermo-fire-xt-gold-1-kg-de-htn\/\" \/>\n<meta property=\"og:site_name\" content=\"DeMusculos\" \/>\n<meta property=\"article:publisher\" content=\"https:\/\/www.facebook.com\/demusculos\" \/>\n<meta property=\"article:modified_time\" content=\"2026-03-18T18:51:28+00:00\" \/>\n<meta property=\"og:image\" content=\"https:\/\/www.demusculos.com\/web\/wp-content\/uploads\/2024\/03\/claudio-thermo-fire-xt-gold.jpg\" \/>\n\t<meta property=\"og:image:width\" content=\"1200\" \/>\n\t<meta property=\"og:image:height\" content=\"1200\" \/>\n\t<meta property=\"og:image:type\" content=\"image\/jpeg\" \/>\n<meta name=\"twitter:card\" content=\"summary_large_image\" \/>\n<meta name=\"twitter:site\" content=\"@demusculos\" \/>\n<meta name=\"twitter:label1\" content=\"Tiempo de lectura\" \/>\n\t<meta name=\"twitter:data1\" content=\"2 minutos\" \/>\n<script type=\"application\/ld+json\" class=\"yoast-schema-graph\">{\"@context\":\"https:\\\/\\\/schema.org\",\"@graph\":[{\"@type\":\"WebPage\",\"@id\":\"https:\\\/\\\/www.demusculos.com\\\/web\\\/producto\\\/thermo-fire-xt-gold-1-kg-de-htn\\\/\",\"url\":\"https:\\\/\\\/www.demusculos.com\\\/web\\\/producto\\\/thermo-fire-xt-gold-1-kg-de-htn\\\/\",\"name\":\"Combo para Definici\u00f3n | XT Gold 1 kg | X6 Thermo Fire | HTN\",\"isPartOf\":{\"@id\":\"https:\\\/\\\/www.demusculos.com\\\/web\\\/#website\"},\"primaryImageOfPage\":{\"@id\":\"https:\\\/\\\/www.demusculos.com\\\/web\\\/producto\\\/thermo-fire-xt-gold-1-kg-de-htn\\\/#primaryimage\"},\"image\":{\"@id\":\"https:\\\/\\\/www.demusculos.com\\\/web\\\/producto\\\/thermo-fire-xt-gold-1-kg-de-htn\\\/#primaryimage\"},\"thumbnailUrl\":\"https:\\\/\\\/www.demusculos.com\\\/web\\\/wp-content\\\/uploads\\\/2024\\\/03\\\/claudio-thermo-fire-xt-gold.jpg\",\"datePublished\":\"2024-03-06T00:49:54+00:00\",\"dateModified\":\"2026-03-18T18:51:28+00:00\",\"description\":\"Combo ideal para definici\u00f3n muscular. Prote\u00edna XT Gold 1 kg de HTN + quemador de grasas X6 Thermo Fire x120 c\u00e1psulas. Para hombres y mujeres.\",\"breadcrumb\":{\"@id\":\"https:\\\/\\\/www.demusculos.com\\\/web\\\/producto\\\/thermo-fire-xt-gold-1-kg-de-htn\\\/#breadcrumb\"},\"inLanguage\":\"es\",\"potentialAction\":[{\"@type\":\"ReadAction\",\"target\":[\"https:\\\/\\\/www.demusculos.com\\\/web\\\/producto\\\/thermo-fire-xt-gold-1-kg-de-htn\\\/\"]}]},{\"@type\":\"ImageObject\",\"inLanguage\":\"es\",\"@id\":\"https:\\\/\\\/www.demusculos.com\\\/web\\\/producto\\\/thermo-fire-xt-gold-1-kg-de-htn\\\/#primaryimage\",\"url\":\"https:\\\/\\\/www.demusculos.com\\\/web\\\/wp-content\\\/uploads\\\/2024\\\/03\\\/claudio-thermo-fire-xt-gold.jpg\",\"contentUrl\":\"https:\\\/\\\/www.demusculos.com\\\/web\\\/wp-content\\\/uploads\\\/2024\\\/03\\\/claudio-thermo-fire-xt-gold.jpg\",\"width\":1200,\"height\":1200,\"caption\":\"Combo: X6 Thermo Fire + XT Gold 1 kg de HTN\"},{\"@type\":\"BreadcrumbList\",\"@id\":\"https:\\\/\\\/www.demusculos.com\\\/web\\\/producto\\\/thermo-fire-xt-gold-1-kg-de-htn\\\/#breadcrumb\",\"itemListElement\":[{\"@type\":\"ListItem\",\"position\":1,\"name\":\"Inicio\",\"item\":\"https:\\\/\\\/www.demusculos.com\\\/web\\\/\"},{\"@type\":\"ListItem\",\"position\":2,\"name\":\"Suplementos\",\"item\":\"https:\\\/\\\/www.demusculos.com\\\/web\\\/tienda\\\/\"},{\"@type\":\"ListItem\",\"position\":3,\"name\":\"X6 Thermo Fire + Xt Gold 1 kg de HTN\"}]},{\"@type\":\"WebSite\",\"@id\":\"https:\\\/\\\/www.demusculos.com\\\/web\\\/#website\",\"url\":\"https:\\\/\\\/www.demusculos.com\\\/web\\\/\",\"name\":\"DeMusculos.com\",\"description\":\"Suplementos Naturales\",\"publisher\":{\"@id\":\"https:\\\/\\\/www.demusculos.com\\\/web\\\/#organization\"},\"alternateName\":\"Suplementos Naturales\",\"potentialAction\":[{\"@type\":\"SearchAction\",\"target\":{\"@type\":\"EntryPoint\",\"urlTemplate\":\"https:\\\/\\\/www.demusculos.com\\\/web\\\/?s={search_term_string}\"},\"query-input\":{\"@type\":\"PropertyValueSpecification\",\"valueRequired\":true,\"valueName\":\"search_term_string\"}}],\"inLanguage\":\"es\"},{\"@type\":\"Organization\",\"@id\":\"https:\\\/\\\/www.demusculos.com\\\/web\\\/#organization\",\"name\":\"DeMusculos.com\",\"alternateName\":\"DeMusculos\",\"url\":\"https:\\\/\\\/www.demusculos.com\\\/web\\\/\",\"logo\":{\"@type\":\"ImageObject\",\"inLanguage\":\"es\",\"@id\":\"https:\\\/\\\/www.demusculos.com\\\/web\\\/#\\\/schema\\\/logo\\\/image\\\/\",\"url\":\"https:\\\/\\\/www.demusculos.com\\\/web\\\/wp-content\\\/uploads\\\/2024\\\/02\\\/logo-demusculos-prestashop-usuario.png\",\"contentUrl\":\"https:\\\/\\\/www.demusculos.com\\\/web\\\/wp-content\\\/uploads\\\/2024\\\/02\\\/logo-demusculos-prestashop-usuario.png\",\"width\":150,\"height\":150,\"caption\":\"DeMusculos.com\"},\"image\":{\"@id\":\"https:\\\/\\\/www.demusculos.com\\\/web\\\/#\\\/schema\\\/logo\\\/image\\\/\"},\"sameAs\":[\"https:\\\/\\\/www.facebook.com\\\/demusculos\",\"https:\\\/\\\/x.com\\\/demusculos\",\"https:\\\/\\\/www.instagram.com\\\/demusculos\",\"https:\\\/\\\/www.tiktok.com\\\/@demusculos.com\"]}]}<\/script>\n<!-- \/ Yoast SEO plugin. -->","yoast_head_json":{"title":"Combo para Definici\u00f3n | XT Gold 1 kg | X6 Thermo Fire | HTN","description":"Combo ideal para definici\u00f3n muscular. Prote\u00edna XT Gold 1 kg de HTN + quemador de grasas X6 Thermo Fire x120 c\u00e1psulas. Para hombres y mujeres.","robots":{"index":"index","follow":"follow","max-snippet":"max-snippet:-1","max-image-preview":"max-image-preview:large","max-video-preview":"max-video-preview:-1"},"canonical":"https:\/\/www.demusculos.com\/web\/producto\/thermo-fire-xt-gold-1-kg-de-htn\/","og_locale":"es_ES","og_type":"article","og_title":"Combo para Definici\u00f3n | XT Gold 1 kg | X6 Thermo Fire | HTN","og_description":"Combo ideal para definici\u00f3n muscular. Prote\u00edna XT Gold 1 kg de HTN + quemador de grasas X6 Thermo Fire x120 c\u00e1psulas. Para hombres y mujeres.","og_url":"https:\/\/www.demusculos.com\/web\/producto\/thermo-fire-xt-gold-1-kg-de-htn\/","og_site_name":"DeMusculos","article_publisher":"https:\/\/www.facebook.com\/demusculos","article_modified_time":"2026-03-18T18:51:28+00:00","og_image":[{"width":1200,"height":1200,"url":"https:\/\/www.demusculos.com\/web\/wp-content\/uploads\/2024\/03\/claudio-thermo-fire-xt-gold.jpg","type":"image\/jpeg"}],"twitter_card":"summary_large_image","twitter_site":"@demusculos","twitter_misc":{"Tiempo de lectura":"2 minutos"},"schema":{"@context":"https:\/\/schema.org","@graph":[{"@type":"WebPage","@id":"https:\/\/www.demusculos.com\/web\/producto\/thermo-fire-xt-gold-1-kg-de-htn\/","url":"https:\/\/www.demusculos.com\/web\/producto\/thermo-fire-xt-gold-1-kg-de-htn\/","name":"Combo para Definici\u00f3n | XT Gold 1 kg | X6 Thermo Fire | HTN","isPartOf":{"@id":"https:\/\/www.demusculos.com\/web\/#website"},"primaryImageOfPage":{"@id":"https:\/\/www.demusculos.com\/web\/producto\/thermo-fire-xt-gold-1-kg-de-htn\/#primaryimage"},"image":{"@id":"https:\/\/www.demusculos.com\/web\/producto\/thermo-fire-xt-gold-1-kg-de-htn\/#primaryimage"},"thumbnailUrl":"https:\/\/www.demusculos.com\/web\/wp-content\/uploads\/2024\/03\/claudio-thermo-fire-xt-gold.jpg","datePublished":"2024-03-06T00:49:54+00:00","dateModified":"2026-03-18T18:51:28+00:00","description":"Combo ideal para definici\u00f3n muscular. Prote\u00edna XT Gold 1 kg de HTN + quemador de grasas X6 Thermo Fire x120 c\u00e1psulas. Para hombres y mujeres.","breadcrumb":{"@id":"https:\/\/www.demusculos.com\/web\/producto\/thermo-fire-xt-gold-1-kg-de-htn\/#breadcrumb"},"inLanguage":"es","potentialAction":[{"@type":"ReadAction","target":["https:\/\/www.demusculos.com\/web\/producto\/thermo-fire-xt-gold-1-kg-de-htn\/"]}]},{"@type":"ImageObject","inLanguage":"es","@id":"https:\/\/www.demusculos.com\/web\/producto\/thermo-fire-xt-gold-1-kg-de-htn\/#primaryimage","url":"https:\/\/www.demusculos.com\/web\/wp-content\/uploads\/2024\/03\/claudio-thermo-fire-xt-gold.jpg","contentUrl":"https:\/\/www.demusculos.com\/web\/wp-content\/uploads\/2024\/03\/claudio-thermo-fire-xt-gold.jpg","width":1200,"height":1200,"caption":"Combo: X6 Thermo Fire + XT Gold 1 kg de HTN"},{"@type":"BreadcrumbList","@id":"https:\/\/www.demusculos.com\/web\/producto\/thermo-fire-xt-gold-1-kg-de-htn\/#breadcrumb","itemListElement":[{"@type":"ListItem","position":1,"name":"Inicio","item":"https:\/\/www.demusculos.com\/web\/"},{"@type":"ListItem","position":2,"name":"Suplementos","item":"https:\/\/www.demusculos.com\/web\/tienda\/"},{"@type":"ListItem","position":3,"name":"X6 Thermo Fire + Xt Gold 1 kg de HTN"}]},{"@type":"WebSite","@id":"https:\/\/www.demusculos.com\/web\/#website","url":"https:\/\/www.demusculos.com\/web\/","name":"DeMusculos.com","description":"Suplementos Naturales","publisher":{"@id":"https:\/\/www.demusculos.com\/web\/#organization"},"alternateName":"Suplementos Naturales","potentialAction":[{"@type":"SearchAction","target":{"@type":"EntryPoint","urlTemplate":"https:\/\/www.demusculos.com\/web\/?s={search_term_string}"},"query-input":{"@type":"PropertyValueSpecification","valueRequired":true,"valueName":"search_term_string"}}],"inLanguage":"es"},{"@type":"Organization","@id":"https:\/\/www.demusculos.com\/web\/#organization","name":"DeMusculos.com","alternateName":"DeMusculos","url":"https:\/\/www.demusculos.com\/web\/","logo":{"@type":"ImageObject","inLanguage":"es","@id":"https:\/\/www.demusculos.com\/web\/#\/schema\/logo\/image\/","url":"https:\/\/www.demusculos.com\/web\/wp-content\/uploads\/2024\/02\/logo-demusculos-prestashop-usuario.png","contentUrl":"https:\/\/www.demusculos.com\/web\/wp-content\/uploads\/2024\/02\/logo-demusculos-prestashop-usuario.png","width":150,"height":150,"caption":"DeMusculos.com"},"image":{"@id":"https:\/\/www.demusculos.com\/web\/#\/schema\/logo\/image\/"},"sameAs":["https:\/\/www.facebook.com\/demusculos","https:\/\/x.com\/demusculos","https:\/\/www.instagram.com\/demusculos","https:\/\/www.tiktok.com\/@demusculos.com"]}]}},"_links":{"self":[{"href":"https:\/\/www.demusculos.com\/web\/wp-json\/wp\/v2\/product\/1919","targetHints":{"allow":["GET"]}}],"collection":[{"href":"https:\/\/www.demusculos.com\/web\/wp-json\/wp\/v2\/product"}],"about":[{"href":"https:\/\/www.demusculos.com\/web\/wp-json\/wp\/v2\/types\/product"}],"replies":[{"embeddable":true,"href":"https:\/\/www.demusculos.com\/web\/wp-json\/wp\/v2\/comments?post=1919"}],"wp:featuredmedia":[{"embeddable":true,"href":"https:\/\/www.demusculos.com\/web\/wp-json\/wp\/v2\/media\/1920"}],"wp:attachment":[{"href":"https:\/\/www.demusculos.com\/web\/wp-json\/wp\/v2\/media?parent=1919"}],"wp:term":[{"taxonomy":"product_brand","embeddable":true,"href":"https:\/\/www.demusculos.com\/web\/wp-json\/wp\/v2\/product_brand?post=1919"},{"taxonomy":"product_cat","embeddable":true,"href":"https:\/\/www.demusculos.com\/web\/wp-json\/wp\/v2\/product_cat?post=1919"},{"taxonomy":"product_tag","embeddable":true,"href":"https:\/\/www.demusculos.com\/web\/wp-json\/wp\/v2\/product_tag?post=1919"}],"curies":[{"name":"wp","href":"https:\/\/api.w.org\/{rel}","templated":true}]}}