{"id":1979,"date":"2024-03-06T09:01:02","date_gmt":"2024-03-06T12:01:02","guid":{"rendered":"https:\/\/www.demusculos.com\/web\/?post_type=product&#038;p=1979"},"modified":"2026-03-04T13:24:03","modified_gmt":"2026-03-04T16:24:03","slug":"hidratade-x20-sobres-pulver","status":"publish","type":"product","link":"https:\/\/www.demusculos.com\/web\/producto\/hidratade-x20-sobres-pulver\/","title":{"rendered":"Hidratade x20 sobres Pulver"},"content":{"rendered":"<p><img decoding=\"async\" class=\"alignnone size-full wp-image-12554\" style=\"font-size: 16px;\" src=\"https:\/\/www.demusculos.com\/web\/wp-content\/uploads\/2025\/06\/logo-pulver.webp\" alt=\"Suplementos Naturales Pulver\" width=\"446\" height=\"103\" srcset=\"https:\/\/www.demusculos.com\/web\/wp-content\/uploads\/2025\/06\/logo-pulver.webp 446w, https:\/\/www.demusculos.com\/web\/wp-content\/uploads\/2025\/06\/logo-pulver-300x69.webp 300w, https:\/\/www.demusculos.com\/web\/wp-content\/uploads\/2025\/06\/logo-pulver-441x102.webp 441w, https:\/\/www.demusculos.com\/web\/wp-content\/uploads\/2025\/06\/logo-pulver-150x35.webp 150w\" sizes=\"(max-width: 446px) 100vw, 446px\" \/><\/p>\n<h2>Nuevo HIDRATADE PULVER<\/h2>\n<p>Hidratade es una bebida a base de Sodio, Potasio y Magnesio<\/p>\n<p>Una vez comenzada la actividad f\u00edsica se consumen agua, carbohidratos y minerales principalmente sodio y potasio.<br \/>\nEsta es la raz\u00f3n por la que no es suficiente el agua pura para restituir las p\u00e9rdidas.<br \/>\nSe ha demostrado cient\u00edficamente que la ingesti\u00f3n de agua pura despu\u00e9s del ejercicio f\u00edsico produce una deshidrataci\u00f3n del 4% por aumento de la diuresis.<\/p>\n<p><img fetchpriority=\"high\" decoding=\"async\" class=\"alignnone size-full wp-image-12904\" src=\"https:\/\/www.demusculos.com\/web\/wp-content\/uploads\/2024\/03\/hidratade-pulver-01-1024x1024-1.webp\" alt=\"Hidratade de Pulver\" width=\"1024\" height=\"1024\" srcset=\"https:\/\/www.demusculos.com\/web\/wp-content\/uploads\/2024\/03\/hidratade-pulver-01-1024x1024-1.webp 1024w, https:\/\/www.demusculos.com\/web\/wp-content\/uploads\/2024\/03\/hidratade-pulver-01-1024x1024-1-300x300.webp 300w, https:\/\/www.demusculos.com\/web\/wp-content\/uploads\/2024\/03\/hidratade-pulver-01-1024x1024-1-150x150.webp 150w, https:\/\/www.demusculos.com\/web\/wp-content\/uploads\/2024\/03\/hidratade-pulver-01-1024x1024-1-768x768.webp 768w, https:\/\/www.demusculos.com\/web\/wp-content\/uploads\/2024\/03\/hidratade-pulver-01-1024x1024-1-990x990.webp 990w, https:\/\/www.demusculos.com\/web\/wp-content\/uploads\/2024\/03\/hidratade-pulver-01-1024x1024-1-441x441.webp 441w, https:\/\/www.demusculos.com\/web\/wp-content\/uploads\/2024\/03\/hidratade-pulver-01-1024x1024-1-100x100.webp 100w, https:\/\/www.demusculos.com\/web\/wp-content\/uploads\/2024\/03\/hidratade-pulver-01-1024x1024-1-800x800.webp 800w\" sizes=\"(max-width: 1024px) 100vw, 1024px\" \/><\/p>\n<p>M\u00ednimas p\u00e9rdidas de agua pueden perjudicar enormemente el desempe\u00f1o y la capacidad deportiva<br \/>\nTeniendo en cuenta que reci\u00e9n a los 10-20 minutos de haber ingerido agua \u00e9sta ingresa al plasma se deduce cu\u00e1n f\u00e1cil es que se produzca este d\u00e9ficit.<br \/>\nExisten m\u00faltiples investigaciones cient\u00edficas que indican que una soluci\u00f3n al 5-8% de glucosa, fructosa o pol\u00edmeros de glucosa son mucho m\u00e1s efectivas para lograr una buena hidrataci\u00f3n y mantener adecuados niveles de carbohidratos durante el ejercicio.<\/p>\n<p>La combinaci\u00f3n de varios carbohidratos en una bebida es ideal para mejorar la absorci\u00f3n de la bebida rhidratante en comparaci\u00f3n con el agregado de glucosa, fructosa u otro en forma individual.<br \/>\nHidratade es un compuesto que combina 5,5% de carbohidratos (glucosa, fructosa y sacarosa) con minerales en concentraci\u00f3n ideal para la reposici\u00f3n de l\u00edquidos y de sales consumidas durante la actividad f\u00edsica.<br \/>\nEsta combinaci\u00f3n de Hidratade permite el ingreso r\u00e1pido y constante de agua y minerales al organismo. No produce efectos diur\u00e9ticos ni cat\u00e1rticos excesivos tan comunes con aquellas bebidas que tienen menor o mayor concentraci\u00f3n de carbohidratos.<\/p>\n<p><img decoding=\"async\" class=\"alignnone size-full wp-image-12905\" src=\"https:\/\/www.demusculos.com\/web\/wp-content\/uploads\/2024\/03\/hidratade-pulver-02-1024x1024-1.webp\" alt=\"Hidratade de Pulver\" width=\"1024\" height=\"1024\" srcset=\"https:\/\/www.demusculos.com\/web\/wp-content\/uploads\/2024\/03\/hidratade-pulver-02-1024x1024-1.webp 1024w, https:\/\/www.demusculos.com\/web\/wp-content\/uploads\/2024\/03\/hidratade-pulver-02-1024x1024-1-300x300.webp 300w, https:\/\/www.demusculos.com\/web\/wp-content\/uploads\/2024\/03\/hidratade-pulver-02-1024x1024-1-150x150.webp 150w, https:\/\/www.demusculos.com\/web\/wp-content\/uploads\/2024\/03\/hidratade-pulver-02-1024x1024-1-768x768.webp 768w, https:\/\/www.demusculos.com\/web\/wp-content\/uploads\/2024\/03\/hidratade-pulver-02-1024x1024-1-990x990.webp 990w, https:\/\/www.demusculos.com\/web\/wp-content\/uploads\/2024\/03\/hidratade-pulver-02-1024x1024-1-441x441.webp 441w, https:\/\/www.demusculos.com\/web\/wp-content\/uploads\/2024\/03\/hidratade-pulver-02-1024x1024-1-100x100.webp 100w, https:\/\/www.demusculos.com\/web\/wp-content\/uploads\/2024\/03\/hidratade-pulver-02-1024x1024-1-800x800.webp 800w\" sizes=\"(max-width: 1024px) 100vw, 1024px\" \/><\/p>\n<p>Su presentaci\u00f3n en polvo permite el preparado del volumen exacto que se necesita.<br \/>\nModo de uso: Sus valores diarios pueden ser mayores o menores dependiendo de sus necesidades energ\u00e9ticas.<br \/>\nSabor: Naranja.<\/p>\n<p><strong>MODO DE USO<\/strong><\/p>\n<p>Diluir 30 gr (2 1\/2 cucharadas de sopa) en 500 cc de agua.<br \/>\nDurante los entrenamientos o competencias se recomiendan entre 500 y 1.000 cc por hora.<\/p>\n<div class=\"mceTemp\"><\/div>\n<figure id=\"attachment_12403\" aria-describedby=\"caption-attachment-12403\" style=\"width: 300px\" class=\"wp-caption alignnone\"><img loading=\"lazy\" decoding=\"async\" class=\"size-full wp-image-12403\" src=\"https:\/\/www.demusculos.com\/web\/wp-content\/uploads\/2025\/05\/icono-leche-agua.webp\" alt=\"Se prepara con agua o con leche de tipo descremada\" width=\"300\" height=\"300\" srcset=\"https:\/\/www.demusculos.com\/web\/wp-content\/uploads\/2025\/05\/icono-leche-agua.webp 300w, https:\/\/www.demusculos.com\/web\/wp-content\/uploads\/2025\/05\/icono-leche-agua-150x150.webp 150w, https:\/\/www.demusculos.com\/web\/wp-content\/uploads\/2025\/05\/icono-leche-agua-100x100.webp 100w\" sizes=\"(max-width: 300px) 100vw, 300px\" \/><figcaption id=\"caption-attachment-12403\" class=\"wp-caption-text\">Este producto se puede preparar con agua o con lech de tipo descremada<\/figcaption><\/figure>\n","protected":false},"excerpt":{"rendered":"<p>Bebida isot\u00f3nica para recuperaci\u00f3n e hidrataci\u00f3n.<\/p>\n","protected":false},"featured_media":12906,"comment_status":"closed","ping_status":"closed","template":"","meta":[],"product_brand":[221],"product_cat":[117],"product_tag":[125,28],"class_list":{"0":"post-1979","1":"product","2":"type-product","3":"status-publish","4":"has-post-thumbnail","6":"product_brand-pulver","7":"product_cat-hidratacion","8":"product_tag-bebida-isotonica","9":"product_tag-pulver","11":"first","12":"instock","13":"sale","14":"shipping-taxable","15":"purchasable","16":"product-type-simple"},"yoast_head":"<!-- This site is optimized with the Yoast SEO plugin v27.4 - https:\/\/yoast.com\/product\/yoast-seo-wordpress\/ -->\n<title>Hidratade | Bebida isot\u00f3nica de Pulver | DeMusculos.com<\/title>\n<meta name=\"description\" content=\"Hidratade es una bebida isot\u00f3nica fabricada por Pulver. Es ideal para maximizar la recuperaci\u00f3n y aumentar la energ\u00eda antes, durante y luego de entrenar.\" \/>\n<meta name=\"robots\" content=\"index, follow, max-snippet:-1, max-image-preview:large, max-video-preview:-1\" \/>\n<link rel=\"canonical\" href=\"https:\/\/www.demusculos.com\/web\/producto\/hidratade-x20-sobres-pulver\/\" \/>\n<meta property=\"og:locale\" content=\"es_ES\" \/>\n<meta property=\"og:type\" content=\"article\" \/>\n<meta property=\"og:title\" content=\"Hidratade | Bebida isot\u00f3nica de Pulver | DeMusculos.com\" \/>\n<meta property=\"og:description\" content=\"Hidratade es una bebida isot\u00f3nica fabricada por Pulver. Es ideal para maximizar la recuperaci\u00f3n y aumentar la energ\u00eda antes, durante y luego de entrenar.\" \/>\n<meta property=\"og:url\" content=\"https:\/\/www.demusculos.com\/web\/producto\/hidratade-x20-sobres-pulver\/\" \/>\n<meta property=\"og:site_name\" content=\"DeMusculos\" \/>\n<meta property=\"article:publisher\" content=\"https:\/\/www.facebook.com\/demusculos\" \/>\n<meta property=\"article:modified_time\" content=\"2026-03-04T16:24:03+00:00\" \/>\n<meta property=\"og:image\" content=\"https:\/\/www.demusculos.com\/web\/wp-content\/uploads\/2024\/03\/hidratade-pulver-caja.webp\" \/>\n\t<meta property=\"og:image:width\" content=\"1000\" \/>\n\t<meta property=\"og:image:height\" content=\"1000\" \/>\n\t<meta property=\"og:image:type\" content=\"image\/webp\" \/>\n<meta name=\"twitter:card\" content=\"summary_large_image\" \/>\n<meta name=\"twitter:site\" content=\"@demusculos\" \/>\n<meta name=\"twitter:label1\" content=\"Tiempo de lectura\" \/>\n\t<meta name=\"twitter:data1\" content=\"3 minutos\" \/>\n<script type=\"application\/ld+json\" class=\"yoast-schema-graph\">{\"@context\":\"https:\\\/\\\/schema.org\",\"@graph\":[{\"@type\":\"WebPage\",\"@id\":\"https:\\\/\\\/www.demusculos.com\\\/web\\\/producto\\\/hidratade-x20-sobres-pulver\\\/\",\"url\":\"https:\\\/\\\/www.demusculos.com\\\/web\\\/producto\\\/hidratade-x20-sobres-pulver\\\/\",\"name\":\"Hidratade | Bebida isot\u00f3nica de Pulver | DeMusculos.com\",\"isPartOf\":{\"@id\":\"https:\\\/\\\/www.demusculos.com\\\/web\\\/#website\"},\"primaryImageOfPage\":{\"@id\":\"https:\\\/\\\/www.demusculos.com\\\/web\\\/producto\\\/hidratade-x20-sobres-pulver\\\/#primaryimage\"},\"image\":{\"@id\":\"https:\\\/\\\/www.demusculos.com\\\/web\\\/producto\\\/hidratade-x20-sobres-pulver\\\/#primaryimage\"},\"thumbnailUrl\":\"https:\\\/\\\/www.demusculos.com\\\/web\\\/wp-content\\\/uploads\\\/2024\\\/03\\\/hidratade-pulver-caja.webp\",\"datePublished\":\"2024-03-06T12:01:02+00:00\",\"dateModified\":\"2026-03-04T16:24:03+00:00\",\"description\":\"Hidratade es una bebida isot\u00f3nica fabricada por Pulver. Es ideal para maximizar la recuperaci\u00f3n y aumentar la energ\u00eda antes, durante y luego de entrenar.\",\"breadcrumb\":{\"@id\":\"https:\\\/\\\/www.demusculos.com\\\/web\\\/producto\\\/hidratade-x20-sobres-pulver\\\/#breadcrumb\"},\"inLanguage\":\"es\",\"potentialAction\":[{\"@type\":\"ReadAction\",\"target\":[\"https:\\\/\\\/www.demusculos.com\\\/web\\\/producto\\\/hidratade-x20-sobres-pulver\\\/\"]}]},{\"@type\":\"ImageObject\",\"inLanguage\":\"es\",\"@id\":\"https:\\\/\\\/www.demusculos.com\\\/web\\\/producto\\\/hidratade-x20-sobres-pulver\\\/#primaryimage\",\"url\":\"https:\\\/\\\/www.demusculos.com\\\/web\\\/wp-content\\\/uploads\\\/2024\\\/03\\\/hidratade-pulver-caja.webp\",\"contentUrl\":\"https:\\\/\\\/www.demusculos.com\\\/web\\\/wp-content\\\/uploads\\\/2024\\\/03\\\/hidratade-pulver-caja.webp\",\"width\":1000,\"height\":1000,\"caption\":\"Hidratade de Pulver\"},{\"@type\":\"BreadcrumbList\",\"@id\":\"https:\\\/\\\/www.demusculos.com\\\/web\\\/producto\\\/hidratade-x20-sobres-pulver\\\/#breadcrumb\",\"itemListElement\":[{\"@type\":\"ListItem\",\"position\":1,\"name\":\"Inicio\",\"item\":\"https:\\\/\\\/www.demusculos.com\\\/web\\\/\"},{\"@type\":\"ListItem\",\"position\":2,\"name\":\"Suplementos\",\"item\":\"https:\\\/\\\/www.demusculos.com\\\/web\\\/tienda\\\/\"},{\"@type\":\"ListItem\",\"position\":3,\"name\":\"Hidratade x20 sobres Pulver\"}]},{\"@type\":\"WebSite\",\"@id\":\"https:\\\/\\\/www.demusculos.com\\\/web\\\/#website\",\"url\":\"https:\\\/\\\/www.demusculos.com\\\/web\\\/\",\"name\":\"DeMusculos.com\",\"description\":\"Suplementos Naturales\",\"publisher\":{\"@id\":\"https:\\\/\\\/www.demusculos.com\\\/web\\\/#organization\"},\"alternateName\":\"Suplementos Naturales\",\"potentialAction\":[{\"@type\":\"SearchAction\",\"target\":{\"@type\":\"EntryPoint\",\"urlTemplate\":\"https:\\\/\\\/www.demusculos.com\\\/web\\\/?s={search_term_string}\"},\"query-input\":{\"@type\":\"PropertyValueSpecification\",\"valueRequired\":true,\"valueName\":\"search_term_string\"}}],\"inLanguage\":\"es\"},{\"@type\":\"Organization\",\"@id\":\"https:\\\/\\\/www.demusculos.com\\\/web\\\/#organization\",\"name\":\"DeMusculos.com\",\"alternateName\":\"DeMusculos\",\"url\":\"https:\\\/\\\/www.demusculos.com\\\/web\\\/\",\"logo\":{\"@type\":\"ImageObject\",\"inLanguage\":\"es\",\"@id\":\"https:\\\/\\\/www.demusculos.com\\\/web\\\/#\\\/schema\\\/logo\\\/image\\\/\",\"url\":\"https:\\\/\\\/www.demusculos.com\\\/web\\\/wp-content\\\/uploads\\\/2024\\\/02\\\/logo-demusculos-prestashop-usuario.png\",\"contentUrl\":\"https:\\\/\\\/www.demusculos.com\\\/web\\\/wp-content\\\/uploads\\\/2024\\\/02\\\/logo-demusculos-prestashop-usuario.png\",\"width\":150,\"height\":150,\"caption\":\"DeMusculos.com\"},\"image\":{\"@id\":\"https:\\\/\\\/www.demusculos.com\\\/web\\\/#\\\/schema\\\/logo\\\/image\\\/\"},\"sameAs\":[\"https:\\\/\\\/www.facebook.com\\\/demusculos\",\"https:\\\/\\\/x.com\\\/demusculos\",\"https:\\\/\\\/www.instagram.com\\\/demusculos\",\"https:\\\/\\\/www.tiktok.com\\\/@demusculos.com\"]}]}<\/script>\n<!-- \/ Yoast SEO plugin. -->","yoast_head_json":{"title":"Hidratade | Bebida isot\u00f3nica de Pulver | DeMusculos.com","description":"Hidratade es una bebida isot\u00f3nica fabricada por Pulver. Es ideal para maximizar la recuperaci\u00f3n y aumentar la energ\u00eda antes, durante y luego de entrenar.","robots":{"index":"index","follow":"follow","max-snippet":"max-snippet:-1","max-image-preview":"max-image-preview:large","max-video-preview":"max-video-preview:-1"},"canonical":"https:\/\/www.demusculos.com\/web\/producto\/hidratade-x20-sobres-pulver\/","og_locale":"es_ES","og_type":"article","og_title":"Hidratade | Bebida isot\u00f3nica de Pulver | DeMusculos.com","og_description":"Hidratade es una bebida isot\u00f3nica fabricada por Pulver. Es ideal para maximizar la recuperaci\u00f3n y aumentar la energ\u00eda antes, durante y luego de entrenar.","og_url":"https:\/\/www.demusculos.com\/web\/producto\/hidratade-x20-sobres-pulver\/","og_site_name":"DeMusculos","article_publisher":"https:\/\/www.facebook.com\/demusculos","article_modified_time":"2026-03-04T16:24:03+00:00","og_image":[{"width":1000,"height":1000,"url":"https:\/\/www.demusculos.com\/web\/wp-content\/uploads\/2024\/03\/hidratade-pulver-caja.webp","type":"image\/webp"}],"twitter_card":"summary_large_image","twitter_site":"@demusculos","twitter_misc":{"Tiempo de lectura":"3 minutos"},"schema":{"@context":"https:\/\/schema.org","@graph":[{"@type":"WebPage","@id":"https:\/\/www.demusculos.com\/web\/producto\/hidratade-x20-sobres-pulver\/","url":"https:\/\/www.demusculos.com\/web\/producto\/hidratade-x20-sobres-pulver\/","name":"Hidratade | Bebida isot\u00f3nica de Pulver | DeMusculos.com","isPartOf":{"@id":"https:\/\/www.demusculos.com\/web\/#website"},"primaryImageOfPage":{"@id":"https:\/\/www.demusculos.com\/web\/producto\/hidratade-x20-sobres-pulver\/#primaryimage"},"image":{"@id":"https:\/\/www.demusculos.com\/web\/producto\/hidratade-x20-sobres-pulver\/#primaryimage"},"thumbnailUrl":"https:\/\/www.demusculos.com\/web\/wp-content\/uploads\/2024\/03\/hidratade-pulver-caja.webp","datePublished":"2024-03-06T12:01:02+00:00","dateModified":"2026-03-04T16:24:03+00:00","description":"Hidratade es una bebida isot\u00f3nica fabricada por Pulver. Es ideal para maximizar la recuperaci\u00f3n y aumentar la energ\u00eda antes, durante y luego de entrenar.","breadcrumb":{"@id":"https:\/\/www.demusculos.com\/web\/producto\/hidratade-x20-sobres-pulver\/#breadcrumb"},"inLanguage":"es","potentialAction":[{"@type":"ReadAction","target":["https:\/\/www.demusculos.com\/web\/producto\/hidratade-x20-sobres-pulver\/"]}]},{"@type":"ImageObject","inLanguage":"es","@id":"https:\/\/www.demusculos.com\/web\/producto\/hidratade-x20-sobres-pulver\/#primaryimage","url":"https:\/\/www.demusculos.com\/web\/wp-content\/uploads\/2024\/03\/hidratade-pulver-caja.webp","contentUrl":"https:\/\/www.demusculos.com\/web\/wp-content\/uploads\/2024\/03\/hidratade-pulver-caja.webp","width":1000,"height":1000,"caption":"Hidratade de Pulver"},{"@type":"BreadcrumbList","@id":"https:\/\/www.demusculos.com\/web\/producto\/hidratade-x20-sobres-pulver\/#breadcrumb","itemListElement":[{"@type":"ListItem","position":1,"name":"Inicio","item":"https:\/\/www.demusculos.com\/web\/"},{"@type":"ListItem","position":2,"name":"Suplementos","item":"https:\/\/www.demusculos.com\/web\/tienda\/"},{"@type":"ListItem","position":3,"name":"Hidratade x20 sobres Pulver"}]},{"@type":"WebSite","@id":"https:\/\/www.demusculos.com\/web\/#website","url":"https:\/\/www.demusculos.com\/web\/","name":"DeMusculos.com","description":"Suplementos Naturales","publisher":{"@id":"https:\/\/www.demusculos.com\/web\/#organization"},"alternateName":"Suplementos Naturales","potentialAction":[{"@type":"SearchAction","target":{"@type":"EntryPoint","urlTemplate":"https:\/\/www.demusculos.com\/web\/?s={search_term_string}"},"query-input":{"@type":"PropertyValueSpecification","valueRequired":true,"valueName":"search_term_string"}}],"inLanguage":"es"},{"@type":"Organization","@id":"https:\/\/www.demusculos.com\/web\/#organization","name":"DeMusculos.com","alternateName":"DeMusculos","url":"https:\/\/www.demusculos.com\/web\/","logo":{"@type":"ImageObject","inLanguage":"es","@id":"https:\/\/www.demusculos.com\/web\/#\/schema\/logo\/image\/","url":"https:\/\/www.demusculos.com\/web\/wp-content\/uploads\/2024\/02\/logo-demusculos-prestashop-usuario.png","contentUrl":"https:\/\/www.demusculos.com\/web\/wp-content\/uploads\/2024\/02\/logo-demusculos-prestashop-usuario.png","width":150,"height":150,"caption":"DeMusculos.com"},"image":{"@id":"https:\/\/www.demusculos.com\/web\/#\/schema\/logo\/image\/"},"sameAs":["https:\/\/www.facebook.com\/demusculos","https:\/\/x.com\/demusculos","https:\/\/www.instagram.com\/demusculos","https:\/\/www.tiktok.com\/@demusculos.com"]}]}},"_links":{"self":[{"href":"https:\/\/www.demusculos.com\/web\/wp-json\/wp\/v2\/product\/1979","targetHints":{"allow":["GET"]}}],"collection":[{"href":"https:\/\/www.demusculos.com\/web\/wp-json\/wp\/v2\/product"}],"about":[{"href":"https:\/\/www.demusculos.com\/web\/wp-json\/wp\/v2\/types\/product"}],"replies":[{"embeddable":true,"href":"https:\/\/www.demusculos.com\/web\/wp-json\/wp\/v2\/comments?post=1979"}],"wp:featuredmedia":[{"embeddable":true,"href":"https:\/\/www.demusculos.com\/web\/wp-json\/wp\/v2\/media\/12906"}],"wp:attachment":[{"href":"https:\/\/www.demusculos.com\/web\/wp-json\/wp\/v2\/media?parent=1979"}],"wp:term":[{"taxonomy":"product_brand","embeddable":true,"href":"https:\/\/www.demusculos.com\/web\/wp-json\/wp\/v2\/product_brand?post=1979"},{"taxonomy":"product_cat","embeddable":true,"href":"https:\/\/www.demusculos.com\/web\/wp-json\/wp\/v2\/product_cat?post=1979"},{"taxonomy":"product_tag","embeddable":true,"href":"https:\/\/www.demusculos.com\/web\/wp-json\/wp\/v2\/product_tag?post=1979"}],"curies":[{"name":"wp","href":"https:\/\/api.w.org\/{rel}","templated":true}]}}