{"id":1986,"date":"2024-03-06T09:12:48","date_gmt":"2024-03-06T12:12:48","guid":{"rendered":"https:\/\/www.demusculos.com\/web\/?post_type=product&#038;p=1986"},"modified":"2026-02-03T21:11:50","modified_gmt":"2026-02-04T00:11:50","slug":"bcaa-120-tabletas-de-pulver","status":"publish","type":"product","link":"https:\/\/www.demusculos.com\/web\/producto\/bcaa-120-tabletas-de-pulver\/","title":{"rendered":"BCAA 120 tabletas de Pulver"},"content":{"rendered":"<h2>Bcaa Pulver<\/h2>\n<p>El Bcaa Pulver es ideal para maximizar la recuperaci\u00f3n, mejorar el rendimiento. Masa muscular magra, libre de grasas. Para ambos sexos. Para todos los deportes.<\/p>\n<figure id=\"attachment_182\" aria-describedby=\"caption-attachment-182\" style=\"width: 446px\" class=\"wp-caption alignnone\"><img decoding=\"async\" class=\"size-full wp-image-182\" src=\"https:\/\/www.demusculos.com\/web\/wp-content\/uploads\/2024\/02\/logo-pulver.png\" alt=\"Productos naturales y deporitvos de la marca Pulver. Todos los suplementos son sin Tacc aptos para celiacos.\" width=\"446\" height=\"103\" srcset=\"https:\/\/www.demusculos.com\/web\/wp-content\/uploads\/2024\/02\/logo-pulver.png 446w, https:\/\/www.demusculos.com\/web\/wp-content\/uploads\/2024\/02\/logo-pulver-300x69.png 300w, https:\/\/www.demusculos.com\/web\/wp-content\/uploads\/2024\/02\/logo-pulver-150x35.png 150w, https:\/\/www.demusculos.com\/web\/wp-content\/uploads\/2024\/02\/logo-pulver-416x96.png 416w\" sizes=\"(max-width: 446px) 100vw, 446px\" \/><figcaption id=\"caption-attachment-182\" class=\"wp-caption-text\">Suplementos naturales ideales para aumentar masa muscular, rendimiento, recuperaci\u00f3n y para la dieta. Alimentos proteicos sin TACC.<\/figcaption><\/figure>\n<p><img fetchpriority=\"high\" decoding=\"async\" class=\"alignnone size-full wp-image-6843\" src=\"https:\/\/www.demusculos.com\/web\/wp-content\/uploads\/2024\/03\/BCAA-120-tabs-pulver-1a.jpg\" alt=\"Aminos Ramificados BCAA\" width=\"1080\" height=\"1080\" srcset=\"https:\/\/www.demusculos.com\/web\/wp-content\/uploads\/2024\/03\/BCAA-120-tabs-pulver-1a.jpg 1080w, https:\/\/www.demusculos.com\/web\/wp-content\/uploads\/2024\/03\/BCAA-120-tabs-pulver-1a-300x300.jpg 300w, https:\/\/www.demusculos.com\/web\/wp-content\/uploads\/2024\/03\/BCAA-120-tabs-pulver-1a-150x150.jpg 150w, https:\/\/www.demusculos.com\/web\/wp-content\/uploads\/2024\/03\/BCAA-120-tabs-pulver-1a-800x800.jpg 800w, https:\/\/www.demusculos.com\/web\/wp-content\/uploads\/2024\/03\/BCAA-120-tabs-pulver-1a-1024x1024.jpg 1024w, https:\/\/www.demusculos.com\/web\/wp-content\/uploads\/2024\/03\/BCAA-120-tabs-pulver-1a-768x768.jpg 768w\" sizes=\"(max-width: 1080px) 100vw, 1080px\" \/><\/p>\n<h2>Beneficios de\u00a0Bcaa Pulver<\/h2>\n<p>. Recuperaci\u00f3n<br \/>\n. Rendimiento<br \/>\n. Masa muscular<br \/>\n. Tono muscular<br \/>\n. Para hombres y mujeres<br \/>\n. Para todo tipo de deportes<\/p>\n<p><img decoding=\"async\" class=\"alignnone size-full wp-image-6842\" src=\"https:\/\/www.demusculos.com\/web\/wp-content\/uploads\/2024\/03\/BCAA-120-tabs-pulver-2a.jpg\" alt=\"Aminos Ramificados\" width=\"1080\" height=\"1080\" srcset=\"https:\/\/www.demusculos.com\/web\/wp-content\/uploads\/2024\/03\/BCAA-120-tabs-pulver-2a.jpg 1080w, https:\/\/www.demusculos.com\/web\/wp-content\/uploads\/2024\/03\/BCAA-120-tabs-pulver-2a-300x300.jpg 300w, https:\/\/www.demusculos.com\/web\/wp-content\/uploads\/2024\/03\/BCAA-120-tabs-pulver-2a-150x150.jpg 150w, https:\/\/www.demusculos.com\/web\/wp-content\/uploads\/2024\/03\/BCAA-120-tabs-pulver-2a-800x800.jpg 800w, https:\/\/www.demusculos.com\/web\/wp-content\/uploads\/2024\/03\/BCAA-120-tabs-pulver-2a-1024x1024.jpg 1024w, https:\/\/www.demusculos.com\/web\/wp-content\/uploads\/2024\/03\/BCAA-120-tabs-pulver-2a-768x768.jpg 768w\" sizes=\"(max-width: 1080px) 100vw, 1080px\" \/><\/p>\n<p>En el organismo la principal fuente de energ\u00eda es el gluc\u00f3geno (carbohidrato). Si no hay suficiente gluc\u00f3geno disponible, el cuerpo recurre a los amino\u00e1cidos (especialmente los BCAA). Si no se ingieren la cantidad adecuada de amino\u00e1cidos cuesta m\u00e1s la recuperaci\u00f3n y disminuye el rendimiento deportivo.<\/p>\n<p>La suplementaci\u00f3n con BCAA evitar\u00e1 lesiones y disminuir\u00e1 el tiempo de recuperaci\u00f3n. Especialmente indicados para deportistas con tiempos de recuperaci\u00f3n prolongados.<\/p>\n<p>\u2022 Estimulan la s\u00edntesis de prote\u00ednas y disminuyen su degradaci\u00f3n durante el ejercicio.<br \/>\n\u2022 Act\u00faan como combustible durante la actividad muscular.<br \/>\n\u2022 Rol defatigante: act\u00faan manteniendo un equilibrio ideal con la serotonina, permitiendo que el rendimiento f\u00edsico se mantenga a lo largo de un tiempo prolongado.<\/p>\n<p><strong>Modo de uso y recomendaciones:<\/strong><\/p>\n<p>Ingerir 2 comprimidos dos veces por d\u00eda (4 comprimidos en total). Recomendaciones seg\u00fan el objetivo a lograr:<\/p>\n<p>\u2022 Para aumento de fuerza y masa muscular: en los 90 minutos posteriores a la actividad f\u00edsica con carbohidratos que son la constante al terminar el entrenamiento.<\/p>\n<p>\u2022 Para actividad aer\u00f3bica: durante la misma junto a una bebida isot\u00f3nica<\/p>\n<p>\u2022 Para recuperaci\u00f3n de tejidos: en cualquier momento, fuera de las comidas.<\/p>\n<figure id=\"attachment_6838\" aria-describedby=\"caption-attachment-6838\" style=\"width: 1080px\" class=\"wp-caption alignnone\"><img loading=\"lazy\" decoding=\"async\" class=\"wp-image-6838 size-full\" title=\"La f\u00f3rmula de los amino\u00e1cidos ramificados de Pulver\" src=\"https:\/\/www.demusculos.com\/web\/wp-content\/uploads\/2024\/03\/BCAA-120-tabs-pulver-3.jpg\" alt=\"Informaci\u00f3n nutricional \" width=\"1080\" height=\"1080\" srcset=\"https:\/\/www.demusculos.com\/web\/wp-content\/uploads\/2024\/03\/BCAA-120-tabs-pulver-3.jpg 1080w, https:\/\/www.demusculos.com\/web\/wp-content\/uploads\/2024\/03\/BCAA-120-tabs-pulver-3-300x300.jpg 300w, https:\/\/www.demusculos.com\/web\/wp-content\/uploads\/2024\/03\/BCAA-120-tabs-pulver-3-150x150.jpg 150w, https:\/\/www.demusculos.com\/web\/wp-content\/uploads\/2024\/03\/BCAA-120-tabs-pulver-3-800x800.jpg 800w, https:\/\/www.demusculos.com\/web\/wp-content\/uploads\/2024\/03\/BCAA-120-tabs-pulver-3-1024x1024.jpg 1024w, https:\/\/www.demusculos.com\/web\/wp-content\/uploads\/2024\/03\/BCAA-120-tabs-pulver-3-768x768.jpg 768w\" sizes=\"(max-width: 1080px) 100vw, 1080px\" \/><figcaption id=\"caption-attachment-6838\" class=\"wp-caption-text\">F\u00f3rmula<\/figcaption><\/figure>\n<h3 class=\"\" data-sourcepos=\"16:1-16:43\">\u00bfPara qui\u00e9n son recomendables los BCAA?<\/h3>\n<p data-sourcepos=\"17:1-17:38\">Los BCAA pueden ser beneficiosos para:<\/p>\n<ul data-sourcepos=\"19:1-22:0\">\n<li data-sourcepos=\"19:1-19:117\"><strong>Atletas:<\/strong> Tanto aquellos que buscan aumentar la masa muscular como los que se dedican a deportes de resistencia.<\/li>\n<li data-sourcepos=\"20:1-20:98\"><strong>Personas que realizan ejercicio regularmente:<\/strong> Para mejorar la recuperaci\u00f3n y el rendimiento.<\/li>\n<li data-sourcepos=\"21:1-22:0\"><strong>Individuos con dietas restrictivas:<\/strong> Para ayudar a preservar la masa muscular.<\/li>\n<\/ul>\n<figure id=\"attachment_6841\" aria-describedby=\"caption-attachment-6841\" style=\"width: 1080px\" class=\"wp-caption alignnone\"><img loading=\"lazy\" decoding=\"async\" class=\"wp-image-6841 size-full\" src=\"https:\/\/www.demusculos.com\/web\/wp-content\/uploads\/2024\/03\/BCAA-120-tabs-pulver-6.jpg\" alt=\"Bcaa Pulver es ideal para todos los deportes\" width=\"1080\" height=\"1080\" srcset=\"https:\/\/www.demusculos.com\/web\/wp-content\/uploads\/2024\/03\/BCAA-120-tabs-pulver-6.jpg 1080w, https:\/\/www.demusculos.com\/web\/wp-content\/uploads\/2024\/03\/BCAA-120-tabs-pulver-6-300x300.jpg 300w, https:\/\/www.demusculos.com\/web\/wp-content\/uploads\/2024\/03\/BCAA-120-tabs-pulver-6-150x150.jpg 150w, https:\/\/www.demusculos.com\/web\/wp-content\/uploads\/2024\/03\/BCAA-120-tabs-pulver-6-800x800.jpg 800w, https:\/\/www.demusculos.com\/web\/wp-content\/uploads\/2024\/03\/BCAA-120-tabs-pulver-6-1024x1024.jpg 1024w, https:\/\/www.demusculos.com\/web\/wp-content\/uploads\/2024\/03\/BCAA-120-tabs-pulver-6-768x768.jpg 768w\" sizes=\"(max-width: 1080px) 100vw, 1080px\" \/><figcaption id=\"caption-attachment-6841\" class=\"wp-caption-text\">Para todos los deportes<\/figcaption><\/figure>\n<h3 class=\"\" data-sourcepos=\"23:1-23:25\">\u00bfC\u00f3mo tomar los BCAA?<\/h3>\n<p data-sourcepos=\"24:1-24:2\">La dosis y la frecuencia de consumo de BCAA pueden variar seg\u00fan las necesidades individuales y los objetivos. Lo ideal es consultar a un profesional de la salud o un nutricionista deportivo para determinar la dosis adecuada.<\/p>\n<p data-sourcepos=\"26:1-26:87\"><strong>Importante:<\/strong> Los BCAA son un suplemento y no deben reemplazar una dieta equilibrada.<\/p>\n<figure id=\"attachment_6840\" aria-describedby=\"caption-attachment-6840\" style=\"width: 1080px\" class=\"wp-caption alignnone\"><img loading=\"lazy\" decoding=\"async\" class=\"wp-image-6840 size-full\" src=\"https:\/\/www.demusculos.com\/web\/wp-content\/uploads\/2024\/03\/BCAA-120-tabs-pulver-5.jpg\" alt=\"Datos a destacar de los aminos B C A A de Pulver\" width=\"1080\" height=\"1080\" srcset=\"https:\/\/www.demusculos.com\/web\/wp-content\/uploads\/2024\/03\/BCAA-120-tabs-pulver-5.jpg 1080w, https:\/\/www.demusculos.com\/web\/wp-content\/uploads\/2024\/03\/BCAA-120-tabs-pulver-5-300x300.jpg 300w, https:\/\/www.demusculos.com\/web\/wp-content\/uploads\/2024\/03\/BCAA-120-tabs-pulver-5-150x150.jpg 150w, https:\/\/www.demusculos.com\/web\/wp-content\/uploads\/2024\/03\/BCAA-120-tabs-pulver-5-800x800.jpg 800w, https:\/\/www.demusculos.com\/web\/wp-content\/uploads\/2024\/03\/BCAA-120-tabs-pulver-5-1024x1024.jpg 1024w, https:\/\/www.demusculos.com\/web\/wp-content\/uploads\/2024\/03\/BCAA-120-tabs-pulver-5-768x768.jpg 768w\" sizes=\"(max-width: 1080px) 100vw, 1080px\" \/><figcaption id=\"caption-attachment-6840\" class=\"wp-caption-text\">A destacar<\/figcaption><\/figure>\n<figure id=\"attachment_6839\" aria-describedby=\"caption-attachment-6839\" style=\"width: 1080px\" class=\"wp-caption alignnone\"><img loading=\"lazy\" decoding=\"async\" class=\"wp-image-6839 size-full\" src=\"https:\/\/www.demusculos.com\/web\/wp-content\/uploads\/2024\/03\/BCAA-120-tabs-pulver-4.jpg\" alt=\"Beneficios de los aminos ramificados\" width=\"1080\" height=\"1080\" srcset=\"https:\/\/www.demusculos.com\/web\/wp-content\/uploads\/2024\/03\/BCAA-120-tabs-pulver-4.jpg 1080w, https:\/\/www.demusculos.com\/web\/wp-content\/uploads\/2024\/03\/BCAA-120-tabs-pulver-4-300x300.jpg 300w, https:\/\/www.demusculos.com\/web\/wp-content\/uploads\/2024\/03\/BCAA-120-tabs-pulver-4-150x150.jpg 150w, https:\/\/www.demusculos.com\/web\/wp-content\/uploads\/2024\/03\/BCAA-120-tabs-pulver-4-800x800.jpg 800w, https:\/\/www.demusculos.com\/web\/wp-content\/uploads\/2024\/03\/BCAA-120-tabs-pulver-4-1024x1024.jpg 1024w, https:\/\/www.demusculos.com\/web\/wp-content\/uploads\/2024\/03\/BCAA-120-tabs-pulver-4-768x768.jpg 768w\" sizes=\"(max-width: 1080px) 100vw, 1080px\" \/><figcaption id=\"caption-attachment-6839\" class=\"wp-caption-text\">Beneficios<\/figcaption><\/figure>\n","protected":false},"excerpt":{"rendered":"<p>Amino\u00e1cidos ramificados de marca pulver, ideal para recuperaci\u00f3n y masa muscular.<\/p>\n","protected":false},"featured_media":1987,"comment_status":"closed","ping_status":"closed","template":"","meta":[],"product_brand":[221],"product_cat":[25],"product_tag":[77,28,79],"class_list":{"0":"post-1986","1":"product","2":"type-product","3":"status-publish","4":"has-post-thumbnail","6":"product_brand-pulver","7":"product_cat-bcaa","8":"product_tag-masa-muscular","9":"product_tag-pulver","10":"product_tag-recuperacion","12":"first","13":"instock","14":"sale","15":"shipping-taxable","16":"purchasable","17":"product-type-simple"},"yoast_head":"<!-- This site is optimized with the Yoast SEO plugin v27.4 - https:\/\/yoast.com\/product\/yoast-seo-wordpress\/ -->\n<title>Bcaa Pulver | 120 c\u00e1psulas | Amino\u00e1cidos | DeMusculos.com<\/title>\n<meta name=\"description\" content=\"Los Bcaa Pulver son ideales para recuperaci\u00f3n. A mayor recuperaci\u00f3n m\u00e1s masa muscular. Para todos los deportes. Env\u00edo a toda la Argentina. Pago en l\u00ednea.\" \/>\n<meta name=\"robots\" content=\"index, follow, max-snippet:-1, max-image-preview:large, max-video-preview:-1\" \/>\n<link rel=\"canonical\" href=\"https:\/\/www.demusculos.com\/web\/producto\/bcaa-120-tabletas-de-pulver\/\" \/>\n<meta property=\"og:locale\" content=\"es_ES\" \/>\n<meta property=\"og:type\" content=\"article\" \/>\n<meta property=\"og:title\" content=\"Bcaa Pulver | 120 c\u00e1psulas | Amino\u00e1cidos | DeMusculos.com\" \/>\n<meta property=\"og:description\" content=\"Los Bcaa Pulver son ideales para recuperaci\u00f3n. A mayor recuperaci\u00f3n m\u00e1s masa muscular. Para todos los deportes. Env\u00edo a toda la Argentina. Pago en l\u00ednea.\" \/>\n<meta property=\"og:url\" content=\"https:\/\/www.demusculos.com\/web\/producto\/bcaa-120-tabletas-de-pulver\/\" \/>\n<meta property=\"og:site_name\" content=\"DeMusculos\" \/>\n<meta property=\"article:publisher\" content=\"https:\/\/www.facebook.com\/demusculos\" \/>\n<meta property=\"article:modified_time\" content=\"2026-02-04T00:11:50+00:00\" \/>\n<meta property=\"og:image\" content=\"https:\/\/www.demusculos.com\/web\/wp-content\/uploads\/2024\/03\/bcaa-tabletas-x1.jpg\" \/>\n\t<meta property=\"og:image:width\" content=\"1000\" \/>\n\t<meta property=\"og:image:height\" content=\"1000\" \/>\n\t<meta property=\"og:image:type\" content=\"image\/jpeg\" \/>\n<meta name=\"twitter:card\" content=\"summary_large_image\" \/>\n<meta name=\"twitter:site\" content=\"@demusculos\" \/>\n<meta name=\"twitter:label1\" content=\"Tiempo de lectura\" \/>\n\t<meta name=\"twitter:data1\" content=\"4 minutos\" \/>\n<script type=\"application\/ld+json\" class=\"yoast-schema-graph\">{\"@context\":\"https:\\\/\\\/schema.org\",\"@graph\":[{\"@type\":\"WebPage\",\"@id\":\"https:\\\/\\\/www.demusculos.com\\\/web\\\/producto\\\/bcaa-120-tabletas-de-pulver\\\/\",\"url\":\"https:\\\/\\\/www.demusculos.com\\\/web\\\/producto\\\/bcaa-120-tabletas-de-pulver\\\/\",\"name\":\"Bcaa Pulver | 120 c\u00e1psulas | Amino\u00e1cidos | DeMusculos.com\",\"isPartOf\":{\"@id\":\"https:\\\/\\\/www.demusculos.com\\\/web\\\/#website\"},\"primaryImageOfPage\":{\"@id\":\"https:\\\/\\\/www.demusculos.com\\\/web\\\/producto\\\/bcaa-120-tabletas-de-pulver\\\/#primaryimage\"},\"image\":{\"@id\":\"https:\\\/\\\/www.demusculos.com\\\/web\\\/producto\\\/bcaa-120-tabletas-de-pulver\\\/#primaryimage\"},\"thumbnailUrl\":\"https:\\\/\\\/www.demusculos.com\\\/web\\\/wp-content\\\/uploads\\\/2024\\\/03\\\/bcaa-tabletas-x1.jpg\",\"datePublished\":\"2024-03-06T12:12:48+00:00\",\"dateModified\":\"2026-02-04T00:11:50+00:00\",\"description\":\"Los Bcaa Pulver son ideales para recuperaci\u00f3n. A mayor recuperaci\u00f3n m\u00e1s masa muscular. Para todos los deportes. Env\u00edo a toda la Argentina. Pago en l\u00ednea.\",\"breadcrumb\":{\"@id\":\"https:\\\/\\\/www.demusculos.com\\\/web\\\/producto\\\/bcaa-120-tabletas-de-pulver\\\/#breadcrumb\"},\"inLanguage\":\"es\",\"potentialAction\":[{\"@type\":\"ReadAction\",\"target\":[\"https:\\\/\\\/www.demusculos.com\\\/web\\\/producto\\\/bcaa-120-tabletas-de-pulver\\\/\"]}]},{\"@type\":\"ImageObject\",\"inLanguage\":\"es\",\"@id\":\"https:\\\/\\\/www.demusculos.com\\\/web\\\/producto\\\/bcaa-120-tabletas-de-pulver\\\/#primaryimage\",\"url\":\"https:\\\/\\\/www.demusculos.com\\\/web\\\/wp-content\\\/uploads\\\/2024\\\/03\\\/bcaa-tabletas-x1.jpg\",\"contentUrl\":\"https:\\\/\\\/www.demusculos.com\\\/web\\\/wp-content\\\/uploads\\\/2024\\\/03\\\/bcaa-tabletas-x1.jpg\",\"width\":1000,\"height\":1000,\"caption\":\"Bcaa x 120 tabletas de Pulver\"},{\"@type\":\"BreadcrumbList\",\"@id\":\"https:\\\/\\\/www.demusculos.com\\\/web\\\/producto\\\/bcaa-120-tabletas-de-pulver\\\/#breadcrumb\",\"itemListElement\":[{\"@type\":\"ListItem\",\"position\":1,\"name\":\"Inicio\",\"item\":\"https:\\\/\\\/www.demusculos.com\\\/web\\\/\"},{\"@type\":\"ListItem\",\"position\":2,\"name\":\"Suplementos\",\"item\":\"https:\\\/\\\/www.demusculos.com\\\/web\\\/tienda\\\/\"},{\"@type\":\"ListItem\",\"position\":3,\"name\":\"BCAA 120 tabletas de Pulver\"}]},{\"@type\":\"WebSite\",\"@id\":\"https:\\\/\\\/www.demusculos.com\\\/web\\\/#website\",\"url\":\"https:\\\/\\\/www.demusculos.com\\\/web\\\/\",\"name\":\"DeMusculos.com\",\"description\":\"Suplementos Naturales\",\"publisher\":{\"@id\":\"https:\\\/\\\/www.demusculos.com\\\/web\\\/#organization\"},\"alternateName\":\"Suplementos Naturales\",\"potentialAction\":[{\"@type\":\"SearchAction\",\"target\":{\"@type\":\"EntryPoint\",\"urlTemplate\":\"https:\\\/\\\/www.demusculos.com\\\/web\\\/?s={search_term_string}\"},\"query-input\":{\"@type\":\"PropertyValueSpecification\",\"valueRequired\":true,\"valueName\":\"search_term_string\"}}],\"inLanguage\":\"es\"},{\"@type\":\"Organization\",\"@id\":\"https:\\\/\\\/www.demusculos.com\\\/web\\\/#organization\",\"name\":\"DeMusculos.com\",\"alternateName\":\"DeMusculos\",\"url\":\"https:\\\/\\\/www.demusculos.com\\\/web\\\/\",\"logo\":{\"@type\":\"ImageObject\",\"inLanguage\":\"es\",\"@id\":\"https:\\\/\\\/www.demusculos.com\\\/web\\\/#\\\/schema\\\/logo\\\/image\\\/\",\"url\":\"https:\\\/\\\/www.demusculos.com\\\/web\\\/wp-content\\\/uploads\\\/2024\\\/02\\\/logo-demusculos-prestashop-usuario.png\",\"contentUrl\":\"https:\\\/\\\/www.demusculos.com\\\/web\\\/wp-content\\\/uploads\\\/2024\\\/02\\\/logo-demusculos-prestashop-usuario.png\",\"width\":150,\"height\":150,\"caption\":\"DeMusculos.com\"},\"image\":{\"@id\":\"https:\\\/\\\/www.demusculos.com\\\/web\\\/#\\\/schema\\\/logo\\\/image\\\/\"},\"sameAs\":[\"https:\\\/\\\/www.facebook.com\\\/demusculos\",\"https:\\\/\\\/x.com\\\/demusculos\",\"https:\\\/\\\/www.instagram.com\\\/demusculos\",\"https:\\\/\\\/www.tiktok.com\\\/@demusculos.com\"]}]}<\/script>\n<!-- \/ Yoast SEO plugin. -->","yoast_head_json":{"title":"Bcaa Pulver | 120 c\u00e1psulas | Amino\u00e1cidos | DeMusculos.com","description":"Los Bcaa Pulver son ideales para recuperaci\u00f3n. A mayor recuperaci\u00f3n m\u00e1s masa muscular. Para todos los deportes. Env\u00edo a toda la Argentina. Pago en l\u00ednea.","robots":{"index":"index","follow":"follow","max-snippet":"max-snippet:-1","max-image-preview":"max-image-preview:large","max-video-preview":"max-video-preview:-1"},"canonical":"https:\/\/www.demusculos.com\/web\/producto\/bcaa-120-tabletas-de-pulver\/","og_locale":"es_ES","og_type":"article","og_title":"Bcaa Pulver | 120 c\u00e1psulas | Amino\u00e1cidos | DeMusculos.com","og_description":"Los Bcaa Pulver son ideales para recuperaci\u00f3n. A mayor recuperaci\u00f3n m\u00e1s masa muscular. Para todos los deportes. Env\u00edo a toda la Argentina. Pago en l\u00ednea.","og_url":"https:\/\/www.demusculos.com\/web\/producto\/bcaa-120-tabletas-de-pulver\/","og_site_name":"DeMusculos","article_publisher":"https:\/\/www.facebook.com\/demusculos","article_modified_time":"2026-02-04T00:11:50+00:00","og_image":[{"width":1000,"height":1000,"url":"https:\/\/www.demusculos.com\/web\/wp-content\/uploads\/2024\/03\/bcaa-tabletas-x1.jpg","type":"image\/jpeg"}],"twitter_card":"summary_large_image","twitter_site":"@demusculos","twitter_misc":{"Tiempo de lectura":"4 minutos"},"schema":{"@context":"https:\/\/schema.org","@graph":[{"@type":"WebPage","@id":"https:\/\/www.demusculos.com\/web\/producto\/bcaa-120-tabletas-de-pulver\/","url":"https:\/\/www.demusculos.com\/web\/producto\/bcaa-120-tabletas-de-pulver\/","name":"Bcaa Pulver | 120 c\u00e1psulas | Amino\u00e1cidos | DeMusculos.com","isPartOf":{"@id":"https:\/\/www.demusculos.com\/web\/#website"},"primaryImageOfPage":{"@id":"https:\/\/www.demusculos.com\/web\/producto\/bcaa-120-tabletas-de-pulver\/#primaryimage"},"image":{"@id":"https:\/\/www.demusculos.com\/web\/producto\/bcaa-120-tabletas-de-pulver\/#primaryimage"},"thumbnailUrl":"https:\/\/www.demusculos.com\/web\/wp-content\/uploads\/2024\/03\/bcaa-tabletas-x1.jpg","datePublished":"2024-03-06T12:12:48+00:00","dateModified":"2026-02-04T00:11:50+00:00","description":"Los Bcaa Pulver son ideales para recuperaci\u00f3n. A mayor recuperaci\u00f3n m\u00e1s masa muscular. Para todos los deportes. Env\u00edo a toda la Argentina. Pago en l\u00ednea.","breadcrumb":{"@id":"https:\/\/www.demusculos.com\/web\/producto\/bcaa-120-tabletas-de-pulver\/#breadcrumb"},"inLanguage":"es","potentialAction":[{"@type":"ReadAction","target":["https:\/\/www.demusculos.com\/web\/producto\/bcaa-120-tabletas-de-pulver\/"]}]},{"@type":"ImageObject","inLanguage":"es","@id":"https:\/\/www.demusculos.com\/web\/producto\/bcaa-120-tabletas-de-pulver\/#primaryimage","url":"https:\/\/www.demusculos.com\/web\/wp-content\/uploads\/2024\/03\/bcaa-tabletas-x1.jpg","contentUrl":"https:\/\/www.demusculos.com\/web\/wp-content\/uploads\/2024\/03\/bcaa-tabletas-x1.jpg","width":1000,"height":1000,"caption":"Bcaa x 120 tabletas de Pulver"},{"@type":"BreadcrumbList","@id":"https:\/\/www.demusculos.com\/web\/producto\/bcaa-120-tabletas-de-pulver\/#breadcrumb","itemListElement":[{"@type":"ListItem","position":1,"name":"Inicio","item":"https:\/\/www.demusculos.com\/web\/"},{"@type":"ListItem","position":2,"name":"Suplementos","item":"https:\/\/www.demusculos.com\/web\/tienda\/"},{"@type":"ListItem","position":3,"name":"BCAA 120 tabletas de Pulver"}]},{"@type":"WebSite","@id":"https:\/\/www.demusculos.com\/web\/#website","url":"https:\/\/www.demusculos.com\/web\/","name":"DeMusculos.com","description":"Suplementos Naturales","publisher":{"@id":"https:\/\/www.demusculos.com\/web\/#organization"},"alternateName":"Suplementos Naturales","potentialAction":[{"@type":"SearchAction","target":{"@type":"EntryPoint","urlTemplate":"https:\/\/www.demusculos.com\/web\/?s={search_term_string}"},"query-input":{"@type":"PropertyValueSpecification","valueRequired":true,"valueName":"search_term_string"}}],"inLanguage":"es"},{"@type":"Organization","@id":"https:\/\/www.demusculos.com\/web\/#organization","name":"DeMusculos.com","alternateName":"DeMusculos","url":"https:\/\/www.demusculos.com\/web\/","logo":{"@type":"ImageObject","inLanguage":"es","@id":"https:\/\/www.demusculos.com\/web\/#\/schema\/logo\/image\/","url":"https:\/\/www.demusculos.com\/web\/wp-content\/uploads\/2024\/02\/logo-demusculos-prestashop-usuario.png","contentUrl":"https:\/\/www.demusculos.com\/web\/wp-content\/uploads\/2024\/02\/logo-demusculos-prestashop-usuario.png","width":150,"height":150,"caption":"DeMusculos.com"},"image":{"@id":"https:\/\/www.demusculos.com\/web\/#\/schema\/logo\/image\/"},"sameAs":["https:\/\/www.facebook.com\/demusculos","https:\/\/x.com\/demusculos","https:\/\/www.instagram.com\/demusculos","https:\/\/www.tiktok.com\/@demusculos.com"]}]}},"_links":{"self":[{"href":"https:\/\/www.demusculos.com\/web\/wp-json\/wp\/v2\/product\/1986","targetHints":{"allow":["GET"]}}],"collection":[{"href":"https:\/\/www.demusculos.com\/web\/wp-json\/wp\/v2\/product"}],"about":[{"href":"https:\/\/www.demusculos.com\/web\/wp-json\/wp\/v2\/types\/product"}],"replies":[{"embeddable":true,"href":"https:\/\/www.demusculos.com\/web\/wp-json\/wp\/v2\/comments?post=1986"}],"wp:featuredmedia":[{"embeddable":true,"href":"https:\/\/www.demusculos.com\/web\/wp-json\/wp\/v2\/media\/1987"}],"wp:attachment":[{"href":"https:\/\/www.demusculos.com\/web\/wp-json\/wp\/v2\/media?parent=1986"}],"wp:term":[{"taxonomy":"product_brand","embeddable":true,"href":"https:\/\/www.demusculos.com\/web\/wp-json\/wp\/v2\/product_brand?post=1986"},{"taxonomy":"product_cat","embeddable":true,"href":"https:\/\/www.demusculos.com\/web\/wp-json\/wp\/v2\/product_cat?post=1986"},{"taxonomy":"product_tag","embeddable":true,"href":"https:\/\/www.demusculos.com\/web\/wp-json\/wp\/v2\/product_tag?post=1986"}],"curies":[{"name":"wp","href":"https:\/\/api.w.org\/{rel}","templated":true}]}}