{"id":1995,"date":"2024-03-06T09:33:33","date_gmt":"2024-03-06T12:33:33","guid":{"rendered":"https:\/\/www.demusculos.com\/web\/?post_type=product&#038;p=1995"},"modified":"2026-03-07T12:06:43","modified_gmt":"2026-03-07T15:06:43","slug":"bio-prot-isolate-2-lbs-de-hoch-sport-whey-protein","status":"publish","type":"product","link":"https:\/\/www.demusculos.com\/web\/producto\/bio-prot-isolate-2-lbs-de-hoch-sport-whey-protein\/","title":{"rendered":"Bio Prot Isolate 2 Lbs de Hoch Sport Whey Protein"},"content":{"rendered":"<h2>Bio Prot<\/h2>\n<p><strong>Bio Prot es la combinaci\u00f3n de dos tipos de prote\u00edna, prote\u00edna concentrada y prote\u00edna isolate.<\/strong><\/p>\n<figure id=\"attachment_299\" aria-describedby=\"caption-attachment-299\" style=\"width: 446px\" class=\"wp-caption alignnone\"><img decoding=\"async\" class=\"size-full wp-image-299\" src=\"https:\/\/www.demusculos.com\/web\/wp-content\/uploads\/2024\/02\/logo-hoch-sport.png\" alt=\"Fabricado por Hoch Sport en Argentina. Empresa que desarrolla los suplementos naturales m\u00e1s vers\u00e1tiles del mercado.\" width=\"446\" height=\"103\" srcset=\"https:\/\/www.demusculos.com\/web\/wp-content\/uploads\/2024\/02\/logo-hoch-sport.png 446w, https:\/\/www.demusculos.com\/web\/wp-content\/uploads\/2024\/02\/logo-hoch-sport-300x69.png 300w, https:\/\/www.demusculos.com\/web\/wp-content\/uploads\/2024\/02\/logo-hoch-sport-150x35.png 150w, https:\/\/www.demusculos.com\/web\/wp-content\/uploads\/2024\/02\/logo-hoch-sport-416x96.png 416w\" sizes=\"(max-width: 446px) 100vw, 446px\" \/><figcaption id=\"caption-attachment-299\" class=\"wp-caption-text\">Fabricado por Hoch Sport en Argentina. Empresa que desarrolla los suplementos naturales m\u00e1s vers\u00e1tiles del mercado.<\/figcaption><\/figure>\n<p>Nueva presentacion Premium Series combina Proteinas Concentrada + Isolada.<\/p>\n<p>BIO-PROT\u00ae es una fuente de prote\u00ednas l\u00e1cteas de la mayor calidad disponible, de m\u00e1xima pureza y disoluci\u00f3n instant\u00e1nea.<br \/>\nSus prote\u00ednas poseen un gran contenido de amino\u00e1cidos ramificados, glutamina y amino\u00e1cidos esenciales.<\/p>\n<p><strong>Ingredientes de Bio Prot<\/strong><br \/>\nConcentrado de prote\u00ednas de suero, Aislado de prote\u00ednas de suero, L-Leucina, L-Valina, L-Isoleucina, L-Glutamina, Saborizante, Goma Xantica (ins 415\/espesante), Stevia, Sucralosa. Contiene derivados de Leche y Soja<br \/>\nMaterias Primas Importadas.<\/p>\n<figure id=\"attachment_127\" aria-describedby=\"caption-attachment-127\" style=\"width: 300px\" class=\"wp-caption alignnone\"><img fetchpriority=\"high\" decoding=\"async\" class=\"size-full wp-image-127\" src=\"https:\/\/www.demusculos.com\/web\/wp-content\/uploads\/2024\/02\/1o2-scoop-x-dia.png\" alt=\"Scoop o medida interna. Es la medida que debes utilizar para consumir el producto.\" width=\"300\" height=\"300\" srcset=\"https:\/\/www.demusculos.com\/web\/wp-content\/uploads\/2024\/02\/1o2-scoop-x-dia.png 300w, https:\/\/www.demusculos.com\/web\/wp-content\/uploads\/2024\/02\/1o2-scoop-x-dia-150x150.png 150w\" sizes=\"(max-width: 300px) 100vw, 300px\" \/><figcaption id=\"caption-attachment-127\" class=\"wp-caption-text\">Se puede tomar una o dos veces por d\u00eda, por ejemplo, una toma por la ma\u00f1ana y una toma por la tarde. La toma m\u00e1s importante para tomar la prote\u00edna es luego del entrenamiento. Esto te permite una mayor recuperaci\u00f3n muscular.<\/figcaption><\/figure>\n<p><strong>PRESENTACI\u00d3N<\/strong>: Envase de 2lbs<\/p>\n<p><strong>MODO DE EMPLEO<\/strong>: Porci\u00f3n: 40gr (medida dosificadora) con 200 cc. de agua o leche descremada. Tomar entre las comidas principales o despues del ejercicio.<br \/>\nConsumir 1 medida por d\u00eda. Se la puede dividir en 2 tomas, a media ma\u00f1ana y a media tarde.<\/p>\n<figure id=\"attachment_125\" aria-describedby=\"caption-attachment-125\" style=\"width: 300px\" class=\"wp-caption alignnone\"><img decoding=\"async\" class=\"size-full wp-image-125\" src=\"https:\/\/www.demusculos.com\/web\/wp-content\/uploads\/2024\/02\/agua-leche-descremada.png\" alt=\"El producto se puede preparar con agua o con leche descremanda.\" width=\"300\" height=\"300\" srcset=\"https:\/\/www.demusculos.com\/web\/wp-content\/uploads\/2024\/02\/agua-leche-descremada.png 300w, https:\/\/www.demusculos.com\/web\/wp-content\/uploads\/2024\/02\/agua-leche-descremada-150x150.png 150w\" sizes=\"(max-width: 300px) 100vw, 300px\" \/><figcaption id=\"caption-attachment-125\" class=\"wp-caption-text\">Este producto se puede preparar con agua o leche descremada. Recomendamos tomarlo con l\u00edquidos fr\u00edos.<\/figcaption><\/figure>\n<p><strong>Informaci\u00f3n Nutritional (cada 40 g) * Esa informaci\u00f3n puede cambiar levemente seg\u00fan lotes y partiodas<\/strong><br \/>\nValor Energ\u00e9tico 141 kcal.<br \/>\nProte\u00ednas 33 g<br \/>\nCarbohidratos 1,6 g<br \/>\nGrasas Totales 0,8 g<br \/>\nGrasas Saturadas 0,5 g<br \/>\nSodio 40 mg<br \/>\nL-Leucina 1000 mg<br \/>\nL-Valina 500 mg<br \/>\nL-Isoleucina 500 mg<br \/>\nL-Glutamina 500 mg<\/p>\n","protected":false},"excerpt":{"rendered":"<p>Prote\u00edna 100% isolate. Mejora la asimilaci\u00f3n. Una de las mejores materias primas del mundo.<\/p>\n","protected":false},"featured_media":14811,"comment_status":"closed","ping_status":"closed","template":"","meta":[],"product_brand":[237],"product_cat":[16],"product_tag":[20,129],"class_list":{"0":"post-1995","1":"product","2":"type-product","3":"status-publish","4":"has-post-thumbnail","6":"product_brand-hoch-sport","7":"product_cat-proteinas","8":"product_tag-hoch-sport","9":"product_tag-whey-protein","11":"first","12":"instock","13":"sale","14":"shipping-taxable","15":"purchasable","16":"product-type-variable"},"yoast_head":"<!-- This site is optimized with the Yoast SEO plugin v27.3 - https:\/\/yoast.com\/product\/yoast-seo-wordpress\/ -->\n<title>Bio Prot | Prote\u00edna Whey Isolate y Concentrada | Hoch Sport<\/title>\n<meta name=\"description\" content=\"Bio Prot es una de las mejores prote\u00ednas del mundo. Es la combinaci\u00f3n de prote\u00edna Isolate, ultra fina, de mejor asimilaci\u00f3n y concentrada.\" \/>\n<meta name=\"robots\" content=\"index, follow, max-snippet:-1, max-image-preview:large, max-video-preview:-1\" \/>\n<link rel=\"canonical\" href=\"https:\/\/www.demusculos.com\/web\/producto\/bio-prot-isolate-2-lbs-de-hoch-sport-whey-protein\/\" \/>\n<meta property=\"og:locale\" content=\"es_ES\" \/>\n<meta property=\"og:type\" content=\"article\" \/>\n<meta property=\"og:title\" content=\"Bio Prot | Prote\u00edna Whey Isolate y Concentrada | Hoch Sport\" \/>\n<meta property=\"og:description\" content=\"Bio Prot es una de las mejores prote\u00ednas del mundo. Es la combinaci\u00f3n de prote\u00edna Isolate, ultra fina, de mejor asimilaci\u00f3n y concentrada.\" \/>\n<meta property=\"og:url\" content=\"https:\/\/www.demusculos.com\/web\/producto\/bio-prot-isolate-2-lbs-de-hoch-sport-whey-protein\/\" \/>\n<meta property=\"og:site_name\" content=\"DeMusculos\" \/>\n<meta property=\"article:publisher\" content=\"https:\/\/www.facebook.com\/demusculos\" \/>\n<meta property=\"article:modified_time\" content=\"2026-03-07T15:06:43+00:00\" \/>\n<meta property=\"og:image\" content=\"https:\/\/www.demusculos.com\/web\/wp-content\/uploads\/2024\/03\/proteina-bio-prot-hoch-sport-01.webp\" \/>\n\t<meta property=\"og:image:width\" content=\"1200\" \/>\n\t<meta property=\"og:image:height\" content=\"1200\" \/>\n\t<meta property=\"og:image:type\" content=\"image\/webp\" \/>\n<meta name=\"twitter:card\" content=\"summary_large_image\" \/>\n<meta name=\"twitter:site\" content=\"@demusculos\" \/>\n<meta name=\"twitter:label1\" content=\"Tiempo de lectura\" \/>\n\t<meta name=\"twitter:data1\" content=\"3 minutos\" \/>\n<script type=\"application\/ld+json\" class=\"yoast-schema-graph\">{\"@context\":\"https:\\\/\\\/schema.org\",\"@graph\":[{\"@type\":\"WebPage\",\"@id\":\"https:\\\/\\\/www.demusculos.com\\\/web\\\/producto\\\/bio-prot-isolate-2-lbs-de-hoch-sport-whey-protein\\\/\",\"url\":\"https:\\\/\\\/www.demusculos.com\\\/web\\\/producto\\\/bio-prot-isolate-2-lbs-de-hoch-sport-whey-protein\\\/\",\"name\":\"Bio Prot | Prote\u00edna Whey Isolate y Concentrada | Hoch Sport\",\"isPartOf\":{\"@id\":\"https:\\\/\\\/www.demusculos.com\\\/web\\\/#website\"},\"primaryImageOfPage\":{\"@id\":\"https:\\\/\\\/www.demusculos.com\\\/web\\\/producto\\\/bio-prot-isolate-2-lbs-de-hoch-sport-whey-protein\\\/#primaryimage\"},\"image\":{\"@id\":\"https:\\\/\\\/www.demusculos.com\\\/web\\\/producto\\\/bio-prot-isolate-2-lbs-de-hoch-sport-whey-protein\\\/#primaryimage\"},\"thumbnailUrl\":\"https:\\\/\\\/www.demusculos.com\\\/web\\\/wp-content\\\/uploads\\\/2024\\\/03\\\/proteina-bio-prot-hoch-sport-01.webp\",\"datePublished\":\"2024-03-06T12:33:33+00:00\",\"dateModified\":\"2026-03-07T15:06:43+00:00\",\"description\":\"Bio Prot es una de las mejores prote\u00ednas del mundo. Es la combinaci\u00f3n de prote\u00edna Isolate, ultra fina, de mejor asimilaci\u00f3n y concentrada.\",\"breadcrumb\":{\"@id\":\"https:\\\/\\\/www.demusculos.com\\\/web\\\/producto\\\/bio-prot-isolate-2-lbs-de-hoch-sport-whey-protein\\\/#breadcrumb\"},\"inLanguage\":\"es\",\"potentialAction\":[{\"@type\":\"ReadAction\",\"target\":[\"https:\\\/\\\/www.demusculos.com\\\/web\\\/producto\\\/bio-prot-isolate-2-lbs-de-hoch-sport-whey-protein\\\/\"]}]},{\"@type\":\"ImageObject\",\"inLanguage\":\"es\",\"@id\":\"https:\\\/\\\/www.demusculos.com\\\/web\\\/producto\\\/bio-prot-isolate-2-lbs-de-hoch-sport-whey-protein\\\/#primaryimage\",\"url\":\"https:\\\/\\\/www.demusculos.com\\\/web\\\/wp-content\\\/uploads\\\/2024\\\/03\\\/proteina-bio-prot-hoch-sport-01.webp\",\"contentUrl\":\"https:\\\/\\\/www.demusculos.com\\\/web\\\/wp-content\\\/uploads\\\/2024\\\/03\\\/proteina-bio-prot-hoch-sport-01.webp\",\"width\":1200,\"height\":1200,\"caption\":\"Prote\u00edna Bio Prot de Hoch Sport\"},{\"@type\":\"BreadcrumbList\",\"@id\":\"https:\\\/\\\/www.demusculos.com\\\/web\\\/producto\\\/bio-prot-isolate-2-lbs-de-hoch-sport-whey-protein\\\/#breadcrumb\",\"itemListElement\":[{\"@type\":\"ListItem\",\"position\":1,\"name\":\"Inicio\",\"item\":\"https:\\\/\\\/www.demusculos.com\\\/web\\\/\"},{\"@type\":\"ListItem\",\"position\":2,\"name\":\"Suplementos\",\"item\":\"https:\\\/\\\/www.demusculos.com\\\/web\\\/tienda\\\/\"},{\"@type\":\"ListItem\",\"position\":3,\"name\":\"Bio Prot Isolate 2 Lbs de Hoch Sport Whey Protein\"}]},{\"@type\":\"WebSite\",\"@id\":\"https:\\\/\\\/www.demusculos.com\\\/web\\\/#website\",\"url\":\"https:\\\/\\\/www.demusculos.com\\\/web\\\/\",\"name\":\"DeMusculos.com\",\"description\":\"Suplementos Naturales\",\"publisher\":{\"@id\":\"https:\\\/\\\/www.demusculos.com\\\/web\\\/#organization\"},\"alternateName\":\"Suplementos Naturales\",\"potentialAction\":[{\"@type\":\"SearchAction\",\"target\":{\"@type\":\"EntryPoint\",\"urlTemplate\":\"https:\\\/\\\/www.demusculos.com\\\/web\\\/?s={search_term_string}\"},\"query-input\":{\"@type\":\"PropertyValueSpecification\",\"valueRequired\":true,\"valueName\":\"search_term_string\"}}],\"inLanguage\":\"es\"},{\"@type\":\"Organization\",\"@id\":\"https:\\\/\\\/www.demusculos.com\\\/web\\\/#organization\",\"name\":\"DeMusculos.com\",\"alternateName\":\"DeMusculos\",\"url\":\"https:\\\/\\\/www.demusculos.com\\\/web\\\/\",\"logo\":{\"@type\":\"ImageObject\",\"inLanguage\":\"es\",\"@id\":\"https:\\\/\\\/www.demusculos.com\\\/web\\\/#\\\/schema\\\/logo\\\/image\\\/\",\"url\":\"https:\\\/\\\/www.demusculos.com\\\/web\\\/wp-content\\\/uploads\\\/2024\\\/02\\\/logo-demusculos-prestashop-usuario.png\",\"contentUrl\":\"https:\\\/\\\/www.demusculos.com\\\/web\\\/wp-content\\\/uploads\\\/2024\\\/02\\\/logo-demusculos-prestashop-usuario.png\",\"width\":150,\"height\":150,\"caption\":\"DeMusculos.com\"},\"image\":{\"@id\":\"https:\\\/\\\/www.demusculos.com\\\/web\\\/#\\\/schema\\\/logo\\\/image\\\/\"},\"sameAs\":[\"https:\\\/\\\/www.facebook.com\\\/demusculos\",\"https:\\\/\\\/x.com\\\/demusculos\",\"https:\\\/\\\/www.instagram.com\\\/demusculos\",\"https:\\\/\\\/www.tiktok.com\\\/@demusculos.com\"]}]}<\/script>\n<!-- \/ Yoast SEO plugin. -->","yoast_head_json":{"title":"Bio Prot | Prote\u00edna Whey Isolate y Concentrada | Hoch Sport","description":"Bio Prot es una de las mejores prote\u00ednas del mundo. Es la combinaci\u00f3n de prote\u00edna Isolate, ultra fina, de mejor asimilaci\u00f3n y concentrada.","robots":{"index":"index","follow":"follow","max-snippet":"max-snippet:-1","max-image-preview":"max-image-preview:large","max-video-preview":"max-video-preview:-1"},"canonical":"https:\/\/www.demusculos.com\/web\/producto\/bio-prot-isolate-2-lbs-de-hoch-sport-whey-protein\/","og_locale":"es_ES","og_type":"article","og_title":"Bio Prot | Prote\u00edna Whey Isolate y Concentrada | Hoch Sport","og_description":"Bio Prot es una de las mejores prote\u00ednas del mundo. Es la combinaci\u00f3n de prote\u00edna Isolate, ultra fina, de mejor asimilaci\u00f3n y concentrada.","og_url":"https:\/\/www.demusculos.com\/web\/producto\/bio-prot-isolate-2-lbs-de-hoch-sport-whey-protein\/","og_site_name":"DeMusculos","article_publisher":"https:\/\/www.facebook.com\/demusculos","article_modified_time":"2026-03-07T15:06:43+00:00","og_image":[{"width":1200,"height":1200,"url":"https:\/\/www.demusculos.com\/web\/wp-content\/uploads\/2024\/03\/proteina-bio-prot-hoch-sport-01.webp","type":"image\/webp"}],"twitter_card":"summary_large_image","twitter_site":"@demusculos","twitter_misc":{"Tiempo de lectura":"3 minutos"},"schema":{"@context":"https:\/\/schema.org","@graph":[{"@type":"WebPage","@id":"https:\/\/www.demusculos.com\/web\/producto\/bio-prot-isolate-2-lbs-de-hoch-sport-whey-protein\/","url":"https:\/\/www.demusculos.com\/web\/producto\/bio-prot-isolate-2-lbs-de-hoch-sport-whey-protein\/","name":"Bio Prot | Prote\u00edna Whey Isolate y Concentrada | Hoch Sport","isPartOf":{"@id":"https:\/\/www.demusculos.com\/web\/#website"},"primaryImageOfPage":{"@id":"https:\/\/www.demusculos.com\/web\/producto\/bio-prot-isolate-2-lbs-de-hoch-sport-whey-protein\/#primaryimage"},"image":{"@id":"https:\/\/www.demusculos.com\/web\/producto\/bio-prot-isolate-2-lbs-de-hoch-sport-whey-protein\/#primaryimage"},"thumbnailUrl":"https:\/\/www.demusculos.com\/web\/wp-content\/uploads\/2024\/03\/proteina-bio-prot-hoch-sport-01.webp","datePublished":"2024-03-06T12:33:33+00:00","dateModified":"2026-03-07T15:06:43+00:00","description":"Bio Prot es una de las mejores prote\u00ednas del mundo. Es la combinaci\u00f3n de prote\u00edna Isolate, ultra fina, de mejor asimilaci\u00f3n y concentrada.","breadcrumb":{"@id":"https:\/\/www.demusculos.com\/web\/producto\/bio-prot-isolate-2-lbs-de-hoch-sport-whey-protein\/#breadcrumb"},"inLanguage":"es","potentialAction":[{"@type":"ReadAction","target":["https:\/\/www.demusculos.com\/web\/producto\/bio-prot-isolate-2-lbs-de-hoch-sport-whey-protein\/"]}]},{"@type":"ImageObject","inLanguage":"es","@id":"https:\/\/www.demusculos.com\/web\/producto\/bio-prot-isolate-2-lbs-de-hoch-sport-whey-protein\/#primaryimage","url":"https:\/\/www.demusculos.com\/web\/wp-content\/uploads\/2024\/03\/proteina-bio-prot-hoch-sport-01.webp","contentUrl":"https:\/\/www.demusculos.com\/web\/wp-content\/uploads\/2024\/03\/proteina-bio-prot-hoch-sport-01.webp","width":1200,"height":1200,"caption":"Prote\u00edna Bio Prot de Hoch Sport"},{"@type":"BreadcrumbList","@id":"https:\/\/www.demusculos.com\/web\/producto\/bio-prot-isolate-2-lbs-de-hoch-sport-whey-protein\/#breadcrumb","itemListElement":[{"@type":"ListItem","position":1,"name":"Inicio","item":"https:\/\/www.demusculos.com\/web\/"},{"@type":"ListItem","position":2,"name":"Suplementos","item":"https:\/\/www.demusculos.com\/web\/tienda\/"},{"@type":"ListItem","position":3,"name":"Bio Prot Isolate 2 Lbs de Hoch Sport Whey Protein"}]},{"@type":"WebSite","@id":"https:\/\/www.demusculos.com\/web\/#website","url":"https:\/\/www.demusculos.com\/web\/","name":"DeMusculos.com","description":"Suplementos Naturales","publisher":{"@id":"https:\/\/www.demusculos.com\/web\/#organization"},"alternateName":"Suplementos Naturales","potentialAction":[{"@type":"SearchAction","target":{"@type":"EntryPoint","urlTemplate":"https:\/\/www.demusculos.com\/web\/?s={search_term_string}"},"query-input":{"@type":"PropertyValueSpecification","valueRequired":true,"valueName":"search_term_string"}}],"inLanguage":"es"},{"@type":"Organization","@id":"https:\/\/www.demusculos.com\/web\/#organization","name":"DeMusculos.com","alternateName":"DeMusculos","url":"https:\/\/www.demusculos.com\/web\/","logo":{"@type":"ImageObject","inLanguage":"es","@id":"https:\/\/www.demusculos.com\/web\/#\/schema\/logo\/image\/","url":"https:\/\/www.demusculos.com\/web\/wp-content\/uploads\/2024\/02\/logo-demusculos-prestashop-usuario.png","contentUrl":"https:\/\/www.demusculos.com\/web\/wp-content\/uploads\/2024\/02\/logo-demusculos-prestashop-usuario.png","width":150,"height":150,"caption":"DeMusculos.com"},"image":{"@id":"https:\/\/www.demusculos.com\/web\/#\/schema\/logo\/image\/"},"sameAs":["https:\/\/www.facebook.com\/demusculos","https:\/\/x.com\/demusculos","https:\/\/www.instagram.com\/demusculos","https:\/\/www.tiktok.com\/@demusculos.com"]}]}},"_links":{"self":[{"href":"https:\/\/www.demusculos.com\/web\/wp-json\/wp\/v2\/product\/1995","targetHints":{"allow":["GET"]}}],"collection":[{"href":"https:\/\/www.demusculos.com\/web\/wp-json\/wp\/v2\/product"}],"about":[{"href":"https:\/\/www.demusculos.com\/web\/wp-json\/wp\/v2\/types\/product"}],"replies":[{"embeddable":true,"href":"https:\/\/www.demusculos.com\/web\/wp-json\/wp\/v2\/comments?post=1995"}],"wp:featuredmedia":[{"embeddable":true,"href":"https:\/\/www.demusculos.com\/web\/wp-json\/wp\/v2\/media\/14811"}],"wp:attachment":[{"href":"https:\/\/www.demusculos.com\/web\/wp-json\/wp\/v2\/media?parent=1995"}],"wp:term":[{"taxonomy":"product_brand","embeddable":true,"href":"https:\/\/www.demusculos.com\/web\/wp-json\/wp\/v2\/product_brand?post=1995"},{"taxonomy":"product_cat","embeddable":true,"href":"https:\/\/www.demusculos.com\/web\/wp-json\/wp\/v2\/product_cat?post=1995"},{"taxonomy":"product_tag","embeddable":true,"href":"https:\/\/www.demusculos.com\/web\/wp-json\/wp\/v2\/product_tag?post=1995"}],"curies":[{"name":"wp","href":"https:\/\/api.w.org\/{rel}","templated":true}]}}