{"id":2010,"date":"2024-03-06T11:10:27","date_gmt":"2024-03-06T14:10:27","guid":{"rendered":"https:\/\/www.demusculos.com\/web\/?post_type=product&#038;p=2010"},"modified":"2026-04-05T16:51:37","modified_gmt":"2026-04-05T19:51:37","slug":"multi-vitamin-x60-de-gentech-vitaminas-y-minerales","status":"publish","type":"product","link":"https:\/\/www.demusculos.com\/web\/producto\/multi-vitamin-x60-de-gentech-vitaminas-y-minerales\/","title":{"rendered":"Multi Vitamin x60 de Gentech Vitaminas y Minerales"},"content":{"rendered":"<h2>Multi Vitamin Gentech<\/h2>\n<p>El Multi Vitamin Gentech es un excelente suplemento natural para mejorar el rendimiento f\u00edsico de cualquier deportista.<\/p>\n<p><span style=\"color: #ff0000;\"><strong data-start=\"82\" data-end=\"132\">Importante sobre las ofertas FLASH de GENTECH:<\/strong><\/span><br data-start=\"132\" data-end=\"135\" \/><span style=\"color: #ff0000;\"><strong>Para acceder al precio promocional, <span style=\"text-decoration: underline;\">el pedido debe abonarse por adelantado mediante transferencia bancaria, dep\u00f3sito, tarjeta de cr\u00e9dito o dinero en Mercado Pago<\/span>. <\/strong><\/span><span style=\"color: #ff0000;\"><strong>No se congela el precio si eleg\u00eds \u201cpago en efectivo en tienda\u201d, ya que el valor puede variar en apenas horas.<\/strong><\/span><\/p>\n<p><img fetchpriority=\"high\" decoding=\"async\" class=\"alignnone size-full wp-image-7170\" src=\"https:\/\/www.demusculos.com\/web\/wp-content\/uploads\/2024\/03\/multi-vitamin-dayly-formula-gentech-1.jpg\" alt=\"Presentaci\u00f3n\" width=\"1080\" height=\"1080\" srcset=\"https:\/\/www.demusculos.com\/web\/wp-content\/uploads\/2024\/03\/multi-vitamin-dayly-formula-gentech-1.jpg 1080w, https:\/\/www.demusculos.com\/web\/wp-content\/uploads\/2024\/03\/multi-vitamin-dayly-formula-gentech-1-300x300.jpg 300w, https:\/\/www.demusculos.com\/web\/wp-content\/uploads\/2024\/03\/multi-vitamin-dayly-formula-gentech-1-150x150.jpg 150w, https:\/\/www.demusculos.com\/web\/wp-content\/uploads\/2024\/03\/multi-vitamin-dayly-formula-gentech-1-800x800.jpg 800w, https:\/\/www.demusculos.com\/web\/wp-content\/uploads\/2024\/03\/multi-vitamin-dayly-formula-gentech-1-1024x1024.jpg 1024w, https:\/\/www.demusculos.com\/web\/wp-content\/uploads\/2024\/03\/multi-vitamin-dayly-formula-gentech-1-768x768.jpg 768w\" sizes=\"(max-width: 1080px) 100vw, 1080px\" \/><\/p>\n<figure id=\"attachment_216\" aria-describedby=\"caption-attachment-216\" style=\"width: 446px\" class=\"wp-caption alignnone\"><img decoding=\"async\" class=\"size-full wp-image-216\" src=\"https:\/\/www.demusculos.com\/web\/wp-content\/uploads\/2024\/02\/logo-marca-gentech.png\" alt=\"Suplementos Naturales Gentech\" width=\"446\" height=\"103\" srcset=\"https:\/\/www.demusculos.com\/web\/wp-content\/uploads\/2024\/02\/logo-marca-gentech.png 446w, https:\/\/www.demusculos.com\/web\/wp-content\/uploads\/2024\/02\/logo-marca-gentech-300x69.png 300w, https:\/\/www.demusculos.com\/web\/wp-content\/uploads\/2024\/02\/logo-marca-gentech-150x35.png 150w, https:\/\/www.demusculos.com\/web\/wp-content\/uploads\/2024\/02\/logo-marca-gentech-416x96.png 416w\" sizes=\"(max-width: 446px) 100vw, 446px\" \/><figcaption id=\"caption-attachment-216\" class=\"wp-caption-text\">Gentech: Suplementaci\u00f3n natural deportiva.<\/figcaption><\/figure>\n<div class=\"cdk-visually-hidden cdk-focus-trap-anchor\" aria-hidden=\"true\"><\/div>\n<div class=\"container\" role=\"dialog\" aria-live=\"polite\" aria-atomic=\"true\">\n<div class=\"recitation-tooltip\" aria-live=\"polite\" aria-atomic=\"true\">\n<div class=\"text-container\"><span style=\"font-size: 2em;\">La Importancia de Multi Vitamin Gentech para el Deportista<\/span><\/div>\n<\/div>\n<\/div>\n<div class=\"response-container-content ng-tns-c896634634-25\">\n<div class=\"response-content ng-tns-c896634634-25\">\n<div class=\"markdown markdown-main-panel\" dir=\"ltr\">\n<p data-sourcepos=\"3:1-3:173\"><strong>Las vitaminas y los minerales son micronutrientes esenciales para el correcto funcionamiento del organismo, y su importancia se multiplica en el caso de los deportistas.<\/strong><\/p>\n<h3 data-sourcepos=\"5:1-5:54\">\u00bfPor qu\u00e9 son tan importantes para los deportistas?<\/h3>\n<ul data-sourcepos=\"7:1-12:0\">\n<li data-sourcepos=\"7:1-7:113\"><strong>Producci\u00f3n de energ\u00eda:<\/strong> Ayudan a convertir los alimentos en energ\u00eda, fundamental para el rendimiento f\u00edsico.<\/li>\n<li data-sourcepos=\"8:1-8:101\"><strong>Reparaci\u00f3n muscular:<\/strong> Favorecen la recuperaci\u00f3n y el crecimiento muscular despu\u00e9s del ejercicio.<\/li>\n<li data-sourcepos=\"9:1-9:113\"><strong>Fortalecimiento \u00f3seo:<\/strong> Contribuyen a mantener huesos fuertes y saludables, reduciendo el riesgo de lesiones.<\/li>\n<li data-sourcepos=\"10:1-10:116\"><strong>Sistema inmunol\u00f3gico:<\/strong> Un sistema inmunol\u00f3gico fuerte ayuda a prevenir enfermedades y acelerar la recuperaci\u00f3n.<\/li>\n<li data-sourcepos=\"11:1-12:0\"><strong>Funci\u00f3n cerebral:<\/strong> Mejoran la concentraci\u00f3n y la coordinaci\u00f3n, aspectos clave en el rendimiento deportivo.<\/li>\n<\/ul>\n<p><img decoding=\"async\" class=\"alignnone size-full wp-image-7171\" src=\"https:\/\/www.demusculos.com\/web\/wp-content\/uploads\/2024\/03\/multi-vitamin-dayly-formula-gentech-2.jpg\" alt=\"Vitaminas y Minerales de Gentech\" width=\"1080\" height=\"1080\" srcset=\"https:\/\/www.demusculos.com\/web\/wp-content\/uploads\/2024\/03\/multi-vitamin-dayly-formula-gentech-2.jpg 1080w, https:\/\/www.demusculos.com\/web\/wp-content\/uploads\/2024\/03\/multi-vitamin-dayly-formula-gentech-2-300x300.jpg 300w, https:\/\/www.demusculos.com\/web\/wp-content\/uploads\/2024\/03\/multi-vitamin-dayly-formula-gentech-2-150x150.jpg 150w, https:\/\/www.demusculos.com\/web\/wp-content\/uploads\/2024\/03\/multi-vitamin-dayly-formula-gentech-2-800x800.jpg 800w, https:\/\/www.demusculos.com\/web\/wp-content\/uploads\/2024\/03\/multi-vitamin-dayly-formula-gentech-2-1024x1024.jpg 1024w, https:\/\/www.demusculos.com\/web\/wp-content\/uploads\/2024\/03\/multi-vitamin-dayly-formula-gentech-2-768x768.jpg 768w\" sizes=\"(max-width: 1080px) 100vw, 1080px\" \/><\/p>\n<h3 data-sourcepos=\"13:1-13:52\">Multi Vitamin Gentech clave para los deportistas<\/h3>\n<ul data-sourcepos=\"15:1-21:0\">\n<li data-sourcepos=\"15:1-15:103\"><strong>Vitamina D:<\/strong> Esencial para la salud \u00f3sea y muscular, adem\u00e1s de fortalecer el sistema inmunol\u00f3gico.<\/li>\n<li data-sourcepos=\"16:1-16:107\"><strong>Vitamina C:<\/strong> Ayuda a reparar los tejidos, fortalece el sistema inmunol\u00f3gico y act\u00faa como antioxidante.<\/li>\n<li data-sourcepos=\"17:1-17:112\"><strong>Hierro:<\/strong> Fundamental para el transporte de ox\u00edgeno en la sangre, mejorando la resistencia y el rendimiento.<\/li>\n<li data-sourcepos=\"18:1-18:53\"><strong>Calcio:<\/strong> Esencial para la salud \u00f3sea y muscular.<\/li>\n<li data-sourcepos=\"19:1-19:140\"><strong>Magnesio:<\/strong> Interviene en m\u00e1s de 300 reacciones enzim\u00e1ticas del organismo, incluyendo la producci\u00f3n de energ\u00eda y la relajaci\u00f3n muscular.<\/li>\n<li data-sourcepos=\"20:1-21:0\"><strong>Potasio:<\/strong> Importante para el equilibrio de l\u00edquidos y la funci\u00f3n muscular.<\/li>\n<\/ul>\n<p><img loading=\"lazy\" decoding=\"async\" class=\"alignnone size-full wp-image-7172\" src=\"https:\/\/www.demusculos.com\/web\/wp-content\/uploads\/2024\/03\/multi-vitamin-dayly-formula-gentech-3.jpg\" alt=\"Lo m\u00e1s destacado del producto\" width=\"1080\" height=\"1080\" srcset=\"https:\/\/www.demusculos.com\/web\/wp-content\/uploads\/2024\/03\/multi-vitamin-dayly-formula-gentech-3.jpg 1080w, https:\/\/www.demusculos.com\/web\/wp-content\/uploads\/2024\/03\/multi-vitamin-dayly-formula-gentech-3-300x300.jpg 300w, https:\/\/www.demusculos.com\/web\/wp-content\/uploads\/2024\/03\/multi-vitamin-dayly-formula-gentech-3-150x150.jpg 150w, https:\/\/www.demusculos.com\/web\/wp-content\/uploads\/2024\/03\/multi-vitamin-dayly-formula-gentech-3-800x800.jpg 800w, https:\/\/www.demusculos.com\/web\/wp-content\/uploads\/2024\/03\/multi-vitamin-dayly-formula-gentech-3-1024x1024.jpg 1024w, https:\/\/www.demusculos.com\/web\/wp-content\/uploads\/2024\/03\/multi-vitamin-dayly-formula-gentech-3-768x768.jpg 768w\" sizes=\"(max-width: 1080px) 100vw, 1080px\" \/><\/p>\n<h3 data-sourcepos=\"22:1-22:55\">\u00bfC\u00f3mo obtener las vitaminas y minerales necesarios?<\/h3>\n<ul data-sourcepos=\"24:1-26:0\">\n<li data-sourcepos=\"24:1-24:178\"><strong>Alimentaci\u00f3n equilibrada:<\/strong> Una dieta variada y rica en frutas, verduras, cereales integrales, carnes magras, legumbres y l\u00e1cteos es la mejor fuente de vitaminas y minerales.<\/li>\n<li data-sourcepos=\"25:1-26:0\"><strong>Suplementos:<\/strong> En algunos casos, los suplementos pueden ser necesarios para cubrir las necesidades nutricionales, pero siempre bajo la supervisi\u00f3n de un profesional de la salud.<\/li>\n<\/ul>\n<p data-sourcepos=\"27:1-27:244\"><strong>Es importante destacar que no existe una vitamina o mineral milagroso que mejore el rendimiento deportivo por s\u00ed solo.<\/strong> Una dieta equilibrada, combinada con un entrenamiento adecuado y descanso, es la clave para alcanzar el m\u00e1ximo potencial.<\/p>\n<h3 data-sourcepos=\"29:1-29:39\">\u00bfCu\u00e1ndo consultar a un profesional?<\/h3>\n<ul data-sourcepos=\"31:1-35:0\">\n<li data-sourcepos=\"31:1-31:97\">Si presentas s\u00edntomas de deficiencia nutricional (fatiga, debilidad, p\u00e9rdida de cabello, etc.).<\/li>\n<li data-sourcepos=\"32:1-32:47\">Si est\u00e1s siguiendo una dieta muy restrictiva.<\/li>\n<li data-sourcepos=\"33:1-33:63\">Si practicas deportes de alta intensidad o de larga duraci\u00f3n.<\/li>\n<li data-sourcepos=\"34:1-35:0\">Si tienes alguna condici\u00f3n m\u00e9dica que afecte tu absorci\u00f3n de nutrientes.<\/li>\n<\/ul>\n<p data-sourcepos=\"36:1-36:179\"><strong>Un nutricionista deportivo puede ayudarte a dise\u00f1ar un plan de alimentaci\u00f3n personalizado que cubra tus necesidades espec\u00edficas y te permita alcanzar tus objetivos deportivos.<\/strong><\/p>\n<p data-sourcepos=\"36:1-36:179\"><img loading=\"lazy\" decoding=\"async\" class=\"alignnone size-full wp-image-7173\" src=\"https:\/\/www.demusculos.com\/web\/wp-content\/uploads\/2024\/03\/multi-vitamin-dayly-formula-gentech-4.jpg\" alt=\"Beneficios de las vitaminas y minerales\" width=\"1080\" height=\"1080\" srcset=\"https:\/\/www.demusculos.com\/web\/wp-content\/uploads\/2024\/03\/multi-vitamin-dayly-formula-gentech-4.jpg 1080w, https:\/\/www.demusculos.com\/web\/wp-content\/uploads\/2024\/03\/multi-vitamin-dayly-formula-gentech-4-300x300.jpg 300w, https:\/\/www.demusculos.com\/web\/wp-content\/uploads\/2024\/03\/multi-vitamin-dayly-formula-gentech-4-150x150.jpg 150w, https:\/\/www.demusculos.com\/web\/wp-content\/uploads\/2024\/03\/multi-vitamin-dayly-formula-gentech-4-800x800.jpg 800w, https:\/\/www.demusculos.com\/web\/wp-content\/uploads\/2024\/03\/multi-vitamin-dayly-formula-gentech-4-1024x1024.jpg 1024w, https:\/\/www.demusculos.com\/web\/wp-content\/uploads\/2024\/03\/multi-vitamin-dayly-formula-gentech-4-768x768.jpg 768w\" sizes=\"(max-width: 1080px) 100vw, 1080px\" \/>\u00a0 <img loading=\"lazy\" decoding=\"async\" class=\"alignnone size-full wp-image-7174\" src=\"https:\/\/www.demusculos.com\/web\/wp-content\/uploads\/2024\/03\/multi-vitamin-dayly-formula-gentech-5.jpg\" alt=\"Informaci\u00f3n nutricional\" width=\"1080\" height=\"1080\" srcset=\"https:\/\/www.demusculos.com\/web\/wp-content\/uploads\/2024\/03\/multi-vitamin-dayly-formula-gentech-5.jpg 1080w, https:\/\/www.demusculos.com\/web\/wp-content\/uploads\/2024\/03\/multi-vitamin-dayly-formula-gentech-5-300x300.jpg 300w, https:\/\/www.demusculos.com\/web\/wp-content\/uploads\/2024\/03\/multi-vitamin-dayly-formula-gentech-5-150x150.jpg 150w, https:\/\/www.demusculos.com\/web\/wp-content\/uploads\/2024\/03\/multi-vitamin-dayly-formula-gentech-5-800x800.jpg 800w, https:\/\/www.demusculos.com\/web\/wp-content\/uploads\/2024\/03\/multi-vitamin-dayly-formula-gentech-5-1024x1024.jpg 1024w, https:\/\/www.demusculos.com\/web\/wp-content\/uploads\/2024\/03\/multi-vitamin-dayly-formula-gentech-5-768x768.jpg 768w\" sizes=\"(max-width: 1080px) 100vw, 1080px\" \/>\u00a0 <img loading=\"lazy\" decoding=\"async\" class=\"alignnone size-full wp-image-7175\" src=\"https:\/\/www.demusculos.com\/web\/wp-content\/uploads\/2024\/03\/multi-vitamin-dayly-formula-gentech-6.jpg\" alt=\"Vitaminas y minerales para todos los deportes\" width=\"1080\" height=\"1080\" srcset=\"https:\/\/www.demusculos.com\/web\/wp-content\/uploads\/2024\/03\/multi-vitamin-dayly-formula-gentech-6.jpg 1080w, https:\/\/www.demusculos.com\/web\/wp-content\/uploads\/2024\/03\/multi-vitamin-dayly-formula-gentech-6-300x300.jpg 300w, https:\/\/www.demusculos.com\/web\/wp-content\/uploads\/2024\/03\/multi-vitamin-dayly-formula-gentech-6-150x150.jpg 150w, https:\/\/www.demusculos.com\/web\/wp-content\/uploads\/2024\/03\/multi-vitamin-dayly-formula-gentech-6-800x800.jpg 800w, https:\/\/www.demusculos.com\/web\/wp-content\/uploads\/2024\/03\/multi-vitamin-dayly-formula-gentech-6-1024x1024.jpg 1024w, https:\/\/www.demusculos.com\/web\/wp-content\/uploads\/2024\/03\/multi-vitamin-dayly-formula-gentech-6-768x768.jpg 768w\" sizes=\"(max-width: 1080px) 100vw, 1080px\" \/><\/p>\n<\/div>\n<\/div>\n<\/div>\n","protected":false},"excerpt":{"rendered":"<p>Vitaminas y minerales. Mejora la calidad de vida.<\/p>\n","protected":false},"featured_media":2011,"comment_status":"closed","ping_status":"closed","template":"","meta":[],"product_brand":[222],"product_cat":[37],"product_tag":[21],"class_list":{"0":"post-2010","1":"product","2":"type-product","3":"status-publish","4":"has-post-thumbnail","6":"product_brand-gentech","7":"product_cat-vitaminas-y-minierales","8":"product_tag-gentech","10":"first","11":"instock","12":"sale","13":"shipping-taxable","14":"purchasable","15":"product-type-simple"},"yoast_head":"<!-- This site is optimized with the Yoast SEO plugin v27.3 - https:\/\/yoast.com\/product\/yoast-seo-wordpress\/ -->\n<title>Multi Vitamin Gentech | x60 | Vitaminas y Minerales | DeMusculos<\/title>\n<meta name=\"description\" content=\"Multi Vitamin Gentech es un excelente suplemento natural para elevar el rendimiento de cualquier deportista. Para hombres y mujeres. Env\u00edo y cuotas.\" \/>\n<meta name=\"robots\" content=\"index, follow, max-snippet:-1, max-image-preview:large, max-video-preview:-1\" \/>\n<link rel=\"canonical\" href=\"https:\/\/www.demusculos.com\/web\/producto\/multi-vitamin-x60-de-gentech-vitaminas-y-minerales\/\" \/>\n<meta property=\"og:locale\" content=\"es_ES\" \/>\n<meta property=\"og:type\" content=\"article\" \/>\n<meta property=\"og:title\" content=\"Multi Vitamin Gentech | x60 | Vitaminas y Minerales | DeMusculos\" \/>\n<meta property=\"og:description\" content=\"Multi Vitamin Gentech es un excelente suplemento natural para elevar el rendimiento de cualquier deportista. Para hombres y mujeres. Env\u00edo y cuotas.\" \/>\n<meta property=\"og:url\" content=\"https:\/\/www.demusculos.com\/web\/producto\/multi-vitamin-x60-de-gentech-vitaminas-y-minerales\/\" \/>\n<meta property=\"og:site_name\" content=\"DeMusculos\" \/>\n<meta property=\"article:publisher\" content=\"https:\/\/www.facebook.com\/demusculos\" \/>\n<meta property=\"article:modified_time\" content=\"2026-04-05T19:51:37+00:00\" \/>\n<meta property=\"og:image\" content=\"https:\/\/www.demusculos.com\/web\/wp-content\/uploads\/2024\/03\/multivitamin-gentech-daily-formula-nuevo.jpg\" \/>\n\t<meta property=\"og:image:width\" content=\"1000\" \/>\n\t<meta property=\"og:image:height\" content=\"1000\" \/>\n\t<meta property=\"og:image:type\" content=\"image\/jpeg\" \/>\n<meta name=\"twitter:card\" content=\"summary_large_image\" \/>\n<meta name=\"twitter:site\" content=\"@demusculos\" \/>\n<meta name=\"twitter:label1\" content=\"Tiempo de lectura\" \/>\n\t<meta name=\"twitter:data1\" content=\"4 minutos\" \/>\n<script type=\"application\/ld+json\" class=\"yoast-schema-graph\">{\"@context\":\"https:\\\/\\\/schema.org\",\"@graph\":[{\"@type\":\"WebPage\",\"@id\":\"https:\\\/\\\/www.demusculos.com\\\/web\\\/producto\\\/multi-vitamin-x60-de-gentech-vitaminas-y-minerales\\\/\",\"url\":\"https:\\\/\\\/www.demusculos.com\\\/web\\\/producto\\\/multi-vitamin-x60-de-gentech-vitaminas-y-minerales\\\/\",\"name\":\"Multi Vitamin Gentech | x60 | Vitaminas y Minerales | DeMusculos\",\"isPartOf\":{\"@id\":\"https:\\\/\\\/www.demusculos.com\\\/web\\\/#website\"},\"primaryImageOfPage\":{\"@id\":\"https:\\\/\\\/www.demusculos.com\\\/web\\\/producto\\\/multi-vitamin-x60-de-gentech-vitaminas-y-minerales\\\/#primaryimage\"},\"image\":{\"@id\":\"https:\\\/\\\/www.demusculos.com\\\/web\\\/producto\\\/multi-vitamin-x60-de-gentech-vitaminas-y-minerales\\\/#primaryimage\"},\"thumbnailUrl\":\"https:\\\/\\\/www.demusculos.com\\\/web\\\/wp-content\\\/uploads\\\/2024\\\/03\\\/multivitamin-gentech-daily-formula-nuevo.jpg\",\"datePublished\":\"2024-03-06T14:10:27+00:00\",\"dateModified\":\"2026-04-05T19:51:37+00:00\",\"description\":\"Multi Vitamin Gentech es un excelente suplemento natural para elevar el rendimiento de cualquier deportista. Para hombres y mujeres. Env\u00edo y cuotas.\",\"breadcrumb\":{\"@id\":\"https:\\\/\\\/www.demusculos.com\\\/web\\\/producto\\\/multi-vitamin-x60-de-gentech-vitaminas-y-minerales\\\/#breadcrumb\"},\"inLanguage\":\"es\",\"potentialAction\":[{\"@type\":\"ReadAction\",\"target\":[\"https:\\\/\\\/www.demusculos.com\\\/web\\\/producto\\\/multi-vitamin-x60-de-gentech-vitaminas-y-minerales\\\/\"]}]},{\"@type\":\"ImageObject\",\"inLanguage\":\"es\",\"@id\":\"https:\\\/\\\/www.demusculos.com\\\/web\\\/producto\\\/multi-vitamin-x60-de-gentech-vitaminas-y-minerales\\\/#primaryimage\",\"url\":\"https:\\\/\\\/www.demusculos.com\\\/web\\\/wp-content\\\/uploads\\\/2024\\\/03\\\/multivitamin-gentech-daily-formula-nuevo.jpg\",\"contentUrl\":\"https:\\\/\\\/www.demusculos.com\\\/web\\\/wp-content\\\/uploads\\\/2024\\\/03\\\/multivitamin-gentech-daily-formula-nuevo.jpg\",\"width\":1000,\"height\":1000,\"caption\":\"Multi Vitamin de Gentech x60 comprimidos\"},{\"@type\":\"BreadcrumbList\",\"@id\":\"https:\\\/\\\/www.demusculos.com\\\/web\\\/producto\\\/multi-vitamin-x60-de-gentech-vitaminas-y-minerales\\\/#breadcrumb\",\"itemListElement\":[{\"@type\":\"ListItem\",\"position\":1,\"name\":\"Inicio\",\"item\":\"https:\\\/\\\/www.demusculos.com\\\/web\\\/\"},{\"@type\":\"ListItem\",\"position\":2,\"name\":\"Suplementos\",\"item\":\"https:\\\/\\\/www.demusculos.com\\\/web\\\/tienda\\\/\"},{\"@type\":\"ListItem\",\"position\":3,\"name\":\"Multi Vitamin x60 de Gentech Vitaminas y Minerales\"}]},{\"@type\":\"WebSite\",\"@id\":\"https:\\\/\\\/www.demusculos.com\\\/web\\\/#website\",\"url\":\"https:\\\/\\\/www.demusculos.com\\\/web\\\/\",\"name\":\"DeMusculos.com\",\"description\":\"Suplementos Naturales\",\"publisher\":{\"@id\":\"https:\\\/\\\/www.demusculos.com\\\/web\\\/#organization\"},\"alternateName\":\"Suplementos Naturales\",\"potentialAction\":[{\"@type\":\"SearchAction\",\"target\":{\"@type\":\"EntryPoint\",\"urlTemplate\":\"https:\\\/\\\/www.demusculos.com\\\/web\\\/?s={search_term_string}\"},\"query-input\":{\"@type\":\"PropertyValueSpecification\",\"valueRequired\":true,\"valueName\":\"search_term_string\"}}],\"inLanguage\":\"es\"},{\"@type\":\"Organization\",\"@id\":\"https:\\\/\\\/www.demusculos.com\\\/web\\\/#organization\",\"name\":\"DeMusculos.com\",\"alternateName\":\"DeMusculos\",\"url\":\"https:\\\/\\\/www.demusculos.com\\\/web\\\/\",\"logo\":{\"@type\":\"ImageObject\",\"inLanguage\":\"es\",\"@id\":\"https:\\\/\\\/www.demusculos.com\\\/web\\\/#\\\/schema\\\/logo\\\/image\\\/\",\"url\":\"https:\\\/\\\/www.demusculos.com\\\/web\\\/wp-content\\\/uploads\\\/2024\\\/02\\\/logo-demusculos-prestashop-usuario.png\",\"contentUrl\":\"https:\\\/\\\/www.demusculos.com\\\/web\\\/wp-content\\\/uploads\\\/2024\\\/02\\\/logo-demusculos-prestashop-usuario.png\",\"width\":150,\"height\":150,\"caption\":\"DeMusculos.com\"},\"image\":{\"@id\":\"https:\\\/\\\/www.demusculos.com\\\/web\\\/#\\\/schema\\\/logo\\\/image\\\/\"},\"sameAs\":[\"https:\\\/\\\/www.facebook.com\\\/demusculos\",\"https:\\\/\\\/x.com\\\/demusculos\",\"https:\\\/\\\/www.instagram.com\\\/demusculos\",\"https:\\\/\\\/www.tiktok.com\\\/@demusculos.com\"]}]}<\/script>\n<!-- \/ Yoast SEO plugin. -->","yoast_head_json":{"title":"Multi Vitamin Gentech | x60 | Vitaminas y Minerales | DeMusculos","description":"Multi Vitamin Gentech es un excelente suplemento natural para elevar el rendimiento de cualquier deportista. Para hombres y mujeres. Env\u00edo y cuotas.","robots":{"index":"index","follow":"follow","max-snippet":"max-snippet:-1","max-image-preview":"max-image-preview:large","max-video-preview":"max-video-preview:-1"},"canonical":"https:\/\/www.demusculos.com\/web\/producto\/multi-vitamin-x60-de-gentech-vitaminas-y-minerales\/","og_locale":"es_ES","og_type":"article","og_title":"Multi Vitamin Gentech | x60 | Vitaminas y Minerales | DeMusculos","og_description":"Multi Vitamin Gentech es un excelente suplemento natural para elevar el rendimiento de cualquier deportista. Para hombres y mujeres. Env\u00edo y cuotas.","og_url":"https:\/\/www.demusculos.com\/web\/producto\/multi-vitamin-x60-de-gentech-vitaminas-y-minerales\/","og_site_name":"DeMusculos","article_publisher":"https:\/\/www.facebook.com\/demusculos","article_modified_time":"2026-04-05T19:51:37+00:00","og_image":[{"width":1000,"height":1000,"url":"https:\/\/www.demusculos.com\/web\/wp-content\/uploads\/2024\/03\/multivitamin-gentech-daily-formula-nuevo.jpg","type":"image\/jpeg"}],"twitter_card":"summary_large_image","twitter_site":"@demusculos","twitter_misc":{"Tiempo de lectura":"4 minutos"},"schema":{"@context":"https:\/\/schema.org","@graph":[{"@type":"WebPage","@id":"https:\/\/www.demusculos.com\/web\/producto\/multi-vitamin-x60-de-gentech-vitaminas-y-minerales\/","url":"https:\/\/www.demusculos.com\/web\/producto\/multi-vitamin-x60-de-gentech-vitaminas-y-minerales\/","name":"Multi Vitamin Gentech | x60 | Vitaminas y Minerales | DeMusculos","isPartOf":{"@id":"https:\/\/www.demusculos.com\/web\/#website"},"primaryImageOfPage":{"@id":"https:\/\/www.demusculos.com\/web\/producto\/multi-vitamin-x60-de-gentech-vitaminas-y-minerales\/#primaryimage"},"image":{"@id":"https:\/\/www.demusculos.com\/web\/producto\/multi-vitamin-x60-de-gentech-vitaminas-y-minerales\/#primaryimage"},"thumbnailUrl":"https:\/\/www.demusculos.com\/web\/wp-content\/uploads\/2024\/03\/multivitamin-gentech-daily-formula-nuevo.jpg","datePublished":"2024-03-06T14:10:27+00:00","dateModified":"2026-04-05T19:51:37+00:00","description":"Multi Vitamin Gentech es un excelente suplemento natural para elevar el rendimiento de cualquier deportista. Para hombres y mujeres. Env\u00edo y cuotas.","breadcrumb":{"@id":"https:\/\/www.demusculos.com\/web\/producto\/multi-vitamin-x60-de-gentech-vitaminas-y-minerales\/#breadcrumb"},"inLanguage":"es","potentialAction":[{"@type":"ReadAction","target":["https:\/\/www.demusculos.com\/web\/producto\/multi-vitamin-x60-de-gentech-vitaminas-y-minerales\/"]}]},{"@type":"ImageObject","inLanguage":"es","@id":"https:\/\/www.demusculos.com\/web\/producto\/multi-vitamin-x60-de-gentech-vitaminas-y-minerales\/#primaryimage","url":"https:\/\/www.demusculos.com\/web\/wp-content\/uploads\/2024\/03\/multivitamin-gentech-daily-formula-nuevo.jpg","contentUrl":"https:\/\/www.demusculos.com\/web\/wp-content\/uploads\/2024\/03\/multivitamin-gentech-daily-formula-nuevo.jpg","width":1000,"height":1000,"caption":"Multi Vitamin de Gentech x60 comprimidos"},{"@type":"BreadcrumbList","@id":"https:\/\/www.demusculos.com\/web\/producto\/multi-vitamin-x60-de-gentech-vitaminas-y-minerales\/#breadcrumb","itemListElement":[{"@type":"ListItem","position":1,"name":"Inicio","item":"https:\/\/www.demusculos.com\/web\/"},{"@type":"ListItem","position":2,"name":"Suplementos","item":"https:\/\/www.demusculos.com\/web\/tienda\/"},{"@type":"ListItem","position":3,"name":"Multi Vitamin x60 de Gentech Vitaminas y Minerales"}]},{"@type":"WebSite","@id":"https:\/\/www.demusculos.com\/web\/#website","url":"https:\/\/www.demusculos.com\/web\/","name":"DeMusculos.com","description":"Suplementos Naturales","publisher":{"@id":"https:\/\/www.demusculos.com\/web\/#organization"},"alternateName":"Suplementos Naturales","potentialAction":[{"@type":"SearchAction","target":{"@type":"EntryPoint","urlTemplate":"https:\/\/www.demusculos.com\/web\/?s={search_term_string}"},"query-input":{"@type":"PropertyValueSpecification","valueRequired":true,"valueName":"search_term_string"}}],"inLanguage":"es"},{"@type":"Organization","@id":"https:\/\/www.demusculos.com\/web\/#organization","name":"DeMusculos.com","alternateName":"DeMusculos","url":"https:\/\/www.demusculos.com\/web\/","logo":{"@type":"ImageObject","inLanguage":"es","@id":"https:\/\/www.demusculos.com\/web\/#\/schema\/logo\/image\/","url":"https:\/\/www.demusculos.com\/web\/wp-content\/uploads\/2024\/02\/logo-demusculos-prestashop-usuario.png","contentUrl":"https:\/\/www.demusculos.com\/web\/wp-content\/uploads\/2024\/02\/logo-demusculos-prestashop-usuario.png","width":150,"height":150,"caption":"DeMusculos.com"},"image":{"@id":"https:\/\/www.demusculos.com\/web\/#\/schema\/logo\/image\/"},"sameAs":["https:\/\/www.facebook.com\/demusculos","https:\/\/x.com\/demusculos","https:\/\/www.instagram.com\/demusculos","https:\/\/www.tiktok.com\/@demusculos.com"]}]}},"_links":{"self":[{"href":"https:\/\/www.demusculos.com\/web\/wp-json\/wp\/v2\/product\/2010","targetHints":{"allow":["GET"]}}],"collection":[{"href":"https:\/\/www.demusculos.com\/web\/wp-json\/wp\/v2\/product"}],"about":[{"href":"https:\/\/www.demusculos.com\/web\/wp-json\/wp\/v2\/types\/product"}],"replies":[{"embeddable":true,"href":"https:\/\/www.demusculos.com\/web\/wp-json\/wp\/v2\/comments?post=2010"}],"wp:featuredmedia":[{"embeddable":true,"href":"https:\/\/www.demusculos.com\/web\/wp-json\/wp\/v2\/media\/2011"}],"wp:attachment":[{"href":"https:\/\/www.demusculos.com\/web\/wp-json\/wp\/v2\/media?parent=2010"}],"wp:term":[{"taxonomy":"product_brand","embeddable":true,"href":"https:\/\/www.demusculos.com\/web\/wp-json\/wp\/v2\/product_brand?post=2010"},{"taxonomy":"product_cat","embeddable":true,"href":"https:\/\/www.demusculos.com\/web\/wp-json\/wp\/v2\/product_cat?post=2010"},{"taxonomy":"product_tag","embeddable":true,"href":"https:\/\/www.demusculos.com\/web\/wp-json\/wp\/v2\/product_tag?post=2010"}],"curies":[{"name":"wp","href":"https:\/\/api.w.org\/{rel}","templated":true}]}}