{"id":2031,"date":"2024-03-06T13:03:56","date_gmt":"2024-03-06T16:03:56","guid":{"rendered":"https:\/\/www.demusculos.com\/web\/?post_type=product&#038;p=2031"},"modified":"2026-03-04T13:21:30","modified_gmt":"2026-03-04T16:21:30","slug":"flash-5d-de-hoch-sport-x30-grs-pre-work","status":"publish","type":"product","link":"https:\/\/www.demusculos.com\/web\/producto\/flash-5d-de-hoch-sport-x30-grs-pre-work\/","title":{"rendered":"Flash 5D de Hoch Sport x30 grs Pre Work"},"content":{"rendered":"<h2>Flash 5D<\/h2>\n<p>Flash 5D aumenta el rendimiento, mejora la energ\u00eda. Contiene cafe\u00edna, creatina, beta alanina.<\/p>\n<figure id=\"attachment_299\" aria-describedby=\"caption-attachment-299\" style=\"width: 446px\" class=\"wp-caption alignnone\"><img decoding=\"async\" class=\"size-full wp-image-299\" src=\"https:\/\/www.demusculos.com\/web\/wp-content\/uploads\/2024\/02\/logo-hoch-sport.png\" alt=\"Fabricado por Hoch Sport en Argentina. Empresa que desarrolla los suplementos naturales m\u00e1s vers\u00e1tiles del mercado.\" width=\"446\" height=\"103\" srcset=\"https:\/\/www.demusculos.com\/web\/wp-content\/uploads\/2024\/02\/logo-hoch-sport.png 446w, https:\/\/www.demusculos.com\/web\/wp-content\/uploads\/2024\/02\/logo-hoch-sport-300x69.png 300w, https:\/\/www.demusculos.com\/web\/wp-content\/uploads\/2024\/02\/logo-hoch-sport-150x35.png 150w, https:\/\/www.demusculos.com\/web\/wp-content\/uploads\/2024\/02\/logo-hoch-sport-416x96.png 416w\" sizes=\"(max-width: 446px) 100vw, 446px\" \/><figcaption id=\"caption-attachment-299\" class=\"wp-caption-text\">Fabricado por Hoch Sport en Argentina. Empresa que desarrolla los suplementos naturales m\u00e1s vers\u00e1tiles del mercado.<\/figcaption><\/figure>\n<p>Suplemento dietario a base de Amino\u00e1cidos, Creatina, Cafe\u00edna, Minerales y Vitamina. Alimento diet\u00e9tico.<\/p>\n<p>FLASH 5D es una exclusiva combinaci\u00f3n de amino\u00e1cidos, vitaminas, extractos vegetales y cafe\u00edna que aumenta de forma \u00fanica el rendimiento de todo deportista.<\/p>\n<p><b>USO SUGERIDO:<\/b>\u00a0Para determinar tolerancia, comience tomando 1 scoop mezclado con 100 ml de agua fr\u00eda. Despu\u00e9s de evaluar tolerancia personal, tomar 2 scoop mezclado con 200-300 ml de agua fr\u00eda. 30 minutos antes del entrenamiento.<\/p>\n<p><img fetchpriority=\"high\" decoding=\"async\" class=\"alignnone size-full wp-image-7067\" src=\"https:\/\/www.demusculos.com\/web\/wp-content\/uploads\/2024\/03\/FLASH5D-hoch-sport-pre-workout-1.jpg\" alt=\"Presentaci\u00f3n de Flash 5D\" width=\"1080\" height=\"1080\" srcset=\"https:\/\/www.demusculos.com\/web\/wp-content\/uploads\/2024\/03\/FLASH5D-hoch-sport-pre-workout-1.jpg 1080w, https:\/\/www.demusculos.com\/web\/wp-content\/uploads\/2024\/03\/FLASH5D-hoch-sport-pre-workout-1-300x300.jpg 300w, https:\/\/www.demusculos.com\/web\/wp-content\/uploads\/2024\/03\/FLASH5D-hoch-sport-pre-workout-1-150x150.jpg 150w, https:\/\/www.demusculos.com\/web\/wp-content\/uploads\/2024\/03\/FLASH5D-hoch-sport-pre-workout-1-800x800.jpg 800w, https:\/\/www.demusculos.com\/web\/wp-content\/uploads\/2024\/03\/FLASH5D-hoch-sport-pre-workout-1-1024x1024.jpg 1024w, https:\/\/www.demusculos.com\/web\/wp-content\/uploads\/2024\/03\/FLASH5D-hoch-sport-pre-workout-1-768x768.jpg 768w\" sizes=\"(max-width: 1080px) 100vw, 1080px\" \/><\/p>\n<p><strong>PRESENTACI\u00d3N:<\/strong> Polvo de disoluci\u00f3n instant\u00e1nea de 300g\/320g<\/p>\n<p><strong>SERVING: 25<\/strong><\/p>\n<p><strong>SABOR:<\/strong>\u00a0 Naranja<\/p>\n<p><strong>\u00d3XIDO N\u00cdTRICO<\/strong>: 5500 mg<\/p>\n<p><b>RESISTENCIA Y FUERZA:\u00a0\u00a0<\/b>5520 mg<\/p>\n<p><b>ENERG\u00cdA Y CONCENTRACI\u00d3N:<\/b>\u00a0600 mg<\/p>\n<p><img decoding=\"async\" class=\"alignnone size-full wp-image-7069\" src=\"https:\/\/www.demusculos.com\/web\/wp-content\/uploads\/2024\/03\/FLASH5D-hoch-sport-pre-workout-2.jpg\" alt=\"Beneficios de este Pre Entrenamiento\" width=\"1080\" height=\"1080\" srcset=\"https:\/\/www.demusculos.com\/web\/wp-content\/uploads\/2024\/03\/FLASH5D-hoch-sport-pre-workout-2.jpg 1080w, https:\/\/www.demusculos.com\/web\/wp-content\/uploads\/2024\/03\/FLASH5D-hoch-sport-pre-workout-2-300x300.jpg 300w, https:\/\/www.demusculos.com\/web\/wp-content\/uploads\/2024\/03\/FLASH5D-hoch-sport-pre-workout-2-150x150.jpg 150w, https:\/\/www.demusculos.com\/web\/wp-content\/uploads\/2024\/03\/FLASH5D-hoch-sport-pre-workout-2-800x800.jpg 800w, https:\/\/www.demusculos.com\/web\/wp-content\/uploads\/2024\/03\/FLASH5D-hoch-sport-pre-workout-2-1024x1024.jpg 1024w, https:\/\/www.demusculos.com\/web\/wp-content\/uploads\/2024\/03\/FLASH5D-hoch-sport-pre-workout-2-768x768.jpg 768w\" sizes=\"(max-width: 1080px) 100vw, 1080px\" \/><\/p>\n<p>FLASH 5D es un producto dise\u00f1ado espec\u00edficamente para incrementar los niveles de energ\u00eda, concentraci\u00f3n, fuerza y resistencia durante el entrenamiento.<\/p>\n<p><img loading=\"lazy\" decoding=\"async\" class=\"alignnone size-full wp-image-7070\" src=\"https:\/\/www.demusculos.com\/web\/wp-content\/uploads\/2024\/03\/FLASH5D-hoch-sport-pre-workout-3.jpg\" alt=\"Contiene cafe\u00edna\" width=\"1080\" height=\"1080\" srcset=\"https:\/\/www.demusculos.com\/web\/wp-content\/uploads\/2024\/03\/FLASH5D-hoch-sport-pre-workout-3.jpg 1080w, https:\/\/www.demusculos.com\/web\/wp-content\/uploads\/2024\/03\/FLASH5D-hoch-sport-pre-workout-3-300x300.jpg 300w, https:\/\/www.demusculos.com\/web\/wp-content\/uploads\/2024\/03\/FLASH5D-hoch-sport-pre-workout-3-150x150.jpg 150w, https:\/\/www.demusculos.com\/web\/wp-content\/uploads\/2024\/03\/FLASH5D-hoch-sport-pre-workout-3-800x800.jpg 800w, https:\/\/www.demusculos.com\/web\/wp-content\/uploads\/2024\/03\/FLASH5D-hoch-sport-pre-workout-3-1024x1024.jpg 1024w, https:\/\/www.demusculos.com\/web\/wp-content\/uploads\/2024\/03\/FLASH5D-hoch-sport-pre-workout-3-768x768.jpg 768w\" sizes=\"(max-width: 1080px) 100vw, 1080px\" \/><\/p>\n<p><img loading=\"lazy\" decoding=\"async\" class=\"alignnone size-full wp-image-7071\" src=\"https:\/\/www.demusculos.com\/web\/wp-content\/uploads\/2024\/03\/FLASH5D-hoch-sport-pre-workout-4.jpg\" alt=\"Otros Ingredientes\" width=\"1080\" height=\"1080\" srcset=\"https:\/\/www.demusculos.com\/web\/wp-content\/uploads\/2024\/03\/FLASH5D-hoch-sport-pre-workout-4.jpg 1080w, https:\/\/www.demusculos.com\/web\/wp-content\/uploads\/2024\/03\/FLASH5D-hoch-sport-pre-workout-4-300x300.jpg 300w, https:\/\/www.demusculos.com\/web\/wp-content\/uploads\/2024\/03\/FLASH5D-hoch-sport-pre-workout-4-150x150.jpg 150w, https:\/\/www.demusculos.com\/web\/wp-content\/uploads\/2024\/03\/FLASH5D-hoch-sport-pre-workout-4-800x800.jpg 800w, https:\/\/www.demusculos.com\/web\/wp-content\/uploads\/2024\/03\/FLASH5D-hoch-sport-pre-workout-4-1024x1024.jpg 1024w, https:\/\/www.demusculos.com\/web\/wp-content\/uploads\/2024\/03\/FLASH5D-hoch-sport-pre-workout-4-768x768.jpg 768w\" sizes=\"(max-width: 1080px) 100vw, 1080px\" \/><\/p>\n<p><img loading=\"lazy\" decoding=\"async\" class=\"alignnone size-full wp-image-7072\" src=\"https:\/\/www.demusculos.com\/web\/wp-content\/uploads\/2024\/03\/FLASH5D-hoch-sport-pre-workout-5.jpg\" alt=\"Sabores disponibles\" width=\"1080\" height=\"1080\" srcset=\"https:\/\/www.demusculos.com\/web\/wp-content\/uploads\/2024\/03\/FLASH5D-hoch-sport-pre-workout-5.jpg 1080w, https:\/\/www.demusculos.com\/web\/wp-content\/uploads\/2024\/03\/FLASH5D-hoch-sport-pre-workout-5-300x300.jpg 300w, https:\/\/www.demusculos.com\/web\/wp-content\/uploads\/2024\/03\/FLASH5D-hoch-sport-pre-workout-5-150x150.jpg 150w, https:\/\/www.demusculos.com\/web\/wp-content\/uploads\/2024\/03\/FLASH5D-hoch-sport-pre-workout-5-800x800.jpg 800w, https:\/\/www.demusculos.com\/web\/wp-content\/uploads\/2024\/03\/FLASH5D-hoch-sport-pre-workout-5-1024x1024.jpg 1024w, https:\/\/www.demusculos.com\/web\/wp-content\/uploads\/2024\/03\/FLASH5D-hoch-sport-pre-workout-5-768x768.jpg 768w\" sizes=\"(max-width: 1080px) 100vw, 1080px\" \/><\/p>\n<h3 class=\"\" data-sourcepos=\"13:1-13:68\">Flash 5D contiene vitamina B12<\/h3>\n<ul data-sourcepos=\"15:1-18:1\">\n<li data-sourcepos=\"15:1-15:174\"><strong>Mayor resistencia:<\/strong> Al mejorar la producci\u00f3n de energ\u00eda y el transporte de ox\u00edgeno, la B12 puede aumentar la resistencia y permitir entrenamientos m\u00e1s largos y intensos.<\/li>\n<li data-sourcepos=\"16:1-16:163\"><strong>Recuperaci\u00f3n m\u00e1s r\u00e1pida:<\/strong> La vitamina B12 ayuda a reparar los tejidos da\u00f1ados durante el ejercicio, lo que puede acelerar la recuperaci\u00f3n y prevenir lesiones.<\/li>\n<li data-sourcepos=\"17:1-17:177\"><strong>Mejor funci\u00f3n cognitiva:<\/strong> Un sistema nervioso saludable, gracias a la B12, puede mejorar la concentraci\u00f3n y la toma de decisiones durante el entrenamiento y la competici\u00f3n.<\/li>\n<li data-sourcepos=\"18:1-18:1\"><strong>Prevenci\u00f3n de la anemia:<\/strong> La deficiencia de vitamina B12 puede causar anemia, lo que reduce la capacidad de transportar ox\u00edgeno y afecta el rendimiento deportivo.<\/li>\n<\/ul>\n<p><img loading=\"lazy\" decoding=\"async\" class=\"alignnone size-full wp-image-7073\" src=\"https:\/\/www.demusculos.com\/web\/wp-content\/uploads\/2024\/03\/FLASH5D-hoch-sport-pre-workout-6.jpg\" alt=\"Informaci\u00f3n nutricional\" width=\"1080\" height=\"1080\" srcset=\"https:\/\/www.demusculos.com\/web\/wp-content\/uploads\/2024\/03\/FLASH5D-hoch-sport-pre-workout-6.jpg 1080w, https:\/\/www.demusculos.com\/web\/wp-content\/uploads\/2024\/03\/FLASH5D-hoch-sport-pre-workout-6-300x300.jpg 300w, https:\/\/www.demusculos.com\/web\/wp-content\/uploads\/2024\/03\/FLASH5D-hoch-sport-pre-workout-6-150x150.jpg 150w, https:\/\/www.demusculos.com\/web\/wp-content\/uploads\/2024\/03\/FLASH5D-hoch-sport-pre-workout-6-800x800.jpg 800w, https:\/\/www.demusculos.com\/web\/wp-content\/uploads\/2024\/03\/FLASH5D-hoch-sport-pre-workout-6-1024x1024.jpg 1024w, https:\/\/www.demusculos.com\/web\/wp-content\/uploads\/2024\/03\/FLASH5D-hoch-sport-pre-workout-6-768x768.jpg 768w\" sizes=\"(max-width: 1080px) 100vw, 1080px\" \/><\/p>\n<h3 data-sourcepos=\"5:1-5:44\">Beneficios de la Citrulina para el Rendimiento Deportivo<\/h3>\n<ul data-sourcepos=\"7:1-10:0\">\n<li data-sourcepos=\"7:1-7:278\"><strong>Mayor producci\u00f3n de \u00f3xido n\u00edtrico:<\/strong> La citrulina ayuda a aumentar los niveles de \u00f3xido n\u00edtrico en el cuerpo. Esta mol\u00e9cula es esencial para la vasodilataci\u00f3n, lo que mejora el flujo sangu\u00edneo hacia los m\u00fasculos, proporcionando m\u00e1s ox\u00edgeno y nutrientes durante el ejercicio.<\/li>\n<li data-sourcepos=\"8:1-8:227\"><strong>Reducci\u00f3n de la fatiga muscular:<\/strong> Al mejorar la eliminaci\u00f3n de amon\u00edaco, un subproducto del metabolismo muscular, la citrulina puede ayudar a reducir la fatiga muscular y permitir entrenamientos m\u00e1s intensos y prolongados.<\/li>\n<li data-sourcepos=\"9:1-10:0\"><strong>Aumento de la fuerza y potencia:<\/strong> Algunos estudios sugieren que la citrulina puede contribuir a un aumento en la fuerza y potencia muscular, especialmente cuando se combina con otros suplementos o programas de entrenamiento.<\/li>\n<\/ul>\n<h3 data-sourcepos=\"11:1-11:39\">Beneficios de la citrulina para la Salud en General<\/h3>\n<ul data-sourcepos=\"13:1-16:0\">\n<li data-sourcepos=\"13:1-13:195\"><strong>Salud cardiovascular:<\/strong> La citrulina puede ayudar a mejorar la salud cardiovascular al reducir la presi\u00f3n arterial, mejorar el flujo sangu\u00edneo y reducir el riesgo de enfermedades del coraz\u00f3n.<\/li>\n<li data-sourcepos=\"14:1-14:146\"><strong>Funci\u00f3n inmunol\u00f3gica:<\/strong> Algunas investigaciones indican que la citrulina podr\u00eda tener un papel en el fortalecimiento del sistema inmunol\u00f3gico.<\/li>\n<li data-sourcepos=\"15:1-16:0\"><strong>Salud sexual:<\/strong> Se ha estudiado la citrulina en relaci\u00f3n con la disfunci\u00f3n er\u00e9ctil, y algunos resultados preliminares sugieren que podr\u00eda ser beneficiosa.<\/li>\n<\/ul>\n","protected":false},"excerpt":{"rendered":"<p>Pre Entrenamiento. Ideal para aumentar la energ\u00eda y promover la recuperaci\u00f3n.<\/p>\n","protected":false},"featured_media":7065,"comment_status":"closed","ping_status":"closed","template":"","meta":[],"product_brand":[237],"product_cat":[39],"product_tag":[86,76,20,96],"class_list":{"0":"post-2031","1":"product","2":"type-product","3":"status-publish","4":"has-post-thumbnail","6":"product_brand-hoch-sport","7":"product_cat-pre-entrenamiento","8":"product_tag-energia","9":"product_tag-fatiga","10":"product_tag-hoch-sport","11":"product_tag-pre-work","13":"first","14":"instock","15":"sale","16":"shipping-taxable","17":"purchasable","18":"product-type-simple"},"yoast_head":"<!-- This site is optimized with the Yoast SEO plugin v27.3 - https:\/\/yoast.com\/product\/yoast-seo-wordpress\/ -->\n<title>Flash 5D | Hoch Sport | Pre Workout | Energ\u00eda | DeMusculos.com<\/title>\n<meta name=\"description\" content=\"Flash 5D es un excelente producto para aumentar la energ\u00eda, prevenir la fatiga, mejorar la masa muscular y aumentar considerablemente el rendimiento.\" \/>\n<meta name=\"robots\" content=\"index, follow, max-snippet:-1, max-image-preview:large, max-video-preview:-1\" \/>\n<link rel=\"canonical\" href=\"https:\/\/www.demusculos.com\/web\/producto\/flash-5d-de-hoch-sport-x30-grs-pre-work\/\" \/>\n<meta property=\"og:locale\" content=\"es_ES\" \/>\n<meta property=\"og:type\" content=\"article\" \/>\n<meta property=\"og:title\" content=\"Flash 5D | Hoch Sport | Pre Workout | Energ\u00eda | DeMusculos.com\" \/>\n<meta property=\"og:description\" content=\"Flash 5D es un excelente producto para aumentar la energ\u00eda, prevenir la fatiga, mejorar la masa muscular y aumentar considerablemente el rendimiento.\" \/>\n<meta property=\"og:url\" content=\"https:\/\/www.demusculos.com\/web\/producto\/flash-5d-de-hoch-sport-x30-grs-pre-work\/\" \/>\n<meta property=\"og:site_name\" content=\"DeMusculos\" \/>\n<meta property=\"article:publisher\" content=\"https:\/\/www.facebook.com\/demusculos\" \/>\n<meta property=\"article:modified_time\" content=\"2026-03-04T16:21:30+00:00\" \/>\n<meta property=\"og:image\" content=\"https:\/\/www.demusculos.com\/web\/wp-content\/uploads\/2024\/03\/flash-5d-x1.jpg\" \/>\n\t<meta property=\"og:image:width\" content=\"1080\" \/>\n\t<meta property=\"og:image:height\" content=\"1080\" \/>\n\t<meta property=\"og:image:type\" content=\"image\/jpeg\" \/>\n<meta name=\"twitter:card\" content=\"summary_large_image\" \/>\n<meta name=\"twitter:site\" content=\"@demusculos\" \/>\n<meta name=\"twitter:label1\" content=\"Tiempo de lectura\" \/>\n\t<meta name=\"twitter:data1\" content=\"4 minutos\" \/>\n<script type=\"application\/ld+json\" class=\"yoast-schema-graph\">{\"@context\":\"https:\\\/\\\/schema.org\",\"@graph\":[{\"@type\":\"WebPage\",\"@id\":\"https:\\\/\\\/www.demusculos.com\\\/web\\\/producto\\\/flash-5d-de-hoch-sport-x30-grs-pre-work\\\/\",\"url\":\"https:\\\/\\\/www.demusculos.com\\\/web\\\/producto\\\/flash-5d-de-hoch-sport-x30-grs-pre-work\\\/\",\"name\":\"Flash 5D | Hoch Sport | Pre Workout | Energ\u00eda | DeMusculos.com\",\"isPartOf\":{\"@id\":\"https:\\\/\\\/www.demusculos.com\\\/web\\\/#website\"},\"primaryImageOfPage\":{\"@id\":\"https:\\\/\\\/www.demusculos.com\\\/web\\\/producto\\\/flash-5d-de-hoch-sport-x30-grs-pre-work\\\/#primaryimage\"},\"image\":{\"@id\":\"https:\\\/\\\/www.demusculos.com\\\/web\\\/producto\\\/flash-5d-de-hoch-sport-x30-grs-pre-work\\\/#primaryimage\"},\"thumbnailUrl\":\"https:\\\/\\\/www.demusculos.com\\\/web\\\/wp-content\\\/uploads\\\/2024\\\/03\\\/flash-5d-x1.jpg\",\"datePublished\":\"2024-03-06T16:03:56+00:00\",\"dateModified\":\"2026-03-04T16:21:30+00:00\",\"description\":\"Flash 5D es un excelente producto para aumentar la energ\u00eda, prevenir la fatiga, mejorar la masa muscular y aumentar considerablemente el rendimiento.\",\"breadcrumb\":{\"@id\":\"https:\\\/\\\/www.demusculos.com\\\/web\\\/producto\\\/flash-5d-de-hoch-sport-x30-grs-pre-work\\\/#breadcrumb\"},\"inLanguage\":\"es\",\"potentialAction\":[{\"@type\":\"ReadAction\",\"target\":[\"https:\\\/\\\/www.demusculos.com\\\/web\\\/producto\\\/flash-5d-de-hoch-sport-x30-grs-pre-work\\\/\"]}]},{\"@type\":\"ImageObject\",\"inLanguage\":\"es\",\"@id\":\"https:\\\/\\\/www.demusculos.com\\\/web\\\/producto\\\/flash-5d-de-hoch-sport-x30-grs-pre-work\\\/#primaryimage\",\"url\":\"https:\\\/\\\/www.demusculos.com\\\/web\\\/wp-content\\\/uploads\\\/2024\\\/03\\\/flash-5d-x1.jpg\",\"contentUrl\":\"https:\\\/\\\/www.demusculos.com\\\/web\\\/wp-content\\\/uploads\\\/2024\\\/03\\\/flash-5d-x1.jpg\",\"width\":1080,\"height\":1080,\"caption\":\"Flash 5D de Hoch Sport\"},{\"@type\":\"BreadcrumbList\",\"@id\":\"https:\\\/\\\/www.demusculos.com\\\/web\\\/producto\\\/flash-5d-de-hoch-sport-x30-grs-pre-work\\\/#breadcrumb\",\"itemListElement\":[{\"@type\":\"ListItem\",\"position\":1,\"name\":\"Inicio\",\"item\":\"https:\\\/\\\/www.demusculos.com\\\/web\\\/\"},{\"@type\":\"ListItem\",\"position\":2,\"name\":\"Suplementos\",\"item\":\"https:\\\/\\\/www.demusculos.com\\\/web\\\/tienda\\\/\"},{\"@type\":\"ListItem\",\"position\":3,\"name\":\"Flash 5D de Hoch Sport x30 grs Pre Work\"}]},{\"@type\":\"WebSite\",\"@id\":\"https:\\\/\\\/www.demusculos.com\\\/web\\\/#website\",\"url\":\"https:\\\/\\\/www.demusculos.com\\\/web\\\/\",\"name\":\"DeMusculos.com\",\"description\":\"Suplementos Naturales\",\"publisher\":{\"@id\":\"https:\\\/\\\/www.demusculos.com\\\/web\\\/#organization\"},\"alternateName\":\"Suplementos Naturales\",\"potentialAction\":[{\"@type\":\"SearchAction\",\"target\":{\"@type\":\"EntryPoint\",\"urlTemplate\":\"https:\\\/\\\/www.demusculos.com\\\/web\\\/?s={search_term_string}\"},\"query-input\":{\"@type\":\"PropertyValueSpecification\",\"valueRequired\":true,\"valueName\":\"search_term_string\"}}],\"inLanguage\":\"es\"},{\"@type\":\"Organization\",\"@id\":\"https:\\\/\\\/www.demusculos.com\\\/web\\\/#organization\",\"name\":\"DeMusculos.com\",\"alternateName\":\"DeMusculos\",\"url\":\"https:\\\/\\\/www.demusculos.com\\\/web\\\/\",\"logo\":{\"@type\":\"ImageObject\",\"inLanguage\":\"es\",\"@id\":\"https:\\\/\\\/www.demusculos.com\\\/web\\\/#\\\/schema\\\/logo\\\/image\\\/\",\"url\":\"https:\\\/\\\/www.demusculos.com\\\/web\\\/wp-content\\\/uploads\\\/2024\\\/02\\\/logo-demusculos-prestashop-usuario.png\",\"contentUrl\":\"https:\\\/\\\/www.demusculos.com\\\/web\\\/wp-content\\\/uploads\\\/2024\\\/02\\\/logo-demusculos-prestashop-usuario.png\",\"width\":150,\"height\":150,\"caption\":\"DeMusculos.com\"},\"image\":{\"@id\":\"https:\\\/\\\/www.demusculos.com\\\/web\\\/#\\\/schema\\\/logo\\\/image\\\/\"},\"sameAs\":[\"https:\\\/\\\/www.facebook.com\\\/demusculos\",\"https:\\\/\\\/x.com\\\/demusculos\",\"https:\\\/\\\/www.instagram.com\\\/demusculos\",\"https:\\\/\\\/www.tiktok.com\\\/@demusculos.com\"]}]}<\/script>\n<!-- \/ Yoast SEO plugin. -->","yoast_head_json":{"title":"Flash 5D | Hoch Sport | Pre Workout | Energ\u00eda | DeMusculos.com","description":"Flash 5D es un excelente producto para aumentar la energ\u00eda, prevenir la fatiga, mejorar la masa muscular y aumentar considerablemente el rendimiento.","robots":{"index":"index","follow":"follow","max-snippet":"max-snippet:-1","max-image-preview":"max-image-preview:large","max-video-preview":"max-video-preview:-1"},"canonical":"https:\/\/www.demusculos.com\/web\/producto\/flash-5d-de-hoch-sport-x30-grs-pre-work\/","og_locale":"es_ES","og_type":"article","og_title":"Flash 5D | Hoch Sport | Pre Workout | Energ\u00eda | DeMusculos.com","og_description":"Flash 5D es un excelente producto para aumentar la energ\u00eda, prevenir la fatiga, mejorar la masa muscular y aumentar considerablemente el rendimiento.","og_url":"https:\/\/www.demusculos.com\/web\/producto\/flash-5d-de-hoch-sport-x30-grs-pre-work\/","og_site_name":"DeMusculos","article_publisher":"https:\/\/www.facebook.com\/demusculos","article_modified_time":"2026-03-04T16:21:30+00:00","og_image":[{"width":1080,"height":1080,"url":"https:\/\/www.demusculos.com\/web\/wp-content\/uploads\/2024\/03\/flash-5d-x1.jpg","type":"image\/jpeg"}],"twitter_card":"summary_large_image","twitter_site":"@demusculos","twitter_misc":{"Tiempo de lectura":"4 minutos"},"schema":{"@context":"https:\/\/schema.org","@graph":[{"@type":"WebPage","@id":"https:\/\/www.demusculos.com\/web\/producto\/flash-5d-de-hoch-sport-x30-grs-pre-work\/","url":"https:\/\/www.demusculos.com\/web\/producto\/flash-5d-de-hoch-sport-x30-grs-pre-work\/","name":"Flash 5D | Hoch Sport | Pre Workout | Energ\u00eda | DeMusculos.com","isPartOf":{"@id":"https:\/\/www.demusculos.com\/web\/#website"},"primaryImageOfPage":{"@id":"https:\/\/www.demusculos.com\/web\/producto\/flash-5d-de-hoch-sport-x30-grs-pre-work\/#primaryimage"},"image":{"@id":"https:\/\/www.demusculos.com\/web\/producto\/flash-5d-de-hoch-sport-x30-grs-pre-work\/#primaryimage"},"thumbnailUrl":"https:\/\/www.demusculos.com\/web\/wp-content\/uploads\/2024\/03\/flash-5d-x1.jpg","datePublished":"2024-03-06T16:03:56+00:00","dateModified":"2026-03-04T16:21:30+00:00","description":"Flash 5D es un excelente producto para aumentar la energ\u00eda, prevenir la fatiga, mejorar la masa muscular y aumentar considerablemente el rendimiento.","breadcrumb":{"@id":"https:\/\/www.demusculos.com\/web\/producto\/flash-5d-de-hoch-sport-x30-grs-pre-work\/#breadcrumb"},"inLanguage":"es","potentialAction":[{"@type":"ReadAction","target":["https:\/\/www.demusculos.com\/web\/producto\/flash-5d-de-hoch-sport-x30-grs-pre-work\/"]}]},{"@type":"ImageObject","inLanguage":"es","@id":"https:\/\/www.demusculos.com\/web\/producto\/flash-5d-de-hoch-sport-x30-grs-pre-work\/#primaryimage","url":"https:\/\/www.demusculos.com\/web\/wp-content\/uploads\/2024\/03\/flash-5d-x1.jpg","contentUrl":"https:\/\/www.demusculos.com\/web\/wp-content\/uploads\/2024\/03\/flash-5d-x1.jpg","width":1080,"height":1080,"caption":"Flash 5D de Hoch Sport"},{"@type":"BreadcrumbList","@id":"https:\/\/www.demusculos.com\/web\/producto\/flash-5d-de-hoch-sport-x30-grs-pre-work\/#breadcrumb","itemListElement":[{"@type":"ListItem","position":1,"name":"Inicio","item":"https:\/\/www.demusculos.com\/web\/"},{"@type":"ListItem","position":2,"name":"Suplementos","item":"https:\/\/www.demusculos.com\/web\/tienda\/"},{"@type":"ListItem","position":3,"name":"Flash 5D de Hoch Sport x30 grs Pre Work"}]},{"@type":"WebSite","@id":"https:\/\/www.demusculos.com\/web\/#website","url":"https:\/\/www.demusculos.com\/web\/","name":"DeMusculos.com","description":"Suplementos Naturales","publisher":{"@id":"https:\/\/www.demusculos.com\/web\/#organization"},"alternateName":"Suplementos Naturales","potentialAction":[{"@type":"SearchAction","target":{"@type":"EntryPoint","urlTemplate":"https:\/\/www.demusculos.com\/web\/?s={search_term_string}"},"query-input":{"@type":"PropertyValueSpecification","valueRequired":true,"valueName":"search_term_string"}}],"inLanguage":"es"},{"@type":"Organization","@id":"https:\/\/www.demusculos.com\/web\/#organization","name":"DeMusculos.com","alternateName":"DeMusculos","url":"https:\/\/www.demusculos.com\/web\/","logo":{"@type":"ImageObject","inLanguage":"es","@id":"https:\/\/www.demusculos.com\/web\/#\/schema\/logo\/image\/","url":"https:\/\/www.demusculos.com\/web\/wp-content\/uploads\/2024\/02\/logo-demusculos-prestashop-usuario.png","contentUrl":"https:\/\/www.demusculos.com\/web\/wp-content\/uploads\/2024\/02\/logo-demusculos-prestashop-usuario.png","width":150,"height":150,"caption":"DeMusculos.com"},"image":{"@id":"https:\/\/www.demusculos.com\/web\/#\/schema\/logo\/image\/"},"sameAs":["https:\/\/www.facebook.com\/demusculos","https:\/\/x.com\/demusculos","https:\/\/www.instagram.com\/demusculos","https:\/\/www.tiktok.com\/@demusculos.com"]}]}},"_links":{"self":[{"href":"https:\/\/www.demusculos.com\/web\/wp-json\/wp\/v2\/product\/2031","targetHints":{"allow":["GET"]}}],"collection":[{"href":"https:\/\/www.demusculos.com\/web\/wp-json\/wp\/v2\/product"}],"about":[{"href":"https:\/\/www.demusculos.com\/web\/wp-json\/wp\/v2\/types\/product"}],"replies":[{"embeddable":true,"href":"https:\/\/www.demusculos.com\/web\/wp-json\/wp\/v2\/comments?post=2031"}],"wp:featuredmedia":[{"embeddable":true,"href":"https:\/\/www.demusculos.com\/web\/wp-json\/wp\/v2\/media\/7065"}],"wp:attachment":[{"href":"https:\/\/www.demusculos.com\/web\/wp-json\/wp\/v2\/media?parent=2031"}],"wp:term":[{"taxonomy":"product_brand","embeddable":true,"href":"https:\/\/www.demusculos.com\/web\/wp-json\/wp\/v2\/product_brand?post=2031"},{"taxonomy":"product_cat","embeddable":true,"href":"https:\/\/www.demusculos.com\/web\/wp-json\/wp\/v2\/product_cat?post=2031"},{"taxonomy":"product_tag","embeddable":true,"href":"https:\/\/www.demusculos.com\/web\/wp-json\/wp\/v2\/product_tag?post=2031"}],"curies":[{"name":"wp","href":"https:\/\/api.w.org\/{rel}","templated":true}]}}