{"id":2235,"date":"2024-03-07T21:09:42","date_gmt":"2024-03-08T00:09:42","guid":{"rendered":"https:\/\/www.demusculos.com\/web\/?post_type=product&#038;p=2235"},"modified":"2026-04-15T10:06:04","modified_gmt":"2026-04-15T13:06:04","slug":"pro-mix-800-grs-pulver-proteina-de-suero-lacteo","status":"publish","type":"product","link":"https:\/\/www.demusculos.com\/web\/producto\/pro-mix-800-grs-pulver-proteina-de-suero-lacteo\/","title":{"rendered":"Pro Mix 800 grs Pulver Prote\u00edna con Zinc y Arginina"},"content":{"rendered":"<h2>Pro Mix, la evoluci\u00f3n de la prote\u00edna<\/h2>\n<p>Pro Mix es una prote\u00edna potenciada, ideal para hombres y mujeres que quieren m\u00e1s masa muscular, rendimiento y mejorar la energ\u00eda.<\/p>\n<p><img fetchpriority=\"high\" decoding=\"async\" class=\"alignnone size-full wp-image-12443\" src=\"https:\/\/www.demusculos.com\/web\/wp-content\/uploads\/2024\/03\/pro-mix-pulver-800-grs-01.webp\" alt=\"Pro Mix de Pulver\" width=\"1080\" height=\"1080\" srcset=\"https:\/\/www.demusculos.com\/web\/wp-content\/uploads\/2024\/03\/pro-mix-pulver-800-grs-01.webp 1080w, https:\/\/www.demusculos.com\/web\/wp-content\/uploads\/2024\/03\/pro-mix-pulver-800-grs-01-300x300.webp 300w, https:\/\/www.demusculos.com\/web\/wp-content\/uploads\/2024\/03\/pro-mix-pulver-800-grs-01-1024x1024.webp 1024w, https:\/\/www.demusculos.com\/web\/wp-content\/uploads\/2024\/03\/pro-mix-pulver-800-grs-01-150x150.webp 150w, https:\/\/www.demusculos.com\/web\/wp-content\/uploads\/2024\/03\/pro-mix-pulver-800-grs-01-768x768.webp 768w, https:\/\/www.demusculos.com\/web\/wp-content\/uploads\/2024\/03\/pro-mix-pulver-800-grs-01-990x990.webp 990w, https:\/\/www.demusculos.com\/web\/wp-content\/uploads\/2024\/03\/pro-mix-pulver-800-grs-01-441x441.webp 441w, https:\/\/www.demusculos.com\/web\/wp-content\/uploads\/2024\/03\/pro-mix-pulver-800-grs-01-100x100.webp 100w, https:\/\/www.demusculos.com\/web\/wp-content\/uploads\/2024\/03\/pro-mix-pulver-800-grs-01-800x800.webp 800w\" sizes=\"(max-width: 1080px) 100vw, 1080px\" \/><\/p>\n<figure id=\"attachment_182\" aria-describedby=\"caption-attachment-182\" style=\"width: 446px\" class=\"wp-caption alignnone\"><img decoding=\"async\" class=\"size-full wp-image-182\" src=\"https:\/\/www.demusculos.com\/web\/wp-content\/uploads\/2024\/02\/logo-pulver.png\" alt=\"Productos naturales y deporitvos de la marca Pulver. Todos los suplementos son sin Tacc aptos para celiacos.\" width=\"446\" height=\"103\" srcset=\"https:\/\/www.demusculos.com\/web\/wp-content\/uploads\/2024\/02\/logo-pulver.png 446w, https:\/\/www.demusculos.com\/web\/wp-content\/uploads\/2024\/02\/logo-pulver-300x69.png 300w, https:\/\/www.demusculos.com\/web\/wp-content\/uploads\/2024\/02\/logo-pulver-150x35.png 150w, https:\/\/www.demusculos.com\/web\/wp-content\/uploads\/2024\/02\/logo-pulver-416x96.png 416w\" sizes=\"(max-width: 446px) 100vw, 446px\" \/><figcaption id=\"caption-attachment-182\" class=\"wp-caption-text\">Suplementos naturales ideales para aumentar masa muscular, rendimiento, recuperaci\u00f3n y para la dieta. Alimentos proteicos sin TACC.<\/figcaption><\/figure>\n<h2>Algunos beneficios de Pro Mix<\/h2>\n<p>Es un producto a base de concentrado de prote\u00ednas mixtas de suero de leche (Whey Protein), alb\u00famina de huevo, y soja, con alta concentraci\u00f3n proteica y agregado de L-arginina y zinc.<\/p>\n<p>\u2022 Generaci\u00f3n de masa muscular<br \/>\n\u2022 Acelera la recuperaci\u00f3n de las fibras musculares luego del ejercicio<br \/>\n\u2022 Ayuda a bajar de peso en combinaci\u00f3n con el ejercicio al reemplazar otras comidas de menor concentraci\u00f3n proteica y aportar saciedad<br \/>\n\u2022 Cuenta con L-arginina, la cual cumple una funci\u00f3n vascularizadora<br \/>\n\u2022 Suplementa zinc, un mineral esencial para el bienestar general y especialmente recomendado para la salud masculina.<br \/>\n\u2022 La prote\u00edna de soja aporta calcio y f\u00f3sforo necesarios para la buena salud \u00f3sea.<br \/>\n\u2022 Antioxidante<br \/>\n\u2022 Apto Cel\u00edacos<\/p>\n<h2><strong>Sugerencias de uso de Pro Mix<\/strong><\/h2>\n<p>\u2022 Disolver la porci\u00f3n en 250ml de agua, leche, licuado, yogur, etc.<br \/>\n\u2022 PlusNutrition Suplementos recomienda tomar la prote\u00edna luego del entrenamiento y precedida por alguna fruta, para mejorar la asimilaci\u00f3n de los nutrientes. Otro buen momento para consumir este producto es durante el desayuno.<\/p>\n<h2><strong>Carcteristicas de la proteina<\/strong><\/h2>\n<p>\u2022 Peso neto: 800grs<br \/>\n\u2022 Porci\u00f3n: 40 gramos (25 servicios por paquete)<br \/>\n\u2022 32 gramos de prote\u00edna por porci\u00f3n<br \/>\n\u2022 Certificado libre de gluten<\/p>\n<h3>\u00bfC\u00f3mo se prepara?<\/h3>\n<p>Se prepara con leche descremada o agua.<br \/>\nUtilizar 250 a 300 ml de agua.<\/p>\n<h3>\u00bfQue cantidad tiene?<\/h3>\n<p>Tienes 800 gramos de polvo proteico.<\/p>\n<h3>\u00bfSe toma frio o caliente?<\/h3>\n<p>Aconsejamos tomarla fria.<\/p>\n<h3>\u00bfSe puede combinar?<\/h3>\n<p>Se puede combinar con creatinas, amino\u00e1cidos, glutaminas, vitaminas, mienerales.<\/p>\n","protected":false},"excerpt":{"rendered":"<p>Pro Mix Pulver es una prote\u00edna de suero l\u00e1cteo o Whey Protein potenciada con Zinc y Arginina, un poderoso vasodilatador.<\/p>\n","protected":false},"featured_media":2238,"comment_status":"closed","ping_status":"closed","template":"","meta":[],"product_brand":[221],"product_cat":[16],"product_tag":[147,28,129],"class_list":{"0":"post-2235","1":"product","2":"type-product","3":"status-publish","4":"has-post-thumbnail","6":"product_brand-pulver","7":"product_cat-proteinas","8":"product_tag-mix-protein","9":"product_tag-pulver","10":"product_tag-whey-protein","12":"first","13":"outofstock","14":"sale","15":"shipping-taxable","16":"purchasable","17":"product-type-simple"},"yoast_head":"<!-- This site is optimized with the Yoast SEO plugin v27.4 - https:\/\/yoast.com\/product\/yoast-seo-wordpress\/ -->\n<title>Pro Mix 800 grs | Fabricada por Pulver | Prote\u00edna potenciada<\/title>\n<meta name=\"description\" content=\"Pro Mix es una prote\u00edna 100% potenciada, fabricada hace m\u00e1s de 15 a\u00f1os por Pulver. Ideal para recuperaci\u00f3n, rendimiento y aumetno de masa muscular.\" \/>\n<meta name=\"robots\" content=\"index, follow, max-snippet:-1, max-image-preview:large, max-video-preview:-1\" \/>\n<link rel=\"canonical\" href=\"https:\/\/www.demusculos.com\/web\/producto\/pro-mix-800-grs-pulver-proteina-de-suero-lacteo\/\" \/>\n<meta property=\"og:locale\" content=\"es_ES\" \/>\n<meta property=\"og:type\" content=\"article\" \/>\n<meta property=\"og:title\" content=\"Pro Mix 800 grs | Fabricada por Pulver | Prote\u00edna potenciada\" \/>\n<meta property=\"og:description\" content=\"Pro Mix es una prote\u00edna 100% potenciada, fabricada hace m\u00e1s de 15 a\u00f1os por Pulver. Ideal para recuperaci\u00f3n, rendimiento y aumetno de masa muscular.\" \/>\n<meta property=\"og:url\" content=\"https:\/\/www.demusculos.com\/web\/producto\/pro-mix-800-grs-pulver-proteina-de-suero-lacteo\/\" \/>\n<meta property=\"og:site_name\" content=\"DeMusculos\" \/>\n<meta property=\"article:publisher\" content=\"https:\/\/www.facebook.com\/demusculos\" \/>\n<meta property=\"article:modified_time\" content=\"2026-04-15T13:06:04+00:00\" \/>\n<meta property=\"og:image\" content=\"https:\/\/www.demusculos.com\/web\/wp-content\/uploads\/2024\/03\/pulver-prlac-pro-mix-800-grs-01.jpg\" \/>\n\t<meta property=\"og:image:width\" content=\"900\" \/>\n\t<meta property=\"og:image:height\" content=\"900\" \/>\n\t<meta property=\"og:image:type\" content=\"image\/jpeg\" \/>\n<meta name=\"twitter:card\" content=\"summary_large_image\" \/>\n<meta name=\"twitter:site\" content=\"@demusculos\" \/>\n<meta name=\"twitter:label1\" content=\"Tiempo de lectura\" \/>\n\t<meta name=\"twitter:data1\" content=\"2 minutos\" \/>\n<script type=\"application\/ld+json\" class=\"yoast-schema-graph\">{\"@context\":\"https:\\\/\\\/schema.org\",\"@graph\":[{\"@type\":\"WebPage\",\"@id\":\"https:\\\/\\\/www.demusculos.com\\\/web\\\/producto\\\/pro-mix-800-grs-pulver-proteina-de-suero-lacteo\\\/\",\"url\":\"https:\\\/\\\/www.demusculos.com\\\/web\\\/producto\\\/pro-mix-800-grs-pulver-proteina-de-suero-lacteo\\\/\",\"name\":\"Pro Mix 800 grs | Fabricada por Pulver | Prote\u00edna potenciada\",\"isPartOf\":{\"@id\":\"https:\\\/\\\/www.demusculos.com\\\/web\\\/#website\"},\"primaryImageOfPage\":{\"@id\":\"https:\\\/\\\/www.demusculos.com\\\/web\\\/producto\\\/pro-mix-800-grs-pulver-proteina-de-suero-lacteo\\\/#primaryimage\"},\"image\":{\"@id\":\"https:\\\/\\\/www.demusculos.com\\\/web\\\/producto\\\/pro-mix-800-grs-pulver-proteina-de-suero-lacteo\\\/#primaryimage\"},\"thumbnailUrl\":\"https:\\\/\\\/www.demusculos.com\\\/web\\\/wp-content\\\/uploads\\\/2024\\\/03\\\/pulver-prlac-pro-mix-800-grs-01.jpg\",\"datePublished\":\"2024-03-08T00:09:42+00:00\",\"dateModified\":\"2026-04-15T13:06:04+00:00\",\"description\":\"Pro Mix es una prote\u00edna 100% potenciada, fabricada hace m\u00e1s de 15 a\u00f1os por Pulver. Ideal para recuperaci\u00f3n, rendimiento y aumetno de masa muscular.\",\"breadcrumb\":{\"@id\":\"https:\\\/\\\/www.demusculos.com\\\/web\\\/producto\\\/pro-mix-800-grs-pulver-proteina-de-suero-lacteo\\\/#breadcrumb\"},\"inLanguage\":\"es\",\"potentialAction\":[{\"@type\":\"ReadAction\",\"target\":[\"https:\\\/\\\/www.demusculos.com\\\/web\\\/producto\\\/pro-mix-800-grs-pulver-proteina-de-suero-lacteo\\\/\"]}]},{\"@type\":\"ImageObject\",\"inLanguage\":\"es\",\"@id\":\"https:\\\/\\\/www.demusculos.com\\\/web\\\/producto\\\/pro-mix-800-grs-pulver-proteina-de-suero-lacteo\\\/#primaryimage\",\"url\":\"https:\\\/\\\/www.demusculos.com\\\/web\\\/wp-content\\\/uploads\\\/2024\\\/03\\\/pulver-prlac-pro-mix-800-grs-01.jpg\",\"contentUrl\":\"https:\\\/\\\/www.demusculos.com\\\/web\\\/wp-content\\\/uploads\\\/2024\\\/03\\\/pulver-prlac-pro-mix-800-grs-01.jpg\",\"width\":900,\"height\":900,\"caption\":\"Prote\u00edna Pro Mix de Pulver 800 grs\"},{\"@type\":\"BreadcrumbList\",\"@id\":\"https:\\\/\\\/www.demusculos.com\\\/web\\\/producto\\\/pro-mix-800-grs-pulver-proteina-de-suero-lacteo\\\/#breadcrumb\",\"itemListElement\":[{\"@type\":\"ListItem\",\"position\":1,\"name\":\"Inicio\",\"item\":\"https:\\\/\\\/www.demusculos.com\\\/web\\\/\"},{\"@type\":\"ListItem\",\"position\":2,\"name\":\"Suplementos\",\"item\":\"https:\\\/\\\/www.demusculos.com\\\/web\\\/tienda\\\/\"},{\"@type\":\"ListItem\",\"position\":3,\"name\":\"Pro Mix 800 grs Pulver Prote\u00edna con Zinc y Arginina\"}]},{\"@type\":\"WebSite\",\"@id\":\"https:\\\/\\\/www.demusculos.com\\\/web\\\/#website\",\"url\":\"https:\\\/\\\/www.demusculos.com\\\/web\\\/\",\"name\":\"DeMusculos.com\",\"description\":\"Suplementos Naturales\",\"publisher\":{\"@id\":\"https:\\\/\\\/www.demusculos.com\\\/web\\\/#organization\"},\"alternateName\":\"Suplementos Naturales\",\"potentialAction\":[{\"@type\":\"SearchAction\",\"target\":{\"@type\":\"EntryPoint\",\"urlTemplate\":\"https:\\\/\\\/www.demusculos.com\\\/web\\\/?s={search_term_string}\"},\"query-input\":{\"@type\":\"PropertyValueSpecification\",\"valueRequired\":true,\"valueName\":\"search_term_string\"}}],\"inLanguage\":\"es\"},{\"@type\":\"Organization\",\"@id\":\"https:\\\/\\\/www.demusculos.com\\\/web\\\/#organization\",\"name\":\"DeMusculos.com\",\"alternateName\":\"DeMusculos\",\"url\":\"https:\\\/\\\/www.demusculos.com\\\/web\\\/\",\"logo\":{\"@type\":\"ImageObject\",\"inLanguage\":\"es\",\"@id\":\"https:\\\/\\\/www.demusculos.com\\\/web\\\/#\\\/schema\\\/logo\\\/image\\\/\",\"url\":\"https:\\\/\\\/www.demusculos.com\\\/web\\\/wp-content\\\/uploads\\\/2024\\\/02\\\/logo-demusculos-prestashop-usuario.png\",\"contentUrl\":\"https:\\\/\\\/www.demusculos.com\\\/web\\\/wp-content\\\/uploads\\\/2024\\\/02\\\/logo-demusculos-prestashop-usuario.png\",\"width\":150,\"height\":150,\"caption\":\"DeMusculos.com\"},\"image\":{\"@id\":\"https:\\\/\\\/www.demusculos.com\\\/web\\\/#\\\/schema\\\/logo\\\/image\\\/\"},\"sameAs\":[\"https:\\\/\\\/www.facebook.com\\\/demusculos\",\"https:\\\/\\\/x.com\\\/demusculos\",\"https:\\\/\\\/www.instagram.com\\\/demusculos\",\"https:\\\/\\\/www.tiktok.com\\\/@demusculos.com\"]}]}<\/script>\n<!-- \/ Yoast SEO plugin. -->","yoast_head_json":{"title":"Pro Mix 800 grs | Fabricada por Pulver | Prote\u00edna potenciada","description":"Pro Mix es una prote\u00edna 100% potenciada, fabricada hace m\u00e1s de 15 a\u00f1os por Pulver. Ideal para recuperaci\u00f3n, rendimiento y aumetno de masa muscular.","robots":{"index":"index","follow":"follow","max-snippet":"max-snippet:-1","max-image-preview":"max-image-preview:large","max-video-preview":"max-video-preview:-1"},"canonical":"https:\/\/www.demusculos.com\/web\/producto\/pro-mix-800-grs-pulver-proteina-de-suero-lacteo\/","og_locale":"es_ES","og_type":"article","og_title":"Pro Mix 800 grs | Fabricada por Pulver | Prote\u00edna potenciada","og_description":"Pro Mix es una prote\u00edna 100% potenciada, fabricada hace m\u00e1s de 15 a\u00f1os por Pulver. Ideal para recuperaci\u00f3n, rendimiento y aumetno de masa muscular.","og_url":"https:\/\/www.demusculos.com\/web\/producto\/pro-mix-800-grs-pulver-proteina-de-suero-lacteo\/","og_site_name":"DeMusculos","article_publisher":"https:\/\/www.facebook.com\/demusculos","article_modified_time":"2026-04-15T13:06:04+00:00","og_image":[{"width":900,"height":900,"url":"https:\/\/www.demusculos.com\/web\/wp-content\/uploads\/2024\/03\/pulver-prlac-pro-mix-800-grs-01.jpg","type":"image\/jpeg"}],"twitter_card":"summary_large_image","twitter_site":"@demusculos","twitter_misc":{"Tiempo de lectura":"2 minutos"},"schema":{"@context":"https:\/\/schema.org","@graph":[{"@type":"WebPage","@id":"https:\/\/www.demusculos.com\/web\/producto\/pro-mix-800-grs-pulver-proteina-de-suero-lacteo\/","url":"https:\/\/www.demusculos.com\/web\/producto\/pro-mix-800-grs-pulver-proteina-de-suero-lacteo\/","name":"Pro Mix 800 grs | Fabricada por Pulver | Prote\u00edna potenciada","isPartOf":{"@id":"https:\/\/www.demusculos.com\/web\/#website"},"primaryImageOfPage":{"@id":"https:\/\/www.demusculos.com\/web\/producto\/pro-mix-800-grs-pulver-proteina-de-suero-lacteo\/#primaryimage"},"image":{"@id":"https:\/\/www.demusculos.com\/web\/producto\/pro-mix-800-grs-pulver-proteina-de-suero-lacteo\/#primaryimage"},"thumbnailUrl":"https:\/\/www.demusculos.com\/web\/wp-content\/uploads\/2024\/03\/pulver-prlac-pro-mix-800-grs-01.jpg","datePublished":"2024-03-08T00:09:42+00:00","dateModified":"2026-04-15T13:06:04+00:00","description":"Pro Mix es una prote\u00edna 100% potenciada, fabricada hace m\u00e1s de 15 a\u00f1os por Pulver. Ideal para recuperaci\u00f3n, rendimiento y aumetno de masa muscular.","breadcrumb":{"@id":"https:\/\/www.demusculos.com\/web\/producto\/pro-mix-800-grs-pulver-proteina-de-suero-lacteo\/#breadcrumb"},"inLanguage":"es","potentialAction":[{"@type":"ReadAction","target":["https:\/\/www.demusculos.com\/web\/producto\/pro-mix-800-grs-pulver-proteina-de-suero-lacteo\/"]}]},{"@type":"ImageObject","inLanguage":"es","@id":"https:\/\/www.demusculos.com\/web\/producto\/pro-mix-800-grs-pulver-proteina-de-suero-lacteo\/#primaryimage","url":"https:\/\/www.demusculos.com\/web\/wp-content\/uploads\/2024\/03\/pulver-prlac-pro-mix-800-grs-01.jpg","contentUrl":"https:\/\/www.demusculos.com\/web\/wp-content\/uploads\/2024\/03\/pulver-prlac-pro-mix-800-grs-01.jpg","width":900,"height":900,"caption":"Prote\u00edna Pro Mix de Pulver 800 grs"},{"@type":"BreadcrumbList","@id":"https:\/\/www.demusculos.com\/web\/producto\/pro-mix-800-grs-pulver-proteina-de-suero-lacteo\/#breadcrumb","itemListElement":[{"@type":"ListItem","position":1,"name":"Inicio","item":"https:\/\/www.demusculos.com\/web\/"},{"@type":"ListItem","position":2,"name":"Suplementos","item":"https:\/\/www.demusculos.com\/web\/tienda\/"},{"@type":"ListItem","position":3,"name":"Pro Mix 800 grs Pulver Prote\u00edna con Zinc y Arginina"}]},{"@type":"WebSite","@id":"https:\/\/www.demusculos.com\/web\/#website","url":"https:\/\/www.demusculos.com\/web\/","name":"DeMusculos.com","description":"Suplementos Naturales","publisher":{"@id":"https:\/\/www.demusculos.com\/web\/#organization"},"alternateName":"Suplementos Naturales","potentialAction":[{"@type":"SearchAction","target":{"@type":"EntryPoint","urlTemplate":"https:\/\/www.demusculos.com\/web\/?s={search_term_string}"},"query-input":{"@type":"PropertyValueSpecification","valueRequired":true,"valueName":"search_term_string"}}],"inLanguage":"es"},{"@type":"Organization","@id":"https:\/\/www.demusculos.com\/web\/#organization","name":"DeMusculos.com","alternateName":"DeMusculos","url":"https:\/\/www.demusculos.com\/web\/","logo":{"@type":"ImageObject","inLanguage":"es","@id":"https:\/\/www.demusculos.com\/web\/#\/schema\/logo\/image\/","url":"https:\/\/www.demusculos.com\/web\/wp-content\/uploads\/2024\/02\/logo-demusculos-prestashop-usuario.png","contentUrl":"https:\/\/www.demusculos.com\/web\/wp-content\/uploads\/2024\/02\/logo-demusculos-prestashop-usuario.png","width":150,"height":150,"caption":"DeMusculos.com"},"image":{"@id":"https:\/\/www.demusculos.com\/web\/#\/schema\/logo\/image\/"},"sameAs":["https:\/\/www.facebook.com\/demusculos","https:\/\/x.com\/demusculos","https:\/\/www.instagram.com\/demusculos","https:\/\/www.tiktok.com\/@demusculos.com"]}]}},"_links":{"self":[{"href":"https:\/\/www.demusculos.com\/web\/wp-json\/wp\/v2\/product\/2235","targetHints":{"allow":["GET"]}}],"collection":[{"href":"https:\/\/www.demusculos.com\/web\/wp-json\/wp\/v2\/product"}],"about":[{"href":"https:\/\/www.demusculos.com\/web\/wp-json\/wp\/v2\/types\/product"}],"replies":[{"embeddable":true,"href":"https:\/\/www.demusculos.com\/web\/wp-json\/wp\/v2\/comments?post=2235"}],"wp:featuredmedia":[{"embeddable":true,"href":"https:\/\/www.demusculos.com\/web\/wp-json\/wp\/v2\/media\/2238"}],"wp:attachment":[{"href":"https:\/\/www.demusculos.com\/web\/wp-json\/wp\/v2\/media?parent=2235"}],"wp:term":[{"taxonomy":"product_brand","embeddable":true,"href":"https:\/\/www.demusculos.com\/web\/wp-json\/wp\/v2\/product_brand?post=2235"},{"taxonomy":"product_cat","embeddable":true,"href":"https:\/\/www.demusculos.com\/web\/wp-json\/wp\/v2\/product_cat?post=2235"},{"taxonomy":"product_tag","embeddable":true,"href":"https:\/\/www.demusculos.com\/web\/wp-json\/wp\/v2\/product_tag?post=2235"}],"curies":[{"name":"wp","href":"https:\/\/api.w.org\/{rel}","templated":true}]}}