{"id":2305,"date":"2024-03-08T13:27:41","date_gmt":"2024-03-08T16:27:41","guid":{"rendered":"https:\/\/www.demusculos.com\/web\/?post_type=product&#038;p=2305"},"modified":"2026-03-14T16:02:09","modified_gmt":"2026-03-14T19:02:09","slug":"thermo-gen-cla-carnitina-cafeina","status":"publish","type":"product","link":"https:\/\/www.demusculos.com\/web\/producto\/thermo-gen-cla-carnitina-cafeina\/","title":{"rendered":"Quemador Thermo Gen 6 de DMS Nutrition + CLA y Carnitina de XBody"},"content":{"rendered":"<h2 data-start=\"223\" data-end=\"252\">Combo para quemar grasas<\/h2>\n<p data-start=\"253\" data-end=\"307\"><strong data-start=\"253\" data-end=\"307\">Thermo Gen 6 DMS Nutrition + CLA &amp; Carnitina XBODY<\/strong><\/p>\n<p data-start=\"253\" data-end=\"307\"><img decoding=\"async\" class=\"alignnone size-full wp-image-11838\" src=\"https:\/\/www.demusculos.com\/web\/wp-content\/uploads\/2025\/05\/logo-dms-sport.webp\" alt=\"DMS Nutrition\" width=\"150\" height=\"100\" \/><\/p>\n<p data-start=\"309\" data-end=\"568\">Este <strong data-start=\"314\" data-end=\"342\">combo para quemar grasas<\/strong> est\u00e1 pensado para personas reales, que entrenan, se mueven y buscan acompa\u00f1ar su rutina con un empuj\u00f3n extra para el descenso de grasa. No reemplaza el esfuerzo ni la constancia, pero <strong data-start=\"527\" data-end=\"567\">ayuda cuando las cosas se hacen bien<\/strong>.<\/p>\n<p data-start=\"570\" data-end=\"730\">La combinaci\u00f3n es simple y efectiva: un quemador termog\u00e9nico en c\u00e1psulas para el d\u00eda a d\u00eda y un complemento en polvo para sumar energ\u00eda y enfoque al movimiento.<\/p>\n<p data-start=\"570\" data-end=\"730\"><img decoding=\"async\" class=\"alignnone size-full wp-image-12561\" src=\"https:\/\/www.demusculos.com\/web\/wp-content\/uploads\/2025\/06\/logo-x-body-evolution.webp\" alt=\"Suplementos Naturales XBody\" width=\"446\" height=\"103\" srcset=\"https:\/\/www.demusculos.com\/web\/wp-content\/uploads\/2025\/06\/logo-x-body-evolution.webp 446w, https:\/\/www.demusculos.com\/web\/wp-content\/uploads\/2025\/06\/logo-x-body-evolution-300x69.webp 300w, https:\/\/www.demusculos.com\/web\/wp-content\/uploads\/2025\/06\/logo-x-body-evolution-441x102.webp 441w, https:\/\/www.demusculos.com\/web\/wp-content\/uploads\/2025\/06\/logo-x-body-evolution-150x35.webp 150w\" sizes=\"(max-width: 446px) 100vw, 446px\" \/><\/p>\n<hr data-start=\"732\" data-end=\"735\" \/>\n<h3 data-start=\"737\" data-end=\"768\">\u00bfPara qu\u00e9 sirve este combo?<\/h3>\n<p data-start=\"769\" data-end=\"930\">Sirve para <strong data-start=\"780\" data-end=\"821\">acompa\u00f1ar planes de descenso de grasa<\/strong>, mejorar la energ\u00eda durante el d\u00eda y ayudar al cuerpo a utilizar mejor la grasa cuando hay actividad f\u00edsica.<\/p>\n<p data-start=\"932\" data-end=\"1118\">El <strong data-start=\"935\" data-end=\"951\">Thermo Gen 6<\/strong> aporta el est\u00edmulo termog\u00e9nico, mientras que el <strong data-start=\"1000\" data-end=\"1019\">CLA + Carnitina<\/strong> acompa\u00f1a el metabolismo de las grasas y la energ\u00eda durante el entrenamiento o la actividad diaria.<\/p>\n<p data-start=\"1120\" data-end=\"1149\">Uno activa, el otro acompa\u00f1a.<\/p>\n<hr data-start=\"1151\" data-end=\"1154\" \/>\n<h3 data-start=\"1156\" data-end=\"1202\">\u00bfQu\u00e9 aporta Thermo Gen 6 de DMS Nutrition?<\/h3>\n<p data-start=\"1203\" data-end=\"1292\">Thermo Gen 6 es un <strong data-start=\"1222\" data-end=\"1256\">quemador de grasas en c\u00e1psulas<\/strong>, muy usado por personas que buscan:<\/p>\n<ul data-start=\"1293\" data-end=\"1379\">\n<li data-start=\"1293\" data-end=\"1322\">\n<p data-start=\"1295\" data-end=\"1322\">M\u00e1s energ\u00eda para entrenar<\/p>\n<\/li>\n<li data-start=\"1323\" data-end=\"1340\">\n<p data-start=\"1325\" data-end=\"1340\">Mejor enfoque<\/p>\n<\/li>\n<li data-start=\"1341\" data-end=\"1379\">\n<p data-start=\"1343\" data-end=\"1379\">Acompa\u00f1ar el gasto cal\u00f3rico diario<\/p>\n<\/li>\n<\/ul>\n<p data-start=\"1381\" data-end=\"1449\">Se integra f\u00e1cil a la rutina y es pr\u00e1ctico para usar todos los d\u00edas.<\/p>\n<hr data-start=\"1451\" data-end=\"1454\" \/>\n<h3 data-start=\"1456\" data-end=\"1498\">\u00bfQu\u00e9 hace el CLA + Carnitina de XBODY?<\/h3>\n<p data-start=\"1499\" data-end=\"1729\">Esta combinaci\u00f3n en <strong data-start=\"1519\" data-end=\"1540\">polvo sabor lim\u00f3n<\/strong> es ideal para quienes quieren sumar un apoyo extra al metabolismo de las grasas. La carnitina participa en el uso de la grasa como fuente de energ\u00eda y el CLA acompa\u00f1a planes de definici\u00f3n.<\/p>\n<p data-start=\"1731\" data-end=\"1792\">Al ser en polvo, es f\u00e1cil de tomar y ajustar seg\u00fan la rutina.<\/p>\n<hr data-start=\"1794\" data-end=\"1797\" \/>\n<h3 data-start=\"1799\" data-end=\"1835\">\u00bfPara qui\u00e9n es ideal este combo?<\/h3>\n<ul data-start=\"1836\" data-end=\"2018\">\n<li data-start=\"1836\" data-end=\"1865\">\n<p data-start=\"1838\" data-end=\"1865\">Hombres y mujeres activos<\/p>\n<\/li>\n<li data-start=\"1866\" data-end=\"1908\">\n<p data-start=\"1868\" data-end=\"1908\">Personas que entrenan y buscan definir<\/p>\n<\/li>\n<li data-start=\"1909\" data-end=\"1951\">\n<p data-start=\"1911\" data-end=\"1951\">Quienes est\u00e1n cuidando su alimentaci\u00f3n<\/p>\n<\/li>\n<li data-start=\"1952\" data-end=\"2018\">\n<p data-start=\"1954\" data-end=\"2018\">Personas que quieren sentirse m\u00e1s livianas y con mejor energ\u00eda<\/p>\n<\/li>\n<\/ul>\n<p data-start=\"2020\" data-end=\"2111\">No hace falta ser atleta. Es para gente com\u00fan que se mueve y quiere verse y sentirse mejor.<\/p>\n<hr data-start=\"2113\" data-end=\"2116\" \/>\n<h3 data-start=\"2118\" data-end=\"2136\">\u00bfC\u00f3mo se usan?<\/h3>\n<p data-start=\"2137\" data-end=\"2170\">Una forma habitual de usarlos es:<\/p>\n<ul data-start=\"2171\" data-end=\"2334\">\n<li data-start=\"2171\" data-end=\"2236\">\n<p data-start=\"2173\" data-end=\"2236\"><strong data-start=\"2173\" data-end=\"2189\">Thermo Gen 6<\/strong> en c\u00e1psulas, todos los d\u00edas seg\u00fan indicaci\u00f3n<\/p>\n<\/li>\n<li data-start=\"2237\" data-end=\"2334\">\n<p data-start=\"2239\" data-end=\"2334\"><strong data-start=\"2239\" data-end=\"2258\">CLA + Carnitina<\/strong> disuelto en agua, preferentemente antes de entrenar o en momentos activos<\/p>\n<\/li>\n<\/ul>\n<p data-start=\"2336\" data-end=\"2387\">Ambos se pueden usar en el mismo plan sin problema.<\/p>\n","protected":false},"excerpt":{"rendered":"<p>Este <strong data-start=\"69\" data-end=\"135\">combo Thermo Gen 6 de DMS Nutrition + CLA y Carnitina de XBODY<\/strong> est\u00e1 pensado para acompa\u00f1ar planes de descenso de grasa, aportando energ\u00eda y apoyo al metabolismo. Combina un quemador en c\u00e1psulas con una f\u00f3rmula en polvo f\u00e1cil de tomar, ideal para hombres y mujeres activos que buscan definirse sin complicarse.<\/p>\n","protected":false},"featured_media":18331,"comment_status":"closed","ping_status":"closed","template":"","meta":[],"product_brand":[254],"product_cat":[72,19],"product_tag":[73],"class_list":{"0":"post-2305","1":"product","2":"type-product","3":"status-publish","4":"has-post-thumbnail","6":"product_brand-combos-multimarca","7":"product_cat-combos-descenso-de-peso","8":"product_cat-quemadores","9":"product_tag-combos","11":"first","12":"instock","13":"sale","14":"shipping-taxable","15":"purchasable","16":"product-type-simple"},"yoast_head":"<!-- This site is optimized with the Yoast SEO plugin v27.4 - https:\/\/yoast.com\/product\/yoast-seo-wordpress\/ -->\n<title>Combo: Quemadores Thermo Gen 6 + Cla y Carnitina de Xbody<\/title>\n<meta name=\"description\" content=\"Combo Thermo Gen 6 DMS Nutrition + CLA y Carnitina XBODY. Apoyo al descenso de grasa, energ\u00eda diaria y entrenamiento activo.\" \/>\n<meta name=\"robots\" content=\"index, follow, max-snippet:-1, max-image-preview:large, max-video-preview:-1\" \/>\n<link rel=\"canonical\" href=\"https:\/\/www.demusculos.com\/web\/producto\/thermo-gen-cla-carnitina-cafeina\/\" \/>\n<meta property=\"og:locale\" content=\"es_ES\" \/>\n<meta property=\"og:type\" content=\"article\" \/>\n<meta property=\"og:title\" content=\"Combo: Quemadores Thermo Gen 6 + Cla y Carnitina de Xbody\" \/>\n<meta property=\"og:description\" content=\"Combo Thermo Gen 6 DMS Nutrition + CLA y Carnitina XBODY. Apoyo al descenso de grasa, energ\u00eda diaria y entrenamiento activo.\" \/>\n<meta property=\"og:url\" content=\"https:\/\/www.demusculos.com\/web\/producto\/thermo-gen-cla-carnitina-cafeina\/\" \/>\n<meta property=\"og:site_name\" content=\"DeMusculos\" \/>\n<meta property=\"article:publisher\" content=\"https:\/\/www.facebook.com\/demusculos\" \/>\n<meta property=\"article:modified_time\" content=\"2026-03-14T19:02:09+00:00\" \/>\n<meta property=\"og:image\" content=\"https:\/\/www.demusculos.com\/web\/wp-content\/uploads\/2024\/03\/thermo-gen-6-dms-quemador-cla-carnitina.webp\" \/>\n\t<meta property=\"og:image:width\" content=\"1200\" \/>\n\t<meta property=\"og:image:height\" content=\"1200\" \/>\n\t<meta property=\"og:image:type\" content=\"image\/webp\" \/>\n<meta name=\"twitter:card\" content=\"summary_large_image\" \/>\n<meta name=\"twitter:site\" content=\"@demusculos\" \/>\n<meta name=\"twitter:label1\" content=\"Tiempo de lectura\" \/>\n\t<meta name=\"twitter:data1\" content=\"3 minutos\" \/>\n<script type=\"application\/ld+json\" class=\"yoast-schema-graph\">{\"@context\":\"https:\\\/\\\/schema.org\",\"@graph\":[{\"@type\":\"WebPage\",\"@id\":\"https:\\\/\\\/www.demusculos.com\\\/web\\\/producto\\\/thermo-gen-cla-carnitina-cafeina\\\/\",\"url\":\"https:\\\/\\\/www.demusculos.com\\\/web\\\/producto\\\/thermo-gen-cla-carnitina-cafeina\\\/\",\"name\":\"Combo: Quemadores Thermo Gen 6 + Cla y Carnitina de Xbody\",\"isPartOf\":{\"@id\":\"https:\\\/\\\/www.demusculos.com\\\/web\\\/#website\"},\"primaryImageOfPage\":{\"@id\":\"https:\\\/\\\/www.demusculos.com\\\/web\\\/producto\\\/thermo-gen-cla-carnitina-cafeina\\\/#primaryimage\"},\"image\":{\"@id\":\"https:\\\/\\\/www.demusculos.com\\\/web\\\/producto\\\/thermo-gen-cla-carnitina-cafeina\\\/#primaryimage\"},\"thumbnailUrl\":\"https:\\\/\\\/www.demusculos.com\\\/web\\\/wp-content\\\/uploads\\\/2024\\\/03\\\/thermo-gen-6-dms-quemador-cla-carnitina.webp\",\"datePublished\":\"2024-03-08T16:27:41+00:00\",\"dateModified\":\"2026-03-14T19:02:09+00:00\",\"description\":\"Combo Thermo Gen 6 DMS Nutrition + CLA y Carnitina XBODY. Apoyo al descenso de grasa, energ\u00eda diaria y entrenamiento activo.\",\"breadcrumb\":{\"@id\":\"https:\\\/\\\/www.demusculos.com\\\/web\\\/producto\\\/thermo-gen-cla-carnitina-cafeina\\\/#breadcrumb\"},\"inLanguage\":\"es\",\"potentialAction\":[{\"@type\":\"ReadAction\",\"target\":[\"https:\\\/\\\/www.demusculos.com\\\/web\\\/producto\\\/thermo-gen-cla-carnitina-cafeina\\\/\"]}]},{\"@type\":\"ImageObject\",\"inLanguage\":\"es\",\"@id\":\"https:\\\/\\\/www.demusculos.com\\\/web\\\/producto\\\/thermo-gen-cla-carnitina-cafeina\\\/#primaryimage\",\"url\":\"https:\\\/\\\/www.demusculos.com\\\/web\\\/wp-content\\\/uploads\\\/2024\\\/03\\\/thermo-gen-6-dms-quemador-cla-carnitina.webp\",\"contentUrl\":\"https:\\\/\\\/www.demusculos.com\\\/web\\\/wp-content\\\/uploads\\\/2024\\\/03\\\/thermo-gen-6-dms-quemador-cla-carnitina.webp\",\"width\":1200,\"height\":1200,\"caption\":\"Quemador Thermo Gen 6 + Cla y Carnitina de Xbody\"},{\"@type\":\"BreadcrumbList\",\"@id\":\"https:\\\/\\\/www.demusculos.com\\\/web\\\/producto\\\/thermo-gen-cla-carnitina-cafeina\\\/#breadcrumb\",\"itemListElement\":[{\"@type\":\"ListItem\",\"position\":1,\"name\":\"Inicio\",\"item\":\"https:\\\/\\\/www.demusculos.com\\\/web\\\/\"},{\"@type\":\"ListItem\",\"position\":2,\"name\":\"Suplementos\",\"item\":\"https:\\\/\\\/www.demusculos.com\\\/web\\\/tienda\\\/\"},{\"@type\":\"ListItem\",\"position\":3,\"name\":\"Quemador Thermo Gen 6 de DMS Nutrition + CLA y Carnitina de XBody\"}]},{\"@type\":\"WebSite\",\"@id\":\"https:\\\/\\\/www.demusculos.com\\\/web\\\/#website\",\"url\":\"https:\\\/\\\/www.demusculos.com\\\/web\\\/\",\"name\":\"DeMusculos.com\",\"description\":\"Suplementos Naturales\",\"publisher\":{\"@id\":\"https:\\\/\\\/www.demusculos.com\\\/web\\\/#organization\"},\"alternateName\":\"Suplementos Naturales\",\"potentialAction\":[{\"@type\":\"SearchAction\",\"target\":{\"@type\":\"EntryPoint\",\"urlTemplate\":\"https:\\\/\\\/www.demusculos.com\\\/web\\\/?s={search_term_string}\"},\"query-input\":{\"@type\":\"PropertyValueSpecification\",\"valueRequired\":true,\"valueName\":\"search_term_string\"}}],\"inLanguage\":\"es\"},{\"@type\":\"Organization\",\"@id\":\"https:\\\/\\\/www.demusculos.com\\\/web\\\/#organization\",\"name\":\"DeMusculos.com\",\"alternateName\":\"DeMusculos\",\"url\":\"https:\\\/\\\/www.demusculos.com\\\/web\\\/\",\"logo\":{\"@type\":\"ImageObject\",\"inLanguage\":\"es\",\"@id\":\"https:\\\/\\\/www.demusculos.com\\\/web\\\/#\\\/schema\\\/logo\\\/image\\\/\",\"url\":\"https:\\\/\\\/www.demusculos.com\\\/web\\\/wp-content\\\/uploads\\\/2024\\\/02\\\/logo-demusculos-prestashop-usuario.png\",\"contentUrl\":\"https:\\\/\\\/www.demusculos.com\\\/web\\\/wp-content\\\/uploads\\\/2024\\\/02\\\/logo-demusculos-prestashop-usuario.png\",\"width\":150,\"height\":150,\"caption\":\"DeMusculos.com\"},\"image\":{\"@id\":\"https:\\\/\\\/www.demusculos.com\\\/web\\\/#\\\/schema\\\/logo\\\/image\\\/\"},\"sameAs\":[\"https:\\\/\\\/www.facebook.com\\\/demusculos\",\"https:\\\/\\\/x.com\\\/demusculos\",\"https:\\\/\\\/www.instagram.com\\\/demusculos\",\"https:\\\/\\\/www.tiktok.com\\\/@demusculos.com\"]}]}<\/script>\n<!-- \/ Yoast SEO plugin. -->","yoast_head_json":{"title":"Combo: Quemadores Thermo Gen 6 + Cla y Carnitina de Xbody","description":"Combo Thermo Gen 6 DMS Nutrition + CLA y Carnitina XBODY. Apoyo al descenso de grasa, energ\u00eda diaria y entrenamiento activo.","robots":{"index":"index","follow":"follow","max-snippet":"max-snippet:-1","max-image-preview":"max-image-preview:large","max-video-preview":"max-video-preview:-1"},"canonical":"https:\/\/www.demusculos.com\/web\/producto\/thermo-gen-cla-carnitina-cafeina\/","og_locale":"es_ES","og_type":"article","og_title":"Combo: Quemadores Thermo Gen 6 + Cla y Carnitina de Xbody","og_description":"Combo Thermo Gen 6 DMS Nutrition + CLA y Carnitina XBODY. Apoyo al descenso de grasa, energ\u00eda diaria y entrenamiento activo.","og_url":"https:\/\/www.demusculos.com\/web\/producto\/thermo-gen-cla-carnitina-cafeina\/","og_site_name":"DeMusculos","article_publisher":"https:\/\/www.facebook.com\/demusculos","article_modified_time":"2026-03-14T19:02:09+00:00","og_image":[{"width":1200,"height":1200,"url":"https:\/\/www.demusculos.com\/web\/wp-content\/uploads\/2024\/03\/thermo-gen-6-dms-quemador-cla-carnitina.webp","type":"image\/webp"}],"twitter_card":"summary_large_image","twitter_site":"@demusculos","twitter_misc":{"Tiempo de lectura":"3 minutos"},"schema":{"@context":"https:\/\/schema.org","@graph":[{"@type":"WebPage","@id":"https:\/\/www.demusculos.com\/web\/producto\/thermo-gen-cla-carnitina-cafeina\/","url":"https:\/\/www.demusculos.com\/web\/producto\/thermo-gen-cla-carnitina-cafeina\/","name":"Combo: Quemadores Thermo Gen 6 + Cla y Carnitina de Xbody","isPartOf":{"@id":"https:\/\/www.demusculos.com\/web\/#website"},"primaryImageOfPage":{"@id":"https:\/\/www.demusculos.com\/web\/producto\/thermo-gen-cla-carnitina-cafeina\/#primaryimage"},"image":{"@id":"https:\/\/www.demusculos.com\/web\/producto\/thermo-gen-cla-carnitina-cafeina\/#primaryimage"},"thumbnailUrl":"https:\/\/www.demusculos.com\/web\/wp-content\/uploads\/2024\/03\/thermo-gen-6-dms-quemador-cla-carnitina.webp","datePublished":"2024-03-08T16:27:41+00:00","dateModified":"2026-03-14T19:02:09+00:00","description":"Combo Thermo Gen 6 DMS Nutrition + CLA y Carnitina XBODY. Apoyo al descenso de grasa, energ\u00eda diaria y entrenamiento activo.","breadcrumb":{"@id":"https:\/\/www.demusculos.com\/web\/producto\/thermo-gen-cla-carnitina-cafeina\/#breadcrumb"},"inLanguage":"es","potentialAction":[{"@type":"ReadAction","target":["https:\/\/www.demusculos.com\/web\/producto\/thermo-gen-cla-carnitina-cafeina\/"]}]},{"@type":"ImageObject","inLanguage":"es","@id":"https:\/\/www.demusculos.com\/web\/producto\/thermo-gen-cla-carnitina-cafeina\/#primaryimage","url":"https:\/\/www.demusculos.com\/web\/wp-content\/uploads\/2024\/03\/thermo-gen-6-dms-quemador-cla-carnitina.webp","contentUrl":"https:\/\/www.demusculos.com\/web\/wp-content\/uploads\/2024\/03\/thermo-gen-6-dms-quemador-cla-carnitina.webp","width":1200,"height":1200,"caption":"Quemador Thermo Gen 6 + Cla y Carnitina de Xbody"},{"@type":"BreadcrumbList","@id":"https:\/\/www.demusculos.com\/web\/producto\/thermo-gen-cla-carnitina-cafeina\/#breadcrumb","itemListElement":[{"@type":"ListItem","position":1,"name":"Inicio","item":"https:\/\/www.demusculos.com\/web\/"},{"@type":"ListItem","position":2,"name":"Suplementos","item":"https:\/\/www.demusculos.com\/web\/tienda\/"},{"@type":"ListItem","position":3,"name":"Quemador Thermo Gen 6 de DMS Nutrition + CLA y Carnitina de XBody"}]},{"@type":"WebSite","@id":"https:\/\/www.demusculos.com\/web\/#website","url":"https:\/\/www.demusculos.com\/web\/","name":"DeMusculos.com","description":"Suplementos Naturales","publisher":{"@id":"https:\/\/www.demusculos.com\/web\/#organization"},"alternateName":"Suplementos Naturales","potentialAction":[{"@type":"SearchAction","target":{"@type":"EntryPoint","urlTemplate":"https:\/\/www.demusculos.com\/web\/?s={search_term_string}"},"query-input":{"@type":"PropertyValueSpecification","valueRequired":true,"valueName":"search_term_string"}}],"inLanguage":"es"},{"@type":"Organization","@id":"https:\/\/www.demusculos.com\/web\/#organization","name":"DeMusculos.com","alternateName":"DeMusculos","url":"https:\/\/www.demusculos.com\/web\/","logo":{"@type":"ImageObject","inLanguage":"es","@id":"https:\/\/www.demusculos.com\/web\/#\/schema\/logo\/image\/","url":"https:\/\/www.demusculos.com\/web\/wp-content\/uploads\/2024\/02\/logo-demusculos-prestashop-usuario.png","contentUrl":"https:\/\/www.demusculos.com\/web\/wp-content\/uploads\/2024\/02\/logo-demusculos-prestashop-usuario.png","width":150,"height":150,"caption":"DeMusculos.com"},"image":{"@id":"https:\/\/www.demusculos.com\/web\/#\/schema\/logo\/image\/"},"sameAs":["https:\/\/www.facebook.com\/demusculos","https:\/\/x.com\/demusculos","https:\/\/www.instagram.com\/demusculos","https:\/\/www.tiktok.com\/@demusculos.com"]}]}},"_links":{"self":[{"href":"https:\/\/www.demusculos.com\/web\/wp-json\/wp\/v2\/product\/2305","targetHints":{"allow":["GET"]}}],"collection":[{"href":"https:\/\/www.demusculos.com\/web\/wp-json\/wp\/v2\/product"}],"about":[{"href":"https:\/\/www.demusculos.com\/web\/wp-json\/wp\/v2\/types\/product"}],"replies":[{"embeddable":true,"href":"https:\/\/www.demusculos.com\/web\/wp-json\/wp\/v2\/comments?post=2305"}],"wp:featuredmedia":[{"embeddable":true,"href":"https:\/\/www.demusculos.com\/web\/wp-json\/wp\/v2\/media\/18331"}],"wp:attachment":[{"href":"https:\/\/www.demusculos.com\/web\/wp-json\/wp\/v2\/media?parent=2305"}],"wp:term":[{"taxonomy":"product_brand","embeddable":true,"href":"https:\/\/www.demusculos.com\/web\/wp-json\/wp\/v2\/product_brand?post=2305"},{"taxonomy":"product_cat","embeddable":true,"href":"https:\/\/www.demusculos.com\/web\/wp-json\/wp\/v2\/product_cat?post=2305"},{"taxonomy":"product_tag","embeddable":true,"href":"https:\/\/www.demusculos.com\/web\/wp-json\/wp\/v2\/product_tag?post=2305"}],"curies":[{"name":"wp","href":"https:\/\/api.w.org\/{rel}","templated":true}]}}