{"id":2334,"date":"2024-03-08T22:46:16","date_gmt":"2024-03-09T01:46:16","guid":{"rendered":"https:\/\/www.demusculos.com\/web\/?post_type=product&#038;p=2334"},"modified":"2026-05-02T23:05:37","modified_gmt":"2026-05-03T02:05:37","slug":"ripped-max-ii-gentech-x120-comprimidos-quemador-de-grasas","status":"publish","type":"product","link":"https:\/\/www.demusculos.com\/web\/producto\/ripped-max-ii-gentech-x120-comprimidos-quemador-de-grasas\/","title":{"rendered":"Ripped Max II Gentech x120 comprimidos Quemador de Grasas"},"content":{"rendered":"<h2>Ripped Max II Gentech (2 unidades de 60)<\/h2>\n<p>Ripped Max II Gentech es un quemador de grasas formulado con Carnitina. Utiliza las grasas como fuente de energ\u00eda. Ideal para hombres y mujeres.<\/p>\n<p><img fetchpriority=\"high\" decoding=\"async\" class=\"alignnone size-full wp-image-7921\" src=\"https:\/\/www.demusculos.com\/web\/wp-content\/uploads\/2024\/03\/ripped-max-gentech-quemador-1.jpg\" alt=\"Quemador de grasas Ripped Max de Gentech\" width=\"1080\" height=\"1080\" srcset=\"https:\/\/www.demusculos.com\/web\/wp-content\/uploads\/2024\/03\/ripped-max-gentech-quemador-1.jpg 1080w, https:\/\/www.demusculos.com\/web\/wp-content\/uploads\/2024\/03\/ripped-max-gentech-quemador-1-300x300.jpg 300w, https:\/\/www.demusculos.com\/web\/wp-content\/uploads\/2024\/03\/ripped-max-gentech-quemador-1-150x150.jpg 150w, https:\/\/www.demusculos.com\/web\/wp-content\/uploads\/2024\/03\/ripped-max-gentech-quemador-1-800x800.jpg 800w, https:\/\/www.demusculos.com\/web\/wp-content\/uploads\/2024\/03\/ripped-max-gentech-quemador-1-1024x1024.jpg 1024w, https:\/\/www.demusculos.com\/web\/wp-content\/uploads\/2024\/03\/ripped-max-gentech-quemador-1-768x768.jpg 768w\" sizes=\"(max-width: 1080px) 100vw, 1080px\" \/><\/p>\n<figure id=\"attachment_216\" aria-describedby=\"caption-attachment-216\" style=\"width: 446px\" class=\"wp-caption alignnone\"><img decoding=\"async\" class=\"size-full wp-image-216\" src=\"https:\/\/www.demusculos.com\/web\/wp-content\/uploads\/2024\/02\/logo-marca-gentech.png\" alt=\"Suplementos Naturales Gentech\" width=\"446\" height=\"103\" srcset=\"https:\/\/www.demusculos.com\/web\/wp-content\/uploads\/2024\/02\/logo-marca-gentech.png 446w, https:\/\/www.demusculos.com\/web\/wp-content\/uploads\/2024\/02\/logo-marca-gentech-300x69.png 300w, https:\/\/www.demusculos.com\/web\/wp-content\/uploads\/2024\/02\/logo-marca-gentech-150x35.png 150w, https:\/\/www.demusculos.com\/web\/wp-content\/uploads\/2024\/02\/logo-marca-gentech-416x96.png 416w\" sizes=\"(max-width: 446px) 100vw, 446px\" \/><figcaption id=\"caption-attachment-216\" class=\"wp-caption-text\">Gentech: Suplementaci\u00f3n natural deportiva.<\/figcaption><\/figure>\n<p><strong>RIPPED MAX II<\/strong><br \/>\nMejora la definici\u00f3n y es un potente quemador de grasas.<br \/>\nEsta f\u00f3rmula natural aporta los nutrientes necesarios para ayudar a acelerar el descenso de peso.<\/p>\n<p><strong>MEJORA LA DEFINICI\u00d3N MUSCULAR<\/strong><br \/>\nMejora la definici\u00f3n y est\u00e1 formulado para que, con s\u00f3lo dos tabletas completes tu dosis diaria.<\/p>\n<p><strong>CONTRIBUYE A LA PERDIDA DE GRASA<\/strong><br \/>\nEs un gran quemador de masa grasa, sin perder masa muscular.<\/p>\n<figure id=\"attachment_2745\" aria-describedby=\"caption-attachment-2745\" style=\"width: 980px\" class=\"wp-caption alignnone\"><img decoding=\"async\" class=\"size-large wp-image-2745\" src=\"https:\/\/www.demusculos.com\/web\/wp-content\/uploads\/2024\/03\/1-1024x1024.jpg\" alt=\"Quemador de Grasas Ripped Max II de Gentech\" width=\"980\" height=\"980\" srcset=\"https:\/\/www.demusculos.com\/web\/wp-content\/uploads\/2024\/03\/1-1024x1024.jpg 1024w, https:\/\/www.demusculos.com\/web\/wp-content\/uploads\/2024\/03\/1-300x300.jpg 300w, https:\/\/www.demusculos.com\/web\/wp-content\/uploads\/2024\/03\/1-150x150.jpg 150w, https:\/\/www.demusculos.com\/web\/wp-content\/uploads\/2024\/03\/1-800x800.jpg 800w, https:\/\/www.demusculos.com\/web\/wp-content\/uploads\/2024\/03\/1-768x768.jpg 768w, https:\/\/www.demusculos.com\/web\/wp-content\/uploads\/2024\/03\/1.jpg 1080w\" sizes=\"(max-width: 980px) 100vw, 980px\" \/><figcaption id=\"caption-attachment-2745\" class=\"wp-caption-text\">Quemador de Grasas Ripped Max II de Gentech<\/figcaption><\/figure>\n<p><strong>AYUDA Y MEJORA EL RENDIMIENTO<\/strong><br \/>\nBrinda energ\u00eda para a entrenar duro, retrasa el cansancio y genera motivaci\u00f3n para seguir haci\u00e9ndolo.<\/p>\n<p><strong>INGREDIENTES<\/strong><br \/>\nL-colina, L-inositol, extracto de guaran\u00e1, extracto de garcinia cambogia, L-carnitina, extracto de uva ursi, cafe\u00edna anhidra, L-tirosina, Vitamina B6, picolinato de cromo.<\/p>\n<p><strong>\u00bfQu\u00e9 son los quemadores?<\/strong><br \/>\nLos quemadores de grasa son suplementos que ayudan a quemar la grasa acumulada. Suplementos con ingredientes naturales que aumentan la energ\u00eda, estimulan el metabolismo o suprimen el apetito.<\/p>\n<p><strong>\u00bfC\u00f3mo usarlo correctamente?<\/strong><br \/>\nEstos suplementos, para que funcionen y hagan su labor correctamente, se debe completar con una dieta saludable y ejercicio f\u00edsico.<br \/>\nSon una gran ayuda para que el metabolismo elimine las grasas del cuerpo.<\/p>\n<figure id=\"attachment_2746\" aria-describedby=\"caption-attachment-2746\" style=\"width: 980px\" class=\"wp-caption alignnone\"><img loading=\"lazy\" decoding=\"async\" class=\"size-large wp-image-2746\" src=\"https:\/\/www.demusculos.com\/web\/wp-content\/uploads\/2024\/03\/2-1024x1024.jpg\" alt=\"Quemador de Grasas Ripped Max II de Gentech\" width=\"980\" height=\"980\" srcset=\"https:\/\/www.demusculos.com\/web\/wp-content\/uploads\/2024\/03\/2-1024x1024.jpg 1024w, https:\/\/www.demusculos.com\/web\/wp-content\/uploads\/2024\/03\/2-300x300.jpg 300w, https:\/\/www.demusculos.com\/web\/wp-content\/uploads\/2024\/03\/2-150x150.jpg 150w, https:\/\/www.demusculos.com\/web\/wp-content\/uploads\/2024\/03\/2-800x800.jpg 800w, https:\/\/www.demusculos.com\/web\/wp-content\/uploads\/2024\/03\/2-768x768.jpg 768w, https:\/\/www.demusculos.com\/web\/wp-content\/uploads\/2024\/03\/2.jpg 1080w\" sizes=\"(max-width: 980px) 100vw, 980px\" \/><figcaption id=\"caption-attachment-2746\" class=\"wp-caption-text\">120 comprimidos. Para hombres y mujeres. Plan para 1 mes. M\u00e1s energ\u00eda y menos grasas.<\/figcaption><\/figure>\n<p>&nbsp;<\/p>\n<h2><strong>Tipos de quemadores:<\/strong><\/h2>\n<p>-Termog\u00e9nicos: Este tipo de suplementos aumenta el calor corporal del organismos (termog\u00e9nesis). Utilizan la grasa acumulada como combustible, hacen que la quema de grasas sea mucho m\u00e1s efectivo.<br \/>\n-Lipotr\u00f3picos: no contienen sustancias estimulantes. Utilizan las grasas como fuente energ\u00e9tica para el organismo, no las guarda.<br \/>\n-CLA: Acido Linoleico Conjugado. Reduce la grasa corporal a la vez que aumenta la masa muscular, reduce los niveles de colesterol, mejora el sistema inmune y act\u00faa como antioxidante. Bloquea el transporte de las grasas hacia las c\u00e9lulas adiposas.<br \/>\n-Bloqueadores de carbohidratos y grasas: Se conoce como absorbe \u2013 grasas. Evitan que el cuerpo absorba la grasa durante la digesti\u00f3n. Esta actividad se lleva a cabo principalmente en el intestino y en el est\u00f3mago.<br \/>\n-Diur\u00e9ticos: Eliminan el agua y el sodio acumulado en nuestro cuerpo a trav\u00e9s de la orina. Eliminan los l\u00edquidos que tenemos de m\u00e1s en nuestro cuerpo.<\/p>\n<h2><strong>Beneficios de Ripped Max II Gentech:<\/strong><\/h2>\n<p>1.Reducen los dep\u00f3sitos de grasa y mejoran el ratio grasa\/masa muscular, es decir, la proporci\u00f3n entre la grasa y la masa muscular, a trav\u00e9s del aumento del metabolismo.<br \/>\n2. Aumenta la energ\u00eda y predispone al organismo para la actividad f\u00edsica mediante un aumento del aporte de sustratos energ\u00e9ticos al m\u00fasculo.<br \/>\n3. Algunos de ellos contiene carnitina, la cual ayuda a bajar los niveles de colesterol en sangre, mejora la circulaci\u00f3n y disminuye los riesgos de ataque cardiacos.<br \/>\n4.Aumentan el gasto energ\u00e9tico basal (energ\u00eda que requiere el organismo para realizar actividades fundamentales en reposo y ayunas. Depende del tama\u00f1o del organismo (peso, talla), de su composici\u00f3n (parte magra y grasa) y de la edad).<\/p>\n<p><img loading=\"lazy\" decoding=\"async\" class=\"alignnone size-full wp-image-7922\" src=\"https:\/\/www.demusculos.com\/web\/wp-content\/uploads\/2024\/03\/ripped-max-gentech-quemador-2.jpg\" alt=\"Beneficios del quemador de grasas de Gentech\" width=\"1080\" height=\"1080\" srcset=\"https:\/\/www.demusculos.com\/web\/wp-content\/uploads\/2024\/03\/ripped-max-gentech-quemador-2.jpg 1080w, https:\/\/www.demusculos.com\/web\/wp-content\/uploads\/2024\/03\/ripped-max-gentech-quemador-2-300x300.jpg 300w, https:\/\/www.demusculos.com\/web\/wp-content\/uploads\/2024\/03\/ripped-max-gentech-quemador-2-150x150.jpg 150w, https:\/\/www.demusculos.com\/web\/wp-content\/uploads\/2024\/03\/ripped-max-gentech-quemador-2-800x800.jpg 800w, https:\/\/www.demusculos.com\/web\/wp-content\/uploads\/2024\/03\/ripped-max-gentech-quemador-2-1024x1024.jpg 1024w, https:\/\/www.demusculos.com\/web\/wp-content\/uploads\/2024\/03\/ripped-max-gentech-quemador-2-768x768.jpg 768w\" sizes=\"(max-width: 1080px) 100vw, 1080px\" \/><\/p>\n","protected":false},"excerpt":{"rendered":"<p>Quemador de grasas de Gentech. Fuente de energ\u00eda, para ambos sexos. Plan para un mes.<\/p>\n","protected":false},"featured_media":18647,"comment_status":"closed","ping_status":"closed","template":"","meta":[],"product_brand":[222],"product_cat":[19],"product_tag":[21],"class_list":{"0":"post-2334","1":"product","2":"type-product","3":"status-publish","4":"has-post-thumbnail","6":"product_brand-gentech","7":"product_cat-quemadores","8":"product_tag-gentech","10":"first","11":"instock","12":"sale","13":"shipping-taxable","14":"purchasable","15":"product-type-simple"},"yoast_head":"<!-- This site is optimized with the Yoast SEO plugin v27.5 - https:\/\/yoast.com\/product\/yoast-seo-wordpress\/ -->\n<title>Ripped Max II Gentech | Quemador | 60+60 | DeMusculos.com<\/title>\n<meta name=\"description\" content=\"Ripped Max II Gentech es un quemador de 60+60 comprimidos, dura un total de 1 mes, para hombres, mujeres, fuente de energ\u00eda. 100% efectivo.\" \/>\n<meta name=\"robots\" content=\"index, follow, max-snippet:-1, max-image-preview:large, max-video-preview:-1\" \/>\n<link rel=\"canonical\" href=\"https:\/\/www.demusculos.com\/web\/producto\/ripped-max-ii-gentech-x120-comprimidos-quemador-de-grasas\/\" \/>\n<meta property=\"og:locale\" content=\"es_ES\" \/>\n<meta property=\"og:type\" content=\"article\" \/>\n<meta property=\"og:title\" content=\"Ripped Max II Gentech | Quemador | 60+60 | DeMusculos.com\" \/>\n<meta property=\"og:description\" content=\"Ripped Max II Gentech es un quemador de 60+60 comprimidos, dura un total de 1 mes, para hombres, mujeres, fuente de energ\u00eda. 100% efectivo.\" \/>\n<meta property=\"og:url\" content=\"https:\/\/www.demusculos.com\/web\/producto\/ripped-max-ii-gentech-x120-comprimidos-quemador-de-grasas\/\" \/>\n<meta property=\"og:site_name\" content=\"DeMusculos\" \/>\n<meta property=\"article:publisher\" content=\"https:\/\/www.facebook.com\/demusculos\" \/>\n<meta property=\"article:modified_time\" content=\"2026-05-03T02:05:37+00:00\" \/>\n<meta property=\"og:image\" content=\"https:\/\/www.demusculos.com\/web\/wp-content\/uploads\/2024\/03\/ripped-max-2-gentech-x60-2-unidades.webp\" \/>\n\t<meta property=\"og:image:width\" content=\"1200\" \/>\n\t<meta property=\"og:image:height\" content=\"1200\" \/>\n\t<meta property=\"og:image:type\" content=\"image\/webp\" \/>\n<meta name=\"twitter:card\" content=\"summary_large_image\" \/>\n<meta name=\"twitter:site\" content=\"@demusculos\" \/>\n<meta name=\"twitter:label1\" content=\"Tiempo de lectura\" \/>\n\t<meta name=\"twitter:data1\" content=\"4 minutos\" \/>\n<script type=\"application\/ld+json\" class=\"yoast-schema-graph\">{\"@context\":\"https:\\\/\\\/schema.org\",\"@graph\":[{\"@type\":\"WebPage\",\"@id\":\"https:\\\/\\\/www.demusculos.com\\\/web\\\/producto\\\/ripped-max-ii-gentech-x120-comprimidos-quemador-de-grasas\\\/\",\"url\":\"https:\\\/\\\/www.demusculos.com\\\/web\\\/producto\\\/ripped-max-ii-gentech-x120-comprimidos-quemador-de-grasas\\\/\",\"name\":\"Ripped Max II Gentech | Quemador | 60+60 | DeMusculos.com\",\"isPartOf\":{\"@id\":\"https:\\\/\\\/www.demusculos.com\\\/web\\\/#website\"},\"primaryImageOfPage\":{\"@id\":\"https:\\\/\\\/www.demusculos.com\\\/web\\\/producto\\\/ripped-max-ii-gentech-x120-comprimidos-quemador-de-grasas\\\/#primaryimage\"},\"image\":{\"@id\":\"https:\\\/\\\/www.demusculos.com\\\/web\\\/producto\\\/ripped-max-ii-gentech-x120-comprimidos-quemador-de-grasas\\\/#primaryimage\"},\"thumbnailUrl\":\"https:\\\/\\\/www.demusculos.com\\\/web\\\/wp-content\\\/uploads\\\/2024\\\/03\\\/ripped-max-2-gentech-x60-2-unidades.webp\",\"datePublished\":\"2024-03-09T01:46:16+00:00\",\"dateModified\":\"2026-05-03T02:05:37+00:00\",\"description\":\"Ripped Max II Gentech es un quemador de 60+60 comprimidos, dura un total de 1 mes, para hombres, mujeres, fuente de energ\u00eda. 100% efectivo.\",\"breadcrumb\":{\"@id\":\"https:\\\/\\\/www.demusculos.com\\\/web\\\/producto\\\/ripped-max-ii-gentech-x120-comprimidos-quemador-de-grasas\\\/#breadcrumb\"},\"inLanguage\":\"es\",\"potentialAction\":[{\"@type\":\"ReadAction\",\"target\":[\"https:\\\/\\\/www.demusculos.com\\\/web\\\/producto\\\/ripped-max-ii-gentech-x120-comprimidos-quemador-de-grasas\\\/\"]}]},{\"@type\":\"ImageObject\",\"inLanguage\":\"es\",\"@id\":\"https:\\\/\\\/www.demusculos.com\\\/web\\\/producto\\\/ripped-max-ii-gentech-x120-comprimidos-quemador-de-grasas\\\/#primaryimage\",\"url\":\"https:\\\/\\\/www.demusculos.com\\\/web\\\/wp-content\\\/uploads\\\/2024\\\/03\\\/ripped-max-2-gentech-x60-2-unidades.webp\",\"contentUrl\":\"https:\\\/\\\/www.demusculos.com\\\/web\\\/wp-content\\\/uploads\\\/2024\\\/03\\\/ripped-max-2-gentech-x60-2-unidades.webp\",\"width\":1200,\"height\":1200,\"caption\":\"Ripped Max II de 60 de Gentech (2 unidades)\"},{\"@type\":\"BreadcrumbList\",\"@id\":\"https:\\\/\\\/www.demusculos.com\\\/web\\\/producto\\\/ripped-max-ii-gentech-x120-comprimidos-quemador-de-grasas\\\/#breadcrumb\",\"itemListElement\":[{\"@type\":\"ListItem\",\"position\":1,\"name\":\"Inicio\",\"item\":\"https:\\\/\\\/www.demusculos.com\\\/web\\\/\"},{\"@type\":\"ListItem\",\"position\":2,\"name\":\"Suplementos\",\"item\":\"https:\\\/\\\/www.demusculos.com\\\/web\\\/tienda\\\/\"},{\"@type\":\"ListItem\",\"position\":3,\"name\":\"Ripped Max II Gentech x120 comprimidos Quemador de Grasas\"}]},{\"@type\":\"WebSite\",\"@id\":\"https:\\\/\\\/www.demusculos.com\\\/web\\\/#website\",\"url\":\"https:\\\/\\\/www.demusculos.com\\\/web\\\/\",\"name\":\"DeMusculos.com\",\"description\":\"Suplementos Naturales\",\"publisher\":{\"@id\":\"https:\\\/\\\/www.demusculos.com\\\/web\\\/#organization\"},\"alternateName\":\"Suplementos Naturales\",\"potentialAction\":[{\"@type\":\"SearchAction\",\"target\":{\"@type\":\"EntryPoint\",\"urlTemplate\":\"https:\\\/\\\/www.demusculos.com\\\/web\\\/?s={search_term_string}\"},\"query-input\":{\"@type\":\"PropertyValueSpecification\",\"valueRequired\":true,\"valueName\":\"search_term_string\"}}],\"inLanguage\":\"es\"},{\"@type\":\"Organization\",\"@id\":\"https:\\\/\\\/www.demusculos.com\\\/web\\\/#organization\",\"name\":\"DeMusculos.com\",\"alternateName\":\"DeMusculos\",\"url\":\"https:\\\/\\\/www.demusculos.com\\\/web\\\/\",\"logo\":{\"@type\":\"ImageObject\",\"inLanguage\":\"es\",\"@id\":\"https:\\\/\\\/www.demusculos.com\\\/web\\\/#\\\/schema\\\/logo\\\/image\\\/\",\"url\":\"https:\\\/\\\/www.demusculos.com\\\/web\\\/wp-content\\\/uploads\\\/2024\\\/02\\\/logo-demusculos-prestashop-usuario.png\",\"contentUrl\":\"https:\\\/\\\/www.demusculos.com\\\/web\\\/wp-content\\\/uploads\\\/2024\\\/02\\\/logo-demusculos-prestashop-usuario.png\",\"width\":150,\"height\":150,\"caption\":\"DeMusculos.com\"},\"image\":{\"@id\":\"https:\\\/\\\/www.demusculos.com\\\/web\\\/#\\\/schema\\\/logo\\\/image\\\/\"},\"sameAs\":[\"https:\\\/\\\/www.facebook.com\\\/demusculos\",\"https:\\\/\\\/x.com\\\/demusculos\",\"https:\\\/\\\/www.instagram.com\\\/demusculos\",\"https:\\\/\\\/www.tiktok.com\\\/@demusculos.com\"]}]}<\/script>\n<!-- \/ Yoast SEO plugin. -->","yoast_head_json":{"title":"Ripped Max II Gentech | Quemador | 60+60 | DeMusculos.com","description":"Ripped Max II Gentech es un quemador de 60+60 comprimidos, dura un total de 1 mes, para hombres, mujeres, fuente de energ\u00eda. 100% efectivo.","robots":{"index":"index","follow":"follow","max-snippet":"max-snippet:-1","max-image-preview":"max-image-preview:large","max-video-preview":"max-video-preview:-1"},"canonical":"https:\/\/www.demusculos.com\/web\/producto\/ripped-max-ii-gentech-x120-comprimidos-quemador-de-grasas\/","og_locale":"es_ES","og_type":"article","og_title":"Ripped Max II Gentech | Quemador | 60+60 | DeMusculos.com","og_description":"Ripped Max II Gentech es un quemador de 60+60 comprimidos, dura un total de 1 mes, para hombres, mujeres, fuente de energ\u00eda. 100% efectivo.","og_url":"https:\/\/www.demusculos.com\/web\/producto\/ripped-max-ii-gentech-x120-comprimidos-quemador-de-grasas\/","og_site_name":"DeMusculos","article_publisher":"https:\/\/www.facebook.com\/demusculos","article_modified_time":"2026-05-03T02:05:37+00:00","og_image":[{"width":1200,"height":1200,"url":"https:\/\/www.demusculos.com\/web\/wp-content\/uploads\/2024\/03\/ripped-max-2-gentech-x60-2-unidades.webp","type":"image\/webp"}],"twitter_card":"summary_large_image","twitter_site":"@demusculos","twitter_misc":{"Tiempo de lectura":"4 minutos"},"schema":{"@context":"https:\/\/schema.org","@graph":[{"@type":"WebPage","@id":"https:\/\/www.demusculos.com\/web\/producto\/ripped-max-ii-gentech-x120-comprimidos-quemador-de-grasas\/","url":"https:\/\/www.demusculos.com\/web\/producto\/ripped-max-ii-gentech-x120-comprimidos-quemador-de-grasas\/","name":"Ripped Max II Gentech | Quemador | 60+60 | DeMusculos.com","isPartOf":{"@id":"https:\/\/www.demusculos.com\/web\/#website"},"primaryImageOfPage":{"@id":"https:\/\/www.demusculos.com\/web\/producto\/ripped-max-ii-gentech-x120-comprimidos-quemador-de-grasas\/#primaryimage"},"image":{"@id":"https:\/\/www.demusculos.com\/web\/producto\/ripped-max-ii-gentech-x120-comprimidos-quemador-de-grasas\/#primaryimage"},"thumbnailUrl":"https:\/\/www.demusculos.com\/web\/wp-content\/uploads\/2024\/03\/ripped-max-2-gentech-x60-2-unidades.webp","datePublished":"2024-03-09T01:46:16+00:00","dateModified":"2026-05-03T02:05:37+00:00","description":"Ripped Max II Gentech es un quemador de 60+60 comprimidos, dura un total de 1 mes, para hombres, mujeres, fuente de energ\u00eda. 100% efectivo.","breadcrumb":{"@id":"https:\/\/www.demusculos.com\/web\/producto\/ripped-max-ii-gentech-x120-comprimidos-quemador-de-grasas\/#breadcrumb"},"inLanguage":"es","potentialAction":[{"@type":"ReadAction","target":["https:\/\/www.demusculos.com\/web\/producto\/ripped-max-ii-gentech-x120-comprimidos-quemador-de-grasas\/"]}]},{"@type":"ImageObject","inLanguage":"es","@id":"https:\/\/www.demusculos.com\/web\/producto\/ripped-max-ii-gentech-x120-comprimidos-quemador-de-grasas\/#primaryimage","url":"https:\/\/www.demusculos.com\/web\/wp-content\/uploads\/2024\/03\/ripped-max-2-gentech-x60-2-unidades.webp","contentUrl":"https:\/\/www.demusculos.com\/web\/wp-content\/uploads\/2024\/03\/ripped-max-2-gentech-x60-2-unidades.webp","width":1200,"height":1200,"caption":"Ripped Max II de 60 de Gentech (2 unidades)"},{"@type":"BreadcrumbList","@id":"https:\/\/www.demusculos.com\/web\/producto\/ripped-max-ii-gentech-x120-comprimidos-quemador-de-grasas\/#breadcrumb","itemListElement":[{"@type":"ListItem","position":1,"name":"Inicio","item":"https:\/\/www.demusculos.com\/web\/"},{"@type":"ListItem","position":2,"name":"Suplementos","item":"https:\/\/www.demusculos.com\/web\/tienda\/"},{"@type":"ListItem","position":3,"name":"Ripped Max II Gentech x120 comprimidos Quemador de Grasas"}]},{"@type":"WebSite","@id":"https:\/\/www.demusculos.com\/web\/#website","url":"https:\/\/www.demusculos.com\/web\/","name":"DeMusculos.com","description":"Suplementos Naturales","publisher":{"@id":"https:\/\/www.demusculos.com\/web\/#organization"},"alternateName":"Suplementos Naturales","potentialAction":[{"@type":"SearchAction","target":{"@type":"EntryPoint","urlTemplate":"https:\/\/www.demusculos.com\/web\/?s={search_term_string}"},"query-input":{"@type":"PropertyValueSpecification","valueRequired":true,"valueName":"search_term_string"}}],"inLanguage":"es"},{"@type":"Organization","@id":"https:\/\/www.demusculos.com\/web\/#organization","name":"DeMusculos.com","alternateName":"DeMusculos","url":"https:\/\/www.demusculos.com\/web\/","logo":{"@type":"ImageObject","inLanguage":"es","@id":"https:\/\/www.demusculos.com\/web\/#\/schema\/logo\/image\/","url":"https:\/\/www.demusculos.com\/web\/wp-content\/uploads\/2024\/02\/logo-demusculos-prestashop-usuario.png","contentUrl":"https:\/\/www.demusculos.com\/web\/wp-content\/uploads\/2024\/02\/logo-demusculos-prestashop-usuario.png","width":150,"height":150,"caption":"DeMusculos.com"},"image":{"@id":"https:\/\/www.demusculos.com\/web\/#\/schema\/logo\/image\/"},"sameAs":["https:\/\/www.facebook.com\/demusculos","https:\/\/x.com\/demusculos","https:\/\/www.instagram.com\/demusculos","https:\/\/www.tiktok.com\/@demusculos.com"]}]}},"_links":{"self":[{"href":"https:\/\/www.demusculos.com\/web\/wp-json\/wp\/v2\/product\/2334","targetHints":{"allow":["GET"]}}],"collection":[{"href":"https:\/\/www.demusculos.com\/web\/wp-json\/wp\/v2\/product"}],"about":[{"href":"https:\/\/www.demusculos.com\/web\/wp-json\/wp\/v2\/types\/product"}],"replies":[{"embeddable":true,"href":"https:\/\/www.demusculos.com\/web\/wp-json\/wp\/v2\/comments?post=2334"}],"wp:featuredmedia":[{"embeddable":true,"href":"https:\/\/www.demusculos.com\/web\/wp-json\/wp\/v2\/media\/18647"}],"wp:attachment":[{"href":"https:\/\/www.demusculos.com\/web\/wp-json\/wp\/v2\/media?parent=2334"}],"wp:term":[{"taxonomy":"product_brand","embeddable":true,"href":"https:\/\/www.demusculos.com\/web\/wp-json\/wp\/v2\/product_brand?post=2334"},{"taxonomy":"product_cat","embeddable":true,"href":"https:\/\/www.demusculos.com\/web\/wp-json\/wp\/v2\/product_cat?post=2334"},{"taxonomy":"product_tag","embeddable":true,"href":"https:\/\/www.demusculos.com\/web\/wp-json\/wp\/v2\/product_tag?post=2334"}],"curies":[{"name":"wp","href":"https:\/\/api.w.org\/{rel}","templated":true}]}}