{"id":2338,"date":"2024-03-08T23:00:33","date_gmt":"2024-03-09T02:00:33","guid":{"rendered":"https:\/\/www.demusculos.com\/web\/?post_type=product&#038;p=2338"},"modified":"2026-03-04T14:26:22","modified_gmt":"2026-03-04T17:26:22","slug":"glutamina-250-grs-de-gentech","status":"publish","type":"product","link":"https:\/\/www.demusculos.com\/web\/producto\/glutamina-250-grs-de-gentech\/","title":{"rendered":"Glutamina 250 grs de Gentech"},"content":{"rendered":"<h2><img fetchpriority=\"high\" decoding=\"async\" class=\"alignnone size-full wp-image-7773\" src=\"https:\/\/www.demusculos.com\/web\/wp-content\/uploads\/2024\/03\/glutamina-250-grs-de-gentech-2.jpg\" alt=\"Glutamina 250 grs de Gentech\" width=\"1080\" height=\"1080\" srcset=\"https:\/\/www.demusculos.com\/web\/wp-content\/uploads\/2024\/03\/glutamina-250-grs-de-gentech-2.jpg 1080w, https:\/\/www.demusculos.com\/web\/wp-content\/uploads\/2024\/03\/glutamina-250-grs-de-gentech-2-300x300.jpg 300w, https:\/\/www.demusculos.com\/web\/wp-content\/uploads\/2024\/03\/glutamina-250-grs-de-gentech-2-150x150.jpg 150w, https:\/\/www.demusculos.com\/web\/wp-content\/uploads\/2024\/03\/glutamina-250-grs-de-gentech-2-800x800.jpg 800w, https:\/\/www.demusculos.com\/web\/wp-content\/uploads\/2024\/03\/glutamina-250-grs-de-gentech-2-1024x1024.jpg 1024w, https:\/\/www.demusculos.com\/web\/wp-content\/uploads\/2024\/03\/glutamina-250-grs-de-gentech-2-768x768.jpg 768w\" sizes=\"(max-width: 1080px) 100vw, 1080px\" \/>Glutamina<\/h2>\n<p>Glutamina 250 grs de Gentech es ideal para recuperaci\u00f3n muscular y rendimiento.<\/p>\n<figure id=\"attachment_216\" aria-describedby=\"caption-attachment-216\" style=\"width: 446px\" class=\"wp-caption alignnone\"><img decoding=\"async\" class=\"size-full wp-image-216\" src=\"https:\/\/www.demusculos.com\/web\/wp-content\/uploads\/2024\/02\/logo-marca-gentech.png\" alt=\"Suplementos Naturales Gentech\" width=\"446\" height=\"103\" srcset=\"https:\/\/www.demusculos.com\/web\/wp-content\/uploads\/2024\/02\/logo-marca-gentech.png 446w, https:\/\/www.demusculos.com\/web\/wp-content\/uploads\/2024\/02\/logo-marca-gentech-300x69.png 300w, https:\/\/www.demusculos.com\/web\/wp-content\/uploads\/2024\/02\/logo-marca-gentech-150x35.png 150w, https:\/\/www.demusculos.com\/web\/wp-content\/uploads\/2024\/02\/logo-marca-gentech-416x96.png 416w\" sizes=\"(max-width: 446px) 100vw, 446px\" \/><figcaption id=\"caption-attachment-216\" class=\"wp-caption-text\"><strong>Gentech: Suplementaci\u00f3n natural deportiva.<\/strong><\/figcaption><\/figure>\n<p>La glutamina de Gentech, un amino\u00e1cido esencial, mejora la recuperaci\u00f3n muscular, refuerza el sistema inmunol\u00f3gico y apoya la salud gastrointestinal. Adem\u00e1s, reduce la fatiga, favorece la s\u00edntesis proteica y puede mejorar la funci\u00f3n cerebral. Estos beneficios son especialmente valiosos a la hora de entrenar, optimizando tus resultados y rendimiento deportivo.<\/p>\n<p>&nbsp;<\/p>\n<p><strong>Glutamina Micronizada Gentech. Amino\u00e1cido esencial.<\/strong><br \/>\nLa glutamina es un componente esencial en la s\u00edntesis de prote\u00ednas, un proceso fundamental para el crecimiento y la reparaci\u00f3n muscular. Si entrenas de forma intensa la L-glutamine jugar\u00e1 un papel crucial en la construcci\u00f3n y recuperaci\u00f3n de tus m\u00fasculos.<\/p>\n<h2><img decoding=\"async\" class=\"alignnone size-full wp-image-7772\" src=\"https:\/\/www.demusculos.com\/web\/wp-content\/uploads\/2024\/03\/glutamina-250-grs-de-gentech-1.jpg\" alt=\"Glutamina 250 grs de Gentech\" width=\"1080\" height=\"1080\" srcset=\"https:\/\/www.demusculos.com\/web\/wp-content\/uploads\/2024\/03\/glutamina-250-grs-de-gentech-1.jpg 1080w, https:\/\/www.demusculos.com\/web\/wp-content\/uploads\/2024\/03\/glutamina-250-grs-de-gentech-1-300x300.jpg 300w, https:\/\/www.demusculos.com\/web\/wp-content\/uploads\/2024\/03\/glutamina-250-grs-de-gentech-1-150x150.jpg 150w, https:\/\/www.demusculos.com\/web\/wp-content\/uploads\/2024\/03\/glutamina-250-grs-de-gentech-1-800x800.jpg 800w, https:\/\/www.demusculos.com\/web\/wp-content\/uploads\/2024\/03\/glutamina-250-grs-de-gentech-1-1024x1024.jpg 1024w, https:\/\/www.demusculos.com\/web\/wp-content\/uploads\/2024\/03\/glutamina-250-grs-de-gentech-1-768x768.jpg 768w\" sizes=\"(max-width: 1080px) 100vw, 1080px\" \/><\/h2>\n<figure id=\"attachment_2311\" aria-describedby=\"caption-attachment-2311\" style=\"width: 300px\" class=\"wp-caption alignnone\"><img loading=\"lazy\" decoding=\"async\" class=\"size-full wp-image-2311\" src=\"https:\/\/www.demusculos.com\/web\/wp-content\/uploads\/2024\/03\/icon-sin-sabor.png\" alt=\"Producto sin sabor. Polvo.\" width=\"300\" height=\"300\" srcset=\"https:\/\/www.demusculos.com\/web\/wp-content\/uploads\/2024\/03\/icon-sin-sabor.png 300w, https:\/\/www.demusculos.com\/web\/wp-content\/uploads\/2024\/03\/icon-sin-sabor-150x150.png 150w\" sizes=\"(max-width: 300px) 100vw, 300px\" \/><figcaption id=\"caption-attachment-2311\" class=\"wp-caption-text\">Este producto no tiene sabor. Se puede mezclar con prote\u00ednas, jugos, agua, etc.<\/figcaption><\/figure>\n<p><strong>\u00bfPara qu\u00e9 sirve la Glutamina Micronizada de Gentech?<\/strong><br \/>\nEl producto te ayudar\u00e1 con tu recuperaci\u00f3n de forma r\u00e1pida, reparando aquellos tejidos da\u00f1ados y previniendo la p\u00e9rdida de masa muscular. Tambi\u00e9n te permitir\u00e1 entrenar m\u00e1s duro durante m\u00e1s tiempo. Ya que retrasa la aparici\u00f3n de fatiga, mejorando la performance muscular y fortaleciendo el sistema inmunol\u00f3gico.<\/p>\n<p><strong>\u00bfC\u00f3mo y cuando tomar?<\/strong><br \/>\nSe recomienda tomar para despu\u00e9s del entrenamiento y se puede tomar con o sin comida, para evitar una disminuci\u00f3n de sus efectos de recomienda consumir con agua fr\u00eda, Tambi\u00e9n puedes dividir a lo largo de tu jornada en 4 tomas: reci\u00e9n levantado, antes de entrenar, despu\u00e9s de entrenar y antes de dormir.<\/p>\n<p><img loading=\"lazy\" decoding=\"async\" class=\"alignnone size-full wp-image-7778\" src=\"https:\/\/www.demusculos.com\/web\/wp-content\/uploads\/2024\/03\/glutamina-250-grs-de-gentech-7.jpg\" alt=\"Para todos los deportes\" width=\"1080\" height=\"1080\" srcset=\"https:\/\/www.demusculos.com\/web\/wp-content\/uploads\/2024\/03\/glutamina-250-grs-de-gentech-7.jpg 1080w, https:\/\/www.demusculos.com\/web\/wp-content\/uploads\/2024\/03\/glutamina-250-grs-de-gentech-7-300x300.jpg 300w, https:\/\/www.demusculos.com\/web\/wp-content\/uploads\/2024\/03\/glutamina-250-grs-de-gentech-7-150x150.jpg 150w, https:\/\/www.demusculos.com\/web\/wp-content\/uploads\/2024\/03\/glutamina-250-grs-de-gentech-7-800x800.jpg 800w, https:\/\/www.demusculos.com\/web\/wp-content\/uploads\/2024\/03\/glutamina-250-grs-de-gentech-7-1024x1024.jpg 1024w, https:\/\/www.demusculos.com\/web\/wp-content\/uploads\/2024\/03\/glutamina-250-grs-de-gentech-7-768x768.jpg 768w\" sizes=\"(max-width: 1080px) 100vw, 1080px\" \/><\/p>\n<p><img loading=\"lazy\" decoding=\"async\" class=\"alignnone size-full wp-image-7777\" src=\"https:\/\/www.demusculos.com\/web\/wp-content\/uploads\/2024\/03\/glutamina-250-grs-de-gentech-6.jpg\" alt=\"M\u00e1s data\" width=\"1080\" height=\"1080\" srcset=\"https:\/\/www.demusculos.com\/web\/wp-content\/uploads\/2024\/03\/glutamina-250-grs-de-gentech-6.jpg 1080w, https:\/\/www.demusculos.com\/web\/wp-content\/uploads\/2024\/03\/glutamina-250-grs-de-gentech-6-300x300.jpg 300w, https:\/\/www.demusculos.com\/web\/wp-content\/uploads\/2024\/03\/glutamina-250-grs-de-gentech-6-150x150.jpg 150w, https:\/\/www.demusculos.com\/web\/wp-content\/uploads\/2024\/03\/glutamina-250-grs-de-gentech-6-800x800.jpg 800w, https:\/\/www.demusculos.com\/web\/wp-content\/uploads\/2024\/03\/glutamina-250-grs-de-gentech-6-1024x1024.jpg 1024w, https:\/\/www.demusculos.com\/web\/wp-content\/uploads\/2024\/03\/glutamina-250-grs-de-gentech-6-768x768.jpg 768w\" sizes=\"(max-width: 1080px) 100vw, 1080px\" \/><\/p>\n<p><img loading=\"lazy\" decoding=\"async\" class=\"alignnone size-full wp-image-7776\" src=\"https:\/\/www.demusculos.com\/web\/wp-content\/uploads\/2024\/03\/glutamina-250-grs-de-gentech-5.jpg\" alt=\"Informaci\u00f3n nutricional\" width=\"1080\" height=\"1080\" srcset=\"https:\/\/www.demusculos.com\/web\/wp-content\/uploads\/2024\/03\/glutamina-250-grs-de-gentech-5.jpg 1080w, https:\/\/www.demusculos.com\/web\/wp-content\/uploads\/2024\/03\/glutamina-250-grs-de-gentech-5-300x300.jpg 300w, https:\/\/www.demusculos.com\/web\/wp-content\/uploads\/2024\/03\/glutamina-250-grs-de-gentech-5-150x150.jpg 150w, https:\/\/www.demusculos.com\/web\/wp-content\/uploads\/2024\/03\/glutamina-250-grs-de-gentech-5-800x800.jpg 800w, https:\/\/www.demusculos.com\/web\/wp-content\/uploads\/2024\/03\/glutamina-250-grs-de-gentech-5-1024x1024.jpg 1024w, https:\/\/www.demusculos.com\/web\/wp-content\/uploads\/2024\/03\/glutamina-250-grs-de-gentech-5-768x768.jpg 768w\" sizes=\"(max-width: 1080px) 100vw, 1080px\" \/><\/p>\n<p><img loading=\"lazy\" decoding=\"async\" class=\"alignnone size-full wp-image-7775\" src=\"https:\/\/www.demusculos.com\/web\/wp-content\/uploads\/2024\/03\/glutamina-250-grs-de-gentech-4.jpg\" alt=\"M\u00e1s beneficios\" width=\"1080\" height=\"1080\" srcset=\"https:\/\/www.demusculos.com\/web\/wp-content\/uploads\/2024\/03\/glutamina-250-grs-de-gentech-4.jpg 1080w, https:\/\/www.demusculos.com\/web\/wp-content\/uploads\/2024\/03\/glutamina-250-grs-de-gentech-4-300x300.jpg 300w, https:\/\/www.demusculos.com\/web\/wp-content\/uploads\/2024\/03\/glutamina-250-grs-de-gentech-4-150x150.jpg 150w, https:\/\/www.demusculos.com\/web\/wp-content\/uploads\/2024\/03\/glutamina-250-grs-de-gentech-4-800x800.jpg 800w, https:\/\/www.demusculos.com\/web\/wp-content\/uploads\/2024\/03\/glutamina-250-grs-de-gentech-4-1024x1024.jpg 1024w, https:\/\/www.demusculos.com\/web\/wp-content\/uploads\/2024\/03\/glutamina-250-grs-de-gentech-4-768x768.jpg 768w\" sizes=\"(max-width: 1080px) 100vw, 1080px\" \/><\/p>\n<p><img loading=\"lazy\" decoding=\"async\" class=\"alignnone size-full wp-image-7774\" src=\"https:\/\/www.demusculos.com\/web\/wp-content\/uploads\/2024\/03\/glutamina-250-grs-de-gentech-3.jpg\" alt=\"Beneficios\" width=\"1080\" height=\"1080\" srcset=\"https:\/\/www.demusculos.com\/web\/wp-content\/uploads\/2024\/03\/glutamina-250-grs-de-gentech-3.jpg 1080w, https:\/\/www.demusculos.com\/web\/wp-content\/uploads\/2024\/03\/glutamina-250-grs-de-gentech-3-300x300.jpg 300w, https:\/\/www.demusculos.com\/web\/wp-content\/uploads\/2024\/03\/glutamina-250-grs-de-gentech-3-150x150.jpg 150w, https:\/\/www.demusculos.com\/web\/wp-content\/uploads\/2024\/03\/glutamina-250-grs-de-gentech-3-800x800.jpg 800w, https:\/\/www.demusculos.com\/web\/wp-content\/uploads\/2024\/03\/glutamina-250-grs-de-gentech-3-1024x1024.jpg 1024w, https:\/\/www.demusculos.com\/web\/wp-content\/uploads\/2024\/03\/glutamina-250-grs-de-gentech-3-768x768.jpg 768w\" sizes=\"(max-width: 1080px) 100vw, 1080px\" \/><\/p>\n","protected":false},"excerpt":{"rendered":"<p>Recuperador muscular sin sabor<\/p>\n","protected":false},"featured_media":2339,"comment_status":"closed","ping_status":"closed","template":"","meta":[],"product_brand":[222],"product_cat":[54],"product_tag":[21,79],"class_list":{"0":"post-2338","1":"product","2":"type-product","3":"status-publish","4":"has-post-thumbnail","6":"product_brand-gentech","7":"product_cat-glutamina","8":"product_tag-gentech","9":"product_tag-recuperacion","11":"first","12":"instock","13":"sale","14":"shipping-taxable","15":"purchasable","16":"product-type-simple"},"yoast_head":"<!-- This site is optimized with the Yoast SEO plugin v27.5 - https:\/\/yoast.com\/product\/yoast-seo-wordpress\/ -->\n<title>Glutamina | 250 grs | Gentech | Masa Muscular | DeMusculos.com<\/title>\n<meta name=\"description\" content=\"La Glutamina 250 grs de Gentech ayuda a maximizar la recuperaci\u00f3n muscular. A mayor recuperaci\u00f3n muscular, m\u00e1s es el aumento muscular.\" \/>\n<meta name=\"robots\" content=\"index, follow, max-snippet:-1, max-image-preview:large, max-video-preview:-1\" \/>\n<link rel=\"canonical\" href=\"https:\/\/www.demusculos.com\/web\/producto\/glutamina-250-grs-de-gentech\/\" \/>\n<meta property=\"og:locale\" content=\"es_ES\" \/>\n<meta property=\"og:type\" content=\"article\" \/>\n<meta property=\"og:title\" content=\"Glutamina | 250 grs | Gentech | Masa Muscular | DeMusculos.com\" \/>\n<meta property=\"og:description\" content=\"La Glutamina 250 grs de Gentech ayuda a maximizar la recuperaci\u00f3n muscular. A mayor recuperaci\u00f3n muscular, m\u00e1s es el aumento muscular.\" \/>\n<meta property=\"og:url\" content=\"https:\/\/www.demusculos.com\/web\/producto\/glutamina-250-grs-de-gentech\/\" \/>\n<meta property=\"og:site_name\" content=\"DeMusculos\" \/>\n<meta property=\"article:publisher\" content=\"https:\/\/www.facebook.com\/demusculos\" \/>\n<meta property=\"article:modified_time\" content=\"2026-03-04T17:26:22+00:00\" \/>\n<meta property=\"og:image\" content=\"https:\/\/www.demusculos.com\/web\/wp-content\/uploads\/2024\/03\/glutamina-250grs-gentech.jpg\" \/>\n\t<meta property=\"og:image:width\" content=\"1200\" \/>\n\t<meta property=\"og:image:height\" content=\"1200\" \/>\n\t<meta property=\"og:image:type\" content=\"image\/jpeg\" \/>\n<meta name=\"twitter:card\" content=\"summary_large_image\" \/>\n<meta name=\"twitter:site\" content=\"@demusculos\" \/>\n<meta name=\"twitter:label1\" content=\"Tiempo de lectura\" \/>\n\t<meta name=\"twitter:data1\" content=\"4 minutos\" \/>\n<script type=\"application\/ld+json\" class=\"yoast-schema-graph\">{\"@context\":\"https:\\\/\\\/schema.org\",\"@graph\":[{\"@type\":\"WebPage\",\"@id\":\"https:\\\/\\\/www.demusculos.com\\\/web\\\/producto\\\/glutamina-250-grs-de-gentech\\\/\",\"url\":\"https:\\\/\\\/www.demusculos.com\\\/web\\\/producto\\\/glutamina-250-grs-de-gentech\\\/\",\"name\":\"Glutamina | 250 grs | Gentech | Masa Muscular | DeMusculos.com\",\"isPartOf\":{\"@id\":\"https:\\\/\\\/www.demusculos.com\\\/web\\\/#website\"},\"primaryImageOfPage\":{\"@id\":\"https:\\\/\\\/www.demusculos.com\\\/web\\\/producto\\\/glutamina-250-grs-de-gentech\\\/#primaryimage\"},\"image\":{\"@id\":\"https:\\\/\\\/www.demusculos.com\\\/web\\\/producto\\\/glutamina-250-grs-de-gentech\\\/#primaryimage\"},\"thumbnailUrl\":\"https:\\\/\\\/www.demusculos.com\\\/web\\\/wp-content\\\/uploads\\\/2024\\\/03\\\/glutamina-250grs-gentech.jpg\",\"datePublished\":\"2024-03-09T02:00:33+00:00\",\"dateModified\":\"2026-03-04T17:26:22+00:00\",\"description\":\"La Glutamina 250 grs de Gentech ayuda a maximizar la recuperaci\u00f3n muscular. A mayor recuperaci\u00f3n muscular, m\u00e1s es el aumento muscular.\",\"breadcrumb\":{\"@id\":\"https:\\\/\\\/www.demusculos.com\\\/web\\\/producto\\\/glutamina-250-grs-de-gentech\\\/#breadcrumb\"},\"inLanguage\":\"es\",\"potentialAction\":[{\"@type\":\"ReadAction\",\"target\":[\"https:\\\/\\\/www.demusculos.com\\\/web\\\/producto\\\/glutamina-250-grs-de-gentech\\\/\"]}]},{\"@type\":\"ImageObject\",\"inLanguage\":\"es\",\"@id\":\"https:\\\/\\\/www.demusculos.com\\\/web\\\/producto\\\/glutamina-250-grs-de-gentech\\\/#primaryimage\",\"url\":\"https:\\\/\\\/www.demusculos.com\\\/web\\\/wp-content\\\/uploads\\\/2024\\\/03\\\/glutamina-250grs-gentech.jpg\",\"contentUrl\":\"https:\\\/\\\/www.demusculos.com\\\/web\\\/wp-content\\\/uploads\\\/2024\\\/03\\\/glutamina-250grs-gentech.jpg\",\"width\":1200,\"height\":1200,\"caption\":\"Glutamina 250 grs de Gentech\"},{\"@type\":\"BreadcrumbList\",\"@id\":\"https:\\\/\\\/www.demusculos.com\\\/web\\\/producto\\\/glutamina-250-grs-de-gentech\\\/#breadcrumb\",\"itemListElement\":[{\"@type\":\"ListItem\",\"position\":1,\"name\":\"Inicio\",\"item\":\"https:\\\/\\\/www.demusculos.com\\\/web\\\/\"},{\"@type\":\"ListItem\",\"position\":2,\"name\":\"Suplementos\",\"item\":\"https:\\\/\\\/www.demusculos.com\\\/web\\\/tienda\\\/\"},{\"@type\":\"ListItem\",\"position\":3,\"name\":\"Glutamina 250 grs de Gentech\"}]},{\"@type\":\"WebSite\",\"@id\":\"https:\\\/\\\/www.demusculos.com\\\/web\\\/#website\",\"url\":\"https:\\\/\\\/www.demusculos.com\\\/web\\\/\",\"name\":\"DeMusculos.com\",\"description\":\"Suplementos Naturales\",\"publisher\":{\"@id\":\"https:\\\/\\\/www.demusculos.com\\\/web\\\/#organization\"},\"alternateName\":\"Suplementos Naturales\",\"potentialAction\":[{\"@type\":\"SearchAction\",\"target\":{\"@type\":\"EntryPoint\",\"urlTemplate\":\"https:\\\/\\\/www.demusculos.com\\\/web\\\/?s={search_term_string}\"},\"query-input\":{\"@type\":\"PropertyValueSpecification\",\"valueRequired\":true,\"valueName\":\"search_term_string\"}}],\"inLanguage\":\"es\"},{\"@type\":\"Organization\",\"@id\":\"https:\\\/\\\/www.demusculos.com\\\/web\\\/#organization\",\"name\":\"DeMusculos.com\",\"alternateName\":\"DeMusculos\",\"url\":\"https:\\\/\\\/www.demusculos.com\\\/web\\\/\",\"logo\":{\"@type\":\"ImageObject\",\"inLanguage\":\"es\",\"@id\":\"https:\\\/\\\/www.demusculos.com\\\/web\\\/#\\\/schema\\\/logo\\\/image\\\/\",\"url\":\"https:\\\/\\\/www.demusculos.com\\\/web\\\/wp-content\\\/uploads\\\/2024\\\/02\\\/logo-demusculos-prestashop-usuario.png\",\"contentUrl\":\"https:\\\/\\\/www.demusculos.com\\\/web\\\/wp-content\\\/uploads\\\/2024\\\/02\\\/logo-demusculos-prestashop-usuario.png\",\"width\":150,\"height\":150,\"caption\":\"DeMusculos.com\"},\"image\":{\"@id\":\"https:\\\/\\\/www.demusculos.com\\\/web\\\/#\\\/schema\\\/logo\\\/image\\\/\"},\"sameAs\":[\"https:\\\/\\\/www.facebook.com\\\/demusculos\",\"https:\\\/\\\/x.com\\\/demusculos\",\"https:\\\/\\\/www.instagram.com\\\/demusculos\",\"https:\\\/\\\/www.tiktok.com\\\/@demusculos.com\"]}]}<\/script>\n<!-- \/ Yoast SEO plugin. -->","yoast_head_json":{"title":"Glutamina | 250 grs | Gentech | Masa Muscular | DeMusculos.com","description":"La Glutamina 250 grs de Gentech ayuda a maximizar la recuperaci\u00f3n muscular. A mayor recuperaci\u00f3n muscular, m\u00e1s es el aumento muscular.","robots":{"index":"index","follow":"follow","max-snippet":"max-snippet:-1","max-image-preview":"max-image-preview:large","max-video-preview":"max-video-preview:-1"},"canonical":"https:\/\/www.demusculos.com\/web\/producto\/glutamina-250-grs-de-gentech\/","og_locale":"es_ES","og_type":"article","og_title":"Glutamina | 250 grs | Gentech | Masa Muscular | DeMusculos.com","og_description":"La Glutamina 250 grs de Gentech ayuda a maximizar la recuperaci\u00f3n muscular. A mayor recuperaci\u00f3n muscular, m\u00e1s es el aumento muscular.","og_url":"https:\/\/www.demusculos.com\/web\/producto\/glutamina-250-grs-de-gentech\/","og_site_name":"DeMusculos","article_publisher":"https:\/\/www.facebook.com\/demusculos","article_modified_time":"2026-03-04T17:26:22+00:00","og_image":[{"width":1200,"height":1200,"url":"https:\/\/www.demusculos.com\/web\/wp-content\/uploads\/2024\/03\/glutamina-250grs-gentech.jpg","type":"image\/jpeg"}],"twitter_card":"summary_large_image","twitter_site":"@demusculos","twitter_misc":{"Tiempo de lectura":"4 minutos"},"schema":{"@context":"https:\/\/schema.org","@graph":[{"@type":"WebPage","@id":"https:\/\/www.demusculos.com\/web\/producto\/glutamina-250-grs-de-gentech\/","url":"https:\/\/www.demusculos.com\/web\/producto\/glutamina-250-grs-de-gentech\/","name":"Glutamina | 250 grs | Gentech | Masa Muscular | DeMusculos.com","isPartOf":{"@id":"https:\/\/www.demusculos.com\/web\/#website"},"primaryImageOfPage":{"@id":"https:\/\/www.demusculos.com\/web\/producto\/glutamina-250-grs-de-gentech\/#primaryimage"},"image":{"@id":"https:\/\/www.demusculos.com\/web\/producto\/glutamina-250-grs-de-gentech\/#primaryimage"},"thumbnailUrl":"https:\/\/www.demusculos.com\/web\/wp-content\/uploads\/2024\/03\/glutamina-250grs-gentech.jpg","datePublished":"2024-03-09T02:00:33+00:00","dateModified":"2026-03-04T17:26:22+00:00","description":"La Glutamina 250 grs de Gentech ayuda a maximizar la recuperaci\u00f3n muscular. A mayor recuperaci\u00f3n muscular, m\u00e1s es el aumento muscular.","breadcrumb":{"@id":"https:\/\/www.demusculos.com\/web\/producto\/glutamina-250-grs-de-gentech\/#breadcrumb"},"inLanguage":"es","potentialAction":[{"@type":"ReadAction","target":["https:\/\/www.demusculos.com\/web\/producto\/glutamina-250-grs-de-gentech\/"]}]},{"@type":"ImageObject","inLanguage":"es","@id":"https:\/\/www.demusculos.com\/web\/producto\/glutamina-250-grs-de-gentech\/#primaryimage","url":"https:\/\/www.demusculos.com\/web\/wp-content\/uploads\/2024\/03\/glutamina-250grs-gentech.jpg","contentUrl":"https:\/\/www.demusculos.com\/web\/wp-content\/uploads\/2024\/03\/glutamina-250grs-gentech.jpg","width":1200,"height":1200,"caption":"Glutamina 250 grs de Gentech"},{"@type":"BreadcrumbList","@id":"https:\/\/www.demusculos.com\/web\/producto\/glutamina-250-grs-de-gentech\/#breadcrumb","itemListElement":[{"@type":"ListItem","position":1,"name":"Inicio","item":"https:\/\/www.demusculos.com\/web\/"},{"@type":"ListItem","position":2,"name":"Suplementos","item":"https:\/\/www.demusculos.com\/web\/tienda\/"},{"@type":"ListItem","position":3,"name":"Glutamina 250 grs de Gentech"}]},{"@type":"WebSite","@id":"https:\/\/www.demusculos.com\/web\/#website","url":"https:\/\/www.demusculos.com\/web\/","name":"DeMusculos.com","description":"Suplementos Naturales","publisher":{"@id":"https:\/\/www.demusculos.com\/web\/#organization"},"alternateName":"Suplementos Naturales","potentialAction":[{"@type":"SearchAction","target":{"@type":"EntryPoint","urlTemplate":"https:\/\/www.demusculos.com\/web\/?s={search_term_string}"},"query-input":{"@type":"PropertyValueSpecification","valueRequired":true,"valueName":"search_term_string"}}],"inLanguage":"es"},{"@type":"Organization","@id":"https:\/\/www.demusculos.com\/web\/#organization","name":"DeMusculos.com","alternateName":"DeMusculos","url":"https:\/\/www.demusculos.com\/web\/","logo":{"@type":"ImageObject","inLanguage":"es","@id":"https:\/\/www.demusculos.com\/web\/#\/schema\/logo\/image\/","url":"https:\/\/www.demusculos.com\/web\/wp-content\/uploads\/2024\/02\/logo-demusculos-prestashop-usuario.png","contentUrl":"https:\/\/www.demusculos.com\/web\/wp-content\/uploads\/2024\/02\/logo-demusculos-prestashop-usuario.png","width":150,"height":150,"caption":"DeMusculos.com"},"image":{"@id":"https:\/\/www.demusculos.com\/web\/#\/schema\/logo\/image\/"},"sameAs":["https:\/\/www.facebook.com\/demusculos","https:\/\/x.com\/demusculos","https:\/\/www.instagram.com\/demusculos","https:\/\/www.tiktok.com\/@demusculos.com"]}]}},"_links":{"self":[{"href":"https:\/\/www.demusculos.com\/web\/wp-json\/wp\/v2\/product\/2338","targetHints":{"allow":["GET"]}}],"collection":[{"href":"https:\/\/www.demusculos.com\/web\/wp-json\/wp\/v2\/product"}],"about":[{"href":"https:\/\/www.demusculos.com\/web\/wp-json\/wp\/v2\/types\/product"}],"replies":[{"embeddable":true,"href":"https:\/\/www.demusculos.com\/web\/wp-json\/wp\/v2\/comments?post=2338"}],"wp:featuredmedia":[{"embeddable":true,"href":"https:\/\/www.demusculos.com\/web\/wp-json\/wp\/v2\/media\/2339"}],"wp:attachment":[{"href":"https:\/\/www.demusculos.com\/web\/wp-json\/wp\/v2\/media?parent=2338"}],"wp:term":[{"taxonomy":"product_brand","embeddable":true,"href":"https:\/\/www.demusculos.com\/web\/wp-json\/wp\/v2\/product_brand?post=2338"},{"taxonomy":"product_cat","embeddable":true,"href":"https:\/\/www.demusculos.com\/web\/wp-json\/wp\/v2\/product_cat?post=2338"},{"taxonomy":"product_tag","embeddable":true,"href":"https:\/\/www.demusculos.com\/web\/wp-json\/wp\/v2\/product_tag?post=2338"}],"curies":[{"name":"wp","href":"https:\/\/api.w.org\/{rel}","templated":true}]}}