{"id":2441,"date":"2024-03-09T19:20:14","date_gmt":"2024-03-09T22:20:14","guid":{"rendered":"https:\/\/www.demusculos.com\/web\/?post_type=product&#038;p=2441"},"modified":"2026-02-01T20:01:52","modified_gmt":"2026-02-01T23:01:52","slug":"vaso-mezclador-o-shaker-bpa-free-500-ml-game-of-thrones","status":"publish","type":"product","link":"https:\/\/www.demusculos.com\/web\/producto\/vaso-mezclador-o-shaker-bpa-free-500-ml-game-of-thrones\/","title":{"rendered":"Vaso Mezclador o Shaker BPA FREE 500 ml GAME OF THRONES"},"content":{"rendered":"<h1>Vaso no t\u00f3xico <strong>GAME OF THRONES<\/strong><\/h1>\n<h2>Con anti grumo incluido<\/h2>\n<p>Vaso mezclador o shaker. Para preparar tus licuados de prote\u00ednas, amino\u00e1cidos y creatinas.<\/p>\n<ul>\n<li>Tapa a rosca<\/li>\n<li>Resorte de acero inoxidable que funciona como anti grumo<\/li>\n<li>Pico vertedor y tapa a presi\u00f3n para el pico vertedor<\/li>\n<\/ul>\n<p>Motivo: <strong>GAME OF THRONES<\/strong><\/p>\n<div class=\"mceTemp\"><\/div>\n<figure id=\"attachment_2438\" aria-describedby=\"caption-attachment-2438\" style=\"width: 300px\" class=\"wp-caption alignnone\"><img fetchpriority=\"high\" decoding=\"async\" class=\"size-full wp-image-2438\" src=\"https:\/\/www.demusculos.com\/web\/wp-content\/uploads\/2024\/03\/icono-plastico-no-toxico-bpa-free-shaker-vasos.png\" alt=\"Este tipo de shaker \/ vaso mezclador se elabora con pl\u00e1stico no toxico BPA Free.\" width=\"300\" height=\"300\" srcset=\"https:\/\/www.demusculos.com\/web\/wp-content\/uploads\/2024\/03\/icono-plastico-no-toxico-bpa-free-shaker-vasos.png 300w, https:\/\/www.demusculos.com\/web\/wp-content\/uploads\/2024\/03\/icono-plastico-no-toxico-bpa-free-shaker-vasos-150x150.png 150w\" sizes=\"(max-width: 300px) 100vw, 300px\" \/><figcaption id=\"caption-attachment-2438\" class=\"wp-caption-text\">Este tipo de shaker \/ vaso mezclador se elabora con pl\u00e1stico no toxico BPA Free. No toman olor.<\/figcaption><\/figure>\n<div class=\"mceTemp\"><\/div>\n<p>Confeccionado en pl\u00e1stico BPA FREE, esto quiere decir que es un pl\u00e1stico que utiliza un pol\u00edmero no t\u00f3xico.<\/p>\n<p>Tampoco toman olor con el correr del tiempo. El vaso mezclador incluye tapa a rosca, pico con tapa a presi\u00f3n, resorte de acero inoxidable para desintegrar los grupos de prote\u00ednas, amino\u00e1cidos o creatinas.<\/p>\n<figure id=\"attachment_2436\" aria-describedby=\"caption-attachment-2436\" style=\"width: 300px\" class=\"wp-caption alignnone\"><img decoding=\"async\" class=\"size-full wp-image-2436\" src=\"https:\/\/www.demusculos.com\/web\/wp-content\/uploads\/2024\/03\/icono-resorte-anti-grumos-shaker.png\" alt=\"Incluye tapa pl\u00e1stica interna con rejilla anti grumos o un resorte de acero inoxidable que romper los grumos de tu licuado\" width=\"300\" height=\"300\" srcset=\"https:\/\/www.demusculos.com\/web\/wp-content\/uploads\/2024\/03\/icono-resorte-anti-grumos-shaker.png 300w, https:\/\/www.demusculos.com\/web\/wp-content\/uploads\/2024\/03\/icono-resorte-anti-grumos-shaker-150x150.png 150w\" sizes=\"(max-width: 300px) 100vw, 300px\" \/><figcaption id=\"caption-attachment-2436\" class=\"wp-caption-text\">Incluye tapa pl\u00e1stica interna con rejilla anti grumos o un resorte de acero inoxidable que romper los grumos de tu licuado<\/figcaption><\/figure>\n","protected":false},"excerpt":{"rendered":"<p>Vaso mezclador no t\u00f3xico. Motivo de <strong>GAME OF THRONES<\/strong>. Incluye un resorte anti grumos.<\/p>\n","protected":false},"featured_media":2448,"comment_status":"closed","ping_status":"closed","template":"","meta":[],"product_brand":[],"product_cat":[120],"product_tag":[122,121,123],"class_list":{"0":"post-2441","1":"product","2":"type-product","3":"status-publish","4":"has-post-thumbnail","6":"product_cat-accesorios","7":"product_tag-shaker","8":"product_tag-shark","9":"product_tag-vaso","11":"first","12":"instock","13":"sale","14":"shipping-taxable","15":"purchasable","16":"product-type-simple"},"yoast_head":"<!-- This site is optimized with the Yoast SEO plugin v27.4 - https:\/\/yoast.com\/product\/yoast-seo-wordpress\/ -->\n<title>Vaso | Shaker | 500 ml | Game of Thrones | Bpa Free<\/title>\n<meta name=\"description\" content=\"Vaso mezclador. Para preparar los licuados de prote\u00edna, creatina y amino\u00e1cidos nada mejor que el nuevo Vaso BPA FREE 500 ml GAME OF THRONES. BPA. No t\u00f3xico.\" \/>\n<meta name=\"robots\" content=\"index, follow, max-snippet:-1, max-image-preview:large, max-video-preview:-1\" \/>\n<link rel=\"canonical\" href=\"https:\/\/www.demusculos.com\/web\/producto\/vaso-mezclador-o-shaker-bpa-free-500-ml-game-of-thrones\/\" \/>\n<meta property=\"og:locale\" content=\"es_ES\" \/>\n<meta property=\"og:type\" content=\"article\" \/>\n<meta property=\"og:title\" content=\"Vaso | Shaker | 500 ml | Game of Thrones | Bpa Free\" \/>\n<meta property=\"og:description\" content=\"Vaso mezclador. Para preparar los licuados de prote\u00edna, creatina y amino\u00e1cidos nada mejor que el nuevo Vaso BPA FREE 500 ml GAME OF THRONES. BPA. No t\u00f3xico.\" \/>\n<meta property=\"og:url\" content=\"https:\/\/www.demusculos.com\/web\/producto\/vaso-mezclador-o-shaker-bpa-free-500-ml-game-of-thrones\/\" \/>\n<meta property=\"og:site_name\" content=\"DeMusculos\" \/>\n<meta property=\"article:publisher\" content=\"https:\/\/www.facebook.com\/demusculos\" \/>\n<meta property=\"article:modified_time\" content=\"2026-02-01T23:01:52+00:00\" \/>\n<meta property=\"og:image\" content=\"https:\/\/www.demusculos.com\/web\/wp-content\/uploads\/2024\/03\/vaso-shaker-bpa-free-game-of-thrones-01.jpg\" \/>\n\t<meta property=\"og:image:width\" content=\"800\" \/>\n\t<meta property=\"og:image:height\" content=\"800\" \/>\n\t<meta property=\"og:image:type\" content=\"image\/jpeg\" \/>\n<meta name=\"twitter:card\" content=\"summary_large_image\" \/>\n<meta name=\"twitter:site\" content=\"@demusculos\" \/>\n<meta name=\"twitter:label1\" content=\"Tiempo de lectura\" \/>\n\t<meta name=\"twitter:data1\" content=\"2 minutos\" \/>\n<script type=\"application\/ld+json\" class=\"yoast-schema-graph\">{\"@context\":\"https:\\\/\\\/schema.org\",\"@graph\":[{\"@type\":\"WebPage\",\"@id\":\"https:\\\/\\\/www.demusculos.com\\\/web\\\/producto\\\/vaso-mezclador-o-shaker-bpa-free-500-ml-game-of-thrones\\\/\",\"url\":\"https:\\\/\\\/www.demusculos.com\\\/web\\\/producto\\\/vaso-mezclador-o-shaker-bpa-free-500-ml-game-of-thrones\\\/\",\"name\":\"Vaso | Shaker | 500 ml | Game of Thrones | Bpa Free\",\"isPartOf\":{\"@id\":\"https:\\\/\\\/www.demusculos.com\\\/web\\\/#website\"},\"primaryImageOfPage\":{\"@id\":\"https:\\\/\\\/www.demusculos.com\\\/web\\\/producto\\\/vaso-mezclador-o-shaker-bpa-free-500-ml-game-of-thrones\\\/#primaryimage\"},\"image\":{\"@id\":\"https:\\\/\\\/www.demusculos.com\\\/web\\\/producto\\\/vaso-mezclador-o-shaker-bpa-free-500-ml-game-of-thrones\\\/#primaryimage\"},\"thumbnailUrl\":\"https:\\\/\\\/www.demusculos.com\\\/web\\\/wp-content\\\/uploads\\\/2024\\\/03\\\/vaso-shaker-bpa-free-game-of-thrones-01.jpg\",\"datePublished\":\"2024-03-09T22:20:14+00:00\",\"dateModified\":\"2026-02-01T23:01:52+00:00\",\"description\":\"Vaso mezclador. Para preparar los licuados de prote\u00edna, creatina y amino\u00e1cidos nada mejor que el nuevo Vaso BPA FREE 500 ml GAME OF THRONES. BPA. No t\u00f3xico.\",\"breadcrumb\":{\"@id\":\"https:\\\/\\\/www.demusculos.com\\\/web\\\/producto\\\/vaso-mezclador-o-shaker-bpa-free-500-ml-game-of-thrones\\\/#breadcrumb\"},\"inLanguage\":\"es\",\"potentialAction\":[{\"@type\":\"ReadAction\",\"target\":[\"https:\\\/\\\/www.demusculos.com\\\/web\\\/producto\\\/vaso-mezclador-o-shaker-bpa-free-500-ml-game-of-thrones\\\/\"]}]},{\"@type\":\"ImageObject\",\"inLanguage\":\"es\",\"@id\":\"https:\\\/\\\/www.demusculos.com\\\/web\\\/producto\\\/vaso-mezclador-o-shaker-bpa-free-500-ml-game-of-thrones\\\/#primaryimage\",\"url\":\"https:\\\/\\\/www.demusculos.com\\\/web\\\/wp-content\\\/uploads\\\/2024\\\/03\\\/vaso-shaker-bpa-free-game-of-thrones-01.jpg\",\"contentUrl\":\"https:\\\/\\\/www.demusculos.com\\\/web\\\/wp-content\\\/uploads\\\/2024\\\/03\\\/vaso-shaker-bpa-free-game-of-thrones-01.jpg\",\"width\":800,\"height\":800,\"caption\":\"Vaso Shaker Game Of Thrones\"},{\"@type\":\"BreadcrumbList\",\"@id\":\"https:\\\/\\\/www.demusculos.com\\\/web\\\/producto\\\/vaso-mezclador-o-shaker-bpa-free-500-ml-game-of-thrones\\\/#breadcrumb\",\"itemListElement\":[{\"@type\":\"ListItem\",\"position\":1,\"name\":\"Inicio\",\"item\":\"https:\\\/\\\/www.demusculos.com\\\/web\\\/\"},{\"@type\":\"ListItem\",\"position\":2,\"name\":\"Suplementos\",\"item\":\"https:\\\/\\\/www.demusculos.com\\\/web\\\/tienda\\\/\"},{\"@type\":\"ListItem\",\"position\":3,\"name\":\"Vaso Mezclador o Shaker BPA FREE 500 ml GAME OF THRONES\"}]},{\"@type\":\"WebSite\",\"@id\":\"https:\\\/\\\/www.demusculos.com\\\/web\\\/#website\",\"url\":\"https:\\\/\\\/www.demusculos.com\\\/web\\\/\",\"name\":\"DeMusculos.com\",\"description\":\"Suplementos Naturales\",\"publisher\":{\"@id\":\"https:\\\/\\\/www.demusculos.com\\\/web\\\/#organization\"},\"alternateName\":\"Suplementos Naturales\",\"potentialAction\":[{\"@type\":\"SearchAction\",\"target\":{\"@type\":\"EntryPoint\",\"urlTemplate\":\"https:\\\/\\\/www.demusculos.com\\\/web\\\/?s={search_term_string}\"},\"query-input\":{\"@type\":\"PropertyValueSpecification\",\"valueRequired\":true,\"valueName\":\"search_term_string\"}}],\"inLanguage\":\"es\"},{\"@type\":\"Organization\",\"@id\":\"https:\\\/\\\/www.demusculos.com\\\/web\\\/#organization\",\"name\":\"DeMusculos.com\",\"alternateName\":\"DeMusculos\",\"url\":\"https:\\\/\\\/www.demusculos.com\\\/web\\\/\",\"logo\":{\"@type\":\"ImageObject\",\"inLanguage\":\"es\",\"@id\":\"https:\\\/\\\/www.demusculos.com\\\/web\\\/#\\\/schema\\\/logo\\\/image\\\/\",\"url\":\"https:\\\/\\\/www.demusculos.com\\\/web\\\/wp-content\\\/uploads\\\/2024\\\/02\\\/logo-demusculos-prestashop-usuario.png\",\"contentUrl\":\"https:\\\/\\\/www.demusculos.com\\\/web\\\/wp-content\\\/uploads\\\/2024\\\/02\\\/logo-demusculos-prestashop-usuario.png\",\"width\":150,\"height\":150,\"caption\":\"DeMusculos.com\"},\"image\":{\"@id\":\"https:\\\/\\\/www.demusculos.com\\\/web\\\/#\\\/schema\\\/logo\\\/image\\\/\"},\"sameAs\":[\"https:\\\/\\\/www.facebook.com\\\/demusculos\",\"https:\\\/\\\/x.com\\\/demusculos\",\"https:\\\/\\\/www.instagram.com\\\/demusculos\",\"https:\\\/\\\/www.tiktok.com\\\/@demusculos.com\"]}]}<\/script>\n<!-- \/ Yoast SEO plugin. -->","yoast_head_json":{"title":"Vaso | Shaker | 500 ml | Game of Thrones | Bpa Free","description":"Vaso mezclador. Para preparar los licuados de prote\u00edna, creatina y amino\u00e1cidos nada mejor que el nuevo Vaso BPA FREE 500 ml GAME OF THRONES. BPA. No t\u00f3xico.","robots":{"index":"index","follow":"follow","max-snippet":"max-snippet:-1","max-image-preview":"max-image-preview:large","max-video-preview":"max-video-preview:-1"},"canonical":"https:\/\/www.demusculos.com\/web\/producto\/vaso-mezclador-o-shaker-bpa-free-500-ml-game-of-thrones\/","og_locale":"es_ES","og_type":"article","og_title":"Vaso | Shaker | 500 ml | Game of Thrones | Bpa Free","og_description":"Vaso mezclador. Para preparar los licuados de prote\u00edna, creatina y amino\u00e1cidos nada mejor que el nuevo Vaso BPA FREE 500 ml GAME OF THRONES. BPA. No t\u00f3xico.","og_url":"https:\/\/www.demusculos.com\/web\/producto\/vaso-mezclador-o-shaker-bpa-free-500-ml-game-of-thrones\/","og_site_name":"DeMusculos","article_publisher":"https:\/\/www.facebook.com\/demusculos","article_modified_time":"2026-02-01T23:01:52+00:00","og_image":[{"width":800,"height":800,"url":"https:\/\/www.demusculos.com\/web\/wp-content\/uploads\/2024\/03\/vaso-shaker-bpa-free-game-of-thrones-01.jpg","type":"image\/jpeg"}],"twitter_card":"summary_large_image","twitter_site":"@demusculos","twitter_misc":{"Tiempo de lectura":"2 minutos"},"schema":{"@context":"https:\/\/schema.org","@graph":[{"@type":"WebPage","@id":"https:\/\/www.demusculos.com\/web\/producto\/vaso-mezclador-o-shaker-bpa-free-500-ml-game-of-thrones\/","url":"https:\/\/www.demusculos.com\/web\/producto\/vaso-mezclador-o-shaker-bpa-free-500-ml-game-of-thrones\/","name":"Vaso | Shaker | 500 ml | Game of Thrones | Bpa Free","isPartOf":{"@id":"https:\/\/www.demusculos.com\/web\/#website"},"primaryImageOfPage":{"@id":"https:\/\/www.demusculos.com\/web\/producto\/vaso-mezclador-o-shaker-bpa-free-500-ml-game-of-thrones\/#primaryimage"},"image":{"@id":"https:\/\/www.demusculos.com\/web\/producto\/vaso-mezclador-o-shaker-bpa-free-500-ml-game-of-thrones\/#primaryimage"},"thumbnailUrl":"https:\/\/www.demusculos.com\/web\/wp-content\/uploads\/2024\/03\/vaso-shaker-bpa-free-game-of-thrones-01.jpg","datePublished":"2024-03-09T22:20:14+00:00","dateModified":"2026-02-01T23:01:52+00:00","description":"Vaso mezclador. Para preparar los licuados de prote\u00edna, creatina y amino\u00e1cidos nada mejor que el nuevo Vaso BPA FREE 500 ml GAME OF THRONES. BPA. No t\u00f3xico.","breadcrumb":{"@id":"https:\/\/www.demusculos.com\/web\/producto\/vaso-mezclador-o-shaker-bpa-free-500-ml-game-of-thrones\/#breadcrumb"},"inLanguage":"es","potentialAction":[{"@type":"ReadAction","target":["https:\/\/www.demusculos.com\/web\/producto\/vaso-mezclador-o-shaker-bpa-free-500-ml-game-of-thrones\/"]}]},{"@type":"ImageObject","inLanguage":"es","@id":"https:\/\/www.demusculos.com\/web\/producto\/vaso-mezclador-o-shaker-bpa-free-500-ml-game-of-thrones\/#primaryimage","url":"https:\/\/www.demusculos.com\/web\/wp-content\/uploads\/2024\/03\/vaso-shaker-bpa-free-game-of-thrones-01.jpg","contentUrl":"https:\/\/www.demusculos.com\/web\/wp-content\/uploads\/2024\/03\/vaso-shaker-bpa-free-game-of-thrones-01.jpg","width":800,"height":800,"caption":"Vaso Shaker Game Of Thrones"},{"@type":"BreadcrumbList","@id":"https:\/\/www.demusculos.com\/web\/producto\/vaso-mezclador-o-shaker-bpa-free-500-ml-game-of-thrones\/#breadcrumb","itemListElement":[{"@type":"ListItem","position":1,"name":"Inicio","item":"https:\/\/www.demusculos.com\/web\/"},{"@type":"ListItem","position":2,"name":"Suplementos","item":"https:\/\/www.demusculos.com\/web\/tienda\/"},{"@type":"ListItem","position":3,"name":"Vaso Mezclador o Shaker BPA FREE 500 ml GAME OF THRONES"}]},{"@type":"WebSite","@id":"https:\/\/www.demusculos.com\/web\/#website","url":"https:\/\/www.demusculos.com\/web\/","name":"DeMusculos.com","description":"Suplementos Naturales","publisher":{"@id":"https:\/\/www.demusculos.com\/web\/#organization"},"alternateName":"Suplementos Naturales","potentialAction":[{"@type":"SearchAction","target":{"@type":"EntryPoint","urlTemplate":"https:\/\/www.demusculos.com\/web\/?s={search_term_string}"},"query-input":{"@type":"PropertyValueSpecification","valueRequired":true,"valueName":"search_term_string"}}],"inLanguage":"es"},{"@type":"Organization","@id":"https:\/\/www.demusculos.com\/web\/#organization","name":"DeMusculos.com","alternateName":"DeMusculos","url":"https:\/\/www.demusculos.com\/web\/","logo":{"@type":"ImageObject","inLanguage":"es","@id":"https:\/\/www.demusculos.com\/web\/#\/schema\/logo\/image\/","url":"https:\/\/www.demusculos.com\/web\/wp-content\/uploads\/2024\/02\/logo-demusculos-prestashop-usuario.png","contentUrl":"https:\/\/www.demusculos.com\/web\/wp-content\/uploads\/2024\/02\/logo-demusculos-prestashop-usuario.png","width":150,"height":150,"caption":"DeMusculos.com"},"image":{"@id":"https:\/\/www.demusculos.com\/web\/#\/schema\/logo\/image\/"},"sameAs":["https:\/\/www.facebook.com\/demusculos","https:\/\/x.com\/demusculos","https:\/\/www.instagram.com\/demusculos","https:\/\/www.tiktok.com\/@demusculos.com"]}]}},"_links":{"self":[{"href":"https:\/\/www.demusculos.com\/web\/wp-json\/wp\/v2\/product\/2441","targetHints":{"allow":["GET"]}}],"collection":[{"href":"https:\/\/www.demusculos.com\/web\/wp-json\/wp\/v2\/product"}],"about":[{"href":"https:\/\/www.demusculos.com\/web\/wp-json\/wp\/v2\/types\/product"}],"replies":[{"embeddable":true,"href":"https:\/\/www.demusculos.com\/web\/wp-json\/wp\/v2\/comments?post=2441"}],"wp:featuredmedia":[{"embeddable":true,"href":"https:\/\/www.demusculos.com\/web\/wp-json\/wp\/v2\/media\/2448"}],"wp:attachment":[{"href":"https:\/\/www.demusculos.com\/web\/wp-json\/wp\/v2\/media?parent=2441"}],"wp:term":[{"taxonomy":"product_brand","embeddable":true,"href":"https:\/\/www.demusculos.com\/web\/wp-json\/wp\/v2\/product_brand?post=2441"},{"taxonomy":"product_cat","embeddable":true,"href":"https:\/\/www.demusculos.com\/web\/wp-json\/wp\/v2\/product_cat?post=2441"},{"taxonomy":"product_tag","embeddable":true,"href":"https:\/\/www.demusculos.com\/web\/wp-json\/wp\/v2\/product_tag?post=2441"}],"curies":[{"name":"wp","href":"https:\/\/api.w.org\/{rel}","templated":true}]}}