{"id":2792,"date":"2024-03-11T21:44:01","date_gmt":"2024-03-12T00:44:01","guid":{"rendered":"https:\/\/www.demusculos.com\/web\/?post_type=product&#038;p=2792"},"modified":"2026-03-04T13:09:01","modified_gmt":"2026-03-04T16:09:01","slug":"bcaa-2200-hoch-sport-x100-capsulas","status":"publish","type":"product","link":"https:\/\/www.demusculos.com\/web\/producto\/bcaa-2200-hoch-sport-x100-capsulas\/","title":{"rendered":"Bcaa 2200 Hoch Sport x100 c\u00e1psulas"},"content":{"rendered":"<figure id=\"attachment_299\" aria-describedby=\"caption-attachment-299\" style=\"width: 446px\" class=\"wp-caption alignnone\"><img decoding=\"async\" class=\"size-full wp-image-299\" src=\"https:\/\/www.demusculos.com\/web\/wp-content\/uploads\/2024\/02\/logo-hoch-sport.png\" alt=\"Fabricado por Hoch Sport en Argentina. Empresa que desarrolla los suplementos naturales m\u00e1s vers\u00e1tiles del mercado.\" width=\"446\" height=\"103\" srcset=\"https:\/\/www.demusculos.com\/web\/wp-content\/uploads\/2024\/02\/logo-hoch-sport.png 446w, https:\/\/www.demusculos.com\/web\/wp-content\/uploads\/2024\/02\/logo-hoch-sport-300x69.png 300w, https:\/\/www.demusculos.com\/web\/wp-content\/uploads\/2024\/02\/logo-hoch-sport-150x35.png 150w, https:\/\/www.demusculos.com\/web\/wp-content\/uploads\/2024\/02\/logo-hoch-sport-416x96.png 416w\" sizes=\"(max-width: 446px) 100vw, 446px\" \/><figcaption id=\"caption-attachment-299\" class=\"wp-caption-text\">Fabricado por Hoch Sport en Argentina. Empresa que desarrolla los suplementos naturales m\u00e1s vers\u00e1tiles del mercado.<\/figcaption><\/figure>\n<p>BCAA 2200, elaborado con amino\u00e1cidos de cadena ramificada.<\/p>\n<p><strong>BENEFICIOS<\/strong><\/p>\n<ul>\n<li>Recuperaci\u00f3n<\/li>\n<li>\u00a0Rendimiento<\/li>\n<li>\u00a0Aumento de masa muscular<\/li>\n<\/ul>\n<p><strong>PRESENTACI\u00d3N<\/strong><\/p>\n<ul>\n<li>C\u00e1psulas por 100 unidades.<\/li>\n<\/ul>\n<p><strong>Info Nutricional (cada 4 c\u00e1psulas)<\/strong><\/p>\n<ul>\n<li>L-Leucina 1000 mg.<\/li>\n<li>L-Valina 1000 mg.<\/li>\n<li>L-Isoleucina 200 mg.<\/li>\n<li>Vitamina C 22 mg.<\/li>\n<li>Vitamina B1 1.2 mg.<\/li>\n<li>Vitamina B6 1.2 mg.<\/li>\n<\/ul>\n<p><strong>Modo de ingesta<\/strong><\/p>\n<p>4 c\u00e1psulas diarias, 30 minutos despu\u00e9s del ejercicio.<\/p>\n<figure id=\"attachment_379\" aria-describedby=\"caption-attachment-379\" style=\"width: 300px\" class=\"wp-caption alignnone\"><img fetchpriority=\"high\" decoding=\"async\" class=\"size-full wp-image-379\" src=\"https:\/\/www.demusculos.com\/web\/wp-content\/uploads\/2024\/02\/icon-capsulas-facil-digestion.png\" alt=\"C\u00e1psulas | Comprimidos de f\u00e1cil toma\" width=\"300\" height=\"300\" srcset=\"https:\/\/www.demusculos.com\/web\/wp-content\/uploads\/2024\/02\/icon-capsulas-facil-digestion.png 300w, https:\/\/www.demusculos.com\/web\/wp-content\/uploads\/2024\/02\/icon-capsulas-facil-digestion-150x150.png 150w\" sizes=\"(max-width: 300px) 100vw, 300px\" \/><figcaption id=\"caption-attachment-379\" class=\"wp-caption-text\">Estas c\u00e1psulas, comprimidos y\/\/o tabletas son de f\u00e1cil toma, son verdaderamente peque\u00f1as. Tambi\u00e9n se digieren muy r\u00e1pidamente y se asimilan totalmente.<\/figcaption><\/figure>\n","protected":false},"excerpt":{"rendered":"<p>Amino\u00e1cidos de tipo ramificado o BCAA ideales para recuperaci\u00f3n muscular, rendimiento y masa muscular.<\/p>\n","protected":false},"featured_media":14830,"comment_status":"closed","ping_status":"closed","template":"","meta":[],"product_brand":[237],"product_cat":[25],"product_tag":[20],"class_list":{"0":"post-2792","1":"product","2":"type-product","3":"status-publish","4":"has-post-thumbnail","6":"product_brand-hoch-sport","7":"product_cat-bcaa","8":"product_tag-hoch-sport","10":"first","11":"instock","12":"sale","13":"shipping-taxable","14":"purchasable","15":"product-type-simple"},"yoast_head":"<!-- This site is optimized with the Yoast SEO plugin v27.3 - https:\/\/yoast.com\/product\/yoast-seo-wordpress\/ -->\n<title>Bcaa 2200 Hoch Sport | Amino\u00e1cidos Ramificados | DeMusculos<\/title>\n<meta name=\"description\" content=\"Los Bcaa 2200 Hoch Sport son excelentes para recuperaci\u00f3n, rendimiento y aumento de masa muscular. Incluyen vitaminas. Entrenamiento. Gimnasio. Env\u00edo.\" \/>\n<meta name=\"robots\" content=\"index, follow, max-snippet:-1, max-image-preview:large, max-video-preview:-1\" \/>\n<link rel=\"canonical\" href=\"https:\/\/www.demusculos.com\/web\/producto\/bcaa-2200-hoch-sport-x100-capsulas\/\" \/>\n<meta property=\"og:locale\" content=\"es_ES\" \/>\n<meta property=\"og:type\" content=\"article\" \/>\n<meta property=\"og:title\" content=\"Bcaa 2200 Hoch Sport | Amino\u00e1cidos Ramificados | DeMusculos\" \/>\n<meta property=\"og:description\" content=\"Los Bcaa 2200 Hoch Sport son excelentes para recuperaci\u00f3n, rendimiento y aumento de masa muscular. Incluyen vitaminas. Entrenamiento. Gimnasio. Env\u00edo.\" \/>\n<meta property=\"og:url\" content=\"https:\/\/www.demusculos.com\/web\/producto\/bcaa-2200-hoch-sport-x100-capsulas\/\" \/>\n<meta property=\"og:site_name\" content=\"DeMusculos\" \/>\n<meta property=\"article:publisher\" content=\"https:\/\/www.facebook.com\/demusculos\" \/>\n<meta property=\"article:modified_time\" content=\"2026-03-04T16:09:01+00:00\" \/>\n<meta property=\"og:image\" content=\"https:\/\/www.demusculos.com\/web\/wp-content\/uploads\/2024\/03\/bcaa-2200-hoch-sport-01.webp\" \/>\n\t<meta property=\"og:image:width\" content=\"1200\" \/>\n\t<meta property=\"og:image:height\" content=\"1200\" \/>\n\t<meta property=\"og:image:type\" content=\"image\/webp\" \/>\n<meta name=\"twitter:card\" content=\"summary_large_image\" \/>\n<meta name=\"twitter:site\" content=\"@demusculos\" \/>\n<meta name=\"twitter:label1\" content=\"Tiempo de lectura\" \/>\n\t<meta name=\"twitter:data1\" content=\"2 minutos\" \/>\n<script type=\"application\/ld+json\" class=\"yoast-schema-graph\">{\"@context\":\"https:\\\/\\\/schema.org\",\"@graph\":[{\"@type\":\"WebPage\",\"@id\":\"https:\\\/\\\/www.demusculos.com\\\/web\\\/producto\\\/bcaa-2200-hoch-sport-x100-capsulas\\\/\",\"url\":\"https:\\\/\\\/www.demusculos.com\\\/web\\\/producto\\\/bcaa-2200-hoch-sport-x100-capsulas\\\/\",\"name\":\"Bcaa 2200 Hoch Sport | Amino\u00e1cidos Ramificados | DeMusculos\",\"isPartOf\":{\"@id\":\"https:\\\/\\\/www.demusculos.com\\\/web\\\/#website\"},\"primaryImageOfPage\":{\"@id\":\"https:\\\/\\\/www.demusculos.com\\\/web\\\/producto\\\/bcaa-2200-hoch-sport-x100-capsulas\\\/#primaryimage\"},\"image\":{\"@id\":\"https:\\\/\\\/www.demusculos.com\\\/web\\\/producto\\\/bcaa-2200-hoch-sport-x100-capsulas\\\/#primaryimage\"},\"thumbnailUrl\":\"https:\\\/\\\/www.demusculos.com\\\/web\\\/wp-content\\\/uploads\\\/2024\\\/03\\\/bcaa-2200-hoch-sport-01.webp\",\"datePublished\":\"2024-03-12T00:44:01+00:00\",\"dateModified\":\"2026-03-04T16:09:01+00:00\",\"description\":\"Los Bcaa 2200 Hoch Sport son excelentes para recuperaci\u00f3n, rendimiento y aumento de masa muscular. Incluyen vitaminas. Entrenamiento. Gimnasio. Env\u00edo.\",\"breadcrumb\":{\"@id\":\"https:\\\/\\\/www.demusculos.com\\\/web\\\/producto\\\/bcaa-2200-hoch-sport-x100-capsulas\\\/#breadcrumb\"},\"inLanguage\":\"es\",\"potentialAction\":[{\"@type\":\"ReadAction\",\"target\":[\"https:\\\/\\\/www.demusculos.com\\\/web\\\/producto\\\/bcaa-2200-hoch-sport-x100-capsulas\\\/\"]}]},{\"@type\":\"ImageObject\",\"inLanguage\":\"es\",\"@id\":\"https:\\\/\\\/www.demusculos.com\\\/web\\\/producto\\\/bcaa-2200-hoch-sport-x100-capsulas\\\/#primaryimage\",\"url\":\"https:\\\/\\\/www.demusculos.com\\\/web\\\/wp-content\\\/uploads\\\/2024\\\/03\\\/bcaa-2200-hoch-sport-01.webp\",\"contentUrl\":\"https:\\\/\\\/www.demusculos.com\\\/web\\\/wp-content\\\/uploads\\\/2024\\\/03\\\/bcaa-2200-hoch-sport-01.webp\",\"width\":1200,\"height\":1200,\"caption\":\"Bcaa 2200 de Hoch Sport\"},{\"@type\":\"BreadcrumbList\",\"@id\":\"https:\\\/\\\/www.demusculos.com\\\/web\\\/producto\\\/bcaa-2200-hoch-sport-x100-capsulas\\\/#breadcrumb\",\"itemListElement\":[{\"@type\":\"ListItem\",\"position\":1,\"name\":\"Inicio\",\"item\":\"https:\\\/\\\/www.demusculos.com\\\/web\\\/\"},{\"@type\":\"ListItem\",\"position\":2,\"name\":\"Suplementos\",\"item\":\"https:\\\/\\\/www.demusculos.com\\\/web\\\/tienda\\\/\"},{\"@type\":\"ListItem\",\"position\":3,\"name\":\"Bcaa 2200 Hoch Sport x100 c\u00e1psulas\"}]},{\"@type\":\"WebSite\",\"@id\":\"https:\\\/\\\/www.demusculos.com\\\/web\\\/#website\",\"url\":\"https:\\\/\\\/www.demusculos.com\\\/web\\\/\",\"name\":\"DeMusculos.com\",\"description\":\"Suplementos Naturales\",\"publisher\":{\"@id\":\"https:\\\/\\\/www.demusculos.com\\\/web\\\/#organization\"},\"alternateName\":\"Suplementos Naturales\",\"potentialAction\":[{\"@type\":\"SearchAction\",\"target\":{\"@type\":\"EntryPoint\",\"urlTemplate\":\"https:\\\/\\\/www.demusculos.com\\\/web\\\/?s={search_term_string}\"},\"query-input\":{\"@type\":\"PropertyValueSpecification\",\"valueRequired\":true,\"valueName\":\"search_term_string\"}}],\"inLanguage\":\"es\"},{\"@type\":\"Organization\",\"@id\":\"https:\\\/\\\/www.demusculos.com\\\/web\\\/#organization\",\"name\":\"DeMusculos.com\",\"alternateName\":\"DeMusculos\",\"url\":\"https:\\\/\\\/www.demusculos.com\\\/web\\\/\",\"logo\":{\"@type\":\"ImageObject\",\"inLanguage\":\"es\",\"@id\":\"https:\\\/\\\/www.demusculos.com\\\/web\\\/#\\\/schema\\\/logo\\\/image\\\/\",\"url\":\"https:\\\/\\\/www.demusculos.com\\\/web\\\/wp-content\\\/uploads\\\/2024\\\/02\\\/logo-demusculos-prestashop-usuario.png\",\"contentUrl\":\"https:\\\/\\\/www.demusculos.com\\\/web\\\/wp-content\\\/uploads\\\/2024\\\/02\\\/logo-demusculos-prestashop-usuario.png\",\"width\":150,\"height\":150,\"caption\":\"DeMusculos.com\"},\"image\":{\"@id\":\"https:\\\/\\\/www.demusculos.com\\\/web\\\/#\\\/schema\\\/logo\\\/image\\\/\"},\"sameAs\":[\"https:\\\/\\\/www.facebook.com\\\/demusculos\",\"https:\\\/\\\/x.com\\\/demusculos\",\"https:\\\/\\\/www.instagram.com\\\/demusculos\",\"https:\\\/\\\/www.tiktok.com\\\/@demusculos.com\"]}]}<\/script>\n<!-- \/ Yoast SEO plugin. -->","yoast_head_json":{"title":"Bcaa 2200 Hoch Sport | Amino\u00e1cidos Ramificados | DeMusculos","description":"Los Bcaa 2200 Hoch Sport son excelentes para recuperaci\u00f3n, rendimiento y aumento de masa muscular. Incluyen vitaminas. Entrenamiento. Gimnasio. Env\u00edo.","robots":{"index":"index","follow":"follow","max-snippet":"max-snippet:-1","max-image-preview":"max-image-preview:large","max-video-preview":"max-video-preview:-1"},"canonical":"https:\/\/www.demusculos.com\/web\/producto\/bcaa-2200-hoch-sport-x100-capsulas\/","og_locale":"es_ES","og_type":"article","og_title":"Bcaa 2200 Hoch Sport | Amino\u00e1cidos Ramificados | DeMusculos","og_description":"Los Bcaa 2200 Hoch Sport son excelentes para recuperaci\u00f3n, rendimiento y aumento de masa muscular. Incluyen vitaminas. Entrenamiento. Gimnasio. Env\u00edo.","og_url":"https:\/\/www.demusculos.com\/web\/producto\/bcaa-2200-hoch-sport-x100-capsulas\/","og_site_name":"DeMusculos","article_publisher":"https:\/\/www.facebook.com\/demusculos","article_modified_time":"2026-03-04T16:09:01+00:00","og_image":[{"width":1200,"height":1200,"url":"https:\/\/www.demusculos.com\/web\/wp-content\/uploads\/2024\/03\/bcaa-2200-hoch-sport-01.webp","type":"image\/webp"}],"twitter_card":"summary_large_image","twitter_site":"@demusculos","twitter_misc":{"Tiempo de lectura":"2 minutos"},"schema":{"@context":"https:\/\/schema.org","@graph":[{"@type":"WebPage","@id":"https:\/\/www.demusculos.com\/web\/producto\/bcaa-2200-hoch-sport-x100-capsulas\/","url":"https:\/\/www.demusculos.com\/web\/producto\/bcaa-2200-hoch-sport-x100-capsulas\/","name":"Bcaa 2200 Hoch Sport | Amino\u00e1cidos Ramificados | DeMusculos","isPartOf":{"@id":"https:\/\/www.demusculos.com\/web\/#website"},"primaryImageOfPage":{"@id":"https:\/\/www.demusculos.com\/web\/producto\/bcaa-2200-hoch-sport-x100-capsulas\/#primaryimage"},"image":{"@id":"https:\/\/www.demusculos.com\/web\/producto\/bcaa-2200-hoch-sport-x100-capsulas\/#primaryimage"},"thumbnailUrl":"https:\/\/www.demusculos.com\/web\/wp-content\/uploads\/2024\/03\/bcaa-2200-hoch-sport-01.webp","datePublished":"2024-03-12T00:44:01+00:00","dateModified":"2026-03-04T16:09:01+00:00","description":"Los Bcaa 2200 Hoch Sport son excelentes para recuperaci\u00f3n, rendimiento y aumento de masa muscular. Incluyen vitaminas. Entrenamiento. Gimnasio. Env\u00edo.","breadcrumb":{"@id":"https:\/\/www.demusculos.com\/web\/producto\/bcaa-2200-hoch-sport-x100-capsulas\/#breadcrumb"},"inLanguage":"es","potentialAction":[{"@type":"ReadAction","target":["https:\/\/www.demusculos.com\/web\/producto\/bcaa-2200-hoch-sport-x100-capsulas\/"]}]},{"@type":"ImageObject","inLanguage":"es","@id":"https:\/\/www.demusculos.com\/web\/producto\/bcaa-2200-hoch-sport-x100-capsulas\/#primaryimage","url":"https:\/\/www.demusculos.com\/web\/wp-content\/uploads\/2024\/03\/bcaa-2200-hoch-sport-01.webp","contentUrl":"https:\/\/www.demusculos.com\/web\/wp-content\/uploads\/2024\/03\/bcaa-2200-hoch-sport-01.webp","width":1200,"height":1200,"caption":"Bcaa 2200 de Hoch Sport"},{"@type":"BreadcrumbList","@id":"https:\/\/www.demusculos.com\/web\/producto\/bcaa-2200-hoch-sport-x100-capsulas\/#breadcrumb","itemListElement":[{"@type":"ListItem","position":1,"name":"Inicio","item":"https:\/\/www.demusculos.com\/web\/"},{"@type":"ListItem","position":2,"name":"Suplementos","item":"https:\/\/www.demusculos.com\/web\/tienda\/"},{"@type":"ListItem","position":3,"name":"Bcaa 2200 Hoch Sport x100 c\u00e1psulas"}]},{"@type":"WebSite","@id":"https:\/\/www.demusculos.com\/web\/#website","url":"https:\/\/www.demusculos.com\/web\/","name":"DeMusculos.com","description":"Suplementos Naturales","publisher":{"@id":"https:\/\/www.demusculos.com\/web\/#organization"},"alternateName":"Suplementos Naturales","potentialAction":[{"@type":"SearchAction","target":{"@type":"EntryPoint","urlTemplate":"https:\/\/www.demusculos.com\/web\/?s={search_term_string}"},"query-input":{"@type":"PropertyValueSpecification","valueRequired":true,"valueName":"search_term_string"}}],"inLanguage":"es"},{"@type":"Organization","@id":"https:\/\/www.demusculos.com\/web\/#organization","name":"DeMusculos.com","alternateName":"DeMusculos","url":"https:\/\/www.demusculos.com\/web\/","logo":{"@type":"ImageObject","inLanguage":"es","@id":"https:\/\/www.demusculos.com\/web\/#\/schema\/logo\/image\/","url":"https:\/\/www.demusculos.com\/web\/wp-content\/uploads\/2024\/02\/logo-demusculos-prestashop-usuario.png","contentUrl":"https:\/\/www.demusculos.com\/web\/wp-content\/uploads\/2024\/02\/logo-demusculos-prestashop-usuario.png","width":150,"height":150,"caption":"DeMusculos.com"},"image":{"@id":"https:\/\/www.demusculos.com\/web\/#\/schema\/logo\/image\/"},"sameAs":["https:\/\/www.facebook.com\/demusculos","https:\/\/x.com\/demusculos","https:\/\/www.instagram.com\/demusculos","https:\/\/www.tiktok.com\/@demusculos.com"]}]}},"_links":{"self":[{"href":"https:\/\/www.demusculos.com\/web\/wp-json\/wp\/v2\/product\/2792","targetHints":{"allow":["GET"]}}],"collection":[{"href":"https:\/\/www.demusculos.com\/web\/wp-json\/wp\/v2\/product"}],"about":[{"href":"https:\/\/www.demusculos.com\/web\/wp-json\/wp\/v2\/types\/product"}],"replies":[{"embeddable":true,"href":"https:\/\/www.demusculos.com\/web\/wp-json\/wp\/v2\/comments?post=2792"}],"wp:featuredmedia":[{"embeddable":true,"href":"https:\/\/www.demusculos.com\/web\/wp-json\/wp\/v2\/media\/14830"}],"wp:attachment":[{"href":"https:\/\/www.demusculos.com\/web\/wp-json\/wp\/v2\/media?parent=2792"}],"wp:term":[{"taxonomy":"product_brand","embeddable":true,"href":"https:\/\/www.demusculos.com\/web\/wp-json\/wp\/v2\/product_brand?post=2792"},{"taxonomy":"product_cat","embeddable":true,"href":"https:\/\/www.demusculos.com\/web\/wp-json\/wp\/v2\/product_cat?post=2792"},{"taxonomy":"product_tag","embeddable":true,"href":"https:\/\/www.demusculos.com\/web\/wp-json\/wp\/v2\/product_tag?post=2792"}],"curies":[{"name":"wp","href":"https:\/\/api.w.org\/{rel}","templated":true}]}}