{"id":2796,"date":"2024-03-11T21:53:01","date_gmt":"2024-03-12T00:53:01","guid":{"rendered":"https:\/\/www.demusculos.com\/web\/?post_type=product&#038;p=2796"},"modified":"2026-03-04T13:21:18","modified_gmt":"2026-03-04T16:21:18","slug":"extreme-mass-gainer-hoch-sport-1-5-kg","status":"publish","type":"product","link":"https:\/\/www.demusculos.com\/web\/producto\/extreme-mass-gainer-hoch-sport-1-5-kg\/","title":{"rendered":"Extreme Mass Gainer Hoch Sport 1.5 kg"},"content":{"rendered":"<figure id=\"attachment_299\" aria-describedby=\"caption-attachment-299\" style=\"width: 446px\" class=\"wp-caption alignnone\"><img decoding=\"async\" class=\"size-full wp-image-299\" src=\"https:\/\/www.demusculos.com\/web\/wp-content\/uploads\/2024\/02\/logo-hoch-sport.png\" alt=\"Fabricado por Hoch Sport en Argentina. Empresa que desarrolla los suplementos naturales m\u00e1s vers\u00e1tiles del mercado.\" width=\"446\" height=\"103\" srcset=\"https:\/\/www.demusculos.com\/web\/wp-content\/uploads\/2024\/02\/logo-hoch-sport.png 446w, https:\/\/www.demusculos.com\/web\/wp-content\/uploads\/2024\/02\/logo-hoch-sport-300x69.png 300w, https:\/\/www.demusculos.com\/web\/wp-content\/uploads\/2024\/02\/logo-hoch-sport-150x35.png 150w, https:\/\/www.demusculos.com\/web\/wp-content\/uploads\/2024\/02\/logo-hoch-sport-416x96.png 416w\" sizes=\"(max-width: 446px) 100vw, 446px\" \/><figcaption id=\"caption-attachment-299\" class=\"wp-caption-text\">Fabricado por Hoch Sport en Argentina. Empresa que desarrolla los suplementos naturales m\u00e1s vers\u00e1tiles del mercado.<\/figcaption><\/figure>\n<h2>Ganador de Peso y Masa Muscular. 100% Instant\u00e1neo.<\/h2>\n<p>Tama\u00f1o: 1.5 kg<br \/>\n&#8211; Ganador de masa muscular<br \/>\n&#8211; Recuperaci\u00f3n<br \/>\n&#8211; Rendimiento<br \/>\n&#8211; Para hombres, mujeres y cualquier tipo de deportes<\/p>\n<p>GAINER EXTREME MASS es un Hipercal\u00f3rico que combina Carbohidratos simples y complejos, Prote\u00ednas de huevo y suero, Vitaminas y Minerales en dosis equilibradas, para aquellas personas que necesitan incorporar una dosis m\u00e1s elevada de calor\u00edas en su d\u00eda a d\u00eda.<br \/>\nAumenta los niveles de energ\u00eda, promueve el desarrollo de masa muscular, acelera la recuperaci\u00f3n, reduce el dolor muscular y mejora la funci\u00f3n del sistema inmune.<\/p>\n<figure id=\"attachment_125\" aria-describedby=\"caption-attachment-125\" style=\"width: 300px\" class=\"wp-caption alignnone\"><img fetchpriority=\"high\" decoding=\"async\" class=\"size-full wp-image-125\" src=\"https:\/\/www.demusculos.com\/web\/wp-content\/uploads\/2024\/02\/agua-leche-descremada.png\" alt=\"El producto se puede preparar con agua o con leche descremanda.\" width=\"300\" height=\"300\" srcset=\"https:\/\/www.demusculos.com\/web\/wp-content\/uploads\/2024\/02\/agua-leche-descremada.png 300w, https:\/\/www.demusculos.com\/web\/wp-content\/uploads\/2024\/02\/agua-leche-descremada-150x150.png 150w\" sizes=\"(max-width: 300px) 100vw, 300px\" \/><figcaption id=\"caption-attachment-125\" class=\"wp-caption-text\">Este producto se puede preparar con agua o leche descremada. Recomendamos tomarlo con l\u00edquidos fr\u00edos.<\/figcaption><\/figure>\n<p><strong>MODO DE USO<\/strong><br \/>\nMezclar una porci\u00f3n (2 medidas dosificadora colmada) con 200cc de agua potable fr\u00eda o leche descremada, seg\u00fan preferencia, usando un vaso o agitador (shaker). Util\u00edcelo entre las comidas principales y despu\u00e9s del ejercicio. Beba de 8 a 10 vasos de agua al d\u00eda. Para m\u00e1ximos resultados consuma de 2 a 3 porciones al d\u00eda durante un m\u00ednimo de 6 semanas.<\/p>\n","protected":false},"excerpt":{"rendered":"<p>Ganador de masa muscular a base de prote\u00edna de suero de leche o whey protein, amino\u00e1cidos y carbohidratos (maltodextrina)<\/p>\n","protected":false},"featured_media":2797,"comment_status":"closed","ping_status":"closed","template":"","meta":[],"product_brand":[237],"product_cat":[49],"product_tag":[20],"class_list":{"0":"post-2796","1":"product","2":"type-product","3":"status-publish","4":"has-post-thumbnail","6":"product_brand-hoch-sport","7":"product_cat-ganadores-de-peso","8":"product_tag-hoch-sport","10":"first","11":"instock","12":"sale","13":"shipping-taxable","14":"purchasable","15":"product-type-variable"},"yoast_head":"<!-- This site is optimized with the Yoast SEO plugin v27.4 - https:\/\/yoast.com\/product\/yoast-seo-wordpress\/ -->\n<title>Extreme Mass Gainer | Whey Gainer | Hoch Sport | DeMusculos<\/title>\n<meta name=\"description\" content=\"El ganador de masa muscular Extreme Mass Gainer de 1.5 kg es ideal para las personas que quieren ganar masa muscular, rendimiento y maximizar recuperaci\u00f3n.\" \/>\n<meta name=\"robots\" content=\"index, follow, max-snippet:-1, max-image-preview:large, max-video-preview:-1\" \/>\n<link rel=\"canonical\" href=\"https:\/\/www.demusculos.com\/web\/producto\/extreme-mass-gainer-hoch-sport-1-5-kg\/\" \/>\n<meta property=\"og:locale\" content=\"es_ES\" \/>\n<meta property=\"og:type\" content=\"article\" \/>\n<meta property=\"og:title\" content=\"Extreme Mass Gainer | Whey Gainer | Hoch Sport | DeMusculos\" \/>\n<meta property=\"og:description\" content=\"El ganador de masa muscular Extreme Mass Gainer de 1.5 kg es ideal para las personas que quieren ganar masa muscular, rendimiento y maximizar recuperaci\u00f3n.\" \/>\n<meta property=\"og:url\" content=\"https:\/\/www.demusculos.com\/web\/producto\/extreme-mass-gainer-hoch-sport-1-5-kg\/\" \/>\n<meta property=\"og:site_name\" content=\"DeMusculos\" \/>\n<meta property=\"article:publisher\" content=\"https:\/\/www.facebook.com\/demusculos\" \/>\n<meta property=\"article:modified_time\" content=\"2026-03-04T16:21:18+00:00\" \/>\n<meta property=\"og:image\" content=\"https:\/\/www.demusculos.com\/web\/wp-content\/uploads\/2024\/03\/xtreme-mass-hoch-sport-ganador-de-masa-1-5-kg.jpg\" \/>\n\t<meta property=\"og:image:width\" content=\"1200\" \/>\n\t<meta property=\"og:image:height\" content=\"1200\" \/>\n\t<meta property=\"og:image:type\" content=\"image\/jpeg\" \/>\n<meta name=\"twitter:card\" content=\"summary_large_image\" \/>\n<meta name=\"twitter:site\" content=\"@demusculos\" \/>\n<meta name=\"twitter:label1\" content=\"Tiempo de lectura\" \/>\n\t<meta name=\"twitter:data1\" content=\"2 minutos\" \/>\n<script type=\"application\/ld+json\" class=\"yoast-schema-graph\">{\"@context\":\"https:\\\/\\\/schema.org\",\"@graph\":[{\"@type\":\"WebPage\",\"@id\":\"https:\\\/\\\/www.demusculos.com\\\/web\\\/producto\\\/extreme-mass-gainer-hoch-sport-1-5-kg\\\/\",\"url\":\"https:\\\/\\\/www.demusculos.com\\\/web\\\/producto\\\/extreme-mass-gainer-hoch-sport-1-5-kg\\\/\",\"name\":\"Extreme Mass Gainer | Whey Gainer | Hoch Sport | DeMusculos\",\"isPartOf\":{\"@id\":\"https:\\\/\\\/www.demusculos.com\\\/web\\\/#website\"},\"primaryImageOfPage\":{\"@id\":\"https:\\\/\\\/www.demusculos.com\\\/web\\\/producto\\\/extreme-mass-gainer-hoch-sport-1-5-kg\\\/#primaryimage\"},\"image\":{\"@id\":\"https:\\\/\\\/www.demusculos.com\\\/web\\\/producto\\\/extreme-mass-gainer-hoch-sport-1-5-kg\\\/#primaryimage\"},\"thumbnailUrl\":\"https:\\\/\\\/www.demusculos.com\\\/web\\\/wp-content\\\/uploads\\\/2024\\\/03\\\/xtreme-mass-hoch-sport-ganador-de-masa-1-5-kg.jpg\",\"datePublished\":\"2024-03-12T00:53:01+00:00\",\"dateModified\":\"2026-03-04T16:21:18+00:00\",\"description\":\"El ganador de masa muscular Extreme Mass Gainer de 1.5 kg es ideal para las personas que quieren ganar masa muscular, rendimiento y maximizar recuperaci\u00f3n.\",\"breadcrumb\":{\"@id\":\"https:\\\/\\\/www.demusculos.com\\\/web\\\/producto\\\/extreme-mass-gainer-hoch-sport-1-5-kg\\\/#breadcrumb\"},\"inLanguage\":\"es\",\"potentialAction\":[{\"@type\":\"ReadAction\",\"target\":[\"https:\\\/\\\/www.demusculos.com\\\/web\\\/producto\\\/extreme-mass-gainer-hoch-sport-1-5-kg\\\/\"]}]},{\"@type\":\"ImageObject\",\"inLanguage\":\"es\",\"@id\":\"https:\\\/\\\/www.demusculos.com\\\/web\\\/producto\\\/extreme-mass-gainer-hoch-sport-1-5-kg\\\/#primaryimage\",\"url\":\"https:\\\/\\\/www.demusculos.com\\\/web\\\/wp-content\\\/uploads\\\/2024\\\/03\\\/xtreme-mass-hoch-sport-ganador-de-masa-1-5-kg.jpg\",\"contentUrl\":\"https:\\\/\\\/www.demusculos.com\\\/web\\\/wp-content\\\/uploads\\\/2024\\\/03\\\/xtreme-mass-hoch-sport-ganador-de-masa-1-5-kg.jpg\",\"width\":1200,\"height\":1200,\"caption\":\"Extreme Mass Gainer 1.5 Hoch Sport\"},{\"@type\":\"BreadcrumbList\",\"@id\":\"https:\\\/\\\/www.demusculos.com\\\/web\\\/producto\\\/extreme-mass-gainer-hoch-sport-1-5-kg\\\/#breadcrumb\",\"itemListElement\":[{\"@type\":\"ListItem\",\"position\":1,\"name\":\"Inicio\",\"item\":\"https:\\\/\\\/www.demusculos.com\\\/web\\\/\"},{\"@type\":\"ListItem\",\"position\":2,\"name\":\"Suplementos\",\"item\":\"https:\\\/\\\/www.demusculos.com\\\/web\\\/tienda\\\/\"},{\"@type\":\"ListItem\",\"position\":3,\"name\":\"Extreme Mass Gainer Hoch Sport 1.5 kg\"}]},{\"@type\":\"WebSite\",\"@id\":\"https:\\\/\\\/www.demusculos.com\\\/web\\\/#website\",\"url\":\"https:\\\/\\\/www.demusculos.com\\\/web\\\/\",\"name\":\"DeMusculos.com\",\"description\":\"Suplementos Naturales\",\"publisher\":{\"@id\":\"https:\\\/\\\/www.demusculos.com\\\/web\\\/#organization\"},\"alternateName\":\"Suplementos Naturales\",\"potentialAction\":[{\"@type\":\"SearchAction\",\"target\":{\"@type\":\"EntryPoint\",\"urlTemplate\":\"https:\\\/\\\/www.demusculos.com\\\/web\\\/?s={search_term_string}\"},\"query-input\":{\"@type\":\"PropertyValueSpecification\",\"valueRequired\":true,\"valueName\":\"search_term_string\"}}],\"inLanguage\":\"es\"},{\"@type\":\"Organization\",\"@id\":\"https:\\\/\\\/www.demusculos.com\\\/web\\\/#organization\",\"name\":\"DeMusculos.com\",\"alternateName\":\"DeMusculos\",\"url\":\"https:\\\/\\\/www.demusculos.com\\\/web\\\/\",\"logo\":{\"@type\":\"ImageObject\",\"inLanguage\":\"es\",\"@id\":\"https:\\\/\\\/www.demusculos.com\\\/web\\\/#\\\/schema\\\/logo\\\/image\\\/\",\"url\":\"https:\\\/\\\/www.demusculos.com\\\/web\\\/wp-content\\\/uploads\\\/2024\\\/02\\\/logo-demusculos-prestashop-usuario.png\",\"contentUrl\":\"https:\\\/\\\/www.demusculos.com\\\/web\\\/wp-content\\\/uploads\\\/2024\\\/02\\\/logo-demusculos-prestashop-usuario.png\",\"width\":150,\"height\":150,\"caption\":\"DeMusculos.com\"},\"image\":{\"@id\":\"https:\\\/\\\/www.demusculos.com\\\/web\\\/#\\\/schema\\\/logo\\\/image\\\/\"},\"sameAs\":[\"https:\\\/\\\/www.facebook.com\\\/demusculos\",\"https:\\\/\\\/x.com\\\/demusculos\",\"https:\\\/\\\/www.instagram.com\\\/demusculos\",\"https:\\\/\\\/www.tiktok.com\\\/@demusculos.com\"]}]}<\/script>\n<!-- \/ Yoast SEO plugin. -->","yoast_head_json":{"title":"Extreme Mass Gainer | Whey Gainer | Hoch Sport | DeMusculos","description":"El ganador de masa muscular Extreme Mass Gainer de 1.5 kg es ideal para las personas que quieren ganar masa muscular, rendimiento y maximizar recuperaci\u00f3n.","robots":{"index":"index","follow":"follow","max-snippet":"max-snippet:-1","max-image-preview":"max-image-preview:large","max-video-preview":"max-video-preview:-1"},"canonical":"https:\/\/www.demusculos.com\/web\/producto\/extreme-mass-gainer-hoch-sport-1-5-kg\/","og_locale":"es_ES","og_type":"article","og_title":"Extreme Mass Gainer | Whey Gainer | Hoch Sport | DeMusculos","og_description":"El ganador de masa muscular Extreme Mass Gainer de 1.5 kg es ideal para las personas que quieren ganar masa muscular, rendimiento y maximizar recuperaci\u00f3n.","og_url":"https:\/\/www.demusculos.com\/web\/producto\/extreme-mass-gainer-hoch-sport-1-5-kg\/","og_site_name":"DeMusculos","article_publisher":"https:\/\/www.facebook.com\/demusculos","article_modified_time":"2026-03-04T16:21:18+00:00","og_image":[{"width":1200,"height":1200,"url":"https:\/\/www.demusculos.com\/web\/wp-content\/uploads\/2024\/03\/xtreme-mass-hoch-sport-ganador-de-masa-1-5-kg.jpg","type":"image\/jpeg"}],"twitter_card":"summary_large_image","twitter_site":"@demusculos","twitter_misc":{"Tiempo de lectura":"2 minutos"},"schema":{"@context":"https:\/\/schema.org","@graph":[{"@type":"WebPage","@id":"https:\/\/www.demusculos.com\/web\/producto\/extreme-mass-gainer-hoch-sport-1-5-kg\/","url":"https:\/\/www.demusculos.com\/web\/producto\/extreme-mass-gainer-hoch-sport-1-5-kg\/","name":"Extreme Mass Gainer | Whey Gainer | Hoch Sport | DeMusculos","isPartOf":{"@id":"https:\/\/www.demusculos.com\/web\/#website"},"primaryImageOfPage":{"@id":"https:\/\/www.demusculos.com\/web\/producto\/extreme-mass-gainer-hoch-sport-1-5-kg\/#primaryimage"},"image":{"@id":"https:\/\/www.demusculos.com\/web\/producto\/extreme-mass-gainer-hoch-sport-1-5-kg\/#primaryimage"},"thumbnailUrl":"https:\/\/www.demusculos.com\/web\/wp-content\/uploads\/2024\/03\/xtreme-mass-hoch-sport-ganador-de-masa-1-5-kg.jpg","datePublished":"2024-03-12T00:53:01+00:00","dateModified":"2026-03-04T16:21:18+00:00","description":"El ganador de masa muscular Extreme Mass Gainer de 1.5 kg es ideal para las personas que quieren ganar masa muscular, rendimiento y maximizar recuperaci\u00f3n.","breadcrumb":{"@id":"https:\/\/www.demusculos.com\/web\/producto\/extreme-mass-gainer-hoch-sport-1-5-kg\/#breadcrumb"},"inLanguage":"es","potentialAction":[{"@type":"ReadAction","target":["https:\/\/www.demusculos.com\/web\/producto\/extreme-mass-gainer-hoch-sport-1-5-kg\/"]}]},{"@type":"ImageObject","inLanguage":"es","@id":"https:\/\/www.demusculos.com\/web\/producto\/extreme-mass-gainer-hoch-sport-1-5-kg\/#primaryimage","url":"https:\/\/www.demusculos.com\/web\/wp-content\/uploads\/2024\/03\/xtreme-mass-hoch-sport-ganador-de-masa-1-5-kg.jpg","contentUrl":"https:\/\/www.demusculos.com\/web\/wp-content\/uploads\/2024\/03\/xtreme-mass-hoch-sport-ganador-de-masa-1-5-kg.jpg","width":1200,"height":1200,"caption":"Extreme Mass Gainer 1.5 Hoch Sport"},{"@type":"BreadcrumbList","@id":"https:\/\/www.demusculos.com\/web\/producto\/extreme-mass-gainer-hoch-sport-1-5-kg\/#breadcrumb","itemListElement":[{"@type":"ListItem","position":1,"name":"Inicio","item":"https:\/\/www.demusculos.com\/web\/"},{"@type":"ListItem","position":2,"name":"Suplementos","item":"https:\/\/www.demusculos.com\/web\/tienda\/"},{"@type":"ListItem","position":3,"name":"Extreme Mass Gainer Hoch Sport 1.5 kg"}]},{"@type":"WebSite","@id":"https:\/\/www.demusculos.com\/web\/#website","url":"https:\/\/www.demusculos.com\/web\/","name":"DeMusculos.com","description":"Suplementos Naturales","publisher":{"@id":"https:\/\/www.demusculos.com\/web\/#organization"},"alternateName":"Suplementos Naturales","potentialAction":[{"@type":"SearchAction","target":{"@type":"EntryPoint","urlTemplate":"https:\/\/www.demusculos.com\/web\/?s={search_term_string}"},"query-input":{"@type":"PropertyValueSpecification","valueRequired":true,"valueName":"search_term_string"}}],"inLanguage":"es"},{"@type":"Organization","@id":"https:\/\/www.demusculos.com\/web\/#organization","name":"DeMusculos.com","alternateName":"DeMusculos","url":"https:\/\/www.demusculos.com\/web\/","logo":{"@type":"ImageObject","inLanguage":"es","@id":"https:\/\/www.demusculos.com\/web\/#\/schema\/logo\/image\/","url":"https:\/\/www.demusculos.com\/web\/wp-content\/uploads\/2024\/02\/logo-demusculos-prestashop-usuario.png","contentUrl":"https:\/\/www.demusculos.com\/web\/wp-content\/uploads\/2024\/02\/logo-demusculos-prestashop-usuario.png","width":150,"height":150,"caption":"DeMusculos.com"},"image":{"@id":"https:\/\/www.demusculos.com\/web\/#\/schema\/logo\/image\/"},"sameAs":["https:\/\/www.facebook.com\/demusculos","https:\/\/x.com\/demusculos","https:\/\/www.instagram.com\/demusculos","https:\/\/www.tiktok.com\/@demusculos.com"]}]}},"_links":{"self":[{"href":"https:\/\/www.demusculos.com\/web\/wp-json\/wp\/v2\/product\/2796","targetHints":{"allow":["GET"]}}],"collection":[{"href":"https:\/\/www.demusculos.com\/web\/wp-json\/wp\/v2\/product"}],"about":[{"href":"https:\/\/www.demusculos.com\/web\/wp-json\/wp\/v2\/types\/product"}],"replies":[{"embeddable":true,"href":"https:\/\/www.demusculos.com\/web\/wp-json\/wp\/v2\/comments?post=2796"}],"wp:featuredmedia":[{"embeddable":true,"href":"https:\/\/www.demusculos.com\/web\/wp-json\/wp\/v2\/media\/2797"}],"wp:attachment":[{"href":"https:\/\/www.demusculos.com\/web\/wp-json\/wp\/v2\/media?parent=2796"}],"wp:term":[{"taxonomy":"product_brand","embeddable":true,"href":"https:\/\/www.demusculos.com\/web\/wp-json\/wp\/v2\/product_brand?post=2796"},{"taxonomy":"product_cat","embeddable":true,"href":"https:\/\/www.demusculos.com\/web\/wp-json\/wp\/v2\/product_cat?post=2796"},{"taxonomy":"product_tag","embeddable":true,"href":"https:\/\/www.demusculos.com\/web\/wp-json\/wp\/v2\/product_tag?post=2796"}],"curies":[{"name":"wp","href":"https:\/\/api.w.org\/{rel}","templated":true}]}}