{"id":2802,"date":"2024-03-11T22:22:56","date_gmt":"2024-03-12T01:22:56","guid":{"rendered":"https:\/\/www.demusculos.com\/web\/?post_type=product&#038;p=2802"},"modified":"2026-04-16T21:08:09","modified_gmt":"2026-04-17T00:08:09","slug":"2-xt-gold-de-htn-x-1-kg-proteina-potenciada","status":"publish","type":"product","link":"https:\/\/www.demusculos.com\/web\/producto\/2-xt-gold-de-htn-x-1-kg-proteina-potenciada\/","title":{"rendered":"( 2 ) XT Gold de HTN x 1 kg Prote\u00edna potenciada"},"content":{"rendered":"<h1>Prote\u00edna potenciada XT Gold de HTN x1kg <span style=\"color: #ff0000;\">(Combo x 2)<\/span><\/h1>\n<p>XT Gols de HTN es la prote\u00edna m\u00e1s recomendada por los que saben de suplementos naturales. XG Gold es una verdadera maravilla. Combina m\u00e1s de 30 ingredientes entre los que se destacan la case\u00edna de calcio, una prote\u00edna de lenta asimilaci\u00f3n. Tambi\u00e9n tiene amino\u00e1cidos que potencian el incremento de la recuperaci\u00f3n muscular. Al acortar los tiempos de recuperaci\u00f3n, mayor es la construcci\u00f3n muscular.<\/p>\n<h2>Prote\u00edna con amino\u00e1cidos, caseinato de calcio y potenciada con ingredientes como la Beta Alanina<\/h2>\n<p><img decoding=\"async\" class=\"alignnone size-full wp-image-340\" src=\"https:\/\/www.demusculos.com\/web\/wp-content\/uploads\/2024\/02\/logo-htn.png\" alt=\"\" width=\"446\" height=\"103\" srcset=\"https:\/\/www.demusculos.com\/web\/wp-content\/uploads\/2024\/02\/logo-htn.png 446w, https:\/\/www.demusculos.com\/web\/wp-content\/uploads\/2024\/02\/logo-htn-300x69.png 300w, https:\/\/www.demusculos.com\/web\/wp-content\/uploads\/2024\/02\/logo-htn-150x35.png 150w, https:\/\/www.demusculos.com\/web\/wp-content\/uploads\/2024\/02\/logo-htn-416x96.png 416w\" sizes=\"(max-width: 446px) 100vw, 446px\" \/><\/p>\n<p>\u00a1Bienvenido a la revoluci\u00f3n en nutrici\u00f3n deportiva! Perm\u00edteme presentarte\u00a0<strong>XT GOLD PROTEIN HTN\u00ae<\/strong>, la prote\u00edna m\u00e1s completa del mercado. Este producto no es solo una prote\u00edna, es un complejo proteico avanzado dise\u00f1ado para mantener altos los niveles de prote\u00ednas en tu cuerpo por un tiempo m\u00e1s prolongado que una prote\u00edna regular.<\/p>\n<figure id=\"attachment_386\" aria-describedby=\"caption-attachment-386\" style=\"width: 300px\" class=\"wp-caption alignnone\"><img fetchpriority=\"high\" decoding=\"async\" class=\"size-full wp-image-386\" src=\"https:\/\/www.demusculos.com\/web\/wp-content\/uploads\/2024\/02\/icon-combinar-con-whey-proteina.png\" alt=\"\" width=\"300\" height=\"300\" srcset=\"https:\/\/www.demusculos.com\/web\/wp-content\/uploads\/2024\/02\/icon-combinar-con-whey-proteina.png 300w, https:\/\/www.demusculos.com\/web\/wp-content\/uploads\/2024\/02\/icon-combinar-con-whey-proteina-150x150.png 150w\" sizes=\"(max-width: 300px) 100vw, 300px\" \/><figcaption id=\"caption-attachment-386\" class=\"wp-caption-text\">Se puede combinar con creatina, amino\u00e1cidos, pro hormonales y otros productos.<\/figcaption><\/figure>\n<h2>\u00bfC\u00f3mo logra XT Gold de HTN ser la prote\u00edna m\u00e1s completa?<\/h2>\n<p>Gracias a su exclusivo\u00a0<strong>MULTI-PHASE-PROTEIN-BLEND HTN\u00ae<\/strong>, que combina las prote\u00ednas m\u00e1s vendidas del mundo en un solo producto: concentrado, aislado, case\u00edna y amino\u00e1cidos libres. Esta insuperable combinaci\u00f3n de prote\u00ednas de r\u00e1pida, media y lenta absorci\u00f3n, junto con potenciadores cient\u00edficamente seleccionados, act\u00faan de forma progresiva y se complementan para potenciar el ingreso de nutrientes al m\u00fasculo.<\/p>\n<p>Pero eso no es todo. XT GOLD PROTEIN HTN\u00ae no solo te ayuda a aumentar la masa muscular, sino que tambi\u00e9n retrasa la fatiga, maximiza la fuerza y acelera la recuperaci\u00f3n post-entrenamiento. As\u00ed es, con XT GOLD PROTEIN HTN\u00ae, cada entrenamiento es una oportunidad para superarte.<\/p>\n<figure id=\"attachment_127\" aria-describedby=\"caption-attachment-127\" style=\"width: 300px\" class=\"wp-caption alignnone\"><img decoding=\"async\" class=\"size-full wp-image-127\" src=\"https:\/\/www.demusculos.com\/web\/wp-content\/uploads\/2024\/02\/1o2-scoop-x-dia.png\" alt=\"\" width=\"300\" height=\"300\" srcset=\"https:\/\/www.demusculos.com\/web\/wp-content\/uploads\/2024\/02\/1o2-scoop-x-dia.png 300w, https:\/\/www.demusculos.com\/web\/wp-content\/uploads\/2024\/02\/1o2-scoop-x-dia-150x150.png 150w\" sizes=\"(max-width: 300px) 100vw, 300px\" \/><figcaption id=\"caption-attachment-127\" class=\"wp-caption-text\">Se puede tomar una o dos veces por d\u00eda, por ejemplo, una toma por la ma\u00f1ana y una toma por la tarde. La toma m\u00e1s importante para tomar la prote\u00edna es luego del entrenamiento. Esto te permite una mayor recuperaci\u00f3n muscular.<\/figcaption><\/figure>\n<p>Adem\u00e1s, XT GOLD PROTEIN HTN\u00ae aporta prote\u00ednas en forma progresiva, asegurando que tus m\u00fasculos est\u00e9n alimentados durante m\u00e1s tiempo. Esto significa una alta recuperaci\u00f3n post-entrenamiento y un est\u00edmulo para el aumento de masa muscular. En otras palabras, XT GOLD PROTEIN HTN\u00ae no solo potencia tu pr\u00f3ximo entrenamiento, sino que te prepara para el \u00e9xito a largo plazo.<\/p>\n<p>As\u00ed que, si est\u00e1s buscando llevar tu entrenamiento al siguiente nivel, no busques m\u00e1s.\u00a0<strong>XT GOLD PROTEIN HTN\u00ae<\/strong>\u00a0es la elecci\u00f3n de los campeones. \u00a1\u00danete a ellos y experimenta la diferencia hoy mismo!<\/p>\n<figure id=\"attachment_125\" aria-describedby=\"caption-attachment-125\" style=\"width: 300px\" class=\"wp-caption alignnone\"><img loading=\"lazy\" decoding=\"async\" class=\"size-full wp-image-125\" src=\"https:\/\/www.demusculos.com\/web\/wp-content\/uploads\/2024\/02\/agua-leche-descremada.png\" alt=\"\" width=\"300\" height=\"300\" srcset=\"https:\/\/www.demusculos.com\/web\/wp-content\/uploads\/2024\/02\/agua-leche-descremada.png 300w, https:\/\/www.demusculos.com\/web\/wp-content\/uploads\/2024\/02\/agua-leche-descremada-150x150.png 150w\" sizes=\"(max-width: 300px) 100vw, 300px\" \/><figcaption id=\"caption-attachment-125\" class=\"wp-caption-text\">Este producto se puede preparar con agua o leche descremada. Recomendamos tomarlo con l\u00edquidos fr\u00edos.<\/figcaption><\/figure>\n<div class=\"video-container\"><iframe title=\"Prote\u00edna XT GOLD de HTN 1 kg\" width=\"563\" height=\"1000\" src=\"https:\/\/www.youtube.com\/embed\/2UB1C-y37g4?feature=oembed\" frameborder=\"0\" allow=\"accelerometer; autoplay; clipboard-write; encrypted-media; gyroscope; picture-in-picture; web-share\" referrerpolicy=\"strict-origin-when-cross-origin\" allowfullscreen><\/iframe><\/div>\n","protected":false},"excerpt":{"rendered":"<p>Prote\u00edna blend. Incluye prote\u00edna de caseinato de calcio. Prote\u00edna potenciada. El poder est\u00e1 en su f\u00f3rmula.<\/p>\n","protected":false},"featured_media":16362,"comment_status":"closed","ping_status":"closed","template":"","meta":[],"product_brand":[234],"product_cat":[335],"product_tag":[386,387,51,147,334],"class_list":{"0":"post-2802","1":"product","2":"type-product","3":"status-publish","4":"has-post-thumbnail","6":"product_brand-htn","7":"product_cat-combo-x-2-proteinas","8":"product_tag-caseina","9":"product_tag-caseinato","10":"product_tag-htn","11":"product_tag-mix-protein","12":"product_tag-proteina","14":"first","15":"instock","16":"sale","17":"shipping-taxable","18":"purchasable","19":"product-type-variable"},"yoast_head":"<!-- This site is optimized with the Yoast SEO plugin v27.4 - https:\/\/yoast.com\/product\/yoast-seo-wordpress\/ -->\n<title>Xt Gold de HTN | 2 unidades | Prote\u00edna | DeMusculos.com<\/title>\n<meta name=\"description\" content=\"Combo x2. Prote\u00edna XT GOLD de HTN con Beta Alanina, Amino\u00e1cidos. Recuperaci\u00f3n. Contiene caseinato de calcio. Ideal para masa muscular y rendimiento.\" \/>\n<meta name=\"robots\" content=\"index, follow, max-snippet:-1, max-image-preview:large, max-video-preview:-1\" \/>\n<link rel=\"canonical\" href=\"https:\/\/www.demusculos.com\/web\/producto\/2-xt-gold-de-htn-x-1-kg-proteina-potenciada\/\" \/>\n<meta property=\"og:locale\" content=\"es_ES\" \/>\n<meta property=\"og:type\" content=\"article\" \/>\n<meta property=\"og:title\" content=\"Xt Gold de HTN | 2 unidades | Prote\u00edna | DeMusculos.com\" \/>\n<meta property=\"og:description\" content=\"Combo x2. Prote\u00edna XT GOLD de HTN con Beta Alanina, Amino\u00e1cidos. Recuperaci\u00f3n. Contiene caseinato de calcio. Ideal para masa muscular y rendimiento.\" \/>\n<meta property=\"og:url\" content=\"https:\/\/www.demusculos.com\/web\/producto\/2-xt-gold-de-htn-x-1-kg-proteina-potenciada\/\" \/>\n<meta property=\"og:site_name\" content=\"DeMusculos\" \/>\n<meta property=\"article:publisher\" content=\"https:\/\/www.facebook.com\/demusculos\" \/>\n<meta property=\"article:modified_time\" content=\"2026-04-17T00:08:09+00:00\" \/>\n<meta property=\"og:image\" content=\"https:\/\/www.demusculos.com\/web\/wp-content\/uploads\/2024\/03\/2-proteinas-xt-gold-htn-2.webp\" \/>\n\t<meta property=\"og:image:width\" content=\"1200\" \/>\n\t<meta property=\"og:image:height\" content=\"1200\" \/>\n\t<meta property=\"og:image:type\" content=\"image\/webp\" \/>\n<meta name=\"twitter:card\" content=\"summary_large_image\" \/>\n<meta name=\"twitter:site\" content=\"@demusculos\" \/>\n<meta name=\"twitter:label1\" content=\"Tiempo de lectura\" \/>\n\t<meta name=\"twitter:data1\" content=\"3 minutos\" \/>\n<script type=\"application\/ld+json\" class=\"yoast-schema-graph\">{\"@context\":\"https:\\\/\\\/schema.org\",\"@graph\":[{\"@type\":\"WebPage\",\"@id\":\"https:\\\/\\\/www.demusculos.com\\\/web\\\/producto\\\/2-xt-gold-de-htn-x-1-kg-proteina-potenciada\\\/\",\"url\":\"https:\\\/\\\/www.demusculos.com\\\/web\\\/producto\\\/2-xt-gold-de-htn-x-1-kg-proteina-potenciada\\\/\",\"name\":\"Xt Gold de HTN | 2 unidades | Prote\u00edna | DeMusculos.com\",\"isPartOf\":{\"@id\":\"https:\\\/\\\/www.demusculos.com\\\/web\\\/#website\"},\"primaryImageOfPage\":{\"@id\":\"https:\\\/\\\/www.demusculos.com\\\/web\\\/producto\\\/2-xt-gold-de-htn-x-1-kg-proteina-potenciada\\\/#primaryimage\"},\"image\":{\"@id\":\"https:\\\/\\\/www.demusculos.com\\\/web\\\/producto\\\/2-xt-gold-de-htn-x-1-kg-proteina-potenciada\\\/#primaryimage\"},\"thumbnailUrl\":\"https:\\\/\\\/www.demusculos.com\\\/web\\\/wp-content\\\/uploads\\\/2024\\\/03\\\/2-proteinas-xt-gold-htn-2.webp\",\"datePublished\":\"2024-03-12T01:22:56+00:00\",\"dateModified\":\"2026-04-17T00:08:09+00:00\",\"description\":\"Combo x2. Prote\u00edna XT GOLD de HTN con Beta Alanina, Amino\u00e1cidos. Recuperaci\u00f3n. Contiene caseinato de calcio. Ideal para masa muscular y rendimiento.\",\"breadcrumb\":{\"@id\":\"https:\\\/\\\/www.demusculos.com\\\/web\\\/producto\\\/2-xt-gold-de-htn-x-1-kg-proteina-potenciada\\\/#breadcrumb\"},\"inLanguage\":\"es\",\"potentialAction\":[{\"@type\":\"ReadAction\",\"target\":[\"https:\\\/\\\/www.demusculos.com\\\/web\\\/producto\\\/2-xt-gold-de-htn-x-1-kg-proteina-potenciada\\\/\"]}]},{\"@type\":\"ImageObject\",\"inLanguage\":\"es\",\"@id\":\"https:\\\/\\\/www.demusculos.com\\\/web\\\/producto\\\/2-xt-gold-de-htn-x-1-kg-proteina-potenciada\\\/#primaryimage\",\"url\":\"https:\\\/\\\/www.demusculos.com\\\/web\\\/wp-content\\\/uploads\\\/2024\\\/03\\\/2-proteinas-xt-gold-htn-2.webp\",\"contentUrl\":\"https:\\\/\\\/www.demusculos.com\\\/web\\\/wp-content\\\/uploads\\\/2024\\\/03\\\/2-proteinas-xt-gold-htn-2.webp\",\"width\":1200,\"height\":1200,\"caption\":\"XT GOLD de HTN x 1 kg\"},{\"@type\":\"BreadcrumbList\",\"@id\":\"https:\\\/\\\/www.demusculos.com\\\/web\\\/producto\\\/2-xt-gold-de-htn-x-1-kg-proteina-potenciada\\\/#breadcrumb\",\"itemListElement\":[{\"@type\":\"ListItem\",\"position\":1,\"name\":\"Inicio\",\"item\":\"https:\\\/\\\/www.demusculos.com\\\/web\\\/\"},{\"@type\":\"ListItem\",\"position\":2,\"name\":\"Suplementos\",\"item\":\"https:\\\/\\\/www.demusculos.com\\\/web\\\/tienda\\\/\"},{\"@type\":\"ListItem\",\"position\":3,\"name\":\"( 2 ) XT Gold de HTN x 1 kg Prote\u00edna potenciada\"}]},{\"@type\":\"WebSite\",\"@id\":\"https:\\\/\\\/www.demusculos.com\\\/web\\\/#website\",\"url\":\"https:\\\/\\\/www.demusculos.com\\\/web\\\/\",\"name\":\"DeMusculos.com\",\"description\":\"Suplementos Naturales\",\"publisher\":{\"@id\":\"https:\\\/\\\/www.demusculos.com\\\/web\\\/#organization\"},\"alternateName\":\"Suplementos Naturales\",\"potentialAction\":[{\"@type\":\"SearchAction\",\"target\":{\"@type\":\"EntryPoint\",\"urlTemplate\":\"https:\\\/\\\/www.demusculos.com\\\/web\\\/?s={search_term_string}\"},\"query-input\":{\"@type\":\"PropertyValueSpecification\",\"valueRequired\":true,\"valueName\":\"search_term_string\"}}],\"inLanguage\":\"es\"},{\"@type\":\"Organization\",\"@id\":\"https:\\\/\\\/www.demusculos.com\\\/web\\\/#organization\",\"name\":\"DeMusculos.com\",\"alternateName\":\"DeMusculos\",\"url\":\"https:\\\/\\\/www.demusculos.com\\\/web\\\/\",\"logo\":{\"@type\":\"ImageObject\",\"inLanguage\":\"es\",\"@id\":\"https:\\\/\\\/www.demusculos.com\\\/web\\\/#\\\/schema\\\/logo\\\/image\\\/\",\"url\":\"https:\\\/\\\/www.demusculos.com\\\/web\\\/wp-content\\\/uploads\\\/2024\\\/02\\\/logo-demusculos-prestashop-usuario.png\",\"contentUrl\":\"https:\\\/\\\/www.demusculos.com\\\/web\\\/wp-content\\\/uploads\\\/2024\\\/02\\\/logo-demusculos-prestashop-usuario.png\",\"width\":150,\"height\":150,\"caption\":\"DeMusculos.com\"},\"image\":{\"@id\":\"https:\\\/\\\/www.demusculos.com\\\/web\\\/#\\\/schema\\\/logo\\\/image\\\/\"},\"sameAs\":[\"https:\\\/\\\/www.facebook.com\\\/demusculos\",\"https:\\\/\\\/x.com\\\/demusculos\",\"https:\\\/\\\/www.instagram.com\\\/demusculos\",\"https:\\\/\\\/www.tiktok.com\\\/@demusculos.com\"]}]}<\/script>\n<!-- \/ Yoast SEO plugin. -->","yoast_head_json":{"title":"Xt Gold de HTN | 2 unidades | Prote\u00edna | DeMusculos.com","description":"Combo x2. Prote\u00edna XT GOLD de HTN con Beta Alanina, Amino\u00e1cidos. Recuperaci\u00f3n. Contiene caseinato de calcio. Ideal para masa muscular y rendimiento.","robots":{"index":"index","follow":"follow","max-snippet":"max-snippet:-1","max-image-preview":"max-image-preview:large","max-video-preview":"max-video-preview:-1"},"canonical":"https:\/\/www.demusculos.com\/web\/producto\/2-xt-gold-de-htn-x-1-kg-proteina-potenciada\/","og_locale":"es_ES","og_type":"article","og_title":"Xt Gold de HTN | 2 unidades | Prote\u00edna | DeMusculos.com","og_description":"Combo x2. Prote\u00edna XT GOLD de HTN con Beta Alanina, Amino\u00e1cidos. Recuperaci\u00f3n. Contiene caseinato de calcio. Ideal para masa muscular y rendimiento.","og_url":"https:\/\/www.demusculos.com\/web\/producto\/2-xt-gold-de-htn-x-1-kg-proteina-potenciada\/","og_site_name":"DeMusculos","article_publisher":"https:\/\/www.facebook.com\/demusculos","article_modified_time":"2026-04-17T00:08:09+00:00","og_image":[{"width":1200,"height":1200,"url":"https:\/\/www.demusculos.com\/web\/wp-content\/uploads\/2024\/03\/2-proteinas-xt-gold-htn-2.webp","type":"image\/webp"}],"twitter_card":"summary_large_image","twitter_site":"@demusculos","twitter_misc":{"Tiempo de lectura":"3 minutos"},"schema":{"@context":"https:\/\/schema.org","@graph":[{"@type":"WebPage","@id":"https:\/\/www.demusculos.com\/web\/producto\/2-xt-gold-de-htn-x-1-kg-proteina-potenciada\/","url":"https:\/\/www.demusculos.com\/web\/producto\/2-xt-gold-de-htn-x-1-kg-proteina-potenciada\/","name":"Xt Gold de HTN | 2 unidades | Prote\u00edna | DeMusculos.com","isPartOf":{"@id":"https:\/\/www.demusculos.com\/web\/#website"},"primaryImageOfPage":{"@id":"https:\/\/www.demusculos.com\/web\/producto\/2-xt-gold-de-htn-x-1-kg-proteina-potenciada\/#primaryimage"},"image":{"@id":"https:\/\/www.demusculos.com\/web\/producto\/2-xt-gold-de-htn-x-1-kg-proteina-potenciada\/#primaryimage"},"thumbnailUrl":"https:\/\/www.demusculos.com\/web\/wp-content\/uploads\/2024\/03\/2-proteinas-xt-gold-htn-2.webp","datePublished":"2024-03-12T01:22:56+00:00","dateModified":"2026-04-17T00:08:09+00:00","description":"Combo x2. Prote\u00edna XT GOLD de HTN con Beta Alanina, Amino\u00e1cidos. Recuperaci\u00f3n. Contiene caseinato de calcio. Ideal para masa muscular y rendimiento.","breadcrumb":{"@id":"https:\/\/www.demusculos.com\/web\/producto\/2-xt-gold-de-htn-x-1-kg-proteina-potenciada\/#breadcrumb"},"inLanguage":"es","potentialAction":[{"@type":"ReadAction","target":["https:\/\/www.demusculos.com\/web\/producto\/2-xt-gold-de-htn-x-1-kg-proteina-potenciada\/"]}]},{"@type":"ImageObject","inLanguage":"es","@id":"https:\/\/www.demusculos.com\/web\/producto\/2-xt-gold-de-htn-x-1-kg-proteina-potenciada\/#primaryimage","url":"https:\/\/www.demusculos.com\/web\/wp-content\/uploads\/2024\/03\/2-proteinas-xt-gold-htn-2.webp","contentUrl":"https:\/\/www.demusculos.com\/web\/wp-content\/uploads\/2024\/03\/2-proteinas-xt-gold-htn-2.webp","width":1200,"height":1200,"caption":"XT GOLD de HTN x 1 kg"},{"@type":"BreadcrumbList","@id":"https:\/\/www.demusculos.com\/web\/producto\/2-xt-gold-de-htn-x-1-kg-proteina-potenciada\/#breadcrumb","itemListElement":[{"@type":"ListItem","position":1,"name":"Inicio","item":"https:\/\/www.demusculos.com\/web\/"},{"@type":"ListItem","position":2,"name":"Suplementos","item":"https:\/\/www.demusculos.com\/web\/tienda\/"},{"@type":"ListItem","position":3,"name":"( 2 ) XT Gold de HTN x 1 kg Prote\u00edna potenciada"}]},{"@type":"WebSite","@id":"https:\/\/www.demusculos.com\/web\/#website","url":"https:\/\/www.demusculos.com\/web\/","name":"DeMusculos.com","description":"Suplementos Naturales","publisher":{"@id":"https:\/\/www.demusculos.com\/web\/#organization"},"alternateName":"Suplementos Naturales","potentialAction":[{"@type":"SearchAction","target":{"@type":"EntryPoint","urlTemplate":"https:\/\/www.demusculos.com\/web\/?s={search_term_string}"},"query-input":{"@type":"PropertyValueSpecification","valueRequired":true,"valueName":"search_term_string"}}],"inLanguage":"es"},{"@type":"Organization","@id":"https:\/\/www.demusculos.com\/web\/#organization","name":"DeMusculos.com","alternateName":"DeMusculos","url":"https:\/\/www.demusculos.com\/web\/","logo":{"@type":"ImageObject","inLanguage":"es","@id":"https:\/\/www.demusculos.com\/web\/#\/schema\/logo\/image\/","url":"https:\/\/www.demusculos.com\/web\/wp-content\/uploads\/2024\/02\/logo-demusculos-prestashop-usuario.png","contentUrl":"https:\/\/www.demusculos.com\/web\/wp-content\/uploads\/2024\/02\/logo-demusculos-prestashop-usuario.png","width":150,"height":150,"caption":"DeMusculos.com"},"image":{"@id":"https:\/\/www.demusculos.com\/web\/#\/schema\/logo\/image\/"},"sameAs":["https:\/\/www.facebook.com\/demusculos","https:\/\/x.com\/demusculos","https:\/\/www.instagram.com\/demusculos","https:\/\/www.tiktok.com\/@demusculos.com"]}]}},"_links":{"self":[{"href":"https:\/\/www.demusculos.com\/web\/wp-json\/wp\/v2\/product\/2802","targetHints":{"allow":["GET"]}}],"collection":[{"href":"https:\/\/www.demusculos.com\/web\/wp-json\/wp\/v2\/product"}],"about":[{"href":"https:\/\/www.demusculos.com\/web\/wp-json\/wp\/v2\/types\/product"}],"replies":[{"embeddable":true,"href":"https:\/\/www.demusculos.com\/web\/wp-json\/wp\/v2\/comments?post=2802"}],"wp:featuredmedia":[{"embeddable":true,"href":"https:\/\/www.demusculos.com\/web\/wp-json\/wp\/v2\/media\/16362"}],"wp:attachment":[{"href":"https:\/\/www.demusculos.com\/web\/wp-json\/wp\/v2\/media?parent=2802"}],"wp:term":[{"taxonomy":"product_brand","embeddable":true,"href":"https:\/\/www.demusculos.com\/web\/wp-json\/wp\/v2\/product_brand?post=2802"},{"taxonomy":"product_cat","embeddable":true,"href":"https:\/\/www.demusculos.com\/web\/wp-json\/wp\/v2\/product_cat?post=2802"},{"taxonomy":"product_tag","embeddable":true,"href":"https:\/\/www.demusculos.com\/web\/wp-json\/wp\/v2\/product_tag?post=2802"}],"curies":[{"name":"wp","href":"https:\/\/api.w.org\/{rel}","templated":true}]}}