{"id":2839,"date":"2024-03-12T08:17:36","date_gmt":"2024-03-12T11:17:36","guid":{"rendered":"https:\/\/www.demusculos.com\/web\/?post_type=product&#038;p=2839"},"modified":"2026-04-24T10:02:02","modified_gmt":"2026-04-24T13:02:02","slug":"3-whey-protein-star-nutrition-2-lbs-doy-pack","status":"publish","type":"product","link":"https:\/\/www.demusculos.com\/web\/producto\/3-whey-protein-star-nutrition-2-lbs-doy-pack\/","title":{"rendered":"(3) Whey Protein Star Nutrition 2 Lbs (Doy Pack)"},"content":{"rendered":"<h1>Whey Protein Star Nutrition 2 Lbs (907 grs) &#8211; <span style=\"color: #ff0000;\">Combo x3<\/span><\/h1>\n<p>Whey Protein Star Nutrition Contiene amino\u00e1cidos y es ideal para rendimiento, recuperaci\u00f3n, aumento muscular y dietas l\u00edquidas.\u00a0Ideal para todo tipo de deportes. Para hombres y mujeres.<\/p>\n<figure id=\"attachment_246\" aria-describedby=\"caption-attachment-246\" style=\"width: 446px\" class=\"wp-caption alignnone\"><img decoding=\"async\" class=\"size-full wp-image-246\" src=\"https:\/\/www.demusculos.com\/web\/wp-content\/uploads\/2024\/02\/logo-star-nutrition.png\" alt=\"Productos natuales Star Nutrition | Prote\u00ednas | Amino\u00e1cidos | Quemadores | \u00d3xidos N\u00edtricos | Ganadores de peso\" width=\"446\" height=\"103\" srcset=\"https:\/\/www.demusculos.com\/web\/wp-content\/uploads\/2024\/02\/logo-star-nutrition.png 446w, https:\/\/www.demusculos.com\/web\/wp-content\/uploads\/2024\/02\/logo-star-nutrition-300x69.png 300w, https:\/\/www.demusculos.com\/web\/wp-content\/uploads\/2024\/02\/logo-star-nutrition-150x35.png 150w, https:\/\/www.demusculos.com\/web\/wp-content\/uploads\/2024\/02\/logo-star-nutrition-416x96.png 416w\" sizes=\"(max-width: 446px) 100vw, 446px\" \/><figcaption id=\"caption-attachment-246\" class=\"wp-caption-text\">Todos los productos de Star Nutrition. Laboratorio Nutriciencia.<\/figcaption><\/figure>\n<p>Elaborada con la mejor prote\u00edna de suero de leche (<strong>Whey<\/strong>) del mercado.<\/p>\n<p>Ideal para\u00a0<strong>recuperaci\u00f3n<\/strong>,\u00a0<strong>rendimiento<\/strong>\u00a0y\u00a0<strong>masa muscular<\/strong>.<\/p>\n<ul>\n<li>Fabricado en Argentina por\u00a0<strong>Star Nutrition<\/strong>.<\/li>\n<li>907 gramos.30 tomas para todo un mes<\/li>\n<li>Preparar con agua fr\u00eda.<\/li>\n<li>Tomar luego del entrenamiento para fomentar una recuperaci\u00f3n mucho m\u00e1s r\u00e1pida.<\/li>\n<li>Contiene 5.5 grs de amino\u00e1cidos de tipo BCAA. Esto hace que te recuperes m\u00e1s r\u00e1pidamente.<\/li>\n<\/ul>\n<figure id=\"attachment_124\" aria-describedby=\"caption-attachment-124\" style=\"width: 300px\" class=\"wp-caption alignnone\"><img fetchpriority=\"high\" decoding=\"async\" class=\"size-full wp-image-124\" src=\"https:\/\/www.demusculos.com\/web\/wp-content\/uploads\/2024\/02\/masa-muscular.png\" alt=\"Este suplemento natural es ideal para aumentar la masa muscular, incrementar la recuperaci\u00f3n muscular en hombres y mujeres.\" width=\"300\" height=\"300\" srcset=\"https:\/\/www.demusculos.com\/web\/wp-content\/uploads\/2024\/02\/masa-muscular.png 300w, https:\/\/www.demusculos.com\/web\/wp-content\/uploads\/2024\/02\/masa-muscular-150x150.png 150w\" sizes=\"(max-width: 300px) 100vw, 300px\" \/><figcaption id=\"caption-attachment-124\" class=\"wp-caption-text\">Es ideal para recuperaci\u00f3n muscular. A mayor recuperaci\u00f3n m\u00e1s aumento de masa muscular y rendimiento. Tambi\u00e9n lograremos m\u00e1s tono muscular. Las prote\u00ednas nos dan saciedad y son ideales para las dietas.<\/figcaption><\/figure>\n<h2>M\u00e1s informaci\u00f3n sobre Whey Protein Star Nutrition<\/h2>\n<p>Estudios cient\u00edficos afirman que la\u00a0<strong>prote\u00edna de suero de leche<\/strong>\u00a0o com\u00fanmente llamada\u00a0<strong>Whey Protein<\/strong>, contribuye al aumento de\u00a0<strong>masa muscular<\/strong>\u00a0y\u00a0<strong>fuerza<\/strong>.<\/p>\n<p>Esta prote\u00edna, de marca\u00a0<strong>Star Nutrition<\/strong>, tambi\u00e9n permite mayor p\u00e9rdida de grasa corporal.<\/p>\n<p>Posee otros ingredientes como ser amino\u00e1cidos, saborizantes y enzimas digestivas.<\/p>\n<p>Sana, natural y 100% aprobada en Argentina.<\/p>\n<p>(10) Reconocimiento de Star Nutrition o Nutriciencia en el mercado Argentino<\/p>\n<figure id=\"attachment_127\" aria-describedby=\"caption-attachment-127\" style=\"width: 300px\" class=\"wp-caption alignnone\"><img decoding=\"async\" class=\"size-full wp-image-127\" src=\"https:\/\/www.demusculos.com\/web\/wp-content\/uploads\/2024\/02\/1o2-scoop-x-dia.png\" alt=\"Scoop o medida interna. Es la medida que debes utilizar para consumir el producto.\" width=\"300\" height=\"300\" srcset=\"https:\/\/www.demusculos.com\/web\/wp-content\/uploads\/2024\/02\/1o2-scoop-x-dia.png 300w, https:\/\/www.demusculos.com\/web\/wp-content\/uploads\/2024\/02\/1o2-scoop-x-dia-150x150.png 150w\" sizes=\"(max-width: 300px) 100vw, 300px\" \/><figcaption id=\"caption-attachment-127\" class=\"wp-caption-text\">Se puede tomar una o dos veces por d\u00eda, por ejemplo, una toma por la ma\u00f1ana y una toma por la tarde. La toma m\u00e1s importante para tomar la prote\u00edna es luego del entrenamiento. Esto te permite una mayor recuperaci\u00f3n muscular.<\/figcaption><\/figure>\n<p>&nbsp;<\/p>\n<p>(10) Reconocimiento de esta prote\u00edna en el mercado<\/p>\n<h2>Contiene Amino\u00e1cidos<\/h2>\n<p>El suero de leche de Star Nutrition no solo contiene prote\u00edna, sino que tambi\u00e9n posee multitud de otros nutrientes que han demostrado tener beneficios en la salud en general.<\/p>\n<p>Conozcamos qu\u00e9 es exactamente este tipo de suplemento proteico y para qu\u00e9 se utiliza.<\/p>\n<h2>\u00bfQu\u00e9 es la prote\u00edna de suero de leche o Whey Protein?<\/h2>\n<p>El suero de leche es el l\u00edquido que se separa en el proceso de elaboraci\u00f3n del queso, el cual contiene dos clases de prote\u00edna:<\/p>\n<p>\u2013 Case\u00edna: 80 %.<\/p>\n<p>\u2013 Prote\u00edna de suero: 20 %.<\/p>\n<h2>Algunos Beneficios de la Prote\u00edna Whey<\/h2>\n<p>Se ha demostrado que el suero de leche adem\u00e1s ayuda a combatir la depresi\u00f3n, equilibrar la presi\u00f3n sangu\u00ednea y el az\u00facar en sangre.<\/p>\n<p>Tras su separaci\u00f3n de la leche, el suero l\u00e1cteo o Whey Protein es sometido a varios pasos que lo transforman en lo que conocemos como prote\u00edna de suero de leche, una especie de polvo que se a\u00f1ade a batidos u otros productos.<\/p>\n<p>A la Whey Protein de Star Nutrition se le a\u00f1aden saborizantes y esencias que le proporcionan un sabor agradable, ya que la prote\u00edna de suero sola tiene un gusto un tanto peculiar.<\/p>\n<p>La gran mayor\u00eda de personas suelen tolerar la prote\u00edna de suero de leche sin problemas. Otras personas son intolerantes a la lactosa, recomendamos consultar a un nutricionista.<\/p>\n<figure id=\"attachment_125\" aria-describedby=\"caption-attachment-125\" style=\"width: 300px\" class=\"wp-caption alignnone\"><img loading=\"lazy\" decoding=\"async\" class=\"size-full wp-image-125\" src=\"https:\/\/www.demusculos.com\/web\/wp-content\/uploads\/2024\/02\/agua-leche-descremada.png\" alt=\"El producto se puede preparar con agua o con leche descremanda.\" width=\"300\" height=\"300\" srcset=\"https:\/\/www.demusculos.com\/web\/wp-content\/uploads\/2024\/02\/agua-leche-descremada.png 300w, https:\/\/www.demusculos.com\/web\/wp-content\/uploads\/2024\/02\/agua-leche-descremada-150x150.png 150w\" sizes=\"(max-width: 300px) 100vw, 300px\" \/><figcaption id=\"caption-attachment-125\" class=\"wp-caption-text\">Este producto se puede preparar con agua o leche descremada. Recomendamos tomarlo con l\u00edquidos fr\u00edos.<\/figcaption><\/figure>\n<h3>Beneficios de la prote\u00edna Whey Protein Star Nutrition<\/h3>\n<p>1.\u00a0<strong>Aumenta la ingesta de prote\u00edna y amino\u00e1cidos<\/strong><\/p>\n<p>La prote\u00edna de suero de leche es un suplemento deportivo y 100% natural de gran importancia porque contiene todos los amino\u00e1cidos esenciales.<\/p>\n<p>Estos amino\u00e1cidos son aquellos que nuestro organismo no es capaz de producir.<\/p>\n<p>Principalmente, destaca por su contenido en leucina, un amino\u00e1cido promotor del crecimiento, y ciste\u00edna, que aumenta los niveles del antioxidante glutati\u00f3n.<\/p>\n<p>En otras palabras, la prote\u00edna de suero de leche resulta muy eficaz para estimular el crecimiento en seres humanos.<\/p>\n<p>2.\u00a0<strong>Aumenta la masa muscular<\/strong><\/p>\n<p>Este es sin duda el beneficio m\u00e1s conocido de la prote\u00edna de suero de leche de Star Nutrition.<\/p>\n<p>La prote\u00edna de suero aumenta el m\u00fasculo y la fuerza f\u00edsica mediante varios mecanismos:<\/p>\n<p>\u2013 Proporciona prote\u00edna y amino\u00e1cidos, ambos esenciales para desarrollar fibra muscular.<\/p>\n<p>\u2013 Estimula la liberaci\u00f3n de hormonas que impulsan el crecimiento de los m\u00fasculos.<\/p>\n<p>\u2013 Su contenido en leucina incrementa la s\u00edntesis de prote\u00edna en los m\u00fasculos.<\/p>\n<p>\u2013 El organismo la absorbe y puede hacer uso de ella r\u00e1pidamente.<\/p>\n<h3>Uno de los beneficios m\u00e1s importantes de las prote\u00ednas&#8230;<\/h3>\n<p><strong>Sacia el apetito y contribuye a la p\u00e9rdida de peso<\/strong><\/p>\n<p>La prote\u00edna es el nutriente con mayor efecto saciante, por lo que es l\u00f3gico afirmar que contribuye a la p\u00e9rdida de peso al disminuir el apetito.<\/p>\n<p>Asimismo, estudios cient\u00edficos han demostrado que el consumo de prote\u00edna acelera el metabolismo 80-100 calor\u00edas diarias, lo que se traduce en una ingesta menor de calor\u00edas al d\u00eda.<\/p>\n<p>La prote\u00edna de Star Nutrition tambi\u00e9n reduce los antojos y las ganas de \u201cpicar\u201d alimentos a cada instante.<\/p>\n<p>Por supuesto, todos estos efectos positivos en la p\u00e9rdida de peso no quieren decir que la prote\u00edna de suero de leche sea un suplemento milagroso para adelgazar. Te tienes que cuidar: Ejercicio + Dieta.<\/p>\n<p>Tan solo es un complemento para ayudarte a bajar kilos y, al mismo tiempo, evitar la p\u00e9rdida de masa muscular.<\/p>\n<p>Puedes averiguar sobre\u00a0<strong>DIETA LIQUIDA<\/strong>\u00a0A BASE DE PROTEINA WHEY o\u00a0<strong>DIETA PROTEICA<\/strong>.<\/p>\n<h2>\u00bfQu\u00e9 dosis de Whey Protein Star Nutrition es la adecuada?<\/h2>\n<p>Se recomienda tomar aproximadamente 25-50 g de prote\u00edna de suero de leche de\u00a0<strong>Star Nutrition<\/strong>\u00a0al d\u00eda despu\u00e9s de hacer ejercicio, lo que equivale a una o dos cucharadas.<\/p>\n<p>Si tu dieta incluye muchos alimentos ricos en prote\u00edna, los suplementos de prote\u00edna de suero de leche son innecesarios<\/p>\n<ul>\n<li>Puedes ver en el siguiente enlace las <strong><a href=\"https:\/\/www.demusculos.com\/contenidos\/proteinas-bajas-calorias\/\">prote\u00ednas bajas calor\u00edas<\/a><\/strong> m\u00e1s vendidas de la Argentina.<\/li>\n<li>En <strong><a href=\"https:\/\/medlineplus.gov\/spanish\/genetica\/entender\/comofuncionangenes\/proteina\/\">Medline<\/a><\/strong> consigues m\u00e1s informaci\u00f3n sobre las prote\u00ednas<\/li>\n<\/ul>\n","protected":false},"excerpt":{"rendered":"<p>Prote\u00edna de suero de leche. Ideal para aumentar masa muscular, rendimiento, recuperaci\u00f3n.<\/p>\n","protected":false},"featured_media":20903,"comment_status":"closed","ping_status":"closed","template":"","meta":[],"product_brand":[220],"product_cat":[336],"product_tag":[26,129],"class_list":{"0":"post-2839","1":"product","2":"type-product","3":"status-publish","4":"has-post-thumbnail","6":"product_brand-star-nutrition","7":"product_cat-combo-x3-proteinas","8":"product_tag-star-nutrition","9":"product_tag-whey-protein","11":"first","12":"instock","13":"sale","14":"shipping-taxable","15":"purchasable","16":"product-type-variable"},"yoast_head":"<!-- This site is optimized with the Yoast SEO plugin v27.5 - https:\/\/yoast.com\/product\/yoast-seo-wordpress\/ -->\n<title>Whey Protein Star Nutrition | 2 Lbs | Combo x3 | DeMusculos.com<\/title>\n<meta name=\"description\" content=\"Nueva prote\u00edna Whey Protein Star Nutrition de 2 lbs (907 grs) y 30 tomas para 30 d\u00edas. Vainilla y Chocoalte. Combo x 3. Recuperaci\u00f3n. Masa Muscular.\" \/>\n<meta name=\"robots\" content=\"index, follow, max-snippet:-1, max-image-preview:large, max-video-preview:-1\" \/>\n<link rel=\"canonical\" href=\"https:\/\/www.demusculos.com\/web\/producto\/3-whey-protein-star-nutrition-2-lbs-doy-pack\/\" \/>\n<meta property=\"og:locale\" content=\"es_ES\" \/>\n<meta property=\"og:type\" content=\"article\" \/>\n<meta property=\"og:title\" content=\"Whey Protein Star Nutrition | 2 Lbs | Combo x3 | DeMusculos.com\" \/>\n<meta property=\"og:description\" content=\"Nueva prote\u00edna Whey Protein Star Nutrition de 2 lbs (907 grs) y 30 tomas para 30 d\u00edas. Vainilla y Chocoalte. Combo x 3. Recuperaci\u00f3n. Masa Muscular.\" \/>\n<meta property=\"og:url\" content=\"https:\/\/www.demusculos.com\/web\/producto\/3-whey-protein-star-nutrition-2-lbs-doy-pack\/\" \/>\n<meta property=\"og:site_name\" content=\"DeMusculos\" \/>\n<meta property=\"article:publisher\" content=\"https:\/\/www.facebook.com\/demusculos\" \/>\n<meta property=\"article:modified_time\" content=\"2026-04-24T13:02:02+00:00\" \/>\n<meta property=\"og:image\" content=\"https:\/\/www.demusculos.com\/web\/wp-content\/uploads\/2024\/03\/whey-protein-star-bolsa-frentex3.webp\" \/>\n\t<meta property=\"og:image:width\" content=\"1200\" \/>\n\t<meta property=\"og:image:height\" content=\"1200\" \/>\n\t<meta property=\"og:image:type\" content=\"image\/webp\" \/>\n<meta name=\"twitter:card\" content=\"summary_large_image\" \/>\n<meta name=\"twitter:site\" content=\"@demusculos\" \/>\n<meta name=\"twitter:label1\" content=\"Tiempo de lectura\" \/>\n\t<meta name=\"twitter:data1\" content=\"6 minutos\" \/>\n<script type=\"application\/ld+json\" class=\"yoast-schema-graph\">{\"@context\":\"https:\\\/\\\/schema.org\",\"@graph\":[{\"@type\":\"WebPage\",\"@id\":\"https:\\\/\\\/www.demusculos.com\\\/web\\\/producto\\\/3-whey-protein-star-nutrition-2-lbs-doy-pack\\\/\",\"url\":\"https:\\\/\\\/www.demusculos.com\\\/web\\\/producto\\\/3-whey-protein-star-nutrition-2-lbs-doy-pack\\\/\",\"name\":\"Whey Protein Star Nutrition | 2 Lbs | Combo x3 | DeMusculos.com\",\"isPartOf\":{\"@id\":\"https:\\\/\\\/www.demusculos.com\\\/web\\\/#website\"},\"primaryImageOfPage\":{\"@id\":\"https:\\\/\\\/www.demusculos.com\\\/web\\\/producto\\\/3-whey-protein-star-nutrition-2-lbs-doy-pack\\\/#primaryimage\"},\"image\":{\"@id\":\"https:\\\/\\\/www.demusculos.com\\\/web\\\/producto\\\/3-whey-protein-star-nutrition-2-lbs-doy-pack\\\/#primaryimage\"},\"thumbnailUrl\":\"https:\\\/\\\/www.demusculos.com\\\/web\\\/wp-content\\\/uploads\\\/2024\\\/03\\\/whey-protein-star-bolsa-frentex3.webp\",\"datePublished\":\"2024-03-12T11:17:36+00:00\",\"dateModified\":\"2026-04-24T13:02:02+00:00\",\"description\":\"Nueva prote\u00edna Whey Protein Star Nutrition de 2 lbs (907 grs) y 30 tomas para 30 d\u00edas. Vainilla y Chocoalte. Combo x 3. Recuperaci\u00f3n. Masa Muscular.\",\"breadcrumb\":{\"@id\":\"https:\\\/\\\/www.demusculos.com\\\/web\\\/producto\\\/3-whey-protein-star-nutrition-2-lbs-doy-pack\\\/#breadcrumb\"},\"inLanguage\":\"es\",\"potentialAction\":[{\"@type\":\"ReadAction\",\"target\":[\"https:\\\/\\\/www.demusculos.com\\\/web\\\/producto\\\/3-whey-protein-star-nutrition-2-lbs-doy-pack\\\/\"]}]},{\"@type\":\"ImageObject\",\"inLanguage\":\"es\",\"@id\":\"https:\\\/\\\/www.demusculos.com\\\/web\\\/producto\\\/3-whey-protein-star-nutrition-2-lbs-doy-pack\\\/#primaryimage\",\"url\":\"https:\\\/\\\/www.demusculos.com\\\/web\\\/wp-content\\\/uploads\\\/2024\\\/03\\\/whey-protein-star-bolsa-frentex3.webp\",\"contentUrl\":\"https:\\\/\\\/www.demusculos.com\\\/web\\\/wp-content\\\/uploads\\\/2024\\\/03\\\/whey-protein-star-bolsa-frentex3.webp\",\"width\":1200,\"height\":1200,\"caption\":\"Prote\u00edna Star Nutrition en bolsa DoyPack 2 lbs\"},{\"@type\":\"BreadcrumbList\",\"@id\":\"https:\\\/\\\/www.demusculos.com\\\/web\\\/producto\\\/3-whey-protein-star-nutrition-2-lbs-doy-pack\\\/#breadcrumb\",\"itemListElement\":[{\"@type\":\"ListItem\",\"position\":1,\"name\":\"Inicio\",\"item\":\"https:\\\/\\\/www.demusculos.com\\\/web\\\/\"},{\"@type\":\"ListItem\",\"position\":2,\"name\":\"Suplementos\",\"item\":\"https:\\\/\\\/www.demusculos.com\\\/web\\\/tienda\\\/\"},{\"@type\":\"ListItem\",\"position\":3,\"name\":\"(3) Whey Protein Star Nutrition 2 Lbs (Doy Pack)\"}]},{\"@type\":\"WebSite\",\"@id\":\"https:\\\/\\\/www.demusculos.com\\\/web\\\/#website\",\"url\":\"https:\\\/\\\/www.demusculos.com\\\/web\\\/\",\"name\":\"DeMusculos.com\",\"description\":\"Suplementos Naturales\",\"publisher\":{\"@id\":\"https:\\\/\\\/www.demusculos.com\\\/web\\\/#organization\"},\"alternateName\":\"Suplementos Naturales\",\"potentialAction\":[{\"@type\":\"SearchAction\",\"target\":{\"@type\":\"EntryPoint\",\"urlTemplate\":\"https:\\\/\\\/www.demusculos.com\\\/web\\\/?s={search_term_string}\"},\"query-input\":{\"@type\":\"PropertyValueSpecification\",\"valueRequired\":true,\"valueName\":\"search_term_string\"}}],\"inLanguage\":\"es\"},{\"@type\":\"Organization\",\"@id\":\"https:\\\/\\\/www.demusculos.com\\\/web\\\/#organization\",\"name\":\"DeMusculos.com\",\"alternateName\":\"DeMusculos\",\"url\":\"https:\\\/\\\/www.demusculos.com\\\/web\\\/\",\"logo\":{\"@type\":\"ImageObject\",\"inLanguage\":\"es\",\"@id\":\"https:\\\/\\\/www.demusculos.com\\\/web\\\/#\\\/schema\\\/logo\\\/image\\\/\",\"url\":\"https:\\\/\\\/www.demusculos.com\\\/web\\\/wp-content\\\/uploads\\\/2024\\\/02\\\/logo-demusculos-prestashop-usuario.png\",\"contentUrl\":\"https:\\\/\\\/www.demusculos.com\\\/web\\\/wp-content\\\/uploads\\\/2024\\\/02\\\/logo-demusculos-prestashop-usuario.png\",\"width\":150,\"height\":150,\"caption\":\"DeMusculos.com\"},\"image\":{\"@id\":\"https:\\\/\\\/www.demusculos.com\\\/web\\\/#\\\/schema\\\/logo\\\/image\\\/\"},\"sameAs\":[\"https:\\\/\\\/www.facebook.com\\\/demusculos\",\"https:\\\/\\\/x.com\\\/demusculos\",\"https:\\\/\\\/www.instagram.com\\\/demusculos\",\"https:\\\/\\\/www.tiktok.com\\\/@demusculos.com\"]}]}<\/script>\n<!-- \/ Yoast SEO plugin. -->","yoast_head_json":{"title":"Whey Protein Star Nutrition | 2 Lbs | Combo x3 | DeMusculos.com","description":"Nueva prote\u00edna Whey Protein Star Nutrition de 2 lbs (907 grs) y 30 tomas para 30 d\u00edas. Vainilla y Chocoalte. Combo x 3. Recuperaci\u00f3n. Masa Muscular.","robots":{"index":"index","follow":"follow","max-snippet":"max-snippet:-1","max-image-preview":"max-image-preview:large","max-video-preview":"max-video-preview:-1"},"canonical":"https:\/\/www.demusculos.com\/web\/producto\/3-whey-protein-star-nutrition-2-lbs-doy-pack\/","og_locale":"es_ES","og_type":"article","og_title":"Whey Protein Star Nutrition | 2 Lbs | Combo x3 | DeMusculos.com","og_description":"Nueva prote\u00edna Whey Protein Star Nutrition de 2 lbs (907 grs) y 30 tomas para 30 d\u00edas. Vainilla y Chocoalte. Combo x 3. Recuperaci\u00f3n. Masa Muscular.","og_url":"https:\/\/www.demusculos.com\/web\/producto\/3-whey-protein-star-nutrition-2-lbs-doy-pack\/","og_site_name":"DeMusculos","article_publisher":"https:\/\/www.facebook.com\/demusculos","article_modified_time":"2026-04-24T13:02:02+00:00","og_image":[{"width":1200,"height":1200,"url":"https:\/\/www.demusculos.com\/web\/wp-content\/uploads\/2024\/03\/whey-protein-star-bolsa-frentex3.webp","type":"image\/webp"}],"twitter_card":"summary_large_image","twitter_site":"@demusculos","twitter_misc":{"Tiempo de lectura":"6 minutos"},"schema":{"@context":"https:\/\/schema.org","@graph":[{"@type":"WebPage","@id":"https:\/\/www.demusculos.com\/web\/producto\/3-whey-protein-star-nutrition-2-lbs-doy-pack\/","url":"https:\/\/www.demusculos.com\/web\/producto\/3-whey-protein-star-nutrition-2-lbs-doy-pack\/","name":"Whey Protein Star Nutrition | 2 Lbs | Combo x3 | DeMusculos.com","isPartOf":{"@id":"https:\/\/www.demusculos.com\/web\/#website"},"primaryImageOfPage":{"@id":"https:\/\/www.demusculos.com\/web\/producto\/3-whey-protein-star-nutrition-2-lbs-doy-pack\/#primaryimage"},"image":{"@id":"https:\/\/www.demusculos.com\/web\/producto\/3-whey-protein-star-nutrition-2-lbs-doy-pack\/#primaryimage"},"thumbnailUrl":"https:\/\/www.demusculos.com\/web\/wp-content\/uploads\/2024\/03\/whey-protein-star-bolsa-frentex3.webp","datePublished":"2024-03-12T11:17:36+00:00","dateModified":"2026-04-24T13:02:02+00:00","description":"Nueva prote\u00edna Whey Protein Star Nutrition de 2 lbs (907 grs) y 30 tomas para 30 d\u00edas. Vainilla y Chocoalte. Combo x 3. Recuperaci\u00f3n. Masa Muscular.","breadcrumb":{"@id":"https:\/\/www.demusculos.com\/web\/producto\/3-whey-protein-star-nutrition-2-lbs-doy-pack\/#breadcrumb"},"inLanguage":"es","potentialAction":[{"@type":"ReadAction","target":["https:\/\/www.demusculos.com\/web\/producto\/3-whey-protein-star-nutrition-2-lbs-doy-pack\/"]}]},{"@type":"ImageObject","inLanguage":"es","@id":"https:\/\/www.demusculos.com\/web\/producto\/3-whey-protein-star-nutrition-2-lbs-doy-pack\/#primaryimage","url":"https:\/\/www.demusculos.com\/web\/wp-content\/uploads\/2024\/03\/whey-protein-star-bolsa-frentex3.webp","contentUrl":"https:\/\/www.demusculos.com\/web\/wp-content\/uploads\/2024\/03\/whey-protein-star-bolsa-frentex3.webp","width":1200,"height":1200,"caption":"Prote\u00edna Star Nutrition en bolsa DoyPack 2 lbs"},{"@type":"BreadcrumbList","@id":"https:\/\/www.demusculos.com\/web\/producto\/3-whey-protein-star-nutrition-2-lbs-doy-pack\/#breadcrumb","itemListElement":[{"@type":"ListItem","position":1,"name":"Inicio","item":"https:\/\/www.demusculos.com\/web\/"},{"@type":"ListItem","position":2,"name":"Suplementos","item":"https:\/\/www.demusculos.com\/web\/tienda\/"},{"@type":"ListItem","position":3,"name":"(3) Whey Protein Star Nutrition 2 Lbs (Doy Pack)"}]},{"@type":"WebSite","@id":"https:\/\/www.demusculos.com\/web\/#website","url":"https:\/\/www.demusculos.com\/web\/","name":"DeMusculos.com","description":"Suplementos Naturales","publisher":{"@id":"https:\/\/www.demusculos.com\/web\/#organization"},"alternateName":"Suplementos Naturales","potentialAction":[{"@type":"SearchAction","target":{"@type":"EntryPoint","urlTemplate":"https:\/\/www.demusculos.com\/web\/?s={search_term_string}"},"query-input":{"@type":"PropertyValueSpecification","valueRequired":true,"valueName":"search_term_string"}}],"inLanguage":"es"},{"@type":"Organization","@id":"https:\/\/www.demusculos.com\/web\/#organization","name":"DeMusculos.com","alternateName":"DeMusculos","url":"https:\/\/www.demusculos.com\/web\/","logo":{"@type":"ImageObject","inLanguage":"es","@id":"https:\/\/www.demusculos.com\/web\/#\/schema\/logo\/image\/","url":"https:\/\/www.demusculos.com\/web\/wp-content\/uploads\/2024\/02\/logo-demusculos-prestashop-usuario.png","contentUrl":"https:\/\/www.demusculos.com\/web\/wp-content\/uploads\/2024\/02\/logo-demusculos-prestashop-usuario.png","width":150,"height":150,"caption":"DeMusculos.com"},"image":{"@id":"https:\/\/www.demusculos.com\/web\/#\/schema\/logo\/image\/"},"sameAs":["https:\/\/www.facebook.com\/demusculos","https:\/\/x.com\/demusculos","https:\/\/www.instagram.com\/demusculos","https:\/\/www.tiktok.com\/@demusculos.com"]}]}},"_links":{"self":[{"href":"https:\/\/www.demusculos.com\/web\/wp-json\/wp\/v2\/product\/2839","targetHints":{"allow":["GET"]}}],"collection":[{"href":"https:\/\/www.demusculos.com\/web\/wp-json\/wp\/v2\/product"}],"about":[{"href":"https:\/\/www.demusculos.com\/web\/wp-json\/wp\/v2\/types\/product"}],"replies":[{"embeddable":true,"href":"https:\/\/www.demusculos.com\/web\/wp-json\/wp\/v2\/comments?post=2839"}],"wp:featuredmedia":[{"embeddable":true,"href":"https:\/\/www.demusculos.com\/web\/wp-json\/wp\/v2\/media\/20903"}],"wp:attachment":[{"href":"https:\/\/www.demusculos.com\/web\/wp-json\/wp\/v2\/media?parent=2839"}],"wp:term":[{"taxonomy":"product_brand","embeddable":true,"href":"https:\/\/www.demusculos.com\/web\/wp-json\/wp\/v2\/product_brand?post=2839"},{"taxonomy":"product_cat","embeddable":true,"href":"https:\/\/www.demusculos.com\/web\/wp-json\/wp\/v2\/product_cat?post=2839"},{"taxonomy":"product_tag","embeddable":true,"href":"https:\/\/www.demusculos.com\/web\/wp-json\/wp\/v2\/product_tag?post=2839"}],"curies":[{"name":"wp","href":"https:\/\/api.w.org\/{rel}","templated":true}]}}