{"id":2852,"date":"2024-03-12T10:39:55","date_gmt":"2024-03-12T13:39:55","guid":{"rendered":"https:\/\/www.demusculos.com\/web\/?post_type=product&#038;p=2852"},"modified":"2026-04-24T13:58:15","modified_gmt":"2026-04-24T16:58:15","slug":"nox-blood-180-grs-hoch-sport","status":"publish","type":"product","link":"https:\/\/www.demusculos.com\/web\/producto\/nox-blood-180-grs-hoch-sport\/","title":{"rendered":"Nox Blood 180 grs Hoch Sport"},"content":{"rendered":"<figure id=\"attachment_299\" aria-describedby=\"caption-attachment-299\" style=\"width: 446px\" class=\"wp-caption alignnone\"><img decoding=\"async\" class=\"size-full wp-image-299\" src=\"https:\/\/www.demusculos.com\/web\/wp-content\/uploads\/2024\/02\/logo-hoch-sport.png\" alt=\"Fabricado por Hoch Sport en Argentina. Empresa que desarrolla los suplementos naturales m\u00e1s vers\u00e1tiles del mercado.\" width=\"446\" height=\"103\" srcset=\"https:\/\/www.demusculos.com\/web\/wp-content\/uploads\/2024\/02\/logo-hoch-sport.png 446w, https:\/\/www.demusculos.com\/web\/wp-content\/uploads\/2024\/02\/logo-hoch-sport-300x69.png 300w, https:\/\/www.demusculos.com\/web\/wp-content\/uploads\/2024\/02\/logo-hoch-sport-150x35.png 150w, https:\/\/www.demusculos.com\/web\/wp-content\/uploads\/2024\/02\/logo-hoch-sport-416x96.png 416w\" sizes=\"(max-width: 446px) 100vw, 446px\" \/><figcaption id=\"caption-attachment-299\" class=\"wp-caption-text\">Fabricado por Hoch Sport en Argentina. Empresa que desarrolla los suplementos naturales m\u00e1s vers\u00e1tiles del mercado.<\/figcaption><\/figure>\n<p>NOX-BLOOD X 180 g.<br \/>\nPosee tres diferentes formas de precursores del N.O.: L-Citrulina, L-Arginina clorhidrato y L-Arginina alfa cetoglutarato.<\/p>\n<p>&gt; Masa muscular<br \/>\n&gt; Rendimiento<br \/>\n&gt; Recuperaci\u00f3n<br \/>\n&gt; Oxigenaci\u00f3n y mejor transporte de nutrientes hacia la fibra muscular<br \/>\n&gt; En polvo, r\u00e1pida asimilaci\u00f3n<\/p>\n<p>Combina Beta-alanina y vitaminas del complejo B.<br \/>\nPresentaci\u00f3n:<br \/>\nEnvase de 180g. sabor naranja para preparar bebida de consumo inmediato (25 porciones por envase).<br \/>\nModo de Uso:<br \/>\nComenzar bebiendo medio (1\/2) scoop mezclado con 100ml. de agua fr\u00eda 30 a 45 minutos antes del entrenamiento, si el producto es bien tolerado puede evaluar una dosis de 1 scoop mezclado con 200 a 300 ml. en las mismas condiciones.<br \/>\nInformaci\u00f3n Nutricional (cada porci\u00f3n de 7.1g. = 1 Scoop)<br \/>\nVitamina B6 2.6mg.<br \/>\nVitamina B12 4.8ug.<br \/>\nL-Citrulina 3000mg.<br \/>\nL-Arginina AKG 1500mg.<br \/>\nL-Arginina HCL 500mg.<br \/>\nBeta-Alanina 500mg.<\/p>\n<div class=\"video-container\"><iframe title=\"Nox Blood 180 grs de Hoch Sport - Suplementos Naturales\" width=\"1170\" height=\"658\" src=\"https:\/\/www.youtube.com\/embed\/prbutFy8e5U?feature=oembed\" frameborder=\"0\" allow=\"accelerometer; autoplay; clipboard-write; encrypted-media; gyroscope; picture-in-picture; web-share\" referrerpolicy=\"strict-origin-when-cross-origin\" allowfullscreen><\/iframe><\/div>\n","protected":false},"excerpt":{"rendered":"<p>Pre Entrenamiento. Ideal para elevar los niveles de energ\u00eda. Rendimiento. Recuperaci\u00f3n.<\/p>\n","protected":false},"featured_media":2853,"comment_status":"closed","ping_status":"closed","template":"","meta":[],"product_brand":[237],"product_cat":[53],"product_tag":[86,76,20],"class_list":{"0":"post-2852","1":"product","2":"type-product","3":"status-publish","4":"has-post-thumbnail","6":"product_brand-hoch-sport","7":"product_cat-oxido-nitrico","8":"product_tag-energia","9":"product_tag-fatiga","10":"product_tag-hoch-sport","12":"first","13":"instock","14":"sale","15":"shipping-taxable","16":"purchasable","17":"product-type-simple"},"yoast_head":"<!-- This site is optimized with the Yoast SEO plugin v27.5 - https:\/\/yoast.com\/product\/yoast-seo-wordpress\/ -->\n<title>Nox Blood | 180 grs | Hoch Sport | Pre Entrenamiento | Energ\u00eda<\/title>\n<meta name=\"description\" content=\"Nox Blood es un producto que te ayuda a elevar los niveles de energ\u00eda. Se toma antes del entrenamiento y obtenemos rendiminto X2. Env\u00edo a toda la Argentina.\" \/>\n<meta name=\"robots\" content=\"index, follow, max-snippet:-1, max-image-preview:large, max-video-preview:-1\" \/>\n<link rel=\"canonical\" href=\"https:\/\/www.demusculos.com\/web\/producto\/nox-blood-180-grs-hoch-sport\/\" \/>\n<meta property=\"og:locale\" content=\"es_ES\" \/>\n<meta property=\"og:type\" content=\"article\" \/>\n<meta property=\"og:title\" content=\"Nox Blood | 180 grs | Hoch Sport | Pre Entrenamiento | Energ\u00eda\" \/>\n<meta property=\"og:description\" content=\"Nox Blood es un producto que te ayuda a elevar los niveles de energ\u00eda. Se toma antes del entrenamiento y obtenemos rendiminto X2. Env\u00edo a toda la Argentina.\" \/>\n<meta property=\"og:url\" content=\"https:\/\/www.demusculos.com\/web\/producto\/nox-blood-180-grs-hoch-sport\/\" \/>\n<meta property=\"og:site_name\" content=\"DeMusculos\" \/>\n<meta property=\"article:publisher\" content=\"https:\/\/www.facebook.com\/demusculos\" \/>\n<meta property=\"article:modified_time\" content=\"2026-04-24T16:58:15+00:00\" \/>\n<meta property=\"og:image\" content=\"https:\/\/www.demusculos.com\/web\/wp-content\/uploads\/2024\/03\/nox-blood-x01-hoch-sport.jpg\" \/>\n\t<meta property=\"og:image:width\" content=\"1200\" \/>\n\t<meta property=\"og:image:height\" content=\"1200\" \/>\n\t<meta property=\"og:image:type\" content=\"image\/jpeg\" \/>\n<meta name=\"twitter:card\" content=\"summary_large_image\" \/>\n<meta name=\"twitter:site\" content=\"@demusculos\" \/>\n<meta name=\"twitter:label1\" content=\"Tiempo de lectura\" \/>\n\t<meta name=\"twitter:data1\" content=\"2 minutos\" \/>\n<script type=\"application\/ld+json\" class=\"yoast-schema-graph\">{\"@context\":\"https:\\\/\\\/schema.org\",\"@graph\":[{\"@type\":\"WebPage\",\"@id\":\"https:\\\/\\\/www.demusculos.com\\\/web\\\/producto\\\/nox-blood-180-grs-hoch-sport\\\/\",\"url\":\"https:\\\/\\\/www.demusculos.com\\\/web\\\/producto\\\/nox-blood-180-grs-hoch-sport\\\/\",\"name\":\"Nox Blood | 180 grs | Hoch Sport | Pre Entrenamiento | Energ\u00eda\",\"isPartOf\":{\"@id\":\"https:\\\/\\\/www.demusculos.com\\\/web\\\/#website\"},\"primaryImageOfPage\":{\"@id\":\"https:\\\/\\\/www.demusculos.com\\\/web\\\/producto\\\/nox-blood-180-grs-hoch-sport\\\/#primaryimage\"},\"image\":{\"@id\":\"https:\\\/\\\/www.demusculos.com\\\/web\\\/producto\\\/nox-blood-180-grs-hoch-sport\\\/#primaryimage\"},\"thumbnailUrl\":\"https:\\\/\\\/www.demusculos.com\\\/web\\\/wp-content\\\/uploads\\\/2024\\\/03\\\/nox-blood-x01-hoch-sport.jpg\",\"datePublished\":\"2024-03-12T13:39:55+00:00\",\"dateModified\":\"2026-04-24T16:58:15+00:00\",\"description\":\"Nox Blood es un producto que te ayuda a elevar los niveles de energ\u00eda. Se toma antes del entrenamiento y obtenemos rendiminto X2. Env\u00edo a toda la Argentina.\",\"breadcrumb\":{\"@id\":\"https:\\\/\\\/www.demusculos.com\\\/web\\\/producto\\\/nox-blood-180-grs-hoch-sport\\\/#breadcrumb\"},\"inLanguage\":\"es\",\"potentialAction\":[{\"@type\":\"ReadAction\",\"target\":[\"https:\\\/\\\/www.demusculos.com\\\/web\\\/producto\\\/nox-blood-180-grs-hoch-sport\\\/\"]}]},{\"@type\":\"ImageObject\",\"inLanguage\":\"es\",\"@id\":\"https:\\\/\\\/www.demusculos.com\\\/web\\\/producto\\\/nox-blood-180-grs-hoch-sport\\\/#primaryimage\",\"url\":\"https:\\\/\\\/www.demusculos.com\\\/web\\\/wp-content\\\/uploads\\\/2024\\\/03\\\/nox-blood-x01-hoch-sport.jpg\",\"contentUrl\":\"https:\\\/\\\/www.demusculos.com\\\/web\\\/wp-content\\\/uploads\\\/2024\\\/03\\\/nox-blood-x01-hoch-sport.jpg\",\"width\":1200,\"height\":1200,\"caption\":\"Nox Blood de Hoch Sport x 180 grs\"},{\"@type\":\"BreadcrumbList\",\"@id\":\"https:\\\/\\\/www.demusculos.com\\\/web\\\/producto\\\/nox-blood-180-grs-hoch-sport\\\/#breadcrumb\",\"itemListElement\":[{\"@type\":\"ListItem\",\"position\":1,\"name\":\"Inicio\",\"item\":\"https:\\\/\\\/www.demusculos.com\\\/web\\\/\"},{\"@type\":\"ListItem\",\"position\":2,\"name\":\"Suplementos\",\"item\":\"https:\\\/\\\/www.demusculos.com\\\/web\\\/tienda\\\/\"},{\"@type\":\"ListItem\",\"position\":3,\"name\":\"Nox Blood 180 grs Hoch Sport\"}]},{\"@type\":\"WebSite\",\"@id\":\"https:\\\/\\\/www.demusculos.com\\\/web\\\/#website\",\"url\":\"https:\\\/\\\/www.demusculos.com\\\/web\\\/\",\"name\":\"DeMusculos.com\",\"description\":\"Suplementos Naturales\",\"publisher\":{\"@id\":\"https:\\\/\\\/www.demusculos.com\\\/web\\\/#organization\"},\"alternateName\":\"Suplementos Naturales\",\"potentialAction\":[{\"@type\":\"SearchAction\",\"target\":{\"@type\":\"EntryPoint\",\"urlTemplate\":\"https:\\\/\\\/www.demusculos.com\\\/web\\\/?s={search_term_string}\"},\"query-input\":{\"@type\":\"PropertyValueSpecification\",\"valueRequired\":true,\"valueName\":\"search_term_string\"}}],\"inLanguage\":\"es\"},{\"@type\":\"Organization\",\"@id\":\"https:\\\/\\\/www.demusculos.com\\\/web\\\/#organization\",\"name\":\"DeMusculos.com\",\"alternateName\":\"DeMusculos\",\"url\":\"https:\\\/\\\/www.demusculos.com\\\/web\\\/\",\"logo\":{\"@type\":\"ImageObject\",\"inLanguage\":\"es\",\"@id\":\"https:\\\/\\\/www.demusculos.com\\\/web\\\/#\\\/schema\\\/logo\\\/image\\\/\",\"url\":\"https:\\\/\\\/www.demusculos.com\\\/web\\\/wp-content\\\/uploads\\\/2024\\\/02\\\/logo-demusculos-prestashop-usuario.png\",\"contentUrl\":\"https:\\\/\\\/www.demusculos.com\\\/web\\\/wp-content\\\/uploads\\\/2024\\\/02\\\/logo-demusculos-prestashop-usuario.png\",\"width\":150,\"height\":150,\"caption\":\"DeMusculos.com\"},\"image\":{\"@id\":\"https:\\\/\\\/www.demusculos.com\\\/web\\\/#\\\/schema\\\/logo\\\/image\\\/\"},\"sameAs\":[\"https:\\\/\\\/www.facebook.com\\\/demusculos\",\"https:\\\/\\\/x.com\\\/demusculos\",\"https:\\\/\\\/www.instagram.com\\\/demusculos\",\"https:\\\/\\\/www.tiktok.com\\\/@demusculos.com\"]}]}<\/script>\n<!-- \/ Yoast SEO plugin. -->","yoast_head_json":{"title":"Nox Blood | 180 grs | Hoch Sport | Pre Entrenamiento | Energ\u00eda","description":"Nox Blood es un producto que te ayuda a elevar los niveles de energ\u00eda. Se toma antes del entrenamiento y obtenemos rendiminto X2. Env\u00edo a toda la Argentina.","robots":{"index":"index","follow":"follow","max-snippet":"max-snippet:-1","max-image-preview":"max-image-preview:large","max-video-preview":"max-video-preview:-1"},"canonical":"https:\/\/www.demusculos.com\/web\/producto\/nox-blood-180-grs-hoch-sport\/","og_locale":"es_ES","og_type":"article","og_title":"Nox Blood | 180 grs | Hoch Sport | Pre Entrenamiento | Energ\u00eda","og_description":"Nox Blood es un producto que te ayuda a elevar los niveles de energ\u00eda. Se toma antes del entrenamiento y obtenemos rendiminto X2. Env\u00edo a toda la Argentina.","og_url":"https:\/\/www.demusculos.com\/web\/producto\/nox-blood-180-grs-hoch-sport\/","og_site_name":"DeMusculos","article_publisher":"https:\/\/www.facebook.com\/demusculos","article_modified_time":"2026-04-24T16:58:15+00:00","og_image":[{"width":1200,"height":1200,"url":"https:\/\/www.demusculos.com\/web\/wp-content\/uploads\/2024\/03\/nox-blood-x01-hoch-sport.jpg","type":"image\/jpeg"}],"twitter_card":"summary_large_image","twitter_site":"@demusculos","twitter_misc":{"Tiempo de lectura":"2 minutos"},"schema":{"@context":"https:\/\/schema.org","@graph":[{"@type":"WebPage","@id":"https:\/\/www.demusculos.com\/web\/producto\/nox-blood-180-grs-hoch-sport\/","url":"https:\/\/www.demusculos.com\/web\/producto\/nox-blood-180-grs-hoch-sport\/","name":"Nox Blood | 180 grs | Hoch Sport | Pre Entrenamiento | Energ\u00eda","isPartOf":{"@id":"https:\/\/www.demusculos.com\/web\/#website"},"primaryImageOfPage":{"@id":"https:\/\/www.demusculos.com\/web\/producto\/nox-blood-180-grs-hoch-sport\/#primaryimage"},"image":{"@id":"https:\/\/www.demusculos.com\/web\/producto\/nox-blood-180-grs-hoch-sport\/#primaryimage"},"thumbnailUrl":"https:\/\/www.demusculos.com\/web\/wp-content\/uploads\/2024\/03\/nox-blood-x01-hoch-sport.jpg","datePublished":"2024-03-12T13:39:55+00:00","dateModified":"2026-04-24T16:58:15+00:00","description":"Nox Blood es un producto que te ayuda a elevar los niveles de energ\u00eda. Se toma antes del entrenamiento y obtenemos rendiminto X2. Env\u00edo a toda la Argentina.","breadcrumb":{"@id":"https:\/\/www.demusculos.com\/web\/producto\/nox-blood-180-grs-hoch-sport\/#breadcrumb"},"inLanguage":"es","potentialAction":[{"@type":"ReadAction","target":["https:\/\/www.demusculos.com\/web\/producto\/nox-blood-180-grs-hoch-sport\/"]}]},{"@type":"ImageObject","inLanguage":"es","@id":"https:\/\/www.demusculos.com\/web\/producto\/nox-blood-180-grs-hoch-sport\/#primaryimage","url":"https:\/\/www.demusculos.com\/web\/wp-content\/uploads\/2024\/03\/nox-blood-x01-hoch-sport.jpg","contentUrl":"https:\/\/www.demusculos.com\/web\/wp-content\/uploads\/2024\/03\/nox-blood-x01-hoch-sport.jpg","width":1200,"height":1200,"caption":"Nox Blood de Hoch Sport x 180 grs"},{"@type":"BreadcrumbList","@id":"https:\/\/www.demusculos.com\/web\/producto\/nox-blood-180-grs-hoch-sport\/#breadcrumb","itemListElement":[{"@type":"ListItem","position":1,"name":"Inicio","item":"https:\/\/www.demusculos.com\/web\/"},{"@type":"ListItem","position":2,"name":"Suplementos","item":"https:\/\/www.demusculos.com\/web\/tienda\/"},{"@type":"ListItem","position":3,"name":"Nox Blood 180 grs Hoch Sport"}]},{"@type":"WebSite","@id":"https:\/\/www.demusculos.com\/web\/#website","url":"https:\/\/www.demusculos.com\/web\/","name":"DeMusculos.com","description":"Suplementos Naturales","publisher":{"@id":"https:\/\/www.demusculos.com\/web\/#organization"},"alternateName":"Suplementos Naturales","potentialAction":[{"@type":"SearchAction","target":{"@type":"EntryPoint","urlTemplate":"https:\/\/www.demusculos.com\/web\/?s={search_term_string}"},"query-input":{"@type":"PropertyValueSpecification","valueRequired":true,"valueName":"search_term_string"}}],"inLanguage":"es"},{"@type":"Organization","@id":"https:\/\/www.demusculos.com\/web\/#organization","name":"DeMusculos.com","alternateName":"DeMusculos","url":"https:\/\/www.demusculos.com\/web\/","logo":{"@type":"ImageObject","inLanguage":"es","@id":"https:\/\/www.demusculos.com\/web\/#\/schema\/logo\/image\/","url":"https:\/\/www.demusculos.com\/web\/wp-content\/uploads\/2024\/02\/logo-demusculos-prestashop-usuario.png","contentUrl":"https:\/\/www.demusculos.com\/web\/wp-content\/uploads\/2024\/02\/logo-demusculos-prestashop-usuario.png","width":150,"height":150,"caption":"DeMusculos.com"},"image":{"@id":"https:\/\/www.demusculos.com\/web\/#\/schema\/logo\/image\/"},"sameAs":["https:\/\/www.facebook.com\/demusculos","https:\/\/x.com\/demusculos","https:\/\/www.instagram.com\/demusculos","https:\/\/www.tiktok.com\/@demusculos.com"]}]}},"_links":{"self":[{"href":"https:\/\/www.demusculos.com\/web\/wp-json\/wp\/v2\/product\/2852","targetHints":{"allow":["GET"]}}],"collection":[{"href":"https:\/\/www.demusculos.com\/web\/wp-json\/wp\/v2\/product"}],"about":[{"href":"https:\/\/www.demusculos.com\/web\/wp-json\/wp\/v2\/types\/product"}],"replies":[{"embeddable":true,"href":"https:\/\/www.demusculos.com\/web\/wp-json\/wp\/v2\/comments?post=2852"}],"wp:featuredmedia":[{"embeddable":true,"href":"https:\/\/www.demusculos.com\/web\/wp-json\/wp\/v2\/media\/2853"}],"wp:attachment":[{"href":"https:\/\/www.demusculos.com\/web\/wp-json\/wp\/v2\/media?parent=2852"}],"wp:term":[{"taxonomy":"product_brand","embeddable":true,"href":"https:\/\/www.demusculos.com\/web\/wp-json\/wp\/v2\/product_brand?post=2852"},{"taxonomy":"product_cat","embeddable":true,"href":"https:\/\/www.demusculos.com\/web\/wp-json\/wp\/v2\/product_cat?post=2852"},{"taxonomy":"product_tag","embeddable":true,"href":"https:\/\/www.demusculos.com\/web\/wp-json\/wp\/v2\/product_tag?post=2852"}],"curies":[{"name":"wp","href":"https:\/\/api.w.org\/{rel}","templated":true}]}}