{"id":2972,"date":"2024-03-13T11:50:26","date_gmt":"2024-03-13T14:50:26","guid":{"rendered":"https:\/\/www.demusculos.com\/web\/?post_type=product&#038;p=2972"},"modified":"2026-02-01T20:02:14","modified_gmt":"2026-02-01T23:02:14","slug":"2-oxido-nitrico-htn","status":"publish","type":"product","link":"https:\/\/www.demusculos.com\/web\/producto\/2-oxido-nitrico-htn\/","title":{"rendered":"\u00d3xido N\u00edtrico Nitro M de HTN x 2 unidades (225 + 225 grs)"},"content":{"rendered":"<p data-start=\"312\" data-end=\"393\"><strong data-start=\"312\" data-end=\"393\">Nitro-M Xtreme HTN \u2013 \u00d3xido N\u00edtrico en Polvo con Citrato de Magnesio \u2013 225 grs<\/strong><\/p>\n<p data-start=\"395\" data-end=\"711\">\u00bfSent\u00eds que tu entrenamiento se queda corto? \u00bfQue podr\u00edas rendir m\u00e1s pero el cuerpo no te acompa\u00f1a?<br data-start=\"494\" data-end=\"497\" \/>Ah\u00ed es donde entra en juego <strong data-start=\"525\" data-end=\"550\">Nitro-M Xtreme de HTN<\/strong>, un suplemento natural que act\u00faa como un \u00ababridor de caminos\u00bb para que tu cuerpo entrene mejor, se recupere m\u00e1s r\u00e1pido y funcione como una m\u00e1quina bien afinada.<\/p>\n<p data-start=\"395\" data-end=\"711\"><img decoding=\"async\" class=\"alignnone size-full wp-image-12543\" src=\"https:\/\/www.demusculos.com\/web\/wp-content\/uploads\/2025\/06\/logo-htn.webp\" alt=\"Suplementos Naturales HTN\" width=\"446\" height=\"103\" srcset=\"https:\/\/www.demusculos.com\/web\/wp-content\/uploads\/2025\/06\/logo-htn.webp 446w, https:\/\/www.demusculos.com\/web\/wp-content\/uploads\/2025\/06\/logo-htn-300x69.webp 300w, https:\/\/www.demusculos.com\/web\/wp-content\/uploads\/2025\/06\/logo-htn-441x102.webp 441w, https:\/\/www.demusculos.com\/web\/wp-content\/uploads\/2025\/06\/logo-htn-150x35.webp 150w\" sizes=\"(max-width: 446px) 100vw, 446px\" \/><\/p>\n<p data-start=\"713\" data-end=\"1009\">Este producto no es un energizante con cafe\u00edna. Es un <strong data-start=\"767\" data-end=\"792\">vasodilatador natural<\/strong> a base de Arginina AKG, Citrulina y Ornitina, dise\u00f1ado para <strong data-start=\"853\" data-end=\"890\">aumentar la circulaci\u00f3n sangu\u00ednea<\/strong> y llevar m\u00e1s ox\u00edgeno y nutrientes directamente a tus m\u00fasculos. \u00bfEl resultado? M\u00e1s bombeo, m\u00e1s fuerza, menos cansancio.<\/p>\n<p data-start=\"1011\" data-end=\"1259\">Pero hay m\u00e1s. Tambi\u00e9n tiene <strong data-start=\"1039\" data-end=\"1062\">Citrato de Magnesio<\/strong>, un mineral clave que ayuda a <strong data-start=\"1093\" data-end=\"1115\">prevenir calambres<\/strong>, mejorar la recuperaci\u00f3n y <strong data-start=\"1143\" data-end=\"1177\">optimizar el descanso nocturno<\/strong>, algo que muchos pasan por alto. Porque si no dorm\u00eds bien, no creces, y lo sab\u00e9s.<\/p>\n<p data-start=\"1261\" data-end=\"1418\">Adem\u00e1s, mejora la digesti\u00f3n, tiene excelente absorci\u00f3n y viene en <strong data-start=\"1327\" data-end=\"1349\">sabores riqu\u00edsimos<\/strong>: frutos rojos o lim\u00f3n, como para que cada toma tambi\u00e9n sea un gusto.<\/p>\n<hr data-start=\"1420\" data-end=\"1423\" \/>\n<p data-start=\"1425\" data-end=\"1453\"><strong data-start=\"1425\" data-end=\"1453\">\u00bfPara qu\u00e9 sirve Nitro-M?<\/strong><\/p>\n<ul data-start=\"1455\" data-end=\"1764\">\n<li data-start=\"1455\" data-end=\"1522\">\n<p data-start=\"1457\" data-end=\"1522\"><strong data-start=\"1457\" data-end=\"1495\">Mayor congesti\u00f3n y bombeo muscular<\/strong> durante el entrenamiento<\/p>\n<\/li>\n<li data-start=\"1523\" data-end=\"1585\">\n<p data-start=\"1525\" data-end=\"1585\"><strong data-start=\"1525\" data-end=\"1565\">M\u00e1s resistencia y rendimiento f\u00edsico<\/strong>, sin usar cafe\u00edna<\/p>\n<\/li>\n<li data-start=\"1586\" data-end=\"1646\">\n<p data-start=\"1588\" data-end=\"1646\"><strong data-start=\"1588\" data-end=\"1644\">Mejor recuperaci\u00f3n entre series y al terminar el d\u00eda<\/strong><\/p>\n<\/li>\n<li data-start=\"1647\" data-end=\"1702\">\n<p data-start=\"1649\" data-end=\"1702\"><strong data-start=\"1649\" data-end=\"1700\">Previene calambres y mejora la funci\u00f3n muscular<\/strong><\/p>\n<\/li>\n<li data-start=\"1703\" data-end=\"1764\">\n<p data-start=\"1705\" data-end=\"1764\"><strong data-start=\"1705\" data-end=\"1742\">Favorece un descanso m\u00e1s profundo<\/strong> y una mejor digesti\u00f3n<\/p>\n<\/li>\n<\/ul>\n<hr data-start=\"1766\" data-end=\"1769\" \/>\n<p data-start=\"1771\" data-end=\"1789\"><strong data-start=\"1771\" data-end=\"1789\">\u00bfC\u00f3mo tomarlo?<\/strong><\/p>\n<p data-start=\"1791\" data-end=\"2037\">Una forma de usarlo es disolviendo 1 medida (7.5 g) en 200 cc de agua <strong data-start=\"1861\" data-end=\"1897\">todas las noches antes de dormir<\/strong>.<br data-start=\"1898\" data-end=\"1901\" \/>En d\u00edas de entrenamiento fuerte, pod\u00e9s sumar <strong data-start=\"1946\" data-end=\"1986\">una segunda medida antes de entrenar<\/strong> para potenciar la vasodilataci\u00f3n y el rendimiento.<\/p>\n<p data-start=\"2039\" data-end=\"2157\"><strong data-start=\"2039\" data-end=\"2062\">Rinde 30 porciones.<\/strong><br data-start=\"2062\" data-end=\"2065\" \/>No contiene estimulantes. Puede combinarse con creatina, glutamina o prote\u00ednas sin problema.<\/p>\n<p data-start=\"2159\" data-end=\"2279\"><em data-start=\"2159\" data-end=\"2279\">No apto para menores, diab\u00e9ticos, mujeres embarazadas o en lactancia. Ante cualquier duda, consult\u00e1 a tu m\u00e9dico amigo.<\/em><\/p>\n<hr data-start=\"2281\" data-end=\"2284\" \/>\n<p data-start=\"2286\" data-end=\"2455\">Este es el suplemento ideal si quer\u00e9s <strong data-start=\"2324\" data-end=\"2454\">sentir m\u00e1s bombeo, entrenar con m\u00e1s intensidad y mejorar tu recuperaci\u00f3n sin recurrir a productos cargados de cafe\u00edna o az\u00facar<\/strong>.<\/p>\n<p data-start=\"2457\" data-end=\"2565\">Tu cuerpo lo nota desde las primeras tomas. Dale una oportunidad y vas a querer tenerlo siempre en tu stack.<\/p>\n","protected":false},"excerpt":{"rendered":"<p>Nitro-M Xtreme x2 de HTN es un vasodilatador natural en polvo que mejora el bombeo muscular, la recuperaci\u00f3n y el descanso. Formulado con Arginina, Citrulina y Citrato de Magnesio, es ideal para entrenar con m\u00e1s intensidad, sin cafe\u00edna ni estimulantes. Perfecto para quienes buscan m\u00e1s rendimiento y mejor recuperaci\u00f3n desde el primer d\u00eda.<\/p>\n","protected":false},"featured_media":18453,"comment_status":"closed","ping_status":"closed","template":"","meta":[],"product_brand":[234],"product_cat":[53],"product_tag":[51],"class_list":{"0":"post-2972","1":"product","2":"type-product","3":"status-publish","4":"has-post-thumbnail","6":"product_brand-htn","7":"product_cat-oxido-nitrico","8":"product_tag-htn","10":"first","11":"instock","12":"sale","13":"shipping-taxable","14":"purchasable","15":"product-type-simple"},"yoast_head":"<!-- This site is optimized with the Yoast SEO plugin v27.3 - https:\/\/yoast.com\/product\/yoast-seo-wordpress\/ -->\n<title>Combo x2 | Nitro-M | 225 grs | \u00d3xido N\u00edtrico de HTN<\/title>\n<meta name=\"description\" content=\"Nitro-M Xtreme HTN 225 grs. \u00d3xido n\u00edtrico en polvo con magnesio. Mejora el bombeo muscular, la recuperaci\u00f3n y el descanso. Sin cafe\u00edna ni estimulantes.\" \/>\n<meta name=\"robots\" content=\"index, follow, max-snippet:-1, max-image-preview:large, max-video-preview:-1\" \/>\n<link rel=\"canonical\" href=\"https:\/\/www.demusculos.com\/web\/producto\/2-oxido-nitrico-htn\/\" \/>\n<meta property=\"og:locale\" content=\"es_ES\" \/>\n<meta property=\"og:type\" content=\"article\" \/>\n<meta property=\"og:title\" content=\"Combo x2 | Nitro-M | 225 grs | \u00d3xido N\u00edtrico de HTN\" \/>\n<meta property=\"og:description\" content=\"Nitro-M Xtreme HTN 225 grs. \u00d3xido n\u00edtrico en polvo con magnesio. Mejora el bombeo muscular, la recuperaci\u00f3n y el descanso. Sin cafe\u00edna ni estimulantes.\" \/>\n<meta property=\"og:url\" content=\"https:\/\/www.demusculos.com\/web\/producto\/2-oxido-nitrico-htn\/\" \/>\n<meta property=\"og:site_name\" content=\"DeMusculos\" \/>\n<meta property=\"article:publisher\" content=\"https:\/\/www.facebook.com\/demusculos\" \/>\n<meta property=\"article:modified_time\" content=\"2026-02-01T23:02:14+00:00\" \/>\n<meta property=\"og:image\" content=\"https:\/\/www.demusculos.com\/web\/wp-content\/uploads\/2024\/03\/nitro-m-oxido-nitrico-htn-x-2.webp\" \/>\n\t<meta property=\"og:image:width\" content=\"1200\" \/>\n\t<meta property=\"og:image:height\" content=\"1200\" \/>\n\t<meta property=\"og:image:type\" content=\"image\/webp\" \/>\n<meta name=\"twitter:card\" content=\"summary_large_image\" \/>\n<meta name=\"twitter:site\" content=\"@demusculos\" \/>\n<meta name=\"twitter:label1\" content=\"Tiempo de lectura\" \/>\n\t<meta name=\"twitter:data1\" content=\"2 minutos\" \/>\n<script type=\"application\/ld+json\" class=\"yoast-schema-graph\">{\"@context\":\"https:\\\/\\\/schema.org\",\"@graph\":[{\"@type\":\"WebPage\",\"@id\":\"https:\\\/\\\/www.demusculos.com\\\/web\\\/producto\\\/2-oxido-nitrico-htn\\\/\",\"url\":\"https:\\\/\\\/www.demusculos.com\\\/web\\\/producto\\\/2-oxido-nitrico-htn\\\/\",\"name\":\"Combo x2 | Nitro-M | 225 grs | \u00d3xido N\u00edtrico de HTN\",\"isPartOf\":{\"@id\":\"https:\\\/\\\/www.demusculos.com\\\/web\\\/#website\"},\"primaryImageOfPage\":{\"@id\":\"https:\\\/\\\/www.demusculos.com\\\/web\\\/producto\\\/2-oxido-nitrico-htn\\\/#primaryimage\"},\"image\":{\"@id\":\"https:\\\/\\\/www.demusculos.com\\\/web\\\/producto\\\/2-oxido-nitrico-htn\\\/#primaryimage\"},\"thumbnailUrl\":\"https:\\\/\\\/www.demusculos.com\\\/web\\\/wp-content\\\/uploads\\\/2024\\\/03\\\/nitro-m-oxido-nitrico-htn-x-2.webp\",\"datePublished\":\"2024-03-13T14:50:26+00:00\",\"dateModified\":\"2026-02-01T23:02:14+00:00\",\"description\":\"Nitro-M Xtreme HTN 225 grs. \u00d3xido n\u00edtrico en polvo con magnesio. Mejora el bombeo muscular, la recuperaci\u00f3n y el descanso. Sin cafe\u00edna ni estimulantes.\",\"breadcrumb\":{\"@id\":\"https:\\\/\\\/www.demusculos.com\\\/web\\\/producto\\\/2-oxido-nitrico-htn\\\/#breadcrumb\"},\"inLanguage\":\"es\",\"potentialAction\":[{\"@type\":\"ReadAction\",\"target\":[\"https:\\\/\\\/www.demusculos.com\\\/web\\\/producto\\\/2-oxido-nitrico-htn\\\/\"]}]},{\"@type\":\"ImageObject\",\"inLanguage\":\"es\",\"@id\":\"https:\\\/\\\/www.demusculos.com\\\/web\\\/producto\\\/2-oxido-nitrico-htn\\\/#primaryimage\",\"url\":\"https:\\\/\\\/www.demusculos.com\\\/web\\\/wp-content\\\/uploads\\\/2024\\\/03\\\/nitro-m-oxido-nitrico-htn-x-2.webp\",\"contentUrl\":\"https:\\\/\\\/www.demusculos.com\\\/web\\\/wp-content\\\/uploads\\\/2024\\\/03\\\/nitro-m-oxido-nitrico-htn-x-2.webp\",\"width\":1200,\"height\":1200,\"caption\":\"\u00d3xido N\u00edtrico Nitro-M de HTN\"},{\"@type\":\"BreadcrumbList\",\"@id\":\"https:\\\/\\\/www.demusculos.com\\\/web\\\/producto\\\/2-oxido-nitrico-htn\\\/#breadcrumb\",\"itemListElement\":[{\"@type\":\"ListItem\",\"position\":1,\"name\":\"Inicio\",\"item\":\"https:\\\/\\\/www.demusculos.com\\\/web\\\/\"},{\"@type\":\"ListItem\",\"position\":2,\"name\":\"Suplementos\",\"item\":\"https:\\\/\\\/www.demusculos.com\\\/web\\\/tienda\\\/\"},{\"@type\":\"ListItem\",\"position\":3,\"name\":\"\u00d3xido N\u00edtrico Nitro M de HTN x 2 unidades (225 + 225 grs)\"}]},{\"@type\":\"WebSite\",\"@id\":\"https:\\\/\\\/www.demusculos.com\\\/web\\\/#website\",\"url\":\"https:\\\/\\\/www.demusculos.com\\\/web\\\/\",\"name\":\"DeMusculos.com\",\"description\":\"Suplementos Naturales\",\"publisher\":{\"@id\":\"https:\\\/\\\/www.demusculos.com\\\/web\\\/#organization\"},\"alternateName\":\"Suplementos Naturales\",\"potentialAction\":[{\"@type\":\"SearchAction\",\"target\":{\"@type\":\"EntryPoint\",\"urlTemplate\":\"https:\\\/\\\/www.demusculos.com\\\/web\\\/?s={search_term_string}\"},\"query-input\":{\"@type\":\"PropertyValueSpecification\",\"valueRequired\":true,\"valueName\":\"search_term_string\"}}],\"inLanguage\":\"es\"},{\"@type\":\"Organization\",\"@id\":\"https:\\\/\\\/www.demusculos.com\\\/web\\\/#organization\",\"name\":\"DeMusculos.com\",\"alternateName\":\"DeMusculos\",\"url\":\"https:\\\/\\\/www.demusculos.com\\\/web\\\/\",\"logo\":{\"@type\":\"ImageObject\",\"inLanguage\":\"es\",\"@id\":\"https:\\\/\\\/www.demusculos.com\\\/web\\\/#\\\/schema\\\/logo\\\/image\\\/\",\"url\":\"https:\\\/\\\/www.demusculos.com\\\/web\\\/wp-content\\\/uploads\\\/2024\\\/02\\\/logo-demusculos-prestashop-usuario.png\",\"contentUrl\":\"https:\\\/\\\/www.demusculos.com\\\/web\\\/wp-content\\\/uploads\\\/2024\\\/02\\\/logo-demusculos-prestashop-usuario.png\",\"width\":150,\"height\":150,\"caption\":\"DeMusculos.com\"},\"image\":{\"@id\":\"https:\\\/\\\/www.demusculos.com\\\/web\\\/#\\\/schema\\\/logo\\\/image\\\/\"},\"sameAs\":[\"https:\\\/\\\/www.facebook.com\\\/demusculos\",\"https:\\\/\\\/x.com\\\/demusculos\",\"https:\\\/\\\/www.instagram.com\\\/demusculos\",\"https:\\\/\\\/www.tiktok.com\\\/@demusculos.com\"]}]}<\/script>\n<!-- \/ Yoast SEO plugin. -->","yoast_head_json":{"title":"Combo x2 | Nitro-M | 225 grs | \u00d3xido N\u00edtrico de HTN","description":"Nitro-M Xtreme HTN 225 grs. \u00d3xido n\u00edtrico en polvo con magnesio. Mejora el bombeo muscular, la recuperaci\u00f3n y el descanso. Sin cafe\u00edna ni estimulantes.","robots":{"index":"index","follow":"follow","max-snippet":"max-snippet:-1","max-image-preview":"max-image-preview:large","max-video-preview":"max-video-preview:-1"},"canonical":"https:\/\/www.demusculos.com\/web\/producto\/2-oxido-nitrico-htn\/","og_locale":"es_ES","og_type":"article","og_title":"Combo x2 | Nitro-M | 225 grs | \u00d3xido N\u00edtrico de HTN","og_description":"Nitro-M Xtreme HTN 225 grs. \u00d3xido n\u00edtrico en polvo con magnesio. Mejora el bombeo muscular, la recuperaci\u00f3n y el descanso. Sin cafe\u00edna ni estimulantes.","og_url":"https:\/\/www.demusculos.com\/web\/producto\/2-oxido-nitrico-htn\/","og_site_name":"DeMusculos","article_publisher":"https:\/\/www.facebook.com\/demusculos","article_modified_time":"2026-02-01T23:02:14+00:00","og_image":[{"width":1200,"height":1200,"url":"https:\/\/www.demusculos.com\/web\/wp-content\/uploads\/2024\/03\/nitro-m-oxido-nitrico-htn-x-2.webp","type":"image\/webp"}],"twitter_card":"summary_large_image","twitter_site":"@demusculos","twitter_misc":{"Tiempo de lectura":"2 minutos"},"schema":{"@context":"https:\/\/schema.org","@graph":[{"@type":"WebPage","@id":"https:\/\/www.demusculos.com\/web\/producto\/2-oxido-nitrico-htn\/","url":"https:\/\/www.demusculos.com\/web\/producto\/2-oxido-nitrico-htn\/","name":"Combo x2 | Nitro-M | 225 grs | \u00d3xido N\u00edtrico de HTN","isPartOf":{"@id":"https:\/\/www.demusculos.com\/web\/#website"},"primaryImageOfPage":{"@id":"https:\/\/www.demusculos.com\/web\/producto\/2-oxido-nitrico-htn\/#primaryimage"},"image":{"@id":"https:\/\/www.demusculos.com\/web\/producto\/2-oxido-nitrico-htn\/#primaryimage"},"thumbnailUrl":"https:\/\/www.demusculos.com\/web\/wp-content\/uploads\/2024\/03\/nitro-m-oxido-nitrico-htn-x-2.webp","datePublished":"2024-03-13T14:50:26+00:00","dateModified":"2026-02-01T23:02:14+00:00","description":"Nitro-M Xtreme HTN 225 grs. \u00d3xido n\u00edtrico en polvo con magnesio. Mejora el bombeo muscular, la recuperaci\u00f3n y el descanso. Sin cafe\u00edna ni estimulantes.","breadcrumb":{"@id":"https:\/\/www.demusculos.com\/web\/producto\/2-oxido-nitrico-htn\/#breadcrumb"},"inLanguage":"es","potentialAction":[{"@type":"ReadAction","target":["https:\/\/www.demusculos.com\/web\/producto\/2-oxido-nitrico-htn\/"]}]},{"@type":"ImageObject","inLanguage":"es","@id":"https:\/\/www.demusculos.com\/web\/producto\/2-oxido-nitrico-htn\/#primaryimage","url":"https:\/\/www.demusculos.com\/web\/wp-content\/uploads\/2024\/03\/nitro-m-oxido-nitrico-htn-x-2.webp","contentUrl":"https:\/\/www.demusculos.com\/web\/wp-content\/uploads\/2024\/03\/nitro-m-oxido-nitrico-htn-x-2.webp","width":1200,"height":1200,"caption":"\u00d3xido N\u00edtrico Nitro-M de HTN"},{"@type":"BreadcrumbList","@id":"https:\/\/www.demusculos.com\/web\/producto\/2-oxido-nitrico-htn\/#breadcrumb","itemListElement":[{"@type":"ListItem","position":1,"name":"Inicio","item":"https:\/\/www.demusculos.com\/web\/"},{"@type":"ListItem","position":2,"name":"Suplementos","item":"https:\/\/www.demusculos.com\/web\/tienda\/"},{"@type":"ListItem","position":3,"name":"\u00d3xido N\u00edtrico Nitro M de HTN x 2 unidades (225 + 225 grs)"}]},{"@type":"WebSite","@id":"https:\/\/www.demusculos.com\/web\/#website","url":"https:\/\/www.demusculos.com\/web\/","name":"DeMusculos.com","description":"Suplementos Naturales","publisher":{"@id":"https:\/\/www.demusculos.com\/web\/#organization"},"alternateName":"Suplementos Naturales","potentialAction":[{"@type":"SearchAction","target":{"@type":"EntryPoint","urlTemplate":"https:\/\/www.demusculos.com\/web\/?s={search_term_string}"},"query-input":{"@type":"PropertyValueSpecification","valueRequired":true,"valueName":"search_term_string"}}],"inLanguage":"es"},{"@type":"Organization","@id":"https:\/\/www.demusculos.com\/web\/#organization","name":"DeMusculos.com","alternateName":"DeMusculos","url":"https:\/\/www.demusculos.com\/web\/","logo":{"@type":"ImageObject","inLanguage":"es","@id":"https:\/\/www.demusculos.com\/web\/#\/schema\/logo\/image\/","url":"https:\/\/www.demusculos.com\/web\/wp-content\/uploads\/2024\/02\/logo-demusculos-prestashop-usuario.png","contentUrl":"https:\/\/www.demusculos.com\/web\/wp-content\/uploads\/2024\/02\/logo-demusculos-prestashop-usuario.png","width":150,"height":150,"caption":"DeMusculos.com"},"image":{"@id":"https:\/\/www.demusculos.com\/web\/#\/schema\/logo\/image\/"},"sameAs":["https:\/\/www.facebook.com\/demusculos","https:\/\/x.com\/demusculos","https:\/\/www.instagram.com\/demusculos","https:\/\/www.tiktok.com\/@demusculos.com"]}]}},"_links":{"self":[{"href":"https:\/\/www.demusculos.com\/web\/wp-json\/wp\/v2\/product\/2972","targetHints":{"allow":["GET"]}}],"collection":[{"href":"https:\/\/www.demusculos.com\/web\/wp-json\/wp\/v2\/product"}],"about":[{"href":"https:\/\/www.demusculos.com\/web\/wp-json\/wp\/v2\/types\/product"}],"replies":[{"embeddable":true,"href":"https:\/\/www.demusculos.com\/web\/wp-json\/wp\/v2\/comments?post=2972"}],"wp:featuredmedia":[{"embeddable":true,"href":"https:\/\/www.demusculos.com\/web\/wp-json\/wp\/v2\/media\/18453"}],"wp:attachment":[{"href":"https:\/\/www.demusculos.com\/web\/wp-json\/wp\/v2\/media?parent=2972"}],"wp:term":[{"taxonomy":"product_brand","embeddable":true,"href":"https:\/\/www.demusculos.com\/web\/wp-json\/wp\/v2\/product_brand?post=2972"},{"taxonomy":"product_cat","embeddable":true,"href":"https:\/\/www.demusculos.com\/web\/wp-json\/wp\/v2\/product_cat?post=2972"},{"taxonomy":"product_tag","embeddable":true,"href":"https:\/\/www.demusculos.com\/web\/wp-json\/wp\/v2\/product_tag?post=2972"}],"curies":[{"name":"wp","href":"https:\/\/api.w.org\/{rel}","templated":true}]}}