{"id":303,"date":"2024-02-20T10:10:32","date_gmt":"2024-02-20T13:10:32","guid":{"rendered":"https:\/\/www.demusculos.com\/web\/?post_type=product&#038;p=303"},"modified":"2026-03-04T13:21:10","modified_gmt":"2026-03-04T16:21:10","slug":"eaas-de-360-grs-de-star-nutrition-aminoacidos","status":"publish","type":"product","link":"https:\/\/www.demusculos.com\/web\/producto\/eaas-de-360-grs-de-star-nutrition-aminoacidos\/","title":{"rendered":"Eaa\u00b4s de 360 grs de Star Nutrition Amino\u00e1cidos"},"content":{"rendered":"<h2>EAA\u00b4s de Star Nutrition x 360 grs<\/h2>\n<p>EAA\u00b4s de Star Nutrition es ideal para recuperaci\u00f3n, rendimiento, aumento progresivo del a energ\u00eda a trav\u00e9s de la recuperaci\u00f3n muscular, mayor tono muscular con el tiempo. 20 tomas \/ 20 d\u00edas.<\/p>\n<p><img fetchpriority=\"high\" decoding=\"async\" class=\"alignnone size-full wp-image-9886\" src=\"https:\/\/www.demusculos.com\/web\/wp-content\/uploads\/2024\/02\/EAAS-star-nutrition-360-grs-1.jpg\" alt=\"EAA\u00b4s de Star Nutrition x 360 grs Presentaci\u00f3n\" width=\"1080\" height=\"1080\" srcset=\"https:\/\/www.demusculos.com\/web\/wp-content\/uploads\/2024\/02\/EAAS-star-nutrition-360-grs-1.jpg 1080w, https:\/\/www.demusculos.com\/web\/wp-content\/uploads\/2024\/02\/EAAS-star-nutrition-360-grs-1-300x300.jpg 300w, https:\/\/www.demusculos.com\/web\/wp-content\/uploads\/2024\/02\/EAAS-star-nutrition-360-grs-1-150x150.jpg 150w, https:\/\/www.demusculos.com\/web\/wp-content\/uploads\/2024\/02\/EAAS-star-nutrition-360-grs-1-800x800.jpg 800w, https:\/\/www.demusculos.com\/web\/wp-content\/uploads\/2024\/02\/EAAS-star-nutrition-360-grs-1-1024x1024.jpg 1024w, https:\/\/www.demusculos.com\/web\/wp-content\/uploads\/2024\/02\/EAAS-star-nutrition-360-grs-1-768x768.jpg 768w\" sizes=\"(max-width: 1080px) 100vw, 1080px\" \/><\/p>\n<p><img decoding=\"async\" class=\"alignnone size-medium wp-image-246\" src=\"https:\/\/www.demusculos.com\/web\/wp-content\/uploads\/2024\/02\/logo-star-nutrition-300x69.png\" alt=\"\" width=\"300\" height=\"69\" srcset=\"https:\/\/www.demusculos.com\/web\/wp-content\/uploads\/2024\/02\/logo-star-nutrition-300x69.png 300w, https:\/\/www.demusculos.com\/web\/wp-content\/uploads\/2024\/02\/logo-star-nutrition-150x35.png 150w, https:\/\/www.demusculos.com\/web\/wp-content\/uploads\/2024\/02\/logo-star-nutrition-416x96.png 416w, https:\/\/www.demusculos.com\/web\/wp-content\/uploads\/2024\/02\/logo-star-nutrition.png 446w\" sizes=\"(max-width: 300px) 100vw, 300px\" \/><\/p>\n<p><strong>Suplemento Dietario en Polvo Diet\u00e9tico EAA\u2019s de Star Nutrition<\/strong>:<\/p>\n<ul>\n<li><strong>Nombre del Producto<\/strong>: EAA\u2019s (Amino\u00e1cidos Esenciales)<\/li>\n<li><strong>Sabor<\/strong>: Lima<\/li>\n<li><strong>Libre de Gluten<\/strong>: S\u00ed<\/li>\n<li><strong>Sin T.A.C.C.<\/strong>: S\u00ed<\/li>\n<li><strong>Contenido<\/strong>: 360 gramos (20 porciones)<\/li>\n<li><strong>Electrolitos<\/strong>: 1300 mg de Electrolite Complex<\/li>\n<li><strong>Carbohidratos<\/strong>: 0%<\/li>\n<li><strong>Az\u00facar<\/strong>: 0%<\/li>\n<li><strong>Endulzado Naturalmente con Stevia<\/strong><\/li>\n<li><strong>Apto para Vegetarianos y Veganos<\/strong><\/li>\n<\/ul>\n<p><img decoding=\"async\" class=\"alignnone size-full wp-image-9887\" src=\"https:\/\/www.demusculos.com\/web\/wp-content\/uploads\/2024\/02\/EAAS-star-nutrition-360-grs-2.jpg\" alt=\"EAA\u00b4s de Star Nutrition x 360 grs - Beneficios\" width=\"1080\" height=\"1080\" srcset=\"https:\/\/www.demusculos.com\/web\/wp-content\/uploads\/2024\/02\/EAAS-star-nutrition-360-grs-2.jpg 1080w, https:\/\/www.demusculos.com\/web\/wp-content\/uploads\/2024\/02\/EAAS-star-nutrition-360-grs-2-300x300.jpg 300w, https:\/\/www.demusculos.com\/web\/wp-content\/uploads\/2024\/02\/EAAS-star-nutrition-360-grs-2-150x150.jpg 150w, https:\/\/www.demusculos.com\/web\/wp-content\/uploads\/2024\/02\/EAAS-star-nutrition-360-grs-2-800x800.jpg 800w, https:\/\/www.demusculos.com\/web\/wp-content\/uploads\/2024\/02\/EAAS-star-nutrition-360-grs-2-1024x1024.jpg 1024w, https:\/\/www.demusculos.com\/web\/wp-content\/uploads\/2024\/02\/EAAS-star-nutrition-360-grs-2-768x768.jpg 768w\" sizes=\"(max-width: 1080px) 100vw, 1080px\" \/><\/p>\n<figure id=\"attachment_157\" aria-describedby=\"caption-attachment-157\" style=\"width: 300px\" class=\"wp-caption alignnone\"><img loading=\"lazy\" decoding=\"async\" class=\"size-full wp-image-157\" src=\"https:\/\/www.demusculos.com\/web\/wp-content\/uploads\/2024\/02\/vaso-de-agua.png\" alt=\"\" width=\"300\" height=\"300\" srcset=\"https:\/\/www.demusculos.com\/web\/wp-content\/uploads\/2024\/02\/vaso-de-agua.png 300w, https:\/\/www.demusculos.com\/web\/wp-content\/uploads\/2024\/02\/vaso-de-agua-150x150.png 150w\" sizes=\"(max-width: 300px) 100vw, 300px\" \/><figcaption id=\"caption-attachment-157\" class=\"wp-caption-text\">Este producto se prepara con agua. Se enceuntra saborizado. Es igual que preparar cualquier otro jugo.<\/figcaption><\/figure>\n<p>Como suplemento dietario, se recomienda consumir una porci\u00f3n de\u00a0<strong>18 gramos<\/strong>\u00a0(equivalente a 3 scoops al ras).<\/p>\n<p>Mezcla la porci\u00f3n con aproximadamente\u00a0<strong>400\/500 cm\u00b3 de agua helada<\/strong>, agita bien en un\u00a0<em>shaker<\/em>\u00a0y cons\u00famelo durante o inmediatamente despu\u00e9s de tus entrenamientos.<\/p>\n<h2><strong>Para tener en cuenta:<\/strong><\/h2>\n<p>Tambi\u00e9n puedes tomarlo simplemente para aumentar la ingesta de amino\u00e1cidos en tu dieta.<\/p>\n<h2><strong>Ingredientes de EAA\u00b4s<\/strong>:<\/h2>\n<ul>\n<li>Amino\u00e1cidos Esenciales: Leucina, Glicina, Lisina, Valina, Isoleucina.<\/li>\n<li>Otros Componentes: \u00c1cido C\u00edtrico, Tirosina, Taurina, Fenilalanina, Treonina.<\/li>\n<li>Saborizante: Aroma de Lim\u00f3n.<\/li>\n<li>Agentes de Textura y Conservantes: Di\u00f3xido de Silicio, Metionina, Tript\u00f3fano, Ciste\u00edna.<\/li>\n<li>Minerales: Magnesio Citrato, Magnesio Gluconato, Sal.<\/li>\n<li>Endulzante: Stevia (50 mg\/100 cm\u00b3).<\/li>\n<li>Reguladores de Acidez: \u00c1cido M\u00e1lico, Bicarbonato de Sodio, Potasio Citrato.<\/li>\n<li>Otros: Histidina, Vitamina C (\u00c1cido Asc\u00f3rbico), Clorofila Natural.<\/li>\n<\/ul>\n<figure id=\"attachment_124\" aria-describedby=\"caption-attachment-124\" style=\"width: 300px\" class=\"wp-caption alignnone\"><img loading=\"lazy\" decoding=\"async\" class=\"size-full wp-image-124\" src=\"https:\/\/www.demusculos.com\/web\/wp-content\/uploads\/2024\/02\/masa-muscular.png\" alt=\"\" width=\"300\" height=\"300\" srcset=\"https:\/\/www.demusculos.com\/web\/wp-content\/uploads\/2024\/02\/masa-muscular.png 300w, https:\/\/www.demusculos.com\/web\/wp-content\/uploads\/2024\/02\/masa-muscular-150x150.png 150w\" sizes=\"(max-width: 300px) 100vw, 300px\" \/><figcaption id=\"caption-attachment-124\" class=\"wp-caption-text\">Es ideal para recuperaci\u00f3n muscular. A mayor recuperaci\u00f3n m\u00e1s aumento de masa muscular y rendimiento. Tambi\u00e9n lograremos m\u00e1s tono muscular. Las prote\u00ednas nos dan saciedad y son ideales para las dietas.<\/figcaption><\/figure>\n<p><strong>Recomendaciones<\/strong>:<\/p>\n<ul>\n<li>Supera la dosis diaria de Vitamina C.<\/li>\n<li>Consulta a tu m\u00e9dico o nutricionista antes de consumirlo.<\/li>\n<li>No lo consumas durante el embarazo o la lactancia.<\/li>\n<li>Mantenlo en un lugar fresco y seco, fuera del alcance de los ni\u00f1os.<\/li>\n<li>No expongas el producto a temperaturas superiores a 25\u00b0C.<\/li>\n<\/ul>\n<p>Recuerda que los suplementos dietarios no reemplazan una dieta variada y equilibrada. Este producto est\u00e1 indicado para personas que realizan ejercicio f\u00edsico y debe consumirse bajo control m\u00e9dico.<\/p>\n<p><img loading=\"lazy\" decoding=\"async\" class=\"alignnone size-full wp-image-9888\" src=\"https:\/\/www.demusculos.com\/web\/wp-content\/uploads\/2024\/02\/EAAS-star-nutrition-360-grs-3.jpg\" alt=\"EAA\u00b4s de Star Nutrition x 360 grs - Detalles generales\" width=\"1080\" height=\"1080\" srcset=\"https:\/\/www.demusculos.com\/web\/wp-content\/uploads\/2024\/02\/EAAS-star-nutrition-360-grs-3.jpg 1080w, https:\/\/www.demusculos.com\/web\/wp-content\/uploads\/2024\/02\/EAAS-star-nutrition-360-grs-3-300x300.jpg 300w, https:\/\/www.demusculos.com\/web\/wp-content\/uploads\/2024\/02\/EAAS-star-nutrition-360-grs-3-150x150.jpg 150w, https:\/\/www.demusculos.com\/web\/wp-content\/uploads\/2024\/02\/EAAS-star-nutrition-360-grs-3-800x800.jpg 800w, https:\/\/www.demusculos.com\/web\/wp-content\/uploads\/2024\/02\/EAAS-star-nutrition-360-grs-3-1024x1024.jpg 1024w, https:\/\/www.demusculos.com\/web\/wp-content\/uploads\/2024\/02\/EAAS-star-nutrition-360-grs-3-768x768.jpg 768w\" sizes=\"(max-width: 1080px) 100vw, 1080px\" \/><\/p>\n<h2><strong>Beneficios de los amino\u00e1cidos Esenciales<\/strong><\/h2>\n<p>Los\u00a0<strong>amino\u00e1cidos esenciales<\/strong>\u00a0son fundamentales para el funcionamiento de nuestro cuerpo. Aqu\u00ed tienes 10 beneficios concisos:<\/p>\n<ol>\n<li><strong>Crecimiento muscular<\/strong>: Los amino\u00e1cidos esenciales contribuyen al desarrollo y reparaci\u00f3n de tejidos musculares.<\/li>\n<li><strong>Energ\u00eda<\/strong>: Ayudan a descomponer los alimentos y proporcionan energ\u00eda.<\/li>\n<li><strong>Regulaci\u00f3n del az\u00facar en sangre<\/strong>: Contribuyen a mantener niveles saludables de glucosa.<\/li>\n<li><strong>Protecci\u00f3n inmunol\u00f3gica<\/strong>: Refuerzan el sistema inmunol\u00f3gico.<\/li>\n<li><strong>Hormonas y enzimas<\/strong>: Participan en la producci\u00f3n de hormonas y enzimas.<\/li>\n<li><strong>Reducci\u00f3n de fatiga<\/strong>: Durante el ejercicio, los amino\u00e1cidos esenciales ayudan a combatir la fatiga.<\/li>\n<li><strong>Ganancia de fuerza y resistencia<\/strong>: Mejoran la capacidad de entrenamiento.<\/li>\n<li><strong>Reparaci\u00f3n de tejidos<\/strong>: Facilitan la regeneraci\u00f3n muscular y la cicatrizaci\u00f3n de heridas.<\/li>\n<li><strong>S\u00edntesis proteica<\/strong>: Promueven la construcci\u00f3n de prote\u00ednas.<\/li>\n<li><strong>Activaci\u00f3n metab\u00f3lica<\/strong>: Estimulan el metabolismo celular para el crecimiento muscular.<\/li>\n<\/ol>\n<p>Recuerda que, aunque el cuerpo puede producir algunos amino\u00e1cidos, los esenciales deben obtenerse a trav\u00e9s de la dieta<a class=\"ac-anchor sup-target\" href=\"https:\/\/www.myprotein.es\/thezone\/suplementos\/como-y-cuando-tomar-aminoacidos\/\" target=\"_blank\" rel=\"noopener\" data-citationid=\"203ef103-e057-9720-213b-000015ab9e67-47\" aria-label=\"1: \"><sup class=\"citation-sup\">1<\/sup><\/a>. \u00a1Aprovecha estos beneficios para mantener tu salud y rendimiento!<\/p>\n<p><img loading=\"lazy\" decoding=\"async\" class=\"alignnone size-full wp-image-9889\" src=\"https:\/\/www.demusculos.com\/web\/wp-content\/uploads\/2024\/02\/EAAS-star-nutrition-360-grs-4.jpg\" alt=\"EAA\u00b4s de Star Nutrition x 360 grs - \u00bfqu\u00e9 es lo que hace?\" width=\"1080\" height=\"1080\" srcset=\"https:\/\/www.demusculos.com\/web\/wp-content\/uploads\/2024\/02\/EAAS-star-nutrition-360-grs-4.jpg 1080w, https:\/\/www.demusculos.com\/web\/wp-content\/uploads\/2024\/02\/EAAS-star-nutrition-360-grs-4-300x300.jpg 300w, https:\/\/www.demusculos.com\/web\/wp-content\/uploads\/2024\/02\/EAAS-star-nutrition-360-grs-4-150x150.jpg 150w, https:\/\/www.demusculos.com\/web\/wp-content\/uploads\/2024\/02\/EAAS-star-nutrition-360-grs-4-800x800.jpg 800w, https:\/\/www.demusculos.com\/web\/wp-content\/uploads\/2024\/02\/EAAS-star-nutrition-360-grs-4-1024x1024.jpg 1024w, https:\/\/www.demusculos.com\/web\/wp-content\/uploads\/2024\/02\/EAAS-star-nutrition-360-grs-4-768x768.jpg 768w\" sizes=\"(max-width: 1080px) 100vw, 1080px\" \/><\/p>\n<p><img loading=\"lazy\" decoding=\"async\" class=\"alignnone size-full wp-image-9890\" src=\"https:\/\/www.demusculos.com\/web\/wp-content\/uploads\/2024\/02\/EAAS-star-nutrition-360-grs-5.jpg\" alt=\"EAA\u00b4s de Star Nutrition x 360 grs - La f\u00f3rmula\" width=\"1080\" height=\"1080\" srcset=\"https:\/\/www.demusculos.com\/web\/wp-content\/uploads\/2024\/02\/EAAS-star-nutrition-360-grs-5.jpg 1080w, https:\/\/www.demusculos.com\/web\/wp-content\/uploads\/2024\/02\/EAAS-star-nutrition-360-grs-5-300x300.jpg 300w, https:\/\/www.demusculos.com\/web\/wp-content\/uploads\/2024\/02\/EAAS-star-nutrition-360-grs-5-150x150.jpg 150w, https:\/\/www.demusculos.com\/web\/wp-content\/uploads\/2024\/02\/EAAS-star-nutrition-360-grs-5-800x800.jpg 800w, https:\/\/www.demusculos.com\/web\/wp-content\/uploads\/2024\/02\/EAAS-star-nutrition-360-grs-5-1024x1024.jpg 1024w, https:\/\/www.demusculos.com\/web\/wp-content\/uploads\/2024\/02\/EAAS-star-nutrition-360-grs-5-768x768.jpg 768w\" sizes=\"(max-width: 1080px) 100vw, 1080px\" \/><\/p>\n<p><img loading=\"lazy\" decoding=\"async\" class=\"alignnone size-full wp-image-9891\" src=\"https:\/\/www.demusculos.com\/web\/wp-content\/uploads\/2024\/02\/EAAS-star-nutrition-360-grs-6.jpg\" alt=\"EAA\u00b4s de Star Nutrition x 360 grs - Datos destacados\" width=\"1080\" height=\"1080\" srcset=\"https:\/\/www.demusculos.com\/web\/wp-content\/uploads\/2024\/02\/EAAS-star-nutrition-360-grs-6.jpg 1080w, https:\/\/www.demusculos.com\/web\/wp-content\/uploads\/2024\/02\/EAAS-star-nutrition-360-grs-6-300x300.jpg 300w, https:\/\/www.demusculos.com\/web\/wp-content\/uploads\/2024\/02\/EAAS-star-nutrition-360-grs-6-150x150.jpg 150w, https:\/\/www.demusculos.com\/web\/wp-content\/uploads\/2024\/02\/EAAS-star-nutrition-360-grs-6-800x800.jpg 800w, https:\/\/www.demusculos.com\/web\/wp-content\/uploads\/2024\/02\/EAAS-star-nutrition-360-grs-6-1024x1024.jpg 1024w, https:\/\/www.demusculos.com\/web\/wp-content\/uploads\/2024\/02\/EAAS-star-nutrition-360-grs-6-768x768.jpg 768w\" sizes=\"(max-width: 1080px) 100vw, 1080px\" \/><\/p>\n","protected":false},"excerpt":{"rendered":"<p>EAA\u00b4s es un suplemento natural recomendado para todas las persona que quieren mayor recuperaci\u00f3n, rendimiento y masa muscular.<\/p>\n","protected":false},"featured_media":304,"comment_status":"closed","ping_status":"closed","template":"","meta":[],"product_brand":[220],"product_cat":[44],"product_tag":[26],"class_list":{"0":"post-303","1":"product","2":"type-product","3":"status-publish","4":"has-post-thumbnail","6":"product_brand-star-nutrition","7":"product_cat-aminoacidos","8":"product_tag-star-nutrition","10":"first","11":"instock","12":"sale","13":"shipping-taxable","14":"purchasable","15":"product-type-simple"},"yoast_head":"<!-- This site is optimized with the Yoast SEO plugin v27.3 - https:\/\/yoast.com\/product\/yoast-seo-wordpress\/ -->\n<title>EAA\u00b4s | Aminos Esenciales | Star Nutrition | DeMusculos.com<\/title>\n<meta name=\"description\" content=\"EAA\u00b4s 360 grs Amino\u00e1cios Esenciales de Star Nutrition. Ideal para recuperaci\u00f3n, rendimiento y aumetno de masa muscular. Para todos los deportes.\" \/>\n<meta name=\"robots\" content=\"index, follow, max-snippet:-1, max-image-preview:large, max-video-preview:-1\" \/>\n<link rel=\"canonical\" href=\"https:\/\/www.demusculos.com\/web\/producto\/eaas-de-360-grs-de-star-nutrition-aminoacidos\/\" \/>\n<meta property=\"og:locale\" content=\"es_ES\" \/>\n<meta property=\"og:type\" content=\"article\" \/>\n<meta property=\"og:title\" content=\"EAA\u00b4s | Aminos Esenciales | Star Nutrition | DeMusculos.com\" \/>\n<meta property=\"og:description\" content=\"EAA\u00b4s 360 grs Amino\u00e1cios Esenciales de Star Nutrition. Ideal para recuperaci\u00f3n, rendimiento y aumetno de masa muscular. Para todos los deportes.\" \/>\n<meta property=\"og:url\" content=\"https:\/\/www.demusculos.com\/web\/producto\/eaas-de-360-grs-de-star-nutrition-aminoacidos\/\" \/>\n<meta property=\"og:site_name\" content=\"DeMusculos\" \/>\n<meta property=\"article:publisher\" content=\"https:\/\/www.facebook.com\/demusculos\" \/>\n<meta property=\"article:modified_time\" content=\"2026-03-04T16:21:10+00:00\" \/>\n<meta property=\"og:image\" content=\"https:\/\/www.demusculos.com\/web\/wp-content\/uploads\/2024\/02\/EAASX1.jpg\" \/>\n\t<meta property=\"og:image:width\" content=\"1200\" \/>\n\t<meta property=\"og:image:height\" content=\"1200\" \/>\n\t<meta property=\"og:image:type\" content=\"image\/jpeg\" \/>\n<meta name=\"twitter:card\" content=\"summary_large_image\" \/>\n<meta name=\"twitter:site\" content=\"@demusculos\" \/>\n<meta name=\"twitter:label1\" content=\"Tiempo de lectura\" \/>\n\t<meta name=\"twitter:data1\" content=\"5 minutos\" \/>\n<script type=\"application\/ld+json\" class=\"yoast-schema-graph\">{\"@context\":\"https:\\\/\\\/schema.org\",\"@graph\":[{\"@type\":\"WebPage\",\"@id\":\"https:\\\/\\\/www.demusculos.com\\\/web\\\/producto\\\/eaas-de-360-grs-de-star-nutrition-aminoacidos\\\/\",\"url\":\"https:\\\/\\\/www.demusculos.com\\\/web\\\/producto\\\/eaas-de-360-grs-de-star-nutrition-aminoacidos\\\/\",\"name\":\"EAA\u00b4s | Aminos Esenciales | Star Nutrition | DeMusculos.com\",\"isPartOf\":{\"@id\":\"https:\\\/\\\/www.demusculos.com\\\/web\\\/#website\"},\"primaryImageOfPage\":{\"@id\":\"https:\\\/\\\/www.demusculos.com\\\/web\\\/producto\\\/eaas-de-360-grs-de-star-nutrition-aminoacidos\\\/#primaryimage\"},\"image\":{\"@id\":\"https:\\\/\\\/www.demusculos.com\\\/web\\\/producto\\\/eaas-de-360-grs-de-star-nutrition-aminoacidos\\\/#primaryimage\"},\"thumbnailUrl\":\"https:\\\/\\\/www.demusculos.com\\\/web\\\/wp-content\\\/uploads\\\/2024\\\/02\\\/EAASX1.jpg\",\"datePublished\":\"2024-02-20T13:10:32+00:00\",\"dateModified\":\"2026-03-04T16:21:10+00:00\",\"description\":\"EAA\u00b4s 360 grs Amino\u00e1cios Esenciales de Star Nutrition. Ideal para recuperaci\u00f3n, rendimiento y aumetno de masa muscular. Para todos los deportes.\",\"breadcrumb\":{\"@id\":\"https:\\\/\\\/www.demusculos.com\\\/web\\\/producto\\\/eaas-de-360-grs-de-star-nutrition-aminoacidos\\\/#breadcrumb\"},\"inLanguage\":\"es\",\"potentialAction\":[{\"@type\":\"ReadAction\",\"target\":[\"https:\\\/\\\/www.demusculos.com\\\/web\\\/producto\\\/eaas-de-360-grs-de-star-nutrition-aminoacidos\\\/\"]}]},{\"@type\":\"ImageObject\",\"inLanguage\":\"es\",\"@id\":\"https:\\\/\\\/www.demusculos.com\\\/web\\\/producto\\\/eaas-de-360-grs-de-star-nutrition-aminoacidos\\\/#primaryimage\",\"url\":\"https:\\\/\\\/www.demusculos.com\\\/web\\\/wp-content\\\/uploads\\\/2024\\\/02\\\/EAASX1.jpg\",\"contentUrl\":\"https:\\\/\\\/www.demusculos.com\\\/web\\\/wp-content\\\/uploads\\\/2024\\\/02\\\/EAASX1.jpg\",\"width\":1200,\"height\":1200},{\"@type\":\"BreadcrumbList\",\"@id\":\"https:\\\/\\\/www.demusculos.com\\\/web\\\/producto\\\/eaas-de-360-grs-de-star-nutrition-aminoacidos\\\/#breadcrumb\",\"itemListElement\":[{\"@type\":\"ListItem\",\"position\":1,\"name\":\"Inicio\",\"item\":\"https:\\\/\\\/www.demusculos.com\\\/web\\\/\"},{\"@type\":\"ListItem\",\"position\":2,\"name\":\"Suplementos\",\"item\":\"https:\\\/\\\/www.demusculos.com\\\/web\\\/tienda\\\/\"},{\"@type\":\"ListItem\",\"position\":3,\"name\":\"Eaa\u00b4s de 360 grs de Star Nutrition Amino\u00e1cidos\"}]},{\"@type\":\"WebSite\",\"@id\":\"https:\\\/\\\/www.demusculos.com\\\/web\\\/#website\",\"url\":\"https:\\\/\\\/www.demusculos.com\\\/web\\\/\",\"name\":\"DeMusculos.com\",\"description\":\"Suplementos Naturales\",\"publisher\":{\"@id\":\"https:\\\/\\\/www.demusculos.com\\\/web\\\/#organization\"},\"alternateName\":\"Suplementos Naturales\",\"potentialAction\":[{\"@type\":\"SearchAction\",\"target\":{\"@type\":\"EntryPoint\",\"urlTemplate\":\"https:\\\/\\\/www.demusculos.com\\\/web\\\/?s={search_term_string}\"},\"query-input\":{\"@type\":\"PropertyValueSpecification\",\"valueRequired\":true,\"valueName\":\"search_term_string\"}}],\"inLanguage\":\"es\"},{\"@type\":\"Organization\",\"@id\":\"https:\\\/\\\/www.demusculos.com\\\/web\\\/#organization\",\"name\":\"DeMusculos.com\",\"alternateName\":\"DeMusculos\",\"url\":\"https:\\\/\\\/www.demusculos.com\\\/web\\\/\",\"logo\":{\"@type\":\"ImageObject\",\"inLanguage\":\"es\",\"@id\":\"https:\\\/\\\/www.demusculos.com\\\/web\\\/#\\\/schema\\\/logo\\\/image\\\/\",\"url\":\"https:\\\/\\\/www.demusculos.com\\\/web\\\/wp-content\\\/uploads\\\/2024\\\/02\\\/logo-demusculos-prestashop-usuario.png\",\"contentUrl\":\"https:\\\/\\\/www.demusculos.com\\\/web\\\/wp-content\\\/uploads\\\/2024\\\/02\\\/logo-demusculos-prestashop-usuario.png\",\"width\":150,\"height\":150,\"caption\":\"DeMusculos.com\"},\"image\":{\"@id\":\"https:\\\/\\\/www.demusculos.com\\\/web\\\/#\\\/schema\\\/logo\\\/image\\\/\"},\"sameAs\":[\"https:\\\/\\\/www.facebook.com\\\/demusculos\",\"https:\\\/\\\/x.com\\\/demusculos\",\"https:\\\/\\\/www.instagram.com\\\/demusculos\",\"https:\\\/\\\/www.tiktok.com\\\/@demusculos.com\"]}]}<\/script>\n<!-- \/ Yoast SEO plugin. -->","yoast_head_json":{"title":"EAA\u00b4s | Aminos Esenciales | Star Nutrition | DeMusculos.com","description":"EAA\u00b4s 360 grs Amino\u00e1cios Esenciales de Star Nutrition. Ideal para recuperaci\u00f3n, rendimiento y aumetno de masa muscular. Para todos los deportes.","robots":{"index":"index","follow":"follow","max-snippet":"max-snippet:-1","max-image-preview":"max-image-preview:large","max-video-preview":"max-video-preview:-1"},"canonical":"https:\/\/www.demusculos.com\/web\/producto\/eaas-de-360-grs-de-star-nutrition-aminoacidos\/","og_locale":"es_ES","og_type":"article","og_title":"EAA\u00b4s | Aminos Esenciales | Star Nutrition | DeMusculos.com","og_description":"EAA\u00b4s 360 grs Amino\u00e1cios Esenciales de Star Nutrition. Ideal para recuperaci\u00f3n, rendimiento y aumetno de masa muscular. Para todos los deportes.","og_url":"https:\/\/www.demusculos.com\/web\/producto\/eaas-de-360-grs-de-star-nutrition-aminoacidos\/","og_site_name":"DeMusculos","article_publisher":"https:\/\/www.facebook.com\/demusculos","article_modified_time":"2026-03-04T16:21:10+00:00","og_image":[{"width":1200,"height":1200,"url":"https:\/\/www.demusculos.com\/web\/wp-content\/uploads\/2024\/02\/EAASX1.jpg","type":"image\/jpeg"}],"twitter_card":"summary_large_image","twitter_site":"@demusculos","twitter_misc":{"Tiempo de lectura":"5 minutos"},"schema":{"@context":"https:\/\/schema.org","@graph":[{"@type":"WebPage","@id":"https:\/\/www.demusculos.com\/web\/producto\/eaas-de-360-grs-de-star-nutrition-aminoacidos\/","url":"https:\/\/www.demusculos.com\/web\/producto\/eaas-de-360-grs-de-star-nutrition-aminoacidos\/","name":"EAA\u00b4s | Aminos Esenciales | Star Nutrition | DeMusculos.com","isPartOf":{"@id":"https:\/\/www.demusculos.com\/web\/#website"},"primaryImageOfPage":{"@id":"https:\/\/www.demusculos.com\/web\/producto\/eaas-de-360-grs-de-star-nutrition-aminoacidos\/#primaryimage"},"image":{"@id":"https:\/\/www.demusculos.com\/web\/producto\/eaas-de-360-grs-de-star-nutrition-aminoacidos\/#primaryimage"},"thumbnailUrl":"https:\/\/www.demusculos.com\/web\/wp-content\/uploads\/2024\/02\/EAASX1.jpg","datePublished":"2024-02-20T13:10:32+00:00","dateModified":"2026-03-04T16:21:10+00:00","description":"EAA\u00b4s 360 grs Amino\u00e1cios Esenciales de Star Nutrition. Ideal para recuperaci\u00f3n, rendimiento y aumetno de masa muscular. Para todos los deportes.","breadcrumb":{"@id":"https:\/\/www.demusculos.com\/web\/producto\/eaas-de-360-grs-de-star-nutrition-aminoacidos\/#breadcrumb"},"inLanguage":"es","potentialAction":[{"@type":"ReadAction","target":["https:\/\/www.demusculos.com\/web\/producto\/eaas-de-360-grs-de-star-nutrition-aminoacidos\/"]}]},{"@type":"ImageObject","inLanguage":"es","@id":"https:\/\/www.demusculos.com\/web\/producto\/eaas-de-360-grs-de-star-nutrition-aminoacidos\/#primaryimage","url":"https:\/\/www.demusculos.com\/web\/wp-content\/uploads\/2024\/02\/EAASX1.jpg","contentUrl":"https:\/\/www.demusculos.com\/web\/wp-content\/uploads\/2024\/02\/EAASX1.jpg","width":1200,"height":1200},{"@type":"BreadcrumbList","@id":"https:\/\/www.demusculos.com\/web\/producto\/eaas-de-360-grs-de-star-nutrition-aminoacidos\/#breadcrumb","itemListElement":[{"@type":"ListItem","position":1,"name":"Inicio","item":"https:\/\/www.demusculos.com\/web\/"},{"@type":"ListItem","position":2,"name":"Suplementos","item":"https:\/\/www.demusculos.com\/web\/tienda\/"},{"@type":"ListItem","position":3,"name":"Eaa\u00b4s de 360 grs de Star Nutrition Amino\u00e1cidos"}]},{"@type":"WebSite","@id":"https:\/\/www.demusculos.com\/web\/#website","url":"https:\/\/www.demusculos.com\/web\/","name":"DeMusculos.com","description":"Suplementos Naturales","publisher":{"@id":"https:\/\/www.demusculos.com\/web\/#organization"},"alternateName":"Suplementos Naturales","potentialAction":[{"@type":"SearchAction","target":{"@type":"EntryPoint","urlTemplate":"https:\/\/www.demusculos.com\/web\/?s={search_term_string}"},"query-input":{"@type":"PropertyValueSpecification","valueRequired":true,"valueName":"search_term_string"}}],"inLanguage":"es"},{"@type":"Organization","@id":"https:\/\/www.demusculos.com\/web\/#organization","name":"DeMusculos.com","alternateName":"DeMusculos","url":"https:\/\/www.demusculos.com\/web\/","logo":{"@type":"ImageObject","inLanguage":"es","@id":"https:\/\/www.demusculos.com\/web\/#\/schema\/logo\/image\/","url":"https:\/\/www.demusculos.com\/web\/wp-content\/uploads\/2024\/02\/logo-demusculos-prestashop-usuario.png","contentUrl":"https:\/\/www.demusculos.com\/web\/wp-content\/uploads\/2024\/02\/logo-demusculos-prestashop-usuario.png","width":150,"height":150,"caption":"DeMusculos.com"},"image":{"@id":"https:\/\/www.demusculos.com\/web\/#\/schema\/logo\/image\/"},"sameAs":["https:\/\/www.facebook.com\/demusculos","https:\/\/x.com\/demusculos","https:\/\/www.instagram.com\/demusculos","https:\/\/www.tiktok.com\/@demusculos.com"]}]}},"_links":{"self":[{"href":"https:\/\/www.demusculos.com\/web\/wp-json\/wp\/v2\/product\/303","targetHints":{"allow":["GET"]}}],"collection":[{"href":"https:\/\/www.demusculos.com\/web\/wp-json\/wp\/v2\/product"}],"about":[{"href":"https:\/\/www.demusculos.com\/web\/wp-json\/wp\/v2\/types\/product"}],"replies":[{"embeddable":true,"href":"https:\/\/www.demusculos.com\/web\/wp-json\/wp\/v2\/comments?post=303"}],"wp:featuredmedia":[{"embeddable":true,"href":"https:\/\/www.demusculos.com\/web\/wp-json\/wp\/v2\/media\/304"}],"wp:attachment":[{"href":"https:\/\/www.demusculos.com\/web\/wp-json\/wp\/v2\/media?parent=303"}],"wp:term":[{"taxonomy":"product_brand","embeddable":true,"href":"https:\/\/www.demusculos.com\/web\/wp-json\/wp\/v2\/product_brand?post=303"},{"taxonomy":"product_cat","embeddable":true,"href":"https:\/\/www.demusculos.com\/web\/wp-json\/wp\/v2\/product_cat?post=303"},{"taxonomy":"product_tag","embeddable":true,"href":"https:\/\/www.demusculos.com\/web\/wp-json\/wp\/v2\/product_tag?post=303"}],"curies":[{"name":"wp","href":"https:\/\/api.w.org\/{rel}","templated":true}]}}