{"id":3030,"date":"2024-03-15T12:50:34","date_gmt":"2024-03-15T15:50:34","guid":{"rendered":"https:\/\/www.demusculos.com\/web\/?post_type=product&#038;p=3030"},"modified":"2026-02-01T20:01:50","modified_gmt":"2026-02-01T23:01:50","slug":"vaso-mezclador-o-shaker-bpa-free-500-ml-capitan-america","status":"publish","type":"product","link":"https:\/\/www.demusculos.com\/web\/producto\/vaso-mezclador-o-shaker-bpa-free-500-ml-capitan-america\/","title":{"rendered":"Vaso Mezclador o Shaker BPA FREE 500 ml CAPITAN AMERICA"},"content":{"rendered":"<h1>Vaso no t\u00f3xico CAPITAN AMERICA<\/h1>\n<h2>Con anti grumo incluido<\/h2>\n<p>Vaso mezclador o shaker. Para preparar tus licuados de prote\u00ednas, amino\u00e1cidos y creatinas.<\/p>\n<p>Motivo: CAPITAN AMERICA<\/p>\n<p>Medio litro. El vaso esta confeccionado en pl\u00e1stico BPA FREE, esto quiere decir que es un pl\u00e1stico que utiliza un pol\u00edmero no t\u00f3xico.<\/p>\n<p>Tampoco toman olor con el correr del tiempo. El vaso mezclador incluye tapa a rosca, pico con tapa a presi\u00f3n, resorte de acero inoxidable para desintegrar los grupos de prote\u00ednas, amino\u00e1cidos o creatinas.<\/p>\n","protected":false},"excerpt":{"rendered":"<p>Vaso mezclador no t\u00f3xico. Motivo de CAPITAN AMERICA. Incluye un resorte anti grumos.<\/p>\n","protected":false},"featured_media":3031,"comment_status":"closed","ping_status":"closed","template":"","meta":[],"product_brand":[],"product_cat":[120],"product_tag":[122,121,123],"class_list":{"0":"post-3030","1":"product","2":"type-product","3":"status-publish","4":"has-post-thumbnail","6":"product_cat-accesorios","7":"product_tag-shaker","8":"product_tag-shark","9":"product_tag-vaso","11":"first","12":"instock","13":"sale","14":"shipping-taxable","15":"purchasable","16":"product-type-simple"},"yoast_head":"<!-- This site is optimized with the Yoast SEO plugin v27.3 - https:\/\/yoast.com\/product\/yoast-seo-wordpress\/ -->\n<title>Vaso Mezclador o Shaker BPA FREE 500 ml CAPITAN AMERICA | DeMusculos<\/title>\n<meta name=\"robots\" content=\"index, follow, max-snippet:-1, max-image-preview:large, max-video-preview:-1\" \/>\n<link rel=\"canonical\" href=\"https:\/\/www.demusculos.com\/web\/producto\/vaso-mezclador-o-shaker-bpa-free-500-ml-capitan-america\/\" \/>\n<meta property=\"og:locale\" content=\"es_ES\" \/>\n<meta property=\"og:type\" content=\"article\" \/>\n<meta property=\"og:title\" content=\"Vaso Mezclador o Shaker BPA FREE 500 ml CAPITAN AMERICA | DeMusculos\" \/>\n<meta property=\"og:description\" content=\"Vaso mezclador no t\u00f3xico. Motivo de CAPITAN AMERICA. Incluye un resorte anti grumos.\" \/>\n<meta property=\"og:url\" content=\"https:\/\/www.demusculos.com\/web\/producto\/vaso-mezclador-o-shaker-bpa-free-500-ml-capitan-america\/\" \/>\n<meta property=\"og:site_name\" content=\"DeMusculos\" \/>\n<meta property=\"article:publisher\" content=\"https:\/\/www.facebook.com\/demusculos\" \/>\n<meta property=\"article:modified_time\" content=\"2026-02-01T23:01:50+00:00\" \/>\n<meta property=\"og:image\" content=\"https:\/\/www.demusculos.com\/web\/wp-content\/uploads\/2024\/03\/CAPITAN-AMERICA-01-1.jpg\" \/>\n\t<meta property=\"og:image:width\" content=\"1200\" \/>\n\t<meta property=\"og:image:height\" content=\"1200\" \/>\n\t<meta property=\"og:image:type\" content=\"image\/jpeg\" \/>\n<meta name=\"twitter:card\" content=\"summary_large_image\" \/>\n<meta name=\"twitter:site\" content=\"@demusculos\" \/>\n<meta name=\"twitter:label1\" content=\"Tiempo de lectura\" \/>\n\t<meta name=\"twitter:data1\" content=\"1 minuto\" \/>\n<script type=\"application\/ld+json\" class=\"yoast-schema-graph\">{\"@context\":\"https:\\\/\\\/schema.org\",\"@graph\":[{\"@type\":\"WebPage\",\"@id\":\"https:\\\/\\\/www.demusculos.com\\\/web\\\/producto\\\/vaso-mezclador-o-shaker-bpa-free-500-ml-capitan-america\\\/\",\"url\":\"https:\\\/\\\/www.demusculos.com\\\/web\\\/producto\\\/vaso-mezclador-o-shaker-bpa-free-500-ml-capitan-america\\\/\",\"name\":\"Vaso Mezclador o Shaker BPA FREE 500 ml CAPITAN AMERICA | DeMusculos\",\"isPartOf\":{\"@id\":\"https:\\\/\\\/www.demusculos.com\\\/web\\\/#website\"},\"primaryImageOfPage\":{\"@id\":\"https:\\\/\\\/www.demusculos.com\\\/web\\\/producto\\\/vaso-mezclador-o-shaker-bpa-free-500-ml-capitan-america\\\/#primaryimage\"},\"image\":{\"@id\":\"https:\\\/\\\/www.demusculos.com\\\/web\\\/producto\\\/vaso-mezclador-o-shaker-bpa-free-500-ml-capitan-america\\\/#primaryimage\"},\"thumbnailUrl\":\"https:\\\/\\\/www.demusculos.com\\\/web\\\/wp-content\\\/uploads\\\/2024\\\/03\\\/CAPITAN-AMERICA-01-1.jpg\",\"datePublished\":\"2024-03-15T15:50:34+00:00\",\"dateModified\":\"2026-02-01T23:01:50+00:00\",\"breadcrumb\":{\"@id\":\"https:\\\/\\\/www.demusculos.com\\\/web\\\/producto\\\/vaso-mezclador-o-shaker-bpa-free-500-ml-capitan-america\\\/#breadcrumb\"},\"inLanguage\":\"es\",\"potentialAction\":[{\"@type\":\"ReadAction\",\"target\":[\"https:\\\/\\\/www.demusculos.com\\\/web\\\/producto\\\/vaso-mezclador-o-shaker-bpa-free-500-ml-capitan-america\\\/\"]}]},{\"@type\":\"ImageObject\",\"inLanguage\":\"es\",\"@id\":\"https:\\\/\\\/www.demusculos.com\\\/web\\\/producto\\\/vaso-mezclador-o-shaker-bpa-free-500-ml-capitan-america\\\/#primaryimage\",\"url\":\"https:\\\/\\\/www.demusculos.com\\\/web\\\/wp-content\\\/uploads\\\/2024\\\/03\\\/CAPITAN-AMERICA-01-1.jpg\",\"contentUrl\":\"https:\\\/\\\/www.demusculos.com\\\/web\\\/wp-content\\\/uploads\\\/2024\\\/03\\\/CAPITAN-AMERICA-01-1.jpg\",\"width\":1200,\"height\":1200,\"caption\":\"Vaso Shaker Capitan America\"},{\"@type\":\"BreadcrumbList\",\"@id\":\"https:\\\/\\\/www.demusculos.com\\\/web\\\/producto\\\/vaso-mezclador-o-shaker-bpa-free-500-ml-capitan-america\\\/#breadcrumb\",\"itemListElement\":[{\"@type\":\"ListItem\",\"position\":1,\"name\":\"Inicio\",\"item\":\"https:\\\/\\\/www.demusculos.com\\\/web\\\/\"},{\"@type\":\"ListItem\",\"position\":2,\"name\":\"Suplementos\",\"item\":\"https:\\\/\\\/www.demusculos.com\\\/web\\\/tienda\\\/\"},{\"@type\":\"ListItem\",\"position\":3,\"name\":\"Vaso Mezclador o Shaker BPA FREE 500 ml CAPITAN AMERICA\"}]},{\"@type\":\"WebSite\",\"@id\":\"https:\\\/\\\/www.demusculos.com\\\/web\\\/#website\",\"url\":\"https:\\\/\\\/www.demusculos.com\\\/web\\\/\",\"name\":\"DeMusculos.com\",\"description\":\"Suplementos Naturales\",\"publisher\":{\"@id\":\"https:\\\/\\\/www.demusculos.com\\\/web\\\/#organization\"},\"alternateName\":\"Suplementos Naturales\",\"potentialAction\":[{\"@type\":\"SearchAction\",\"target\":{\"@type\":\"EntryPoint\",\"urlTemplate\":\"https:\\\/\\\/www.demusculos.com\\\/web\\\/?s={search_term_string}\"},\"query-input\":{\"@type\":\"PropertyValueSpecification\",\"valueRequired\":true,\"valueName\":\"search_term_string\"}}],\"inLanguage\":\"es\"},{\"@type\":\"Organization\",\"@id\":\"https:\\\/\\\/www.demusculos.com\\\/web\\\/#organization\",\"name\":\"DeMusculos.com\",\"alternateName\":\"DeMusculos\",\"url\":\"https:\\\/\\\/www.demusculos.com\\\/web\\\/\",\"logo\":{\"@type\":\"ImageObject\",\"inLanguage\":\"es\",\"@id\":\"https:\\\/\\\/www.demusculos.com\\\/web\\\/#\\\/schema\\\/logo\\\/image\\\/\",\"url\":\"https:\\\/\\\/www.demusculos.com\\\/web\\\/wp-content\\\/uploads\\\/2024\\\/02\\\/logo-demusculos-prestashop-usuario.png\",\"contentUrl\":\"https:\\\/\\\/www.demusculos.com\\\/web\\\/wp-content\\\/uploads\\\/2024\\\/02\\\/logo-demusculos-prestashop-usuario.png\",\"width\":150,\"height\":150,\"caption\":\"DeMusculos.com\"},\"image\":{\"@id\":\"https:\\\/\\\/www.demusculos.com\\\/web\\\/#\\\/schema\\\/logo\\\/image\\\/\"},\"sameAs\":[\"https:\\\/\\\/www.facebook.com\\\/demusculos\",\"https:\\\/\\\/x.com\\\/demusculos\",\"https:\\\/\\\/www.instagram.com\\\/demusculos\",\"https:\\\/\\\/www.tiktok.com\\\/@demusculos.com\"]}]}<\/script>\n<!-- \/ Yoast SEO plugin. -->","yoast_head_json":{"title":"Vaso Mezclador o Shaker BPA FREE 500 ml CAPITAN AMERICA | DeMusculos","robots":{"index":"index","follow":"follow","max-snippet":"max-snippet:-1","max-image-preview":"max-image-preview:large","max-video-preview":"max-video-preview:-1"},"canonical":"https:\/\/www.demusculos.com\/web\/producto\/vaso-mezclador-o-shaker-bpa-free-500-ml-capitan-america\/","og_locale":"es_ES","og_type":"article","og_title":"Vaso Mezclador o Shaker BPA FREE 500 ml CAPITAN AMERICA | DeMusculos","og_description":"Vaso mezclador no t\u00f3xico. Motivo de CAPITAN AMERICA. Incluye un resorte anti grumos.","og_url":"https:\/\/www.demusculos.com\/web\/producto\/vaso-mezclador-o-shaker-bpa-free-500-ml-capitan-america\/","og_site_name":"DeMusculos","article_publisher":"https:\/\/www.facebook.com\/demusculos","article_modified_time":"2026-02-01T23:01:50+00:00","og_image":[{"width":1200,"height":1200,"url":"https:\/\/www.demusculos.com\/web\/wp-content\/uploads\/2024\/03\/CAPITAN-AMERICA-01-1.jpg","type":"image\/jpeg"}],"twitter_card":"summary_large_image","twitter_site":"@demusculos","twitter_misc":{"Tiempo de lectura":"1 minuto"},"schema":{"@context":"https:\/\/schema.org","@graph":[{"@type":"WebPage","@id":"https:\/\/www.demusculos.com\/web\/producto\/vaso-mezclador-o-shaker-bpa-free-500-ml-capitan-america\/","url":"https:\/\/www.demusculos.com\/web\/producto\/vaso-mezclador-o-shaker-bpa-free-500-ml-capitan-america\/","name":"Vaso Mezclador o Shaker BPA FREE 500 ml CAPITAN AMERICA | DeMusculos","isPartOf":{"@id":"https:\/\/www.demusculos.com\/web\/#website"},"primaryImageOfPage":{"@id":"https:\/\/www.demusculos.com\/web\/producto\/vaso-mezclador-o-shaker-bpa-free-500-ml-capitan-america\/#primaryimage"},"image":{"@id":"https:\/\/www.demusculos.com\/web\/producto\/vaso-mezclador-o-shaker-bpa-free-500-ml-capitan-america\/#primaryimage"},"thumbnailUrl":"https:\/\/www.demusculos.com\/web\/wp-content\/uploads\/2024\/03\/CAPITAN-AMERICA-01-1.jpg","datePublished":"2024-03-15T15:50:34+00:00","dateModified":"2026-02-01T23:01:50+00:00","breadcrumb":{"@id":"https:\/\/www.demusculos.com\/web\/producto\/vaso-mezclador-o-shaker-bpa-free-500-ml-capitan-america\/#breadcrumb"},"inLanguage":"es","potentialAction":[{"@type":"ReadAction","target":["https:\/\/www.demusculos.com\/web\/producto\/vaso-mezclador-o-shaker-bpa-free-500-ml-capitan-america\/"]}]},{"@type":"ImageObject","inLanguage":"es","@id":"https:\/\/www.demusculos.com\/web\/producto\/vaso-mezclador-o-shaker-bpa-free-500-ml-capitan-america\/#primaryimage","url":"https:\/\/www.demusculos.com\/web\/wp-content\/uploads\/2024\/03\/CAPITAN-AMERICA-01-1.jpg","contentUrl":"https:\/\/www.demusculos.com\/web\/wp-content\/uploads\/2024\/03\/CAPITAN-AMERICA-01-1.jpg","width":1200,"height":1200,"caption":"Vaso Shaker Capitan America"},{"@type":"BreadcrumbList","@id":"https:\/\/www.demusculos.com\/web\/producto\/vaso-mezclador-o-shaker-bpa-free-500-ml-capitan-america\/#breadcrumb","itemListElement":[{"@type":"ListItem","position":1,"name":"Inicio","item":"https:\/\/www.demusculos.com\/web\/"},{"@type":"ListItem","position":2,"name":"Suplementos","item":"https:\/\/www.demusculos.com\/web\/tienda\/"},{"@type":"ListItem","position":3,"name":"Vaso Mezclador o Shaker BPA FREE 500 ml CAPITAN AMERICA"}]},{"@type":"WebSite","@id":"https:\/\/www.demusculos.com\/web\/#website","url":"https:\/\/www.demusculos.com\/web\/","name":"DeMusculos.com","description":"Suplementos Naturales","publisher":{"@id":"https:\/\/www.demusculos.com\/web\/#organization"},"alternateName":"Suplementos Naturales","potentialAction":[{"@type":"SearchAction","target":{"@type":"EntryPoint","urlTemplate":"https:\/\/www.demusculos.com\/web\/?s={search_term_string}"},"query-input":{"@type":"PropertyValueSpecification","valueRequired":true,"valueName":"search_term_string"}}],"inLanguage":"es"},{"@type":"Organization","@id":"https:\/\/www.demusculos.com\/web\/#organization","name":"DeMusculos.com","alternateName":"DeMusculos","url":"https:\/\/www.demusculos.com\/web\/","logo":{"@type":"ImageObject","inLanguage":"es","@id":"https:\/\/www.demusculos.com\/web\/#\/schema\/logo\/image\/","url":"https:\/\/www.demusculos.com\/web\/wp-content\/uploads\/2024\/02\/logo-demusculos-prestashop-usuario.png","contentUrl":"https:\/\/www.demusculos.com\/web\/wp-content\/uploads\/2024\/02\/logo-demusculos-prestashop-usuario.png","width":150,"height":150,"caption":"DeMusculos.com"},"image":{"@id":"https:\/\/www.demusculos.com\/web\/#\/schema\/logo\/image\/"},"sameAs":["https:\/\/www.facebook.com\/demusculos","https:\/\/x.com\/demusculos","https:\/\/www.instagram.com\/demusculos","https:\/\/www.tiktok.com\/@demusculos.com"]}]}},"_links":{"self":[{"href":"https:\/\/www.demusculos.com\/web\/wp-json\/wp\/v2\/product\/3030","targetHints":{"allow":["GET"]}}],"collection":[{"href":"https:\/\/www.demusculos.com\/web\/wp-json\/wp\/v2\/product"}],"about":[{"href":"https:\/\/www.demusculos.com\/web\/wp-json\/wp\/v2\/types\/product"}],"replies":[{"embeddable":true,"href":"https:\/\/www.demusculos.com\/web\/wp-json\/wp\/v2\/comments?post=3030"}],"wp:featuredmedia":[{"embeddable":true,"href":"https:\/\/www.demusculos.com\/web\/wp-json\/wp\/v2\/media\/3031"}],"wp:attachment":[{"href":"https:\/\/www.demusculos.com\/web\/wp-json\/wp\/v2\/media?parent=3030"}],"wp:term":[{"taxonomy":"product_brand","embeddable":true,"href":"https:\/\/www.demusculos.com\/web\/wp-json\/wp\/v2\/product_brand?post=3030"},{"taxonomy":"product_cat","embeddable":true,"href":"https:\/\/www.demusculos.com\/web\/wp-json\/wp\/v2\/product_cat?post=3030"},{"taxonomy":"product_tag","embeddable":true,"href":"https:\/\/www.demusculos.com\/web\/wp-json\/wp\/v2\/product_tag?post=3030"}],"curies":[{"name":"wp","href":"https:\/\/api.w.org\/{rel}","templated":true}]}}