{"id":3121,"date":"2024-03-15T17:26:39","date_gmt":"2024-03-15T20:26:39","guid":{"rendered":"https:\/\/www.demusculos.com\/web\/?post_type=product&#038;p=3121"},"modified":"2026-04-22T15:28:32","modified_gmt":"2026-04-22T18:28:32","slug":"2-mutant-mass-1-5-kg-de-star-nutrition","status":"publish","type":"product","link":"https:\/\/www.demusculos.com\/web\/producto\/2-mutant-mass-1-5-kg-de-star-nutrition\/","title":{"rendered":"(Combo x2) Mutant Mass 1.5 kg de Star Nutrition Ganador de Masa Muscular"},"content":{"rendered":"<h2>2 Mutant Mass 1.5 kg de Star Nutrition<\/h2>\n<p>\u00bfEst\u00e1s buscando un suplemento que te ayude a ganar m\u00fasculo, energ\u00eda y fuerza? El\u00a0<strong>Mutant Mass 1.5 kg<\/strong> de Star Nutrition es lo que necesitas. Este Whey Gainer de alt\u00edsima calidad est\u00e1 fabricado en Argentina con los mejores ingredientes y la m\u00e1s avanzada tecnolog\u00eda. \u00bfQu\u00e9 hace que el Mutant Mass sea tan especial? \u00a1Conoce el Mutant Mass de Star Nutrition, el mejor ganador de masa muscular!<\/p>\n<p><img fetchpriority=\"high\" decoding=\"async\" class=\"alignnone wp-image-9036 size-full\" src=\"https:\/\/www.demusculos.com\/web\/wp-content\/uploads\/2024\/02\/mutant-mass-15-5-kg-de-star-nutrition-1.jpg\" alt=\"Ganador de Masa Muscular\" width=\"1080\" height=\"1080\" srcset=\"https:\/\/www.demusculos.com\/web\/wp-content\/uploads\/2024\/02\/mutant-mass-15-5-kg-de-star-nutrition-1.jpg 1080w, https:\/\/www.demusculos.com\/web\/wp-content\/uploads\/2024\/02\/mutant-mass-15-5-kg-de-star-nutrition-1-300x300.jpg 300w, https:\/\/www.demusculos.com\/web\/wp-content\/uploads\/2024\/02\/mutant-mass-15-5-kg-de-star-nutrition-1-150x150.jpg 150w, https:\/\/www.demusculos.com\/web\/wp-content\/uploads\/2024\/02\/mutant-mass-15-5-kg-de-star-nutrition-1-800x800.jpg 800w, https:\/\/www.demusculos.com\/web\/wp-content\/uploads\/2024\/02\/mutant-mass-15-5-kg-de-star-nutrition-1-1024x1024.jpg 1024w, https:\/\/www.demusculos.com\/web\/wp-content\/uploads\/2024\/02\/mutant-mass-15-5-kg-de-star-nutrition-1-768x768.jpg 768w\" sizes=\"(max-width: 1080px) 100vw, 1080px\" \/><\/p>\n<h2><img decoding=\"async\" class=\"alignnone size-medium wp-image-246\" src=\"https:\/\/www.demusculos.com\/web\/wp-content\/uploads\/2024\/02\/logo-star-nutrition-300x69.png\" alt=\"\" width=\"300\" height=\"69\" srcset=\"https:\/\/www.demusculos.com\/web\/wp-content\/uploads\/2024\/02\/logo-star-nutrition-300x69.png 300w, https:\/\/www.demusculos.com\/web\/wp-content\/uploads\/2024\/02\/logo-star-nutrition-150x35.png 150w, https:\/\/www.demusculos.com\/web\/wp-content\/uploads\/2024\/02\/logo-star-nutrition-416x96.png 416w, https:\/\/www.demusculos.com\/web\/wp-content\/uploads\/2024\/02\/logo-star-nutrition.png 446w\" sizes=\"(max-width: 300px) 100vw, 300px\" \/><\/h2>\n<h3>Caracter\u00edsticas Principales de Mutant Mass 1.5\u00a0 kg<\/h3>\n<ul>\n<li><strong>Contiene Arginina<\/strong>: Este amino\u00e1cido es un precursor del \u00f3xido n\u00edtrico, una sustancia que mejora el flujo sangu\u00edneo y el transporte de nutrientes y ox\u00edgeno a las fibras musculares. Esto se traduce en una mayor intensidad, vitalidad y recuperaci\u00f3n durante y despu\u00e9s de tus entrenamientos.<\/li>\n<li><strong>Aporta Energ\u00eda y Prote\u00ednas<\/strong>: El producto te brinda una combinaci\u00f3n \u00f3ptima de carbohidratos y prote\u00ednas que te dan la energ\u00eda necesaria para afrontar tus sesiones de ejercicio y reestructurar las fibras musculares que se da\u00f1an durante el entrenamiento. As\u00ed, logras un aumento de la masa muscular de forma eficaz y duradera.<\/li>\n<li><strong>Es Ideal para Personas Delgadas<\/strong>: Si tienes dificultades para ganar peso y m\u00fasculo, este produtco es tu soluci\u00f3n. Este suplemento te ayuda a aumentar tu ingesta cal\u00f3rica y a mejorar tu calidad muscular, evitando el exceso de grasa.<\/li>\n<\/ul>\n<figure id=\"attachment_298\" aria-describedby=\"caption-attachment-298\" style=\"width: 300px\" class=\"wp-caption alignnone\"><img decoding=\"async\" class=\"wp-image-298 size-full\" title=\"Mutant Mass es para hombres y mujeres\" src=\"https:\/\/www.demusculos.com\/web\/wp-content\/uploads\/2024\/02\/para-ambos-sexos.png\" alt=\"Mutant Mass es para hombres y mujeres\" width=\"300\" height=\"300\" srcset=\"https:\/\/www.demusculos.com\/web\/wp-content\/uploads\/2024\/02\/para-ambos-sexos.png 300w, https:\/\/www.demusculos.com\/web\/wp-content\/uploads\/2024\/02\/para-ambos-sexos-150x150.png 150w\" sizes=\"(max-width: 300px) 100vw, 300px\" \/><figcaption id=\"caption-attachment-298\" class=\"wp-caption-text\">Este producto puede ser consumido por hombres y mujeres.<\/figcaption><\/figure>\n<p><img loading=\"lazy\" decoding=\"async\" class=\"alignnone size-full wp-image-9037\" src=\"https:\/\/www.demusculos.com\/web\/wp-content\/uploads\/2024\/02\/mutant-mass-15-5-kg-de-star-nutrition-2.jpg\" alt=\"M\u00e1s beneficios de Mutant Mass de Star Nutrition - Ganador de Masa Muscular\" width=\"1080\" height=\"1080\" srcset=\"https:\/\/www.demusculos.com\/web\/wp-content\/uploads\/2024\/02\/mutant-mass-15-5-kg-de-star-nutrition-2.jpg 1080w, https:\/\/www.demusculos.com\/web\/wp-content\/uploads\/2024\/02\/mutant-mass-15-5-kg-de-star-nutrition-2-300x300.jpg 300w, https:\/\/www.demusculos.com\/web\/wp-content\/uploads\/2024\/02\/mutant-mass-15-5-kg-de-star-nutrition-2-150x150.jpg 150w, https:\/\/www.demusculos.com\/web\/wp-content\/uploads\/2024\/02\/mutant-mass-15-5-kg-de-star-nutrition-2-800x800.jpg 800w, https:\/\/www.demusculos.com\/web\/wp-content\/uploads\/2024\/02\/mutant-mass-15-5-kg-de-star-nutrition-2-1024x1024.jpg 1024w, https:\/\/www.demusculos.com\/web\/wp-content\/uploads\/2024\/02\/mutant-mass-15-5-kg-de-star-nutrition-2-768x768.jpg 768w\" sizes=\"(max-width: 1080px) 100vw, 1080px\" \/><\/p>\n<h3>Calidad y Sabor:<\/h3>\n<ul>\n<li><strong>Disoluci\u00f3n Perfecta<\/strong>: se mezcla f\u00e1cilmente con agua o leche, sin dejar grumos ni residuos. Disfruta de un batido suave y cremoso en cada toma.<\/li>\n<li><strong>Sabor Exquisito<\/strong>: tiene un sabor delicioso que te har\u00e1 querer m\u00e1s. Elige entre diferentes opciones y saborea el mejor ganador de masa muscular del mercado.<\/li>\n<li><strong>Precio y Posicionamiento<\/strong>:\u00a0 tiene una excelente relaci\u00f3n calidad-precio, siendo uno de los suplementos m\u00e1s competitivos y reconocidos del mercado. Miles de personas ya han confiado en Star Nutrition, una marca l\u00edder en el sector.<\/li>\n<\/ul>\n<figure id=\"attachment_124\" aria-describedby=\"caption-attachment-124\" style=\"width: 300px\" class=\"wp-caption alignnone\"><img loading=\"lazy\" decoding=\"async\" class=\"wp-image-124 size-full\" title=\"Ideal para ganar masa muscular\" src=\"https:\/\/www.demusculos.com\/web\/wp-content\/uploads\/2024\/02\/masa-muscular.png\" alt=\"Ideal para ganar masa muscular\" width=\"300\" height=\"300\" srcset=\"https:\/\/www.demusculos.com\/web\/wp-content\/uploads\/2024\/02\/masa-muscular.png 300w, https:\/\/www.demusculos.com\/web\/wp-content\/uploads\/2024\/02\/masa-muscular-150x150.png 150w\" sizes=\"(max-width: 300px) 100vw, 300px\" \/><figcaption id=\"caption-attachment-124\" class=\"wp-caption-text\">Es ideal para recuperaci\u00f3n muscular. A mayor recuperaci\u00f3n m\u00e1s aumento de masa muscular y rendimiento. Tambi\u00e9n lograremos m\u00e1s tono muscular. Las prote\u00ednas nos dan saciedad y son ideales para las dietas.<\/figcaption><\/figure>\n<h3>\u00bfC\u00f3mo se toma?<\/h3>\n<ul>\n<li><strong>Antes de Entrenar<\/strong>: Toma una porci\u00f3n de Mutant Mass unos 30 minutos antes de tu entrenamiento para tener la energ\u00eda suficiente para darlo todo.<\/li>\n<li><strong>Despu\u00e9s de Entrenar<\/strong>: Toma otra porci\u00f3n de Mutant Mass inmediatamente despu\u00e9s de tu entrenamiento para aprovechar la ventana anab\u00f3lica y favorecer la recuperaci\u00f3n y el crecimiento muscular.<\/li>\n<\/ul>\n<p>No lo dudes m\u00e1s. \u00a1Hazte con el Mutant Mass de Star Nutrition y transforma tu cuerpo y tu rendimiento!<\/p>\n<figure id=\"attachment_125\" aria-describedby=\"caption-attachment-125\" style=\"width: 300px\" class=\"wp-caption alignnone\"><img loading=\"lazy\" decoding=\"async\" class=\"wp-image-125 size-full\" title=\"Mutant Mass se puede preparar con leche o agua\" src=\"https:\/\/www.demusculos.com\/web\/wp-content\/uploads\/2024\/02\/agua-leche-descremada.png\" alt=\"Mutant Mass se puede preparar con leche o agua\" width=\"300\" height=\"300\" srcset=\"https:\/\/www.demusculos.com\/web\/wp-content\/uploads\/2024\/02\/agua-leche-descremada.png 300w, https:\/\/www.demusculos.com\/web\/wp-content\/uploads\/2024\/02\/agua-leche-descremada-150x150.png 150w\" sizes=\"(max-width: 300px) 100vw, 300px\" \/><figcaption id=\"caption-attachment-125\" class=\"wp-caption-text\">Este producto se puede preparar con agua o leche descremada. Recomendamos tomarlo con l\u00edquidos fr\u00edos.<\/figcaption><\/figure>\n<p><img loading=\"lazy\" decoding=\"async\" class=\"alignnone size-full wp-image-9038\" src=\"https:\/\/www.demusculos.com\/web\/wp-content\/uploads\/2024\/02\/mutant-mass-15-5-kg-de-star-nutrition-3.jpg\" alt=\"Beneficios - Mutant Mass de Star Nutrition - Ganador de Masa Muscular\" width=\"1080\" height=\"1080\" srcset=\"https:\/\/www.demusculos.com\/web\/wp-content\/uploads\/2024\/02\/mutant-mass-15-5-kg-de-star-nutrition-3.jpg 1080w, https:\/\/www.demusculos.com\/web\/wp-content\/uploads\/2024\/02\/mutant-mass-15-5-kg-de-star-nutrition-3-300x300.jpg 300w, https:\/\/www.demusculos.com\/web\/wp-content\/uploads\/2024\/02\/mutant-mass-15-5-kg-de-star-nutrition-3-150x150.jpg 150w, https:\/\/www.demusculos.com\/web\/wp-content\/uploads\/2024\/02\/mutant-mass-15-5-kg-de-star-nutrition-3-800x800.jpg 800w, https:\/\/www.demusculos.com\/web\/wp-content\/uploads\/2024\/02\/mutant-mass-15-5-kg-de-star-nutrition-3-1024x1024.jpg 1024w, https:\/\/www.demusculos.com\/web\/wp-content\/uploads\/2024\/02\/mutant-mass-15-5-kg-de-star-nutrition-3-768x768.jpg 768w\" sizes=\"(max-width: 1080px) 100vw, 1080px\" \/><\/p>\n<p><img loading=\"lazy\" decoding=\"async\" class=\"alignnone size-full wp-image-9041\" src=\"https:\/\/www.demusculos.com\/web\/wp-content\/uploads\/2024\/02\/mutant-mass-15-5-kg-de-star-nutrition-6.jpg\" alt=\"Sabores - Mutant Mass de Star Nutrition - Ganador de Masa Muscular\" width=\"1080\" height=\"1080\" srcset=\"https:\/\/www.demusculos.com\/web\/wp-content\/uploads\/2024\/02\/mutant-mass-15-5-kg-de-star-nutrition-6.jpg 1080w, https:\/\/www.demusculos.com\/web\/wp-content\/uploads\/2024\/02\/mutant-mass-15-5-kg-de-star-nutrition-6-300x300.jpg 300w, https:\/\/www.demusculos.com\/web\/wp-content\/uploads\/2024\/02\/mutant-mass-15-5-kg-de-star-nutrition-6-150x150.jpg 150w, https:\/\/www.demusculos.com\/web\/wp-content\/uploads\/2024\/02\/mutant-mass-15-5-kg-de-star-nutrition-6-800x800.jpg 800w, https:\/\/www.demusculos.com\/web\/wp-content\/uploads\/2024\/02\/mutant-mass-15-5-kg-de-star-nutrition-6-1024x1024.jpg 1024w, https:\/\/www.demusculos.com\/web\/wp-content\/uploads\/2024\/02\/mutant-mass-15-5-kg-de-star-nutrition-6-768x768.jpg 768w\" sizes=\"(max-width: 1080px) 100vw, 1080px\" \/><\/p>\n<p><img loading=\"lazy\" decoding=\"async\" class=\"alignnone size-full wp-image-9040\" src=\"https:\/\/www.demusculos.com\/web\/wp-content\/uploads\/2024\/02\/mutant-mass-15-5-kg-de-star-nutrition-5.jpg\" alt=\"Lo m\u00e1s destacado - Mutant Mass de Star Nutrition - Ganador de Masa Muscular\" width=\"1080\" height=\"1080\" srcset=\"https:\/\/www.demusculos.com\/web\/wp-content\/uploads\/2024\/02\/mutant-mass-15-5-kg-de-star-nutrition-5.jpg 1080w, https:\/\/www.demusculos.com\/web\/wp-content\/uploads\/2024\/02\/mutant-mass-15-5-kg-de-star-nutrition-5-300x300.jpg 300w, https:\/\/www.demusculos.com\/web\/wp-content\/uploads\/2024\/02\/mutant-mass-15-5-kg-de-star-nutrition-5-150x150.jpg 150w, https:\/\/www.demusculos.com\/web\/wp-content\/uploads\/2024\/02\/mutant-mass-15-5-kg-de-star-nutrition-5-800x800.jpg 800w, https:\/\/www.demusculos.com\/web\/wp-content\/uploads\/2024\/02\/mutant-mass-15-5-kg-de-star-nutrition-5-1024x1024.jpg 1024w, https:\/\/www.demusculos.com\/web\/wp-content\/uploads\/2024\/02\/mutant-mass-15-5-kg-de-star-nutrition-5-768x768.jpg 768w\" sizes=\"(max-width: 1080px) 100vw, 1080px\" \/><\/p>\n<p><img loading=\"lazy\" decoding=\"async\" class=\"alignnone size-full wp-image-9039\" src=\"https:\/\/www.demusculos.com\/web\/wp-content\/uploads\/2024\/02\/mutant-mass-15-5-kg-de-star-nutrition-4.jpg\" alt=\"Informaci\u00f3n Nutricional - Mutant Mass de Star Nutrition - Ganador de Masa Muscular\" width=\"1080\" height=\"1080\" srcset=\"https:\/\/www.demusculos.com\/web\/wp-content\/uploads\/2024\/02\/mutant-mass-15-5-kg-de-star-nutrition-4.jpg 1080w, https:\/\/www.demusculos.com\/web\/wp-content\/uploads\/2024\/02\/mutant-mass-15-5-kg-de-star-nutrition-4-300x300.jpg 300w, https:\/\/www.demusculos.com\/web\/wp-content\/uploads\/2024\/02\/mutant-mass-15-5-kg-de-star-nutrition-4-150x150.jpg 150w, https:\/\/www.demusculos.com\/web\/wp-content\/uploads\/2024\/02\/mutant-mass-15-5-kg-de-star-nutrition-4-800x800.jpg 800w, https:\/\/www.demusculos.com\/web\/wp-content\/uploads\/2024\/02\/mutant-mass-15-5-kg-de-star-nutrition-4-1024x1024.jpg 1024w, https:\/\/www.demusculos.com\/web\/wp-content\/uploads\/2024\/02\/mutant-mass-15-5-kg-de-star-nutrition-4-768x768.jpg 768w\" sizes=\"(max-width: 1080px) 100vw, 1080px\" \/><\/p>\n<p><a href=\"https:\/\/www.demusculos.com\/web\/producto\/mutant-mass-5-kg-bolsa-de-star-nutrition-ganador-de-masa-muscular\/\">Ver Mutant Mass de 5 kg (Bolsa grande)<\/a><br \/>\n<a href=\"https:\/\/sportlivenutrition.com\/mass-gainers-la-guia-definitiva-para-el-aumento-de-masa-muscular\">\u00bfQu\u00e9 son los ganadores de masa muscular?<\/a><\/p>\n","protected":false},"excerpt":{"rendered":"<p>Promoci\u00f3n x2 ganadores de masa muscular a base de prote\u00edna de suero de leche (Whey Protein), carbohidratos o maltodextrina y amino\u00e1cidos. Marca Star Nutrition. Sabores: Vainilla, Chocolate, Frutilla, Cookies. Consultar por otros sabores. Volumen muscular garantizado. Se prepara con agua o con leche de tipo descremanda.<\/p>\n","protected":false},"featured_media":3126,"comment_status":"closed","ping_status":"closed","template":"","meta":[],"product_brand":[220],"product_cat":[49],"product_tag":[26],"class_list":{"0":"post-3121","1":"product","2":"type-product","3":"status-publish","4":"has-post-thumbnail","6":"product_brand-star-nutrition","7":"product_cat-ganadores-de-peso","8":"product_tag-star-nutrition","10":"first","11":"instock","12":"sale","13":"shipping-taxable","14":"purchasable","15":"product-type-variable"},"yoast_head":"<!-- This site is optimized with the Yoast SEO plugin v27.5 - https:\/\/yoast.com\/product\/yoast-seo-wordpress\/ -->\n<title>Mutant Mass 1.5 kg | Ganador de Masa Muscular | Star Nutrition<\/title>\n<meta name=\"description\" content=\"Mutant Mass 1.5 kg es el ganador de peso m\u00e1s vendido. Ideal para recuperaci\u00f3n, rendimiento, masa muscular. Incluye prote\u00edna whey, carbohidratos y aminos.\" \/>\n<meta name=\"robots\" content=\"index, follow, max-snippet:-1, max-image-preview:large, max-video-preview:-1\" \/>\n<link rel=\"canonical\" href=\"https:\/\/www.demusculos.com\/web\/producto\/2-mutant-mass-1-5-kg-de-star-nutrition\/\" \/>\n<meta property=\"og:locale\" content=\"es_ES\" \/>\n<meta property=\"og:type\" content=\"article\" \/>\n<meta property=\"og:title\" content=\"Mutant Mass 1.5 kg | Ganador de Masa Muscular | Star Nutrition\" \/>\n<meta property=\"og:description\" content=\"Mutant Mass 1.5 kg es el ganador de peso m\u00e1s vendido. Ideal para recuperaci\u00f3n, rendimiento, masa muscular. Incluye prote\u00edna whey, carbohidratos y aminos.\" \/>\n<meta property=\"og:url\" content=\"https:\/\/www.demusculos.com\/web\/producto\/2-mutant-mass-1-5-kg-de-star-nutrition\/\" \/>\n<meta property=\"og:site_name\" content=\"DeMusculos\" \/>\n<meta property=\"article:publisher\" content=\"https:\/\/www.facebook.com\/demusculos\" \/>\n<meta property=\"article:modified_time\" content=\"2026-04-22T18:28:32+00:00\" \/>\n<meta property=\"og:image\" content=\"https:\/\/www.demusculos.com\/web\/wp-content\/uploads\/2024\/03\/2021-mutant-masss.jpg\" \/>\n\t<meta property=\"og:image:width\" content=\"1200\" \/>\n\t<meta property=\"og:image:height\" content=\"1200\" \/>\n\t<meta property=\"og:image:type\" content=\"image\/jpeg\" \/>\n<meta name=\"twitter:card\" content=\"summary_large_image\" \/>\n<meta name=\"twitter:site\" content=\"@demusculos\" \/>\n<meta name=\"twitter:label1\" content=\"Tiempo de lectura\" \/>\n\t<meta name=\"twitter:data1\" content=\"5 minutos\" \/>\n<script type=\"application\/ld+json\" class=\"yoast-schema-graph\">{\"@context\":\"https:\\\/\\\/schema.org\",\"@graph\":[{\"@type\":\"WebPage\",\"@id\":\"https:\\\/\\\/www.demusculos.com\\\/web\\\/producto\\\/2-mutant-mass-1-5-kg-de-star-nutrition\\\/\",\"url\":\"https:\\\/\\\/www.demusculos.com\\\/web\\\/producto\\\/2-mutant-mass-1-5-kg-de-star-nutrition\\\/\",\"name\":\"Mutant Mass 1.5 kg | Ganador de Masa Muscular | Star Nutrition\",\"isPartOf\":{\"@id\":\"https:\\\/\\\/www.demusculos.com\\\/web\\\/#website\"},\"primaryImageOfPage\":{\"@id\":\"https:\\\/\\\/www.demusculos.com\\\/web\\\/producto\\\/2-mutant-mass-1-5-kg-de-star-nutrition\\\/#primaryimage\"},\"image\":{\"@id\":\"https:\\\/\\\/www.demusculos.com\\\/web\\\/producto\\\/2-mutant-mass-1-5-kg-de-star-nutrition\\\/#primaryimage\"},\"thumbnailUrl\":\"https:\\\/\\\/www.demusculos.com\\\/web\\\/wp-content\\\/uploads\\\/2024\\\/03\\\/2021-mutant-masss.jpg\",\"datePublished\":\"2024-03-15T20:26:39+00:00\",\"dateModified\":\"2026-04-22T18:28:32+00:00\",\"description\":\"Mutant Mass 1.5 kg es el ganador de peso m\u00e1s vendido. Ideal para recuperaci\u00f3n, rendimiento, masa muscular. Incluye prote\u00edna whey, carbohidratos y aminos.\",\"breadcrumb\":{\"@id\":\"https:\\\/\\\/www.demusculos.com\\\/web\\\/producto\\\/2-mutant-mass-1-5-kg-de-star-nutrition\\\/#breadcrumb\"},\"inLanguage\":\"es\",\"potentialAction\":[{\"@type\":\"ReadAction\",\"target\":[\"https:\\\/\\\/www.demusculos.com\\\/web\\\/producto\\\/2-mutant-mass-1-5-kg-de-star-nutrition\\\/\"]}]},{\"@type\":\"ImageObject\",\"inLanguage\":\"es\",\"@id\":\"https:\\\/\\\/www.demusculos.com\\\/web\\\/producto\\\/2-mutant-mass-1-5-kg-de-star-nutrition\\\/#primaryimage\",\"url\":\"https:\\\/\\\/www.demusculos.com\\\/web\\\/wp-content\\\/uploads\\\/2024\\\/03\\\/2021-mutant-masss.jpg\",\"contentUrl\":\"https:\\\/\\\/www.demusculos.com\\\/web\\\/wp-content\\\/uploads\\\/2024\\\/03\\\/2021-mutant-masss.jpg\",\"width\":1200,\"height\":1200,\"caption\":\"Mutant Mass 1.5 kg, combo x2 unidades\"},{\"@type\":\"BreadcrumbList\",\"@id\":\"https:\\\/\\\/www.demusculos.com\\\/web\\\/producto\\\/2-mutant-mass-1-5-kg-de-star-nutrition\\\/#breadcrumb\",\"itemListElement\":[{\"@type\":\"ListItem\",\"position\":1,\"name\":\"Inicio\",\"item\":\"https:\\\/\\\/www.demusculos.com\\\/web\\\/\"},{\"@type\":\"ListItem\",\"position\":2,\"name\":\"Suplementos\",\"item\":\"https:\\\/\\\/www.demusculos.com\\\/web\\\/tienda\\\/\"},{\"@type\":\"ListItem\",\"position\":3,\"name\":\"(Combo x2) Mutant Mass 1.5 kg de Star Nutrition Ganador de Masa Muscular\"}]},{\"@type\":\"WebSite\",\"@id\":\"https:\\\/\\\/www.demusculos.com\\\/web\\\/#website\",\"url\":\"https:\\\/\\\/www.demusculos.com\\\/web\\\/\",\"name\":\"DeMusculos.com\",\"description\":\"Suplementos Naturales\",\"publisher\":{\"@id\":\"https:\\\/\\\/www.demusculos.com\\\/web\\\/#organization\"},\"alternateName\":\"Suplementos Naturales\",\"potentialAction\":[{\"@type\":\"SearchAction\",\"target\":{\"@type\":\"EntryPoint\",\"urlTemplate\":\"https:\\\/\\\/www.demusculos.com\\\/web\\\/?s={search_term_string}\"},\"query-input\":{\"@type\":\"PropertyValueSpecification\",\"valueRequired\":true,\"valueName\":\"search_term_string\"}}],\"inLanguage\":\"es\"},{\"@type\":\"Organization\",\"@id\":\"https:\\\/\\\/www.demusculos.com\\\/web\\\/#organization\",\"name\":\"DeMusculos.com\",\"alternateName\":\"DeMusculos\",\"url\":\"https:\\\/\\\/www.demusculos.com\\\/web\\\/\",\"logo\":{\"@type\":\"ImageObject\",\"inLanguage\":\"es\",\"@id\":\"https:\\\/\\\/www.demusculos.com\\\/web\\\/#\\\/schema\\\/logo\\\/image\\\/\",\"url\":\"https:\\\/\\\/www.demusculos.com\\\/web\\\/wp-content\\\/uploads\\\/2024\\\/02\\\/logo-demusculos-prestashop-usuario.png\",\"contentUrl\":\"https:\\\/\\\/www.demusculos.com\\\/web\\\/wp-content\\\/uploads\\\/2024\\\/02\\\/logo-demusculos-prestashop-usuario.png\",\"width\":150,\"height\":150,\"caption\":\"DeMusculos.com\"},\"image\":{\"@id\":\"https:\\\/\\\/www.demusculos.com\\\/web\\\/#\\\/schema\\\/logo\\\/image\\\/\"},\"sameAs\":[\"https:\\\/\\\/www.facebook.com\\\/demusculos\",\"https:\\\/\\\/x.com\\\/demusculos\",\"https:\\\/\\\/www.instagram.com\\\/demusculos\",\"https:\\\/\\\/www.tiktok.com\\\/@demusculos.com\"]}]}<\/script>\n<!-- \/ Yoast SEO plugin. -->","yoast_head_json":{"title":"Mutant Mass 1.5 kg | Ganador de Masa Muscular | Star Nutrition","description":"Mutant Mass 1.5 kg es el ganador de peso m\u00e1s vendido. Ideal para recuperaci\u00f3n, rendimiento, masa muscular. Incluye prote\u00edna whey, carbohidratos y aminos.","robots":{"index":"index","follow":"follow","max-snippet":"max-snippet:-1","max-image-preview":"max-image-preview:large","max-video-preview":"max-video-preview:-1"},"canonical":"https:\/\/www.demusculos.com\/web\/producto\/2-mutant-mass-1-5-kg-de-star-nutrition\/","og_locale":"es_ES","og_type":"article","og_title":"Mutant Mass 1.5 kg | Ganador de Masa Muscular | Star Nutrition","og_description":"Mutant Mass 1.5 kg es el ganador de peso m\u00e1s vendido. Ideal para recuperaci\u00f3n, rendimiento, masa muscular. Incluye prote\u00edna whey, carbohidratos y aminos.","og_url":"https:\/\/www.demusculos.com\/web\/producto\/2-mutant-mass-1-5-kg-de-star-nutrition\/","og_site_name":"DeMusculos","article_publisher":"https:\/\/www.facebook.com\/demusculos","article_modified_time":"2026-04-22T18:28:32+00:00","og_image":[{"width":1200,"height":1200,"url":"https:\/\/www.demusculos.com\/web\/wp-content\/uploads\/2024\/03\/2021-mutant-masss.jpg","type":"image\/jpeg"}],"twitter_card":"summary_large_image","twitter_site":"@demusculos","twitter_misc":{"Tiempo de lectura":"5 minutos"},"schema":{"@context":"https:\/\/schema.org","@graph":[{"@type":"WebPage","@id":"https:\/\/www.demusculos.com\/web\/producto\/2-mutant-mass-1-5-kg-de-star-nutrition\/","url":"https:\/\/www.demusculos.com\/web\/producto\/2-mutant-mass-1-5-kg-de-star-nutrition\/","name":"Mutant Mass 1.5 kg | Ganador de Masa Muscular | Star Nutrition","isPartOf":{"@id":"https:\/\/www.demusculos.com\/web\/#website"},"primaryImageOfPage":{"@id":"https:\/\/www.demusculos.com\/web\/producto\/2-mutant-mass-1-5-kg-de-star-nutrition\/#primaryimage"},"image":{"@id":"https:\/\/www.demusculos.com\/web\/producto\/2-mutant-mass-1-5-kg-de-star-nutrition\/#primaryimage"},"thumbnailUrl":"https:\/\/www.demusculos.com\/web\/wp-content\/uploads\/2024\/03\/2021-mutant-masss.jpg","datePublished":"2024-03-15T20:26:39+00:00","dateModified":"2026-04-22T18:28:32+00:00","description":"Mutant Mass 1.5 kg es el ganador de peso m\u00e1s vendido. Ideal para recuperaci\u00f3n, rendimiento, masa muscular. Incluye prote\u00edna whey, carbohidratos y aminos.","breadcrumb":{"@id":"https:\/\/www.demusculos.com\/web\/producto\/2-mutant-mass-1-5-kg-de-star-nutrition\/#breadcrumb"},"inLanguage":"es","potentialAction":[{"@type":"ReadAction","target":["https:\/\/www.demusculos.com\/web\/producto\/2-mutant-mass-1-5-kg-de-star-nutrition\/"]}]},{"@type":"ImageObject","inLanguage":"es","@id":"https:\/\/www.demusculos.com\/web\/producto\/2-mutant-mass-1-5-kg-de-star-nutrition\/#primaryimage","url":"https:\/\/www.demusculos.com\/web\/wp-content\/uploads\/2024\/03\/2021-mutant-masss.jpg","contentUrl":"https:\/\/www.demusculos.com\/web\/wp-content\/uploads\/2024\/03\/2021-mutant-masss.jpg","width":1200,"height":1200,"caption":"Mutant Mass 1.5 kg, combo x2 unidades"},{"@type":"BreadcrumbList","@id":"https:\/\/www.demusculos.com\/web\/producto\/2-mutant-mass-1-5-kg-de-star-nutrition\/#breadcrumb","itemListElement":[{"@type":"ListItem","position":1,"name":"Inicio","item":"https:\/\/www.demusculos.com\/web\/"},{"@type":"ListItem","position":2,"name":"Suplementos","item":"https:\/\/www.demusculos.com\/web\/tienda\/"},{"@type":"ListItem","position":3,"name":"(Combo x2) Mutant Mass 1.5 kg de Star Nutrition Ganador de Masa Muscular"}]},{"@type":"WebSite","@id":"https:\/\/www.demusculos.com\/web\/#website","url":"https:\/\/www.demusculos.com\/web\/","name":"DeMusculos.com","description":"Suplementos Naturales","publisher":{"@id":"https:\/\/www.demusculos.com\/web\/#organization"},"alternateName":"Suplementos Naturales","potentialAction":[{"@type":"SearchAction","target":{"@type":"EntryPoint","urlTemplate":"https:\/\/www.demusculos.com\/web\/?s={search_term_string}"},"query-input":{"@type":"PropertyValueSpecification","valueRequired":true,"valueName":"search_term_string"}}],"inLanguage":"es"},{"@type":"Organization","@id":"https:\/\/www.demusculos.com\/web\/#organization","name":"DeMusculos.com","alternateName":"DeMusculos","url":"https:\/\/www.demusculos.com\/web\/","logo":{"@type":"ImageObject","inLanguage":"es","@id":"https:\/\/www.demusculos.com\/web\/#\/schema\/logo\/image\/","url":"https:\/\/www.demusculos.com\/web\/wp-content\/uploads\/2024\/02\/logo-demusculos-prestashop-usuario.png","contentUrl":"https:\/\/www.demusculos.com\/web\/wp-content\/uploads\/2024\/02\/logo-demusculos-prestashop-usuario.png","width":150,"height":150,"caption":"DeMusculos.com"},"image":{"@id":"https:\/\/www.demusculos.com\/web\/#\/schema\/logo\/image\/"},"sameAs":["https:\/\/www.facebook.com\/demusculos","https:\/\/x.com\/demusculos","https:\/\/www.instagram.com\/demusculos","https:\/\/www.tiktok.com\/@demusculos.com"]}]}},"_links":{"self":[{"href":"https:\/\/www.demusculos.com\/web\/wp-json\/wp\/v2\/product\/3121","targetHints":{"allow":["GET"]}}],"collection":[{"href":"https:\/\/www.demusculos.com\/web\/wp-json\/wp\/v2\/product"}],"about":[{"href":"https:\/\/www.demusculos.com\/web\/wp-json\/wp\/v2\/types\/product"}],"replies":[{"embeddable":true,"href":"https:\/\/www.demusculos.com\/web\/wp-json\/wp\/v2\/comments?post=3121"}],"wp:featuredmedia":[{"embeddable":true,"href":"https:\/\/www.demusculos.com\/web\/wp-json\/wp\/v2\/media\/3126"}],"wp:attachment":[{"href":"https:\/\/www.demusculos.com\/web\/wp-json\/wp\/v2\/media?parent=3121"}],"wp:term":[{"taxonomy":"product_brand","embeddable":true,"href":"https:\/\/www.demusculos.com\/web\/wp-json\/wp\/v2\/product_brand?post=3121"},{"taxonomy":"product_cat","embeddable":true,"href":"https:\/\/www.demusculos.com\/web\/wp-json\/wp\/v2\/product_cat?post=3121"},{"taxonomy":"product_tag","embeddable":true,"href":"https:\/\/www.demusculos.com\/web\/wp-json\/wp\/v2\/product_tag?post=3121"}],"curies":[{"name":"wp","href":"https:\/\/api.w.org\/{rel}","templated":true}]}}