{"id":3151,"date":"2024-03-15T18:56:00","date_gmt":"2024-03-15T21:56:00","guid":{"rendered":"https:\/\/www.demusculos.com\/web\/?post_type=product&#038;p=3151"},"modified":"2026-03-12T14:13:49","modified_gmt":"2026-03-12T17:13:49","slug":"vaso-mezclador-o-shaker-bpa-free-500-ml-bsn","status":"publish","type":"product","link":"https:\/\/www.demusculos.com\/web\/producto\/vaso-mezclador-o-shaker-bpa-free-500-ml-bsn\/","title":{"rendered":"Vaso Mezclador o Shaker BPA FREE 500 ml BSN"},"content":{"rendered":"<h1>Vaso no t\u00f3xico BSN<\/h1>\n<h2>Con anti grumo incluido<\/h2>\n<p>Vaso mezclador o shaker. Para preparar tus licuados de prote\u00ednas, amino\u00e1cidos y creatinas.<\/p>\n<p>Motivo: BSN<\/p>\n<p>Medio litro. El vaso esta confeccionado en pl\u00e1stico BPA FREE, esto quiere decir que es un pl\u00e1stico que utiliza un pol\u00edmero no t\u00f3xico.<\/p>\n<p>Tampoco toman olor con el correr del tiempo. El vaso mezclador incluye tapa a rosca, pico con tapa a presi\u00f3n, resorte de acero inoxidable para desintegrar los grupos de prote\u00ednas, amino\u00e1cidos o creatinas.<\/p>\n<figure id=\"attachment_3154\" aria-describedby=\"caption-attachment-3154\" style=\"width: 980px\" class=\"wp-caption alignnone\"><img fetchpriority=\"high\" decoding=\"async\" class=\"wp-image-3154 size-large\" src=\"https:\/\/www.demusculos.com\/web\/wp-content\/uploads\/2024\/03\/banner-vaso-bsn-1024x1024.jpg\" alt=\"Vaso BPA FREE de BSN \" width=\"980\" height=\"980\" srcset=\"https:\/\/www.demusculos.com\/web\/wp-content\/uploads\/2024\/03\/banner-vaso-bsn-1024x1024.jpg 1024w, https:\/\/www.demusculos.com\/web\/wp-content\/uploads\/2024\/03\/banner-vaso-bsn-300x300.jpg 300w, https:\/\/www.demusculos.com\/web\/wp-content\/uploads\/2024\/03\/banner-vaso-bsn-150x150.jpg 150w, https:\/\/www.demusculos.com\/web\/wp-content\/uploads\/2024\/03\/banner-vaso-bsn-800x800.jpg 800w, https:\/\/www.demusculos.com\/web\/wp-content\/uploads\/2024\/03\/banner-vaso-bsn-768x768.jpg 768w, https:\/\/www.demusculos.com\/web\/wp-content\/uploads\/2024\/03\/banner-vaso-bsn.jpg 1200w\" sizes=\"(max-width: 980px) 100vw, 980px\" \/><figcaption id=\"caption-attachment-3154\" class=\"wp-caption-text\">Vaso \/ Shaker BPA FREE de BSN<\/figcaption><\/figure>\n","protected":false},"excerpt":{"rendered":"<p>Vaso mezclador no t\u00f3xico. Motivo de BSN. Incluye un resorte anti grumos.<\/p>\n","protected":false},"featured_media":15606,"comment_status":"closed","ping_status":"closed","template":"","meta":[],"product_brand":[],"product_cat":[120],"product_tag":[122,121,123],"class_list":{"0":"post-3151","1":"product","2":"type-product","3":"status-publish","4":"has-post-thumbnail","6":"product_cat-accesorios","7":"product_tag-shaker","8":"product_tag-shark","9":"product_tag-vaso","11":"first","12":"instock","13":"sale","14":"shipping-taxable","15":"purchasable","16":"product-type-simple"},"yoast_head":"<!-- This site is optimized with the Yoast SEO plugin v27.4 - https:\/\/yoast.com\/product\/yoast-seo-wordpress\/ -->\n<title>Shaker BSN | Vaso Mezclador para el Gym | Licuados de prote\u00edna<\/title>\n<meta name=\"description\" content=\"Vaso Shaker Mezclador de BSN Nutrition. BPA FREE, no t\u00f3xico. Shaker BSN es ideal para preparar licuados de prote\u00edna, creatinas, amino\u00e1cidos y mucho m\u00e1s.\" \/>\n<meta name=\"robots\" content=\"index, follow, max-snippet:-1, max-image-preview:large, max-video-preview:-1\" \/>\n<link rel=\"canonical\" href=\"https:\/\/www.demusculos.com\/web\/producto\/vaso-mezclador-o-shaker-bpa-free-500-ml-bsn\/\" \/>\n<meta property=\"og:locale\" content=\"es_ES\" \/>\n<meta property=\"og:type\" content=\"article\" \/>\n<meta property=\"og:title\" content=\"Shaker BSN | Vaso Mezclador para el Gym | Licuados de prote\u00edna\" \/>\n<meta property=\"og:description\" content=\"Vaso Shaker Mezclador de BSN Nutrition. BPA FREE, no t\u00f3xico. Shaker BSN es ideal para preparar licuados de prote\u00edna, creatinas, amino\u00e1cidos y mucho m\u00e1s.\" \/>\n<meta property=\"og:url\" content=\"https:\/\/www.demusculos.com\/web\/producto\/vaso-mezclador-o-shaker-bpa-free-500-ml-bsn\/\" \/>\n<meta property=\"og:site_name\" content=\"DeMusculos\" \/>\n<meta property=\"article:publisher\" content=\"https:\/\/www.facebook.com\/demusculos\" \/>\n<meta property=\"article:modified_time\" content=\"2026-03-12T17:13:49+00:00\" \/>\n<meta property=\"og:image\" content=\"https:\/\/www.demusculos.com\/web\/wp-content\/uploads\/2024\/03\/vaso-mezclador.webp\" \/>\n\t<meta property=\"og:image:width\" content=\"1200\" \/>\n\t<meta property=\"og:image:height\" content=\"1200\" \/>\n\t<meta property=\"og:image:type\" content=\"image\/webp\" \/>\n<meta name=\"twitter:card\" content=\"summary_large_image\" \/>\n<meta name=\"twitter:site\" content=\"@demusculos\" \/>\n<meta name=\"twitter:label1\" content=\"Tiempo de lectura\" \/>\n\t<meta name=\"twitter:data1\" content=\"1 minuto\" \/>\n<script type=\"application\/ld+json\" class=\"yoast-schema-graph\">{\"@context\":\"https:\\\/\\\/schema.org\",\"@graph\":[{\"@type\":\"WebPage\",\"@id\":\"https:\\\/\\\/www.demusculos.com\\\/web\\\/producto\\\/vaso-mezclador-o-shaker-bpa-free-500-ml-bsn\\\/\",\"url\":\"https:\\\/\\\/www.demusculos.com\\\/web\\\/producto\\\/vaso-mezclador-o-shaker-bpa-free-500-ml-bsn\\\/\",\"name\":\"Shaker BSN | Vaso Mezclador para el Gym | Licuados de prote\u00edna\",\"isPartOf\":{\"@id\":\"https:\\\/\\\/www.demusculos.com\\\/web\\\/#website\"},\"primaryImageOfPage\":{\"@id\":\"https:\\\/\\\/www.demusculos.com\\\/web\\\/producto\\\/vaso-mezclador-o-shaker-bpa-free-500-ml-bsn\\\/#primaryimage\"},\"image\":{\"@id\":\"https:\\\/\\\/www.demusculos.com\\\/web\\\/producto\\\/vaso-mezclador-o-shaker-bpa-free-500-ml-bsn\\\/#primaryimage\"},\"thumbnailUrl\":\"https:\\\/\\\/www.demusculos.com\\\/web\\\/wp-content\\\/uploads\\\/2024\\\/03\\\/vaso-mezclador.webp\",\"datePublished\":\"2024-03-15T21:56:00+00:00\",\"dateModified\":\"2026-03-12T17:13:49+00:00\",\"description\":\"Vaso Shaker Mezclador de BSN Nutrition. BPA FREE, no t\u00f3xico. Shaker BSN es ideal para preparar licuados de prote\u00edna, creatinas, amino\u00e1cidos y mucho m\u00e1s.\",\"breadcrumb\":{\"@id\":\"https:\\\/\\\/www.demusculos.com\\\/web\\\/producto\\\/vaso-mezclador-o-shaker-bpa-free-500-ml-bsn\\\/#breadcrumb\"},\"inLanguage\":\"es\",\"potentialAction\":[{\"@type\":\"ReadAction\",\"target\":[\"https:\\\/\\\/www.demusculos.com\\\/web\\\/producto\\\/vaso-mezclador-o-shaker-bpa-free-500-ml-bsn\\\/\"]}]},{\"@type\":\"ImageObject\",\"inLanguage\":\"es\",\"@id\":\"https:\\\/\\\/www.demusculos.com\\\/web\\\/producto\\\/vaso-mezclador-o-shaker-bpa-free-500-ml-bsn\\\/#primaryimage\",\"url\":\"https:\\\/\\\/www.demusculos.com\\\/web\\\/wp-content\\\/uploads\\\/2024\\\/03\\\/vaso-mezclador.webp\",\"contentUrl\":\"https:\\\/\\\/www.demusculos.com\\\/web\\\/wp-content\\\/uploads\\\/2024\\\/03\\\/vaso-mezclador.webp\",\"width\":1200,\"height\":1200,\"caption\":\"Shaker mezclador de BSN\"},{\"@type\":\"BreadcrumbList\",\"@id\":\"https:\\\/\\\/www.demusculos.com\\\/web\\\/producto\\\/vaso-mezclador-o-shaker-bpa-free-500-ml-bsn\\\/#breadcrumb\",\"itemListElement\":[{\"@type\":\"ListItem\",\"position\":1,\"name\":\"Inicio\",\"item\":\"https:\\\/\\\/www.demusculos.com\\\/web\\\/\"},{\"@type\":\"ListItem\",\"position\":2,\"name\":\"Suplementos\",\"item\":\"https:\\\/\\\/www.demusculos.com\\\/web\\\/tienda\\\/\"},{\"@type\":\"ListItem\",\"position\":3,\"name\":\"Vaso Mezclador o Shaker BPA FREE 500 ml BSN\"}]},{\"@type\":\"WebSite\",\"@id\":\"https:\\\/\\\/www.demusculos.com\\\/web\\\/#website\",\"url\":\"https:\\\/\\\/www.demusculos.com\\\/web\\\/\",\"name\":\"DeMusculos.com\",\"description\":\"Suplementos Naturales\",\"publisher\":{\"@id\":\"https:\\\/\\\/www.demusculos.com\\\/web\\\/#organization\"},\"alternateName\":\"Suplementos Naturales\",\"potentialAction\":[{\"@type\":\"SearchAction\",\"target\":{\"@type\":\"EntryPoint\",\"urlTemplate\":\"https:\\\/\\\/www.demusculos.com\\\/web\\\/?s={search_term_string}\"},\"query-input\":{\"@type\":\"PropertyValueSpecification\",\"valueRequired\":true,\"valueName\":\"search_term_string\"}}],\"inLanguage\":\"es\"},{\"@type\":\"Organization\",\"@id\":\"https:\\\/\\\/www.demusculos.com\\\/web\\\/#organization\",\"name\":\"DeMusculos.com\",\"alternateName\":\"DeMusculos\",\"url\":\"https:\\\/\\\/www.demusculos.com\\\/web\\\/\",\"logo\":{\"@type\":\"ImageObject\",\"inLanguage\":\"es\",\"@id\":\"https:\\\/\\\/www.demusculos.com\\\/web\\\/#\\\/schema\\\/logo\\\/image\\\/\",\"url\":\"https:\\\/\\\/www.demusculos.com\\\/web\\\/wp-content\\\/uploads\\\/2024\\\/02\\\/logo-demusculos-prestashop-usuario.png\",\"contentUrl\":\"https:\\\/\\\/www.demusculos.com\\\/web\\\/wp-content\\\/uploads\\\/2024\\\/02\\\/logo-demusculos-prestashop-usuario.png\",\"width\":150,\"height\":150,\"caption\":\"DeMusculos.com\"},\"image\":{\"@id\":\"https:\\\/\\\/www.demusculos.com\\\/web\\\/#\\\/schema\\\/logo\\\/image\\\/\"},\"sameAs\":[\"https:\\\/\\\/www.facebook.com\\\/demusculos\",\"https:\\\/\\\/x.com\\\/demusculos\",\"https:\\\/\\\/www.instagram.com\\\/demusculos\",\"https:\\\/\\\/www.tiktok.com\\\/@demusculos.com\"]}]}<\/script>\n<!-- \/ Yoast SEO plugin. -->","yoast_head_json":{"title":"Shaker BSN | Vaso Mezclador para el Gym | Licuados de prote\u00edna","description":"Vaso Shaker Mezclador de BSN Nutrition. BPA FREE, no t\u00f3xico. Shaker BSN es ideal para preparar licuados de prote\u00edna, creatinas, amino\u00e1cidos y mucho m\u00e1s.","robots":{"index":"index","follow":"follow","max-snippet":"max-snippet:-1","max-image-preview":"max-image-preview:large","max-video-preview":"max-video-preview:-1"},"canonical":"https:\/\/www.demusculos.com\/web\/producto\/vaso-mezclador-o-shaker-bpa-free-500-ml-bsn\/","og_locale":"es_ES","og_type":"article","og_title":"Shaker BSN | Vaso Mezclador para el Gym | Licuados de prote\u00edna","og_description":"Vaso Shaker Mezclador de BSN Nutrition. BPA FREE, no t\u00f3xico. Shaker BSN es ideal para preparar licuados de prote\u00edna, creatinas, amino\u00e1cidos y mucho m\u00e1s.","og_url":"https:\/\/www.demusculos.com\/web\/producto\/vaso-mezclador-o-shaker-bpa-free-500-ml-bsn\/","og_site_name":"DeMusculos","article_publisher":"https:\/\/www.facebook.com\/demusculos","article_modified_time":"2026-03-12T17:13:49+00:00","og_image":[{"width":1200,"height":1200,"url":"https:\/\/www.demusculos.com\/web\/wp-content\/uploads\/2024\/03\/vaso-mezclador.webp","type":"image\/webp"}],"twitter_card":"summary_large_image","twitter_site":"@demusculos","twitter_misc":{"Tiempo de lectura":"1 minuto"},"schema":{"@context":"https:\/\/schema.org","@graph":[{"@type":"WebPage","@id":"https:\/\/www.demusculos.com\/web\/producto\/vaso-mezclador-o-shaker-bpa-free-500-ml-bsn\/","url":"https:\/\/www.demusculos.com\/web\/producto\/vaso-mezclador-o-shaker-bpa-free-500-ml-bsn\/","name":"Shaker BSN | Vaso Mezclador para el Gym | Licuados de prote\u00edna","isPartOf":{"@id":"https:\/\/www.demusculos.com\/web\/#website"},"primaryImageOfPage":{"@id":"https:\/\/www.demusculos.com\/web\/producto\/vaso-mezclador-o-shaker-bpa-free-500-ml-bsn\/#primaryimage"},"image":{"@id":"https:\/\/www.demusculos.com\/web\/producto\/vaso-mezclador-o-shaker-bpa-free-500-ml-bsn\/#primaryimage"},"thumbnailUrl":"https:\/\/www.demusculos.com\/web\/wp-content\/uploads\/2024\/03\/vaso-mezclador.webp","datePublished":"2024-03-15T21:56:00+00:00","dateModified":"2026-03-12T17:13:49+00:00","description":"Vaso Shaker Mezclador de BSN Nutrition. BPA FREE, no t\u00f3xico. Shaker BSN es ideal para preparar licuados de prote\u00edna, creatinas, amino\u00e1cidos y mucho m\u00e1s.","breadcrumb":{"@id":"https:\/\/www.demusculos.com\/web\/producto\/vaso-mezclador-o-shaker-bpa-free-500-ml-bsn\/#breadcrumb"},"inLanguage":"es","potentialAction":[{"@type":"ReadAction","target":["https:\/\/www.demusculos.com\/web\/producto\/vaso-mezclador-o-shaker-bpa-free-500-ml-bsn\/"]}]},{"@type":"ImageObject","inLanguage":"es","@id":"https:\/\/www.demusculos.com\/web\/producto\/vaso-mezclador-o-shaker-bpa-free-500-ml-bsn\/#primaryimage","url":"https:\/\/www.demusculos.com\/web\/wp-content\/uploads\/2024\/03\/vaso-mezclador.webp","contentUrl":"https:\/\/www.demusculos.com\/web\/wp-content\/uploads\/2024\/03\/vaso-mezclador.webp","width":1200,"height":1200,"caption":"Shaker mezclador de BSN"},{"@type":"BreadcrumbList","@id":"https:\/\/www.demusculos.com\/web\/producto\/vaso-mezclador-o-shaker-bpa-free-500-ml-bsn\/#breadcrumb","itemListElement":[{"@type":"ListItem","position":1,"name":"Inicio","item":"https:\/\/www.demusculos.com\/web\/"},{"@type":"ListItem","position":2,"name":"Suplementos","item":"https:\/\/www.demusculos.com\/web\/tienda\/"},{"@type":"ListItem","position":3,"name":"Vaso Mezclador o Shaker BPA FREE 500 ml BSN"}]},{"@type":"WebSite","@id":"https:\/\/www.demusculos.com\/web\/#website","url":"https:\/\/www.demusculos.com\/web\/","name":"DeMusculos.com","description":"Suplementos Naturales","publisher":{"@id":"https:\/\/www.demusculos.com\/web\/#organization"},"alternateName":"Suplementos Naturales","potentialAction":[{"@type":"SearchAction","target":{"@type":"EntryPoint","urlTemplate":"https:\/\/www.demusculos.com\/web\/?s={search_term_string}"},"query-input":{"@type":"PropertyValueSpecification","valueRequired":true,"valueName":"search_term_string"}}],"inLanguage":"es"},{"@type":"Organization","@id":"https:\/\/www.demusculos.com\/web\/#organization","name":"DeMusculos.com","alternateName":"DeMusculos","url":"https:\/\/www.demusculos.com\/web\/","logo":{"@type":"ImageObject","inLanguage":"es","@id":"https:\/\/www.demusculos.com\/web\/#\/schema\/logo\/image\/","url":"https:\/\/www.demusculos.com\/web\/wp-content\/uploads\/2024\/02\/logo-demusculos-prestashop-usuario.png","contentUrl":"https:\/\/www.demusculos.com\/web\/wp-content\/uploads\/2024\/02\/logo-demusculos-prestashop-usuario.png","width":150,"height":150,"caption":"DeMusculos.com"},"image":{"@id":"https:\/\/www.demusculos.com\/web\/#\/schema\/logo\/image\/"},"sameAs":["https:\/\/www.facebook.com\/demusculos","https:\/\/x.com\/demusculos","https:\/\/www.instagram.com\/demusculos","https:\/\/www.tiktok.com\/@demusculos.com"]}]}},"_links":{"self":[{"href":"https:\/\/www.demusculos.com\/web\/wp-json\/wp\/v2\/product\/3151","targetHints":{"allow":["GET"]}}],"collection":[{"href":"https:\/\/www.demusculos.com\/web\/wp-json\/wp\/v2\/product"}],"about":[{"href":"https:\/\/www.demusculos.com\/web\/wp-json\/wp\/v2\/types\/product"}],"replies":[{"embeddable":true,"href":"https:\/\/www.demusculos.com\/web\/wp-json\/wp\/v2\/comments?post=3151"}],"wp:featuredmedia":[{"embeddable":true,"href":"https:\/\/www.demusculos.com\/web\/wp-json\/wp\/v2\/media\/15606"}],"wp:attachment":[{"href":"https:\/\/www.demusculos.com\/web\/wp-json\/wp\/v2\/media?parent=3151"}],"wp:term":[{"taxonomy":"product_brand","embeddable":true,"href":"https:\/\/www.demusculos.com\/web\/wp-json\/wp\/v2\/product_brand?post=3151"},{"taxonomy":"product_cat","embeddable":true,"href":"https:\/\/www.demusculos.com\/web\/wp-json\/wp\/v2\/product_cat?post=3151"},{"taxonomy":"product_tag","embeddable":true,"href":"https:\/\/www.demusculos.com\/web\/wp-json\/wp\/v2\/product_tag?post=3151"}],"curies":[{"name":"wp","href":"https:\/\/api.w.org\/{rel}","templated":true}]}}