{"id":329,"date":"2024-02-20T17:15:13","date_gmt":"2024-02-20T20:15:13","guid":{"rendered":"https:\/\/www.demusculos.com\/web\/?post_type=product&#038;p=329"},"modified":"2026-05-04T16:12:25","modified_gmt":"2026-05-04T19:12:25","slug":"mutant-mass-5-kg-bolsa-de-star-nutrition-ganador-de-masa-muscular","status":"publish","type":"product","link":"https:\/\/www.demusculos.com\/web\/producto\/mutant-mass-5-kg-bolsa-de-star-nutrition-ganador-de-masa-muscular\/","title":{"rendered":"Mutant Mass 5 kg (Bolsa) de Star Nutrition Ganador de Masa Muscular"},"content":{"rendered":"<h2>Mutant Mass 5 kg<\/h2>\n<p>Mutant Mass 5 kg es ideal para Aumenta tu masa muscular y mejorar tu rendimiento<\/p>\n<p><img fetchpriority=\"high\" decoding=\"async\" class=\"alignnone size-full wp-image-9036\" src=\"https:\/\/www.demusculos.com\/web\/wp-content\/uploads\/2024\/02\/mutant-mass-15-5-kg-de-star-nutrition-1.jpg\" alt=\"Mutant Mass de Star Nutrition - Ganador de Masa Muscular\" width=\"1080\" height=\"1080\" srcset=\"https:\/\/www.demusculos.com\/web\/wp-content\/uploads\/2024\/02\/mutant-mass-15-5-kg-de-star-nutrition-1.jpg 1080w, https:\/\/www.demusculos.com\/web\/wp-content\/uploads\/2024\/02\/mutant-mass-15-5-kg-de-star-nutrition-1-300x300.jpg 300w, https:\/\/www.demusculos.com\/web\/wp-content\/uploads\/2024\/02\/mutant-mass-15-5-kg-de-star-nutrition-1-150x150.jpg 150w, https:\/\/www.demusculos.com\/web\/wp-content\/uploads\/2024\/02\/mutant-mass-15-5-kg-de-star-nutrition-1-800x800.jpg 800w, https:\/\/www.demusculos.com\/web\/wp-content\/uploads\/2024\/02\/mutant-mass-15-5-kg-de-star-nutrition-1-1024x1024.jpg 1024w, https:\/\/www.demusculos.com\/web\/wp-content\/uploads\/2024\/02\/mutant-mass-15-5-kg-de-star-nutrition-1-768x768.jpg 768w\" sizes=\"(max-width: 1080px) 100vw, 1080px\" \/><\/p>\n<p><img decoding=\"async\" class=\"alignnone size-medium wp-image-246\" src=\"https:\/\/www.demusculos.com\/web\/wp-content\/uploads\/2024\/02\/logo-star-nutrition-300x69.png\" alt=\"\" width=\"300\" height=\"69\" srcset=\"https:\/\/www.demusculos.com\/web\/wp-content\/uploads\/2024\/02\/logo-star-nutrition-300x69.png 300w, https:\/\/www.demusculos.com\/web\/wp-content\/uploads\/2024\/02\/logo-star-nutrition-150x35.png 150w, https:\/\/www.demusculos.com\/web\/wp-content\/uploads\/2024\/02\/logo-star-nutrition-416x96.png 416w, https:\/\/www.demusculos.com\/web\/wp-content\/uploads\/2024\/02\/logo-star-nutrition.png 446w\" sizes=\"(max-width: 300px) 100vw, 300px\" \/><\/p>\n<p>\u00bfEst\u00e1s cansado de entrenar duro y no ver resultados? \u00bfQuieres ganar m\u00fasculo, fuerza y energ\u00eda de forma r\u00e1pida y segura? Entonces necesitas el\u00a0<strong>Mutant Mass<\/strong>\u00a0de Star Nutrition, el mejor ganador de peso del mercado.<\/p>\n<p>El Mutant Mass es un suplemento de alta calidad, fabricado en Argentina con los mejores ingredientes y la m\u00e1s avanzada tecnolog\u00eda. Cada porci\u00f3n de Mutant Mass te aporta\u00a0<strong>400 calor\u00edas<\/strong>,\u00a0<strong>50 gramos<\/strong>\u00a0de prote\u00edna de suero l\u00e1cteo,\u00a0<strong>70 gramos<\/strong>\u00a0de carbohidratos,\u00a0<strong>fibra de avena<\/strong>,\u00a0<strong>vitaminas<\/strong>\u00a0y\u00a0<strong>arginina<\/strong>, el precursor del \u00f3xido n\u00edtrico.<\/p>\n<h1><strong>\u00bfQu\u00e9 beneficios te ofrece el Mutant Mass?<\/strong><\/h1>\n<h3><strong>1. Aumento de masa muscular<\/strong><\/h3>\n<p>El Mutant Mass te ayuda a aumentar tu masa muscular de forma eficaz y duradera. La prote\u00edna de suero l\u00e1cteo es la m\u00e1s completa y asimilable por el organismo, y te proporciona los amino\u00e1cidos esenciales para la s\u00edntesis de prote\u00ednas y el crecimiento muscular. Los carbohidratos te dan la energ\u00eda necesaria para afrontar tus entrenamientos y reponer el gluc\u00f3geno muscular. La fibra de avena mejora la digesti\u00f3n y la absorci\u00f3n de los nutrientes. Las vitaminas te aportan salud y bienestar.<\/p>\n<h3><strong>2. Aumento de fuerza y energ\u00eda<\/strong><\/h3>\n<p>El Mutant Mass te brinda una dosis extra de fuerza y energ\u00eda para que puedas entrenar m\u00e1s duro y m\u00e1s tiempo. La arginina es un precursor del \u00f3xido n\u00edtrico, una sustancia que dilata los vasos sangu\u00edneos y mejora el flujo de sangre, ox\u00edgeno y nutrientes a los m\u00fasculos. Esto se traduce en una mayor intensidad, resistencia y recuperaci\u00f3n durante y despu\u00e9s de tus entrenamientos.<\/p>\n<p><img decoding=\"async\" class=\"alignnone size-full wp-image-9037\" src=\"https:\/\/www.demusculos.com\/web\/wp-content\/uploads\/2024\/02\/mutant-mass-15-5-kg-de-star-nutrition-2.jpg\" alt=\"M\u00e1s beneficios de Mutant Mass de Star Nutrition - Ganador de Masa Muscular\" width=\"1080\" height=\"1080\" srcset=\"https:\/\/www.demusculos.com\/web\/wp-content\/uploads\/2024\/02\/mutant-mass-15-5-kg-de-star-nutrition-2.jpg 1080w, https:\/\/www.demusculos.com\/web\/wp-content\/uploads\/2024\/02\/mutant-mass-15-5-kg-de-star-nutrition-2-300x300.jpg 300w, https:\/\/www.demusculos.com\/web\/wp-content\/uploads\/2024\/02\/mutant-mass-15-5-kg-de-star-nutrition-2-150x150.jpg 150w, https:\/\/www.demusculos.com\/web\/wp-content\/uploads\/2024\/02\/mutant-mass-15-5-kg-de-star-nutrition-2-800x800.jpg 800w, https:\/\/www.demusculos.com\/web\/wp-content\/uploads\/2024\/02\/mutant-mass-15-5-kg-de-star-nutrition-2-1024x1024.jpg 1024w, https:\/\/www.demusculos.com\/web\/wp-content\/uploads\/2024\/02\/mutant-mass-15-5-kg-de-star-nutrition-2-768x768.jpg 768w\" sizes=\"(max-width: 1080px) 100vw, 1080px\" \/><\/p>\n<h3><strong>3. Mejora del rendimiento<\/strong><\/h3>\n<p>El Mutant Mass te ayuda a mejorar tu rendimiento deportivo y a alcanzar tus objetivos. Ya sea que quieras ganar peso, m\u00fasculo, fuerza o resistencia, el Mutant Mass te ofrece la soluci\u00f3n. Es ideal para todo tipo de deportes y actividades f\u00edsicas, y para personas de cualquier edad y sexo.<\/p>\n<h3><strong>\u00bfC\u00f3mo tomar el Mutant Mass?<\/strong><\/h3>\n<p>El Mutant Mass es muy f\u00e1cil de preparar y de tomar. Solo necesitas un vaso shaker batidor, 250 o 350 cc de agua o leche descremada, y 100 gramos de producto. Mezcla en\u00e9rgicamente y bebe. Puedes tomar el Mutant Mass antes o despu\u00e9s de entrenar, seg\u00fan tus preferencias y necesidades. Lo importante es que cubras tus requerimientos cal\u00f3ricos y nutricionales diarios.<\/p>\n<figure id=\"attachment_125\" aria-describedby=\"caption-attachment-125\" style=\"width: 300px\" class=\"wp-caption alignnone\"><img loading=\"lazy\" decoding=\"async\" class=\"size-full wp-image-125\" src=\"https:\/\/www.demusculos.com\/web\/wp-content\/uploads\/2024\/02\/agua-leche-descremada.png\" alt=\"\" width=\"300\" height=\"300\" srcset=\"https:\/\/www.demusculos.com\/web\/wp-content\/uploads\/2024\/02\/agua-leche-descremada.png 300w, https:\/\/www.demusculos.com\/web\/wp-content\/uploads\/2024\/02\/agua-leche-descremada-150x150.png 150w\" sizes=\"(max-width: 300px) 100vw, 300px\" \/><figcaption id=\"caption-attachment-125\" class=\"wp-caption-text\">Este producto se puede preparar con agua o leche descremada. Recomendamos tomarlo con l\u00edquidos fr\u00edos.<\/figcaption><\/figure>\n<h3><strong>\u00bfPor qu\u00e9 elegir el Mutant Mass?<\/strong><\/h3>\n<p>El Mutant Mass es el mejor ganador de peso del mercado porque:<\/p>\n<ul>\n<li>Contiene arginina, el precursor del \u00f3xido n\u00edtrico, que mejora el transporte de nutrientes y ox\u00edgeno a los m\u00fasculos.<\/li>\n<li>Es libre de aspartamo, un edulcorante artificial que puede tener efectos negativos en la salud.<\/li>\n<li>Utiliza materias primas de excelente calidad, certificadas y avaladas por Star Nutrition, una marca l\u00edder en el sector.<\/li>\n<li>Tiene un sabor exquisito, con diferentes opciones a elegir, como chocolate y cacao.<\/li>\n<li>Se puede preparar con agua o leche descremada, seg\u00fan tu gusto y conveniencia.<\/li>\n<li>Es ideal para tomar luego de entrenar, cuando tu cuerpo est\u00e1 m\u00e1s receptivo a los nutrientes y necesita una recarga r\u00e1pida y efectiva.<\/li>\n<\/ul>\n<p><img loading=\"lazy\" decoding=\"async\" class=\"alignnone size-full wp-image-9038\" src=\"https:\/\/www.demusculos.com\/web\/wp-content\/uploads\/2024\/02\/mutant-mass-15-5-kg-de-star-nutrition-3.jpg\" alt=\"Beneficios - Mutant Mass de Star Nutrition - Ganador de Masa Muscular\" width=\"1080\" height=\"1080\" srcset=\"https:\/\/www.demusculos.com\/web\/wp-content\/uploads\/2024\/02\/mutant-mass-15-5-kg-de-star-nutrition-3.jpg 1080w, https:\/\/www.demusculos.com\/web\/wp-content\/uploads\/2024\/02\/mutant-mass-15-5-kg-de-star-nutrition-3-300x300.jpg 300w, https:\/\/www.demusculos.com\/web\/wp-content\/uploads\/2024\/02\/mutant-mass-15-5-kg-de-star-nutrition-3-150x150.jpg 150w, https:\/\/www.demusculos.com\/web\/wp-content\/uploads\/2024\/02\/mutant-mass-15-5-kg-de-star-nutrition-3-800x800.jpg 800w, https:\/\/www.demusculos.com\/web\/wp-content\/uploads\/2024\/02\/mutant-mass-15-5-kg-de-star-nutrition-3-1024x1024.jpg 1024w, https:\/\/www.demusculos.com\/web\/wp-content\/uploads\/2024\/02\/mutant-mass-15-5-kg-de-star-nutrition-3-768x768.jpg 768w\" sizes=\"(max-width: 1080px) 100vw, 1080px\" \/><\/p>\n<h3><strong>Recomendaciones a la hora de tomar el Mutant Mass<\/strong><\/h3>\n<p>Para obtener los mejores resultados con el Mutant Mass, te recomendamos que:<\/p>\n<ul>\n<li>Consultes con un nutricionista especializado en deportistas tus necesidades de prote\u00ednas y carbohidratos seg\u00fan tus objetivos, peso, edad y actividad f\u00edsica.<\/li>\n<li>Utilices este producto para cubrir esas necesidades en momentos espec\u00edficos de tu d\u00eda, como antes o despu\u00e9s de entrenar, o entre comidas.<\/li>\n<li>Lleves una dieta equilibrada y variada, rica en alimentos naturales y saludables, y evites el consumo de alcohol, tabaco y otras sustancias nocivas.<\/li>\n<li>Realices un entrenamiento adecuado a tu nivel, con una frecuencia, intensidad y duraci\u00f3n apropiadas, y con un descanso suficiente entre sesiones.<\/li>\n<li>Bebas mucha agua durante el d\u00eda, especialmente antes, durante y despu\u00e9s de entrenar, para mantener una buena hidrataci\u00f3n y eliminar las toxinas.<\/li>\n<\/ul>\n<p>No esperes m\u00e1s. \u00a1Prueba el Mutant Mass de Star Nutrition y transforma tu cuerpo y tu vida!<\/p>\n<p><img loading=\"lazy\" decoding=\"async\" class=\"alignnone size-full wp-image-9039\" src=\"https:\/\/www.demusculos.com\/web\/wp-content\/uploads\/2024\/02\/mutant-mass-15-5-kg-de-star-nutrition-4.jpg\" alt=\"Informaci\u00f3n Nutricional - Mutant Mass de Star Nutrition - Ganador de Masa Muscular\" width=\"1080\" height=\"1080\" srcset=\"https:\/\/www.demusculos.com\/web\/wp-content\/uploads\/2024\/02\/mutant-mass-15-5-kg-de-star-nutrition-4.jpg 1080w, https:\/\/www.demusculos.com\/web\/wp-content\/uploads\/2024\/02\/mutant-mass-15-5-kg-de-star-nutrition-4-300x300.jpg 300w, https:\/\/www.demusculos.com\/web\/wp-content\/uploads\/2024\/02\/mutant-mass-15-5-kg-de-star-nutrition-4-150x150.jpg 150w, https:\/\/www.demusculos.com\/web\/wp-content\/uploads\/2024\/02\/mutant-mass-15-5-kg-de-star-nutrition-4-800x800.jpg 800w, https:\/\/www.demusculos.com\/web\/wp-content\/uploads\/2024\/02\/mutant-mass-15-5-kg-de-star-nutrition-4-1024x1024.jpg 1024w, https:\/\/www.demusculos.com\/web\/wp-content\/uploads\/2024\/02\/mutant-mass-15-5-kg-de-star-nutrition-4-768x768.jpg 768w\" sizes=\"(max-width: 1080px) 100vw, 1080px\" \/><\/p>\n<p><img loading=\"lazy\" decoding=\"async\" class=\"alignnone size-full wp-image-9041\" src=\"https:\/\/www.demusculos.com\/web\/wp-content\/uploads\/2024\/02\/mutant-mass-15-5-kg-de-star-nutrition-6.jpg\" alt=\"Sabores - Mutant Mass de Star Nutrition - Ganador de Masa Muscular\" width=\"1080\" height=\"1080\" srcset=\"https:\/\/www.demusculos.com\/web\/wp-content\/uploads\/2024\/02\/mutant-mass-15-5-kg-de-star-nutrition-6.jpg 1080w, https:\/\/www.demusculos.com\/web\/wp-content\/uploads\/2024\/02\/mutant-mass-15-5-kg-de-star-nutrition-6-300x300.jpg 300w, https:\/\/www.demusculos.com\/web\/wp-content\/uploads\/2024\/02\/mutant-mass-15-5-kg-de-star-nutrition-6-150x150.jpg 150w, https:\/\/www.demusculos.com\/web\/wp-content\/uploads\/2024\/02\/mutant-mass-15-5-kg-de-star-nutrition-6-800x800.jpg 800w, https:\/\/www.demusculos.com\/web\/wp-content\/uploads\/2024\/02\/mutant-mass-15-5-kg-de-star-nutrition-6-1024x1024.jpg 1024w, https:\/\/www.demusculos.com\/web\/wp-content\/uploads\/2024\/02\/mutant-mass-15-5-kg-de-star-nutrition-6-768x768.jpg 768w\" sizes=\"(max-width: 1080px) 100vw, 1080px\" \/><\/p>\n<p><img loading=\"lazy\" decoding=\"async\" class=\"alignnone size-full wp-image-9040\" src=\"https:\/\/www.demusculos.com\/web\/wp-content\/uploads\/2024\/02\/mutant-mass-15-5-kg-de-star-nutrition-5.jpg\" alt=\"Lo m\u00e1s destacado - Mutant Mass de Star Nutrition - Ganador de Masa Muscular\" width=\"1080\" height=\"1080\" srcset=\"https:\/\/www.demusculos.com\/web\/wp-content\/uploads\/2024\/02\/mutant-mass-15-5-kg-de-star-nutrition-5.jpg 1080w, https:\/\/www.demusculos.com\/web\/wp-content\/uploads\/2024\/02\/mutant-mass-15-5-kg-de-star-nutrition-5-300x300.jpg 300w, https:\/\/www.demusculos.com\/web\/wp-content\/uploads\/2024\/02\/mutant-mass-15-5-kg-de-star-nutrition-5-150x150.jpg 150w, https:\/\/www.demusculos.com\/web\/wp-content\/uploads\/2024\/02\/mutant-mass-15-5-kg-de-star-nutrition-5-800x800.jpg 800w, https:\/\/www.demusculos.com\/web\/wp-content\/uploads\/2024\/02\/mutant-mass-15-5-kg-de-star-nutrition-5-1024x1024.jpg 1024w, https:\/\/www.demusculos.com\/web\/wp-content\/uploads\/2024\/02\/mutant-mass-15-5-kg-de-star-nutrition-5-768x768.jpg 768w\" sizes=\"(max-width: 1080px) 100vw, 1080px\" \/><\/p>\n<p><a href=\"https:\/\/www.demusculos.com\/web\/producto\/mutant-mass-1-5-kg-de-star-nutrition-ganador-de-masa-muscular\/\">Mutant Mass 1.5 kg (Envase peque\u00f1o)<\/a><br \/>\n<a href=\"https:\/\/primenutrition.ec\/blog\/post\/proteina-vs-ganador-de-masa.html\">Prote\u00edna Vs. Ganador de masa muscular<\/a><\/p>\n","protected":false},"excerpt":{"rendered":"<p>Mutant Mass 5 kg Mutant Mass 5 kg es ideal para Aumenta tu masa muscular y mejorar tu rendimiento \u00bfEst\u00e1s cansado de entrenar duro y no ver resultados? \u00bfQuieres ganar m\u00fasculo, fuerza y energ\u00eda de forma r\u00e1pida y segura? Entonces necesitas el\u00a0Mutant Mass\u00a0de Star Nutrition, el mejor ganador de peso del mercado. El Mutant Mass [&hellip;]<\/p>\n","protected":false},"featured_media":330,"comment_status":"closed","ping_status":"closed","template":"","meta":[],"product_brand":[220],"product_cat":[49],"product_tag":[26],"class_list":{"0":"post-329","1":"product","2":"type-product","3":"status-publish","4":"has-post-thumbnail","6":"product_brand-star-nutrition","7":"product_cat-ganadores-de-peso","8":"product_tag-star-nutrition","10":"first","11":"instock","12":"sale","13":"shipping-taxable","14":"purchasable","15":"product-type-variable"},"yoast_head":"<!-- This site is optimized with the Yoast SEO plugin v27.5 - https:\/\/yoast.com\/product\/yoast-seo-wordpress\/ -->\n<title>Mutant Mass 5 kg | Whey Gainer | Star Nutrition | DeMusculos.com<\/title>\n<meta name=\"description\" content=\"El Mutant Mass 5 kg es un excelente ganador de masa muscular con elevada cantidad de prote\u00edna, amino\u00e1cidos y potenciado con Arginina, poderoso \u00f3xido n\u00edtrico\" \/>\n<meta name=\"robots\" content=\"index, follow, max-snippet:-1, max-image-preview:large, max-video-preview:-1\" \/>\n<link rel=\"canonical\" href=\"https:\/\/www.demusculos.com\/web\/producto\/mutant-mass-5-kg-bolsa-de-star-nutrition-ganador-de-masa-muscular\/\" \/>\n<meta property=\"og:locale\" content=\"es_ES\" \/>\n<meta property=\"og:type\" content=\"article\" \/>\n<meta property=\"og:title\" content=\"Mutant Mass 5 kg | Whey Gainer | Star Nutrition | DeMusculos.com\" \/>\n<meta property=\"og:description\" content=\"El Mutant Mass 5 kg es un excelente ganador de masa muscular con elevada cantidad de prote\u00edna, amino\u00e1cidos y potenciado con Arginina, poderoso \u00f3xido n\u00edtrico\" \/>\n<meta property=\"og:url\" content=\"https:\/\/www.demusculos.com\/web\/producto\/mutant-mass-5-kg-bolsa-de-star-nutrition-ganador-de-masa-muscular\/\" \/>\n<meta property=\"og:site_name\" content=\"DeMusculos\" \/>\n<meta property=\"article:publisher\" content=\"https:\/\/www.facebook.com\/demusculos\" \/>\n<meta property=\"article:modified_time\" content=\"2026-05-04T19:12:25+00:00\" \/>\n<meta property=\"og:image\" content=\"https:\/\/www.demusculos.com\/web\/wp-content\/uploads\/2024\/02\/Mutant-Mass-5-kg-star-nutrition-05.jpg\" \/>\n\t<meta property=\"og:image:width\" content=\"1200\" \/>\n\t<meta property=\"og:image:height\" content=\"1200\" \/>\n\t<meta property=\"og:image:type\" content=\"image\/jpeg\" \/>\n<meta name=\"twitter:card\" content=\"summary_large_image\" \/>\n<meta name=\"twitter:site\" content=\"@demusculos\" \/>\n<meta name=\"twitter:label1\" content=\"Tiempo de lectura\" \/>\n\t<meta name=\"twitter:data1\" content=\"5 minutos\" \/>\n<script type=\"application\/ld+json\" class=\"yoast-schema-graph\">{\"@context\":\"https:\\\/\\\/schema.org\",\"@graph\":[{\"@type\":\"WebPage\",\"@id\":\"https:\\\/\\\/www.demusculos.com\\\/web\\\/producto\\\/mutant-mass-5-kg-bolsa-de-star-nutrition-ganador-de-masa-muscular\\\/\",\"url\":\"https:\\\/\\\/www.demusculos.com\\\/web\\\/producto\\\/mutant-mass-5-kg-bolsa-de-star-nutrition-ganador-de-masa-muscular\\\/\",\"name\":\"Mutant Mass 5 kg | Whey Gainer | Star Nutrition | DeMusculos.com\",\"isPartOf\":{\"@id\":\"https:\\\/\\\/www.demusculos.com\\\/web\\\/#website\"},\"primaryImageOfPage\":{\"@id\":\"https:\\\/\\\/www.demusculos.com\\\/web\\\/producto\\\/mutant-mass-5-kg-bolsa-de-star-nutrition-ganador-de-masa-muscular\\\/#primaryimage\"},\"image\":{\"@id\":\"https:\\\/\\\/www.demusculos.com\\\/web\\\/producto\\\/mutant-mass-5-kg-bolsa-de-star-nutrition-ganador-de-masa-muscular\\\/#primaryimage\"},\"thumbnailUrl\":\"https:\\\/\\\/www.demusculos.com\\\/web\\\/wp-content\\\/uploads\\\/2024\\\/02\\\/Mutant-Mass-5-kg-star-nutrition-05.jpg\",\"datePublished\":\"2024-02-20T20:15:13+00:00\",\"dateModified\":\"2026-05-04T19:12:25+00:00\",\"description\":\"El Mutant Mass 5 kg es un excelente ganador de masa muscular con elevada cantidad de prote\u00edna, amino\u00e1cidos y potenciado con Arginina, poderoso \u00f3xido n\u00edtrico\",\"breadcrumb\":{\"@id\":\"https:\\\/\\\/www.demusculos.com\\\/web\\\/producto\\\/mutant-mass-5-kg-bolsa-de-star-nutrition-ganador-de-masa-muscular\\\/#breadcrumb\"},\"inLanguage\":\"es\",\"potentialAction\":[{\"@type\":\"ReadAction\",\"target\":[\"https:\\\/\\\/www.demusculos.com\\\/web\\\/producto\\\/mutant-mass-5-kg-bolsa-de-star-nutrition-ganador-de-masa-muscular\\\/\"]}]},{\"@type\":\"ImageObject\",\"inLanguage\":\"es\",\"@id\":\"https:\\\/\\\/www.demusculos.com\\\/web\\\/producto\\\/mutant-mass-5-kg-bolsa-de-star-nutrition-ganador-de-masa-muscular\\\/#primaryimage\",\"url\":\"https:\\\/\\\/www.demusculos.com\\\/web\\\/wp-content\\\/uploads\\\/2024\\\/02\\\/Mutant-Mass-5-kg-star-nutrition-05.jpg\",\"contentUrl\":\"https:\\\/\\\/www.demusculos.com\\\/web\\\/wp-content\\\/uploads\\\/2024\\\/02\\\/Mutant-Mass-5-kg-star-nutrition-05.jpg\",\"width\":1200,\"height\":1200},{\"@type\":\"BreadcrumbList\",\"@id\":\"https:\\\/\\\/www.demusculos.com\\\/web\\\/producto\\\/mutant-mass-5-kg-bolsa-de-star-nutrition-ganador-de-masa-muscular\\\/#breadcrumb\",\"itemListElement\":[{\"@type\":\"ListItem\",\"position\":1,\"name\":\"Inicio\",\"item\":\"https:\\\/\\\/www.demusculos.com\\\/web\\\/\"},{\"@type\":\"ListItem\",\"position\":2,\"name\":\"Suplementos\",\"item\":\"https:\\\/\\\/www.demusculos.com\\\/web\\\/tienda\\\/\"},{\"@type\":\"ListItem\",\"position\":3,\"name\":\"Mutant Mass 5 kg (Bolsa) de Star Nutrition Ganador de Masa Muscular\"}]},{\"@type\":\"WebSite\",\"@id\":\"https:\\\/\\\/www.demusculos.com\\\/web\\\/#website\",\"url\":\"https:\\\/\\\/www.demusculos.com\\\/web\\\/\",\"name\":\"DeMusculos.com\",\"description\":\"Suplementos Naturales\",\"publisher\":{\"@id\":\"https:\\\/\\\/www.demusculos.com\\\/web\\\/#organization\"},\"alternateName\":\"Suplementos Naturales\",\"potentialAction\":[{\"@type\":\"SearchAction\",\"target\":{\"@type\":\"EntryPoint\",\"urlTemplate\":\"https:\\\/\\\/www.demusculos.com\\\/web\\\/?s={search_term_string}\"},\"query-input\":{\"@type\":\"PropertyValueSpecification\",\"valueRequired\":true,\"valueName\":\"search_term_string\"}}],\"inLanguage\":\"es\"},{\"@type\":\"Organization\",\"@id\":\"https:\\\/\\\/www.demusculos.com\\\/web\\\/#organization\",\"name\":\"DeMusculos.com\",\"alternateName\":\"DeMusculos\",\"url\":\"https:\\\/\\\/www.demusculos.com\\\/web\\\/\",\"logo\":{\"@type\":\"ImageObject\",\"inLanguage\":\"es\",\"@id\":\"https:\\\/\\\/www.demusculos.com\\\/web\\\/#\\\/schema\\\/logo\\\/image\\\/\",\"url\":\"https:\\\/\\\/www.demusculos.com\\\/web\\\/wp-content\\\/uploads\\\/2024\\\/02\\\/logo-demusculos-prestashop-usuario.png\",\"contentUrl\":\"https:\\\/\\\/www.demusculos.com\\\/web\\\/wp-content\\\/uploads\\\/2024\\\/02\\\/logo-demusculos-prestashop-usuario.png\",\"width\":150,\"height\":150,\"caption\":\"DeMusculos.com\"},\"image\":{\"@id\":\"https:\\\/\\\/www.demusculos.com\\\/web\\\/#\\\/schema\\\/logo\\\/image\\\/\"},\"sameAs\":[\"https:\\\/\\\/www.facebook.com\\\/demusculos\",\"https:\\\/\\\/x.com\\\/demusculos\",\"https:\\\/\\\/www.instagram.com\\\/demusculos\",\"https:\\\/\\\/www.tiktok.com\\\/@demusculos.com\"]}]}<\/script>\n<!-- \/ Yoast SEO plugin. -->","yoast_head_json":{"title":"Mutant Mass 5 kg | Whey Gainer | Star Nutrition | DeMusculos.com","description":"El Mutant Mass 5 kg es un excelente ganador de masa muscular con elevada cantidad de prote\u00edna, amino\u00e1cidos y potenciado con Arginina, poderoso \u00f3xido n\u00edtrico","robots":{"index":"index","follow":"follow","max-snippet":"max-snippet:-1","max-image-preview":"max-image-preview:large","max-video-preview":"max-video-preview:-1"},"canonical":"https:\/\/www.demusculos.com\/web\/producto\/mutant-mass-5-kg-bolsa-de-star-nutrition-ganador-de-masa-muscular\/","og_locale":"es_ES","og_type":"article","og_title":"Mutant Mass 5 kg | Whey Gainer | Star Nutrition | DeMusculos.com","og_description":"El Mutant Mass 5 kg es un excelente ganador de masa muscular con elevada cantidad de prote\u00edna, amino\u00e1cidos y potenciado con Arginina, poderoso \u00f3xido n\u00edtrico","og_url":"https:\/\/www.demusculos.com\/web\/producto\/mutant-mass-5-kg-bolsa-de-star-nutrition-ganador-de-masa-muscular\/","og_site_name":"DeMusculos","article_publisher":"https:\/\/www.facebook.com\/demusculos","article_modified_time":"2026-05-04T19:12:25+00:00","og_image":[{"width":1200,"height":1200,"url":"https:\/\/www.demusculos.com\/web\/wp-content\/uploads\/2024\/02\/Mutant-Mass-5-kg-star-nutrition-05.jpg","type":"image\/jpeg"}],"twitter_card":"summary_large_image","twitter_site":"@demusculos","twitter_misc":{"Tiempo de lectura":"5 minutos"},"schema":{"@context":"https:\/\/schema.org","@graph":[{"@type":"WebPage","@id":"https:\/\/www.demusculos.com\/web\/producto\/mutant-mass-5-kg-bolsa-de-star-nutrition-ganador-de-masa-muscular\/","url":"https:\/\/www.demusculos.com\/web\/producto\/mutant-mass-5-kg-bolsa-de-star-nutrition-ganador-de-masa-muscular\/","name":"Mutant Mass 5 kg | Whey Gainer | Star Nutrition | DeMusculos.com","isPartOf":{"@id":"https:\/\/www.demusculos.com\/web\/#website"},"primaryImageOfPage":{"@id":"https:\/\/www.demusculos.com\/web\/producto\/mutant-mass-5-kg-bolsa-de-star-nutrition-ganador-de-masa-muscular\/#primaryimage"},"image":{"@id":"https:\/\/www.demusculos.com\/web\/producto\/mutant-mass-5-kg-bolsa-de-star-nutrition-ganador-de-masa-muscular\/#primaryimage"},"thumbnailUrl":"https:\/\/www.demusculos.com\/web\/wp-content\/uploads\/2024\/02\/Mutant-Mass-5-kg-star-nutrition-05.jpg","datePublished":"2024-02-20T20:15:13+00:00","dateModified":"2026-05-04T19:12:25+00:00","description":"El Mutant Mass 5 kg es un excelente ganador de masa muscular con elevada cantidad de prote\u00edna, amino\u00e1cidos y potenciado con Arginina, poderoso \u00f3xido n\u00edtrico","breadcrumb":{"@id":"https:\/\/www.demusculos.com\/web\/producto\/mutant-mass-5-kg-bolsa-de-star-nutrition-ganador-de-masa-muscular\/#breadcrumb"},"inLanguage":"es","potentialAction":[{"@type":"ReadAction","target":["https:\/\/www.demusculos.com\/web\/producto\/mutant-mass-5-kg-bolsa-de-star-nutrition-ganador-de-masa-muscular\/"]}]},{"@type":"ImageObject","inLanguage":"es","@id":"https:\/\/www.demusculos.com\/web\/producto\/mutant-mass-5-kg-bolsa-de-star-nutrition-ganador-de-masa-muscular\/#primaryimage","url":"https:\/\/www.demusculos.com\/web\/wp-content\/uploads\/2024\/02\/Mutant-Mass-5-kg-star-nutrition-05.jpg","contentUrl":"https:\/\/www.demusculos.com\/web\/wp-content\/uploads\/2024\/02\/Mutant-Mass-5-kg-star-nutrition-05.jpg","width":1200,"height":1200},{"@type":"BreadcrumbList","@id":"https:\/\/www.demusculos.com\/web\/producto\/mutant-mass-5-kg-bolsa-de-star-nutrition-ganador-de-masa-muscular\/#breadcrumb","itemListElement":[{"@type":"ListItem","position":1,"name":"Inicio","item":"https:\/\/www.demusculos.com\/web\/"},{"@type":"ListItem","position":2,"name":"Suplementos","item":"https:\/\/www.demusculos.com\/web\/tienda\/"},{"@type":"ListItem","position":3,"name":"Mutant Mass 5 kg (Bolsa) de Star Nutrition Ganador de Masa Muscular"}]},{"@type":"WebSite","@id":"https:\/\/www.demusculos.com\/web\/#website","url":"https:\/\/www.demusculos.com\/web\/","name":"DeMusculos.com","description":"Suplementos Naturales","publisher":{"@id":"https:\/\/www.demusculos.com\/web\/#organization"},"alternateName":"Suplementos Naturales","potentialAction":[{"@type":"SearchAction","target":{"@type":"EntryPoint","urlTemplate":"https:\/\/www.demusculos.com\/web\/?s={search_term_string}"},"query-input":{"@type":"PropertyValueSpecification","valueRequired":true,"valueName":"search_term_string"}}],"inLanguage":"es"},{"@type":"Organization","@id":"https:\/\/www.demusculos.com\/web\/#organization","name":"DeMusculos.com","alternateName":"DeMusculos","url":"https:\/\/www.demusculos.com\/web\/","logo":{"@type":"ImageObject","inLanguage":"es","@id":"https:\/\/www.demusculos.com\/web\/#\/schema\/logo\/image\/","url":"https:\/\/www.demusculos.com\/web\/wp-content\/uploads\/2024\/02\/logo-demusculos-prestashop-usuario.png","contentUrl":"https:\/\/www.demusculos.com\/web\/wp-content\/uploads\/2024\/02\/logo-demusculos-prestashop-usuario.png","width":150,"height":150,"caption":"DeMusculos.com"},"image":{"@id":"https:\/\/www.demusculos.com\/web\/#\/schema\/logo\/image\/"},"sameAs":["https:\/\/www.facebook.com\/demusculos","https:\/\/x.com\/demusculos","https:\/\/www.instagram.com\/demusculos","https:\/\/www.tiktok.com\/@demusculos.com"]}]}},"_links":{"self":[{"href":"https:\/\/www.demusculos.com\/web\/wp-json\/wp\/v2\/product\/329","targetHints":{"allow":["GET"]}}],"collection":[{"href":"https:\/\/www.demusculos.com\/web\/wp-json\/wp\/v2\/product"}],"about":[{"href":"https:\/\/www.demusculos.com\/web\/wp-json\/wp\/v2\/types\/product"}],"replies":[{"embeddable":true,"href":"https:\/\/www.demusculos.com\/web\/wp-json\/wp\/v2\/comments?post=329"}],"wp:featuredmedia":[{"embeddable":true,"href":"https:\/\/www.demusculos.com\/web\/wp-json\/wp\/v2\/media\/330"}],"wp:attachment":[{"href":"https:\/\/www.demusculos.com\/web\/wp-json\/wp\/v2\/media?parent=329"}],"wp:term":[{"taxonomy":"product_brand","embeddable":true,"href":"https:\/\/www.demusculos.com\/web\/wp-json\/wp\/v2\/product_brand?post=329"},{"taxonomy":"product_cat","embeddable":true,"href":"https:\/\/www.demusculos.com\/web\/wp-json\/wp\/v2\/product_cat?post=329"},{"taxonomy":"product_tag","embeddable":true,"href":"https:\/\/www.demusculos.com\/web\/wp-json\/wp\/v2\/product_tag?post=329"}],"curies":[{"name":"wp","href":"https:\/\/api.w.org\/{rel}","templated":true}]}}