{"id":3341,"date":"2024-03-17T16:20:34","date_gmt":"2024-03-17T19:20:34","guid":{"rendered":"https:\/\/www.demusculos.com\/web\/?post_type=product&#038;p=3341"},"modified":"2026-03-04T13:08:00","modified_gmt":"2026-03-04T16:08:00","slug":"2-arginina-150-grs-de-pulver","status":"publish","type":"product","link":"https:\/\/www.demusculos.com\/web\/producto\/2-arginina-150-grs-de-pulver\/","title":{"rendered":"2 Arginina 150 grs de Pulver Generador de \u00d3xido N\u00edtrico"},"content":{"rendered":"<h2><strong>L-Arginina Pulver: Generador de \u00d3xido N\u00edtrico (2 unidades &#8211; 300 grs en total)<\/strong><\/h2>\n<p>La L-Arginina Pulver es un aliado poderoso para tu bienestar. Est\u00e1 formulado al <strong>100% con L-Arginina<\/strong>, un amino\u00e1cido esencial que act\u00faa como generador de\u00a0<strong>\u00f3xido n\u00edtrico<\/strong>. \u00bfQu\u00e9 significa esto? \u00a1Sigue leyendo!<\/p>\n<p><img fetchpriority=\"high\" decoding=\"async\" class=\"alignnone size-full wp-image-12452\" src=\"https:\/\/www.demusculos.com\/web\/wp-content\/uploads\/2024\/02\/banner-arginina-pulver-01.webp\" alt=\"\u00d3xido N\u00edtrico Arginina Pulver\" width=\"1080\" height=\"1080\" srcset=\"https:\/\/www.demusculos.com\/web\/wp-content\/uploads\/2024\/02\/banner-arginina-pulver-01.webp 1080w, https:\/\/www.demusculos.com\/web\/wp-content\/uploads\/2024\/02\/banner-arginina-pulver-01-300x300.webp 300w, https:\/\/www.demusculos.com\/web\/wp-content\/uploads\/2024\/02\/banner-arginina-pulver-01-1024x1024.webp 1024w, https:\/\/www.demusculos.com\/web\/wp-content\/uploads\/2024\/02\/banner-arginina-pulver-01-150x150.webp 150w, https:\/\/www.demusculos.com\/web\/wp-content\/uploads\/2024\/02\/banner-arginina-pulver-01-768x768.webp 768w, https:\/\/www.demusculos.com\/web\/wp-content\/uploads\/2024\/02\/banner-arginina-pulver-01-990x990.webp 990w, https:\/\/www.demusculos.com\/web\/wp-content\/uploads\/2024\/02\/banner-arginina-pulver-01-441x441.webp 441w, https:\/\/www.demusculos.com\/web\/wp-content\/uploads\/2024\/02\/banner-arginina-pulver-01-100x100.webp 100w, https:\/\/www.demusculos.com\/web\/wp-content\/uploads\/2024\/02\/banner-arginina-pulver-01-800x800.webp 800w\" sizes=\"(max-width: 1080px) 100vw, 1080px\" \/><\/p>\n<figure id=\"attachment_182\" aria-describedby=\"caption-attachment-182\" style=\"width: 446px\" class=\"wp-caption alignnone\"><img decoding=\"async\" class=\"size-full wp-image-182\" src=\"https:\/\/www.demusculos.com\/web\/wp-content\/uploads\/2024\/02\/logo-pulver.png\" alt=\"Productos naturales y deporitvos de la marca Pulver. Todos los suplementos son sin Tacc aptos para celiacos.\" width=\"446\" height=\"103\" srcset=\"https:\/\/www.demusculos.com\/web\/wp-content\/uploads\/2024\/02\/logo-pulver.png 446w, https:\/\/www.demusculos.com\/web\/wp-content\/uploads\/2024\/02\/logo-pulver-300x69.png 300w, https:\/\/www.demusculos.com\/web\/wp-content\/uploads\/2024\/02\/logo-pulver-150x35.png 150w, https:\/\/www.demusculos.com\/web\/wp-content\/uploads\/2024\/02\/logo-pulver-416x96.png 416w\" sizes=\"(max-width: 446px) 100vw, 446px\" \/><figcaption id=\"caption-attachment-182\" class=\"wp-caption-text\">Suplementos naturales ideales para aumentar masa muscular, rendimiento, recuperaci\u00f3n y para la dieta. Alimentos proteicos sin TACC.<\/figcaption><\/figure>\n<p><strong>Beneficios Clave:<\/strong><\/p>\n<ol>\n<li><strong>Mejora la funci\u00f3n vascular<\/strong>: La L-Arginina contribuye a una mejor circulaci\u00f3n sangu\u00ednea, lo que es fundamental para el funcionamiento \u00f3ptimo de todo tu cuerpo.<\/li>\n<li><strong>Recuperaci\u00f3n muscular<\/strong>: Al aumentar la provisi\u00f3n de ox\u00edgeno en los tejidos musculares, este suplemento favorece la recuperaci\u00f3n despu\u00e9s del ejercicio f\u00edsico.<\/li>\n<li><strong>Sabor Neutro y Libre de Gluten<\/strong>: Disfruta de la L-Arginina sin preocuparte por alergias o intolerancias.<\/li>\n<\/ol>\n<p><strong>Modo de Uso:<\/strong>\u00a0Disuelve\u00a0<strong>5 gramos (una medida)<\/strong>\u00a0en jugo o agua despu\u00e9s de tu actividad f\u00edsica. Para potenciar sus efectos, acomp\u00e1\u00f1alo con hidratos de carbono.<\/p>\n<p><strong>Presentaci\u00f3n:<\/strong>\u00a0Frasco de\u00a0<strong>150 gramos<\/strong> para que tengas suficiente para tus necesidades.<\/p>\n<p>Este suplemento es ideal para deportistas y personas que buscan mejorar su rendimiento f\u00edsico. \u00a1Aprovecha los beneficios de la L-Arginina y dale un impulso a tu salud! &#xfe0f;&#x200d;<\/p>\n<p><img decoding=\"async\" class=\"alignnone size-full wp-image-12453\" src=\"https:\/\/www.demusculos.com\/web\/wp-content\/uploads\/2024\/02\/banner-arginina-pulver-02.webp\" alt=\"\u00d3xido N\u00edtrico Arginina Pulver\" width=\"1080\" height=\"1080\" srcset=\"https:\/\/www.demusculos.com\/web\/wp-content\/uploads\/2024\/02\/banner-arginina-pulver-02.webp 1080w, https:\/\/www.demusculos.com\/web\/wp-content\/uploads\/2024\/02\/banner-arginina-pulver-02-300x300.webp 300w, https:\/\/www.demusculos.com\/web\/wp-content\/uploads\/2024\/02\/banner-arginina-pulver-02-1024x1024.webp 1024w, https:\/\/www.demusculos.com\/web\/wp-content\/uploads\/2024\/02\/banner-arginina-pulver-02-150x150.webp 150w, https:\/\/www.demusculos.com\/web\/wp-content\/uploads\/2024\/02\/banner-arginina-pulver-02-768x768.webp 768w, https:\/\/www.demusculos.com\/web\/wp-content\/uploads\/2024\/02\/banner-arginina-pulver-02-990x990.webp 990w, https:\/\/www.demusculos.com\/web\/wp-content\/uploads\/2024\/02\/banner-arginina-pulver-02-441x441.webp 441w, https:\/\/www.demusculos.com\/web\/wp-content\/uploads\/2024\/02\/banner-arginina-pulver-02-100x100.webp 100w, https:\/\/www.demusculos.com\/web\/wp-content\/uploads\/2024\/02\/banner-arginina-pulver-02-800x800.webp 800w\" sizes=\"(max-width: 1080px) 100vw, 1080px\" \/><\/p>\n<h3 data-start=\"287\" data-end=\"333\"> \u00bfQu\u00e9 es la L-Arginina y para qu\u00e9 sirve?<\/h3>\n<p data-start=\"335\" data-end=\"644\">La <strong data-start=\"338\" data-end=\"352\">L-Arginina<\/strong> es un amino\u00e1cido esencial para la producci\u00f3n de <strong data-start=\"401\" data-end=\"418\">\u00f3xido n\u00edtrico<\/strong>, una mol\u00e9cula que favorece la <strong data-start=\"449\" data-end=\"467\">vasodilataci\u00f3n<\/strong>, mejora el flujo sangu\u00edneo y ayuda a transportar m\u00e1s ox\u00edgeno y nutrientes a los m\u00fasculos. Esto se traduce en <strong data-start=\"577\" data-end=\"643\">m\u00e1s fuerza, mejor rendimiento f\u00edsico y recuperaci\u00f3n m\u00e1s r\u00e1pida<\/strong>.<\/p>\n<hr data-start=\"646\" data-end=\"649\" \/>\n<h3 data-start=\"651\" data-end=\"686\">\u00bfC\u00f3mo se toma la L-Arginina Pulver?<\/h3>\n<p data-start=\"688\" data-end=\"917\">Una forma de usarla es consumir <strong data-start=\"720\" data-end=\"751\">1 medida dosificadora (5 g)<\/strong> <strong data-start=\"752\" data-end=\"789\">30 a 40 minutos antes de entrenar<\/strong>, disuelta en agua o jugo.<br data-start=\"815\" data-end=\"818\" \/>&#x2714; Pod\u00e9s seguir las instrucciones del envase o consultar con tu m\u00e9dico o nutricionista de confianza.<\/p>\n<hr data-start=\"919\" data-end=\"922\" \/>\n<h3 data-start=\"924\" data-end=\"970\">\u00bfSe puede tomar con el est\u00f3mago vac\u00edo?<\/h3>\n<p data-start=\"972\" data-end=\"1155\">S\u00ed, es <strong data-start=\"979\" data-end=\"1018\">ideal tomarla con el est\u00f3mago vac\u00edo<\/strong>, ya que mejora su absorci\u00f3n. Pod\u00e9s tomarla sola o junto a otros suplementos <strong data-start=\"1095\" data-end=\"1116\">pre entrenamiento<\/strong> como creatina, beta alanina o cafe\u00edna.<\/p>\n<hr data-start=\"1157\" data-end=\"1160\" \/>\n<h3 data-start=\"1162\" data-end=\"1210\">\u00bfSe puede combinar con otros suplementos?<\/h3>\n<p data-start=\"1212\" data-end=\"1259\">\u00a1S\u00ed! La L-Arginina es <strong data-start=\"1234\" data-end=\"1258\">altamente combinable<\/strong>:<\/p>\n<ul data-start=\"1261\" data-end=\"1532\">\n<li data-start=\"1261\" data-end=\"1322\">\n<p data-start=\"1263\" data-end=\"1322\">&#x2705; <strong data-start=\"1265\" data-end=\"1278\">Creatina:<\/strong> potencia el volumen muscular y la fuerza.<\/p>\n<\/li>\n<li data-start=\"1323\" data-end=\"1409\">\n<p data-start=\"1325\" data-end=\"1409\">&#x2705; <strong data-start=\"1327\" data-end=\"1357\">Prote\u00edna (whey o vegetal):<\/strong> mejora el desarrollo muscular post entrenamiento.<\/p>\n<\/li>\n<li data-start=\"1410\" data-end=\"1463\">\n<p data-start=\"1412\" data-end=\"1463\">&#x2705; <strong data-start=\"1414\" data-end=\"1435\">BCAA o Glutamina:<\/strong> optimiza la recuperaci\u00f3n.<\/p>\n<\/li>\n<li data-start=\"1464\" data-end=\"1532\">\n<p data-start=\"1466\" data-end=\"1532\">&#x2705; <strong data-start=\"1468\" data-end=\"1485\">Pre-workouts:<\/strong> mejora la vasodilataci\u00f3n y el efecto \u201cpump\u201d.<\/p>\n<\/li>\n<\/ul>\n<p data-start=\"1534\" data-end=\"1637\"><em data-start=\"1534\" data-end=\"1637\">Combinada, mejora el efecto de otros suplementos al optimizar el transporte de nutrientes al m\u00fasculo.<\/em><\/p>\n<p><img loading=\"lazy\" decoding=\"async\" class=\"alignnone wp-image-12456 size-full\" src=\"https:\/\/www.demusculos.com\/web\/wp-content\/uploads\/2024\/02\/banner-arginina-pulver-05.webp\" alt=\"Presentaci\u00f3n: 150 gramos, polvo ultra fino\" width=\"1080\" height=\"1080\" srcset=\"https:\/\/www.demusculos.com\/web\/wp-content\/uploads\/2024\/02\/banner-arginina-pulver-05.webp 1080w, https:\/\/www.demusculos.com\/web\/wp-content\/uploads\/2024\/02\/banner-arginina-pulver-05-300x300.webp 300w, https:\/\/www.demusculos.com\/web\/wp-content\/uploads\/2024\/02\/banner-arginina-pulver-05-1024x1024.webp 1024w, https:\/\/www.demusculos.com\/web\/wp-content\/uploads\/2024\/02\/banner-arginina-pulver-05-150x150.webp 150w, https:\/\/www.demusculos.com\/web\/wp-content\/uploads\/2024\/02\/banner-arginina-pulver-05-768x768.webp 768w, https:\/\/www.demusculos.com\/web\/wp-content\/uploads\/2024\/02\/banner-arginina-pulver-05-990x990.webp 990w, https:\/\/www.demusculos.com\/web\/wp-content\/uploads\/2024\/02\/banner-arginina-pulver-05-441x441.webp 441w, https:\/\/www.demusculos.com\/web\/wp-content\/uploads\/2024\/02\/banner-arginina-pulver-05-100x100.webp 100w, https:\/\/www.demusculos.com\/web\/wp-content\/uploads\/2024\/02\/banner-arginina-pulver-05-800x800.webp 800w\" sizes=\"(max-width: 1080px) 100vw, 1080px\" \/><\/p>\n<hr data-start=\"1639\" data-end=\"1642\" \/>\n<h3 data-start=\"1644\" data-end=\"1695\">\u00bfPara qu\u00e9 tipo de personas est\u00e1 recomendada la L-Arginina Pulver?<\/h3>\n<ul data-start=\"1697\" data-end=\"1988\">\n<li data-start=\"1697\" data-end=\"1774\">\n<p data-start=\"1699\" data-end=\"1774\">Deportistas que buscan <strong data-start=\"1722\" data-end=\"1746\">m\u00e1s energ\u00eda y fuerza<\/strong> durante el entrenamiento.<\/p>\n<\/li>\n<li data-start=\"1775\" data-end=\"1849\">\n<p data-start=\"1777\" data-end=\"1849\">Quienes desean mejorar el <strong data-start=\"1803\" data-end=\"1846\">rendimiento f\u00edsico y la vascularizaci\u00f3n<\/strong>.<\/p>\n<\/li>\n<li data-start=\"1850\" data-end=\"1917\">\n<p data-start=\"1852\" data-end=\"1917\">Personas en etapa de <strong data-start=\"1873\" data-end=\"1914\">definici\u00f3n o aumento de masa muscular<\/strong>.<\/p>\n<\/li>\n<li data-start=\"1918\" data-end=\"1988\">\n<p data-start=\"1920\" data-end=\"1988\">Hombres que desean optimizar su <strong data-start=\"1952\" data-end=\"1987\">salud cardiovascular y hormonal<\/strong>.<\/p>\n<\/li>\n<\/ul>\n<hr data-start=\"1990\" data-end=\"1993\" \/>\n<h3 data-start=\"1995\" data-end=\"2028\">\u00bfTiene contraindicaciones?<\/h3>\n<p data-start=\"2030\" data-end=\"2182\"><strong data-start=\"2030\" data-end=\"2103\">No apto para menores, diab\u00e9ticos, mujeres embarazadas o en lactancia.<\/strong><br data-start=\"2103\" data-end=\"2106\" \/>Siempre consult\u00e1 con tu m\u00e9dico amigo antes de comenzar cualquier suplemento.<\/p>\n<p><img loading=\"lazy\" decoding=\"async\" class=\"alignnone wp-image-12455 size-full\" src=\"https:\/\/www.demusculos.com\/web\/wp-content\/uploads\/2024\/02\/banner-arginina-pulver-04.webp\" alt=\"Indicaciones de toma del \u00f3xido n\u00edtrico de Pulver\" width=\"1080\" height=\"1080\" srcset=\"https:\/\/www.demusculos.com\/web\/wp-content\/uploads\/2024\/02\/banner-arginina-pulver-04.webp 1080w, https:\/\/www.demusculos.com\/web\/wp-content\/uploads\/2024\/02\/banner-arginina-pulver-04-300x300.webp 300w, https:\/\/www.demusculos.com\/web\/wp-content\/uploads\/2024\/02\/banner-arginina-pulver-04-1024x1024.webp 1024w, https:\/\/www.demusculos.com\/web\/wp-content\/uploads\/2024\/02\/banner-arginina-pulver-04-150x150.webp 150w, https:\/\/www.demusculos.com\/web\/wp-content\/uploads\/2024\/02\/banner-arginina-pulver-04-768x768.webp 768w, https:\/\/www.demusculos.com\/web\/wp-content\/uploads\/2024\/02\/banner-arginina-pulver-04-990x990.webp 990w, https:\/\/www.demusculos.com\/web\/wp-content\/uploads\/2024\/02\/banner-arginina-pulver-04-441x441.webp 441w, https:\/\/www.demusculos.com\/web\/wp-content\/uploads\/2024\/02\/banner-arginina-pulver-04-100x100.webp 100w, https:\/\/www.demusculos.com\/web\/wp-content\/uploads\/2024\/02\/banner-arginina-pulver-04-800x800.webp 800w\" sizes=\"(max-width: 1080px) 100vw, 1080px\" \/><\/p>\n<p><img loading=\"lazy\" decoding=\"async\" class=\"alignnone wp-image-12454 size-full\" src=\"https:\/\/www.demusculos.com\/web\/wp-content\/uploads\/2024\/02\/banner-arginina-pulver-03.webp\" alt=\"Informaci\u00f3n nutricional del producto\" width=\"1080\" height=\"1080\" srcset=\"https:\/\/www.demusculos.com\/web\/wp-content\/uploads\/2024\/02\/banner-arginina-pulver-03.webp 1080w, https:\/\/www.demusculos.com\/web\/wp-content\/uploads\/2024\/02\/banner-arginina-pulver-03-300x300.webp 300w, https:\/\/www.demusculos.com\/web\/wp-content\/uploads\/2024\/02\/banner-arginina-pulver-03-1024x1024.webp 1024w, https:\/\/www.demusculos.com\/web\/wp-content\/uploads\/2024\/02\/banner-arginina-pulver-03-150x150.webp 150w, https:\/\/www.demusculos.com\/web\/wp-content\/uploads\/2024\/02\/banner-arginina-pulver-03-768x768.webp 768w, https:\/\/www.demusculos.com\/web\/wp-content\/uploads\/2024\/02\/banner-arginina-pulver-03-990x990.webp 990w, https:\/\/www.demusculos.com\/web\/wp-content\/uploads\/2024\/02\/banner-arginina-pulver-03-441x441.webp 441w, https:\/\/www.demusculos.com\/web\/wp-content\/uploads\/2024\/02\/banner-arginina-pulver-03-100x100.webp 100w, https:\/\/www.demusculos.com\/web\/wp-content\/uploads\/2024\/02\/banner-arginina-pulver-03-800x800.webp 800w\" sizes=\"(max-width: 1080px) 100vw, 1080px\" \/><\/p>\n","protected":false},"excerpt":{"rendered":"<p>Generador de \u00f3xido n\u00edtrico x150 grs: Arginina Pulver. Permite mejor energ\u00eda durante el entrenamiento, congesti\u00f3n y vasodilataci\u00f3n m\u00e1xima. Transporte de nutrientes hacia la fibra muscular, recuperaci\u00f3n y rendimiento.<\/p>\n","protected":false},"featured_media":12460,"comment_status":"closed","ping_status":"closed","template":"","meta":[],"product_brand":[221],"product_cat":[53],"product_tag":[28],"class_list":{"0":"post-3341","1":"product","2":"type-product","3":"status-publish","4":"has-post-thumbnail","6":"product_brand-pulver","7":"product_cat-oxido-nitrico","8":"product_tag-pulver","10":"first","11":"instock","12":"sale","13":"shipping-taxable","14":"purchasable","15":"product-type-simple"},"yoast_head":"<!-- This site is optimized with the Yoast SEO plugin v27.4 - https:\/\/yoast.com\/product\/yoast-seo-wordpress\/ -->\n<title>L-Arginina Pulver | 150 grs | \u00d3xido N\u00edtrico | DeMusculos<\/title>\n<meta name=\"description\" content=\"Ideal para rendimiento, recuperaci\u00f3n, transporte de nutrientes y oxigenaci\u00f3n muscular. Todo eso y mucho m\u00e1s con L-Arginina Pulver x150 grs. Env\u00edo y cuotas.\" \/>\n<meta name=\"robots\" content=\"index, follow, max-snippet:-1, max-image-preview:large, max-video-preview:-1\" \/>\n<link rel=\"canonical\" href=\"https:\/\/www.demusculos.com\/web\/producto\/2-arginina-150-grs-de-pulver\/\" \/>\n<meta property=\"og:locale\" content=\"es_ES\" \/>\n<meta property=\"og:type\" content=\"article\" \/>\n<meta property=\"og:title\" content=\"L-Arginina Pulver | 150 grs | \u00d3xido N\u00edtrico | DeMusculos\" \/>\n<meta property=\"og:description\" content=\"Ideal para rendimiento, recuperaci\u00f3n, transporte de nutrientes y oxigenaci\u00f3n muscular. Todo eso y mucho m\u00e1s con L-Arginina Pulver x150 grs. Env\u00edo y cuotas.\" \/>\n<meta property=\"og:url\" content=\"https:\/\/www.demusculos.com\/web\/producto\/2-arginina-150-grs-de-pulver\/\" \/>\n<meta property=\"og:site_name\" content=\"DeMusculos\" \/>\n<meta property=\"article:publisher\" content=\"https:\/\/www.facebook.com\/demusculos\" \/>\n<meta property=\"article:modified_time\" content=\"2026-03-04T16:08:00+00:00\" \/>\n<meta property=\"og:image\" content=\"https:\/\/www.demusculos.com\/web\/wp-content\/uploads\/2024\/03\/arginina-pulver-150-grs-02.jpg\" \/>\n\t<meta property=\"og:image:width\" content=\"1080\" \/>\n\t<meta property=\"og:image:height\" content=\"1080\" \/>\n\t<meta property=\"og:image:type\" content=\"image\/jpeg\" \/>\n<meta name=\"twitter:card\" content=\"summary_large_image\" \/>\n<meta name=\"twitter:site\" content=\"@demusculos\" \/>\n<meta name=\"twitter:label1\" content=\"Tiempo de lectura\" \/>\n\t<meta name=\"twitter:data1\" content=\"4 minutos\" \/>\n<script type=\"application\/ld+json\" class=\"yoast-schema-graph\">{\"@context\":\"https:\\\/\\\/schema.org\",\"@graph\":[{\"@type\":\"WebPage\",\"@id\":\"https:\\\/\\\/www.demusculos.com\\\/web\\\/producto\\\/2-arginina-150-grs-de-pulver\\\/\",\"url\":\"https:\\\/\\\/www.demusculos.com\\\/web\\\/producto\\\/2-arginina-150-grs-de-pulver\\\/\",\"name\":\"L-Arginina Pulver | 150 grs | \u00d3xido N\u00edtrico | DeMusculos\",\"isPartOf\":{\"@id\":\"https:\\\/\\\/www.demusculos.com\\\/web\\\/#website\"},\"primaryImageOfPage\":{\"@id\":\"https:\\\/\\\/www.demusculos.com\\\/web\\\/producto\\\/2-arginina-150-grs-de-pulver\\\/#primaryimage\"},\"image\":{\"@id\":\"https:\\\/\\\/www.demusculos.com\\\/web\\\/producto\\\/2-arginina-150-grs-de-pulver\\\/#primaryimage\"},\"thumbnailUrl\":\"https:\\\/\\\/www.demusculos.com\\\/web\\\/wp-content\\\/uploads\\\/2024\\\/03\\\/arginina-pulver-150-grs-02.jpg\",\"datePublished\":\"2024-03-17T19:20:34+00:00\",\"dateModified\":\"2026-03-04T16:08:00+00:00\",\"description\":\"Ideal para rendimiento, recuperaci\u00f3n, transporte de nutrientes y oxigenaci\u00f3n muscular. Todo eso y mucho m\u00e1s con L-Arginina Pulver x150 grs. Env\u00edo y cuotas.\",\"breadcrumb\":{\"@id\":\"https:\\\/\\\/www.demusculos.com\\\/web\\\/producto\\\/2-arginina-150-grs-de-pulver\\\/#breadcrumb\"},\"inLanguage\":\"es\",\"potentialAction\":[{\"@type\":\"ReadAction\",\"target\":[\"https:\\\/\\\/www.demusculos.com\\\/web\\\/producto\\\/2-arginina-150-grs-de-pulver\\\/\"]}]},{\"@type\":\"ImageObject\",\"inLanguage\":\"es\",\"@id\":\"https:\\\/\\\/www.demusculos.com\\\/web\\\/producto\\\/2-arginina-150-grs-de-pulver\\\/#primaryimage\",\"url\":\"https:\\\/\\\/www.demusculos.com\\\/web\\\/wp-content\\\/uploads\\\/2024\\\/03\\\/arginina-pulver-150-grs-02.jpg\",\"contentUrl\":\"https:\\\/\\\/www.demusculos.com\\\/web\\\/wp-content\\\/uploads\\\/2024\\\/03\\\/arginina-pulver-150-grs-02.jpg\",\"width\":1080,\"height\":1080,\"caption\":\"Arginina Pulver x2\"},{\"@type\":\"BreadcrumbList\",\"@id\":\"https:\\\/\\\/www.demusculos.com\\\/web\\\/producto\\\/2-arginina-150-grs-de-pulver\\\/#breadcrumb\",\"itemListElement\":[{\"@type\":\"ListItem\",\"position\":1,\"name\":\"Inicio\",\"item\":\"https:\\\/\\\/www.demusculos.com\\\/web\\\/\"},{\"@type\":\"ListItem\",\"position\":2,\"name\":\"Suplementos\",\"item\":\"https:\\\/\\\/www.demusculos.com\\\/web\\\/tienda\\\/\"},{\"@type\":\"ListItem\",\"position\":3,\"name\":\"2 Arginina 150 grs de Pulver Generador de \u00d3xido N\u00edtrico\"}]},{\"@type\":\"WebSite\",\"@id\":\"https:\\\/\\\/www.demusculos.com\\\/web\\\/#website\",\"url\":\"https:\\\/\\\/www.demusculos.com\\\/web\\\/\",\"name\":\"DeMusculos.com\",\"description\":\"Suplementos Naturales\",\"publisher\":{\"@id\":\"https:\\\/\\\/www.demusculos.com\\\/web\\\/#organization\"},\"alternateName\":\"Suplementos Naturales\",\"potentialAction\":[{\"@type\":\"SearchAction\",\"target\":{\"@type\":\"EntryPoint\",\"urlTemplate\":\"https:\\\/\\\/www.demusculos.com\\\/web\\\/?s={search_term_string}\"},\"query-input\":{\"@type\":\"PropertyValueSpecification\",\"valueRequired\":true,\"valueName\":\"search_term_string\"}}],\"inLanguage\":\"es\"},{\"@type\":\"Organization\",\"@id\":\"https:\\\/\\\/www.demusculos.com\\\/web\\\/#organization\",\"name\":\"DeMusculos.com\",\"alternateName\":\"DeMusculos\",\"url\":\"https:\\\/\\\/www.demusculos.com\\\/web\\\/\",\"logo\":{\"@type\":\"ImageObject\",\"inLanguage\":\"es\",\"@id\":\"https:\\\/\\\/www.demusculos.com\\\/web\\\/#\\\/schema\\\/logo\\\/image\\\/\",\"url\":\"https:\\\/\\\/www.demusculos.com\\\/web\\\/wp-content\\\/uploads\\\/2024\\\/02\\\/logo-demusculos-prestashop-usuario.png\",\"contentUrl\":\"https:\\\/\\\/www.demusculos.com\\\/web\\\/wp-content\\\/uploads\\\/2024\\\/02\\\/logo-demusculos-prestashop-usuario.png\",\"width\":150,\"height\":150,\"caption\":\"DeMusculos.com\"},\"image\":{\"@id\":\"https:\\\/\\\/www.demusculos.com\\\/web\\\/#\\\/schema\\\/logo\\\/image\\\/\"},\"sameAs\":[\"https:\\\/\\\/www.facebook.com\\\/demusculos\",\"https:\\\/\\\/x.com\\\/demusculos\",\"https:\\\/\\\/www.instagram.com\\\/demusculos\",\"https:\\\/\\\/www.tiktok.com\\\/@demusculos.com\"]}]}<\/script>\n<!-- \/ Yoast SEO plugin. -->","yoast_head_json":{"title":"L-Arginina Pulver | 150 grs | \u00d3xido N\u00edtrico | DeMusculos","description":"Ideal para rendimiento, recuperaci\u00f3n, transporte de nutrientes y oxigenaci\u00f3n muscular. Todo eso y mucho m\u00e1s con L-Arginina Pulver x150 grs. Env\u00edo y cuotas.","robots":{"index":"index","follow":"follow","max-snippet":"max-snippet:-1","max-image-preview":"max-image-preview:large","max-video-preview":"max-video-preview:-1"},"canonical":"https:\/\/www.demusculos.com\/web\/producto\/2-arginina-150-grs-de-pulver\/","og_locale":"es_ES","og_type":"article","og_title":"L-Arginina Pulver | 150 grs | \u00d3xido N\u00edtrico | DeMusculos","og_description":"Ideal para rendimiento, recuperaci\u00f3n, transporte de nutrientes y oxigenaci\u00f3n muscular. Todo eso y mucho m\u00e1s con L-Arginina Pulver x150 grs. Env\u00edo y cuotas.","og_url":"https:\/\/www.demusculos.com\/web\/producto\/2-arginina-150-grs-de-pulver\/","og_site_name":"DeMusculos","article_publisher":"https:\/\/www.facebook.com\/demusculos","article_modified_time":"2026-03-04T16:08:00+00:00","og_image":[{"width":1080,"height":1080,"url":"https:\/\/www.demusculos.com\/web\/wp-content\/uploads\/2024\/03\/arginina-pulver-150-grs-02.jpg","type":"image\/jpeg"}],"twitter_card":"summary_large_image","twitter_site":"@demusculos","twitter_misc":{"Tiempo de lectura":"4 minutos"},"schema":{"@context":"https:\/\/schema.org","@graph":[{"@type":"WebPage","@id":"https:\/\/www.demusculos.com\/web\/producto\/2-arginina-150-grs-de-pulver\/","url":"https:\/\/www.demusculos.com\/web\/producto\/2-arginina-150-grs-de-pulver\/","name":"L-Arginina Pulver | 150 grs | \u00d3xido N\u00edtrico | DeMusculos","isPartOf":{"@id":"https:\/\/www.demusculos.com\/web\/#website"},"primaryImageOfPage":{"@id":"https:\/\/www.demusculos.com\/web\/producto\/2-arginina-150-grs-de-pulver\/#primaryimage"},"image":{"@id":"https:\/\/www.demusculos.com\/web\/producto\/2-arginina-150-grs-de-pulver\/#primaryimage"},"thumbnailUrl":"https:\/\/www.demusculos.com\/web\/wp-content\/uploads\/2024\/03\/arginina-pulver-150-grs-02.jpg","datePublished":"2024-03-17T19:20:34+00:00","dateModified":"2026-03-04T16:08:00+00:00","description":"Ideal para rendimiento, recuperaci\u00f3n, transporte de nutrientes y oxigenaci\u00f3n muscular. Todo eso y mucho m\u00e1s con L-Arginina Pulver x150 grs. Env\u00edo y cuotas.","breadcrumb":{"@id":"https:\/\/www.demusculos.com\/web\/producto\/2-arginina-150-grs-de-pulver\/#breadcrumb"},"inLanguage":"es","potentialAction":[{"@type":"ReadAction","target":["https:\/\/www.demusculos.com\/web\/producto\/2-arginina-150-grs-de-pulver\/"]}]},{"@type":"ImageObject","inLanguage":"es","@id":"https:\/\/www.demusculos.com\/web\/producto\/2-arginina-150-grs-de-pulver\/#primaryimage","url":"https:\/\/www.demusculos.com\/web\/wp-content\/uploads\/2024\/03\/arginina-pulver-150-grs-02.jpg","contentUrl":"https:\/\/www.demusculos.com\/web\/wp-content\/uploads\/2024\/03\/arginina-pulver-150-grs-02.jpg","width":1080,"height":1080,"caption":"Arginina Pulver x2"},{"@type":"BreadcrumbList","@id":"https:\/\/www.demusculos.com\/web\/producto\/2-arginina-150-grs-de-pulver\/#breadcrumb","itemListElement":[{"@type":"ListItem","position":1,"name":"Inicio","item":"https:\/\/www.demusculos.com\/web\/"},{"@type":"ListItem","position":2,"name":"Suplementos","item":"https:\/\/www.demusculos.com\/web\/tienda\/"},{"@type":"ListItem","position":3,"name":"2 Arginina 150 grs de Pulver Generador de \u00d3xido N\u00edtrico"}]},{"@type":"WebSite","@id":"https:\/\/www.demusculos.com\/web\/#website","url":"https:\/\/www.demusculos.com\/web\/","name":"DeMusculos.com","description":"Suplementos Naturales","publisher":{"@id":"https:\/\/www.demusculos.com\/web\/#organization"},"alternateName":"Suplementos Naturales","potentialAction":[{"@type":"SearchAction","target":{"@type":"EntryPoint","urlTemplate":"https:\/\/www.demusculos.com\/web\/?s={search_term_string}"},"query-input":{"@type":"PropertyValueSpecification","valueRequired":true,"valueName":"search_term_string"}}],"inLanguage":"es"},{"@type":"Organization","@id":"https:\/\/www.demusculos.com\/web\/#organization","name":"DeMusculos.com","alternateName":"DeMusculos","url":"https:\/\/www.demusculos.com\/web\/","logo":{"@type":"ImageObject","inLanguage":"es","@id":"https:\/\/www.demusculos.com\/web\/#\/schema\/logo\/image\/","url":"https:\/\/www.demusculos.com\/web\/wp-content\/uploads\/2024\/02\/logo-demusculos-prestashop-usuario.png","contentUrl":"https:\/\/www.demusculos.com\/web\/wp-content\/uploads\/2024\/02\/logo-demusculos-prestashop-usuario.png","width":150,"height":150,"caption":"DeMusculos.com"},"image":{"@id":"https:\/\/www.demusculos.com\/web\/#\/schema\/logo\/image\/"},"sameAs":["https:\/\/www.facebook.com\/demusculos","https:\/\/x.com\/demusculos","https:\/\/www.instagram.com\/demusculos","https:\/\/www.tiktok.com\/@demusculos.com"]}]}},"_links":{"self":[{"href":"https:\/\/www.demusculos.com\/web\/wp-json\/wp\/v2\/product\/3341","targetHints":{"allow":["GET"]}}],"collection":[{"href":"https:\/\/www.demusculos.com\/web\/wp-json\/wp\/v2\/product"}],"about":[{"href":"https:\/\/www.demusculos.com\/web\/wp-json\/wp\/v2\/types\/product"}],"replies":[{"embeddable":true,"href":"https:\/\/www.demusculos.com\/web\/wp-json\/wp\/v2\/comments?post=3341"}],"wp:featuredmedia":[{"embeddable":true,"href":"https:\/\/www.demusculos.com\/web\/wp-json\/wp\/v2\/media\/12460"}],"wp:attachment":[{"href":"https:\/\/www.demusculos.com\/web\/wp-json\/wp\/v2\/media?parent=3341"}],"wp:term":[{"taxonomy":"product_brand","embeddable":true,"href":"https:\/\/www.demusculos.com\/web\/wp-json\/wp\/v2\/product_brand?post=3341"},{"taxonomy":"product_cat","embeddable":true,"href":"https:\/\/www.demusculos.com\/web\/wp-json\/wp\/v2\/product_cat?post=3341"},{"taxonomy":"product_tag","embeddable":true,"href":"https:\/\/www.demusculos.com\/web\/wp-json\/wp\/v2\/product_tag?post=3341"}],"curies":[{"name":"wp","href":"https:\/\/api.w.org\/{rel}","templated":true}]}}