{"id":3355,"date":"2024-03-17T16:56:15","date_gmt":"2024-03-17T19:56:15","guid":{"rendered":"https:\/\/www.demusculos.com\/web\/?post_type=product&#038;p=3355"},"modified":"2026-02-01T20:01:46","modified_gmt":"2026-02-01T23:01:46","slug":"nitric-whey-500grs-gentech-proteina-y-oxido-nitrico","status":"publish","type":"product","link":"https:\/\/www.demusculos.com\/web\/producto\/nitric-whey-500grs-gentech-proteina-y-oxido-nitrico\/","title":{"rendered":"Nitric Whey 500grs Gentech Prote\u00edna y \u00d3xido N\u00edtrico"},"content":{"rendered":"<h2>Nitric Whey 500grs Gentech<\/h2>\n<p>Nitric Whey 500grs Gentech es una prote\u00edna de suero de leche o whey protein de excelente calidad que se potencia con el amino\u00e1cido Arginina, es un poderoso vasodilatador, se encarga de transportar m\u00e1s nutrientes y oxigeno hacia la fibra muscular, esto permite una mayor recuperaci\u00f3n y aumento de masa muscular.<\/p>\n<p>Gentech ha lanzado al mercado su innovador suplemento deportivo, Nitric Whey, que integra de manera inteligente Whey Protein, prote\u00edna de suero, Gentech, \u00d3xido N\u00edtrico y Arginina para maximizar el rendimiento y acelerar la recuperaci\u00f3n muscular. Este avanzado suplemento funciona como un eficiente vasodilatador, mejorando el flujo sangu\u00edneo y optimizando el suministro de amino\u00e1cidos esenciales. La meta clara de Nitric Whey es optimizar el entrenamiento, potenciar la hipertrofia muscular y acelerar la recuperaci\u00f3n, ofreciendo una contribuci\u00f3n efectiva al desarrollo muscular y al destacado mejoramiento del desempe\u00f1o atl\u00e9tico.<\/p>\n<figure id=\"attachment_216\" aria-describedby=\"caption-attachment-216\" style=\"width: 446px\" class=\"wp-caption alignnone\"><img decoding=\"async\" class=\"size-full wp-image-216\" src=\"https:\/\/www.demusculos.com\/web\/wp-content\/uploads\/2024\/02\/logo-marca-gentech.png\" alt=\"Suplementos Naturales Gentech\" width=\"446\" height=\"103\" srcset=\"https:\/\/www.demusculos.com\/web\/wp-content\/uploads\/2024\/02\/logo-marca-gentech.png 446w, https:\/\/www.demusculos.com\/web\/wp-content\/uploads\/2024\/02\/logo-marca-gentech-300x69.png 300w, https:\/\/www.demusculos.com\/web\/wp-content\/uploads\/2024\/02\/logo-marca-gentech-150x35.png 150w, https:\/\/www.demusculos.com\/web\/wp-content\/uploads\/2024\/02\/logo-marca-gentech-416x96.png 416w\" sizes=\"(max-width: 446px) 100vw, 446px\" \/><figcaption id=\"caption-attachment-216\" class=\"wp-caption-text\">Gentech: Suplementaci\u00f3n natural deportiva.<\/figcaption><\/figure>\n<p>Este suplemento, destacado por su combinaci\u00f3n \u00fanica de Whey Protein, prote\u00edna de suero, y otros ingredientes clave como el \u00d3xido N\u00edtrico y la Arginina, ha ganado reconocimiento en la comunidad deportiva por su capacidad para mejorar la resistencia y estimular el crecimiento muscular. La calidad de la prote\u00edna de suero de leche utilizada, junto con la adici\u00f3n de ingredientes clave como el \u00d3xido N\u00edtrico y la Arginina, distingue claramente a Nitric Whey de otros suplementos en el mercado. Con la aplicaci\u00f3n adecuada de esta combinaci\u00f3n de Whey Protein, prote\u00edna de suero, Gentech, \u00d3xido N\u00edtrico y Arginina, puedes dar un paso s\u00f3lido hacia la consecuci\u00f3n de tus metas fitness, respaldado por la eficacia demostrada de Nitric Whey de Gentech.<\/p>\n<section class=\"pb4\">\n<h1 id=\"table_of_content_heading_1696014402479_35\" data-anchor=\"true\"><span class=\"o_default_snippet_text\">Modo de Preparaci\u00f3n<\/span><\/h1>\n<p>2 Medidas diarias (32 g c\/u). Antes y\/o despu\u00e9s del entrenamiento.<\/p>\n<p>Verter una medida (32 g) en 200 cc de agua, mezclar con el shaker o batidor, dejar reposar 30 seg y esta listo para consumir.<\/p>\n<\/section>\n<section class=\"pb16\">\n<h1 id=\"table_of_content_heading_1696014402480_36\" data-anchor=\"true\"><span class=\"o_default_snippet_text\">\u200bIngredientes<\/span><\/h1>\n<p>CONCENTRADO DE PROTEINA DE SUERO LACTEO, L-ARGININNA, ARO: VAINILLA, EDU: (INS 950 80 mg\/ 100 g, INS 955 70 mg\/ 100 g).<\/p>\n<p>CONTIENE DERIVADOS DE LECHE. PUEDE CONTENER DERIVADOS DE SOJA, HUEVOS Y MANI.<\/p>\n<\/section>\n","protected":false},"excerpt":{"rendered":"<p>Excelente prote\u00edna de suero de leche o whey protein, 500 grs en total, potenciada con \u00f3xido n\u00edtrico (arginina). Mejora el transporte de nutrientes hacia la fibra muscular.<\/p>\n","protected":false},"featured_media":3356,"comment_status":"closed","ping_status":"closed","template":"","meta":[],"product_brand":[222],"product_cat":[16],"product_tag":[21],"class_list":{"0":"post-3355","1":"product","2":"type-product","3":"status-publish","4":"has-post-thumbnail","6":"product_brand-gentech","7":"product_cat-proteinas","8":"product_tag-gentech","10":"first","11":"instock","12":"sale","13":"shipping-taxable","14":"purchasable","15":"product-type-simple"},"yoast_head":"<!-- This site is optimized with the Yoast SEO plugin v27.6 - https:\/\/yoast.com\/product\/yoast-seo-wordpress\/ -->\n<title>Nitric Whey 500grs Gentech | Prote\u00edna | \u00d3xido N\u00edtrico | DeMusculos<\/title>\n<meta name=\"description\" content=\"Nitric Whey 500grs Gentech es una super prote\u00edna potenciada con arginina, precursor de \u00f3xido n\u00edtrico y vasodilatador. M\u00e1s recuperaci\u00f3n y masa muscular.\" \/>\n<meta name=\"robots\" content=\"index, follow, max-snippet:-1, max-image-preview:large, max-video-preview:-1\" \/>\n<link rel=\"canonical\" href=\"https:\/\/www.demusculos.com\/web\/producto\/nitric-whey-500grs-gentech-proteina-y-oxido-nitrico\/\" \/>\n<meta property=\"og:locale\" content=\"es_ES\" \/>\n<meta property=\"og:type\" content=\"article\" \/>\n<meta property=\"og:title\" content=\"Nitric Whey 500grs Gentech | Prote\u00edna | \u00d3xido N\u00edtrico | DeMusculos\" \/>\n<meta property=\"og:description\" content=\"Nitric Whey 500grs Gentech es una super prote\u00edna potenciada con arginina, precursor de \u00f3xido n\u00edtrico y vasodilatador. M\u00e1s recuperaci\u00f3n y masa muscular.\" \/>\n<meta property=\"og:url\" content=\"https:\/\/www.demusculos.com\/web\/producto\/nitric-whey-500grs-gentech-proteina-y-oxido-nitrico\/\" \/>\n<meta property=\"og:site_name\" content=\"DeMusculos\" \/>\n<meta property=\"article:publisher\" content=\"https:\/\/www.facebook.com\/demusculos\" \/>\n<meta property=\"article:modified_time\" content=\"2026-02-01T23:01:46+00:00\" \/>\n<meta property=\"og:image\" content=\"https:\/\/www.demusculos.com\/web\/wp-content\/uploads\/2024\/03\/nitric-whey-gentech-01.jpg\" \/>\n\t<meta property=\"og:image:width\" content=\"1200\" \/>\n\t<meta property=\"og:image:height\" content=\"1200\" \/>\n\t<meta property=\"og:image:type\" content=\"image\/jpeg\" \/>\n<meta name=\"twitter:card\" content=\"summary_large_image\" \/>\n<meta name=\"twitter:site\" content=\"@demusculos\" \/>\n<meta name=\"twitter:label1\" content=\"Tiempo de lectura\" \/>\n\t<meta name=\"twitter:data1\" content=\"2 minutos\" \/>\n<script type=\"application\/ld+json\" class=\"yoast-schema-graph\">{\"@context\":\"https:\\\/\\\/schema.org\",\"@graph\":[{\"@type\":\"WebPage\",\"@id\":\"https:\\\/\\\/www.demusculos.com\\\/web\\\/producto\\\/nitric-whey-500grs-gentech-proteina-y-oxido-nitrico\\\/\",\"url\":\"https:\\\/\\\/www.demusculos.com\\\/web\\\/producto\\\/nitric-whey-500grs-gentech-proteina-y-oxido-nitrico\\\/\",\"name\":\"Nitric Whey 500grs Gentech | Prote\u00edna | \u00d3xido N\u00edtrico | DeMusculos\",\"isPartOf\":{\"@id\":\"https:\\\/\\\/www.demusculos.com\\\/web\\\/#website\"},\"primaryImageOfPage\":{\"@id\":\"https:\\\/\\\/www.demusculos.com\\\/web\\\/producto\\\/nitric-whey-500grs-gentech-proteina-y-oxido-nitrico\\\/#primaryimage\"},\"image\":{\"@id\":\"https:\\\/\\\/www.demusculos.com\\\/web\\\/producto\\\/nitric-whey-500grs-gentech-proteina-y-oxido-nitrico\\\/#primaryimage\"},\"thumbnailUrl\":\"https:\\\/\\\/www.demusculos.com\\\/web\\\/wp-content\\\/uploads\\\/2024\\\/03\\\/nitric-whey-gentech-01.jpg\",\"datePublished\":\"2024-03-17T19:56:15+00:00\",\"dateModified\":\"2026-02-01T23:01:46+00:00\",\"description\":\"Nitric Whey 500grs Gentech es una super prote\u00edna potenciada con arginina, precursor de \u00f3xido n\u00edtrico y vasodilatador. M\u00e1s recuperaci\u00f3n y masa muscular.\",\"breadcrumb\":{\"@id\":\"https:\\\/\\\/www.demusculos.com\\\/web\\\/producto\\\/nitric-whey-500grs-gentech-proteina-y-oxido-nitrico\\\/#breadcrumb\"},\"inLanguage\":\"es\",\"potentialAction\":[{\"@type\":\"ReadAction\",\"target\":[\"https:\\\/\\\/www.demusculos.com\\\/web\\\/producto\\\/nitric-whey-500grs-gentech-proteina-y-oxido-nitrico\\\/\"]}]},{\"@type\":\"ImageObject\",\"inLanguage\":\"es\",\"@id\":\"https:\\\/\\\/www.demusculos.com\\\/web\\\/producto\\\/nitric-whey-500grs-gentech-proteina-y-oxido-nitrico\\\/#primaryimage\",\"url\":\"https:\\\/\\\/www.demusculos.com\\\/web\\\/wp-content\\\/uploads\\\/2024\\\/03\\\/nitric-whey-gentech-01.jpg\",\"contentUrl\":\"https:\\\/\\\/www.demusculos.com\\\/web\\\/wp-content\\\/uploads\\\/2024\\\/03\\\/nitric-whey-gentech-01.jpg\",\"width\":1200,\"height\":1200,\"caption\":\"Nitric Whey 500grs Gentech\"},{\"@type\":\"BreadcrumbList\",\"@id\":\"https:\\\/\\\/www.demusculos.com\\\/web\\\/producto\\\/nitric-whey-500grs-gentech-proteina-y-oxido-nitrico\\\/#breadcrumb\",\"itemListElement\":[{\"@type\":\"ListItem\",\"position\":1,\"name\":\"Inicio\",\"item\":\"https:\\\/\\\/www.demusculos.com\\\/web\\\/\"},{\"@type\":\"ListItem\",\"position\":2,\"name\":\"Suplementos\",\"item\":\"https:\\\/\\\/www.demusculos.com\\\/web\\\/tienda\\\/\"},{\"@type\":\"ListItem\",\"position\":3,\"name\":\"Nitric Whey 500grs Gentech Prote\u00edna y \u00d3xido N\u00edtrico\"}]},{\"@type\":\"WebSite\",\"@id\":\"https:\\\/\\\/www.demusculos.com\\\/web\\\/#website\",\"url\":\"https:\\\/\\\/www.demusculos.com\\\/web\\\/\",\"name\":\"DeMusculos.com\",\"description\":\"Suplementos Naturales\",\"publisher\":{\"@id\":\"https:\\\/\\\/www.demusculos.com\\\/web\\\/#organization\"},\"alternateName\":\"Suplementos Naturales\",\"potentialAction\":[{\"@type\":\"SearchAction\",\"target\":{\"@type\":\"EntryPoint\",\"urlTemplate\":\"https:\\\/\\\/www.demusculos.com\\\/web\\\/?s={search_term_string}\"},\"query-input\":{\"@type\":\"PropertyValueSpecification\",\"valueRequired\":true,\"valueName\":\"search_term_string\"}}],\"inLanguage\":\"es\"},{\"@type\":\"Organization\",\"@id\":\"https:\\\/\\\/www.demusculos.com\\\/web\\\/#organization\",\"name\":\"DeMusculos.com\",\"alternateName\":\"DeMusculos\",\"url\":\"https:\\\/\\\/www.demusculos.com\\\/web\\\/\",\"logo\":{\"@type\":\"ImageObject\",\"inLanguage\":\"es\",\"@id\":\"https:\\\/\\\/www.demusculos.com\\\/web\\\/#\\\/schema\\\/logo\\\/image\\\/\",\"url\":\"https:\\\/\\\/www.demusculos.com\\\/web\\\/wp-content\\\/uploads\\\/2024\\\/02\\\/logo-demusculos-prestashop-usuario.png\",\"contentUrl\":\"https:\\\/\\\/www.demusculos.com\\\/web\\\/wp-content\\\/uploads\\\/2024\\\/02\\\/logo-demusculos-prestashop-usuario.png\",\"width\":150,\"height\":150,\"caption\":\"DeMusculos.com\"},\"image\":{\"@id\":\"https:\\\/\\\/www.demusculos.com\\\/web\\\/#\\\/schema\\\/logo\\\/image\\\/\"},\"sameAs\":[\"https:\\\/\\\/www.facebook.com\\\/demusculos\",\"https:\\\/\\\/x.com\\\/demusculos\",\"https:\\\/\\\/www.instagram.com\\\/demusculos\",\"https:\\\/\\\/www.tiktok.com\\\/@demusculos.com\"]}]}<\/script>\n<!-- \/ Yoast SEO plugin. -->","yoast_head_json":{"title":"Nitric Whey 500grs Gentech | Prote\u00edna | \u00d3xido N\u00edtrico | DeMusculos","description":"Nitric Whey 500grs Gentech es una super prote\u00edna potenciada con arginina, precursor de \u00f3xido n\u00edtrico y vasodilatador. M\u00e1s recuperaci\u00f3n y masa muscular.","robots":{"index":"index","follow":"follow","max-snippet":"max-snippet:-1","max-image-preview":"max-image-preview:large","max-video-preview":"max-video-preview:-1"},"canonical":"https:\/\/www.demusculos.com\/web\/producto\/nitric-whey-500grs-gentech-proteina-y-oxido-nitrico\/","og_locale":"es_ES","og_type":"article","og_title":"Nitric Whey 500grs Gentech | Prote\u00edna | \u00d3xido N\u00edtrico | DeMusculos","og_description":"Nitric Whey 500grs Gentech es una super prote\u00edna potenciada con arginina, precursor de \u00f3xido n\u00edtrico y vasodilatador. M\u00e1s recuperaci\u00f3n y masa muscular.","og_url":"https:\/\/www.demusculos.com\/web\/producto\/nitric-whey-500grs-gentech-proteina-y-oxido-nitrico\/","og_site_name":"DeMusculos","article_publisher":"https:\/\/www.facebook.com\/demusculos","article_modified_time":"2026-02-01T23:01:46+00:00","og_image":[{"width":1200,"height":1200,"url":"https:\/\/www.demusculos.com\/web\/wp-content\/uploads\/2024\/03\/nitric-whey-gentech-01.jpg","type":"image\/jpeg"}],"twitter_card":"summary_large_image","twitter_site":"@demusculos","twitter_misc":{"Tiempo de lectura":"2 minutos"},"schema":{"@context":"https:\/\/schema.org","@graph":[{"@type":"WebPage","@id":"https:\/\/www.demusculos.com\/web\/producto\/nitric-whey-500grs-gentech-proteina-y-oxido-nitrico\/","url":"https:\/\/www.demusculos.com\/web\/producto\/nitric-whey-500grs-gentech-proteina-y-oxido-nitrico\/","name":"Nitric Whey 500grs Gentech | Prote\u00edna | \u00d3xido N\u00edtrico | DeMusculos","isPartOf":{"@id":"https:\/\/www.demusculos.com\/web\/#website"},"primaryImageOfPage":{"@id":"https:\/\/www.demusculos.com\/web\/producto\/nitric-whey-500grs-gentech-proteina-y-oxido-nitrico\/#primaryimage"},"image":{"@id":"https:\/\/www.demusculos.com\/web\/producto\/nitric-whey-500grs-gentech-proteina-y-oxido-nitrico\/#primaryimage"},"thumbnailUrl":"https:\/\/www.demusculos.com\/web\/wp-content\/uploads\/2024\/03\/nitric-whey-gentech-01.jpg","datePublished":"2024-03-17T19:56:15+00:00","dateModified":"2026-02-01T23:01:46+00:00","description":"Nitric Whey 500grs Gentech es una super prote\u00edna potenciada con arginina, precursor de \u00f3xido n\u00edtrico y vasodilatador. M\u00e1s recuperaci\u00f3n y masa muscular.","breadcrumb":{"@id":"https:\/\/www.demusculos.com\/web\/producto\/nitric-whey-500grs-gentech-proteina-y-oxido-nitrico\/#breadcrumb"},"inLanguage":"es","potentialAction":[{"@type":"ReadAction","target":["https:\/\/www.demusculos.com\/web\/producto\/nitric-whey-500grs-gentech-proteina-y-oxido-nitrico\/"]}]},{"@type":"ImageObject","inLanguage":"es","@id":"https:\/\/www.demusculos.com\/web\/producto\/nitric-whey-500grs-gentech-proteina-y-oxido-nitrico\/#primaryimage","url":"https:\/\/www.demusculos.com\/web\/wp-content\/uploads\/2024\/03\/nitric-whey-gentech-01.jpg","contentUrl":"https:\/\/www.demusculos.com\/web\/wp-content\/uploads\/2024\/03\/nitric-whey-gentech-01.jpg","width":1200,"height":1200,"caption":"Nitric Whey 500grs Gentech"},{"@type":"BreadcrumbList","@id":"https:\/\/www.demusculos.com\/web\/producto\/nitric-whey-500grs-gentech-proteina-y-oxido-nitrico\/#breadcrumb","itemListElement":[{"@type":"ListItem","position":1,"name":"Inicio","item":"https:\/\/www.demusculos.com\/web\/"},{"@type":"ListItem","position":2,"name":"Suplementos","item":"https:\/\/www.demusculos.com\/web\/tienda\/"},{"@type":"ListItem","position":3,"name":"Nitric Whey 500grs Gentech Prote\u00edna y \u00d3xido N\u00edtrico"}]},{"@type":"WebSite","@id":"https:\/\/www.demusculos.com\/web\/#website","url":"https:\/\/www.demusculos.com\/web\/","name":"DeMusculos.com","description":"Suplementos Naturales","publisher":{"@id":"https:\/\/www.demusculos.com\/web\/#organization"},"alternateName":"Suplementos Naturales","potentialAction":[{"@type":"SearchAction","target":{"@type":"EntryPoint","urlTemplate":"https:\/\/www.demusculos.com\/web\/?s={search_term_string}"},"query-input":{"@type":"PropertyValueSpecification","valueRequired":true,"valueName":"search_term_string"}}],"inLanguage":"es"},{"@type":"Organization","@id":"https:\/\/www.demusculos.com\/web\/#organization","name":"DeMusculos.com","alternateName":"DeMusculos","url":"https:\/\/www.demusculos.com\/web\/","logo":{"@type":"ImageObject","inLanguage":"es","@id":"https:\/\/www.demusculos.com\/web\/#\/schema\/logo\/image\/","url":"https:\/\/www.demusculos.com\/web\/wp-content\/uploads\/2024\/02\/logo-demusculos-prestashop-usuario.png","contentUrl":"https:\/\/www.demusculos.com\/web\/wp-content\/uploads\/2024\/02\/logo-demusculos-prestashop-usuario.png","width":150,"height":150,"caption":"DeMusculos.com"},"image":{"@id":"https:\/\/www.demusculos.com\/web\/#\/schema\/logo\/image\/"},"sameAs":["https:\/\/www.facebook.com\/demusculos","https:\/\/x.com\/demusculos","https:\/\/www.instagram.com\/demusculos","https:\/\/www.tiktok.com\/@demusculos.com"]}]}},"_links":{"self":[{"href":"https:\/\/www.demusculos.com\/web\/wp-json\/wp\/v2\/product\/3355","targetHints":{"allow":["GET"]}}],"collection":[{"href":"https:\/\/www.demusculos.com\/web\/wp-json\/wp\/v2\/product"}],"about":[{"href":"https:\/\/www.demusculos.com\/web\/wp-json\/wp\/v2\/types\/product"}],"replies":[{"embeddable":true,"href":"https:\/\/www.demusculos.com\/web\/wp-json\/wp\/v2\/comments?post=3355"}],"wp:featuredmedia":[{"embeddable":true,"href":"https:\/\/www.demusculos.com\/web\/wp-json\/wp\/v2\/media\/3356"}],"wp:attachment":[{"href":"https:\/\/www.demusculos.com\/web\/wp-json\/wp\/v2\/media?parent=3355"}],"wp:term":[{"taxonomy":"product_brand","embeddable":true,"href":"https:\/\/www.demusculos.com\/web\/wp-json\/wp\/v2\/product_brand?post=3355"},{"taxonomy":"product_cat","embeddable":true,"href":"https:\/\/www.demusculos.com\/web\/wp-json\/wp\/v2\/product_cat?post=3355"},{"taxonomy":"product_tag","embeddable":true,"href":"https:\/\/www.demusculos.com\/web\/wp-json\/wp\/v2\/product_tag?post=3355"}],"curies":[{"name":"wp","href":"https:\/\/api.w.org\/{rel}","templated":true}]}}