{"id":34,"date":"2024-02-19T04:06:54","date_gmt":"2024-02-19T07:06:54","guid":{"rendered":"https:\/\/www.demusculos.com\/web\/?post_type=product&#038;p=34"},"modified":"2026-03-04T14:08:34","modified_gmt":"2026-03-04T17:08:34","slug":"thermo-genix-de-120-capsulas-hoch-sport","status":"publish","type":"product","link":"https:\/\/www.demusculos.com\/web\/producto\/thermo-genix-de-120-capsulas-hoch-sport\/","title":{"rendered":"Thermo Genix Destroyer S2 Hoch Sport x120 c\u00e1psulas"},"content":{"rendered":"<h2><strong>Thermo Genix: Tu Aliado para Quemar Grasa<\/strong><\/h2>\n<p><strong>\u00bfQu\u00e9 es Thermo Genix?\u00a0<\/strong><\/p>\n<p>Thermo Genix es m\u00e1s que un simple suplemento. Es tu compa\u00f1ero en la b\u00fasqueda de un cuerpo m\u00e1s saludable y en\u00e9rgico. Dise\u00f1ado para hombres y mujeres, Thermo Genix es un\u00a0<strong>quemador de grasas<\/strong>\u00a0que te ayudar\u00e1 a alcanzar tus objetivos de p\u00e9rdida de peso de manera efectiva.<\/p>\n<p><strong>\u00bfPara quien es Thermo Genix de Hoch Sport?<\/strong><\/p>\n<p>Es para hombres y mujeres que quieren bajar de peso en forma r\u00e1pida, sin efecto rebote, quieren m\u00e1s energ\u00eda y sentirse mejor.<\/p>\n<p><strong>\u00bfC\u00faantas c\u00e1psulas tiene Thermo Genix de Hoch Sport?<\/strong><\/p>\n<p>Tiene un total de 120 c\u00e1psulas que pueden ser tomadas de la siguiente forma: 2 c\u00e1psulas por la ma\u00f1ana y 2 c\u00e1psulas por la tarde.<\/p>\n<p><img fetchpriority=\"high\" decoding=\"async\" class=\"size-full wp-image-18825 aligncenter\" src=\"https:\/\/www.demusculos.com\/web\/wp-content\/uploads\/2024\/02\/thermo-genix-hoch-5.webp\" alt=\"Quemador de Grasas Thermo Genix de Hoch Sport x 120 c\u00e1psulas\" width=\"1200\" height=\"1200\" srcset=\"https:\/\/www.demusculos.com\/web\/wp-content\/uploads\/2024\/02\/thermo-genix-hoch-5.webp 1200w, https:\/\/www.demusculos.com\/web\/wp-content\/uploads\/2024\/02\/thermo-genix-hoch-5-300x300.webp 300w, https:\/\/www.demusculos.com\/web\/wp-content\/uploads\/2024\/02\/thermo-genix-hoch-5-1024x1024.webp 1024w, https:\/\/www.demusculos.com\/web\/wp-content\/uploads\/2024\/02\/thermo-genix-hoch-5-150x150.webp 150w, https:\/\/www.demusculos.com\/web\/wp-content\/uploads\/2024\/02\/thermo-genix-hoch-5-768x768.webp 768w, https:\/\/www.demusculos.com\/web\/wp-content\/uploads\/2024\/02\/thermo-genix-hoch-5-990x990.webp 990w, https:\/\/www.demusculos.com\/web\/wp-content\/uploads\/2024\/02\/thermo-genix-hoch-5-441x441.webp 441w, https:\/\/www.demusculos.com\/web\/wp-content\/uploads\/2024\/02\/thermo-genix-hoch-5-100x100.webp 100w, https:\/\/www.demusculos.com\/web\/wp-content\/uploads\/2024\/02\/thermo-genix-hoch-5-800x800.webp 800w\" sizes=\"(max-width: 1200px) 100vw, 1200px\" \/><\/p>\n<figure id=\"attachment_299\" aria-describedby=\"caption-attachment-299\" style=\"width: 300px\" class=\"wp-caption alignnone\"><img decoding=\"async\" class=\"wp-image-299 size-medium\" title=\"El quemador de grasas Thermo Genix x120 c\u00e1psulas es fabricado por Hoch Sport.\" src=\"https:\/\/www.demusculos.com\/web\/wp-content\/uploads\/2024\/02\/logo-hoch-sport-300x69.png\" alt=\"Thermo Genix de Hoch Sport es fabricado en Argentina con las mejores materias primas del mercado.\" width=\"300\" height=\"69\" srcset=\"https:\/\/www.demusculos.com\/web\/wp-content\/uploads\/2024\/02\/logo-hoch-sport-300x69.png 300w, https:\/\/www.demusculos.com\/web\/wp-content\/uploads\/2024\/02\/logo-hoch-sport-150x35.png 150w, https:\/\/www.demusculos.com\/web\/wp-content\/uploads\/2024\/02\/logo-hoch-sport-416x96.png 416w, https:\/\/www.demusculos.com\/web\/wp-content\/uploads\/2024\/02\/logo-hoch-sport.png 446w\" sizes=\"(max-width: 300px) 100vw, 300px\" \/><figcaption id=\"caption-attachment-299\" class=\"wp-caption-text\">Quemador de grasas natural y 100% aprobado para su libre venta en Argentina.<\/figcaption><\/figure>\n<figure id=\"attachment_297\" aria-describedby=\"caption-attachment-297\" style=\"width: 300px\" class=\"wp-caption alignnone\"><img decoding=\"async\" class=\"size-full wp-image-297\" src=\"https:\/\/www.demusculos.com\/web\/wp-content\/uploads\/2024\/02\/quemador-definicion-descenso-bajar.png\" alt=\"\" width=\"300\" height=\"300\" srcset=\"https:\/\/www.demusculos.com\/web\/wp-content\/uploads\/2024\/02\/quemador-definicion-descenso-bajar.png 300w, https:\/\/www.demusculos.com\/web\/wp-content\/uploads\/2024\/02\/quemador-definicion-descenso-bajar-150x150.png 150w\" sizes=\"(max-width: 300px) 100vw, 300px\" \/><figcaption id=\"caption-attachment-297\" class=\"wp-caption-text\">Al bajar la grasa corporal tambi\u00e9n tonificamos y nos definimos. Muchos lo conocen el proceso de definici\u00f3n como \u00abmarcar\u00bb. Menos grasas es igual a menos cintura y grasas blandas en papada, gl\u00fateos y panza.<\/figcaption><\/figure>\n<h2><strong>Ingredientes Clave y Beneficios de Thermo Genix<\/strong><\/h2>\n<ol>\n<li><strong>Vitamina C<\/strong>: Este antioxidante esencial no solo fortalece tu sistema inmunol\u00f3gico, sino que tambi\u00e9n contribuye a la\u00a0<strong>quema de grasa<\/strong>\u00a0al mejorar la funci\u00f3n metab\u00f3lica.<\/li>\n<li><strong>Vitamina B6<\/strong>: La vitamina B6 es crucial para el metabolismo de las prote\u00ednas y los carbohidratos. Adem\u00e1s, ayuda a mantener niveles de energ\u00eda \u00f3ptimos durante tu jornada diaria.<\/li>\n<li><strong>Vitamina B12<\/strong>: Esta vitamina es conocida por su papel en la producci\u00f3n de energ\u00eda y la salud del sistema nervioso. Una dosis adecuada de B12 puede ayudarte a mantener una sensaci\u00f3n de vitalidad.<\/li>\n<li><strong>CROMO<\/strong>: El cromo es un mineral que regula los niveles de az\u00facar en sangre y reduce los antojos de alimentos dulces. Al mantener estables los niveles de glucosa, contribuye a la p\u00e9rdida de peso.<\/li>\n<li><strong>Extracto de T\u00e9 Verde (500 mg)<\/strong>: El t\u00e9 verde es un poderoso antioxidante que acelera el metabolismo y aumenta la quema de calor\u00edas. Adem\u00e1s, puede ayudar a reducir la grasa abdominal.<\/li>\n<li><strong>Cafe\u00edna (200 mg)<\/strong>: La cafe\u00edna no solo te da un impulso de energ\u00eda, sino que tambi\u00e9n estimula la termog\u00e9nesis, lo que significa que tu cuerpo quema m\u00e1s calor\u00edas incluso en reposo.<\/li>\n<\/ol>\n<figure id=\"attachment_298\" aria-describedby=\"caption-attachment-298\" style=\"width: 300px\" class=\"wp-caption alignnone\"><img loading=\"lazy\" decoding=\"async\" class=\"size-full wp-image-298\" src=\"https:\/\/www.demusculos.com\/web\/wp-content\/uploads\/2024\/02\/para-ambos-sexos.png\" alt=\"\" width=\"300\" height=\"300\" srcset=\"https:\/\/www.demusculos.com\/web\/wp-content\/uploads\/2024\/02\/para-ambos-sexos.png 300w, https:\/\/www.demusculos.com\/web\/wp-content\/uploads\/2024\/02\/para-ambos-sexos-150x150.png 150w\" sizes=\"(max-width: 300px) 100vw, 300px\" \/><figcaption id=\"caption-attachment-298\" class=\"wp-caption-text\">Este producto puede ser consumido por hombres y mujeres.<\/figcaption><\/figure>\n<p><img loading=\"lazy\" decoding=\"async\" class=\"size-full wp-image-18822 aligncenter\" src=\"https:\/\/www.demusculos.com\/web\/wp-content\/uploads\/2024\/02\/thermo-genix-hoch-2.webp\" alt=\"Quemador de Grasas Thermo Genix de Hoch Sport x 120 c\u00e1psulas\" width=\"1200\" height=\"1200\" srcset=\"https:\/\/www.demusculos.com\/web\/wp-content\/uploads\/2024\/02\/thermo-genix-hoch-2.webp 1200w, https:\/\/www.demusculos.com\/web\/wp-content\/uploads\/2024\/02\/thermo-genix-hoch-2-300x300.webp 300w, https:\/\/www.demusculos.com\/web\/wp-content\/uploads\/2024\/02\/thermo-genix-hoch-2-1024x1024.webp 1024w, https:\/\/www.demusculos.com\/web\/wp-content\/uploads\/2024\/02\/thermo-genix-hoch-2-150x150.webp 150w, https:\/\/www.demusculos.com\/web\/wp-content\/uploads\/2024\/02\/thermo-genix-hoch-2-768x768.webp 768w, https:\/\/www.demusculos.com\/web\/wp-content\/uploads\/2024\/02\/thermo-genix-hoch-2-990x990.webp 990w, https:\/\/www.demusculos.com\/web\/wp-content\/uploads\/2024\/02\/thermo-genix-hoch-2-441x441.webp 441w, https:\/\/www.demusculos.com\/web\/wp-content\/uploads\/2024\/02\/thermo-genix-hoch-2-100x100.webp 100w, https:\/\/www.demusculos.com\/web\/wp-content\/uploads\/2024\/02\/thermo-genix-hoch-2-800x800.webp 800w\" sizes=\"(max-width: 1200px) 100vw, 1200px\" \/><\/p>\n<h2><strong>\u00bfPor qu\u00e9 elegir Thermo Genix?<\/strong><\/h2>\n<ul>\n<li><strong>Resultados Comprobados<\/strong>: Nuestra f\u00f3rmula est\u00e1 respaldada por la ciencia y ha demostrado su eficacia en la p\u00e9rdida de peso.<\/li>\n<li><strong>Energ\u00eda Duradera<\/strong>: Thermo Genix no solo quema grasa, sino que tambi\u00e9n te proporciona la energ\u00eda necesaria para enfrentar tus actividades diarias.<\/li>\n<li><strong>Sin Efectos Secundarios<\/strong>: Con ingredientes naturales y cuidadosamente seleccionados, puedes confiar en Thermo Genix sin preocuparte por efectos adversos.<\/li>\n<\/ul>\n<h2><strong>\u00bfC\u00f3mo usar Thermo Genix?<\/strong><\/h2>\n<p>Toma\u00a0<strong>2 c\u00e1psulas al d\u00eda<\/strong>\u00a0con agua antes de tus comidas principales. Comb\u00ednalo con una alimentaci\u00f3n balanceada y ejercicio regular para obtener los mejores resultados.<\/p>\n<h2><strong>\u00a1Act\u00faa Ahora!<\/strong><\/h2>\n<p>No esperes m\u00e1s para transformar tu cuerpo.\u00a0<strong>Thermo Genix<\/strong>\u00a0es tu aliado en la lucha contra la grasa. \u00a1Compra ahora y comienza tu viaje hacia un t\u00fa m\u00e1s saludable y en forma!<\/p>\n<p>Este quemador contiene:<br \/>\nPimienta Negra: <a href=\"https:\/\/www.demusculos.com\/contenidos\/pimienta-negra-beneficios\/\">Ver beneficios<\/a><\/p>\n","protected":false},"excerpt":{"rendered":"<p><strong>Thermo Genix<\/strong>\u00a0de\u00a0<strong>Hoch Sport<\/strong>\u00a0es un suplemento natural de\u00a0<strong>120 c\u00e1psulas<\/strong>\u00a0dise\u00f1ado para hombres y mujeres que buscan\u00a0<strong>quemar grasa<\/strong>\u00a0de manera efectiva. Su f\u00f3rmula contiene\u00a0<strong>vitaminas C, B6 y B12<\/strong>, as\u00ed como\u00a0<strong>cromo, extracto de t\u00e9 verde y cafe\u00edna<\/strong>. Aprovecha sus beneficios para alcanzar tus objetivos de p\u00e9rdida de peso. \u00a1Compra ahora y comienza tu transformaci\u00f3n hacia un cuerpo m\u00e1s saludable!<\/p>\n","protected":false},"featured_media":18829,"comment_status":"closed","ping_status":"closed","template":"","meta":[],"product_brand":[237],"product_cat":[19],"product_tag":[455,20,89,454],"class_list":{"0":"post-34","1":"product","2":"type-product","3":"status-publish","4":"has-post-thumbnail","6":"product_brand-hoch-sport","7":"product_cat-quemadores","8":"product_tag-genix","9":"product_tag-hoch-sport","10":"product_tag-quemador","11":"product_tag-thermo","13":"first","14":"instock","15":"sale","16":"shipping-taxable","17":"purchasable","18":"product-type-simple"},"yoast_head":"<!-- This site is optimized with the Yoast SEO plugin v27.4 - https:\/\/yoast.com\/product\/yoast-seo-wordpress\/ -->\n<title>Thermo Genix | Quemador de Grasas | Hoch Sport | x120 c\u00e1psulas<\/title>\n<meta name=\"description\" content=\"Thermo Genix es un poderoso Fat Burner para hombres y mujeres. Su principal funcion es quemar grasas en hombres y mujeres, elevar la energ\u00eda y m\u00e1s.\" \/>\n<meta name=\"robots\" content=\"index, follow, max-snippet:-1, max-image-preview:large, max-video-preview:-1\" \/>\n<link rel=\"canonical\" href=\"https:\/\/www.demusculos.com\/web\/producto\/thermo-genix-de-120-capsulas-hoch-sport\/\" \/>\n<meta property=\"og:locale\" content=\"es_ES\" \/>\n<meta property=\"og:type\" content=\"article\" \/>\n<meta property=\"og:title\" content=\"Thermo Genix | Quemador de Grasas | Hoch Sport | x120 c\u00e1psulas\" \/>\n<meta property=\"og:description\" content=\"Thermo Genix es un poderoso Fat Burner para hombres y mujeres. Su principal funcion es quemar grasas en hombres y mujeres, elevar la energ\u00eda y m\u00e1s.\" \/>\n<meta property=\"og:url\" content=\"https:\/\/www.demusculos.com\/web\/producto\/thermo-genix-de-120-capsulas-hoch-sport\/\" \/>\n<meta property=\"og:site_name\" content=\"DeMusculos\" \/>\n<meta property=\"article:publisher\" content=\"https:\/\/www.facebook.com\/demusculos\" \/>\n<meta property=\"article:modified_time\" content=\"2026-03-04T17:08:34+00:00\" \/>\n<meta property=\"og:image\" content=\"https:\/\/www.demusculos.com\/web\/wp-content\/uploads\/2024\/02\/thermo-genix-s-2-destroyer-120-fat-burner-hoch-sport-1.webp\" \/>\n\t<meta property=\"og:image:width\" content=\"1200\" \/>\n\t<meta property=\"og:image:height\" content=\"1200\" \/>\n\t<meta property=\"og:image:type\" content=\"image\/webp\" \/>\n<meta name=\"twitter:card\" content=\"summary_large_image\" \/>\n<meta name=\"twitter:site\" content=\"@demusculos\" \/>\n<meta name=\"twitter:label1\" content=\"Tiempo de lectura\" \/>\n\t<meta name=\"twitter:data1\" content=\"4 minutos\" \/>\n<script type=\"application\/ld+json\" class=\"yoast-schema-graph\">{\"@context\":\"https:\\\/\\\/schema.org\",\"@graph\":[{\"@type\":\"WebPage\",\"@id\":\"https:\\\/\\\/www.demusculos.com\\\/web\\\/producto\\\/thermo-genix-de-120-capsulas-hoch-sport\\\/\",\"url\":\"https:\\\/\\\/www.demusculos.com\\\/web\\\/producto\\\/thermo-genix-de-120-capsulas-hoch-sport\\\/\",\"name\":\"Thermo Genix | Quemador de Grasas | Hoch Sport | x120 c\u00e1psulas\",\"isPartOf\":{\"@id\":\"https:\\\/\\\/www.demusculos.com\\\/web\\\/#website\"},\"primaryImageOfPage\":{\"@id\":\"https:\\\/\\\/www.demusculos.com\\\/web\\\/producto\\\/thermo-genix-de-120-capsulas-hoch-sport\\\/#primaryimage\"},\"image\":{\"@id\":\"https:\\\/\\\/www.demusculos.com\\\/web\\\/producto\\\/thermo-genix-de-120-capsulas-hoch-sport\\\/#primaryimage\"},\"thumbnailUrl\":\"https:\\\/\\\/www.demusculos.com\\\/web\\\/wp-content\\\/uploads\\\/2024\\\/02\\\/thermo-genix-s-2-destroyer-120-fat-burner-hoch-sport-1.webp\",\"datePublished\":\"2024-02-19T07:06:54+00:00\",\"dateModified\":\"2026-03-04T17:08:34+00:00\",\"description\":\"Thermo Genix es un poderoso Fat Burner para hombres y mujeres. Su principal funcion es quemar grasas en hombres y mujeres, elevar la energ\u00eda y m\u00e1s.\",\"breadcrumb\":{\"@id\":\"https:\\\/\\\/www.demusculos.com\\\/web\\\/producto\\\/thermo-genix-de-120-capsulas-hoch-sport\\\/#breadcrumb\"},\"inLanguage\":\"es\",\"potentialAction\":[{\"@type\":\"ReadAction\",\"target\":[\"https:\\\/\\\/www.demusculos.com\\\/web\\\/producto\\\/thermo-genix-de-120-capsulas-hoch-sport\\\/\"]}]},{\"@type\":\"ImageObject\",\"inLanguage\":\"es\",\"@id\":\"https:\\\/\\\/www.demusculos.com\\\/web\\\/producto\\\/thermo-genix-de-120-capsulas-hoch-sport\\\/#primaryimage\",\"url\":\"https:\\\/\\\/www.demusculos.com\\\/web\\\/wp-content\\\/uploads\\\/2024\\\/02\\\/thermo-genix-s-2-destroyer-120-fat-burner-hoch-sport-1.webp\",\"contentUrl\":\"https:\\\/\\\/www.demusculos.com\\\/web\\\/wp-content\\\/uploads\\\/2024\\\/02\\\/thermo-genix-s-2-destroyer-120-fat-burner-hoch-sport-1.webp\",\"width\":1200,\"height\":1200,\"caption\":\"Quemador de Grasas Thermo Genix de Hoch Sport x 120 c\u00e1psulas\"},{\"@type\":\"BreadcrumbList\",\"@id\":\"https:\\\/\\\/www.demusculos.com\\\/web\\\/producto\\\/thermo-genix-de-120-capsulas-hoch-sport\\\/#breadcrumb\",\"itemListElement\":[{\"@type\":\"ListItem\",\"position\":1,\"name\":\"Inicio\",\"item\":\"https:\\\/\\\/www.demusculos.com\\\/web\\\/\"},{\"@type\":\"ListItem\",\"position\":2,\"name\":\"Suplementos\",\"item\":\"https:\\\/\\\/www.demusculos.com\\\/web\\\/tienda\\\/\"},{\"@type\":\"ListItem\",\"position\":3,\"name\":\"Thermo Genix Destroyer S2 Hoch Sport x120 c\u00e1psulas\"}]},{\"@type\":\"WebSite\",\"@id\":\"https:\\\/\\\/www.demusculos.com\\\/web\\\/#website\",\"url\":\"https:\\\/\\\/www.demusculos.com\\\/web\\\/\",\"name\":\"DeMusculos.com\",\"description\":\"Suplementos Naturales\",\"publisher\":{\"@id\":\"https:\\\/\\\/www.demusculos.com\\\/web\\\/#organization\"},\"alternateName\":\"Suplementos Naturales\",\"potentialAction\":[{\"@type\":\"SearchAction\",\"target\":{\"@type\":\"EntryPoint\",\"urlTemplate\":\"https:\\\/\\\/www.demusculos.com\\\/web\\\/?s={search_term_string}\"},\"query-input\":{\"@type\":\"PropertyValueSpecification\",\"valueRequired\":true,\"valueName\":\"search_term_string\"}}],\"inLanguage\":\"es\"},{\"@type\":\"Organization\",\"@id\":\"https:\\\/\\\/www.demusculos.com\\\/web\\\/#organization\",\"name\":\"DeMusculos.com\",\"alternateName\":\"DeMusculos\",\"url\":\"https:\\\/\\\/www.demusculos.com\\\/web\\\/\",\"logo\":{\"@type\":\"ImageObject\",\"inLanguage\":\"es\",\"@id\":\"https:\\\/\\\/www.demusculos.com\\\/web\\\/#\\\/schema\\\/logo\\\/image\\\/\",\"url\":\"https:\\\/\\\/www.demusculos.com\\\/web\\\/wp-content\\\/uploads\\\/2024\\\/02\\\/logo-demusculos-prestashop-usuario.png\",\"contentUrl\":\"https:\\\/\\\/www.demusculos.com\\\/web\\\/wp-content\\\/uploads\\\/2024\\\/02\\\/logo-demusculos-prestashop-usuario.png\",\"width\":150,\"height\":150,\"caption\":\"DeMusculos.com\"},\"image\":{\"@id\":\"https:\\\/\\\/www.demusculos.com\\\/web\\\/#\\\/schema\\\/logo\\\/image\\\/\"},\"sameAs\":[\"https:\\\/\\\/www.facebook.com\\\/demusculos\",\"https:\\\/\\\/x.com\\\/demusculos\",\"https:\\\/\\\/www.instagram.com\\\/demusculos\",\"https:\\\/\\\/www.tiktok.com\\\/@demusculos.com\"]}]}<\/script>\n<!-- \/ Yoast SEO plugin. -->","yoast_head_json":{"title":"Thermo Genix | Quemador de Grasas | Hoch Sport | x120 c\u00e1psulas","description":"Thermo Genix es un poderoso Fat Burner para hombres y mujeres. Su principal funcion es quemar grasas en hombres y mujeres, elevar la energ\u00eda y m\u00e1s.","robots":{"index":"index","follow":"follow","max-snippet":"max-snippet:-1","max-image-preview":"max-image-preview:large","max-video-preview":"max-video-preview:-1"},"canonical":"https:\/\/www.demusculos.com\/web\/producto\/thermo-genix-de-120-capsulas-hoch-sport\/","og_locale":"es_ES","og_type":"article","og_title":"Thermo Genix | Quemador de Grasas | Hoch Sport | x120 c\u00e1psulas","og_description":"Thermo Genix es un poderoso Fat Burner para hombres y mujeres. Su principal funcion es quemar grasas en hombres y mujeres, elevar la energ\u00eda y m\u00e1s.","og_url":"https:\/\/www.demusculos.com\/web\/producto\/thermo-genix-de-120-capsulas-hoch-sport\/","og_site_name":"DeMusculos","article_publisher":"https:\/\/www.facebook.com\/demusculos","article_modified_time":"2026-03-04T17:08:34+00:00","og_image":[{"width":1200,"height":1200,"url":"https:\/\/www.demusculos.com\/web\/wp-content\/uploads\/2024\/02\/thermo-genix-s-2-destroyer-120-fat-burner-hoch-sport-1.webp","type":"image\/webp"}],"twitter_card":"summary_large_image","twitter_site":"@demusculos","twitter_misc":{"Tiempo de lectura":"4 minutos"},"schema":{"@context":"https:\/\/schema.org","@graph":[{"@type":"WebPage","@id":"https:\/\/www.demusculos.com\/web\/producto\/thermo-genix-de-120-capsulas-hoch-sport\/","url":"https:\/\/www.demusculos.com\/web\/producto\/thermo-genix-de-120-capsulas-hoch-sport\/","name":"Thermo Genix | Quemador de Grasas | Hoch Sport | x120 c\u00e1psulas","isPartOf":{"@id":"https:\/\/www.demusculos.com\/web\/#website"},"primaryImageOfPage":{"@id":"https:\/\/www.demusculos.com\/web\/producto\/thermo-genix-de-120-capsulas-hoch-sport\/#primaryimage"},"image":{"@id":"https:\/\/www.demusculos.com\/web\/producto\/thermo-genix-de-120-capsulas-hoch-sport\/#primaryimage"},"thumbnailUrl":"https:\/\/www.demusculos.com\/web\/wp-content\/uploads\/2024\/02\/thermo-genix-s-2-destroyer-120-fat-burner-hoch-sport-1.webp","datePublished":"2024-02-19T07:06:54+00:00","dateModified":"2026-03-04T17:08:34+00:00","description":"Thermo Genix es un poderoso Fat Burner para hombres y mujeres. Su principal funcion es quemar grasas en hombres y mujeres, elevar la energ\u00eda y m\u00e1s.","breadcrumb":{"@id":"https:\/\/www.demusculos.com\/web\/producto\/thermo-genix-de-120-capsulas-hoch-sport\/#breadcrumb"},"inLanguage":"es","potentialAction":[{"@type":"ReadAction","target":["https:\/\/www.demusculos.com\/web\/producto\/thermo-genix-de-120-capsulas-hoch-sport\/"]}]},{"@type":"ImageObject","inLanguage":"es","@id":"https:\/\/www.demusculos.com\/web\/producto\/thermo-genix-de-120-capsulas-hoch-sport\/#primaryimage","url":"https:\/\/www.demusculos.com\/web\/wp-content\/uploads\/2024\/02\/thermo-genix-s-2-destroyer-120-fat-burner-hoch-sport-1.webp","contentUrl":"https:\/\/www.demusculos.com\/web\/wp-content\/uploads\/2024\/02\/thermo-genix-s-2-destroyer-120-fat-burner-hoch-sport-1.webp","width":1200,"height":1200,"caption":"Quemador de Grasas Thermo Genix de Hoch Sport x 120 c\u00e1psulas"},{"@type":"BreadcrumbList","@id":"https:\/\/www.demusculos.com\/web\/producto\/thermo-genix-de-120-capsulas-hoch-sport\/#breadcrumb","itemListElement":[{"@type":"ListItem","position":1,"name":"Inicio","item":"https:\/\/www.demusculos.com\/web\/"},{"@type":"ListItem","position":2,"name":"Suplementos","item":"https:\/\/www.demusculos.com\/web\/tienda\/"},{"@type":"ListItem","position":3,"name":"Thermo Genix Destroyer S2 Hoch Sport x120 c\u00e1psulas"}]},{"@type":"WebSite","@id":"https:\/\/www.demusculos.com\/web\/#website","url":"https:\/\/www.demusculos.com\/web\/","name":"DeMusculos.com","description":"Suplementos Naturales","publisher":{"@id":"https:\/\/www.demusculos.com\/web\/#organization"},"alternateName":"Suplementos Naturales","potentialAction":[{"@type":"SearchAction","target":{"@type":"EntryPoint","urlTemplate":"https:\/\/www.demusculos.com\/web\/?s={search_term_string}"},"query-input":{"@type":"PropertyValueSpecification","valueRequired":true,"valueName":"search_term_string"}}],"inLanguage":"es"},{"@type":"Organization","@id":"https:\/\/www.demusculos.com\/web\/#organization","name":"DeMusculos.com","alternateName":"DeMusculos","url":"https:\/\/www.demusculos.com\/web\/","logo":{"@type":"ImageObject","inLanguage":"es","@id":"https:\/\/www.demusculos.com\/web\/#\/schema\/logo\/image\/","url":"https:\/\/www.demusculos.com\/web\/wp-content\/uploads\/2024\/02\/logo-demusculos-prestashop-usuario.png","contentUrl":"https:\/\/www.demusculos.com\/web\/wp-content\/uploads\/2024\/02\/logo-demusculos-prestashop-usuario.png","width":150,"height":150,"caption":"DeMusculos.com"},"image":{"@id":"https:\/\/www.demusculos.com\/web\/#\/schema\/logo\/image\/"},"sameAs":["https:\/\/www.facebook.com\/demusculos","https:\/\/x.com\/demusculos","https:\/\/www.instagram.com\/demusculos","https:\/\/www.tiktok.com\/@demusculos.com"]}]}},"_links":{"self":[{"href":"https:\/\/www.demusculos.com\/web\/wp-json\/wp\/v2\/product\/34","targetHints":{"allow":["GET"]}}],"collection":[{"href":"https:\/\/www.demusculos.com\/web\/wp-json\/wp\/v2\/product"}],"about":[{"href":"https:\/\/www.demusculos.com\/web\/wp-json\/wp\/v2\/types\/product"}],"replies":[{"embeddable":true,"href":"https:\/\/www.demusculos.com\/web\/wp-json\/wp\/v2\/comments?post=34"}],"wp:featuredmedia":[{"embeddable":true,"href":"https:\/\/www.demusculos.com\/web\/wp-json\/wp\/v2\/media\/18829"}],"wp:attachment":[{"href":"https:\/\/www.demusculos.com\/web\/wp-json\/wp\/v2\/media?parent=34"}],"wp:term":[{"taxonomy":"product_brand","embeddable":true,"href":"https:\/\/www.demusculos.com\/web\/wp-json\/wp\/v2\/product_brand?post=34"},{"taxonomy":"product_cat","embeddable":true,"href":"https:\/\/www.demusculos.com\/web\/wp-json\/wp\/v2\/product_cat?post=34"},{"taxonomy":"product_tag","embeddable":true,"href":"https:\/\/www.demusculos.com\/web\/wp-json\/wp\/v2\/product_tag?post=34"}],"curies":[{"name":"wp","href":"https:\/\/api.w.org\/{rel}","templated":true}]}}