{"id":3421,"date":"2024-03-18T10:43:18","date_gmt":"2024-03-18T13:43:18","guid":{"rendered":"https:\/\/www.demusculos.com\/web\/?post_type=product&#038;p=3421"},"modified":"2026-02-01T20:01:42","modified_gmt":"2026-02-01T23:01:42","slug":"true-made-carnitina-ripped-x-ena-sport","status":"publish","type":"product","link":"https:\/\/www.demusculos.com\/web\/producto\/true-made-carnitina-ripped-x-ena-sport\/","title":{"rendered":"Prote\u00edna Truemade 2 lbs + Carnitina 1500 + Ripped X de Ena Sport"},"content":{"rendered":"<figure id=\"attachment_151\" aria-describedby=\"caption-attachment-151\" style=\"width: 446px\" class=\"wp-caption alignnone\"><img decoding=\"async\" class=\"size-full wp-image-151\" src=\"https:\/\/www.demusculos.com\/web\/wp-content\/uploads\/2024\/02\/logo-ena-sport.png\" alt=\"Suplementos naturales Ena Sport. Empresa de nutricion Argentina.\" width=\"446\" height=\"103\" srcset=\"https:\/\/www.demusculos.com\/web\/wp-content\/uploads\/2024\/02\/logo-ena-sport.png 446w, https:\/\/www.demusculos.com\/web\/wp-content\/uploads\/2024\/02\/logo-ena-sport-300x69.png 300w, https:\/\/www.demusculos.com\/web\/wp-content\/uploads\/2024\/02\/logo-ena-sport-150x35.png 150w, https:\/\/www.demusculos.com\/web\/wp-content\/uploads\/2024\/02\/logo-ena-sport-416x96.png 416w\" sizes=\"(max-width: 446px) 100vw, 446px\" \/><figcaption id=\"caption-attachment-151\" class=\"wp-caption-text\">Este producto es fabricado por ENA SPORT (Empresa de Nutrici\u00f3n Argentina). Es una de las empresas pioneras en el rubro.<\/figcaption><\/figure>\n<p>Combo de 3 productos. Ideal para quemar grasas, conservar mas muscular, tonificar.<\/p>\n<p><strong>Producto 1<\/strong>: Prote\u00edna de suero de leche Truemade 2 lbs de Ena Sport. Con amino\u00e1cidos.<br \/>\nIdeal para recuperaci\u00f3n muscular.<br \/>\nA m\u00e1s recuperaci\u00f3n muscular m\u00e1s masa muscular.<br \/>\nA m\u00e1s masa muscular, m\u00e1s tono muscular.<\/p>\n<p><strong>Producto 2<\/strong>: Quemador de grasas L-Carnitina 1500 de Ena Sport<br \/>\nIdeal para usar las grasas como fuente de energ\u00eda<br \/>\n<strong><a href=\"https:\/\/www.demusculos.com\/contenidos\/l-carnitina\/\">\u00bfQuieres saber que es la L-Carnitina?<\/a><\/strong><\/p>\n<p><strong>Producto 3<\/strong>: Quemador de Grasas Ripped X de Ena Sport<br \/>\nIdeal para incrementar la perdida de grasa. Llegar\u00e1s m\u00e1s r\u00e1pido a tus objetivos.<\/p>\n<p>Este combo es ideal para el que busca:<\/p>\n<ol>\n<li>Bajar de peso y no perder masa muscular<\/li>\n<li>Bajar de peso y marcarse (definici\u00f3n muscular)<\/li>\n<li>Consumir productos naturales para bajar de peso, reconocidos y con alta trayectoria en el mercado<\/li>\n<\/ol>\n<p>Recuerda que las prote\u00ednas dan saciedad, son ideales para evitar el \u00abpicoteo\u00bb y bajar la ansiedad.<\/p>\n<p>Ripped X incluye en su f\u00f3rmula T\u00e9 verde. Ideal para bajar de peso.<br \/>\nSi quieres saber m\u00e1s sobre los <a href=\"https:\/\/www.demusculos.com\/contenidos\/extracto-de-te-verde\/\"><strong>beneficios de t\u00e9 verde<\/strong><\/a> ingresa al enlace mencionado anteriormente.<\/p>\n<p>Ripped X tambi\u00e9n contiene <strong><a href=\"https:\/\/www.demusculos.com\/contenidos\/pimienta-cayena-en-quemadores-de-grasa\/\">Pimienta Cayena<\/a><\/strong>. Este ingrediente tiene grandes beneficios para nuestra salud y tambi\u00e9n se destaca por su poder de quemar grasas.<\/p>\n","protected":false},"excerpt":{"rendered":"<p>Combo ideal para descenso de peso. Aporte de prote\u00edna para recuperaci\u00f3n muscular, tono muscular, aumento muscular. Quemador de grasas a base de Carnitina. Fuente de energ\u00eda. Y un quemador de grasas para potenciar los resultados.<\/p>\n","protected":false},"featured_media":3422,"comment_status":"closed","ping_status":"closed","template":"","meta":[],"product_brand":[223],"product_cat":[72],"product_tag":[38],"class_list":{"0":"post-3421","1":"product","2":"type-product","3":"status-publish","4":"has-post-thumbnail","6":"product_brand-ena-sport","7":"product_cat-combos-descenso-de-peso","8":"product_tag-ena-sport","10":"first","11":"instock","12":"sale","13":"shipping-taxable","14":"purchasable","15":"product-type-simple"},"yoast_head":"<!-- This site is optimized with the Yoast SEO plugin v27.4 - https:\/\/yoast.com\/product\/yoast-seo-wordpress\/ -->\n<title>Prote\u00edna Truemade 2 lbs + Carnitina 1500 + Ripped X de Ena Sport | DeMusculos<\/title>\n<meta name=\"robots\" content=\"index, follow, max-snippet:-1, max-image-preview:large, max-video-preview:-1\" \/>\n<link rel=\"canonical\" href=\"https:\/\/www.demusculos.com\/web\/producto\/true-made-carnitina-ripped-x-ena-sport\/\" \/>\n<meta property=\"og:locale\" content=\"es_ES\" \/>\n<meta property=\"og:type\" content=\"article\" \/>\n<meta property=\"og:title\" content=\"Prote\u00edna Truemade 2 lbs + Carnitina 1500 + Ripped X de Ena Sport | DeMusculos\" \/>\n<meta property=\"og:description\" content=\"Combo ideal para descenso de peso. Aporte de prote\u00edna para recuperaci\u00f3n muscular, tono muscular, aumento muscular. Quemador de grasas a base de Carnitina. Fuente de energ\u00eda. Y un quemador de grasas para potenciar los resultados.\" \/>\n<meta property=\"og:url\" content=\"https:\/\/www.demusculos.com\/web\/producto\/true-made-carnitina-ripped-x-ena-sport\/\" \/>\n<meta property=\"og:site_name\" content=\"DeMusculos\" \/>\n<meta property=\"article:publisher\" content=\"https:\/\/www.facebook.com\/demusculos\" \/>\n<meta property=\"article:modified_time\" content=\"2026-02-01T23:01:42+00:00\" \/>\n<meta property=\"og:image\" content=\"https:\/\/www.demusculos.com\/web\/wp-content\/uploads\/2024\/03\/true-made-carnitina-burn-hd-rippedx.jpg\" \/>\n\t<meta property=\"og:image:width\" content=\"2000\" \/>\n\t<meta property=\"og:image:height\" content=\"2000\" \/>\n\t<meta property=\"og:image:type\" content=\"image\/jpeg\" \/>\n<meta name=\"twitter:card\" content=\"summary_large_image\" \/>\n<meta name=\"twitter:site\" content=\"@demusculos\" \/>\n<meta name=\"twitter:label1\" content=\"Tiempo de lectura\" \/>\n\t<meta name=\"twitter:data1\" content=\"2 minutos\" \/>\n<script type=\"application\/ld+json\" class=\"yoast-schema-graph\">{\"@context\":\"https:\\\/\\\/schema.org\",\"@graph\":[{\"@type\":\"WebPage\",\"@id\":\"https:\\\/\\\/www.demusculos.com\\\/web\\\/producto\\\/true-made-carnitina-ripped-x-ena-sport\\\/\",\"url\":\"https:\\\/\\\/www.demusculos.com\\\/web\\\/producto\\\/true-made-carnitina-ripped-x-ena-sport\\\/\",\"name\":\"Prote\u00edna Truemade 2 lbs + Carnitina 1500 + Ripped X de Ena Sport | DeMusculos\",\"isPartOf\":{\"@id\":\"https:\\\/\\\/www.demusculos.com\\\/web\\\/#website\"},\"primaryImageOfPage\":{\"@id\":\"https:\\\/\\\/www.demusculos.com\\\/web\\\/producto\\\/true-made-carnitina-ripped-x-ena-sport\\\/#primaryimage\"},\"image\":{\"@id\":\"https:\\\/\\\/www.demusculos.com\\\/web\\\/producto\\\/true-made-carnitina-ripped-x-ena-sport\\\/#primaryimage\"},\"thumbnailUrl\":\"https:\\\/\\\/www.demusculos.com\\\/web\\\/wp-content\\\/uploads\\\/2024\\\/03\\\/true-made-carnitina-burn-hd-rippedx.jpg\",\"datePublished\":\"2024-03-18T13:43:18+00:00\",\"dateModified\":\"2026-02-01T23:01:42+00:00\",\"breadcrumb\":{\"@id\":\"https:\\\/\\\/www.demusculos.com\\\/web\\\/producto\\\/true-made-carnitina-ripped-x-ena-sport\\\/#breadcrumb\"},\"inLanguage\":\"es\",\"potentialAction\":[{\"@type\":\"ReadAction\",\"target\":[\"https:\\\/\\\/www.demusculos.com\\\/web\\\/producto\\\/true-made-carnitina-ripped-x-ena-sport\\\/\"]}]},{\"@type\":\"ImageObject\",\"inLanguage\":\"es\",\"@id\":\"https:\\\/\\\/www.demusculos.com\\\/web\\\/producto\\\/true-made-carnitina-ripped-x-ena-sport\\\/#primaryimage\",\"url\":\"https:\\\/\\\/www.demusculos.com\\\/web\\\/wp-content\\\/uploads\\\/2024\\\/03\\\/true-made-carnitina-burn-hd-rippedx.jpg\",\"contentUrl\":\"https:\\\/\\\/www.demusculos.com\\\/web\\\/wp-content\\\/uploads\\\/2024\\\/03\\\/true-made-carnitina-burn-hd-rippedx.jpg\",\"width\":2000,\"height\":2000,\"caption\":\"Truemade 2 Lbs Ena + Carnitina 1500 + Ripped X\"},{\"@type\":\"BreadcrumbList\",\"@id\":\"https:\\\/\\\/www.demusculos.com\\\/web\\\/producto\\\/true-made-carnitina-ripped-x-ena-sport\\\/#breadcrumb\",\"itemListElement\":[{\"@type\":\"ListItem\",\"position\":1,\"name\":\"Inicio\",\"item\":\"https:\\\/\\\/www.demusculos.com\\\/web\\\/\"},{\"@type\":\"ListItem\",\"position\":2,\"name\":\"Suplementos\",\"item\":\"https:\\\/\\\/www.demusculos.com\\\/web\\\/tienda\\\/\"},{\"@type\":\"ListItem\",\"position\":3,\"name\":\"Prote\u00edna Truemade 2 lbs + Carnitina 1500 + Ripped X de Ena Sport\"}]},{\"@type\":\"WebSite\",\"@id\":\"https:\\\/\\\/www.demusculos.com\\\/web\\\/#website\",\"url\":\"https:\\\/\\\/www.demusculos.com\\\/web\\\/\",\"name\":\"DeMusculos.com\",\"description\":\"Suplementos Naturales\",\"publisher\":{\"@id\":\"https:\\\/\\\/www.demusculos.com\\\/web\\\/#organization\"},\"alternateName\":\"Suplementos Naturales\",\"potentialAction\":[{\"@type\":\"SearchAction\",\"target\":{\"@type\":\"EntryPoint\",\"urlTemplate\":\"https:\\\/\\\/www.demusculos.com\\\/web\\\/?s={search_term_string}\"},\"query-input\":{\"@type\":\"PropertyValueSpecification\",\"valueRequired\":true,\"valueName\":\"search_term_string\"}}],\"inLanguage\":\"es\"},{\"@type\":\"Organization\",\"@id\":\"https:\\\/\\\/www.demusculos.com\\\/web\\\/#organization\",\"name\":\"DeMusculos.com\",\"alternateName\":\"DeMusculos\",\"url\":\"https:\\\/\\\/www.demusculos.com\\\/web\\\/\",\"logo\":{\"@type\":\"ImageObject\",\"inLanguage\":\"es\",\"@id\":\"https:\\\/\\\/www.demusculos.com\\\/web\\\/#\\\/schema\\\/logo\\\/image\\\/\",\"url\":\"https:\\\/\\\/www.demusculos.com\\\/web\\\/wp-content\\\/uploads\\\/2024\\\/02\\\/logo-demusculos-prestashop-usuario.png\",\"contentUrl\":\"https:\\\/\\\/www.demusculos.com\\\/web\\\/wp-content\\\/uploads\\\/2024\\\/02\\\/logo-demusculos-prestashop-usuario.png\",\"width\":150,\"height\":150,\"caption\":\"DeMusculos.com\"},\"image\":{\"@id\":\"https:\\\/\\\/www.demusculos.com\\\/web\\\/#\\\/schema\\\/logo\\\/image\\\/\"},\"sameAs\":[\"https:\\\/\\\/www.facebook.com\\\/demusculos\",\"https:\\\/\\\/x.com\\\/demusculos\",\"https:\\\/\\\/www.instagram.com\\\/demusculos\",\"https:\\\/\\\/www.tiktok.com\\\/@demusculos.com\"]}]}<\/script>\n<!-- \/ Yoast SEO plugin. -->","yoast_head_json":{"title":"Prote\u00edna Truemade 2 lbs + Carnitina 1500 + Ripped X de Ena Sport | DeMusculos","robots":{"index":"index","follow":"follow","max-snippet":"max-snippet:-1","max-image-preview":"max-image-preview:large","max-video-preview":"max-video-preview:-1"},"canonical":"https:\/\/www.demusculos.com\/web\/producto\/true-made-carnitina-ripped-x-ena-sport\/","og_locale":"es_ES","og_type":"article","og_title":"Prote\u00edna Truemade 2 lbs + Carnitina 1500 + Ripped X de Ena Sport | DeMusculos","og_description":"Combo ideal para descenso de peso. Aporte de prote\u00edna para recuperaci\u00f3n muscular, tono muscular, aumento muscular. Quemador de grasas a base de Carnitina. Fuente de energ\u00eda. Y un quemador de grasas para potenciar los resultados.","og_url":"https:\/\/www.demusculos.com\/web\/producto\/true-made-carnitina-ripped-x-ena-sport\/","og_site_name":"DeMusculos","article_publisher":"https:\/\/www.facebook.com\/demusculos","article_modified_time":"2026-02-01T23:01:42+00:00","og_image":[{"width":2000,"height":2000,"url":"https:\/\/www.demusculos.com\/web\/wp-content\/uploads\/2024\/03\/true-made-carnitina-burn-hd-rippedx.jpg","type":"image\/jpeg"}],"twitter_card":"summary_large_image","twitter_site":"@demusculos","twitter_misc":{"Tiempo de lectura":"2 minutos"},"schema":{"@context":"https:\/\/schema.org","@graph":[{"@type":"WebPage","@id":"https:\/\/www.demusculos.com\/web\/producto\/true-made-carnitina-ripped-x-ena-sport\/","url":"https:\/\/www.demusculos.com\/web\/producto\/true-made-carnitina-ripped-x-ena-sport\/","name":"Prote\u00edna Truemade 2 lbs + Carnitina 1500 + Ripped X de Ena Sport | DeMusculos","isPartOf":{"@id":"https:\/\/www.demusculos.com\/web\/#website"},"primaryImageOfPage":{"@id":"https:\/\/www.demusculos.com\/web\/producto\/true-made-carnitina-ripped-x-ena-sport\/#primaryimage"},"image":{"@id":"https:\/\/www.demusculos.com\/web\/producto\/true-made-carnitina-ripped-x-ena-sport\/#primaryimage"},"thumbnailUrl":"https:\/\/www.demusculos.com\/web\/wp-content\/uploads\/2024\/03\/true-made-carnitina-burn-hd-rippedx.jpg","datePublished":"2024-03-18T13:43:18+00:00","dateModified":"2026-02-01T23:01:42+00:00","breadcrumb":{"@id":"https:\/\/www.demusculos.com\/web\/producto\/true-made-carnitina-ripped-x-ena-sport\/#breadcrumb"},"inLanguage":"es","potentialAction":[{"@type":"ReadAction","target":["https:\/\/www.demusculos.com\/web\/producto\/true-made-carnitina-ripped-x-ena-sport\/"]}]},{"@type":"ImageObject","inLanguage":"es","@id":"https:\/\/www.demusculos.com\/web\/producto\/true-made-carnitina-ripped-x-ena-sport\/#primaryimage","url":"https:\/\/www.demusculos.com\/web\/wp-content\/uploads\/2024\/03\/true-made-carnitina-burn-hd-rippedx.jpg","contentUrl":"https:\/\/www.demusculos.com\/web\/wp-content\/uploads\/2024\/03\/true-made-carnitina-burn-hd-rippedx.jpg","width":2000,"height":2000,"caption":"Truemade 2 Lbs Ena + Carnitina 1500 + Ripped X"},{"@type":"BreadcrumbList","@id":"https:\/\/www.demusculos.com\/web\/producto\/true-made-carnitina-ripped-x-ena-sport\/#breadcrumb","itemListElement":[{"@type":"ListItem","position":1,"name":"Inicio","item":"https:\/\/www.demusculos.com\/web\/"},{"@type":"ListItem","position":2,"name":"Suplementos","item":"https:\/\/www.demusculos.com\/web\/tienda\/"},{"@type":"ListItem","position":3,"name":"Prote\u00edna Truemade 2 lbs + Carnitina 1500 + Ripped X de Ena Sport"}]},{"@type":"WebSite","@id":"https:\/\/www.demusculos.com\/web\/#website","url":"https:\/\/www.demusculos.com\/web\/","name":"DeMusculos.com","description":"Suplementos Naturales","publisher":{"@id":"https:\/\/www.demusculos.com\/web\/#organization"},"alternateName":"Suplementos Naturales","potentialAction":[{"@type":"SearchAction","target":{"@type":"EntryPoint","urlTemplate":"https:\/\/www.demusculos.com\/web\/?s={search_term_string}"},"query-input":{"@type":"PropertyValueSpecification","valueRequired":true,"valueName":"search_term_string"}}],"inLanguage":"es"},{"@type":"Organization","@id":"https:\/\/www.demusculos.com\/web\/#organization","name":"DeMusculos.com","alternateName":"DeMusculos","url":"https:\/\/www.demusculos.com\/web\/","logo":{"@type":"ImageObject","inLanguage":"es","@id":"https:\/\/www.demusculos.com\/web\/#\/schema\/logo\/image\/","url":"https:\/\/www.demusculos.com\/web\/wp-content\/uploads\/2024\/02\/logo-demusculos-prestashop-usuario.png","contentUrl":"https:\/\/www.demusculos.com\/web\/wp-content\/uploads\/2024\/02\/logo-demusculos-prestashop-usuario.png","width":150,"height":150,"caption":"DeMusculos.com"},"image":{"@id":"https:\/\/www.demusculos.com\/web\/#\/schema\/logo\/image\/"},"sameAs":["https:\/\/www.facebook.com\/demusculos","https:\/\/x.com\/demusculos","https:\/\/www.instagram.com\/demusculos","https:\/\/www.tiktok.com\/@demusculos.com"]}]}},"_links":{"self":[{"href":"https:\/\/www.demusculos.com\/web\/wp-json\/wp\/v2\/product\/3421","targetHints":{"allow":["GET"]}}],"collection":[{"href":"https:\/\/www.demusculos.com\/web\/wp-json\/wp\/v2\/product"}],"about":[{"href":"https:\/\/www.demusculos.com\/web\/wp-json\/wp\/v2\/types\/product"}],"replies":[{"embeddable":true,"href":"https:\/\/www.demusculos.com\/web\/wp-json\/wp\/v2\/comments?post=3421"}],"wp:featuredmedia":[{"embeddable":true,"href":"https:\/\/www.demusculos.com\/web\/wp-json\/wp\/v2\/media\/3422"}],"wp:attachment":[{"href":"https:\/\/www.demusculos.com\/web\/wp-json\/wp\/v2\/media?parent=3421"}],"wp:term":[{"taxonomy":"product_brand","embeddable":true,"href":"https:\/\/www.demusculos.com\/web\/wp-json\/wp\/v2\/product_brand?post=3421"},{"taxonomy":"product_cat","embeddable":true,"href":"https:\/\/www.demusculos.com\/web\/wp-json\/wp\/v2\/product_cat?post=3421"},{"taxonomy":"product_tag","embeddable":true,"href":"https:\/\/www.demusculos.com\/web\/wp-json\/wp\/v2\/product_tag?post=3421"}],"curies":[{"name":"wp","href":"https:\/\/api.w.org\/{rel}","templated":true}]}}