{"id":3443,"date":"2024-03-18T13:03:03","date_gmt":"2024-03-18T16:03:03","guid":{"rendered":"https:\/\/www.demusculos.com\/web\/?post_type=product&#038;p=3443"},"modified":"2026-03-04T14:26:23","modified_gmt":"2026-03-04T17:26:23","slug":"vaso-shaker-gentech-3-funciones-rosa","status":"publish","type":"product","link":"https:\/\/www.demusculos.com\/web\/producto\/vaso-shaker-gentech-3-funciones-rosa\/","title":{"rendered":"Vaso Shaker Gentech 3 funciones Rosa"},"content":{"rendered":"<figure id=\"attachment_216\" aria-describedby=\"caption-attachment-216\" style=\"width: 446px\" class=\"wp-caption alignnone\"><img decoding=\"async\" class=\"size-full wp-image-216\" src=\"https:\/\/www.demusculos.com\/web\/wp-content\/uploads\/2024\/02\/logo-marca-gentech.png\" alt=\"Suplementos Naturales Gentech\" width=\"446\" height=\"103\" srcset=\"https:\/\/www.demusculos.com\/web\/wp-content\/uploads\/2024\/02\/logo-marca-gentech.png 446w, https:\/\/www.demusculos.com\/web\/wp-content\/uploads\/2024\/02\/logo-marca-gentech-300x69.png 300w, https:\/\/www.demusculos.com\/web\/wp-content\/uploads\/2024\/02\/logo-marca-gentech-150x35.png 150w, https:\/\/www.demusculos.com\/web\/wp-content\/uploads\/2024\/02\/logo-marca-gentech-416x96.png 416w\" sizes=\"(max-width: 446px) 100vw, 446px\" \/><figcaption id=\"caption-attachment-216\" class=\"wp-caption-text\">Gentech: Suplementaci\u00f3n natural deportiva.<\/figcaption><\/figure>\n<p>Vaso mezclador de Gentech.<br \/>\nTiene 3 funciones, es decir, tres recipientes, puedes poner en uno el l\u00edquido para preparar la prote\u00edna. En el otro recipiente puedes poner el polvo de prote\u00edna o creatina, amino\u00e1cidos. En el otro recipiente puedes poner tabletas\/capsulas\/comprimidos.<\/p>\n","protected":false},"excerpt":{"rendered":"<p>Ideal para preparar los licuados de prote\u00edna. Vaso importado Gentech de 3 funciones.<\/p>\n","protected":false},"featured_media":3444,"comment_status":"closed","ping_status":"closed","template":"","meta":[],"product_brand":[222],"product_cat":[120],"product_tag":[21,122,123],"class_list":{"0":"post-3443","1":"product","2":"type-product","3":"status-publish","4":"has-post-thumbnail","6":"product_brand-gentech","7":"product_cat-accesorios","8":"product_tag-gentech","9":"product_tag-shaker","10":"product_tag-vaso","12":"first","13":"instock","14":"sale","15":"shipping-taxable","16":"purchasable","17":"product-type-simple"},"yoast_head":"<!-- This site is optimized with the Yoast SEO plugin v27.4 - https:\/\/yoast.com\/product\/yoast-seo-wordpress\/ -->\n<title>Vaso 3 funciones Gentech | Para preparar licuados de prote\u00edna<\/title>\n<meta name=\"description\" content=\"Vaso 3 funciones Gentech es ideal para preparar tus licuados de creatina, amino\u00e1cidos, prote\u00ednas de huevo, leche o de origen vegetal. 3 recipientes en 1.\" \/>\n<meta name=\"robots\" content=\"index, follow, max-snippet:-1, max-image-preview:large, max-video-preview:-1\" \/>\n<link rel=\"canonical\" href=\"https:\/\/www.demusculos.com\/web\/producto\/vaso-shaker-gentech-3-funciones-rosa\/\" \/>\n<meta property=\"og:locale\" content=\"es_ES\" \/>\n<meta property=\"og:type\" content=\"article\" \/>\n<meta property=\"og:title\" content=\"Vaso 3 funciones Gentech | Para preparar licuados de prote\u00edna\" \/>\n<meta property=\"og:description\" content=\"Vaso 3 funciones Gentech es ideal para preparar tus licuados de creatina, amino\u00e1cidos, prote\u00ednas de huevo, leche o de origen vegetal. 3 recipientes en 1.\" \/>\n<meta property=\"og:url\" content=\"https:\/\/www.demusculos.com\/web\/producto\/vaso-shaker-gentech-3-funciones-rosa\/\" \/>\n<meta property=\"og:site_name\" content=\"DeMusculos\" \/>\n<meta property=\"article:publisher\" content=\"https:\/\/www.facebook.com\/demusculos\" \/>\n<meta property=\"article:modified_time\" content=\"2026-03-04T17:26:23+00:00\" \/>\n<meta property=\"og:image\" content=\"https:\/\/www.demusculos.com\/web\/wp-content\/uploads\/2024\/03\/shaker-gentech-3-funciones-three-rosa-mujer-01.jpg\" \/>\n\t<meta property=\"og:image:width\" content=\"800\" \/>\n\t<meta property=\"og:image:height\" content=\"800\" \/>\n\t<meta property=\"og:image:type\" content=\"image\/jpeg\" \/>\n<meta name=\"twitter:card\" content=\"summary_large_image\" \/>\n<meta name=\"twitter:site\" content=\"@demusculos\" \/>\n<meta name=\"twitter:label1\" content=\"Tiempo de lectura\" \/>\n\t<meta name=\"twitter:data1\" content=\"1 minuto\" \/>\n<script type=\"application\/ld+json\" class=\"yoast-schema-graph\">{\"@context\":\"https:\\\/\\\/schema.org\",\"@graph\":[{\"@type\":\"WebPage\",\"@id\":\"https:\\\/\\\/www.demusculos.com\\\/web\\\/producto\\\/vaso-shaker-gentech-3-funciones-rosa\\\/\",\"url\":\"https:\\\/\\\/www.demusculos.com\\\/web\\\/producto\\\/vaso-shaker-gentech-3-funciones-rosa\\\/\",\"name\":\"Vaso 3 funciones Gentech | Para preparar licuados de prote\u00edna\",\"isPartOf\":{\"@id\":\"https:\\\/\\\/www.demusculos.com\\\/web\\\/#website\"},\"primaryImageOfPage\":{\"@id\":\"https:\\\/\\\/www.demusculos.com\\\/web\\\/producto\\\/vaso-shaker-gentech-3-funciones-rosa\\\/#primaryimage\"},\"image\":{\"@id\":\"https:\\\/\\\/www.demusculos.com\\\/web\\\/producto\\\/vaso-shaker-gentech-3-funciones-rosa\\\/#primaryimage\"},\"thumbnailUrl\":\"https:\\\/\\\/www.demusculos.com\\\/web\\\/wp-content\\\/uploads\\\/2024\\\/03\\\/shaker-gentech-3-funciones-three-rosa-mujer-01.jpg\",\"datePublished\":\"2024-03-18T16:03:03+00:00\",\"dateModified\":\"2026-03-04T17:26:23+00:00\",\"description\":\"Vaso 3 funciones Gentech es ideal para preparar tus licuados de creatina, amino\u00e1cidos, prote\u00ednas de huevo, leche o de origen vegetal. 3 recipientes en 1.\",\"breadcrumb\":{\"@id\":\"https:\\\/\\\/www.demusculos.com\\\/web\\\/producto\\\/vaso-shaker-gentech-3-funciones-rosa\\\/#breadcrumb\"},\"inLanguage\":\"es\",\"potentialAction\":[{\"@type\":\"ReadAction\",\"target\":[\"https:\\\/\\\/www.demusculos.com\\\/web\\\/producto\\\/vaso-shaker-gentech-3-funciones-rosa\\\/\"]}]},{\"@type\":\"ImageObject\",\"inLanguage\":\"es\",\"@id\":\"https:\\\/\\\/www.demusculos.com\\\/web\\\/producto\\\/vaso-shaker-gentech-3-funciones-rosa\\\/#primaryimage\",\"url\":\"https:\\\/\\\/www.demusculos.com\\\/web\\\/wp-content\\\/uploads\\\/2024\\\/03\\\/shaker-gentech-3-funciones-three-rosa-mujer-01.jpg\",\"contentUrl\":\"https:\\\/\\\/www.demusculos.com\\\/web\\\/wp-content\\\/uploads\\\/2024\\\/03\\\/shaker-gentech-3-funciones-three-rosa-mujer-01.jpg\",\"width\":800,\"height\":800,\"caption\":\"Shaker mezclador o vaso para prote\u00ednas y licuados Gentech: Rosa\"},{\"@type\":\"BreadcrumbList\",\"@id\":\"https:\\\/\\\/www.demusculos.com\\\/web\\\/producto\\\/vaso-shaker-gentech-3-funciones-rosa\\\/#breadcrumb\",\"itemListElement\":[{\"@type\":\"ListItem\",\"position\":1,\"name\":\"Inicio\",\"item\":\"https:\\\/\\\/www.demusculos.com\\\/web\\\/\"},{\"@type\":\"ListItem\",\"position\":2,\"name\":\"Suplementos\",\"item\":\"https:\\\/\\\/www.demusculos.com\\\/web\\\/tienda\\\/\"},{\"@type\":\"ListItem\",\"position\":3,\"name\":\"Vaso Shaker Gentech 3 funciones Rosa\"}]},{\"@type\":\"WebSite\",\"@id\":\"https:\\\/\\\/www.demusculos.com\\\/web\\\/#website\",\"url\":\"https:\\\/\\\/www.demusculos.com\\\/web\\\/\",\"name\":\"DeMusculos.com\",\"description\":\"Suplementos Naturales\",\"publisher\":{\"@id\":\"https:\\\/\\\/www.demusculos.com\\\/web\\\/#organization\"},\"alternateName\":\"Suplementos Naturales\",\"potentialAction\":[{\"@type\":\"SearchAction\",\"target\":{\"@type\":\"EntryPoint\",\"urlTemplate\":\"https:\\\/\\\/www.demusculos.com\\\/web\\\/?s={search_term_string}\"},\"query-input\":{\"@type\":\"PropertyValueSpecification\",\"valueRequired\":true,\"valueName\":\"search_term_string\"}}],\"inLanguage\":\"es\"},{\"@type\":\"Organization\",\"@id\":\"https:\\\/\\\/www.demusculos.com\\\/web\\\/#organization\",\"name\":\"DeMusculos.com\",\"alternateName\":\"DeMusculos\",\"url\":\"https:\\\/\\\/www.demusculos.com\\\/web\\\/\",\"logo\":{\"@type\":\"ImageObject\",\"inLanguage\":\"es\",\"@id\":\"https:\\\/\\\/www.demusculos.com\\\/web\\\/#\\\/schema\\\/logo\\\/image\\\/\",\"url\":\"https:\\\/\\\/www.demusculos.com\\\/web\\\/wp-content\\\/uploads\\\/2024\\\/02\\\/logo-demusculos-prestashop-usuario.png\",\"contentUrl\":\"https:\\\/\\\/www.demusculos.com\\\/web\\\/wp-content\\\/uploads\\\/2024\\\/02\\\/logo-demusculos-prestashop-usuario.png\",\"width\":150,\"height\":150,\"caption\":\"DeMusculos.com\"},\"image\":{\"@id\":\"https:\\\/\\\/www.demusculos.com\\\/web\\\/#\\\/schema\\\/logo\\\/image\\\/\"},\"sameAs\":[\"https:\\\/\\\/www.facebook.com\\\/demusculos\",\"https:\\\/\\\/x.com\\\/demusculos\",\"https:\\\/\\\/www.instagram.com\\\/demusculos\",\"https:\\\/\\\/www.tiktok.com\\\/@demusculos.com\"]}]}<\/script>\n<!-- \/ Yoast SEO plugin. -->","yoast_head_json":{"title":"Vaso 3 funciones Gentech | Para preparar licuados de prote\u00edna","description":"Vaso 3 funciones Gentech es ideal para preparar tus licuados de creatina, amino\u00e1cidos, prote\u00ednas de huevo, leche o de origen vegetal. 3 recipientes en 1.","robots":{"index":"index","follow":"follow","max-snippet":"max-snippet:-1","max-image-preview":"max-image-preview:large","max-video-preview":"max-video-preview:-1"},"canonical":"https:\/\/www.demusculos.com\/web\/producto\/vaso-shaker-gentech-3-funciones-rosa\/","og_locale":"es_ES","og_type":"article","og_title":"Vaso 3 funciones Gentech | Para preparar licuados de prote\u00edna","og_description":"Vaso 3 funciones Gentech es ideal para preparar tus licuados de creatina, amino\u00e1cidos, prote\u00ednas de huevo, leche o de origen vegetal. 3 recipientes en 1.","og_url":"https:\/\/www.demusculos.com\/web\/producto\/vaso-shaker-gentech-3-funciones-rosa\/","og_site_name":"DeMusculos","article_publisher":"https:\/\/www.facebook.com\/demusculos","article_modified_time":"2026-03-04T17:26:23+00:00","og_image":[{"width":800,"height":800,"url":"https:\/\/www.demusculos.com\/web\/wp-content\/uploads\/2024\/03\/shaker-gentech-3-funciones-three-rosa-mujer-01.jpg","type":"image\/jpeg"}],"twitter_card":"summary_large_image","twitter_site":"@demusculos","twitter_misc":{"Tiempo de lectura":"1 minuto"},"schema":{"@context":"https:\/\/schema.org","@graph":[{"@type":"WebPage","@id":"https:\/\/www.demusculos.com\/web\/producto\/vaso-shaker-gentech-3-funciones-rosa\/","url":"https:\/\/www.demusculos.com\/web\/producto\/vaso-shaker-gentech-3-funciones-rosa\/","name":"Vaso 3 funciones Gentech | Para preparar licuados de prote\u00edna","isPartOf":{"@id":"https:\/\/www.demusculos.com\/web\/#website"},"primaryImageOfPage":{"@id":"https:\/\/www.demusculos.com\/web\/producto\/vaso-shaker-gentech-3-funciones-rosa\/#primaryimage"},"image":{"@id":"https:\/\/www.demusculos.com\/web\/producto\/vaso-shaker-gentech-3-funciones-rosa\/#primaryimage"},"thumbnailUrl":"https:\/\/www.demusculos.com\/web\/wp-content\/uploads\/2024\/03\/shaker-gentech-3-funciones-three-rosa-mujer-01.jpg","datePublished":"2024-03-18T16:03:03+00:00","dateModified":"2026-03-04T17:26:23+00:00","description":"Vaso 3 funciones Gentech es ideal para preparar tus licuados de creatina, amino\u00e1cidos, prote\u00ednas de huevo, leche o de origen vegetal. 3 recipientes en 1.","breadcrumb":{"@id":"https:\/\/www.demusculos.com\/web\/producto\/vaso-shaker-gentech-3-funciones-rosa\/#breadcrumb"},"inLanguage":"es","potentialAction":[{"@type":"ReadAction","target":["https:\/\/www.demusculos.com\/web\/producto\/vaso-shaker-gentech-3-funciones-rosa\/"]}]},{"@type":"ImageObject","inLanguage":"es","@id":"https:\/\/www.demusculos.com\/web\/producto\/vaso-shaker-gentech-3-funciones-rosa\/#primaryimage","url":"https:\/\/www.demusculos.com\/web\/wp-content\/uploads\/2024\/03\/shaker-gentech-3-funciones-three-rosa-mujer-01.jpg","contentUrl":"https:\/\/www.demusculos.com\/web\/wp-content\/uploads\/2024\/03\/shaker-gentech-3-funciones-three-rosa-mujer-01.jpg","width":800,"height":800,"caption":"Shaker mezclador o vaso para prote\u00ednas y licuados Gentech: Rosa"},{"@type":"BreadcrumbList","@id":"https:\/\/www.demusculos.com\/web\/producto\/vaso-shaker-gentech-3-funciones-rosa\/#breadcrumb","itemListElement":[{"@type":"ListItem","position":1,"name":"Inicio","item":"https:\/\/www.demusculos.com\/web\/"},{"@type":"ListItem","position":2,"name":"Suplementos","item":"https:\/\/www.demusculos.com\/web\/tienda\/"},{"@type":"ListItem","position":3,"name":"Vaso Shaker Gentech 3 funciones Rosa"}]},{"@type":"WebSite","@id":"https:\/\/www.demusculos.com\/web\/#website","url":"https:\/\/www.demusculos.com\/web\/","name":"DeMusculos.com","description":"Suplementos Naturales","publisher":{"@id":"https:\/\/www.demusculos.com\/web\/#organization"},"alternateName":"Suplementos Naturales","potentialAction":[{"@type":"SearchAction","target":{"@type":"EntryPoint","urlTemplate":"https:\/\/www.demusculos.com\/web\/?s={search_term_string}"},"query-input":{"@type":"PropertyValueSpecification","valueRequired":true,"valueName":"search_term_string"}}],"inLanguage":"es"},{"@type":"Organization","@id":"https:\/\/www.demusculos.com\/web\/#organization","name":"DeMusculos.com","alternateName":"DeMusculos","url":"https:\/\/www.demusculos.com\/web\/","logo":{"@type":"ImageObject","inLanguage":"es","@id":"https:\/\/www.demusculos.com\/web\/#\/schema\/logo\/image\/","url":"https:\/\/www.demusculos.com\/web\/wp-content\/uploads\/2024\/02\/logo-demusculos-prestashop-usuario.png","contentUrl":"https:\/\/www.demusculos.com\/web\/wp-content\/uploads\/2024\/02\/logo-demusculos-prestashop-usuario.png","width":150,"height":150,"caption":"DeMusculos.com"},"image":{"@id":"https:\/\/www.demusculos.com\/web\/#\/schema\/logo\/image\/"},"sameAs":["https:\/\/www.facebook.com\/demusculos","https:\/\/x.com\/demusculos","https:\/\/www.instagram.com\/demusculos","https:\/\/www.tiktok.com\/@demusculos.com"]}]}},"_links":{"self":[{"href":"https:\/\/www.demusculos.com\/web\/wp-json\/wp\/v2\/product\/3443","targetHints":{"allow":["GET"]}}],"collection":[{"href":"https:\/\/www.demusculos.com\/web\/wp-json\/wp\/v2\/product"}],"about":[{"href":"https:\/\/www.demusculos.com\/web\/wp-json\/wp\/v2\/types\/product"}],"replies":[{"embeddable":true,"href":"https:\/\/www.demusculos.com\/web\/wp-json\/wp\/v2\/comments?post=3443"}],"wp:featuredmedia":[{"embeddable":true,"href":"https:\/\/www.demusculos.com\/web\/wp-json\/wp\/v2\/media\/3444"}],"wp:attachment":[{"href":"https:\/\/www.demusculos.com\/web\/wp-json\/wp\/v2\/media?parent=3443"}],"wp:term":[{"taxonomy":"product_brand","embeddable":true,"href":"https:\/\/www.demusculos.com\/web\/wp-json\/wp\/v2\/product_brand?post=3443"},{"taxonomy":"product_cat","embeddable":true,"href":"https:\/\/www.demusculos.com\/web\/wp-json\/wp\/v2\/product_cat?post=3443"},{"taxonomy":"product_tag","embeddable":true,"href":"https:\/\/www.demusculos.com\/web\/wp-json\/wp\/v2\/product_tag?post=3443"}],"curies":[{"name":"wp","href":"https:\/\/api.w.org\/{rel}","templated":true}]}}