{"id":3452,"date":"2024-03-18T14:50:29","date_gmt":"2024-03-18T17:50:29","guid":{"rendered":"https:\/\/www.demusculos.com\/web\/?post_type=product&#038;p=3452"},"modified":"2026-03-29T16:50:19","modified_gmt":"2026-03-29T19:50:19","slug":"whey-gold-2-lbs-de-optimum-nutrition","status":"publish","type":"product","link":"https:\/\/www.demusculos.com\/web\/producto\/whey-gold-2-lbs-de-optimum-nutrition\/","title":{"rendered":"Whey Gold 2 lbs de Optimum Nutrition"},"content":{"rendered":"<p>100% Whey Gold Standard es la prote\u00edna m\u00e1s vendida en el mundo.<br \/>\nFomenta la recuperaci\u00f3n y el desarrollo de la masa muscular.<br \/>\nContiene 24 gr. de prote\u00edna por servicio de la m\u00e1s alta calidad para ayudar al desarrollo muscular, tan s\u00f3lo 1 gr. de grasa y 3 gr. de carbohidratos.<br \/>\nContiene 5.5 gr. de BCAAs generados naturalmente que contribuyen al rendimiento y la resistencia.<br \/>\nIndicado para cualquier persona que realice actividad f\u00edsica sin importar la frecuencia, intensidad o tipo de ejercicio.<br \/>\nLa presentaci\u00f3n del sabor Cookies &amp; Cream es de 1.85 lb. El resto de los sabores es de 2 lb.<\/p>\n<p><strong>Modo de Uso:<\/strong><br \/>\nMezclar 1 Scoop (cuchara) con 180-250 ml. de agua, leche o la bebida de tu preferencia.<br \/>\nTomar un 1 Scoop una vez al d\u00eda, entre 30 y 60 minutos despu\u00e9s del entrenamiento para una mejor recuperaci\u00f3n.<br \/>\nLos d\u00edas de descanso pod\u00e9s consumirlo como un snack, o entre comidas, como parte de tu dieta balanceada.<\/p>\n<p><strong>Presentaci\u00f3n:<\/strong><br \/>\n&#8211; Contenido: 2 lb. &#8211; 907 gr., en polvo.<br \/>\n&#8211; Porci\u00f3n: 1 Scoop (entre 31 y 32 gr.)<br \/>\n&#8211; Servicios (porciones) por envase: entre 27 y 29 servicios, seg\u00fan el sabor.<\/p>\n","protected":false},"excerpt":{"rendered":"<p>Prote\u00edna importada. Una de las mejores de todo el mundo. Resultados que se notan. Tiene una pureza impresionante y cantidad de amino\u00e1cidos elevados.<\/p>\n","protected":false},"featured_media":3453,"comment_status":"closed","ping_status":"closed","template":"","meta":[],"product_brand":[246],"product_cat":[16],"product_tag":[144],"class_list":{"0":"post-3452","1":"product","2":"type-product","3":"status-publish","4":"has-post-thumbnail","6":"product_brand-optimum-nutrition","7":"product_cat-proteinas","8":"product_tag-optimum-nutrition","10":"first","11":"outofstock","12":"sale","13":"shipping-taxable","14":"purchasable","15":"product-type-simple"},"yoast_head":"<!-- This site is optimized with the Yoast SEO plugin v27.4 - https:\/\/yoast.com\/product\/yoast-seo-wordpress\/ -->\n<title>Whey Gold 2 lbs de Optimum Nutrition | DeMusculos<\/title>\n<meta name=\"robots\" content=\"index, follow, max-snippet:-1, max-image-preview:large, max-video-preview:-1\" \/>\n<link rel=\"canonical\" href=\"https:\/\/www.demusculos.com\/web\/producto\/whey-gold-2-lbs-de-optimum-nutrition\/\" \/>\n<meta property=\"og:locale\" content=\"es_ES\" \/>\n<meta property=\"og:type\" content=\"article\" \/>\n<meta property=\"og:title\" content=\"Whey Gold 2 lbs de Optimum Nutrition | DeMusculos\" \/>\n<meta property=\"og:description\" content=\"Prote\u00edna importada. Una de las mejores de todo el mundo. Resultados que se notan. Tiene una pureza impresionante y cantidad de amino\u00e1cidos elevados.\" \/>\n<meta property=\"og:url\" content=\"https:\/\/www.demusculos.com\/web\/producto\/whey-gold-2-lbs-de-optimum-nutrition\/\" \/>\n<meta property=\"og:site_name\" content=\"DeMusculos\" \/>\n<meta property=\"article:publisher\" content=\"https:\/\/www.facebook.com\/demusculos\" \/>\n<meta property=\"article:modified_time\" content=\"2026-03-29T19:50:19+00:00\" \/>\n<meta property=\"og:image\" content=\"https:\/\/www.demusculos.com\/web\/wp-content\/uploads\/2024\/03\/whey-gold-2-lbs-optimum-nutrition-on-pote-2-lbs.jpg\" \/>\n\t<meta property=\"og:image:width\" content=\"1500\" \/>\n\t<meta property=\"og:image:height\" content=\"1500\" \/>\n\t<meta property=\"og:image:type\" content=\"image\/jpeg\" \/>\n<meta name=\"twitter:card\" content=\"summary_large_image\" \/>\n<meta name=\"twitter:site\" content=\"@demusculos\" \/>\n<meta name=\"twitter:label1\" content=\"Tiempo de lectura\" \/>\n\t<meta name=\"twitter:data1\" content=\"2 minutos\" \/>\n<script type=\"application\/ld+json\" class=\"yoast-schema-graph\">{\"@context\":\"https:\\\/\\\/schema.org\",\"@graph\":[{\"@type\":\"WebPage\",\"@id\":\"https:\\\/\\\/www.demusculos.com\\\/web\\\/producto\\\/whey-gold-2-lbs-de-optimum-nutrition\\\/\",\"url\":\"https:\\\/\\\/www.demusculos.com\\\/web\\\/producto\\\/whey-gold-2-lbs-de-optimum-nutrition\\\/\",\"name\":\"Whey Gold 2 lbs de Optimum Nutrition | DeMusculos\",\"isPartOf\":{\"@id\":\"https:\\\/\\\/www.demusculos.com\\\/web\\\/#website\"},\"primaryImageOfPage\":{\"@id\":\"https:\\\/\\\/www.demusculos.com\\\/web\\\/producto\\\/whey-gold-2-lbs-de-optimum-nutrition\\\/#primaryimage\"},\"image\":{\"@id\":\"https:\\\/\\\/www.demusculos.com\\\/web\\\/producto\\\/whey-gold-2-lbs-de-optimum-nutrition\\\/#primaryimage\"},\"thumbnailUrl\":\"https:\\\/\\\/www.demusculos.com\\\/web\\\/wp-content\\\/uploads\\\/2024\\\/03\\\/whey-gold-2-lbs-optimum-nutrition-on-pote-2-lbs.jpg\",\"datePublished\":\"2024-03-18T17:50:29+00:00\",\"dateModified\":\"2026-03-29T19:50:19+00:00\",\"breadcrumb\":{\"@id\":\"https:\\\/\\\/www.demusculos.com\\\/web\\\/producto\\\/whey-gold-2-lbs-de-optimum-nutrition\\\/#breadcrumb\"},\"inLanguage\":\"es\",\"potentialAction\":[{\"@type\":\"ReadAction\",\"target\":[\"https:\\\/\\\/www.demusculos.com\\\/web\\\/producto\\\/whey-gold-2-lbs-de-optimum-nutrition\\\/\"]}]},{\"@type\":\"ImageObject\",\"inLanguage\":\"es\",\"@id\":\"https:\\\/\\\/www.demusculos.com\\\/web\\\/producto\\\/whey-gold-2-lbs-de-optimum-nutrition\\\/#primaryimage\",\"url\":\"https:\\\/\\\/www.demusculos.com\\\/web\\\/wp-content\\\/uploads\\\/2024\\\/03\\\/whey-gold-2-lbs-optimum-nutrition-on-pote-2-lbs.jpg\",\"contentUrl\":\"https:\\\/\\\/www.demusculos.com\\\/web\\\/wp-content\\\/uploads\\\/2024\\\/03\\\/whey-gold-2-lbs-optimum-nutrition-on-pote-2-lbs.jpg\",\"width\":1500,\"height\":1500,\"caption\":\"Whey Gold de 2 lbs de Optimum Nutrition\"},{\"@type\":\"BreadcrumbList\",\"@id\":\"https:\\\/\\\/www.demusculos.com\\\/web\\\/producto\\\/whey-gold-2-lbs-de-optimum-nutrition\\\/#breadcrumb\",\"itemListElement\":[{\"@type\":\"ListItem\",\"position\":1,\"name\":\"Inicio\",\"item\":\"https:\\\/\\\/www.demusculos.com\\\/web\\\/\"},{\"@type\":\"ListItem\",\"position\":2,\"name\":\"Suplementos\",\"item\":\"https:\\\/\\\/www.demusculos.com\\\/web\\\/tienda\\\/\"},{\"@type\":\"ListItem\",\"position\":3,\"name\":\"Whey Gold 2 lbs de Optimum Nutrition\"}]},{\"@type\":\"WebSite\",\"@id\":\"https:\\\/\\\/www.demusculos.com\\\/web\\\/#website\",\"url\":\"https:\\\/\\\/www.demusculos.com\\\/web\\\/\",\"name\":\"DeMusculos.com\",\"description\":\"Suplementos Naturales\",\"publisher\":{\"@id\":\"https:\\\/\\\/www.demusculos.com\\\/web\\\/#organization\"},\"alternateName\":\"Suplementos Naturales\",\"potentialAction\":[{\"@type\":\"SearchAction\",\"target\":{\"@type\":\"EntryPoint\",\"urlTemplate\":\"https:\\\/\\\/www.demusculos.com\\\/web\\\/?s={search_term_string}\"},\"query-input\":{\"@type\":\"PropertyValueSpecification\",\"valueRequired\":true,\"valueName\":\"search_term_string\"}}],\"inLanguage\":\"es\"},{\"@type\":\"Organization\",\"@id\":\"https:\\\/\\\/www.demusculos.com\\\/web\\\/#organization\",\"name\":\"DeMusculos.com\",\"alternateName\":\"DeMusculos\",\"url\":\"https:\\\/\\\/www.demusculos.com\\\/web\\\/\",\"logo\":{\"@type\":\"ImageObject\",\"inLanguage\":\"es\",\"@id\":\"https:\\\/\\\/www.demusculos.com\\\/web\\\/#\\\/schema\\\/logo\\\/image\\\/\",\"url\":\"https:\\\/\\\/www.demusculos.com\\\/web\\\/wp-content\\\/uploads\\\/2024\\\/02\\\/logo-demusculos-prestashop-usuario.png\",\"contentUrl\":\"https:\\\/\\\/www.demusculos.com\\\/web\\\/wp-content\\\/uploads\\\/2024\\\/02\\\/logo-demusculos-prestashop-usuario.png\",\"width\":150,\"height\":150,\"caption\":\"DeMusculos.com\"},\"image\":{\"@id\":\"https:\\\/\\\/www.demusculos.com\\\/web\\\/#\\\/schema\\\/logo\\\/image\\\/\"},\"sameAs\":[\"https:\\\/\\\/www.facebook.com\\\/demusculos\",\"https:\\\/\\\/x.com\\\/demusculos\",\"https:\\\/\\\/www.instagram.com\\\/demusculos\",\"https:\\\/\\\/www.tiktok.com\\\/@demusculos.com\"]}]}<\/script>\n<!-- \/ Yoast SEO plugin. -->","yoast_head_json":{"title":"Whey Gold 2 lbs de Optimum Nutrition | DeMusculos","robots":{"index":"index","follow":"follow","max-snippet":"max-snippet:-1","max-image-preview":"max-image-preview:large","max-video-preview":"max-video-preview:-1"},"canonical":"https:\/\/www.demusculos.com\/web\/producto\/whey-gold-2-lbs-de-optimum-nutrition\/","og_locale":"es_ES","og_type":"article","og_title":"Whey Gold 2 lbs de Optimum Nutrition | DeMusculos","og_description":"Prote\u00edna importada. Una de las mejores de todo el mundo. Resultados que se notan. Tiene una pureza impresionante y cantidad de amino\u00e1cidos elevados.","og_url":"https:\/\/www.demusculos.com\/web\/producto\/whey-gold-2-lbs-de-optimum-nutrition\/","og_site_name":"DeMusculos","article_publisher":"https:\/\/www.facebook.com\/demusculos","article_modified_time":"2026-03-29T19:50:19+00:00","og_image":[{"width":1500,"height":1500,"url":"https:\/\/www.demusculos.com\/web\/wp-content\/uploads\/2024\/03\/whey-gold-2-lbs-optimum-nutrition-on-pote-2-lbs.jpg","type":"image\/jpeg"}],"twitter_card":"summary_large_image","twitter_site":"@demusculos","twitter_misc":{"Tiempo de lectura":"2 minutos"},"schema":{"@context":"https:\/\/schema.org","@graph":[{"@type":"WebPage","@id":"https:\/\/www.demusculos.com\/web\/producto\/whey-gold-2-lbs-de-optimum-nutrition\/","url":"https:\/\/www.demusculos.com\/web\/producto\/whey-gold-2-lbs-de-optimum-nutrition\/","name":"Whey Gold 2 lbs de Optimum Nutrition | DeMusculos","isPartOf":{"@id":"https:\/\/www.demusculos.com\/web\/#website"},"primaryImageOfPage":{"@id":"https:\/\/www.demusculos.com\/web\/producto\/whey-gold-2-lbs-de-optimum-nutrition\/#primaryimage"},"image":{"@id":"https:\/\/www.demusculos.com\/web\/producto\/whey-gold-2-lbs-de-optimum-nutrition\/#primaryimage"},"thumbnailUrl":"https:\/\/www.demusculos.com\/web\/wp-content\/uploads\/2024\/03\/whey-gold-2-lbs-optimum-nutrition-on-pote-2-lbs.jpg","datePublished":"2024-03-18T17:50:29+00:00","dateModified":"2026-03-29T19:50:19+00:00","breadcrumb":{"@id":"https:\/\/www.demusculos.com\/web\/producto\/whey-gold-2-lbs-de-optimum-nutrition\/#breadcrumb"},"inLanguage":"es","potentialAction":[{"@type":"ReadAction","target":["https:\/\/www.demusculos.com\/web\/producto\/whey-gold-2-lbs-de-optimum-nutrition\/"]}]},{"@type":"ImageObject","inLanguage":"es","@id":"https:\/\/www.demusculos.com\/web\/producto\/whey-gold-2-lbs-de-optimum-nutrition\/#primaryimage","url":"https:\/\/www.demusculos.com\/web\/wp-content\/uploads\/2024\/03\/whey-gold-2-lbs-optimum-nutrition-on-pote-2-lbs.jpg","contentUrl":"https:\/\/www.demusculos.com\/web\/wp-content\/uploads\/2024\/03\/whey-gold-2-lbs-optimum-nutrition-on-pote-2-lbs.jpg","width":1500,"height":1500,"caption":"Whey Gold de 2 lbs de Optimum Nutrition"},{"@type":"BreadcrumbList","@id":"https:\/\/www.demusculos.com\/web\/producto\/whey-gold-2-lbs-de-optimum-nutrition\/#breadcrumb","itemListElement":[{"@type":"ListItem","position":1,"name":"Inicio","item":"https:\/\/www.demusculos.com\/web\/"},{"@type":"ListItem","position":2,"name":"Suplementos","item":"https:\/\/www.demusculos.com\/web\/tienda\/"},{"@type":"ListItem","position":3,"name":"Whey Gold 2 lbs de Optimum Nutrition"}]},{"@type":"WebSite","@id":"https:\/\/www.demusculos.com\/web\/#website","url":"https:\/\/www.demusculos.com\/web\/","name":"DeMusculos.com","description":"Suplementos Naturales","publisher":{"@id":"https:\/\/www.demusculos.com\/web\/#organization"},"alternateName":"Suplementos Naturales","potentialAction":[{"@type":"SearchAction","target":{"@type":"EntryPoint","urlTemplate":"https:\/\/www.demusculos.com\/web\/?s={search_term_string}"},"query-input":{"@type":"PropertyValueSpecification","valueRequired":true,"valueName":"search_term_string"}}],"inLanguage":"es"},{"@type":"Organization","@id":"https:\/\/www.demusculos.com\/web\/#organization","name":"DeMusculos.com","alternateName":"DeMusculos","url":"https:\/\/www.demusculos.com\/web\/","logo":{"@type":"ImageObject","inLanguage":"es","@id":"https:\/\/www.demusculos.com\/web\/#\/schema\/logo\/image\/","url":"https:\/\/www.demusculos.com\/web\/wp-content\/uploads\/2024\/02\/logo-demusculos-prestashop-usuario.png","contentUrl":"https:\/\/www.demusculos.com\/web\/wp-content\/uploads\/2024\/02\/logo-demusculos-prestashop-usuario.png","width":150,"height":150,"caption":"DeMusculos.com"},"image":{"@id":"https:\/\/www.demusculos.com\/web\/#\/schema\/logo\/image\/"},"sameAs":["https:\/\/www.facebook.com\/demusculos","https:\/\/x.com\/demusculos","https:\/\/www.instagram.com\/demusculos","https:\/\/www.tiktok.com\/@demusculos.com"]}]}},"_links":{"self":[{"href":"https:\/\/www.demusculos.com\/web\/wp-json\/wp\/v2\/product\/3452","targetHints":{"allow":["GET"]}}],"collection":[{"href":"https:\/\/www.demusculos.com\/web\/wp-json\/wp\/v2\/product"}],"about":[{"href":"https:\/\/www.demusculos.com\/web\/wp-json\/wp\/v2\/types\/product"}],"replies":[{"embeddable":true,"href":"https:\/\/www.demusculos.com\/web\/wp-json\/wp\/v2\/comments?post=3452"}],"wp:featuredmedia":[{"embeddable":true,"href":"https:\/\/www.demusculos.com\/web\/wp-json\/wp\/v2\/media\/3453"}],"wp:attachment":[{"href":"https:\/\/www.demusculos.com\/web\/wp-json\/wp\/v2\/media?parent=3452"}],"wp:term":[{"taxonomy":"product_brand","embeddable":true,"href":"https:\/\/www.demusculos.com\/web\/wp-json\/wp\/v2\/product_brand?post=3452"},{"taxonomy":"product_cat","embeddable":true,"href":"https:\/\/www.demusculos.com\/web\/wp-json\/wp\/v2\/product_cat?post=3452"},{"taxonomy":"product_tag","embeddable":true,"href":"https:\/\/www.demusculos.com\/web\/wp-json\/wp\/v2\/product_tag?post=3452"}],"curies":[{"name":"wp","href":"https:\/\/api.w.org\/{rel}","templated":true}]}}