{"id":3463,"date":"2024-03-18T15:07:58","date_gmt":"2024-03-18T18:07:58","guid":{"rendered":"https:\/\/www.demusculos.com\/web\/?post_type=product&#038;p=3463"},"modified":"2026-02-01T20:02:28","modified_gmt":"2026-02-01T23:02:28","slug":"serious-mass-6-lbs-de-optimum-nutrition","status":"publish","type":"product","link":"https:\/\/www.demusculos.com\/web\/producto\/serious-mass-6-lbs-de-optimum-nutrition\/","title":{"rendered":"Serious Mass 6 lbs de Optimum Nutrition"},"content":{"rendered":"<p>Optimum Nutrition Serious Mass x 6 lb &#8211; Ganador de masa<br \/>\nSerious Mass: Aumenta tu masa muscular sin aumentar tu grasa corporal.<br \/>\nIdeal para personas que deseen tener un rendimiento deportivo de alto nivel. Serious Mass es la \u00faltima revoluci\u00f3n en materia de ganadores de peso. Es el \u00fanico que te aportar\u00e1 252 gramos de carbohidratos por porci\u00f3n, 50 gramos de prote\u00ednas, 1250 calor\u00edas, adem\u00e1s de vitaminas, minerales, creatina y glutamina<br \/>\nBeneficios<br \/>\n-Combina carbohidratos de r\u00e1pida y lenta absorci\u00f3n para as\u00ed ganar masa muscular magra y no grasa.<br \/>\n-Aumenta el aporte cal\u00f3rico, brind\u00e1ndote m\u00e1xima energ\u00eda.<br \/>\n-Ayuda a subir de peso.<br \/>\n-Ayuda a lograr un notable desarrollo muscular de forma r\u00e1pida.<br \/>\nSerious Mass es un ganador de peso que te entrega todos los nutrientes que tus fibras musculares necesitan antes de ir a entrenar. Su mix de carbohidratos de lenta y r\u00e1pida absorci\u00f3n te entregar\u00e1 energ\u00eda durante un periodo de tiempo prolongado, potenciando tu rendimiento en el ejercicio. Despu\u00e9s de realizar actividad f\u00edsica el m\u00fasculo se regenera y utiliza las prote\u00ednas para generar fibras musculares m\u00e1s grandes. Si te ejercitas adecuadamente, duermes lo necesario y tomas Serious Mass, ver\u00e1s resultados impresionantes.<br \/>\nModo de uso:<br \/>\nMezclar dos scoop con 720 ml de agua. Comenzar tomando \u00bd scoop diario despu\u00e9s de la actividad f\u00edsica y luego de una semana pesarse, si no ha subido de peso aumentar la dosis a \u00bd scoop dos veces por d\u00eda (media ma\u00f1ana y despu\u00e9s de entrenar) y luego de una semana pesarse y as\u00ed hasta ver los primeros cambios de peso para ver la dosis adecuada para cada metabolismo.<br \/>\nEntre comidas: Ideal para provocar saciedad entre las comidas. Ingerir entre 1\/2 a 1 scoop.<br \/>\nEnvase: 2730 grs<br \/>\nPorciones: 332 grs<br \/>\nPorciones por envase: 16<\/p>\n","protected":false},"excerpt":{"rendered":"<p>Optimum Nutrition Serious Mass x 6 lb &#8211; Ganador de masa Serious Mass: Aumenta tu masa muscular sin aumentar tu grasa corporal. Ideal para personas que deseen tener un rendimiento deportivo de alto nivel. Serious Mass es la \u00faltima revoluci\u00f3n en materia de ganadores de peso. Es el \u00fanico que te aportar\u00e1 252 gramos de [&hellip;]<\/p>\n","protected":false},"featured_media":3464,"comment_status":"closed","ping_status":"closed","template":"","meta":[],"product_brand":[246],"product_cat":[49],"product_tag":[144],"class_list":{"0":"post-3463","1":"product","2":"type-product","3":"status-publish","4":"has-post-thumbnail","6":"product_brand-optimum-nutrition","7":"product_cat-ganadores-de-peso","8":"product_tag-optimum-nutrition","10":"first","11":"outofstock","12":"sale","13":"shipping-taxable","14":"purchasable","15":"product-type-simple"},"yoast_head":"<!-- This site is optimized with the Yoast SEO plugin v27.4 - https:\/\/yoast.com\/product\/yoast-seo-wordpress\/ -->\n<title>Serious Mass 6 lbs de Optimum Nutrition | DeMusculos<\/title>\n<meta name=\"robots\" content=\"index, follow, max-snippet:-1, max-image-preview:large, max-video-preview:-1\" \/>\n<link rel=\"canonical\" href=\"https:\/\/www.demusculos.com\/web\/producto\/serious-mass-6-lbs-de-optimum-nutrition\/\" \/>\n<meta property=\"og:locale\" content=\"es_ES\" \/>\n<meta property=\"og:type\" content=\"article\" \/>\n<meta property=\"og:title\" content=\"Serious Mass 6 lbs de Optimum Nutrition | DeMusculos\" \/>\n<meta property=\"og:description\" content=\"Optimum Nutrition Serious Mass x 6 lb &#8211; Ganador de masa Serious Mass: Aumenta tu masa muscular sin aumentar tu grasa corporal. Ideal para personas que deseen tener un rendimiento deportivo de alto nivel. Serious Mass es la \u00faltima revoluci\u00f3n en materia de ganadores de peso. Es el \u00fanico que te aportar\u00e1 252 gramos de [&hellip;]\" \/>\n<meta property=\"og:url\" content=\"https:\/\/www.demusculos.com\/web\/producto\/serious-mass-6-lbs-de-optimum-nutrition\/\" \/>\n<meta property=\"og:site_name\" content=\"DeMusculos\" \/>\n<meta property=\"article:publisher\" content=\"https:\/\/www.facebook.com\/demusculos\" \/>\n<meta property=\"article:modified_time\" content=\"2026-02-01T23:02:28+00:00\" \/>\n<meta property=\"og:image\" content=\"https:\/\/www.demusculos.com\/web\/wp-content\/uploads\/2024\/03\/serious-mass-6-lbs-3-kg-optimum-new.jpg\" \/>\n\t<meta property=\"og:image:width\" content=\"1200\" \/>\n\t<meta property=\"og:image:height\" content=\"1200\" \/>\n\t<meta property=\"og:image:type\" content=\"image\/jpeg\" \/>\n<meta name=\"twitter:card\" content=\"summary_large_image\" \/>\n<meta name=\"twitter:site\" content=\"@demusculos\" \/>\n<meta name=\"twitter:label1\" content=\"Tiempo de lectura\" \/>\n\t<meta name=\"twitter:data1\" content=\"2 minutos\" \/>\n<script type=\"application\/ld+json\" class=\"yoast-schema-graph\">{\"@context\":\"https:\\\/\\\/schema.org\",\"@graph\":[{\"@type\":\"WebPage\",\"@id\":\"https:\\\/\\\/www.demusculos.com\\\/web\\\/producto\\\/serious-mass-6-lbs-de-optimum-nutrition\\\/\",\"url\":\"https:\\\/\\\/www.demusculos.com\\\/web\\\/producto\\\/serious-mass-6-lbs-de-optimum-nutrition\\\/\",\"name\":\"Serious Mass 6 lbs de Optimum Nutrition | DeMusculos\",\"isPartOf\":{\"@id\":\"https:\\\/\\\/www.demusculos.com\\\/web\\\/#website\"},\"primaryImageOfPage\":{\"@id\":\"https:\\\/\\\/www.demusculos.com\\\/web\\\/producto\\\/serious-mass-6-lbs-de-optimum-nutrition\\\/#primaryimage\"},\"image\":{\"@id\":\"https:\\\/\\\/www.demusculos.com\\\/web\\\/producto\\\/serious-mass-6-lbs-de-optimum-nutrition\\\/#primaryimage\"},\"thumbnailUrl\":\"https:\\\/\\\/www.demusculos.com\\\/web\\\/wp-content\\\/uploads\\\/2024\\\/03\\\/serious-mass-6-lbs-3-kg-optimum-new.jpg\",\"datePublished\":\"2024-03-18T18:07:58+00:00\",\"dateModified\":\"2026-02-01T23:02:28+00:00\",\"breadcrumb\":{\"@id\":\"https:\\\/\\\/www.demusculos.com\\\/web\\\/producto\\\/serious-mass-6-lbs-de-optimum-nutrition\\\/#breadcrumb\"},\"inLanguage\":\"es\",\"potentialAction\":[{\"@type\":\"ReadAction\",\"target\":[\"https:\\\/\\\/www.demusculos.com\\\/web\\\/producto\\\/serious-mass-6-lbs-de-optimum-nutrition\\\/\"]}]},{\"@type\":\"ImageObject\",\"inLanguage\":\"es\",\"@id\":\"https:\\\/\\\/www.demusculos.com\\\/web\\\/producto\\\/serious-mass-6-lbs-de-optimum-nutrition\\\/#primaryimage\",\"url\":\"https:\\\/\\\/www.demusculos.com\\\/web\\\/wp-content\\\/uploads\\\/2024\\\/03\\\/serious-mass-6-lbs-3-kg-optimum-new.jpg\",\"contentUrl\":\"https:\\\/\\\/www.demusculos.com\\\/web\\\/wp-content\\\/uploads\\\/2024\\\/03\\\/serious-mass-6-lbs-3-kg-optimum-new.jpg\",\"width\":1200,\"height\":1200,\"caption\":\"Serious Mass 6 lbs de Optimum Nutrition\"},{\"@type\":\"BreadcrumbList\",\"@id\":\"https:\\\/\\\/www.demusculos.com\\\/web\\\/producto\\\/serious-mass-6-lbs-de-optimum-nutrition\\\/#breadcrumb\",\"itemListElement\":[{\"@type\":\"ListItem\",\"position\":1,\"name\":\"Inicio\",\"item\":\"https:\\\/\\\/www.demusculos.com\\\/web\\\/\"},{\"@type\":\"ListItem\",\"position\":2,\"name\":\"Suplementos\",\"item\":\"https:\\\/\\\/www.demusculos.com\\\/web\\\/tienda\\\/\"},{\"@type\":\"ListItem\",\"position\":3,\"name\":\"Serious Mass 6 lbs de Optimum Nutrition\"}]},{\"@type\":\"WebSite\",\"@id\":\"https:\\\/\\\/www.demusculos.com\\\/web\\\/#website\",\"url\":\"https:\\\/\\\/www.demusculos.com\\\/web\\\/\",\"name\":\"DeMusculos.com\",\"description\":\"Suplementos Naturales\",\"publisher\":{\"@id\":\"https:\\\/\\\/www.demusculos.com\\\/web\\\/#organization\"},\"alternateName\":\"Suplementos Naturales\",\"potentialAction\":[{\"@type\":\"SearchAction\",\"target\":{\"@type\":\"EntryPoint\",\"urlTemplate\":\"https:\\\/\\\/www.demusculos.com\\\/web\\\/?s={search_term_string}\"},\"query-input\":{\"@type\":\"PropertyValueSpecification\",\"valueRequired\":true,\"valueName\":\"search_term_string\"}}],\"inLanguage\":\"es\"},{\"@type\":\"Organization\",\"@id\":\"https:\\\/\\\/www.demusculos.com\\\/web\\\/#organization\",\"name\":\"DeMusculos.com\",\"alternateName\":\"DeMusculos\",\"url\":\"https:\\\/\\\/www.demusculos.com\\\/web\\\/\",\"logo\":{\"@type\":\"ImageObject\",\"inLanguage\":\"es\",\"@id\":\"https:\\\/\\\/www.demusculos.com\\\/web\\\/#\\\/schema\\\/logo\\\/image\\\/\",\"url\":\"https:\\\/\\\/www.demusculos.com\\\/web\\\/wp-content\\\/uploads\\\/2024\\\/02\\\/logo-demusculos-prestashop-usuario.png\",\"contentUrl\":\"https:\\\/\\\/www.demusculos.com\\\/web\\\/wp-content\\\/uploads\\\/2024\\\/02\\\/logo-demusculos-prestashop-usuario.png\",\"width\":150,\"height\":150,\"caption\":\"DeMusculos.com\"},\"image\":{\"@id\":\"https:\\\/\\\/www.demusculos.com\\\/web\\\/#\\\/schema\\\/logo\\\/image\\\/\"},\"sameAs\":[\"https:\\\/\\\/www.facebook.com\\\/demusculos\",\"https:\\\/\\\/x.com\\\/demusculos\",\"https:\\\/\\\/www.instagram.com\\\/demusculos\",\"https:\\\/\\\/www.tiktok.com\\\/@demusculos.com\"]}]}<\/script>\n<!-- \/ Yoast SEO plugin. -->","yoast_head_json":{"title":"Serious Mass 6 lbs de Optimum Nutrition | DeMusculos","robots":{"index":"index","follow":"follow","max-snippet":"max-snippet:-1","max-image-preview":"max-image-preview:large","max-video-preview":"max-video-preview:-1"},"canonical":"https:\/\/www.demusculos.com\/web\/producto\/serious-mass-6-lbs-de-optimum-nutrition\/","og_locale":"es_ES","og_type":"article","og_title":"Serious Mass 6 lbs de Optimum Nutrition | DeMusculos","og_description":"Optimum Nutrition Serious Mass x 6 lb &#8211; Ganador de masa Serious Mass: Aumenta tu masa muscular sin aumentar tu grasa corporal. Ideal para personas que deseen tener un rendimiento deportivo de alto nivel. Serious Mass es la \u00faltima revoluci\u00f3n en materia de ganadores de peso. Es el \u00fanico que te aportar\u00e1 252 gramos de [&hellip;]","og_url":"https:\/\/www.demusculos.com\/web\/producto\/serious-mass-6-lbs-de-optimum-nutrition\/","og_site_name":"DeMusculos","article_publisher":"https:\/\/www.facebook.com\/demusculos","article_modified_time":"2026-02-01T23:02:28+00:00","og_image":[{"width":1200,"height":1200,"url":"https:\/\/www.demusculos.com\/web\/wp-content\/uploads\/2024\/03\/serious-mass-6-lbs-3-kg-optimum-new.jpg","type":"image\/jpeg"}],"twitter_card":"summary_large_image","twitter_site":"@demusculos","twitter_misc":{"Tiempo de lectura":"2 minutos"},"schema":{"@context":"https:\/\/schema.org","@graph":[{"@type":"WebPage","@id":"https:\/\/www.demusculos.com\/web\/producto\/serious-mass-6-lbs-de-optimum-nutrition\/","url":"https:\/\/www.demusculos.com\/web\/producto\/serious-mass-6-lbs-de-optimum-nutrition\/","name":"Serious Mass 6 lbs de Optimum Nutrition | DeMusculos","isPartOf":{"@id":"https:\/\/www.demusculos.com\/web\/#website"},"primaryImageOfPage":{"@id":"https:\/\/www.demusculos.com\/web\/producto\/serious-mass-6-lbs-de-optimum-nutrition\/#primaryimage"},"image":{"@id":"https:\/\/www.demusculos.com\/web\/producto\/serious-mass-6-lbs-de-optimum-nutrition\/#primaryimage"},"thumbnailUrl":"https:\/\/www.demusculos.com\/web\/wp-content\/uploads\/2024\/03\/serious-mass-6-lbs-3-kg-optimum-new.jpg","datePublished":"2024-03-18T18:07:58+00:00","dateModified":"2026-02-01T23:02:28+00:00","breadcrumb":{"@id":"https:\/\/www.demusculos.com\/web\/producto\/serious-mass-6-lbs-de-optimum-nutrition\/#breadcrumb"},"inLanguage":"es","potentialAction":[{"@type":"ReadAction","target":["https:\/\/www.demusculos.com\/web\/producto\/serious-mass-6-lbs-de-optimum-nutrition\/"]}]},{"@type":"ImageObject","inLanguage":"es","@id":"https:\/\/www.demusculos.com\/web\/producto\/serious-mass-6-lbs-de-optimum-nutrition\/#primaryimage","url":"https:\/\/www.demusculos.com\/web\/wp-content\/uploads\/2024\/03\/serious-mass-6-lbs-3-kg-optimum-new.jpg","contentUrl":"https:\/\/www.demusculos.com\/web\/wp-content\/uploads\/2024\/03\/serious-mass-6-lbs-3-kg-optimum-new.jpg","width":1200,"height":1200,"caption":"Serious Mass 6 lbs de Optimum Nutrition"},{"@type":"BreadcrumbList","@id":"https:\/\/www.demusculos.com\/web\/producto\/serious-mass-6-lbs-de-optimum-nutrition\/#breadcrumb","itemListElement":[{"@type":"ListItem","position":1,"name":"Inicio","item":"https:\/\/www.demusculos.com\/web\/"},{"@type":"ListItem","position":2,"name":"Suplementos","item":"https:\/\/www.demusculos.com\/web\/tienda\/"},{"@type":"ListItem","position":3,"name":"Serious Mass 6 lbs de Optimum Nutrition"}]},{"@type":"WebSite","@id":"https:\/\/www.demusculos.com\/web\/#website","url":"https:\/\/www.demusculos.com\/web\/","name":"DeMusculos.com","description":"Suplementos Naturales","publisher":{"@id":"https:\/\/www.demusculos.com\/web\/#organization"},"alternateName":"Suplementos Naturales","potentialAction":[{"@type":"SearchAction","target":{"@type":"EntryPoint","urlTemplate":"https:\/\/www.demusculos.com\/web\/?s={search_term_string}"},"query-input":{"@type":"PropertyValueSpecification","valueRequired":true,"valueName":"search_term_string"}}],"inLanguage":"es"},{"@type":"Organization","@id":"https:\/\/www.demusculos.com\/web\/#organization","name":"DeMusculos.com","alternateName":"DeMusculos","url":"https:\/\/www.demusculos.com\/web\/","logo":{"@type":"ImageObject","inLanguage":"es","@id":"https:\/\/www.demusculos.com\/web\/#\/schema\/logo\/image\/","url":"https:\/\/www.demusculos.com\/web\/wp-content\/uploads\/2024\/02\/logo-demusculos-prestashop-usuario.png","contentUrl":"https:\/\/www.demusculos.com\/web\/wp-content\/uploads\/2024\/02\/logo-demusculos-prestashop-usuario.png","width":150,"height":150,"caption":"DeMusculos.com"},"image":{"@id":"https:\/\/www.demusculos.com\/web\/#\/schema\/logo\/image\/"},"sameAs":["https:\/\/www.facebook.com\/demusculos","https:\/\/x.com\/demusculos","https:\/\/www.instagram.com\/demusculos","https:\/\/www.tiktok.com\/@demusculos.com"]}]}},"_links":{"self":[{"href":"https:\/\/www.demusculos.com\/web\/wp-json\/wp\/v2\/product\/3463","targetHints":{"allow":["GET"]}}],"collection":[{"href":"https:\/\/www.demusculos.com\/web\/wp-json\/wp\/v2\/product"}],"about":[{"href":"https:\/\/www.demusculos.com\/web\/wp-json\/wp\/v2\/types\/product"}],"replies":[{"embeddable":true,"href":"https:\/\/www.demusculos.com\/web\/wp-json\/wp\/v2\/comments?post=3463"}],"wp:featuredmedia":[{"embeddable":true,"href":"https:\/\/www.demusculos.com\/web\/wp-json\/wp\/v2\/media\/3464"}],"wp:attachment":[{"href":"https:\/\/www.demusculos.com\/web\/wp-json\/wp\/v2\/media?parent=3463"}],"wp:term":[{"taxonomy":"product_brand","embeddable":true,"href":"https:\/\/www.demusculos.com\/web\/wp-json\/wp\/v2\/product_brand?post=3463"},{"taxonomy":"product_cat","embeddable":true,"href":"https:\/\/www.demusculos.com\/web\/wp-json\/wp\/v2\/product_cat?post=3463"},{"taxonomy":"product_tag","embeddable":true,"href":"https:\/\/www.demusculos.com\/web\/wp-json\/wp\/v2\/product_tag?post=3463"}],"curies":[{"name":"wp","href":"https:\/\/api.w.org\/{rel}","templated":true}]}}