{"id":3474,"date":"2024-03-18T15:21:26","date_gmt":"2024-03-18T18:21:26","guid":{"rendered":"https:\/\/www.demusculos.com\/web\/?post_type=product&#038;p=3474"},"modified":"2026-02-01T20:02:28","modified_gmt":"2026-02-01T23:02:28","slug":"amino-energy-de-o-n-270-grs-30-tomas","status":"publish","type":"product","link":"https:\/\/www.demusculos.com\/web\/producto\/amino-energy-de-o-n-270-grs-30-tomas\/","title":{"rendered":"Amino Energy de O.N. 270 grs 30 tomas"},"content":{"rendered":"<h2>Amino Energy Optimum Nutrition<\/h2>\n<p>El Amino Energy Optimum Nutrition se fabrica en Estados Unidos, es un super amino\u00e1cidos de tipo BCAA en polvo, de r\u00e1pida asimilaci\u00f3n, que te ayuda a recuperarte m\u00e1s r\u00e1pidamente. A mayor recuperaci\u00f3n m\u00e1s masa muscular. Entrenar con este tipo de amino\u00e1cidos te hace subir escalones m\u00e1s r\u00e1pidamente.<\/p>\n<figure id=\"attachment_3485\" aria-describedby=\"caption-attachment-3485\" style=\"width: 446px\" class=\"wp-caption alignnone\"><img decoding=\"async\" class=\"size-full wp-image-3485\" src=\"https:\/\/www.demusculos.com\/web\/wp-content\/uploads\/2024\/03\/logo-optimum-nutrition.png\" alt=\"Logo de Optiumum Nutrition. Suplementos Naturales importados de Estados Unidos.\" width=\"446\" height=\"103\" srcset=\"https:\/\/www.demusculos.com\/web\/wp-content\/uploads\/2024\/03\/logo-optimum-nutrition.png 446w, https:\/\/www.demusculos.com\/web\/wp-content\/uploads\/2024\/03\/logo-optimum-nutrition-300x69.png 300w, https:\/\/www.demusculos.com\/web\/wp-content\/uploads\/2024\/03\/logo-optimum-nutrition-150x35.png 150w, https:\/\/www.demusculos.com\/web\/wp-content\/uploads\/2024\/03\/logo-optimum-nutrition-416x96.png 416w\" sizes=\"(max-width: 446px) 100vw, 446px\" \/><figcaption id=\"caption-attachment-3485\" class=\"wp-caption-text\">Logo de Optiumum Nutrition. Suplementos Naturales importados de Estados Unidos.<\/figcaption><\/figure>\n<p>Essential Amino Energy combina amino\u00e1cidos de r\u00e1pida absorci\u00f3n (incluyendo los constructores musculares BCAA y Arginina) con energizantes naturales, Beta Alanina e ingredientes potenciadores de \u00d3xido N\u00edtrico.<br \/>\nContiene s\u00f3lo 5 calor\u00edas por porci\u00f3n.<br \/>\nPrincipales caracter\u00edsticas:<br \/>\nContribuye en el transporte de los amino\u00e1cidos esenciales.<br \/>\nFavorece la producci\u00f3n de \u00f3xido n\u00edtrico.<\/p>\n<figure id=\"attachment_124\" aria-describedby=\"caption-attachment-124\" style=\"width: 300px\" class=\"wp-caption alignnone\"><img fetchpriority=\"high\" decoding=\"async\" class=\"size-full wp-image-124\" src=\"https:\/\/www.demusculos.com\/web\/wp-content\/uploads\/2024\/02\/masa-muscular.png\" alt=\"Este suplemento natural es ideal para aumentar la masa muscular, incrementar la recuperaci\u00f3n muscular en hombres y mujeres.\" width=\"300\" height=\"300\" srcset=\"https:\/\/www.demusculos.com\/web\/wp-content\/uploads\/2024\/02\/masa-muscular.png 300w, https:\/\/www.demusculos.com\/web\/wp-content\/uploads\/2024\/02\/masa-muscular-150x150.png 150w\" sizes=\"(max-width: 300px) 100vw, 300px\" \/><figcaption id=\"caption-attachment-124\" class=\"wp-caption-text\">Es ideal para recuperaci\u00f3n muscular. A mayor recuperaci\u00f3n m\u00e1s aumento de masa muscular y rendimiento. Tambi\u00e9n lograremos m\u00e1s tono muscular. Las prote\u00ednas nos dan saciedad y son ideales para las dietas.<\/figcaption><\/figure>\n<p>Acelera la recuperaci\u00f3n muscular.<br \/>\nContiene: Amino\u00e1cidos Micronizados, Beta-Alanina, Cafe\u00edna del t\u00e9 verde, Extracto de T\u00e9 Verde, Extracto de Caf\u00e9 Verde. Sin grasas ni az\u00facar.<br \/>\nPresentaci\u00f3n: 270 gramos.<br \/>\nModo de Empleo:<br \/>\nComo suplemento nutricional: mezclar 2 medidas en 300-350ml de agua fr\u00eda.<\/p>\n<h2>Obt\u00e9n diferentes beneficios seg\u00fan cuando tomes<\/h2>\n<p><em><strong>Para un refuerzo de amino\u00e1cidos<\/strong><\/em>: consumir uno o m\u00e1s servicios a primera hora de la ma\u00f1ana y\/o entre las comidas.<\/p>\n<p><em><strong>Si quieres energ\u00eda pre-entrenamiento<\/strong><\/em>: Tomar 1-3 servicios 20-30 minutos antes de entrenar.<\/p>\n<p><em><strong>si buscas una recuperaci\u00f3n post-entrenamiento<\/strong><\/em>: Tomar 1-2 servicios inmediatamente despu\u00e9s del entrenamiento.<\/p>\n<p>Aprende m\u00e1s sobre los ingredientes de este producto:<\/p>\n<ul>\n<li><strong><a href=\"https:\/\/www.demusculos.com\/contenidos\/glutamina\/\">Glutamina \/ L-Glutamina<\/a><\/strong><\/li>\n<li><strong><a href=\"https:\/\/www.demusculos.com\/contenidos\/taurina\/\">Taurina<\/a><\/strong><\/li>\n<li><strong><a href=\"https:\/\/www.demusculos.com\/contenidos\/l-arginina-como-vasodilatador-oxido-nitrico\/\">Arginina \/ L-Arginina<\/a><\/strong><\/li>\n<li><strong><a href=\"https:\/\/www.demusculos.com\/contenidos\/l-isoleucina\/\">Isoleucina \/ L-Isoleucina<\/a><\/strong><\/li>\n<li><strong><a href=\"https:\/\/www.demusculos.com\/contenidos\/l-leucina\/\">Leucina \/ L-Leucina<\/a><\/strong><\/li>\n<li><a href=\"https:\/\/www.demusculos.com\/contenidos\/l-valina\/\"><strong>Valina \/ L-Valina<\/strong><\/a><\/li>\n<\/ul>\n<p>&nbsp;<\/p>\n","protected":false},"excerpt":{"rendered":"<p>Amino Energy Optimum Nutrition es uno de los productos m\u00e1s vers\u00e1tiles para subir la masa muscular, aumentar la energ\u00eda y mejorar el rendimiento. Haz lo mismo que siempre, pero mejor, los resultados se ver\u00e1n.<\/p>\n","protected":false},"featured_media":3477,"comment_status":"closed","ping_status":"closed","template":"","meta":[],"product_brand":[246],"product_cat":[44],"product_tag":[144],"class_list":{"0":"post-3474","1":"product","2":"type-product","3":"status-publish","4":"has-post-thumbnail","6":"product_brand-optimum-nutrition","7":"product_cat-aminoacidos","8":"product_tag-optimum-nutrition","10":"first","11":"instock","12":"sale","13":"shipping-taxable","14":"purchasable","15":"product-type-simple"},"yoast_head":"<!-- This site is optimized with the Yoast SEO plugin v27.4 - https:\/\/yoast.com\/product\/yoast-seo-wordpress\/ -->\n<title>Amino Energy Optimum Nutrition | 270 grs | 30 tomas | DeMusculos<\/title>\n<meta name=\"description\" content=\"El Amino Energy Optimum Nutrition es un excelente BCAA que te ayuda a subir de peso (construir masa muscular magra, libre de grasas). Energ\u00eda. Rendimiento.\" \/>\n<meta name=\"robots\" content=\"index, follow, max-snippet:-1, max-image-preview:large, max-video-preview:-1\" \/>\n<link rel=\"canonical\" href=\"https:\/\/www.demusculos.com\/web\/producto\/amino-energy-de-o-n-270-grs-30-tomas\/\" \/>\n<meta property=\"og:locale\" content=\"es_ES\" \/>\n<meta property=\"og:type\" content=\"article\" \/>\n<meta property=\"og:title\" content=\"Amino Energy Optimum Nutrition | 270 grs | 30 tomas | DeMusculos\" \/>\n<meta property=\"og:description\" content=\"El Amino Energy Optimum Nutrition es un excelente BCAA que te ayuda a subir de peso (construir masa muscular magra, libre de grasas). Energ\u00eda. Rendimiento.\" \/>\n<meta property=\"og:url\" content=\"https:\/\/www.demusculos.com\/web\/producto\/amino-energy-de-o-n-270-grs-30-tomas\/\" \/>\n<meta property=\"og:site_name\" content=\"DeMusculos\" \/>\n<meta property=\"article:publisher\" content=\"https:\/\/www.facebook.com\/demusculos\" \/>\n<meta property=\"article:modified_time\" content=\"2026-02-01T23:02:28+00:00\" \/>\n<meta property=\"og:image\" content=\"https:\/\/www.demusculos.com\/web\/wp-content\/uploads\/2024\/03\/amino-energy-GRAPE-chico-on-01.jpg\" \/>\n\t<meta property=\"og:image:width\" content=\"1200\" \/>\n\t<meta property=\"og:image:height\" content=\"1200\" \/>\n\t<meta property=\"og:image:type\" content=\"image\/jpeg\" \/>\n<meta name=\"twitter:card\" content=\"summary_large_image\" \/>\n<meta name=\"twitter:site\" content=\"@demusculos\" \/>\n<meta name=\"twitter:label1\" content=\"Tiempo de lectura\" \/>\n\t<meta name=\"twitter:data1\" content=\"2 minutos\" \/>\n<script type=\"application\/ld+json\" class=\"yoast-schema-graph\">{\"@context\":\"https:\\\/\\\/schema.org\",\"@graph\":[{\"@type\":\"WebPage\",\"@id\":\"https:\\\/\\\/www.demusculos.com\\\/web\\\/producto\\\/amino-energy-de-o-n-270-grs-30-tomas\\\/\",\"url\":\"https:\\\/\\\/www.demusculos.com\\\/web\\\/producto\\\/amino-energy-de-o-n-270-grs-30-tomas\\\/\",\"name\":\"Amino Energy Optimum Nutrition | 270 grs | 30 tomas | DeMusculos\",\"isPartOf\":{\"@id\":\"https:\\\/\\\/www.demusculos.com\\\/web\\\/#website\"},\"primaryImageOfPage\":{\"@id\":\"https:\\\/\\\/www.demusculos.com\\\/web\\\/producto\\\/amino-energy-de-o-n-270-grs-30-tomas\\\/#primaryimage\"},\"image\":{\"@id\":\"https:\\\/\\\/www.demusculos.com\\\/web\\\/producto\\\/amino-energy-de-o-n-270-grs-30-tomas\\\/#primaryimage\"},\"thumbnailUrl\":\"https:\\\/\\\/www.demusculos.com\\\/web\\\/wp-content\\\/uploads\\\/2024\\\/03\\\/amino-energy-GRAPE-chico-on-01.jpg\",\"datePublished\":\"2024-03-18T18:21:26+00:00\",\"dateModified\":\"2026-02-01T23:02:28+00:00\",\"description\":\"El Amino Energy Optimum Nutrition es un excelente BCAA que te ayuda a subir de peso (construir masa muscular magra, libre de grasas). Energ\u00eda. Rendimiento.\",\"breadcrumb\":{\"@id\":\"https:\\\/\\\/www.demusculos.com\\\/web\\\/producto\\\/amino-energy-de-o-n-270-grs-30-tomas\\\/#breadcrumb\"},\"inLanguage\":\"es\",\"potentialAction\":[{\"@type\":\"ReadAction\",\"target\":[\"https:\\\/\\\/www.demusculos.com\\\/web\\\/producto\\\/amino-energy-de-o-n-270-grs-30-tomas\\\/\"]}]},{\"@type\":\"ImageObject\",\"inLanguage\":\"es\",\"@id\":\"https:\\\/\\\/www.demusculos.com\\\/web\\\/producto\\\/amino-energy-de-o-n-270-grs-30-tomas\\\/#primaryimage\",\"url\":\"https:\\\/\\\/www.demusculos.com\\\/web\\\/wp-content\\\/uploads\\\/2024\\\/03\\\/amino-energy-GRAPE-chico-on-01.jpg\",\"contentUrl\":\"https:\\\/\\\/www.demusculos.com\\\/web\\\/wp-content\\\/uploads\\\/2024\\\/03\\\/amino-energy-GRAPE-chico-on-01.jpg\",\"width\":1200,\"height\":1200,\"caption\":\"Amino Energy de 30 tomas 270 grs GRAPE\"},{\"@type\":\"BreadcrumbList\",\"@id\":\"https:\\\/\\\/www.demusculos.com\\\/web\\\/producto\\\/amino-energy-de-o-n-270-grs-30-tomas\\\/#breadcrumb\",\"itemListElement\":[{\"@type\":\"ListItem\",\"position\":1,\"name\":\"Inicio\",\"item\":\"https:\\\/\\\/www.demusculos.com\\\/web\\\/\"},{\"@type\":\"ListItem\",\"position\":2,\"name\":\"Suplementos\",\"item\":\"https:\\\/\\\/www.demusculos.com\\\/web\\\/tienda\\\/\"},{\"@type\":\"ListItem\",\"position\":3,\"name\":\"Amino Energy de O.N. 270 grs 30 tomas\"}]},{\"@type\":\"WebSite\",\"@id\":\"https:\\\/\\\/www.demusculos.com\\\/web\\\/#website\",\"url\":\"https:\\\/\\\/www.demusculos.com\\\/web\\\/\",\"name\":\"DeMusculos.com\",\"description\":\"Suplementos Naturales\",\"publisher\":{\"@id\":\"https:\\\/\\\/www.demusculos.com\\\/web\\\/#organization\"},\"alternateName\":\"Suplementos Naturales\",\"potentialAction\":[{\"@type\":\"SearchAction\",\"target\":{\"@type\":\"EntryPoint\",\"urlTemplate\":\"https:\\\/\\\/www.demusculos.com\\\/web\\\/?s={search_term_string}\"},\"query-input\":{\"@type\":\"PropertyValueSpecification\",\"valueRequired\":true,\"valueName\":\"search_term_string\"}}],\"inLanguage\":\"es\"},{\"@type\":\"Organization\",\"@id\":\"https:\\\/\\\/www.demusculos.com\\\/web\\\/#organization\",\"name\":\"DeMusculos.com\",\"alternateName\":\"DeMusculos\",\"url\":\"https:\\\/\\\/www.demusculos.com\\\/web\\\/\",\"logo\":{\"@type\":\"ImageObject\",\"inLanguage\":\"es\",\"@id\":\"https:\\\/\\\/www.demusculos.com\\\/web\\\/#\\\/schema\\\/logo\\\/image\\\/\",\"url\":\"https:\\\/\\\/www.demusculos.com\\\/web\\\/wp-content\\\/uploads\\\/2024\\\/02\\\/logo-demusculos-prestashop-usuario.png\",\"contentUrl\":\"https:\\\/\\\/www.demusculos.com\\\/web\\\/wp-content\\\/uploads\\\/2024\\\/02\\\/logo-demusculos-prestashop-usuario.png\",\"width\":150,\"height\":150,\"caption\":\"DeMusculos.com\"},\"image\":{\"@id\":\"https:\\\/\\\/www.demusculos.com\\\/web\\\/#\\\/schema\\\/logo\\\/image\\\/\"},\"sameAs\":[\"https:\\\/\\\/www.facebook.com\\\/demusculos\",\"https:\\\/\\\/x.com\\\/demusculos\",\"https:\\\/\\\/www.instagram.com\\\/demusculos\",\"https:\\\/\\\/www.tiktok.com\\\/@demusculos.com\"]}]}<\/script>\n<!-- \/ Yoast SEO plugin. -->","yoast_head_json":{"title":"Amino Energy Optimum Nutrition | 270 grs | 30 tomas | DeMusculos","description":"El Amino Energy Optimum Nutrition es un excelente BCAA que te ayuda a subir de peso (construir masa muscular magra, libre de grasas). Energ\u00eda. Rendimiento.","robots":{"index":"index","follow":"follow","max-snippet":"max-snippet:-1","max-image-preview":"max-image-preview:large","max-video-preview":"max-video-preview:-1"},"canonical":"https:\/\/www.demusculos.com\/web\/producto\/amino-energy-de-o-n-270-grs-30-tomas\/","og_locale":"es_ES","og_type":"article","og_title":"Amino Energy Optimum Nutrition | 270 grs | 30 tomas | DeMusculos","og_description":"El Amino Energy Optimum Nutrition es un excelente BCAA que te ayuda a subir de peso (construir masa muscular magra, libre de grasas). Energ\u00eda. Rendimiento.","og_url":"https:\/\/www.demusculos.com\/web\/producto\/amino-energy-de-o-n-270-grs-30-tomas\/","og_site_name":"DeMusculos","article_publisher":"https:\/\/www.facebook.com\/demusculos","article_modified_time":"2026-02-01T23:02:28+00:00","og_image":[{"width":1200,"height":1200,"url":"https:\/\/www.demusculos.com\/web\/wp-content\/uploads\/2024\/03\/amino-energy-GRAPE-chico-on-01.jpg","type":"image\/jpeg"}],"twitter_card":"summary_large_image","twitter_site":"@demusculos","twitter_misc":{"Tiempo de lectura":"2 minutos"},"schema":{"@context":"https:\/\/schema.org","@graph":[{"@type":"WebPage","@id":"https:\/\/www.demusculos.com\/web\/producto\/amino-energy-de-o-n-270-grs-30-tomas\/","url":"https:\/\/www.demusculos.com\/web\/producto\/amino-energy-de-o-n-270-grs-30-tomas\/","name":"Amino Energy Optimum Nutrition | 270 grs | 30 tomas | DeMusculos","isPartOf":{"@id":"https:\/\/www.demusculos.com\/web\/#website"},"primaryImageOfPage":{"@id":"https:\/\/www.demusculos.com\/web\/producto\/amino-energy-de-o-n-270-grs-30-tomas\/#primaryimage"},"image":{"@id":"https:\/\/www.demusculos.com\/web\/producto\/amino-energy-de-o-n-270-grs-30-tomas\/#primaryimage"},"thumbnailUrl":"https:\/\/www.demusculos.com\/web\/wp-content\/uploads\/2024\/03\/amino-energy-GRAPE-chico-on-01.jpg","datePublished":"2024-03-18T18:21:26+00:00","dateModified":"2026-02-01T23:02:28+00:00","description":"El Amino Energy Optimum Nutrition es un excelente BCAA que te ayuda a subir de peso (construir masa muscular magra, libre de grasas). Energ\u00eda. Rendimiento.","breadcrumb":{"@id":"https:\/\/www.demusculos.com\/web\/producto\/amino-energy-de-o-n-270-grs-30-tomas\/#breadcrumb"},"inLanguage":"es","potentialAction":[{"@type":"ReadAction","target":["https:\/\/www.demusculos.com\/web\/producto\/amino-energy-de-o-n-270-grs-30-tomas\/"]}]},{"@type":"ImageObject","inLanguage":"es","@id":"https:\/\/www.demusculos.com\/web\/producto\/amino-energy-de-o-n-270-grs-30-tomas\/#primaryimage","url":"https:\/\/www.demusculos.com\/web\/wp-content\/uploads\/2024\/03\/amino-energy-GRAPE-chico-on-01.jpg","contentUrl":"https:\/\/www.demusculos.com\/web\/wp-content\/uploads\/2024\/03\/amino-energy-GRAPE-chico-on-01.jpg","width":1200,"height":1200,"caption":"Amino Energy de 30 tomas 270 grs GRAPE"},{"@type":"BreadcrumbList","@id":"https:\/\/www.demusculos.com\/web\/producto\/amino-energy-de-o-n-270-grs-30-tomas\/#breadcrumb","itemListElement":[{"@type":"ListItem","position":1,"name":"Inicio","item":"https:\/\/www.demusculos.com\/web\/"},{"@type":"ListItem","position":2,"name":"Suplementos","item":"https:\/\/www.demusculos.com\/web\/tienda\/"},{"@type":"ListItem","position":3,"name":"Amino Energy de O.N. 270 grs 30 tomas"}]},{"@type":"WebSite","@id":"https:\/\/www.demusculos.com\/web\/#website","url":"https:\/\/www.demusculos.com\/web\/","name":"DeMusculos.com","description":"Suplementos Naturales","publisher":{"@id":"https:\/\/www.demusculos.com\/web\/#organization"},"alternateName":"Suplementos Naturales","potentialAction":[{"@type":"SearchAction","target":{"@type":"EntryPoint","urlTemplate":"https:\/\/www.demusculos.com\/web\/?s={search_term_string}"},"query-input":{"@type":"PropertyValueSpecification","valueRequired":true,"valueName":"search_term_string"}}],"inLanguage":"es"},{"@type":"Organization","@id":"https:\/\/www.demusculos.com\/web\/#organization","name":"DeMusculos.com","alternateName":"DeMusculos","url":"https:\/\/www.demusculos.com\/web\/","logo":{"@type":"ImageObject","inLanguage":"es","@id":"https:\/\/www.demusculos.com\/web\/#\/schema\/logo\/image\/","url":"https:\/\/www.demusculos.com\/web\/wp-content\/uploads\/2024\/02\/logo-demusculos-prestashop-usuario.png","contentUrl":"https:\/\/www.demusculos.com\/web\/wp-content\/uploads\/2024\/02\/logo-demusculos-prestashop-usuario.png","width":150,"height":150,"caption":"DeMusculos.com"},"image":{"@id":"https:\/\/www.demusculos.com\/web\/#\/schema\/logo\/image\/"},"sameAs":["https:\/\/www.facebook.com\/demusculos","https:\/\/x.com\/demusculos","https:\/\/www.instagram.com\/demusculos","https:\/\/www.tiktok.com\/@demusculos.com"]}]}},"_links":{"self":[{"href":"https:\/\/www.demusculos.com\/web\/wp-json\/wp\/v2\/product\/3474","targetHints":{"allow":["GET"]}}],"collection":[{"href":"https:\/\/www.demusculos.com\/web\/wp-json\/wp\/v2\/product"}],"about":[{"href":"https:\/\/www.demusculos.com\/web\/wp-json\/wp\/v2\/types\/product"}],"replies":[{"embeddable":true,"href":"https:\/\/www.demusculos.com\/web\/wp-json\/wp\/v2\/comments?post=3474"}],"wp:featuredmedia":[{"embeddable":true,"href":"https:\/\/www.demusculos.com\/web\/wp-json\/wp\/v2\/media\/3477"}],"wp:attachment":[{"href":"https:\/\/www.demusculos.com\/web\/wp-json\/wp\/v2\/media?parent=3474"}],"wp:term":[{"taxonomy":"product_brand","embeddable":true,"href":"https:\/\/www.demusculos.com\/web\/wp-json\/wp\/v2\/product_brand?post=3474"},{"taxonomy":"product_cat","embeddable":true,"href":"https:\/\/www.demusculos.com\/web\/wp-json\/wp\/v2\/product_cat?post=3474"},{"taxonomy":"product_tag","embeddable":true,"href":"https:\/\/www.demusculos.com\/web\/wp-json\/wp\/v2\/product_tag?post=3474"}],"curies":[{"name":"wp","href":"https:\/\/api.w.org\/{rel}","templated":true}]}}