{"id":3501,"date":"2024-03-18T17:38:01","date_gmt":"2024-03-18T20:38:01","guid":{"rendered":"https:\/\/www.demusculos.com\/web\/?post_type=product&#038;p=3501"},"modified":"2026-02-01T20:02:27","modified_gmt":"2026-02-01T23:02:27","slug":"proteina-syntha-6-de-bsn-5-lbs","status":"publish","type":"product","link":"https:\/\/www.demusculos.com\/web\/producto\/proteina-syntha-6-de-bsn-5-lbs\/","title":{"rendered":"Prote\u00edna Syntha 6 de BSN 5 Lbs o 2.25 kg"},"content":{"rendered":"<p>Proteina importada de USA<br \/>\nMarca BSN<br \/>\nIdeal para aumento de masa muscular, rendimiento, recuperacion<br \/>\nPreparar con agua o leche de tipo descremada<br \/>\n100% calidad<br \/>\n5 Lbs<br \/>\nPolvo<\/p>\n<p>Sellado en USA<br \/>\nImportado de USA o EUROPA<br \/>\nIdeal para recuperaci\u00f3n post entreno. Al haber mas recuperaci\u00f3n hay mas rendimiento y masa muscular.<br \/>\nPara hombres y mujeres.<br \/>\nEl resultado se nota solo en un mes. El rendimiento se eleva y la masa muscular mejora.<\/p>\n<figure id=\"attachment_3505\" aria-describedby=\"caption-attachment-3505\" style=\"width: 600px\" class=\"wp-caption alignnone\"><img fetchpriority=\"high\" decoding=\"async\" class=\"size-full wp-image-3505\" src=\"https:\/\/www.demusculos.com\/web\/wp-content\/uploads\/2024\/03\/syntha-6-proteina-5-lbs-05.jpg\" alt=\"Syntha 6 de BSN, prote\u00edna de 5 lbs de tama\u00f1o, importada de USA - 22 grs de prote\u00edna\" width=\"600\" height=\"600\" srcset=\"https:\/\/www.demusculos.com\/web\/wp-content\/uploads\/2024\/03\/syntha-6-proteina-5-lbs-05.jpg 600w, https:\/\/www.demusculos.com\/web\/wp-content\/uploads\/2024\/03\/syntha-6-proteina-5-lbs-05-300x300.jpg 300w, https:\/\/www.demusculos.com\/web\/wp-content\/uploads\/2024\/03\/syntha-6-proteina-5-lbs-05-150x150.jpg 150w, https:\/\/www.demusculos.com\/web\/wp-content\/uploads\/2024\/03\/syntha-6-proteina-5-lbs-05-416x416.jpg 416w\" sizes=\"(max-width: 600px) 100vw, 600px\" \/><figcaption id=\"caption-attachment-3505\" class=\"wp-caption-text\">Syntha 6 de BSN, prote\u00edna de 5 lbs de tama\u00f1o, importada de USA &#8211; 22 grs de prote\u00edna<\/figcaption><\/figure>\n","protected":false},"excerpt":{"rendered":"<p>Prote\u00edna importada. 6 tipos de prote\u00edna en 1 sola. Una de las mejores prote\u00ednas del mundo. La m\u00e1s reconocida a nivel mundial.<\/p>\n","protected":false},"featured_media":3502,"comment_status":"closed","ping_status":"closed","template":"","meta":[],"product_brand":[244],"product_cat":[16],"product_tag":[148],"class_list":{"0":"post-3501","1":"product","2":"type-product","3":"status-publish","4":"has-post-thumbnail","6":"product_brand-bsn","7":"product_cat-proteinas","8":"product_tag-bsn","10":"first","11":"outofstock","12":"sale","13":"shipping-taxable","14":"purchasable","15":"product-type-simple"},"yoast_head":"<!-- This site is optimized with the Yoast SEO plugin v27.4 - https:\/\/yoast.com\/product\/yoast-seo-wordpress\/ -->\n<title>Prote\u00edna Syntha 6 de BSN 5 Lbs o 2.25 kg | DeMusculos<\/title>\n<meta name=\"robots\" content=\"index, follow, max-snippet:-1, max-image-preview:large, max-video-preview:-1\" \/>\n<link rel=\"canonical\" href=\"https:\/\/www.demusculos.com\/web\/producto\/proteina-syntha-6-de-bsn-5-lbs\/\" \/>\n<meta property=\"og:locale\" content=\"es_ES\" \/>\n<meta property=\"og:type\" content=\"article\" \/>\n<meta property=\"og:title\" content=\"Prote\u00edna Syntha 6 de BSN 5 Lbs o 2.25 kg | DeMusculos\" \/>\n<meta property=\"og:description\" content=\"Prote\u00edna importada. 6 tipos de prote\u00edna en 1 sola. Una de las mejores prote\u00ednas del mundo. La m\u00e1s reconocida a nivel mundial.\" \/>\n<meta property=\"og:url\" content=\"https:\/\/www.demusculos.com\/web\/producto\/proteina-syntha-6-de-bsn-5-lbs\/\" \/>\n<meta property=\"og:site_name\" content=\"DeMusculos\" \/>\n<meta property=\"article:publisher\" content=\"https:\/\/www.facebook.com\/demusculos\" \/>\n<meta property=\"article:modified_time\" content=\"2026-02-01T23:02:27+00:00\" \/>\n<meta property=\"og:image\" content=\"https:\/\/www.demusculos.com\/web\/wp-content\/uploads\/2024\/03\/syntha-6-proteina-5-lbs-01.jpg\" \/>\n\t<meta property=\"og:image:width\" content=\"1200\" \/>\n\t<meta property=\"og:image:height\" content=\"1200\" \/>\n\t<meta property=\"og:image:type\" content=\"image\/jpeg\" \/>\n<meta name=\"twitter:card\" content=\"summary_large_image\" \/>\n<meta name=\"twitter:site\" content=\"@demusculos\" \/>\n<meta name=\"twitter:label1\" content=\"Tiempo de lectura\" \/>\n\t<meta name=\"twitter:data1\" content=\"1 minuto\" \/>\n<script type=\"application\/ld+json\" class=\"yoast-schema-graph\">{\"@context\":\"https:\\\/\\\/schema.org\",\"@graph\":[{\"@type\":\"WebPage\",\"@id\":\"https:\\\/\\\/www.demusculos.com\\\/web\\\/producto\\\/proteina-syntha-6-de-bsn-5-lbs\\\/\",\"url\":\"https:\\\/\\\/www.demusculos.com\\\/web\\\/producto\\\/proteina-syntha-6-de-bsn-5-lbs\\\/\",\"name\":\"Prote\u00edna Syntha 6 de BSN 5 Lbs o 2.25 kg | DeMusculos\",\"isPartOf\":{\"@id\":\"https:\\\/\\\/www.demusculos.com\\\/web\\\/#website\"},\"primaryImageOfPage\":{\"@id\":\"https:\\\/\\\/www.demusculos.com\\\/web\\\/producto\\\/proteina-syntha-6-de-bsn-5-lbs\\\/#primaryimage\"},\"image\":{\"@id\":\"https:\\\/\\\/www.demusculos.com\\\/web\\\/producto\\\/proteina-syntha-6-de-bsn-5-lbs\\\/#primaryimage\"},\"thumbnailUrl\":\"https:\\\/\\\/www.demusculos.com\\\/web\\\/wp-content\\\/uploads\\\/2024\\\/03\\\/syntha-6-proteina-5-lbs-01.jpg\",\"datePublished\":\"2024-03-18T20:38:01+00:00\",\"dateModified\":\"2026-02-01T23:02:27+00:00\",\"breadcrumb\":{\"@id\":\"https:\\\/\\\/www.demusculos.com\\\/web\\\/producto\\\/proteina-syntha-6-de-bsn-5-lbs\\\/#breadcrumb\"},\"inLanguage\":\"es\",\"potentialAction\":[{\"@type\":\"ReadAction\",\"target\":[\"https:\\\/\\\/www.demusculos.com\\\/web\\\/producto\\\/proteina-syntha-6-de-bsn-5-lbs\\\/\"]}]},{\"@type\":\"ImageObject\",\"inLanguage\":\"es\",\"@id\":\"https:\\\/\\\/www.demusculos.com\\\/web\\\/producto\\\/proteina-syntha-6-de-bsn-5-lbs\\\/#primaryimage\",\"url\":\"https:\\\/\\\/www.demusculos.com\\\/web\\\/wp-content\\\/uploads\\\/2024\\\/03\\\/syntha-6-proteina-5-lbs-01.jpg\",\"contentUrl\":\"https:\\\/\\\/www.demusculos.com\\\/web\\\/wp-content\\\/uploads\\\/2024\\\/03\\\/syntha-6-proteina-5-lbs-01.jpg\",\"width\":1200,\"height\":1200,\"caption\":\"Syntha 6 de BSN, prote\u00edna de 5 lbs de tama\u00f1o, importada de USA\"},{\"@type\":\"BreadcrumbList\",\"@id\":\"https:\\\/\\\/www.demusculos.com\\\/web\\\/producto\\\/proteina-syntha-6-de-bsn-5-lbs\\\/#breadcrumb\",\"itemListElement\":[{\"@type\":\"ListItem\",\"position\":1,\"name\":\"Inicio\",\"item\":\"https:\\\/\\\/www.demusculos.com\\\/web\\\/\"},{\"@type\":\"ListItem\",\"position\":2,\"name\":\"Suplementos\",\"item\":\"https:\\\/\\\/www.demusculos.com\\\/web\\\/tienda\\\/\"},{\"@type\":\"ListItem\",\"position\":3,\"name\":\"Prote\u00edna Syntha 6 de BSN 5 Lbs o 2.25 kg\"}]},{\"@type\":\"WebSite\",\"@id\":\"https:\\\/\\\/www.demusculos.com\\\/web\\\/#website\",\"url\":\"https:\\\/\\\/www.demusculos.com\\\/web\\\/\",\"name\":\"DeMusculos.com\",\"description\":\"Suplementos Naturales\",\"publisher\":{\"@id\":\"https:\\\/\\\/www.demusculos.com\\\/web\\\/#organization\"},\"alternateName\":\"Suplementos Naturales\",\"potentialAction\":[{\"@type\":\"SearchAction\",\"target\":{\"@type\":\"EntryPoint\",\"urlTemplate\":\"https:\\\/\\\/www.demusculos.com\\\/web\\\/?s={search_term_string}\"},\"query-input\":{\"@type\":\"PropertyValueSpecification\",\"valueRequired\":true,\"valueName\":\"search_term_string\"}}],\"inLanguage\":\"es\"},{\"@type\":\"Organization\",\"@id\":\"https:\\\/\\\/www.demusculos.com\\\/web\\\/#organization\",\"name\":\"DeMusculos.com\",\"alternateName\":\"DeMusculos\",\"url\":\"https:\\\/\\\/www.demusculos.com\\\/web\\\/\",\"logo\":{\"@type\":\"ImageObject\",\"inLanguage\":\"es\",\"@id\":\"https:\\\/\\\/www.demusculos.com\\\/web\\\/#\\\/schema\\\/logo\\\/image\\\/\",\"url\":\"https:\\\/\\\/www.demusculos.com\\\/web\\\/wp-content\\\/uploads\\\/2024\\\/02\\\/logo-demusculos-prestashop-usuario.png\",\"contentUrl\":\"https:\\\/\\\/www.demusculos.com\\\/web\\\/wp-content\\\/uploads\\\/2024\\\/02\\\/logo-demusculos-prestashop-usuario.png\",\"width\":150,\"height\":150,\"caption\":\"DeMusculos.com\"},\"image\":{\"@id\":\"https:\\\/\\\/www.demusculos.com\\\/web\\\/#\\\/schema\\\/logo\\\/image\\\/\"},\"sameAs\":[\"https:\\\/\\\/www.facebook.com\\\/demusculos\",\"https:\\\/\\\/x.com\\\/demusculos\",\"https:\\\/\\\/www.instagram.com\\\/demusculos\",\"https:\\\/\\\/www.tiktok.com\\\/@demusculos.com\"]}]}<\/script>\n<!-- \/ Yoast SEO plugin. -->","yoast_head_json":{"title":"Prote\u00edna Syntha 6 de BSN 5 Lbs o 2.25 kg | DeMusculos","robots":{"index":"index","follow":"follow","max-snippet":"max-snippet:-1","max-image-preview":"max-image-preview:large","max-video-preview":"max-video-preview:-1"},"canonical":"https:\/\/www.demusculos.com\/web\/producto\/proteina-syntha-6-de-bsn-5-lbs\/","og_locale":"es_ES","og_type":"article","og_title":"Prote\u00edna Syntha 6 de BSN 5 Lbs o 2.25 kg | DeMusculos","og_description":"Prote\u00edna importada. 6 tipos de prote\u00edna en 1 sola. Una de las mejores prote\u00ednas del mundo. La m\u00e1s reconocida a nivel mundial.","og_url":"https:\/\/www.demusculos.com\/web\/producto\/proteina-syntha-6-de-bsn-5-lbs\/","og_site_name":"DeMusculos","article_publisher":"https:\/\/www.facebook.com\/demusculos","article_modified_time":"2026-02-01T23:02:27+00:00","og_image":[{"width":1200,"height":1200,"url":"https:\/\/www.demusculos.com\/web\/wp-content\/uploads\/2024\/03\/syntha-6-proteina-5-lbs-01.jpg","type":"image\/jpeg"}],"twitter_card":"summary_large_image","twitter_site":"@demusculos","twitter_misc":{"Tiempo de lectura":"1 minuto"},"schema":{"@context":"https:\/\/schema.org","@graph":[{"@type":"WebPage","@id":"https:\/\/www.demusculos.com\/web\/producto\/proteina-syntha-6-de-bsn-5-lbs\/","url":"https:\/\/www.demusculos.com\/web\/producto\/proteina-syntha-6-de-bsn-5-lbs\/","name":"Prote\u00edna Syntha 6 de BSN 5 Lbs o 2.25 kg | DeMusculos","isPartOf":{"@id":"https:\/\/www.demusculos.com\/web\/#website"},"primaryImageOfPage":{"@id":"https:\/\/www.demusculos.com\/web\/producto\/proteina-syntha-6-de-bsn-5-lbs\/#primaryimage"},"image":{"@id":"https:\/\/www.demusculos.com\/web\/producto\/proteina-syntha-6-de-bsn-5-lbs\/#primaryimage"},"thumbnailUrl":"https:\/\/www.demusculos.com\/web\/wp-content\/uploads\/2024\/03\/syntha-6-proteina-5-lbs-01.jpg","datePublished":"2024-03-18T20:38:01+00:00","dateModified":"2026-02-01T23:02:27+00:00","breadcrumb":{"@id":"https:\/\/www.demusculos.com\/web\/producto\/proteina-syntha-6-de-bsn-5-lbs\/#breadcrumb"},"inLanguage":"es","potentialAction":[{"@type":"ReadAction","target":["https:\/\/www.demusculos.com\/web\/producto\/proteina-syntha-6-de-bsn-5-lbs\/"]}]},{"@type":"ImageObject","inLanguage":"es","@id":"https:\/\/www.demusculos.com\/web\/producto\/proteina-syntha-6-de-bsn-5-lbs\/#primaryimage","url":"https:\/\/www.demusculos.com\/web\/wp-content\/uploads\/2024\/03\/syntha-6-proteina-5-lbs-01.jpg","contentUrl":"https:\/\/www.demusculos.com\/web\/wp-content\/uploads\/2024\/03\/syntha-6-proteina-5-lbs-01.jpg","width":1200,"height":1200,"caption":"Syntha 6 de BSN, prote\u00edna de 5 lbs de tama\u00f1o, importada de USA"},{"@type":"BreadcrumbList","@id":"https:\/\/www.demusculos.com\/web\/producto\/proteina-syntha-6-de-bsn-5-lbs\/#breadcrumb","itemListElement":[{"@type":"ListItem","position":1,"name":"Inicio","item":"https:\/\/www.demusculos.com\/web\/"},{"@type":"ListItem","position":2,"name":"Suplementos","item":"https:\/\/www.demusculos.com\/web\/tienda\/"},{"@type":"ListItem","position":3,"name":"Prote\u00edna Syntha 6 de BSN 5 Lbs o 2.25 kg"}]},{"@type":"WebSite","@id":"https:\/\/www.demusculos.com\/web\/#website","url":"https:\/\/www.demusculos.com\/web\/","name":"DeMusculos.com","description":"Suplementos Naturales","publisher":{"@id":"https:\/\/www.demusculos.com\/web\/#organization"},"alternateName":"Suplementos Naturales","potentialAction":[{"@type":"SearchAction","target":{"@type":"EntryPoint","urlTemplate":"https:\/\/www.demusculos.com\/web\/?s={search_term_string}"},"query-input":{"@type":"PropertyValueSpecification","valueRequired":true,"valueName":"search_term_string"}}],"inLanguage":"es"},{"@type":"Organization","@id":"https:\/\/www.demusculos.com\/web\/#organization","name":"DeMusculos.com","alternateName":"DeMusculos","url":"https:\/\/www.demusculos.com\/web\/","logo":{"@type":"ImageObject","inLanguage":"es","@id":"https:\/\/www.demusculos.com\/web\/#\/schema\/logo\/image\/","url":"https:\/\/www.demusculos.com\/web\/wp-content\/uploads\/2024\/02\/logo-demusculos-prestashop-usuario.png","contentUrl":"https:\/\/www.demusculos.com\/web\/wp-content\/uploads\/2024\/02\/logo-demusculos-prestashop-usuario.png","width":150,"height":150,"caption":"DeMusculos.com"},"image":{"@id":"https:\/\/www.demusculos.com\/web\/#\/schema\/logo\/image\/"},"sameAs":["https:\/\/www.facebook.com\/demusculos","https:\/\/x.com\/demusculos","https:\/\/www.instagram.com\/demusculos","https:\/\/www.tiktok.com\/@demusculos.com"]}]}},"_links":{"self":[{"href":"https:\/\/www.demusculos.com\/web\/wp-json\/wp\/v2\/product\/3501","targetHints":{"allow":["GET"]}}],"collection":[{"href":"https:\/\/www.demusculos.com\/web\/wp-json\/wp\/v2\/product"}],"about":[{"href":"https:\/\/www.demusculos.com\/web\/wp-json\/wp\/v2\/types\/product"}],"replies":[{"embeddable":true,"href":"https:\/\/www.demusculos.com\/web\/wp-json\/wp\/v2\/comments?post=3501"}],"wp:featuredmedia":[{"embeddable":true,"href":"https:\/\/www.demusculos.com\/web\/wp-json\/wp\/v2\/media\/3502"}],"wp:attachment":[{"href":"https:\/\/www.demusculos.com\/web\/wp-json\/wp\/v2\/media?parent=3501"}],"wp:term":[{"taxonomy":"product_brand","embeddable":true,"href":"https:\/\/www.demusculos.com\/web\/wp-json\/wp\/v2\/product_brand?post=3501"},{"taxonomy":"product_cat","embeddable":true,"href":"https:\/\/www.demusculos.com\/web\/wp-json\/wp\/v2\/product_cat?post=3501"},{"taxonomy":"product_tag","embeddable":true,"href":"https:\/\/www.demusculos.com\/web\/wp-json\/wp\/v2\/product_tag?post=3501"}],"curies":[{"name":"wp","href":"https:\/\/api.w.org\/{rel}","templated":true}]}}