{"id":3506,"date":"2024-03-18T17:55:19","date_gmt":"2024-03-18T20:55:19","guid":{"rendered":"https:\/\/www.demusculos.com\/web\/?post_type=product&#038;p=3506"},"modified":"2026-02-01T20:02:27","modified_gmt":"2026-02-01T23:02:27","slug":"amino-x-de-30-tomas-de-bsn-x435-grs","status":"publish","type":"product","link":"https:\/\/www.demusculos.com\/web\/producto\/amino-x-de-30-tomas-de-bsn-x435-grs\/","title":{"rendered":"Amino X de 30 tomas de BSN x435 grs"},"content":{"rendered":"<h2>Amino X de BSN x30 tomas, 30 d\u00edas<\/h2>\n<p><strong>Amino X de BSN es uno de los mejores amino\u00e1cidos del mundo.<\/strong><\/p>\n<figure id=\"attachment_3235\" aria-describedby=\"caption-attachment-3235\" style=\"width: 446px\" class=\"wp-caption alignnone\"><img decoding=\"async\" class=\"size-full wp-image-3235\" src=\"https:\/\/www.demusculos.com\/web\/wp-content\/uploads\/2024\/03\/logo-bsn.png\" alt=\"Tenemos la l\u00ednea completa de suplementos naturales de BSN\" width=\"446\" height=\"103\" srcset=\"https:\/\/www.demusculos.com\/web\/wp-content\/uploads\/2024\/03\/logo-bsn.png 446w, https:\/\/www.demusculos.com\/web\/wp-content\/uploads\/2024\/03\/logo-bsn-300x69.png 300w, https:\/\/www.demusculos.com\/web\/wp-content\/uploads\/2024\/03\/logo-bsn-150x35.png 150w, https:\/\/www.demusculos.com\/web\/wp-content\/uploads\/2024\/03\/logo-bsn-416x96.png 416w\" sizes=\"(max-width: 446px) 100vw, 446px\" \/><figcaption id=\"caption-attachment-3235\" class=\"wp-caption-text\">Suplementos Naturales Importados de USA. BSN Finish First. Prote\u00ednas, Amino\u00e1cidos, Creatinas y mucho m\u00e1s. Directo desde USA<\/figcaption><\/figure>\n<p>Descubre el poder de los amino\u00e1cidos con el Suplemento en polvo BSN AMINOx, especialmente dise\u00f1ado para deportistas y personas activas en Argentina. Este suplemento de alta calidad, sabor grape y en formato de polvo, te proporcionar\u00e1 los nutrientes esenciales para mejorar tu rendimiento y recuperaci\u00f3n muscular. Con 30 porciones en un pr\u00e1ctico pote de 435g, tendr\u00e1s suficiente para un mes de entrenamiento intenso.<\/p>\n<p>AMINOx es libre de gluten, no contiene lactosa y es apto para veganos, lo que lo convierte en una opci\u00f3n saludable y accesible para todos. Adem\u00e1s, su f\u00f3rmula \u00fanica incluye una interfusi\u00f3n de 10g de amino\u00e1cidos y un compuesto efforsorb endura de 2g, que te ayudar\u00e1 a mantener la energ\u00eda y resistencia durante tus sesiones de ejercicio.<\/p>\n<p>No te preocupes por los al\u00e9rgenos, ya que este producto solo contiene derivados de soja y est\u00e1 libre de otros componentes alerg\u00e9nicos comunes. Adem\u00e1s, su delicioso sabor a grape y su f\u00e1cil disoluci\u00f3n en agua o tu bebida favorita, har\u00e1n que disfrutes de cada toma.<\/p>\n<p>Incorpora el Suplemento en polvo BSN AMINOx a tu rutina deportiva y experimenta los beneficios de una nutrici\u00f3n adecuada para tus m\u00fasculos y tu bienestar general. \u00a1No esperes m\u00e1s y lleva tu rendimiento al siguiente nivel!<\/p>\n","protected":false},"excerpt":{"rendered":"<p>Amino X de BSN te recupera, al existir m\u00e1s recuperaci\u00f3n hay m\u00e1s rendimiento y masa muscular.<\/p>\n","protected":false},"featured_media":3507,"comment_status":"closed","ping_status":"closed","template":"","meta":[],"product_brand":[244],"product_cat":[44],"product_tag":[148],"class_list":{"0":"post-3506","1":"product","2":"type-product","3":"status-publish","4":"has-post-thumbnail","6":"product_brand-bsn","7":"product_cat-aminoacidos","8":"product_tag-bsn","10":"first","11":"outofstock","12":"sale","13":"shipping-taxable","14":"purchasable","15":"product-type-simple"},"yoast_head":"<!-- This site is optimized with the Yoast SEO plugin v27.4 - https:\/\/yoast.com\/product\/yoast-seo-wordpress\/ -->\n<title>Amino X de BSN | Amino\u00e1cidos | DeMusculos.com<\/title>\n<meta name=\"description\" content=\"Amino X de BSN es un amino\u00e1cido ideal para recuperaci\u00f3n, rendimiento y aumento de masa muscular. Fabricado 100% en USA. Env\u00edo a toda la Argentina.\" \/>\n<meta name=\"robots\" content=\"index, follow, max-snippet:-1, max-image-preview:large, max-video-preview:-1\" \/>\n<link rel=\"canonical\" href=\"https:\/\/www.demusculos.com\/web\/producto\/amino-x-de-30-tomas-de-bsn-x435-grs\/\" \/>\n<meta property=\"og:locale\" content=\"es_ES\" \/>\n<meta property=\"og:type\" content=\"article\" \/>\n<meta property=\"og:title\" content=\"Amino X de BSN | Amino\u00e1cidos | DeMusculos.com\" \/>\n<meta property=\"og:description\" content=\"Amino X de BSN es un amino\u00e1cido ideal para recuperaci\u00f3n, rendimiento y aumento de masa muscular. Fabricado 100% en USA. Env\u00edo a toda la Argentina.\" \/>\n<meta property=\"og:url\" content=\"https:\/\/www.demusculos.com\/web\/producto\/amino-x-de-30-tomas-de-bsn-x435-grs\/\" \/>\n<meta property=\"og:site_name\" content=\"DeMusculos\" \/>\n<meta property=\"article:publisher\" content=\"https:\/\/www.facebook.com\/demusculos\" \/>\n<meta property=\"article:modified_time\" content=\"2026-02-01T23:02:27+00:00\" \/>\n<meta property=\"og:image\" content=\"https:\/\/www.demusculos.com\/web\/wp-content\/uploads\/2024\/03\/amino-x-30-tomas-bsn-FRUIT-PUNCH-01.jpg\" \/>\n\t<meta property=\"og:image:width\" content=\"1200\" \/>\n\t<meta property=\"og:image:height\" content=\"1200\" \/>\n\t<meta property=\"og:image:type\" content=\"image\/jpeg\" \/>\n<meta name=\"twitter:card\" content=\"summary_large_image\" \/>\n<meta name=\"twitter:site\" content=\"@demusculos\" \/>\n<meta name=\"twitter:label1\" content=\"Tiempo de lectura\" \/>\n\t<meta name=\"twitter:data1\" content=\"2 minutos\" \/>\n<script type=\"application\/ld+json\" class=\"yoast-schema-graph\">{\"@context\":\"https:\\\/\\\/schema.org\",\"@graph\":[{\"@type\":\"WebPage\",\"@id\":\"https:\\\/\\\/www.demusculos.com\\\/web\\\/producto\\\/amino-x-de-30-tomas-de-bsn-x435-grs\\\/\",\"url\":\"https:\\\/\\\/www.demusculos.com\\\/web\\\/producto\\\/amino-x-de-30-tomas-de-bsn-x435-grs\\\/\",\"name\":\"Amino X de BSN | Amino\u00e1cidos | DeMusculos.com\",\"isPartOf\":{\"@id\":\"https:\\\/\\\/www.demusculos.com\\\/web\\\/#website\"},\"primaryImageOfPage\":{\"@id\":\"https:\\\/\\\/www.demusculos.com\\\/web\\\/producto\\\/amino-x-de-30-tomas-de-bsn-x435-grs\\\/#primaryimage\"},\"image\":{\"@id\":\"https:\\\/\\\/www.demusculos.com\\\/web\\\/producto\\\/amino-x-de-30-tomas-de-bsn-x435-grs\\\/#primaryimage\"},\"thumbnailUrl\":\"https:\\\/\\\/www.demusculos.com\\\/web\\\/wp-content\\\/uploads\\\/2024\\\/03\\\/amino-x-30-tomas-bsn-FRUIT-PUNCH-01.jpg\",\"datePublished\":\"2024-03-18T20:55:19+00:00\",\"dateModified\":\"2026-02-01T23:02:27+00:00\",\"description\":\"Amino X de BSN es un amino\u00e1cido ideal para recuperaci\u00f3n, rendimiento y aumento de masa muscular. Fabricado 100% en USA. Env\u00edo a toda la Argentina.\",\"breadcrumb\":{\"@id\":\"https:\\\/\\\/www.demusculos.com\\\/web\\\/producto\\\/amino-x-de-30-tomas-de-bsn-x435-grs\\\/#breadcrumb\"},\"inLanguage\":\"es\",\"potentialAction\":[{\"@type\":\"ReadAction\",\"target\":[\"https:\\\/\\\/www.demusculos.com\\\/web\\\/producto\\\/amino-x-de-30-tomas-de-bsn-x435-grs\\\/\"]}]},{\"@type\":\"ImageObject\",\"inLanguage\":\"es\",\"@id\":\"https:\\\/\\\/www.demusculos.com\\\/web\\\/producto\\\/amino-x-de-30-tomas-de-bsn-x435-grs\\\/#primaryimage\",\"url\":\"https:\\\/\\\/www.demusculos.com\\\/web\\\/wp-content\\\/uploads\\\/2024\\\/03\\\/amino-x-30-tomas-bsn-FRUIT-PUNCH-01.jpg\",\"contentUrl\":\"https:\\\/\\\/www.demusculos.com\\\/web\\\/wp-content\\\/uploads\\\/2024\\\/03\\\/amino-x-30-tomas-bsn-FRUIT-PUNCH-01.jpg\",\"width\":1200,\"height\":1200,\"caption\":\"Amino X de BSN 30 tomas 435 grs - Fruit\"},{\"@type\":\"BreadcrumbList\",\"@id\":\"https:\\\/\\\/www.demusculos.com\\\/web\\\/producto\\\/amino-x-de-30-tomas-de-bsn-x435-grs\\\/#breadcrumb\",\"itemListElement\":[{\"@type\":\"ListItem\",\"position\":1,\"name\":\"Inicio\",\"item\":\"https:\\\/\\\/www.demusculos.com\\\/web\\\/\"},{\"@type\":\"ListItem\",\"position\":2,\"name\":\"Suplementos\",\"item\":\"https:\\\/\\\/www.demusculos.com\\\/web\\\/tienda\\\/\"},{\"@type\":\"ListItem\",\"position\":3,\"name\":\"Amino X de 30 tomas de BSN x435 grs\"}]},{\"@type\":\"WebSite\",\"@id\":\"https:\\\/\\\/www.demusculos.com\\\/web\\\/#website\",\"url\":\"https:\\\/\\\/www.demusculos.com\\\/web\\\/\",\"name\":\"DeMusculos.com\",\"description\":\"Suplementos Naturales\",\"publisher\":{\"@id\":\"https:\\\/\\\/www.demusculos.com\\\/web\\\/#organization\"},\"alternateName\":\"Suplementos Naturales\",\"potentialAction\":[{\"@type\":\"SearchAction\",\"target\":{\"@type\":\"EntryPoint\",\"urlTemplate\":\"https:\\\/\\\/www.demusculos.com\\\/web\\\/?s={search_term_string}\"},\"query-input\":{\"@type\":\"PropertyValueSpecification\",\"valueRequired\":true,\"valueName\":\"search_term_string\"}}],\"inLanguage\":\"es\"},{\"@type\":\"Organization\",\"@id\":\"https:\\\/\\\/www.demusculos.com\\\/web\\\/#organization\",\"name\":\"DeMusculos.com\",\"alternateName\":\"DeMusculos\",\"url\":\"https:\\\/\\\/www.demusculos.com\\\/web\\\/\",\"logo\":{\"@type\":\"ImageObject\",\"inLanguage\":\"es\",\"@id\":\"https:\\\/\\\/www.demusculos.com\\\/web\\\/#\\\/schema\\\/logo\\\/image\\\/\",\"url\":\"https:\\\/\\\/www.demusculos.com\\\/web\\\/wp-content\\\/uploads\\\/2024\\\/02\\\/logo-demusculos-prestashop-usuario.png\",\"contentUrl\":\"https:\\\/\\\/www.demusculos.com\\\/web\\\/wp-content\\\/uploads\\\/2024\\\/02\\\/logo-demusculos-prestashop-usuario.png\",\"width\":150,\"height\":150,\"caption\":\"DeMusculos.com\"},\"image\":{\"@id\":\"https:\\\/\\\/www.demusculos.com\\\/web\\\/#\\\/schema\\\/logo\\\/image\\\/\"},\"sameAs\":[\"https:\\\/\\\/www.facebook.com\\\/demusculos\",\"https:\\\/\\\/x.com\\\/demusculos\",\"https:\\\/\\\/www.instagram.com\\\/demusculos\",\"https:\\\/\\\/www.tiktok.com\\\/@demusculos.com\"]}]}<\/script>\n<!-- \/ Yoast SEO plugin. -->","yoast_head_json":{"title":"Amino X de BSN | Amino\u00e1cidos | DeMusculos.com","description":"Amino X de BSN es un amino\u00e1cido ideal para recuperaci\u00f3n, rendimiento y aumento de masa muscular. Fabricado 100% en USA. Env\u00edo a toda la Argentina.","robots":{"index":"index","follow":"follow","max-snippet":"max-snippet:-1","max-image-preview":"max-image-preview:large","max-video-preview":"max-video-preview:-1"},"canonical":"https:\/\/www.demusculos.com\/web\/producto\/amino-x-de-30-tomas-de-bsn-x435-grs\/","og_locale":"es_ES","og_type":"article","og_title":"Amino X de BSN | Amino\u00e1cidos | DeMusculos.com","og_description":"Amino X de BSN es un amino\u00e1cido ideal para recuperaci\u00f3n, rendimiento y aumento de masa muscular. Fabricado 100% en USA. Env\u00edo a toda la Argentina.","og_url":"https:\/\/www.demusculos.com\/web\/producto\/amino-x-de-30-tomas-de-bsn-x435-grs\/","og_site_name":"DeMusculos","article_publisher":"https:\/\/www.facebook.com\/demusculos","article_modified_time":"2026-02-01T23:02:27+00:00","og_image":[{"width":1200,"height":1200,"url":"https:\/\/www.demusculos.com\/web\/wp-content\/uploads\/2024\/03\/amino-x-30-tomas-bsn-FRUIT-PUNCH-01.jpg","type":"image\/jpeg"}],"twitter_card":"summary_large_image","twitter_site":"@demusculos","twitter_misc":{"Tiempo de lectura":"2 minutos"},"schema":{"@context":"https:\/\/schema.org","@graph":[{"@type":"WebPage","@id":"https:\/\/www.demusculos.com\/web\/producto\/amino-x-de-30-tomas-de-bsn-x435-grs\/","url":"https:\/\/www.demusculos.com\/web\/producto\/amino-x-de-30-tomas-de-bsn-x435-grs\/","name":"Amino X de BSN | Amino\u00e1cidos | DeMusculos.com","isPartOf":{"@id":"https:\/\/www.demusculos.com\/web\/#website"},"primaryImageOfPage":{"@id":"https:\/\/www.demusculos.com\/web\/producto\/amino-x-de-30-tomas-de-bsn-x435-grs\/#primaryimage"},"image":{"@id":"https:\/\/www.demusculos.com\/web\/producto\/amino-x-de-30-tomas-de-bsn-x435-grs\/#primaryimage"},"thumbnailUrl":"https:\/\/www.demusculos.com\/web\/wp-content\/uploads\/2024\/03\/amino-x-30-tomas-bsn-FRUIT-PUNCH-01.jpg","datePublished":"2024-03-18T20:55:19+00:00","dateModified":"2026-02-01T23:02:27+00:00","description":"Amino X de BSN es un amino\u00e1cido ideal para recuperaci\u00f3n, rendimiento y aumento de masa muscular. Fabricado 100% en USA. Env\u00edo a toda la Argentina.","breadcrumb":{"@id":"https:\/\/www.demusculos.com\/web\/producto\/amino-x-de-30-tomas-de-bsn-x435-grs\/#breadcrumb"},"inLanguage":"es","potentialAction":[{"@type":"ReadAction","target":["https:\/\/www.demusculos.com\/web\/producto\/amino-x-de-30-tomas-de-bsn-x435-grs\/"]}]},{"@type":"ImageObject","inLanguage":"es","@id":"https:\/\/www.demusculos.com\/web\/producto\/amino-x-de-30-tomas-de-bsn-x435-grs\/#primaryimage","url":"https:\/\/www.demusculos.com\/web\/wp-content\/uploads\/2024\/03\/amino-x-30-tomas-bsn-FRUIT-PUNCH-01.jpg","contentUrl":"https:\/\/www.demusculos.com\/web\/wp-content\/uploads\/2024\/03\/amino-x-30-tomas-bsn-FRUIT-PUNCH-01.jpg","width":1200,"height":1200,"caption":"Amino X de BSN 30 tomas 435 grs - Fruit"},{"@type":"BreadcrumbList","@id":"https:\/\/www.demusculos.com\/web\/producto\/amino-x-de-30-tomas-de-bsn-x435-grs\/#breadcrumb","itemListElement":[{"@type":"ListItem","position":1,"name":"Inicio","item":"https:\/\/www.demusculos.com\/web\/"},{"@type":"ListItem","position":2,"name":"Suplementos","item":"https:\/\/www.demusculos.com\/web\/tienda\/"},{"@type":"ListItem","position":3,"name":"Amino X de 30 tomas de BSN x435 grs"}]},{"@type":"WebSite","@id":"https:\/\/www.demusculos.com\/web\/#website","url":"https:\/\/www.demusculos.com\/web\/","name":"DeMusculos.com","description":"Suplementos Naturales","publisher":{"@id":"https:\/\/www.demusculos.com\/web\/#organization"},"alternateName":"Suplementos Naturales","potentialAction":[{"@type":"SearchAction","target":{"@type":"EntryPoint","urlTemplate":"https:\/\/www.demusculos.com\/web\/?s={search_term_string}"},"query-input":{"@type":"PropertyValueSpecification","valueRequired":true,"valueName":"search_term_string"}}],"inLanguage":"es"},{"@type":"Organization","@id":"https:\/\/www.demusculos.com\/web\/#organization","name":"DeMusculos.com","alternateName":"DeMusculos","url":"https:\/\/www.demusculos.com\/web\/","logo":{"@type":"ImageObject","inLanguage":"es","@id":"https:\/\/www.demusculos.com\/web\/#\/schema\/logo\/image\/","url":"https:\/\/www.demusculos.com\/web\/wp-content\/uploads\/2024\/02\/logo-demusculos-prestashop-usuario.png","contentUrl":"https:\/\/www.demusculos.com\/web\/wp-content\/uploads\/2024\/02\/logo-demusculos-prestashop-usuario.png","width":150,"height":150,"caption":"DeMusculos.com"},"image":{"@id":"https:\/\/www.demusculos.com\/web\/#\/schema\/logo\/image\/"},"sameAs":["https:\/\/www.facebook.com\/demusculos","https:\/\/x.com\/demusculos","https:\/\/www.instagram.com\/demusculos","https:\/\/www.tiktok.com\/@demusculos.com"]}]}},"_links":{"self":[{"href":"https:\/\/www.demusculos.com\/web\/wp-json\/wp\/v2\/product\/3506","targetHints":{"allow":["GET"]}}],"collection":[{"href":"https:\/\/www.demusculos.com\/web\/wp-json\/wp\/v2\/product"}],"about":[{"href":"https:\/\/www.demusculos.com\/web\/wp-json\/wp\/v2\/types\/product"}],"replies":[{"embeddable":true,"href":"https:\/\/www.demusculos.com\/web\/wp-json\/wp\/v2\/comments?post=3506"}],"wp:featuredmedia":[{"embeddable":true,"href":"https:\/\/www.demusculos.com\/web\/wp-json\/wp\/v2\/media\/3507"}],"wp:attachment":[{"href":"https:\/\/www.demusculos.com\/web\/wp-json\/wp\/v2\/media?parent=3506"}],"wp:term":[{"taxonomy":"product_brand","embeddable":true,"href":"https:\/\/www.demusculos.com\/web\/wp-json\/wp\/v2\/product_brand?post=3506"},{"taxonomy":"product_cat","embeddable":true,"href":"https:\/\/www.demusculos.com\/web\/wp-json\/wp\/v2\/product_cat?post=3506"},{"taxonomy":"product_tag","embeddable":true,"href":"https:\/\/www.demusculos.com\/web\/wp-json\/wp\/v2\/product_tag?post=3506"}],"curies":[{"name":"wp","href":"https:\/\/api.w.org\/{rel}","templated":true}]}}