{"id":3533,"date":"2024-03-19T08:07:08","date_gmt":"2024-03-19T11:07:08","guid":{"rendered":"https:\/\/www.demusculos.com\/web\/?post_type=product&#038;p=3533"},"modified":"2026-02-01T20:02:27","modified_gmt":"2026-02-01T23:02:27","slug":"true-made-10-lbs-de-bsn-ganador-de-masa-muscular","status":"publish","type":"product","link":"https:\/\/www.demusculos.com\/web\/producto\/true-made-10-lbs-de-bsn-ganador-de-masa-muscular\/","title":{"rendered":"True Mass 10 Lbs de BSN Ganador de Masa Muscular"},"content":{"rendered":"<h2><strong>True Mass 10 lbs<\/strong><\/h2>\n<p>True Mass 10 lbs es un producto desarrollado en USA que permite maximizar la recuperaci\u00f3n muscular, a mayor recuperaci\u00f3n, m\u00e1s rendimiento y aumento de masa muscular<\/p>\n<figure id=\"attachment_3235\" aria-describedby=\"caption-attachment-3235\" style=\"width: 446px\" class=\"wp-caption alignnone\"><img decoding=\"async\" class=\"size-full wp-image-3235\" src=\"https:\/\/www.demusculos.com\/web\/wp-content\/uploads\/2024\/03\/logo-bsn.png\" alt=\"Tenemos la l\u00ednea completa de suplementos naturales de BSN\" width=\"446\" height=\"103\" srcset=\"https:\/\/www.demusculos.com\/web\/wp-content\/uploads\/2024\/03\/logo-bsn.png 446w, https:\/\/www.demusculos.com\/web\/wp-content\/uploads\/2024\/03\/logo-bsn-300x69.png 300w, https:\/\/www.demusculos.com\/web\/wp-content\/uploads\/2024\/03\/logo-bsn-150x35.png 150w, https:\/\/www.demusculos.com\/web\/wp-content\/uploads\/2024\/03\/logo-bsn-416x96.png 416w\" sizes=\"(max-width: 446px) 100vw, 446px\" \/><figcaption id=\"caption-attachment-3235\" class=\"wp-caption-text\">Suplementos Naturales Importados de USA. BSN Finish First. Prote\u00ednas, Amino\u00e1cidos, Creatinas y mucho m\u00e1s. Directo desde USA<\/figcaption><\/figure>\n<p>Este ganador de masa muscular es un suplemento dietario ultra premium.<\/p>\n<p>La exclusiva f\u00f3rmula de prote\u00edna de BSN\u00ae se combina con una mezcla \u00fanica de carbohidratos complejos que incluye harina de avena como una fuente pr\u00e1ctica de nutrientes y calor\u00edas adicionales.<\/p>\n<figure id=\"attachment_125\" aria-describedby=\"caption-attachment-125\" style=\"width: 300px\" class=\"wp-caption alignnone\"><img fetchpriority=\"high\" decoding=\"async\" class=\"size-full wp-image-125\" src=\"https:\/\/www.demusculos.com\/web\/wp-content\/uploads\/2024\/02\/agua-leche-descremada.png\" alt=\"El producto se puede preparar con agua o con leche descremanda.\" width=\"300\" height=\"300\" srcset=\"https:\/\/www.demusculos.com\/web\/wp-content\/uploads\/2024\/02\/agua-leche-descremada.png 300w, https:\/\/www.demusculos.com\/web\/wp-content\/uploads\/2024\/02\/agua-leche-descremada-150x150.png 150w\" sizes=\"(max-width: 300px) 100vw, 300px\" \/><figcaption id=\"caption-attachment-125\" class=\"wp-caption-text\">Este producto se puede preparar con agua o leche descremada. Recomendamos tomarlo con l\u00edquidos fr\u00edos.<\/figcaption><\/figure>\n<h2>INGREDIENTES CLAVE de TRUE MASS 10 LBS<\/h2>\n<p>54 g de prote\u00edna de alta calidad, a partir de diversas fuentes, por porci\u00f3n.<br \/>\n210 g de carbohidratos por porci\u00f3n.<br \/>\n15 g de fibra diet\u00e9tica por porci\u00f3n.<\/p>\n<p><strong>INSTRUCCIONES DE USO:<\/strong><\/p>\n<p>Mezclar 2 medidas (320 g) con 470 ml de agua fr\u00eda.<br \/>\nIngesta diaria recomendada de una dosis por d\u00eda.<br \/>\nPresentacion: 10.38 lbs. (4.70 kg)<\/p>\n<p>Uso: Pre-entreno y post-entreno.<\/p>\n<p>Funci\u00f3n: Incrementar la masa muscular magra &#8211; minimizar tiempos de recuperaci\u00f3n.<\/p>\n<figure id=\"attachment_124\" aria-describedby=\"caption-attachment-124\" style=\"width: 300px\" class=\"wp-caption alignnone\"><img decoding=\"async\" class=\"size-full wp-image-124\" src=\"https:\/\/www.demusculos.com\/web\/wp-content\/uploads\/2024\/02\/masa-muscular.png\" alt=\"Este suplemento natural es ideal para aumentar la masa muscular, incrementar la recuperaci\u00f3n muscular en hombres y mujeres.\" width=\"300\" height=\"300\" srcset=\"https:\/\/www.demusculos.com\/web\/wp-content\/uploads\/2024\/02\/masa-muscular.png 300w, https:\/\/www.demusculos.com\/web\/wp-content\/uploads\/2024\/02\/masa-muscular-150x150.png 150w\" sizes=\"(max-width: 300px) 100vw, 300px\" \/><figcaption id=\"caption-attachment-124\" class=\"wp-caption-text\">Es ideal para recuperaci\u00f3n muscular. A mayor recuperaci\u00f3n m\u00e1s aumento de masa muscular y rendimiento. Tambi\u00e9n lograremos m\u00e1s tono muscular. Las prote\u00ednas nos dan saciedad y son ideales para las dietas.<\/figcaption><\/figure>\n<h2>Contiene Whey Protein<\/h2>\n<p>Los ganadores de masa muscular a base de prote\u00edna de suero de leche (whey protein), amino\u00e1cidos y carbohidratos pueden ofrecer varios beneficios para quienes buscan aumentar su masa muscular y mejorar su rendimiento.<\/p>\n<p>Te mencionamos a continuaci\u00f3n algunos beneficios de la prote\u00edna de suero de leche o Whey Protein:<\/p>\n<p><strong>Formaci\u00f3n de m\u00fasculos y p\u00e9rdida de peso:<\/strong><\/p>\n<p>La prote\u00edna de suero es una prote\u00edna completa que contiene los 9 amino\u00e1cidos esenciales.\u00a0Ayuda a mejorar la s\u00edntesis de prote\u00edna muscular y promover el crecimiento de masa muscular magra.<br \/>\nEn estudios, se ha observado que las personas que consumieron suero perdieron m\u00e1s grasa corporal y preservaron m\u00e1s m\u00fasculo magro en comparaci\u00f3n con otros grupos.<br \/>\nAdem\u00e1s, el suero puede contribuir a la sensaci\u00f3n de saciedad, lo que puede ser \u00fatil para la p\u00e9rdida de peso.<\/p>\n<figure id=\"attachment_5711\" aria-describedby=\"caption-attachment-5711\" style=\"width: 600px\" class=\"wp-caption alignnone\"><img loading=\"lazy\" decoding=\"async\" class=\"size-full wp-image-5711\" src=\"https:\/\/www.demusculos.com\/web\/wp-content\/uploads\/2024\/07\/grafico-ganador-masa-muscular-con-proteina-whey-carbohidratos-aminos.png\" alt=\"Ganador de masa muscular a base de prote\u00edna de suero de leche, carbohidratos y amino\u00e1cidos\" width=\"600\" height=\"350\" srcset=\"https:\/\/www.demusculos.com\/web\/wp-content\/uploads\/2024\/07\/grafico-ganador-masa-muscular-con-proteina-whey-carbohidratos-aminos.png 600w, https:\/\/www.demusculos.com\/web\/wp-content\/uploads\/2024\/07\/grafico-ganador-masa-muscular-con-proteina-whey-carbohidratos-aminos-300x175.png 300w, https:\/\/www.demusculos.com\/web\/wp-content\/uploads\/2024\/07\/grafico-ganador-masa-muscular-con-proteina-whey-carbohidratos-aminos-150x88.png 150w, https:\/\/www.demusculos.com\/web\/wp-content\/uploads\/2024\/07\/grafico-ganador-masa-muscular-con-proteina-whey-carbohidratos-aminos-416x243.png 416w\" sizes=\"(max-width: 600px) 100vw, 600px\" \/><figcaption id=\"caption-attachment-5711\" class=\"wp-caption-text\">Whey Gainer o Ganador de Masa Muscular<\/figcaption><\/figure>\n<p><strong>Propiedades anticancer\u00edgenas: <\/strong>Aunque se necesita m\u00e1s investigaci\u00f3n, se han publicado resultados prometedores sobre el uso del concentrado de prote\u00edna de suero en el tratamiento del c\u00e1ncer.<\/p>\n<p><strong>Reducci\u00f3n del colesterol:\u00a0<\/strong>Un estudio mostr\u00f3 que los suplementos de suero de leche o whey protein redujeron significativamente el colesterol total y el colesterol LDL en comparaci\u00f3n con otros suplementos.<\/p>\n<p><strong>Mejora de la respuesta inmunitaria:\u00a0<\/strong>En ni\u00f1os con asma, la prote\u00edna de suero mejor\u00f3 la respuesta inmunitaria.<\/p>\n<p><strong>Beneficios cardiovasculares:\u00a0<\/strong>Las bebidas con suplemento de prote\u00edna de suero redujeron la presi\u00f3n arterial en pacientes con hipertensi\u00f3n.<\/p>\n<p>&nbsp;<\/p>\n","protected":false},"excerpt":{"rendered":"<p>Ganador de peso importado de USA. True Mass de BSN. 10 lbs (4.5 kg). Prote\u00edna de suero de leche, carbohidratos y amino\u00e1cidos. Ideal para recuperaci\u00f3n y aumento de masa muscular.<\/p>\n","protected":false},"featured_media":3534,"comment_status":"closed","ping_status":"closed","template":"","meta":[],"product_brand":[244],"product_cat":[49],"product_tag":[148],"class_list":{"0":"post-3533","1":"product","2":"type-product","3":"status-publish","4":"has-post-thumbnail","6":"product_brand-bsn","7":"product_cat-ganadores-de-peso","8":"product_tag-bsn","10":"first","11":"outofstock","12":"sale","13":"shipping-taxable","14":"purchasable","15":"product-type-simple"},"yoast_head":"<!-- This site is optimized with the Yoast SEO plugin v27.4 - https:\/\/yoast.com\/product\/yoast-seo-wordpress\/ -->\n<title>True Mass 10 lbsTrue Mass 10 lbs | Ganador de peso | BSN<\/title>\n<meta name=\"description\" content=\"Nuevo ganador de masa muscular: True Mass 10 lbs. Ideal para recuperaci\u00f3n. Producto natural a base de prote\u00edna, carbohidratos y amino\u00e1cidos. Importado USA.\" \/>\n<meta name=\"robots\" content=\"index, follow, max-snippet:-1, max-image-preview:large, max-video-preview:-1\" \/>\n<link rel=\"canonical\" href=\"https:\/\/www.demusculos.com\/web\/producto\/true-made-10-lbs-de-bsn-ganador-de-masa-muscular\/\" \/>\n<meta property=\"og:locale\" content=\"es_ES\" \/>\n<meta property=\"og:type\" content=\"article\" \/>\n<meta property=\"og:title\" content=\"True Mass 10 lbsTrue Mass 10 lbs | Ganador de peso | BSN\" \/>\n<meta property=\"og:description\" content=\"Nuevo ganador de masa muscular: True Mass 10 lbs. Ideal para recuperaci\u00f3n. Producto natural a base de prote\u00edna, carbohidratos y amino\u00e1cidos. Importado USA.\" \/>\n<meta property=\"og:url\" content=\"https:\/\/www.demusculos.com\/web\/producto\/true-made-10-lbs-de-bsn-ganador-de-masa-muscular\/\" \/>\n<meta property=\"og:site_name\" content=\"DeMusculos\" \/>\n<meta property=\"article:publisher\" content=\"https:\/\/www.facebook.com\/demusculos\" \/>\n<meta property=\"article:modified_time\" content=\"2026-02-01T23:02:27+00:00\" \/>\n<meta property=\"og:image\" content=\"https:\/\/www.demusculos.com\/web\/wp-content\/uploads\/2024\/03\/true-mass-1200-bsn-02.jpg\" \/>\n\t<meta property=\"og:image:width\" content=\"1000\" \/>\n\t<meta property=\"og:image:height\" content=\"1000\" \/>\n\t<meta property=\"og:image:type\" content=\"image\/jpeg\" \/>\n<meta name=\"twitter:card\" content=\"summary_large_image\" \/>\n<meta name=\"twitter:site\" content=\"@demusculos\" \/>\n<meta name=\"twitter:label1\" content=\"Tiempo de lectura\" \/>\n\t<meta name=\"twitter:data1\" content=\"4 minutos\" \/>\n<script type=\"application\/ld+json\" class=\"yoast-schema-graph\">{\"@context\":\"https:\\\/\\\/schema.org\",\"@graph\":[{\"@type\":\"WebPage\",\"@id\":\"https:\\\/\\\/www.demusculos.com\\\/web\\\/producto\\\/true-made-10-lbs-de-bsn-ganador-de-masa-muscular\\\/\",\"url\":\"https:\\\/\\\/www.demusculos.com\\\/web\\\/producto\\\/true-made-10-lbs-de-bsn-ganador-de-masa-muscular\\\/\",\"name\":\"True Mass 10 lbsTrue Mass 10 lbs | Ganador de peso | BSN\",\"isPartOf\":{\"@id\":\"https:\\\/\\\/www.demusculos.com\\\/web\\\/#website\"},\"primaryImageOfPage\":{\"@id\":\"https:\\\/\\\/www.demusculos.com\\\/web\\\/producto\\\/true-made-10-lbs-de-bsn-ganador-de-masa-muscular\\\/#primaryimage\"},\"image\":{\"@id\":\"https:\\\/\\\/www.demusculos.com\\\/web\\\/producto\\\/true-made-10-lbs-de-bsn-ganador-de-masa-muscular\\\/#primaryimage\"},\"thumbnailUrl\":\"https:\\\/\\\/www.demusculos.com\\\/web\\\/wp-content\\\/uploads\\\/2024\\\/03\\\/true-mass-1200-bsn-02.jpg\",\"datePublished\":\"2024-03-19T11:07:08+00:00\",\"dateModified\":\"2026-02-01T23:02:27+00:00\",\"description\":\"Nuevo ganador de masa muscular: True Mass 10 lbs. Ideal para recuperaci\u00f3n. Producto natural a base de prote\u00edna, carbohidratos y amino\u00e1cidos. Importado USA.\",\"breadcrumb\":{\"@id\":\"https:\\\/\\\/www.demusculos.com\\\/web\\\/producto\\\/true-made-10-lbs-de-bsn-ganador-de-masa-muscular\\\/#breadcrumb\"},\"inLanguage\":\"es\",\"potentialAction\":[{\"@type\":\"ReadAction\",\"target\":[\"https:\\\/\\\/www.demusculos.com\\\/web\\\/producto\\\/true-made-10-lbs-de-bsn-ganador-de-masa-muscular\\\/\"]}]},{\"@type\":\"ImageObject\",\"inLanguage\":\"es\",\"@id\":\"https:\\\/\\\/www.demusculos.com\\\/web\\\/producto\\\/true-made-10-lbs-de-bsn-ganador-de-masa-muscular\\\/#primaryimage\",\"url\":\"https:\\\/\\\/www.demusculos.com\\\/web\\\/wp-content\\\/uploads\\\/2024\\\/03\\\/true-mass-1200-bsn-02.jpg\",\"contentUrl\":\"https:\\\/\\\/www.demusculos.com\\\/web\\\/wp-content\\\/uploads\\\/2024\\\/03\\\/true-mass-1200-bsn-02.jpg\",\"width\":1000,\"height\":1000,\"caption\":\"True Mass 10 Lbs de BSN\"},{\"@type\":\"BreadcrumbList\",\"@id\":\"https:\\\/\\\/www.demusculos.com\\\/web\\\/producto\\\/true-made-10-lbs-de-bsn-ganador-de-masa-muscular\\\/#breadcrumb\",\"itemListElement\":[{\"@type\":\"ListItem\",\"position\":1,\"name\":\"Inicio\",\"item\":\"https:\\\/\\\/www.demusculos.com\\\/web\\\/\"},{\"@type\":\"ListItem\",\"position\":2,\"name\":\"Suplementos\",\"item\":\"https:\\\/\\\/www.demusculos.com\\\/web\\\/tienda\\\/\"},{\"@type\":\"ListItem\",\"position\":3,\"name\":\"True Mass 10 Lbs de BSN Ganador de Masa Muscular\"}]},{\"@type\":\"WebSite\",\"@id\":\"https:\\\/\\\/www.demusculos.com\\\/web\\\/#website\",\"url\":\"https:\\\/\\\/www.demusculos.com\\\/web\\\/\",\"name\":\"DeMusculos.com\",\"description\":\"Suplementos Naturales\",\"publisher\":{\"@id\":\"https:\\\/\\\/www.demusculos.com\\\/web\\\/#organization\"},\"alternateName\":\"Suplementos Naturales\",\"potentialAction\":[{\"@type\":\"SearchAction\",\"target\":{\"@type\":\"EntryPoint\",\"urlTemplate\":\"https:\\\/\\\/www.demusculos.com\\\/web\\\/?s={search_term_string}\"},\"query-input\":{\"@type\":\"PropertyValueSpecification\",\"valueRequired\":true,\"valueName\":\"search_term_string\"}}],\"inLanguage\":\"es\"},{\"@type\":\"Organization\",\"@id\":\"https:\\\/\\\/www.demusculos.com\\\/web\\\/#organization\",\"name\":\"DeMusculos.com\",\"alternateName\":\"DeMusculos\",\"url\":\"https:\\\/\\\/www.demusculos.com\\\/web\\\/\",\"logo\":{\"@type\":\"ImageObject\",\"inLanguage\":\"es\",\"@id\":\"https:\\\/\\\/www.demusculos.com\\\/web\\\/#\\\/schema\\\/logo\\\/image\\\/\",\"url\":\"https:\\\/\\\/www.demusculos.com\\\/web\\\/wp-content\\\/uploads\\\/2024\\\/02\\\/logo-demusculos-prestashop-usuario.png\",\"contentUrl\":\"https:\\\/\\\/www.demusculos.com\\\/web\\\/wp-content\\\/uploads\\\/2024\\\/02\\\/logo-demusculos-prestashop-usuario.png\",\"width\":150,\"height\":150,\"caption\":\"DeMusculos.com\"},\"image\":{\"@id\":\"https:\\\/\\\/www.demusculos.com\\\/web\\\/#\\\/schema\\\/logo\\\/image\\\/\"},\"sameAs\":[\"https:\\\/\\\/www.facebook.com\\\/demusculos\",\"https:\\\/\\\/x.com\\\/demusculos\",\"https:\\\/\\\/www.instagram.com\\\/demusculos\",\"https:\\\/\\\/www.tiktok.com\\\/@demusculos.com\"]}]}<\/script>\n<!-- \/ Yoast SEO plugin. -->","yoast_head_json":{"title":"True Mass 10 lbsTrue Mass 10 lbs | Ganador de peso | BSN","description":"Nuevo ganador de masa muscular: True Mass 10 lbs. Ideal para recuperaci\u00f3n. Producto natural a base de prote\u00edna, carbohidratos y amino\u00e1cidos. Importado USA.","robots":{"index":"index","follow":"follow","max-snippet":"max-snippet:-1","max-image-preview":"max-image-preview:large","max-video-preview":"max-video-preview:-1"},"canonical":"https:\/\/www.demusculos.com\/web\/producto\/true-made-10-lbs-de-bsn-ganador-de-masa-muscular\/","og_locale":"es_ES","og_type":"article","og_title":"True Mass 10 lbsTrue Mass 10 lbs | Ganador de peso | BSN","og_description":"Nuevo ganador de masa muscular: True Mass 10 lbs. Ideal para recuperaci\u00f3n. Producto natural a base de prote\u00edna, carbohidratos y amino\u00e1cidos. Importado USA.","og_url":"https:\/\/www.demusculos.com\/web\/producto\/true-made-10-lbs-de-bsn-ganador-de-masa-muscular\/","og_site_name":"DeMusculos","article_publisher":"https:\/\/www.facebook.com\/demusculos","article_modified_time":"2026-02-01T23:02:27+00:00","og_image":[{"width":1000,"height":1000,"url":"https:\/\/www.demusculos.com\/web\/wp-content\/uploads\/2024\/03\/true-mass-1200-bsn-02.jpg","type":"image\/jpeg"}],"twitter_card":"summary_large_image","twitter_site":"@demusculos","twitter_misc":{"Tiempo de lectura":"4 minutos"},"schema":{"@context":"https:\/\/schema.org","@graph":[{"@type":"WebPage","@id":"https:\/\/www.demusculos.com\/web\/producto\/true-made-10-lbs-de-bsn-ganador-de-masa-muscular\/","url":"https:\/\/www.demusculos.com\/web\/producto\/true-made-10-lbs-de-bsn-ganador-de-masa-muscular\/","name":"True Mass 10 lbsTrue Mass 10 lbs | Ganador de peso | BSN","isPartOf":{"@id":"https:\/\/www.demusculos.com\/web\/#website"},"primaryImageOfPage":{"@id":"https:\/\/www.demusculos.com\/web\/producto\/true-made-10-lbs-de-bsn-ganador-de-masa-muscular\/#primaryimage"},"image":{"@id":"https:\/\/www.demusculos.com\/web\/producto\/true-made-10-lbs-de-bsn-ganador-de-masa-muscular\/#primaryimage"},"thumbnailUrl":"https:\/\/www.demusculos.com\/web\/wp-content\/uploads\/2024\/03\/true-mass-1200-bsn-02.jpg","datePublished":"2024-03-19T11:07:08+00:00","dateModified":"2026-02-01T23:02:27+00:00","description":"Nuevo ganador de masa muscular: True Mass 10 lbs. Ideal para recuperaci\u00f3n. Producto natural a base de prote\u00edna, carbohidratos y amino\u00e1cidos. Importado USA.","breadcrumb":{"@id":"https:\/\/www.demusculos.com\/web\/producto\/true-made-10-lbs-de-bsn-ganador-de-masa-muscular\/#breadcrumb"},"inLanguage":"es","potentialAction":[{"@type":"ReadAction","target":["https:\/\/www.demusculos.com\/web\/producto\/true-made-10-lbs-de-bsn-ganador-de-masa-muscular\/"]}]},{"@type":"ImageObject","inLanguage":"es","@id":"https:\/\/www.demusculos.com\/web\/producto\/true-made-10-lbs-de-bsn-ganador-de-masa-muscular\/#primaryimage","url":"https:\/\/www.demusculos.com\/web\/wp-content\/uploads\/2024\/03\/true-mass-1200-bsn-02.jpg","contentUrl":"https:\/\/www.demusculos.com\/web\/wp-content\/uploads\/2024\/03\/true-mass-1200-bsn-02.jpg","width":1000,"height":1000,"caption":"True Mass 10 Lbs de BSN"},{"@type":"BreadcrumbList","@id":"https:\/\/www.demusculos.com\/web\/producto\/true-made-10-lbs-de-bsn-ganador-de-masa-muscular\/#breadcrumb","itemListElement":[{"@type":"ListItem","position":1,"name":"Inicio","item":"https:\/\/www.demusculos.com\/web\/"},{"@type":"ListItem","position":2,"name":"Suplementos","item":"https:\/\/www.demusculos.com\/web\/tienda\/"},{"@type":"ListItem","position":3,"name":"True Mass 10 Lbs de BSN Ganador de Masa Muscular"}]},{"@type":"WebSite","@id":"https:\/\/www.demusculos.com\/web\/#website","url":"https:\/\/www.demusculos.com\/web\/","name":"DeMusculos.com","description":"Suplementos Naturales","publisher":{"@id":"https:\/\/www.demusculos.com\/web\/#organization"},"alternateName":"Suplementos Naturales","potentialAction":[{"@type":"SearchAction","target":{"@type":"EntryPoint","urlTemplate":"https:\/\/www.demusculos.com\/web\/?s={search_term_string}"},"query-input":{"@type":"PropertyValueSpecification","valueRequired":true,"valueName":"search_term_string"}}],"inLanguage":"es"},{"@type":"Organization","@id":"https:\/\/www.demusculos.com\/web\/#organization","name":"DeMusculos.com","alternateName":"DeMusculos","url":"https:\/\/www.demusculos.com\/web\/","logo":{"@type":"ImageObject","inLanguage":"es","@id":"https:\/\/www.demusculos.com\/web\/#\/schema\/logo\/image\/","url":"https:\/\/www.demusculos.com\/web\/wp-content\/uploads\/2024\/02\/logo-demusculos-prestashop-usuario.png","contentUrl":"https:\/\/www.demusculos.com\/web\/wp-content\/uploads\/2024\/02\/logo-demusculos-prestashop-usuario.png","width":150,"height":150,"caption":"DeMusculos.com"},"image":{"@id":"https:\/\/www.demusculos.com\/web\/#\/schema\/logo\/image\/"},"sameAs":["https:\/\/www.facebook.com\/demusculos","https:\/\/x.com\/demusculos","https:\/\/www.instagram.com\/demusculos","https:\/\/www.tiktok.com\/@demusculos.com"]}]}},"_links":{"self":[{"href":"https:\/\/www.demusculos.com\/web\/wp-json\/wp\/v2\/product\/3533","targetHints":{"allow":["GET"]}}],"collection":[{"href":"https:\/\/www.demusculos.com\/web\/wp-json\/wp\/v2\/product"}],"about":[{"href":"https:\/\/www.demusculos.com\/web\/wp-json\/wp\/v2\/types\/product"}],"replies":[{"embeddable":true,"href":"https:\/\/www.demusculos.com\/web\/wp-json\/wp\/v2\/comments?post=3533"}],"wp:featuredmedia":[{"embeddable":true,"href":"https:\/\/www.demusculos.com\/web\/wp-json\/wp\/v2\/media\/3534"}],"wp:attachment":[{"href":"https:\/\/www.demusculos.com\/web\/wp-json\/wp\/v2\/media?parent=3533"}],"wp:term":[{"taxonomy":"product_brand","embeddable":true,"href":"https:\/\/www.demusculos.com\/web\/wp-json\/wp\/v2\/product_brand?post=3533"},{"taxonomy":"product_cat","embeddable":true,"href":"https:\/\/www.demusculos.com\/web\/wp-json\/wp\/v2\/product_cat?post=3533"},{"taxonomy":"product_tag","embeddable":true,"href":"https:\/\/www.demusculos.com\/web\/wp-json\/wp\/v2\/product_tag?post=3533"}],"curies":[{"name":"wp","href":"https:\/\/api.w.org\/{rel}","templated":true}]}}