{"id":3559,"date":"2024-03-19T11:11:21","date_gmt":"2024-03-19T14:11:21","guid":{"rendered":"https:\/\/www.demusculos.com\/web\/?post_type=product&#038;p=3559"},"modified":"2026-02-01T20:02:27","modified_gmt":"2026-02-01T23:02:27","slug":"syntha-6-edge-de-4-lbs-bsn-nutrition","status":"publish","type":"product","link":"https:\/\/www.demusculos.com\/web\/producto\/syntha-6-edge-de-4-lbs-bsn-nutrition\/","title":{"rendered":"Syntha 6 EDGE de 4 LBS BSN Nutrition (45 tomas)"},"content":{"rendered":"<h2>Prote\u00edna Syntha 6 EDGE &#8211; 45 tomas &#8211; 4 lbs<\/h2>\n<p>Ideal para aumento de masa muscular.<br \/>\nLa nueva versi\u00f3n del Syntha 6 con m\u00e1s prote\u00edna que nunca<br \/>\nPara hombres y mujeres<br \/>\nPara todo tipo de deportes<\/p>\n<p><strong>Beneficios:<\/strong><br \/>\n. Recuperaci\u00f3n<br \/>\n. Rendimiento<br \/>\n. Aumento de masa muscular<\/p>\n<p><strong>Producto Importado de USA<\/strong><br \/>\nAprobado en Argentina<br \/>\nSyntha 6 combina varias prote\u00ednas en una<br \/>\nMaximiza la recuperaci\u00f3n<br \/>\nProducto sellado en Fabrica.<\/p>\n<figure id=\"attachment_125\" aria-describedby=\"caption-attachment-125\" style=\"width: 300px\" class=\"wp-caption alignnone\"><img fetchpriority=\"high\" decoding=\"async\" class=\"size-full wp-image-125\" src=\"https:\/\/www.demusculos.com\/web\/wp-content\/uploads\/2024\/02\/agua-leche-descremada.png\" alt=\"El producto se puede preparar con agua o con leche descremanda.\" width=\"300\" height=\"300\" srcset=\"https:\/\/www.demusculos.com\/web\/wp-content\/uploads\/2024\/02\/agua-leche-descremada.png 300w, https:\/\/www.demusculos.com\/web\/wp-content\/uploads\/2024\/02\/agua-leche-descremada-150x150.png 150w\" sizes=\"(max-width: 300px) 100vw, 300px\" \/><figcaption id=\"caption-attachment-125\" class=\"wp-caption-text\">Este producto se puede preparar con agua o leche descremada. Recomendamos tomarlo con l\u00edquidos fr\u00edos.<\/figcaption><\/figure>\n<h2>Detalles de Syntha 6 de BSN<\/h2>\n<p>La f\u00f3rmula de Syntha-6 Edge combina hasta 6 fuentes diferentes de prote\u00edna que ofrece un producto con una velocidad de absorci\u00f3n progresiva, r\u00e1pida pero a la vez prolongada, perfecta para tomar despu\u00e9s del entrenamiento, pero tambi\u00e9n entre horas o antes de dormir para mantener tus m\u00fasculos nutridos durante la noche.<\/p>\n<p>Esta prote\u00edna puede ser utilizada como post-entrenamiento o bien entre horas para proteger y nutrir los m\u00fasculos. Tambi\u00e9n puede ser utilizada por todo tipo de personas que necesiten un aporte extra de prote\u00ednas en su dieta y deseen tomarlas en un batido con un delicioso sabor.<\/p>\n<figure id=\"attachment_124\" aria-describedby=\"caption-attachment-124\" style=\"width: 300px\" class=\"wp-caption alignnone\"><img decoding=\"async\" class=\"size-full wp-image-124\" src=\"https:\/\/www.demusculos.com\/web\/wp-content\/uploads\/2024\/02\/masa-muscular.png\" alt=\"Este suplemento natural es ideal para aumentar la masa muscular, incrementar la recuperaci\u00f3n muscular en hombres y mujeres.\" width=\"300\" height=\"300\" srcset=\"https:\/\/www.demusculos.com\/web\/wp-content\/uploads\/2024\/02\/masa-muscular.png 300w, https:\/\/www.demusculos.com\/web\/wp-content\/uploads\/2024\/02\/masa-muscular-150x150.png 150w\" sizes=\"(max-width: 300px) 100vw, 300px\" \/><figcaption id=\"caption-attachment-124\" class=\"wp-caption-text\">Es ideal para recuperaci\u00f3n muscular. A mayor recuperaci\u00f3n m\u00e1s aumento de masa muscular y rendimiento. Tambi\u00e9n lograremos m\u00e1s tono muscular. Las prote\u00ednas nos dan saciedad y son ideales para las dietas.<\/figcaption><\/figure>\n<p>Syntha-6 Edge tambi\u00e9n proporciona en cada dosis 14 gramos de carbohidratos, que provienen principalmente de la harina de trigo y de los cuales solamente 1,4 g son az\u00facares.<\/p>\n<p>SYNTHA-6 Edge est\u00e1 dise\u00f1ado para favorecer:<\/p>\n<p>\u00b7El crecimiento muscular<br \/>\n\u00b7Acelera la recuperaci\u00f3n despu\u00e9s del entrenamiento.<br \/>\n\u00b7Estimula la s\u00edntesis proteica, el desarrollo muscular y el anabolismo.<br \/>\n\u00b7Protege del catabolismo y mantiene la masa muscular.<\/p>\n<p>Modo de uso:<br \/>\nMezclar 1 cucharada redondeada (37 g) con 120-150 ml de agua fr\u00eda.<\/p>\n","protected":false},"excerpt":{"rendered":"<p>Prote\u00edna importada de USA. Ideal para recuperaci\u00f3n, rendimiento, aumento de masa muscular. Excelente para desarrollo muscular m\u00e1ximo. 6 prote\u00ednas en una. Prote\u00edna MIXTA para hombres y mujeres.<\/p>\n","protected":false},"featured_media":3560,"comment_status":"closed","ping_status":"closed","template":"","meta":[],"product_brand":[244],"product_cat":[16],"product_tag":[148,147],"class_list":{"0":"post-3559","1":"product","2":"type-product","3":"status-publish","4":"has-post-thumbnail","6":"product_brand-bsn","7":"product_cat-proteinas","8":"product_tag-bsn","9":"product_tag-mix-protein","11":"first","12":"outofstock","13":"sale","14":"shipping-taxable","15":"purchasable","16":"product-type-simple"},"yoast_head":"<!-- This site is optimized with the Yoast SEO plugin v27.5 - https:\/\/yoast.com\/product\/yoast-seo-wordpress\/ -->\n<title>Syntha 6 EDGE | Prote\u00edna Importada | BSN | DeMusculos.com<\/title>\n<meta name=\"description\" content=\"Presentamos el Syntha 6 EDGE, la nueva prote\u00edna de BSN. Ideal para recuperaci\u00f3n, rendimiento y aumento de masa muscular. Importada de USA.\" \/>\n<meta name=\"robots\" content=\"index, follow, max-snippet:-1, max-image-preview:large, max-video-preview:-1\" \/>\n<link rel=\"canonical\" href=\"https:\/\/www.demusculos.com\/web\/producto\/syntha-6-edge-de-4-lbs-bsn-nutrition\/\" \/>\n<meta property=\"og:locale\" content=\"es_ES\" \/>\n<meta property=\"og:type\" content=\"article\" \/>\n<meta property=\"og:title\" content=\"Syntha 6 EDGE | Prote\u00edna Importada | BSN | DeMusculos.com\" \/>\n<meta property=\"og:description\" content=\"Presentamos el Syntha 6 EDGE, la nueva prote\u00edna de BSN. Ideal para recuperaci\u00f3n, rendimiento y aumento de masa muscular. Importada de USA.\" \/>\n<meta property=\"og:url\" content=\"https:\/\/www.demusculos.com\/web\/producto\/syntha-6-edge-de-4-lbs-bsn-nutrition\/\" \/>\n<meta property=\"og:site_name\" content=\"DeMusculos\" \/>\n<meta property=\"article:publisher\" content=\"https:\/\/www.facebook.com\/demusculos\" \/>\n<meta property=\"article:modified_time\" content=\"2026-02-01T23:02:27+00:00\" \/>\n<meta property=\"og:image\" content=\"https:\/\/www.demusculos.com\/web\/wp-content\/uploads\/2024\/03\/edge-nueva-neutra-todos-los-sabores.jpg\" \/>\n\t<meta property=\"og:image:width\" content=\"1200\" \/>\n\t<meta property=\"og:image:height\" content=\"1200\" \/>\n\t<meta property=\"og:image:type\" content=\"image\/jpeg\" \/>\n<meta name=\"twitter:card\" content=\"summary_large_image\" \/>\n<meta name=\"twitter:site\" content=\"@demusculos\" \/>\n<meta name=\"twitter:label1\" content=\"Tiempo de lectura\" \/>\n\t<meta name=\"twitter:data1\" content=\"2 minutos\" \/>\n<script type=\"application\/ld+json\" class=\"yoast-schema-graph\">{\"@context\":\"https:\\\/\\\/schema.org\",\"@graph\":[{\"@type\":\"WebPage\",\"@id\":\"https:\\\/\\\/www.demusculos.com\\\/web\\\/producto\\\/syntha-6-edge-de-4-lbs-bsn-nutrition\\\/\",\"url\":\"https:\\\/\\\/www.demusculos.com\\\/web\\\/producto\\\/syntha-6-edge-de-4-lbs-bsn-nutrition\\\/\",\"name\":\"Syntha 6 EDGE | Prote\u00edna Importada | BSN | DeMusculos.com\",\"isPartOf\":{\"@id\":\"https:\\\/\\\/www.demusculos.com\\\/web\\\/#website\"},\"primaryImageOfPage\":{\"@id\":\"https:\\\/\\\/www.demusculos.com\\\/web\\\/producto\\\/syntha-6-edge-de-4-lbs-bsn-nutrition\\\/#primaryimage\"},\"image\":{\"@id\":\"https:\\\/\\\/www.demusculos.com\\\/web\\\/producto\\\/syntha-6-edge-de-4-lbs-bsn-nutrition\\\/#primaryimage\"},\"thumbnailUrl\":\"https:\\\/\\\/www.demusculos.com\\\/web\\\/wp-content\\\/uploads\\\/2024\\\/03\\\/edge-nueva-neutra-todos-los-sabores.jpg\",\"datePublished\":\"2024-03-19T14:11:21+00:00\",\"dateModified\":\"2026-02-01T23:02:27+00:00\",\"description\":\"Presentamos el Syntha 6 EDGE, la nueva prote\u00edna de BSN. Ideal para recuperaci\u00f3n, rendimiento y aumento de masa muscular. Importada de USA.\",\"breadcrumb\":{\"@id\":\"https:\\\/\\\/www.demusculos.com\\\/web\\\/producto\\\/syntha-6-edge-de-4-lbs-bsn-nutrition\\\/#breadcrumb\"},\"inLanguage\":\"es\",\"potentialAction\":[{\"@type\":\"ReadAction\",\"target\":[\"https:\\\/\\\/www.demusculos.com\\\/web\\\/producto\\\/syntha-6-edge-de-4-lbs-bsn-nutrition\\\/\"]}]},{\"@type\":\"ImageObject\",\"inLanguage\":\"es\",\"@id\":\"https:\\\/\\\/www.demusculos.com\\\/web\\\/producto\\\/syntha-6-edge-de-4-lbs-bsn-nutrition\\\/#primaryimage\",\"url\":\"https:\\\/\\\/www.demusculos.com\\\/web\\\/wp-content\\\/uploads\\\/2024\\\/03\\\/edge-nueva-neutra-todos-los-sabores.jpg\",\"contentUrl\":\"https:\\\/\\\/www.demusculos.com\\\/web\\\/wp-content\\\/uploads\\\/2024\\\/03\\\/edge-nueva-neutra-todos-los-sabores.jpg\",\"width\":1200,\"height\":1200,\"caption\":\"Syntha 6 EDGE de 4 lbs BSN\"},{\"@type\":\"BreadcrumbList\",\"@id\":\"https:\\\/\\\/www.demusculos.com\\\/web\\\/producto\\\/syntha-6-edge-de-4-lbs-bsn-nutrition\\\/#breadcrumb\",\"itemListElement\":[{\"@type\":\"ListItem\",\"position\":1,\"name\":\"Inicio\",\"item\":\"https:\\\/\\\/www.demusculos.com\\\/web\\\/\"},{\"@type\":\"ListItem\",\"position\":2,\"name\":\"Suplementos\",\"item\":\"https:\\\/\\\/www.demusculos.com\\\/web\\\/tienda\\\/\"},{\"@type\":\"ListItem\",\"position\":3,\"name\":\"Syntha 6 EDGE de 4 LBS BSN Nutrition (45 tomas)\"}]},{\"@type\":\"WebSite\",\"@id\":\"https:\\\/\\\/www.demusculos.com\\\/web\\\/#website\",\"url\":\"https:\\\/\\\/www.demusculos.com\\\/web\\\/\",\"name\":\"DeMusculos.com\",\"description\":\"Suplementos Naturales\",\"publisher\":{\"@id\":\"https:\\\/\\\/www.demusculos.com\\\/web\\\/#organization\"},\"alternateName\":\"Suplementos Naturales\",\"potentialAction\":[{\"@type\":\"SearchAction\",\"target\":{\"@type\":\"EntryPoint\",\"urlTemplate\":\"https:\\\/\\\/www.demusculos.com\\\/web\\\/?s={search_term_string}\"},\"query-input\":{\"@type\":\"PropertyValueSpecification\",\"valueRequired\":true,\"valueName\":\"search_term_string\"}}],\"inLanguage\":\"es\"},{\"@type\":\"Organization\",\"@id\":\"https:\\\/\\\/www.demusculos.com\\\/web\\\/#organization\",\"name\":\"DeMusculos.com\",\"alternateName\":\"DeMusculos\",\"url\":\"https:\\\/\\\/www.demusculos.com\\\/web\\\/\",\"logo\":{\"@type\":\"ImageObject\",\"inLanguage\":\"es\",\"@id\":\"https:\\\/\\\/www.demusculos.com\\\/web\\\/#\\\/schema\\\/logo\\\/image\\\/\",\"url\":\"https:\\\/\\\/www.demusculos.com\\\/web\\\/wp-content\\\/uploads\\\/2024\\\/02\\\/logo-demusculos-prestashop-usuario.png\",\"contentUrl\":\"https:\\\/\\\/www.demusculos.com\\\/web\\\/wp-content\\\/uploads\\\/2024\\\/02\\\/logo-demusculos-prestashop-usuario.png\",\"width\":150,\"height\":150,\"caption\":\"DeMusculos.com\"},\"image\":{\"@id\":\"https:\\\/\\\/www.demusculos.com\\\/web\\\/#\\\/schema\\\/logo\\\/image\\\/\"},\"sameAs\":[\"https:\\\/\\\/www.facebook.com\\\/demusculos\",\"https:\\\/\\\/x.com\\\/demusculos\",\"https:\\\/\\\/www.instagram.com\\\/demusculos\",\"https:\\\/\\\/www.tiktok.com\\\/@demusculos.com\"]}]}<\/script>\n<!-- \/ Yoast SEO plugin. -->","yoast_head_json":{"title":"Syntha 6 EDGE | Prote\u00edna Importada | BSN | DeMusculos.com","description":"Presentamos el Syntha 6 EDGE, la nueva prote\u00edna de BSN. Ideal para recuperaci\u00f3n, rendimiento y aumento de masa muscular. Importada de USA.","robots":{"index":"index","follow":"follow","max-snippet":"max-snippet:-1","max-image-preview":"max-image-preview:large","max-video-preview":"max-video-preview:-1"},"canonical":"https:\/\/www.demusculos.com\/web\/producto\/syntha-6-edge-de-4-lbs-bsn-nutrition\/","og_locale":"es_ES","og_type":"article","og_title":"Syntha 6 EDGE | Prote\u00edna Importada | BSN | DeMusculos.com","og_description":"Presentamos el Syntha 6 EDGE, la nueva prote\u00edna de BSN. Ideal para recuperaci\u00f3n, rendimiento y aumento de masa muscular. Importada de USA.","og_url":"https:\/\/www.demusculos.com\/web\/producto\/syntha-6-edge-de-4-lbs-bsn-nutrition\/","og_site_name":"DeMusculos","article_publisher":"https:\/\/www.facebook.com\/demusculos","article_modified_time":"2026-02-01T23:02:27+00:00","og_image":[{"width":1200,"height":1200,"url":"https:\/\/www.demusculos.com\/web\/wp-content\/uploads\/2024\/03\/edge-nueva-neutra-todos-los-sabores.jpg","type":"image\/jpeg"}],"twitter_card":"summary_large_image","twitter_site":"@demusculos","twitter_misc":{"Tiempo de lectura":"2 minutos"},"schema":{"@context":"https:\/\/schema.org","@graph":[{"@type":"WebPage","@id":"https:\/\/www.demusculos.com\/web\/producto\/syntha-6-edge-de-4-lbs-bsn-nutrition\/","url":"https:\/\/www.demusculos.com\/web\/producto\/syntha-6-edge-de-4-lbs-bsn-nutrition\/","name":"Syntha 6 EDGE | Prote\u00edna Importada | BSN | DeMusculos.com","isPartOf":{"@id":"https:\/\/www.demusculos.com\/web\/#website"},"primaryImageOfPage":{"@id":"https:\/\/www.demusculos.com\/web\/producto\/syntha-6-edge-de-4-lbs-bsn-nutrition\/#primaryimage"},"image":{"@id":"https:\/\/www.demusculos.com\/web\/producto\/syntha-6-edge-de-4-lbs-bsn-nutrition\/#primaryimage"},"thumbnailUrl":"https:\/\/www.demusculos.com\/web\/wp-content\/uploads\/2024\/03\/edge-nueva-neutra-todos-los-sabores.jpg","datePublished":"2024-03-19T14:11:21+00:00","dateModified":"2026-02-01T23:02:27+00:00","description":"Presentamos el Syntha 6 EDGE, la nueva prote\u00edna de BSN. Ideal para recuperaci\u00f3n, rendimiento y aumento de masa muscular. Importada de USA.","breadcrumb":{"@id":"https:\/\/www.demusculos.com\/web\/producto\/syntha-6-edge-de-4-lbs-bsn-nutrition\/#breadcrumb"},"inLanguage":"es","potentialAction":[{"@type":"ReadAction","target":["https:\/\/www.demusculos.com\/web\/producto\/syntha-6-edge-de-4-lbs-bsn-nutrition\/"]}]},{"@type":"ImageObject","inLanguage":"es","@id":"https:\/\/www.demusculos.com\/web\/producto\/syntha-6-edge-de-4-lbs-bsn-nutrition\/#primaryimage","url":"https:\/\/www.demusculos.com\/web\/wp-content\/uploads\/2024\/03\/edge-nueva-neutra-todos-los-sabores.jpg","contentUrl":"https:\/\/www.demusculos.com\/web\/wp-content\/uploads\/2024\/03\/edge-nueva-neutra-todos-los-sabores.jpg","width":1200,"height":1200,"caption":"Syntha 6 EDGE de 4 lbs BSN"},{"@type":"BreadcrumbList","@id":"https:\/\/www.demusculos.com\/web\/producto\/syntha-6-edge-de-4-lbs-bsn-nutrition\/#breadcrumb","itemListElement":[{"@type":"ListItem","position":1,"name":"Inicio","item":"https:\/\/www.demusculos.com\/web\/"},{"@type":"ListItem","position":2,"name":"Suplementos","item":"https:\/\/www.demusculos.com\/web\/tienda\/"},{"@type":"ListItem","position":3,"name":"Syntha 6 EDGE de 4 LBS BSN Nutrition (45 tomas)"}]},{"@type":"WebSite","@id":"https:\/\/www.demusculos.com\/web\/#website","url":"https:\/\/www.demusculos.com\/web\/","name":"DeMusculos.com","description":"Suplementos Naturales","publisher":{"@id":"https:\/\/www.demusculos.com\/web\/#organization"},"alternateName":"Suplementos Naturales","potentialAction":[{"@type":"SearchAction","target":{"@type":"EntryPoint","urlTemplate":"https:\/\/www.demusculos.com\/web\/?s={search_term_string}"},"query-input":{"@type":"PropertyValueSpecification","valueRequired":true,"valueName":"search_term_string"}}],"inLanguage":"es"},{"@type":"Organization","@id":"https:\/\/www.demusculos.com\/web\/#organization","name":"DeMusculos.com","alternateName":"DeMusculos","url":"https:\/\/www.demusculos.com\/web\/","logo":{"@type":"ImageObject","inLanguage":"es","@id":"https:\/\/www.demusculos.com\/web\/#\/schema\/logo\/image\/","url":"https:\/\/www.demusculos.com\/web\/wp-content\/uploads\/2024\/02\/logo-demusculos-prestashop-usuario.png","contentUrl":"https:\/\/www.demusculos.com\/web\/wp-content\/uploads\/2024\/02\/logo-demusculos-prestashop-usuario.png","width":150,"height":150,"caption":"DeMusculos.com"},"image":{"@id":"https:\/\/www.demusculos.com\/web\/#\/schema\/logo\/image\/"},"sameAs":["https:\/\/www.facebook.com\/demusculos","https:\/\/x.com\/demusculos","https:\/\/www.instagram.com\/demusculos","https:\/\/www.tiktok.com\/@demusculos.com"]}]}},"_links":{"self":[{"href":"https:\/\/www.demusculos.com\/web\/wp-json\/wp\/v2\/product\/3559","targetHints":{"allow":["GET"]}}],"collection":[{"href":"https:\/\/www.demusculos.com\/web\/wp-json\/wp\/v2\/product"}],"about":[{"href":"https:\/\/www.demusculos.com\/web\/wp-json\/wp\/v2\/types\/product"}],"replies":[{"embeddable":true,"href":"https:\/\/www.demusculos.com\/web\/wp-json\/wp\/v2\/comments?post=3559"}],"wp:featuredmedia":[{"embeddable":true,"href":"https:\/\/www.demusculos.com\/web\/wp-json\/wp\/v2\/media\/3560"}],"wp:attachment":[{"href":"https:\/\/www.demusculos.com\/web\/wp-json\/wp\/v2\/media?parent=3559"}],"wp:term":[{"taxonomy":"product_brand","embeddable":true,"href":"https:\/\/www.demusculos.com\/web\/wp-json\/wp\/v2\/product_brand?post=3559"},{"taxonomy":"product_cat","embeddable":true,"href":"https:\/\/www.demusculos.com\/web\/wp-json\/wp\/v2\/product_cat?post=3559"},{"taxonomy":"product_tag","embeddable":true,"href":"https:\/\/www.demusculos.com\/web\/wp-json\/wp\/v2\/product_tag?post=3559"}],"curies":[{"name":"wp","href":"https:\/\/api.w.org\/{rel}","templated":true}]}}