{"id":3588,"date":"2024-03-19T13:51:14","date_gmt":"2024-03-19T16:51:14","guid":{"rendered":"https:\/\/www.demusculos.com\/web\/?post_type=product&#038;p=3588"},"modified":"2026-03-25T11:09:38","modified_gmt":"2026-03-25T14:09:38","slug":"glutapure-400-grs-de-ultimate-glutamina","status":"publish","type":"product","link":"https:\/\/www.demusculos.com\/web\/producto\/glutapure-400-grs-de-ultimate-glutamina\/","title":{"rendered":"Glutapure 400 grs de Ultimate Glutamina"},"content":{"rendered":"<h2><span id=\"Que_es_la_L-glutamina\">\u00bfQu\u00e9 es la Glutamina Glutapure Ultimate?<\/span><\/h2>\n<p>La Glutamina Glutapure Ultimate <strong>es un amino\u00e1cido no esencial<\/strong>\u00a0(componente habitual de las prote\u00ednas), es decir, el cuerpo es capaz de sintetizarlo a partir de otros amino\u00e1cidos o a trav\u00e9s de los alimentos que se ingieren y es almacenado mayoritariamente en los m\u00fasculos. Pese a ello, hay determinadas situaciones donde puede \u201cvolverse esencial\u201d, por ejemplo, en la recuperaci\u00f3n de quemaduras graves, intervenciones postquir\u00fargicas, cirug\u00edas intestinales, cuando se tiene una p\u00e9rdida importante de masa muscular como puede ocurrir en enfermedades como el c\u00e1ncer, donde la suplementaci\u00f3n ser\u00e1 necesaria. Adem\u00e1s,\u00a0<strong>es un suplemento de consumo habitual entre la poblaci\u00f3n deportista,<\/strong>\u00a0sobre todo en entrenos de fuerza, ya que interviene de manera directa en el mantenimiento y la recuperaci\u00f3n de la musculatura.<\/p>\n<h2><span id=\"Funciones_de_la_glutamina\">Funciones de la glutamina<\/span><\/h2>\n<ul>\n<li>Participaci\u00f3n en el 60% de las funciones b\u00e1sicas del organismo.<\/li>\n<li>Forma parte del l\u00edquido cefalorraqu\u00eddeo y del plasma.<\/li>\n<li>Transportador de nitr\u00f3geno.<\/li>\n<li>Ayuda en la s\u00edntesis de nucle\u00f3tidos\u00a0por ser un precursor de nitr\u00f3geno.<\/li>\n<li>Contribuye al equilibrio \u00e1cido-base a nivel renal.<\/li>\n<li>Promueve el crecimiento muscular.<\/li>\n<li>Facilita la\u00a0recuperaci\u00f3n de las c\u00e9lulas musculares.<\/li>\n<li>Mejora la mucosa intestinal y participa en el sistema inmune.<\/li>\n<\/ul>\n<div class=\"video-container\"><iframe title=\"Glutamina Glutapure de Ultimate Nutrition\" width=\"1170\" height=\"658\" src=\"https:\/\/www.youtube.com\/embed\/RzTbIvmjFLk?feature=oembed\" frameborder=\"0\" allow=\"accelerometer; autoplay; clipboard-write; encrypted-media; gyroscope; picture-in-picture; web-share\" referrerpolicy=\"strict-origin-when-cross-origin\" allowfullscreen><\/iframe><\/div>\n<h2><span id=\"Beneficios_de_la_glutamina\">Beneficios de la glutamina<\/span><\/h2>\n<ul>\n<li>Evita la p\u00e9rdida de masa magra.<\/li>\n<li>Ayuda a\u00a0prevenir lesiones\u00a0durante el entrenamiento, gracias al efecto antioxidante.<\/li>\n<li>Refuerza el sistema inmune, act\u00faa regulando la respuesta Inmune de IgA, anticuerpo importante combatiendo virus y bacterias.<\/li>\n<li>Mejora el funcionamiento y absorci\u00f3n intestinal.<\/li>\n<li>Favorece la memoria y concentraci\u00f3n ya que es un neurotransmisor cerebral.<\/li>\n<\/ul>\n<h2><span id=\"Cuando_es_necesario_tomar_glutamina\">\u00bfCu\u00e1ndo es necesario tomar glutamina?<\/span><\/h2>\n<p>Son diversos los motivos por los que puede verse aumentada la necesidad de tomar glutamina. En el\u00a0<strong>caso de los deportistas, las necesidades aumentan en entrenamientos de alta intensidad,<\/strong>\u00a0y tambi\u00e9n se vincula una mayor necesidad en situaciones de estr\u00e9s mental y f\u00edsico, como puede ser en el primer caso mucha carga laboral, presentarse a unas oposiciones, etc. y en el segundo, para la recuperaci\u00f3n de quemaduras graves, tras intervenciones postquir\u00fargicas, enfermedades como el c\u00e1ncer o el VIH o como parte del tratamiento en pacientes con patolog\u00edas espec\u00edficas como la anemia falciforme, ya que reduce la frecuencia de los episodios de dolor. Tambi\u00e9n se ha podido comprobar que,\u00a0<strong>a medida que pasan los a\u00f1os, disminuye la capacidad de generar glutamina,<\/strong>\u00a0por lo que puede ser interesante la suplementaci\u00f3n en edad avanzada.<\/p>\n<figure id=\"attachment_3593\" aria-describedby=\"caption-attachment-3593\" style=\"width: 1024px\" class=\"wp-caption alignnone\"><img fetchpriority=\"high\" decoding=\"async\" class=\"wp-image-3593 size-full\" title=\"Glutamina Glutapure 400 grs Ultimate Nutrition\" src=\"https:\/\/www.demusculos.com\/web\/wp-content\/uploads\/2024\/03\/banner-glutapure-400-grs.jpg\" alt=\"Glutamina Glutapure 400 grs Ultimate Nutrition\" width=\"1024\" height=\"1024\" srcset=\"https:\/\/www.demusculos.com\/web\/wp-content\/uploads\/2024\/03\/banner-glutapure-400-grs.jpg 1024w, https:\/\/www.demusculos.com\/web\/wp-content\/uploads\/2024\/03\/banner-glutapure-400-grs-300x300.jpg 300w, https:\/\/www.demusculos.com\/web\/wp-content\/uploads\/2024\/03\/banner-glutapure-400-grs-150x150.jpg 150w, https:\/\/www.demusculos.com\/web\/wp-content\/uploads\/2024\/03\/banner-glutapure-400-grs-800x800.jpg 800w, https:\/\/www.demusculos.com\/web\/wp-content\/uploads\/2024\/03\/banner-glutapure-400-grs-768x768.jpg 768w\" sizes=\"(max-width: 1024px) 100vw, 1024px\" \/><figcaption id=\"caption-attachment-3593\" class=\"wp-caption-text\">Glutamina Glutapure 400 grs Ultimate Nutrition<\/figcaption><\/figure>\n<p>&nbsp;<\/p>\n","protected":false},"excerpt":{"rendered":"<p>Mejora el rendimiento. M\u00e1s masa muscular gracias a maximizar la recuperaci\u00f3n del m\u00fasculo. Producto 100% importado de USA.<\/p>\n","protected":false},"featured_media":3590,"comment_status":"closed","ping_status":"closed","template":"","meta":[],"product_brand":[250],"product_cat":[54],"product_tag":[179],"class_list":{"0":"post-3588","1":"product","2":"type-product","3":"status-publish","4":"has-post-thumbnail","6":"product_brand-ultimate-nutrition","7":"product_cat-glutamina","8":"product_tag-ultimate-nutrition","10":"first","11":"instock","12":"sale","13":"shipping-taxable","14":"purchasable","15":"product-type-simple"},"yoast_head":"<!-- This site is optimized with the Yoast SEO plugin v27.6 - https:\/\/yoast.com\/product\/yoast-seo-wordpress\/ -->\n<title>Glutamina Glutapure Ultimate | Masa Muscular | DeMusculos.com<\/title>\n<meta name=\"description\" content=\"Con Glutamina Glutapure Ultimate de 400 grs mejoras tu masa muscular. Grandes beneficios para recuperaci\u00f3n, rendimiento e intestinos. Env\u00edo y cuotas.\" \/>\n<meta name=\"robots\" content=\"index, follow, max-snippet:-1, max-image-preview:large, max-video-preview:-1\" \/>\n<link rel=\"canonical\" href=\"https:\/\/www.demusculos.com\/web\/producto\/glutapure-400-grs-de-ultimate-glutamina\/\" \/>\n<meta property=\"og:locale\" content=\"es_ES\" \/>\n<meta property=\"og:type\" content=\"article\" \/>\n<meta property=\"og:title\" content=\"Glutamina Glutapure Ultimate | Masa Muscular | DeMusculos.com\" \/>\n<meta property=\"og:description\" content=\"Con Glutamina Glutapure Ultimate de 400 grs mejoras tu masa muscular. Grandes beneficios para recuperaci\u00f3n, rendimiento e intestinos. Env\u00edo y cuotas.\" \/>\n<meta property=\"og:url\" content=\"https:\/\/www.demusculos.com\/web\/producto\/glutapure-400-grs-de-ultimate-glutamina\/\" \/>\n<meta property=\"og:site_name\" content=\"DeMusculos\" \/>\n<meta property=\"article:publisher\" content=\"https:\/\/www.facebook.com\/demusculos\" \/>\n<meta property=\"article:modified_time\" content=\"2026-03-25T14:09:38+00:00\" \/>\n<meta property=\"og:image\" content=\"https:\/\/www.demusculos.com\/web\/wp-content\/uploads\/2024\/03\/glutapure-01.jpg\" \/>\n\t<meta property=\"og:image:width\" content=\"1200\" \/>\n\t<meta property=\"og:image:height\" content=\"1200\" \/>\n\t<meta property=\"og:image:type\" content=\"image\/jpeg\" \/>\n<meta name=\"twitter:card\" content=\"summary_large_image\" \/>\n<meta name=\"twitter:site\" content=\"@demusculos\" \/>\n<meta name=\"twitter:label1\" content=\"Tiempo de lectura\" \/>\n\t<meta name=\"twitter:data1\" content=\"3 minutos\" \/>\n<script type=\"application\/ld+json\" class=\"yoast-schema-graph\">{\"@context\":\"https:\\\/\\\/schema.org\",\"@graph\":[{\"@type\":\"WebPage\",\"@id\":\"https:\\\/\\\/www.demusculos.com\\\/web\\\/producto\\\/glutapure-400-grs-de-ultimate-glutamina\\\/\",\"url\":\"https:\\\/\\\/www.demusculos.com\\\/web\\\/producto\\\/glutapure-400-grs-de-ultimate-glutamina\\\/\",\"name\":\"Glutamina Glutapure Ultimate | Masa Muscular | DeMusculos.com\",\"isPartOf\":{\"@id\":\"https:\\\/\\\/www.demusculos.com\\\/web\\\/#website\"},\"primaryImageOfPage\":{\"@id\":\"https:\\\/\\\/www.demusculos.com\\\/web\\\/producto\\\/glutapure-400-grs-de-ultimate-glutamina\\\/#primaryimage\"},\"image\":{\"@id\":\"https:\\\/\\\/www.demusculos.com\\\/web\\\/producto\\\/glutapure-400-grs-de-ultimate-glutamina\\\/#primaryimage\"},\"thumbnailUrl\":\"https:\\\/\\\/www.demusculos.com\\\/web\\\/wp-content\\\/uploads\\\/2024\\\/03\\\/glutapure-01.jpg\",\"datePublished\":\"2024-03-19T16:51:14+00:00\",\"dateModified\":\"2026-03-25T14:09:38+00:00\",\"description\":\"Con Glutamina Glutapure Ultimate de 400 grs mejoras tu masa muscular. Grandes beneficios para recuperaci\u00f3n, rendimiento e intestinos. Env\u00edo y cuotas.\",\"breadcrumb\":{\"@id\":\"https:\\\/\\\/www.demusculos.com\\\/web\\\/producto\\\/glutapure-400-grs-de-ultimate-glutamina\\\/#breadcrumb\"},\"inLanguage\":\"es\",\"potentialAction\":[{\"@type\":\"ReadAction\",\"target\":[\"https:\\\/\\\/www.demusculos.com\\\/web\\\/producto\\\/glutapure-400-grs-de-ultimate-glutamina\\\/\"]}]},{\"@type\":\"ImageObject\",\"inLanguage\":\"es\",\"@id\":\"https:\\\/\\\/www.demusculos.com\\\/web\\\/producto\\\/glutapure-400-grs-de-ultimate-glutamina\\\/#primaryimage\",\"url\":\"https:\\\/\\\/www.demusculos.com\\\/web\\\/wp-content\\\/uploads\\\/2024\\\/03\\\/glutapure-01.jpg\",\"contentUrl\":\"https:\\\/\\\/www.demusculos.com\\\/web\\\/wp-content\\\/uploads\\\/2024\\\/03\\\/glutapure-01.jpg\",\"width\":1200,\"height\":1200,\"caption\":\"Glutamina Glutapure 400 grs Ultimate Nutrition\"},{\"@type\":\"BreadcrumbList\",\"@id\":\"https:\\\/\\\/www.demusculos.com\\\/web\\\/producto\\\/glutapure-400-grs-de-ultimate-glutamina\\\/#breadcrumb\",\"itemListElement\":[{\"@type\":\"ListItem\",\"position\":1,\"name\":\"Inicio\",\"item\":\"https:\\\/\\\/www.demusculos.com\\\/web\\\/\"},{\"@type\":\"ListItem\",\"position\":2,\"name\":\"Suplementos\",\"item\":\"https:\\\/\\\/www.demusculos.com\\\/web\\\/tienda\\\/\"},{\"@type\":\"ListItem\",\"position\":3,\"name\":\"Glutapure 400 grs de Ultimate Glutamina\"}]},{\"@type\":\"WebSite\",\"@id\":\"https:\\\/\\\/www.demusculos.com\\\/web\\\/#website\",\"url\":\"https:\\\/\\\/www.demusculos.com\\\/web\\\/\",\"name\":\"DeMusculos.com\",\"description\":\"Suplementos Naturales\",\"publisher\":{\"@id\":\"https:\\\/\\\/www.demusculos.com\\\/web\\\/#organization\"},\"alternateName\":\"Suplementos Naturales\",\"potentialAction\":[{\"@type\":\"SearchAction\",\"target\":{\"@type\":\"EntryPoint\",\"urlTemplate\":\"https:\\\/\\\/www.demusculos.com\\\/web\\\/?s={search_term_string}\"},\"query-input\":{\"@type\":\"PropertyValueSpecification\",\"valueRequired\":true,\"valueName\":\"search_term_string\"}}],\"inLanguage\":\"es\"},{\"@type\":\"Organization\",\"@id\":\"https:\\\/\\\/www.demusculos.com\\\/web\\\/#organization\",\"name\":\"DeMusculos.com\",\"alternateName\":\"DeMusculos\",\"url\":\"https:\\\/\\\/www.demusculos.com\\\/web\\\/\",\"logo\":{\"@type\":\"ImageObject\",\"inLanguage\":\"es\",\"@id\":\"https:\\\/\\\/www.demusculos.com\\\/web\\\/#\\\/schema\\\/logo\\\/image\\\/\",\"url\":\"https:\\\/\\\/www.demusculos.com\\\/web\\\/wp-content\\\/uploads\\\/2024\\\/02\\\/logo-demusculos-prestashop-usuario.png\",\"contentUrl\":\"https:\\\/\\\/www.demusculos.com\\\/web\\\/wp-content\\\/uploads\\\/2024\\\/02\\\/logo-demusculos-prestashop-usuario.png\",\"width\":150,\"height\":150,\"caption\":\"DeMusculos.com\"},\"image\":{\"@id\":\"https:\\\/\\\/www.demusculos.com\\\/web\\\/#\\\/schema\\\/logo\\\/image\\\/\"},\"sameAs\":[\"https:\\\/\\\/www.facebook.com\\\/demusculos\",\"https:\\\/\\\/x.com\\\/demusculos\",\"https:\\\/\\\/www.instagram.com\\\/demusculos\",\"https:\\\/\\\/www.tiktok.com\\\/@demusculos.com\"]}]}<\/script>\n<!-- \/ Yoast SEO plugin. -->","yoast_head_json":{"title":"Glutamina Glutapure Ultimate | Masa Muscular | DeMusculos.com","description":"Con Glutamina Glutapure Ultimate de 400 grs mejoras tu masa muscular. Grandes beneficios para recuperaci\u00f3n, rendimiento e intestinos. Env\u00edo y cuotas.","robots":{"index":"index","follow":"follow","max-snippet":"max-snippet:-1","max-image-preview":"max-image-preview:large","max-video-preview":"max-video-preview:-1"},"canonical":"https:\/\/www.demusculos.com\/web\/producto\/glutapure-400-grs-de-ultimate-glutamina\/","og_locale":"es_ES","og_type":"article","og_title":"Glutamina Glutapure Ultimate | Masa Muscular | DeMusculos.com","og_description":"Con Glutamina Glutapure Ultimate de 400 grs mejoras tu masa muscular. Grandes beneficios para recuperaci\u00f3n, rendimiento e intestinos. Env\u00edo y cuotas.","og_url":"https:\/\/www.demusculos.com\/web\/producto\/glutapure-400-grs-de-ultimate-glutamina\/","og_site_name":"DeMusculos","article_publisher":"https:\/\/www.facebook.com\/demusculos","article_modified_time":"2026-03-25T14:09:38+00:00","og_image":[{"width":1200,"height":1200,"url":"https:\/\/www.demusculos.com\/web\/wp-content\/uploads\/2024\/03\/glutapure-01.jpg","type":"image\/jpeg"}],"twitter_card":"summary_large_image","twitter_site":"@demusculos","twitter_misc":{"Tiempo de lectura":"3 minutos"},"schema":{"@context":"https:\/\/schema.org","@graph":[{"@type":"WebPage","@id":"https:\/\/www.demusculos.com\/web\/producto\/glutapure-400-grs-de-ultimate-glutamina\/","url":"https:\/\/www.demusculos.com\/web\/producto\/glutapure-400-grs-de-ultimate-glutamina\/","name":"Glutamina Glutapure Ultimate | Masa Muscular | DeMusculos.com","isPartOf":{"@id":"https:\/\/www.demusculos.com\/web\/#website"},"primaryImageOfPage":{"@id":"https:\/\/www.demusculos.com\/web\/producto\/glutapure-400-grs-de-ultimate-glutamina\/#primaryimage"},"image":{"@id":"https:\/\/www.demusculos.com\/web\/producto\/glutapure-400-grs-de-ultimate-glutamina\/#primaryimage"},"thumbnailUrl":"https:\/\/www.demusculos.com\/web\/wp-content\/uploads\/2024\/03\/glutapure-01.jpg","datePublished":"2024-03-19T16:51:14+00:00","dateModified":"2026-03-25T14:09:38+00:00","description":"Con Glutamina Glutapure Ultimate de 400 grs mejoras tu masa muscular. Grandes beneficios para recuperaci\u00f3n, rendimiento e intestinos. Env\u00edo y cuotas.","breadcrumb":{"@id":"https:\/\/www.demusculos.com\/web\/producto\/glutapure-400-grs-de-ultimate-glutamina\/#breadcrumb"},"inLanguage":"es","potentialAction":[{"@type":"ReadAction","target":["https:\/\/www.demusculos.com\/web\/producto\/glutapure-400-grs-de-ultimate-glutamina\/"]}]},{"@type":"ImageObject","inLanguage":"es","@id":"https:\/\/www.demusculos.com\/web\/producto\/glutapure-400-grs-de-ultimate-glutamina\/#primaryimage","url":"https:\/\/www.demusculos.com\/web\/wp-content\/uploads\/2024\/03\/glutapure-01.jpg","contentUrl":"https:\/\/www.demusculos.com\/web\/wp-content\/uploads\/2024\/03\/glutapure-01.jpg","width":1200,"height":1200,"caption":"Glutamina Glutapure 400 grs Ultimate Nutrition"},{"@type":"BreadcrumbList","@id":"https:\/\/www.demusculos.com\/web\/producto\/glutapure-400-grs-de-ultimate-glutamina\/#breadcrumb","itemListElement":[{"@type":"ListItem","position":1,"name":"Inicio","item":"https:\/\/www.demusculos.com\/web\/"},{"@type":"ListItem","position":2,"name":"Suplementos","item":"https:\/\/www.demusculos.com\/web\/tienda\/"},{"@type":"ListItem","position":3,"name":"Glutapure 400 grs de Ultimate Glutamina"}]},{"@type":"WebSite","@id":"https:\/\/www.demusculos.com\/web\/#website","url":"https:\/\/www.demusculos.com\/web\/","name":"DeMusculos.com","description":"Suplementos Naturales","publisher":{"@id":"https:\/\/www.demusculos.com\/web\/#organization"},"alternateName":"Suplementos Naturales","potentialAction":[{"@type":"SearchAction","target":{"@type":"EntryPoint","urlTemplate":"https:\/\/www.demusculos.com\/web\/?s={search_term_string}"},"query-input":{"@type":"PropertyValueSpecification","valueRequired":true,"valueName":"search_term_string"}}],"inLanguage":"es"},{"@type":"Organization","@id":"https:\/\/www.demusculos.com\/web\/#organization","name":"DeMusculos.com","alternateName":"DeMusculos","url":"https:\/\/www.demusculos.com\/web\/","logo":{"@type":"ImageObject","inLanguage":"es","@id":"https:\/\/www.demusculos.com\/web\/#\/schema\/logo\/image\/","url":"https:\/\/www.demusculos.com\/web\/wp-content\/uploads\/2024\/02\/logo-demusculos-prestashop-usuario.png","contentUrl":"https:\/\/www.demusculos.com\/web\/wp-content\/uploads\/2024\/02\/logo-demusculos-prestashop-usuario.png","width":150,"height":150,"caption":"DeMusculos.com"},"image":{"@id":"https:\/\/www.demusculos.com\/web\/#\/schema\/logo\/image\/"},"sameAs":["https:\/\/www.facebook.com\/demusculos","https:\/\/x.com\/demusculos","https:\/\/www.instagram.com\/demusculos","https:\/\/www.tiktok.com\/@demusculos.com"]}]}},"_links":{"self":[{"href":"https:\/\/www.demusculos.com\/web\/wp-json\/wp\/v2\/product\/3588","targetHints":{"allow":["GET"]}}],"collection":[{"href":"https:\/\/www.demusculos.com\/web\/wp-json\/wp\/v2\/product"}],"about":[{"href":"https:\/\/www.demusculos.com\/web\/wp-json\/wp\/v2\/types\/product"}],"replies":[{"embeddable":true,"href":"https:\/\/www.demusculos.com\/web\/wp-json\/wp\/v2\/comments?post=3588"}],"wp:featuredmedia":[{"embeddable":true,"href":"https:\/\/www.demusculos.com\/web\/wp-json\/wp\/v2\/media\/3590"}],"wp:attachment":[{"href":"https:\/\/www.demusculos.com\/web\/wp-json\/wp\/v2\/media?parent=3588"}],"wp:term":[{"taxonomy":"product_brand","embeddable":true,"href":"https:\/\/www.demusculos.com\/web\/wp-json\/wp\/v2\/product_brand?post=3588"},{"taxonomy":"product_cat","embeddable":true,"href":"https:\/\/www.demusculos.com\/web\/wp-json\/wp\/v2\/product_cat?post=3588"},{"taxonomy":"product_tag","embeddable":true,"href":"https:\/\/www.demusculos.com\/web\/wp-json\/wp\/v2\/product_tag?post=3588"}],"curies":[{"name":"wp","href":"https:\/\/api.w.org\/{rel}","templated":true}]}}