{"id":3594,"date":"2024-03-19T13:59:53","date_gmt":"2024-03-19T16:59:53","guid":{"rendered":"https:\/\/www.demusculos.com\/web\/?post_type=product&#038;p=3594"},"modified":"2026-02-01T20:02:29","modified_gmt":"2026-02-01T23:02:29","slug":"amino-1900-de-universal-nutrition-x-110-tabletas","status":"publish","type":"product","link":"https:\/\/www.demusculos.com\/web\/producto\/amino-1900-de-universal-nutrition-x-110-tabletas\/","title":{"rendered":"Amino 1900 de Universal Nutrition x 110 tabletas"},"content":{"rendered":"<h2>Beneficios del Amino 1900<\/h2>\n<p>Amino 1900 es ideal para todas las personas (hombres y mujeres) que buscan recuperaci\u00f3n, rendimiento y aumento de masa muscular. Este producto se puede combinar con prote\u00ednas, creatinas y vitaminas.<\/p>\n<figure id=\"attachment_1382\" aria-describedby=\"caption-attachment-1382\" style=\"width: 446px\" class=\"wp-caption alignnone\"><img decoding=\"async\" class=\"size-full wp-image-1382\" src=\"https:\/\/www.demusculos.com\/web\/wp-content\/uploads\/2024\/03\/logo-universal-nutrition.png\" alt=\"Suplemento naturales y deportivos de marca Universal Nutrition. Fabricados en Estados Unidos\" width=\"446\" height=\"103\" srcset=\"https:\/\/www.demusculos.com\/web\/wp-content\/uploads\/2024\/03\/logo-universal-nutrition.png 446w, https:\/\/www.demusculos.com\/web\/wp-content\/uploads\/2024\/03\/logo-universal-nutrition-300x69.png 300w, https:\/\/www.demusculos.com\/web\/wp-content\/uploads\/2024\/03\/logo-universal-nutrition-150x35.png 150w, https:\/\/www.demusculos.com\/web\/wp-content\/uploads\/2024\/03\/logo-universal-nutrition-416x96.png 416w\" sizes=\"(max-width: 446px) 100vw, 446px\" \/><figcaption id=\"caption-attachment-1382\" class=\"wp-caption-text\">Suplemento naturales y deportivos de marca Universal Nutrition. Fabricados en Estados Unidos<\/figcaption><\/figure>\n<p><img fetchpriority=\"high\" decoding=\"async\" class=\"alignnone size-full wp-image-15117\" src=\"https:\/\/www.demusculos.com\/web\/wp-content\/uploads\/2024\/03\/amino-1900-universal-01.webp\" alt=\"Amino 1900 de Universal x 110 tabletas\" width=\"1080\" height=\"1080\" srcset=\"https:\/\/www.demusculos.com\/web\/wp-content\/uploads\/2024\/03\/amino-1900-universal-01.webp 1080w, https:\/\/www.demusculos.com\/web\/wp-content\/uploads\/2024\/03\/amino-1900-universal-01-300x300.webp 300w, https:\/\/www.demusculos.com\/web\/wp-content\/uploads\/2024\/03\/amino-1900-universal-01-1024x1024.webp 1024w, https:\/\/www.demusculos.com\/web\/wp-content\/uploads\/2024\/03\/amino-1900-universal-01-150x150.webp 150w, https:\/\/www.demusculos.com\/web\/wp-content\/uploads\/2024\/03\/amino-1900-universal-01-768x768.webp 768w, https:\/\/www.demusculos.com\/web\/wp-content\/uploads\/2024\/03\/amino-1900-universal-01-990x990.webp 990w, https:\/\/www.demusculos.com\/web\/wp-content\/uploads\/2024\/03\/amino-1900-universal-01-441x441.webp 441w, https:\/\/www.demusculos.com\/web\/wp-content\/uploads\/2024\/03\/amino-1900-universal-01-100x100.webp 100w, https:\/\/www.demusculos.com\/web\/wp-content\/uploads\/2024\/03\/amino-1900-universal-01-800x800.webp 800w\" sizes=\"(max-width: 1080px) 100vw, 1080px\" \/><\/p>\n<p><strong>Producto<\/strong>: AMINO 1900<\/p>\n<p>. masa muscular<br \/>\n. rendimiento<br \/>\n. recuperaci\u00f3n<br \/>\n. tono muscular<\/p>\n<p><em><strong>Marca<\/strong><\/em>: UNIVERSAL NUTRITION I CLASSIC SERIES<\/p>\n<p><img decoding=\"async\" class=\"alignnone size-full wp-image-15118\" src=\"https:\/\/www.demusculos.com\/web\/wp-content\/uploads\/2024\/03\/amino-1900-universal-02.webp\" alt=\"\" width=\"1080\" height=\"1080\" srcset=\"https:\/\/www.demusculos.com\/web\/wp-content\/uploads\/2024\/03\/amino-1900-universal-02.webp 1080w, https:\/\/www.demusculos.com\/web\/wp-content\/uploads\/2024\/03\/amino-1900-universal-02-300x300.webp 300w, https:\/\/www.demusculos.com\/web\/wp-content\/uploads\/2024\/03\/amino-1900-universal-02-1024x1024.webp 1024w, https:\/\/www.demusculos.com\/web\/wp-content\/uploads\/2024\/03\/amino-1900-universal-02-150x150.webp 150w, https:\/\/www.demusculos.com\/web\/wp-content\/uploads\/2024\/03\/amino-1900-universal-02-768x768.webp 768w, https:\/\/www.demusculos.com\/web\/wp-content\/uploads\/2024\/03\/amino-1900-universal-02-990x990.webp 990w, https:\/\/www.demusculos.com\/web\/wp-content\/uploads\/2024\/03\/amino-1900-universal-02-441x441.webp 441w, https:\/\/www.demusculos.com\/web\/wp-content\/uploads\/2024\/03\/amino-1900-universal-02-100x100.webp 100w, https:\/\/www.demusculos.com\/web\/wp-content\/uploads\/2024\/03\/amino-1900-universal-02-800x800.webp 800w\" sizes=\"(max-width: 1080px) 100vw, 1080px\" \/><\/p>\n<p><strong>Informaci\u00f3n Nutricional<\/strong>: Valor Energ\u00e9tico 24 Kcal. \/ Prote\u00ednas 6 Grs. No aporta cantidades significativas de Carbohidratos &#8211; Grasas totales &#8211; Grasas Saturadas &#8211; Grasas Trans &#8211; Fibra Alimentaria &#8211; Sodio.<\/p>\n<p><strong>Contenido Neto<\/strong>: 110 Tabletas.<\/p>\n<p><strong>Servicio<\/strong>: 4 Tabletas.<\/p>\n<p><strong>Servicios por Envase<\/strong>: 27 Servicios.<\/p>\n<p><strong>Funci\u00f3n<\/strong>: Incrementar la masa muscular \/ Minimizar el tiempo de recuperaci\u00f3n.<\/p>\n<p><strong>Modo de Uso<\/strong>: Consumir diariamente 1 &#8211; 3 servicios (1 servicio=4 tabletas) con el est\u00f3mago vac\u00edo. Para \u00f3ptimos resultados, consumir 1 servicio (4 tabletas) inmediatamente despu\u00e9s de la actividad f\u00edsica. No exceder la ingesta diaria recomendada por el fabricante. No utilizar en caso de embarazo, lactancia ni en ni\u00f1os salvo exclusiva prescripci\u00f3n m\u00e9dica. Mantener en lugar fresco y seco fuera del alcance de los menores. Ante cualquier duda consulte en forma preventiva un profesional de la salud. Producto elaborado de acuerdo a las exigencias del C\u00f3digo Alimentario Argentino de Libre Circulaci\u00f3n y Comercializaci\u00f3n en todo el Territorio de la Rep\u00fablica Argentina.<\/p>\n<p><strong>Origen<\/strong>: Made In U.S.A.<\/p>\n<p><img loading=\"lazy\" decoding=\"async\" class=\"alignnone size-full wp-image-15119\" src=\"https:\/\/www.demusculos.com\/web\/wp-content\/uploads\/2024\/03\/amino-1900-universal-03.webp\" alt=\"\" width=\"1080\" height=\"1080\" srcset=\"https:\/\/www.demusculos.com\/web\/wp-content\/uploads\/2024\/03\/amino-1900-universal-03.webp 1080w, https:\/\/www.demusculos.com\/web\/wp-content\/uploads\/2024\/03\/amino-1900-universal-03-300x300.webp 300w, https:\/\/www.demusculos.com\/web\/wp-content\/uploads\/2024\/03\/amino-1900-universal-03-1024x1024.webp 1024w, https:\/\/www.demusculos.com\/web\/wp-content\/uploads\/2024\/03\/amino-1900-universal-03-150x150.webp 150w, https:\/\/www.demusculos.com\/web\/wp-content\/uploads\/2024\/03\/amino-1900-universal-03-768x768.webp 768w, https:\/\/www.demusculos.com\/web\/wp-content\/uploads\/2024\/03\/amino-1900-universal-03-990x990.webp 990w, https:\/\/www.demusculos.com\/web\/wp-content\/uploads\/2024\/03\/amino-1900-universal-03-441x441.webp 441w, https:\/\/www.demusculos.com\/web\/wp-content\/uploads\/2024\/03\/amino-1900-universal-03-100x100.webp 100w, https:\/\/www.demusculos.com\/web\/wp-content\/uploads\/2024\/03\/amino-1900-universal-03-800x800.webp 800w\" sizes=\"(max-width: 1080px) 100vw, 1080px\" \/><\/p>\n","protected":false},"excerpt":{"rendered":"<p>Aminoacidos importados de USA. La marca n\u00famero uno, la pionera, la que inicio el camino de la Suplementaci\u00f3n a nivel mundial.<\/p>\n","protected":false},"featured_media":11664,"comment_status":"closed","ping_status":"closed","template":"","meta":[],"product_brand":[241],"product_cat":[44,215],"product_tag":[102],"class_list":{"0":"post-3594","1":"product","2":"type-product","3":"status-publish","4":"has-post-thumbnail","6":"product_brand-universal-nutrition","7":"product_cat-aminoacidos","8":"product_cat-promociones-y-ofertas","9":"product_tag-universal-nutrition","11":"first","12":"instock","13":"sale","14":"shipping-taxable","15":"purchasable","16":"product-type-simple"},"yoast_head":"<!-- This site is optimized with the Yoast SEO plugin v27.5 - https:\/\/yoast.com\/product\/yoast-seo-wordpress\/ -->\n<title>Amino 1900 | Universal Nutrition | Recuperaci\u00f3n y Masa Muscular<\/title>\n<meta name=\"description\" content=\"Amino 1900 de 110 tabletas es un Amino\u00e1cido completo, efectivo para recuperaci\u00f3n, rendimienot y aumento de masa muscular. Se puede combinar. Env\u00edos.\" \/>\n<meta name=\"robots\" content=\"index, follow, max-snippet:-1, max-image-preview:large, max-video-preview:-1\" \/>\n<link rel=\"canonical\" href=\"https:\/\/www.demusculos.com\/web\/producto\/amino-1900-de-universal-nutrition-x-110-tabletas\/\" \/>\n<meta property=\"og:locale\" content=\"es_ES\" \/>\n<meta property=\"og:type\" content=\"article\" \/>\n<meta property=\"og:title\" content=\"Amino 1900 | Universal Nutrition | Recuperaci\u00f3n y Masa Muscular\" \/>\n<meta property=\"og:description\" content=\"Amino 1900 de 110 tabletas es un Amino\u00e1cido completo, efectivo para recuperaci\u00f3n, rendimienot y aumento de masa muscular. Se puede combinar. Env\u00edos.\" \/>\n<meta property=\"og:url\" content=\"https:\/\/www.demusculos.com\/web\/producto\/amino-1900-de-universal-nutrition-x-110-tabletas\/\" \/>\n<meta property=\"og:site_name\" content=\"DeMusculos\" \/>\n<meta property=\"article:publisher\" content=\"https:\/\/www.facebook.com\/demusculos\" \/>\n<meta property=\"article:modified_time\" content=\"2026-02-01T23:02:29+00:00\" \/>\n<meta property=\"og:image\" content=\"https:\/\/www.demusculos.com\/web\/wp-content\/uploads\/2024\/03\/amino-1900-universal-110-tab-promo.jpg\" \/>\n\t<meta property=\"og:image:width\" content=\"1200\" \/>\n\t<meta property=\"og:image:height\" content=\"1200\" \/>\n\t<meta property=\"og:image:type\" content=\"image\/jpeg\" \/>\n<meta name=\"twitter:card\" content=\"summary_large_image\" \/>\n<meta name=\"twitter:site\" content=\"@demusculos\" \/>\n<meta name=\"twitter:label1\" content=\"Tiempo de lectura\" \/>\n\t<meta name=\"twitter:data1\" content=\"2 minutos\" \/>\n<script type=\"application\/ld+json\" class=\"yoast-schema-graph\">{\"@context\":\"https:\\\/\\\/schema.org\",\"@graph\":[{\"@type\":\"WebPage\",\"@id\":\"https:\\\/\\\/www.demusculos.com\\\/web\\\/producto\\\/amino-1900-de-universal-nutrition-x-110-tabletas\\\/\",\"url\":\"https:\\\/\\\/www.demusculos.com\\\/web\\\/producto\\\/amino-1900-de-universal-nutrition-x-110-tabletas\\\/\",\"name\":\"Amino 1900 | Universal Nutrition | Recuperaci\u00f3n y Masa Muscular\",\"isPartOf\":{\"@id\":\"https:\\\/\\\/www.demusculos.com\\\/web\\\/#website\"},\"primaryImageOfPage\":{\"@id\":\"https:\\\/\\\/www.demusculos.com\\\/web\\\/producto\\\/amino-1900-de-universal-nutrition-x-110-tabletas\\\/#primaryimage\"},\"image\":{\"@id\":\"https:\\\/\\\/www.demusculos.com\\\/web\\\/producto\\\/amino-1900-de-universal-nutrition-x-110-tabletas\\\/#primaryimage\"},\"thumbnailUrl\":\"https:\\\/\\\/www.demusculos.com\\\/web\\\/wp-content\\\/uploads\\\/2024\\\/03\\\/amino-1900-universal-110-tab-promo.jpg\",\"datePublished\":\"2024-03-19T16:59:53+00:00\",\"dateModified\":\"2026-02-01T23:02:29+00:00\",\"description\":\"Amino 1900 de 110 tabletas es un Amino\u00e1cido completo, efectivo para recuperaci\u00f3n, rendimienot y aumento de masa muscular. Se puede combinar. Env\u00edos.\",\"breadcrumb\":{\"@id\":\"https:\\\/\\\/www.demusculos.com\\\/web\\\/producto\\\/amino-1900-de-universal-nutrition-x-110-tabletas\\\/#breadcrumb\"},\"inLanguage\":\"es\",\"potentialAction\":[{\"@type\":\"ReadAction\",\"target\":[\"https:\\\/\\\/www.demusculos.com\\\/web\\\/producto\\\/amino-1900-de-universal-nutrition-x-110-tabletas\\\/\"]}]},{\"@type\":\"ImageObject\",\"inLanguage\":\"es\",\"@id\":\"https:\\\/\\\/www.demusculos.com\\\/web\\\/producto\\\/amino-1900-de-universal-nutrition-x-110-tabletas\\\/#primaryimage\",\"url\":\"https:\\\/\\\/www.demusculos.com\\\/web\\\/wp-content\\\/uploads\\\/2024\\\/03\\\/amino-1900-universal-110-tab-promo.jpg\",\"contentUrl\":\"https:\\\/\\\/www.demusculos.com\\\/web\\\/wp-content\\\/uploads\\\/2024\\\/03\\\/amino-1900-universal-110-tab-promo.jpg\",\"width\":1200,\"height\":1200,\"caption\":\"Ideales para recuperaci\u00f3n, rendimiento y aumento de masa muscular.\"},{\"@type\":\"BreadcrumbList\",\"@id\":\"https:\\\/\\\/www.demusculos.com\\\/web\\\/producto\\\/amino-1900-de-universal-nutrition-x-110-tabletas\\\/#breadcrumb\",\"itemListElement\":[{\"@type\":\"ListItem\",\"position\":1,\"name\":\"Inicio\",\"item\":\"https:\\\/\\\/www.demusculos.com\\\/web\\\/\"},{\"@type\":\"ListItem\",\"position\":2,\"name\":\"Suplementos\",\"item\":\"https:\\\/\\\/www.demusculos.com\\\/web\\\/tienda\\\/\"},{\"@type\":\"ListItem\",\"position\":3,\"name\":\"Amino 1900 de Universal Nutrition x 110 tabletas\"}]},{\"@type\":\"WebSite\",\"@id\":\"https:\\\/\\\/www.demusculos.com\\\/web\\\/#website\",\"url\":\"https:\\\/\\\/www.demusculos.com\\\/web\\\/\",\"name\":\"DeMusculos.com\",\"description\":\"Suplementos Naturales\",\"publisher\":{\"@id\":\"https:\\\/\\\/www.demusculos.com\\\/web\\\/#organization\"},\"alternateName\":\"Suplementos Naturales\",\"potentialAction\":[{\"@type\":\"SearchAction\",\"target\":{\"@type\":\"EntryPoint\",\"urlTemplate\":\"https:\\\/\\\/www.demusculos.com\\\/web\\\/?s={search_term_string}\"},\"query-input\":{\"@type\":\"PropertyValueSpecification\",\"valueRequired\":true,\"valueName\":\"search_term_string\"}}],\"inLanguage\":\"es\"},{\"@type\":\"Organization\",\"@id\":\"https:\\\/\\\/www.demusculos.com\\\/web\\\/#organization\",\"name\":\"DeMusculos.com\",\"alternateName\":\"DeMusculos\",\"url\":\"https:\\\/\\\/www.demusculos.com\\\/web\\\/\",\"logo\":{\"@type\":\"ImageObject\",\"inLanguage\":\"es\",\"@id\":\"https:\\\/\\\/www.demusculos.com\\\/web\\\/#\\\/schema\\\/logo\\\/image\\\/\",\"url\":\"https:\\\/\\\/www.demusculos.com\\\/web\\\/wp-content\\\/uploads\\\/2024\\\/02\\\/logo-demusculos-prestashop-usuario.png\",\"contentUrl\":\"https:\\\/\\\/www.demusculos.com\\\/web\\\/wp-content\\\/uploads\\\/2024\\\/02\\\/logo-demusculos-prestashop-usuario.png\",\"width\":150,\"height\":150,\"caption\":\"DeMusculos.com\"},\"image\":{\"@id\":\"https:\\\/\\\/www.demusculos.com\\\/web\\\/#\\\/schema\\\/logo\\\/image\\\/\"},\"sameAs\":[\"https:\\\/\\\/www.facebook.com\\\/demusculos\",\"https:\\\/\\\/x.com\\\/demusculos\",\"https:\\\/\\\/www.instagram.com\\\/demusculos\",\"https:\\\/\\\/www.tiktok.com\\\/@demusculos.com\"]}]}<\/script>\n<!-- \/ Yoast SEO plugin. -->","yoast_head_json":{"title":"Amino 1900 | Universal Nutrition | Recuperaci\u00f3n y Masa Muscular","description":"Amino 1900 de 110 tabletas es un Amino\u00e1cido completo, efectivo para recuperaci\u00f3n, rendimienot y aumento de masa muscular. Se puede combinar. Env\u00edos.","robots":{"index":"index","follow":"follow","max-snippet":"max-snippet:-1","max-image-preview":"max-image-preview:large","max-video-preview":"max-video-preview:-1"},"canonical":"https:\/\/www.demusculos.com\/web\/producto\/amino-1900-de-universal-nutrition-x-110-tabletas\/","og_locale":"es_ES","og_type":"article","og_title":"Amino 1900 | Universal Nutrition | Recuperaci\u00f3n y Masa Muscular","og_description":"Amino 1900 de 110 tabletas es un Amino\u00e1cido completo, efectivo para recuperaci\u00f3n, rendimienot y aumento de masa muscular. Se puede combinar. Env\u00edos.","og_url":"https:\/\/www.demusculos.com\/web\/producto\/amino-1900-de-universal-nutrition-x-110-tabletas\/","og_site_name":"DeMusculos","article_publisher":"https:\/\/www.facebook.com\/demusculos","article_modified_time":"2026-02-01T23:02:29+00:00","og_image":[{"width":1200,"height":1200,"url":"https:\/\/www.demusculos.com\/web\/wp-content\/uploads\/2024\/03\/amino-1900-universal-110-tab-promo.jpg","type":"image\/jpeg"}],"twitter_card":"summary_large_image","twitter_site":"@demusculos","twitter_misc":{"Tiempo de lectura":"2 minutos"},"schema":{"@context":"https:\/\/schema.org","@graph":[{"@type":"WebPage","@id":"https:\/\/www.demusculos.com\/web\/producto\/amino-1900-de-universal-nutrition-x-110-tabletas\/","url":"https:\/\/www.demusculos.com\/web\/producto\/amino-1900-de-universal-nutrition-x-110-tabletas\/","name":"Amino 1900 | Universal Nutrition | Recuperaci\u00f3n y Masa Muscular","isPartOf":{"@id":"https:\/\/www.demusculos.com\/web\/#website"},"primaryImageOfPage":{"@id":"https:\/\/www.demusculos.com\/web\/producto\/amino-1900-de-universal-nutrition-x-110-tabletas\/#primaryimage"},"image":{"@id":"https:\/\/www.demusculos.com\/web\/producto\/amino-1900-de-universal-nutrition-x-110-tabletas\/#primaryimage"},"thumbnailUrl":"https:\/\/www.demusculos.com\/web\/wp-content\/uploads\/2024\/03\/amino-1900-universal-110-tab-promo.jpg","datePublished":"2024-03-19T16:59:53+00:00","dateModified":"2026-02-01T23:02:29+00:00","description":"Amino 1900 de 110 tabletas es un Amino\u00e1cido completo, efectivo para recuperaci\u00f3n, rendimienot y aumento de masa muscular. Se puede combinar. Env\u00edos.","breadcrumb":{"@id":"https:\/\/www.demusculos.com\/web\/producto\/amino-1900-de-universal-nutrition-x-110-tabletas\/#breadcrumb"},"inLanguage":"es","potentialAction":[{"@type":"ReadAction","target":["https:\/\/www.demusculos.com\/web\/producto\/amino-1900-de-universal-nutrition-x-110-tabletas\/"]}]},{"@type":"ImageObject","inLanguage":"es","@id":"https:\/\/www.demusculos.com\/web\/producto\/amino-1900-de-universal-nutrition-x-110-tabletas\/#primaryimage","url":"https:\/\/www.demusculos.com\/web\/wp-content\/uploads\/2024\/03\/amino-1900-universal-110-tab-promo.jpg","contentUrl":"https:\/\/www.demusculos.com\/web\/wp-content\/uploads\/2024\/03\/amino-1900-universal-110-tab-promo.jpg","width":1200,"height":1200,"caption":"Ideales para recuperaci\u00f3n, rendimiento y aumento de masa muscular."},{"@type":"BreadcrumbList","@id":"https:\/\/www.demusculos.com\/web\/producto\/amino-1900-de-universal-nutrition-x-110-tabletas\/#breadcrumb","itemListElement":[{"@type":"ListItem","position":1,"name":"Inicio","item":"https:\/\/www.demusculos.com\/web\/"},{"@type":"ListItem","position":2,"name":"Suplementos","item":"https:\/\/www.demusculos.com\/web\/tienda\/"},{"@type":"ListItem","position":3,"name":"Amino 1900 de Universal Nutrition x 110 tabletas"}]},{"@type":"WebSite","@id":"https:\/\/www.demusculos.com\/web\/#website","url":"https:\/\/www.demusculos.com\/web\/","name":"DeMusculos.com","description":"Suplementos Naturales","publisher":{"@id":"https:\/\/www.demusculos.com\/web\/#organization"},"alternateName":"Suplementos Naturales","potentialAction":[{"@type":"SearchAction","target":{"@type":"EntryPoint","urlTemplate":"https:\/\/www.demusculos.com\/web\/?s={search_term_string}"},"query-input":{"@type":"PropertyValueSpecification","valueRequired":true,"valueName":"search_term_string"}}],"inLanguage":"es"},{"@type":"Organization","@id":"https:\/\/www.demusculos.com\/web\/#organization","name":"DeMusculos.com","alternateName":"DeMusculos","url":"https:\/\/www.demusculos.com\/web\/","logo":{"@type":"ImageObject","inLanguage":"es","@id":"https:\/\/www.demusculos.com\/web\/#\/schema\/logo\/image\/","url":"https:\/\/www.demusculos.com\/web\/wp-content\/uploads\/2024\/02\/logo-demusculos-prestashop-usuario.png","contentUrl":"https:\/\/www.demusculos.com\/web\/wp-content\/uploads\/2024\/02\/logo-demusculos-prestashop-usuario.png","width":150,"height":150,"caption":"DeMusculos.com"},"image":{"@id":"https:\/\/www.demusculos.com\/web\/#\/schema\/logo\/image\/"},"sameAs":["https:\/\/www.facebook.com\/demusculos","https:\/\/x.com\/demusculos","https:\/\/www.instagram.com\/demusculos","https:\/\/www.tiktok.com\/@demusculos.com"]}]}},"_links":{"self":[{"href":"https:\/\/www.demusculos.com\/web\/wp-json\/wp\/v2\/product\/3594","targetHints":{"allow":["GET"]}}],"collection":[{"href":"https:\/\/www.demusculos.com\/web\/wp-json\/wp\/v2\/product"}],"about":[{"href":"https:\/\/www.demusculos.com\/web\/wp-json\/wp\/v2\/types\/product"}],"replies":[{"embeddable":true,"href":"https:\/\/www.demusculos.com\/web\/wp-json\/wp\/v2\/comments?post=3594"}],"wp:featuredmedia":[{"embeddable":true,"href":"https:\/\/www.demusculos.com\/web\/wp-json\/wp\/v2\/media\/11664"}],"wp:attachment":[{"href":"https:\/\/www.demusculos.com\/web\/wp-json\/wp\/v2\/media?parent=3594"}],"wp:term":[{"taxonomy":"product_brand","embeddable":true,"href":"https:\/\/www.demusculos.com\/web\/wp-json\/wp\/v2\/product_brand?post=3594"},{"taxonomy":"product_cat","embeddable":true,"href":"https:\/\/www.demusculos.com\/web\/wp-json\/wp\/v2\/product_cat?post=3594"},{"taxonomy":"product_tag","embeddable":true,"href":"https:\/\/www.demusculos.com\/web\/wp-json\/wp\/v2\/product_tag?post=3594"}],"curies":[{"name":"wp","href":"https:\/\/api.w.org\/{rel}","templated":true}]}}