{"id":3654,"date":"2024-03-19T20:53:41","date_gmt":"2024-03-19T23:53:41","guid":{"rendered":"https:\/\/www.demusculos.com\/web\/?post_type=product&#038;p=3654"},"modified":"2026-03-16T17:19:59","modified_gmt":"2026-03-16T20:19:59","slug":"whey-protein-de-mervick-x-2-kg","status":"publish","type":"product","link":"https:\/\/www.demusculos.com\/web\/producto\/whey-protein-de-mervick-x-2-kg\/","title":{"rendered":"( 2 ) Whey Protein de Mervick x 1 kg Prote\u00edna de suero"},"content":{"rendered":"<h1>Beneficios de Whey Protein de Mervick x 1 kg<\/h1>\n<p>Prote\u00edna de suero de leche de marca Whey Protein de Mervick x 1 kg. Te ayudara con el entrenamiento. Obtendr\u00e1s recuperaci\u00f3n, a mayor recuperaci\u00f3n m\u00e1s aumento de masa muscular y rendimiento. Mervick Lab incluye en esta prote\u00edna un perfil de amino\u00e1cidos muy completo.<\/p>\n<p><img fetchpriority=\"high\" decoding=\"async\" class=\"alignnone size-full wp-image-9153\" src=\"https:\/\/www.demusculos.com\/web\/wp-content\/uploads\/2024\/02\/whey-protein-mervick-1-3-kg-1.jpg\" alt=\"Whey Protein Mervick de 1 y 3 kg\" width=\"1080\" height=\"1080\" srcset=\"https:\/\/www.demusculos.com\/web\/wp-content\/uploads\/2024\/02\/whey-protein-mervick-1-3-kg-1.jpg 1080w, https:\/\/www.demusculos.com\/web\/wp-content\/uploads\/2024\/02\/whey-protein-mervick-1-3-kg-1-300x300.jpg 300w, https:\/\/www.demusculos.com\/web\/wp-content\/uploads\/2024\/02\/whey-protein-mervick-1-3-kg-1-150x150.jpg 150w, https:\/\/www.demusculos.com\/web\/wp-content\/uploads\/2024\/02\/whey-protein-mervick-1-3-kg-1-800x800.jpg 800w, https:\/\/www.demusculos.com\/web\/wp-content\/uploads\/2024\/02\/whey-protein-mervick-1-3-kg-1-1024x1024.jpg 1024w, https:\/\/www.demusculos.com\/web\/wp-content\/uploads\/2024\/02\/whey-protein-mervick-1-3-kg-1-768x768.jpg 768w\" sizes=\"(max-width: 1080px) 100vw, 1080px\" \/><\/p>\n<figure id=\"attachment_431\" aria-describedby=\"caption-attachment-431\" style=\"width: 300px\" class=\"wp-caption alignnone\"><img decoding=\"async\" class=\"size-full wp-image-431\" src=\"https:\/\/www.demusculos.com\/web\/wp-content\/uploads\/2024\/02\/logo-mervick.png\" alt=\"Marca: Mervick Lab - Variedad y formulas potenciadas.\" width=\"300\" height=\"60\" srcset=\"https:\/\/www.demusculos.com\/web\/wp-content\/uploads\/2024\/02\/logo-mervick.png 300w, https:\/\/www.demusculos.com\/web\/wp-content\/uploads\/2024\/02\/logo-mervick-150x30.png 150w\" sizes=\"(max-width: 300px) 100vw, 300px\" \/><figcaption id=\"caption-attachment-431\" class=\"wp-caption-text\">Suplementos naturales de marca Mervick.<\/figcaption><\/figure>\n<p>&nbsp;<\/p>\n<p><strong>Whey Protein de Mervick x 1 kg<\/strong>, un producto de alta calidad que te ayudar\u00e1 a alcanzar tus metas de salud y fitness. Este producto contiene 1 kg de prote\u00edna de suero de leche, una de las fuentes de prote\u00edna m\u00e1s completas disponibles.<\/p>\n<p>Las prote\u00ednas son esenciales para nuestro cuerpo. Contribuyen al crecimiento y mantenimiento de la masa muscular, y tambi\u00e9n al mantenimiento de los huesos en condiciones normales. Pero eso no es todo, el Whey Protein de Mervick tambi\u00e9n est\u00e1 cargado con amino\u00e1cidos.<\/p>\n<p><a href=\"https:\/\/www.demusculos.com\/contenidos\/whey-protein-1-kg-de-mervick\/\"><strong>PAGINA DEL PRODUCTO<\/strong><\/a><\/p>\n<p>Los amino\u00e1cidos son los componentes b\u00e1sicos de las prote\u00ednas y juegan un papel crucial en casi todos los procesos biol\u00f3gicos. En el deporte, los amino\u00e1cidos pueden ayudar a mejorar el rendimiento, reducir la fatiga muscular y acelerar la recuperaci\u00f3n despu\u00e9s del ejercicio.<\/p>\n<p>El Whey Protein x 1 kg viene en un pote pr\u00e1ctico con tapa a rosca, lo que facilita su almacenamiento y uso. Adem\u00e1s, encontrar\u00e1s informaci\u00f3n nutricional detallada y formas de toma en espa\u00f1ol en el envase, para que puedas hacer un uso \u00f3ptimo de este producto.<\/p>\n<p>As\u00ed que, si est\u00e1s buscando un producto que te ayude a alcanzar tus metas de fitness, el Whey Protein podr\u00eda ser justo lo que necesitas. \u00a1Hazte con el tuyo hoy mismo y empieza a disfrutar de los beneficios de las prote\u00ednas y los amino\u00e1cidos en tu entrenamiento!<\/p>\n<figure id=\"attachment_127\" aria-describedby=\"caption-attachment-127\" style=\"width: 300px\" class=\"wp-caption alignnone\"><img decoding=\"async\" class=\"size-full wp-image-127\" src=\"https:\/\/www.demusculos.com\/web\/wp-content\/uploads\/2024\/02\/1o2-scoop-x-dia.png\" alt=\"Scoop o medida interna. Es la medida que debes utilizar para consumir el producto.\" width=\"300\" height=\"300\" srcset=\"https:\/\/www.demusculos.com\/web\/wp-content\/uploads\/2024\/02\/1o2-scoop-x-dia.png 300w, https:\/\/www.demusculos.com\/web\/wp-content\/uploads\/2024\/02\/1o2-scoop-x-dia-150x150.png 150w\" sizes=\"(max-width: 300px) 100vw, 300px\" \/><figcaption id=\"caption-attachment-127\" class=\"wp-caption-text\">Se puede tomar una o dos veces por d\u00eda, por ejemplo, una toma por la ma\u00f1ana y una toma por la tarde. La toma m\u00e1s importante para tomar la prote\u00edna es luego del entrenamiento. Esto te permite una mayor recuperaci\u00f3n muscular.<\/figcaption><\/figure>\n<p><img loading=\"lazy\" decoding=\"async\" class=\"alignnone size-full wp-image-9154\" src=\"https:\/\/www.demusculos.com\/web\/wp-content\/uploads\/2024\/02\/whey-protein-mervick-1-3-kg-2.jpg\" alt=\"Whey Protein Mervick de 1 y 3 kg\" width=\"1080\" height=\"1080\" srcset=\"https:\/\/www.demusculos.com\/web\/wp-content\/uploads\/2024\/02\/whey-protein-mervick-1-3-kg-2.jpg 1080w, https:\/\/www.demusculos.com\/web\/wp-content\/uploads\/2024\/02\/whey-protein-mervick-1-3-kg-2-300x300.jpg 300w, https:\/\/www.demusculos.com\/web\/wp-content\/uploads\/2024\/02\/whey-protein-mervick-1-3-kg-2-150x150.jpg 150w, https:\/\/www.demusculos.com\/web\/wp-content\/uploads\/2024\/02\/whey-protein-mervick-1-3-kg-2-800x800.jpg 800w, https:\/\/www.demusculos.com\/web\/wp-content\/uploads\/2024\/02\/whey-protein-mervick-1-3-kg-2-1024x1024.jpg 1024w, https:\/\/www.demusculos.com\/web\/wp-content\/uploads\/2024\/02\/whey-protein-mervick-1-3-kg-2-768x768.jpg 768w\" sizes=\"(max-width: 1080px) 100vw, 1080px\" \/><\/p>\n<h2><strong>Protecci\u00f3n del tejido muscular con Whey Protein de Mervick x 1 kg<\/strong><\/h2>\n<p>La prote\u00edna de suero tiene un alto contenido de BCAAS \u2013leucina, isoleucina y valina\u2013 amino\u00e1cidos que presentan la funci\u00f3n de inhibir la prote\u00f3lisis o destrucci\u00f3n de prote\u00ednas, evitando as\u00ed el catabolismo muscular. Es por esta raz\u00f3n que las prote\u00ednas de suero desarrollan una importante funci\u00f3n en la protecci\u00f3n muscular. El agregado de glutamina inhibe el catabolismo muscular posterior a la actividad f\u00edsica.<\/p>\n<h2><strong>Whey Protein x1 kg te ayuda con la funci\u00f3n inmunol\u00f3gica<\/strong><\/h2>\n<p>La prote\u00edna de suero tiene la capacidad de incrementar la funci\u00f3n inmunitaria de nuestro organismo ya que es una importante fuente de inmunoglobulinas.<\/p>\n<figure id=\"attachment_124\" aria-describedby=\"caption-attachment-124\" style=\"width: 300px\" class=\"wp-caption alignnone\"><img loading=\"lazy\" decoding=\"async\" class=\"size-full wp-image-124\" src=\"https:\/\/www.demusculos.com\/web\/wp-content\/uploads\/2024\/02\/masa-muscular.png\" alt=\"Este suplemento natural es ideal para aumentar la masa muscular, incrementar la recuperaci\u00f3n muscular en hombres y mujeres.\" width=\"300\" height=\"300\" srcset=\"https:\/\/www.demusculos.com\/web\/wp-content\/uploads\/2024\/02\/masa-muscular.png 300w, https:\/\/www.demusculos.com\/web\/wp-content\/uploads\/2024\/02\/masa-muscular-150x150.png 150w\" sizes=\"(max-width: 300px) 100vw, 300px\" \/><figcaption id=\"caption-attachment-124\" class=\"wp-caption-text\">Es ideal para recuperaci\u00f3n muscular. A mayor recuperaci\u00f3n m\u00e1s aumento de masa muscular y rendimiento. Tambi\u00e9n lograremos m\u00e1s tono muscular. Las prote\u00ednas nos dan saciedad y son ideales para las dietas.<\/figcaption><\/figure>\n<h2><b>Funci\u00f3n<\/b><strong>\u00a0antioxidante en Whey Protein de Mervick x 1 kg<\/strong><\/h2>\n<p>Cuenta tambi\u00e9n en su composici\u00f3n con distintos compuestos antioxidantes que evitar\u00edan la oxidaci\u00f3n de los l\u00edpidos presentes en las c\u00e9lulas, situaci\u00f3n de destacada importancia en los atletas ya que la actividad f\u00edsica genera una alta cantidad de radicales libres que determinan la oxidaci\u00f3n.<\/p>\n<figure id=\"attachment_125\" aria-describedby=\"caption-attachment-125\" style=\"width: 300px\" class=\"wp-caption alignnone\"><img loading=\"lazy\" decoding=\"async\" class=\"size-full wp-image-125\" src=\"https:\/\/www.demusculos.com\/web\/wp-content\/uploads\/2024\/02\/agua-leche-descremada.png\" alt=\"El producto se puede preparar con agua o con leche descremanda.\" width=\"300\" height=\"300\" srcset=\"https:\/\/www.demusculos.com\/web\/wp-content\/uploads\/2024\/02\/agua-leche-descremada.png 300w, https:\/\/www.demusculos.com\/web\/wp-content\/uploads\/2024\/02\/agua-leche-descremada-150x150.png 150w\" sizes=\"(max-width: 300px) 100vw, 300px\" \/><figcaption id=\"caption-attachment-125\" class=\"wp-caption-text\">Este producto se puede preparar con agua o leche descremada. Recomendamos tomarlo con l\u00edquidos fr\u00edos.<\/figcaption><\/figure>\n<p><img loading=\"lazy\" decoding=\"async\" class=\"alignnone size-full wp-image-9156\" src=\"https:\/\/www.demusculos.com\/web\/wp-content\/uploads\/2024\/02\/whey-protein-mervick-1-3-kg-3.jpg\" alt=\"Whey Protein Mervick de 1 y 3 kg. Beneficios de la prote\u00edna.\" width=\"1080\" height=\"1080\" srcset=\"https:\/\/www.demusculos.com\/web\/wp-content\/uploads\/2024\/02\/whey-protein-mervick-1-3-kg-3.jpg 1080w, https:\/\/www.demusculos.com\/web\/wp-content\/uploads\/2024\/02\/whey-protein-mervick-1-3-kg-3-300x300.jpg 300w, https:\/\/www.demusculos.com\/web\/wp-content\/uploads\/2024\/02\/whey-protein-mervick-1-3-kg-3-150x150.jpg 150w, https:\/\/www.demusculos.com\/web\/wp-content\/uploads\/2024\/02\/whey-protein-mervick-1-3-kg-3-800x800.jpg 800w, https:\/\/www.demusculos.com\/web\/wp-content\/uploads\/2024\/02\/whey-protein-mervick-1-3-kg-3-1024x1024.jpg 1024w, https:\/\/www.demusculos.com\/web\/wp-content\/uploads\/2024\/02\/whey-protein-mervick-1-3-kg-3-768x768.jpg 768w\" sizes=\"(max-width: 1080px) 100vw, 1080px\" \/><\/p>\n<p><img loading=\"lazy\" decoding=\"async\" class=\"alignnone size-full wp-image-9157\" src=\"https:\/\/www.demusculos.com\/web\/wp-content\/uploads\/2024\/02\/whey-protein-mervick-1-3-kg-4.jpg\" alt=\"Whey Protein Mervick de 1 y 3 kg, Informaci\u00f3n nutricional.\" width=\"1080\" height=\"1080\" srcset=\"https:\/\/www.demusculos.com\/web\/wp-content\/uploads\/2024\/02\/whey-protein-mervick-1-3-kg-4.jpg 1080w, https:\/\/www.demusculos.com\/web\/wp-content\/uploads\/2024\/02\/whey-protein-mervick-1-3-kg-4-300x300.jpg 300w, https:\/\/www.demusculos.com\/web\/wp-content\/uploads\/2024\/02\/whey-protein-mervick-1-3-kg-4-150x150.jpg 150w, https:\/\/www.demusculos.com\/web\/wp-content\/uploads\/2024\/02\/whey-protein-mervick-1-3-kg-4-800x800.jpg 800w, https:\/\/www.demusculos.com\/web\/wp-content\/uploads\/2024\/02\/whey-protein-mervick-1-3-kg-4-1024x1024.jpg 1024w, https:\/\/www.demusculos.com\/web\/wp-content\/uploads\/2024\/02\/whey-protein-mervick-1-3-kg-4-768x768.jpg 768w\" sizes=\"(max-width: 1080px) 100vw, 1080px\" \/><\/p>\n<p><img loading=\"lazy\" decoding=\"async\" class=\"alignnone size-full wp-image-9158\" src=\"https:\/\/www.demusculos.com\/web\/wp-content\/uploads\/2024\/02\/whey-protein-mervick-1-3-kg-5.jpg\" alt=\"Whey Protein Mervick de 1 y 3 kg: Chocolate, Frutilla y Vainilla.\" width=\"1080\" height=\"1080\" srcset=\"https:\/\/www.demusculos.com\/web\/wp-content\/uploads\/2024\/02\/whey-protein-mervick-1-3-kg-5.jpg 1080w, https:\/\/www.demusculos.com\/web\/wp-content\/uploads\/2024\/02\/whey-protein-mervick-1-3-kg-5-300x300.jpg 300w, https:\/\/www.demusculos.com\/web\/wp-content\/uploads\/2024\/02\/whey-protein-mervick-1-3-kg-5-150x150.jpg 150w, https:\/\/www.demusculos.com\/web\/wp-content\/uploads\/2024\/02\/whey-protein-mervick-1-3-kg-5-800x800.jpg 800w, https:\/\/www.demusculos.com\/web\/wp-content\/uploads\/2024\/02\/whey-protein-mervick-1-3-kg-5-1024x1024.jpg 1024w, https:\/\/www.demusculos.com\/web\/wp-content\/uploads\/2024\/02\/whey-protein-mervick-1-3-kg-5-768x768.jpg 768w\" sizes=\"(max-width: 1080px) 100vw, 1080px\" \/><\/p>\n","protected":false},"excerpt":{"rendered":"<p>Prote\u00edna de suero de leche, con un alto perfil de amino\u00e1cidos para mejorar la recuperaci\u00f3n muscular. Una prote\u00edna con m\u00e1s de 15 a\u00f1os en el mercado.<\/p>\n","protected":false},"featured_media":3658,"comment_status":"closed","ping_status":"closed","template":"","meta":[],"product_brand":[224],"product_cat":[335],"product_tag":[58,129],"class_list":{"0":"post-3654","1":"product","2":"type-product","3":"status-publish","4":"has-post-thumbnail","6":"product_brand-mervick-lab","7":"product_cat-combo-x-2-proteinas","8":"product_tag-mervick","9":"product_tag-whey-protein","11":"first","12":"instock","13":"sale","14":"shipping-taxable","15":"purchasable","16":"product-type-variable"},"yoast_head":"<!-- This site is optimized with the Yoast SEO plugin v27.4 - https:\/\/yoast.com\/product\/yoast-seo-wordpress\/ -->\n<title>Whey Protein Mervick | Promo x2 | Prote\u00edna | DeMusculos.com<\/title>\n<meta name=\"description\" content=\"2 prote\u00ednas de suero de leche Whey Protein Mervick x 1 kg de alta calidad, potenciada con amino\u00e1cidos. Env\u00edo a todo el pa\u00eds y cuotas. Con vitaminas.\" \/>\n<meta name=\"robots\" content=\"index, follow, max-snippet:-1, max-image-preview:large, max-video-preview:-1\" \/>\n<link rel=\"canonical\" href=\"https:\/\/www.demusculos.com\/web\/producto\/whey-protein-de-mervick-x-2-kg\/\" \/>\n<meta property=\"og:locale\" content=\"es_ES\" \/>\n<meta property=\"og:type\" content=\"article\" \/>\n<meta property=\"og:title\" content=\"Whey Protein Mervick | Promo x2 | Prote\u00edna | DeMusculos.com\" \/>\n<meta property=\"og:description\" content=\"2 prote\u00ednas de suero de leche Whey Protein Mervick x 1 kg de alta calidad, potenciada con amino\u00e1cidos. Env\u00edo a todo el pa\u00eds y cuotas. Con vitaminas.\" \/>\n<meta property=\"og:url\" content=\"https:\/\/www.demusculos.com\/web\/producto\/whey-protein-de-mervick-x-2-kg\/\" \/>\n<meta property=\"og:site_name\" content=\"DeMusculos\" \/>\n<meta property=\"article:publisher\" content=\"https:\/\/www.facebook.com\/demusculos\" \/>\n<meta property=\"article:modified_time\" content=\"2026-03-16T20:19:59+00:00\" \/>\n<meta property=\"og:image\" content=\"https:\/\/www.demusculos.com\/web\/wp-content\/uploads\/2024\/03\/proteina-whey-protein-1-kg-mervick-03.jpg\" \/>\n\t<meta property=\"og:image:width\" content=\"1200\" \/>\n\t<meta property=\"og:image:height\" content=\"1200\" \/>\n\t<meta property=\"og:image:type\" content=\"image\/jpeg\" \/>\n<meta name=\"twitter:card\" content=\"summary_large_image\" \/>\n<meta name=\"twitter:site\" content=\"@demusculos\" \/>\n<meta name=\"twitter:label1\" content=\"Tiempo de lectura\" \/>\n\t<meta name=\"twitter:data1\" content=\"5 minutos\" \/>\n<script type=\"application\/ld+json\" class=\"yoast-schema-graph\">{\"@context\":\"https:\\\/\\\/schema.org\",\"@graph\":[{\"@type\":\"WebPage\",\"@id\":\"https:\\\/\\\/www.demusculos.com\\\/web\\\/producto\\\/whey-protein-de-mervick-x-2-kg\\\/\",\"url\":\"https:\\\/\\\/www.demusculos.com\\\/web\\\/producto\\\/whey-protein-de-mervick-x-2-kg\\\/\",\"name\":\"Whey Protein Mervick | Promo x2 | Prote\u00edna | DeMusculos.com\",\"isPartOf\":{\"@id\":\"https:\\\/\\\/www.demusculos.com\\\/web\\\/#website\"},\"primaryImageOfPage\":{\"@id\":\"https:\\\/\\\/www.demusculos.com\\\/web\\\/producto\\\/whey-protein-de-mervick-x-2-kg\\\/#primaryimage\"},\"image\":{\"@id\":\"https:\\\/\\\/www.demusculos.com\\\/web\\\/producto\\\/whey-protein-de-mervick-x-2-kg\\\/#primaryimage\"},\"thumbnailUrl\":\"https:\\\/\\\/www.demusculos.com\\\/web\\\/wp-content\\\/uploads\\\/2024\\\/03\\\/proteina-whey-protein-1-kg-mervick-03.jpg\",\"datePublished\":\"2024-03-19T23:53:41+00:00\",\"dateModified\":\"2026-03-16T20:19:59+00:00\",\"description\":\"2 prote\u00ednas de suero de leche Whey Protein Mervick x 1 kg de alta calidad, potenciada con amino\u00e1cidos. Env\u00edo a todo el pa\u00eds y cuotas. Con vitaminas.\",\"breadcrumb\":{\"@id\":\"https:\\\/\\\/www.demusculos.com\\\/web\\\/producto\\\/whey-protein-de-mervick-x-2-kg\\\/#breadcrumb\"},\"inLanguage\":\"es\",\"potentialAction\":[{\"@type\":\"ReadAction\",\"target\":[\"https:\\\/\\\/www.demusculos.com\\\/web\\\/producto\\\/whey-protein-de-mervick-x-2-kg\\\/\"]}]},{\"@type\":\"ImageObject\",\"inLanguage\":\"es\",\"@id\":\"https:\\\/\\\/www.demusculos.com\\\/web\\\/producto\\\/whey-protein-de-mervick-x-2-kg\\\/#primaryimage\",\"url\":\"https:\\\/\\\/www.demusculos.com\\\/web\\\/wp-content\\\/uploads\\\/2024\\\/03\\\/proteina-whey-protein-1-kg-mervick-03.jpg\",\"contentUrl\":\"https:\\\/\\\/www.demusculos.com\\\/web\\\/wp-content\\\/uploads\\\/2024\\\/03\\\/proteina-whey-protein-1-kg-mervick-03.jpg\",\"width\":1200,\"height\":1200,\"caption\":\"2 prote\u00ednas Whey 1 kg de Mervick\"},{\"@type\":\"BreadcrumbList\",\"@id\":\"https:\\\/\\\/www.demusculos.com\\\/web\\\/producto\\\/whey-protein-de-mervick-x-2-kg\\\/#breadcrumb\",\"itemListElement\":[{\"@type\":\"ListItem\",\"position\":1,\"name\":\"Inicio\",\"item\":\"https:\\\/\\\/www.demusculos.com\\\/web\\\/\"},{\"@type\":\"ListItem\",\"position\":2,\"name\":\"Suplementos\",\"item\":\"https:\\\/\\\/www.demusculos.com\\\/web\\\/tienda\\\/\"},{\"@type\":\"ListItem\",\"position\":3,\"name\":\"( 2 ) Whey Protein de Mervick x 1 kg Prote\u00edna de suero\"}]},{\"@type\":\"WebSite\",\"@id\":\"https:\\\/\\\/www.demusculos.com\\\/web\\\/#website\",\"url\":\"https:\\\/\\\/www.demusculos.com\\\/web\\\/\",\"name\":\"DeMusculos.com\",\"description\":\"Suplementos Naturales\",\"publisher\":{\"@id\":\"https:\\\/\\\/www.demusculos.com\\\/web\\\/#organization\"},\"alternateName\":\"Suplementos Naturales\",\"potentialAction\":[{\"@type\":\"SearchAction\",\"target\":{\"@type\":\"EntryPoint\",\"urlTemplate\":\"https:\\\/\\\/www.demusculos.com\\\/web\\\/?s={search_term_string}\"},\"query-input\":{\"@type\":\"PropertyValueSpecification\",\"valueRequired\":true,\"valueName\":\"search_term_string\"}}],\"inLanguage\":\"es\"},{\"@type\":\"Organization\",\"@id\":\"https:\\\/\\\/www.demusculos.com\\\/web\\\/#organization\",\"name\":\"DeMusculos.com\",\"alternateName\":\"DeMusculos\",\"url\":\"https:\\\/\\\/www.demusculos.com\\\/web\\\/\",\"logo\":{\"@type\":\"ImageObject\",\"inLanguage\":\"es\",\"@id\":\"https:\\\/\\\/www.demusculos.com\\\/web\\\/#\\\/schema\\\/logo\\\/image\\\/\",\"url\":\"https:\\\/\\\/www.demusculos.com\\\/web\\\/wp-content\\\/uploads\\\/2024\\\/02\\\/logo-demusculos-prestashop-usuario.png\",\"contentUrl\":\"https:\\\/\\\/www.demusculos.com\\\/web\\\/wp-content\\\/uploads\\\/2024\\\/02\\\/logo-demusculos-prestashop-usuario.png\",\"width\":150,\"height\":150,\"caption\":\"DeMusculos.com\"},\"image\":{\"@id\":\"https:\\\/\\\/www.demusculos.com\\\/web\\\/#\\\/schema\\\/logo\\\/image\\\/\"},\"sameAs\":[\"https:\\\/\\\/www.facebook.com\\\/demusculos\",\"https:\\\/\\\/x.com\\\/demusculos\",\"https:\\\/\\\/www.instagram.com\\\/demusculos\",\"https:\\\/\\\/www.tiktok.com\\\/@demusculos.com\"]}]}<\/script>\n<!-- \/ Yoast SEO plugin. -->","yoast_head_json":{"title":"Whey Protein Mervick | Promo x2 | Prote\u00edna | DeMusculos.com","description":"2 prote\u00ednas de suero de leche Whey Protein Mervick x 1 kg de alta calidad, potenciada con amino\u00e1cidos. Env\u00edo a todo el pa\u00eds y cuotas. Con vitaminas.","robots":{"index":"index","follow":"follow","max-snippet":"max-snippet:-1","max-image-preview":"max-image-preview:large","max-video-preview":"max-video-preview:-1"},"canonical":"https:\/\/www.demusculos.com\/web\/producto\/whey-protein-de-mervick-x-2-kg\/","og_locale":"es_ES","og_type":"article","og_title":"Whey Protein Mervick | Promo x2 | Prote\u00edna | DeMusculos.com","og_description":"2 prote\u00ednas de suero de leche Whey Protein Mervick x 1 kg de alta calidad, potenciada con amino\u00e1cidos. Env\u00edo a todo el pa\u00eds y cuotas. Con vitaminas.","og_url":"https:\/\/www.demusculos.com\/web\/producto\/whey-protein-de-mervick-x-2-kg\/","og_site_name":"DeMusculos","article_publisher":"https:\/\/www.facebook.com\/demusculos","article_modified_time":"2026-03-16T20:19:59+00:00","og_image":[{"width":1200,"height":1200,"url":"https:\/\/www.demusculos.com\/web\/wp-content\/uploads\/2024\/03\/proteina-whey-protein-1-kg-mervick-03.jpg","type":"image\/jpeg"}],"twitter_card":"summary_large_image","twitter_site":"@demusculos","twitter_misc":{"Tiempo de lectura":"5 minutos"},"schema":{"@context":"https:\/\/schema.org","@graph":[{"@type":"WebPage","@id":"https:\/\/www.demusculos.com\/web\/producto\/whey-protein-de-mervick-x-2-kg\/","url":"https:\/\/www.demusculos.com\/web\/producto\/whey-protein-de-mervick-x-2-kg\/","name":"Whey Protein Mervick | Promo x2 | Prote\u00edna | DeMusculos.com","isPartOf":{"@id":"https:\/\/www.demusculos.com\/web\/#website"},"primaryImageOfPage":{"@id":"https:\/\/www.demusculos.com\/web\/producto\/whey-protein-de-mervick-x-2-kg\/#primaryimage"},"image":{"@id":"https:\/\/www.demusculos.com\/web\/producto\/whey-protein-de-mervick-x-2-kg\/#primaryimage"},"thumbnailUrl":"https:\/\/www.demusculos.com\/web\/wp-content\/uploads\/2024\/03\/proteina-whey-protein-1-kg-mervick-03.jpg","datePublished":"2024-03-19T23:53:41+00:00","dateModified":"2026-03-16T20:19:59+00:00","description":"2 prote\u00ednas de suero de leche Whey Protein Mervick x 1 kg de alta calidad, potenciada con amino\u00e1cidos. Env\u00edo a todo el pa\u00eds y cuotas. Con vitaminas.","breadcrumb":{"@id":"https:\/\/www.demusculos.com\/web\/producto\/whey-protein-de-mervick-x-2-kg\/#breadcrumb"},"inLanguage":"es","potentialAction":[{"@type":"ReadAction","target":["https:\/\/www.demusculos.com\/web\/producto\/whey-protein-de-mervick-x-2-kg\/"]}]},{"@type":"ImageObject","inLanguage":"es","@id":"https:\/\/www.demusculos.com\/web\/producto\/whey-protein-de-mervick-x-2-kg\/#primaryimage","url":"https:\/\/www.demusculos.com\/web\/wp-content\/uploads\/2024\/03\/proteina-whey-protein-1-kg-mervick-03.jpg","contentUrl":"https:\/\/www.demusculos.com\/web\/wp-content\/uploads\/2024\/03\/proteina-whey-protein-1-kg-mervick-03.jpg","width":1200,"height":1200,"caption":"2 prote\u00ednas Whey 1 kg de Mervick"},{"@type":"BreadcrumbList","@id":"https:\/\/www.demusculos.com\/web\/producto\/whey-protein-de-mervick-x-2-kg\/#breadcrumb","itemListElement":[{"@type":"ListItem","position":1,"name":"Inicio","item":"https:\/\/www.demusculos.com\/web\/"},{"@type":"ListItem","position":2,"name":"Suplementos","item":"https:\/\/www.demusculos.com\/web\/tienda\/"},{"@type":"ListItem","position":3,"name":"( 2 ) Whey Protein de Mervick x 1 kg Prote\u00edna de suero"}]},{"@type":"WebSite","@id":"https:\/\/www.demusculos.com\/web\/#website","url":"https:\/\/www.demusculos.com\/web\/","name":"DeMusculos.com","description":"Suplementos Naturales","publisher":{"@id":"https:\/\/www.demusculos.com\/web\/#organization"},"alternateName":"Suplementos Naturales","potentialAction":[{"@type":"SearchAction","target":{"@type":"EntryPoint","urlTemplate":"https:\/\/www.demusculos.com\/web\/?s={search_term_string}"},"query-input":{"@type":"PropertyValueSpecification","valueRequired":true,"valueName":"search_term_string"}}],"inLanguage":"es"},{"@type":"Organization","@id":"https:\/\/www.demusculos.com\/web\/#organization","name":"DeMusculos.com","alternateName":"DeMusculos","url":"https:\/\/www.demusculos.com\/web\/","logo":{"@type":"ImageObject","inLanguage":"es","@id":"https:\/\/www.demusculos.com\/web\/#\/schema\/logo\/image\/","url":"https:\/\/www.demusculos.com\/web\/wp-content\/uploads\/2024\/02\/logo-demusculos-prestashop-usuario.png","contentUrl":"https:\/\/www.demusculos.com\/web\/wp-content\/uploads\/2024\/02\/logo-demusculos-prestashop-usuario.png","width":150,"height":150,"caption":"DeMusculos.com"},"image":{"@id":"https:\/\/www.demusculos.com\/web\/#\/schema\/logo\/image\/"},"sameAs":["https:\/\/www.facebook.com\/demusculos","https:\/\/x.com\/demusculos","https:\/\/www.instagram.com\/demusculos","https:\/\/www.tiktok.com\/@demusculos.com"]}]}},"_links":{"self":[{"href":"https:\/\/www.demusculos.com\/web\/wp-json\/wp\/v2\/product\/3654","targetHints":{"allow":["GET"]}}],"collection":[{"href":"https:\/\/www.demusculos.com\/web\/wp-json\/wp\/v2\/product"}],"about":[{"href":"https:\/\/www.demusculos.com\/web\/wp-json\/wp\/v2\/types\/product"}],"replies":[{"embeddable":true,"href":"https:\/\/www.demusculos.com\/web\/wp-json\/wp\/v2\/comments?post=3654"}],"wp:featuredmedia":[{"embeddable":true,"href":"https:\/\/www.demusculos.com\/web\/wp-json\/wp\/v2\/media\/3658"}],"wp:attachment":[{"href":"https:\/\/www.demusculos.com\/web\/wp-json\/wp\/v2\/media?parent=3654"}],"wp:term":[{"taxonomy":"product_brand","embeddable":true,"href":"https:\/\/www.demusculos.com\/web\/wp-json\/wp\/v2\/product_brand?post=3654"},{"taxonomy":"product_cat","embeddable":true,"href":"https:\/\/www.demusculos.com\/web\/wp-json\/wp\/v2\/product_cat?post=3654"},{"taxonomy":"product_tag","embeddable":true,"href":"https:\/\/www.demusculos.com\/web\/wp-json\/wp\/v2\/product_tag?post=3654"}],"curies":[{"name":"wp","href":"https:\/\/api.w.org\/{rel}","templated":true}]}}