{"id":3751,"date":"2024-03-21T11:35:16","date_gmt":"2024-03-21T14:35:16","guid":{"rendered":"https:\/\/www.demusculos.com\/web\/?post_type=product&#038;p=3751"},"modified":"2026-03-12T11:51:40","modified_gmt":"2026-03-12T14:51:40","slug":"enargy-gel-con-cafeina-x12-ena-sport","status":"publish","type":"product","link":"https:\/\/www.demusculos.com\/web\/producto\/enargy-gel-con-cafeina-x12-ena-sport\/","title":{"rendered":"Enargy Gel con Cafe\u00edna x12 Ena Sport"},"content":{"rendered":"<h2>Enargy Gel Cafeina Ena Caja x 12 Un. Repositor Energetico<\/h2>\n<p>Enargy Gel Cafeina Ena es ideal para rendimiento, hidrataci\u00f3n y prevenci\u00f3n de fatiga durante el entrenamiento<\/p>\n<figure id=\"attachment_151\" aria-describedby=\"caption-attachment-151\" style=\"width: 446px\" class=\"wp-caption alignnone\"><img decoding=\"async\" class=\"size-full wp-image-151\" src=\"https:\/\/www.demusculos.com\/web\/wp-content\/uploads\/2024\/02\/logo-ena-sport.png\" alt=\"Suplementos naturales Ena Sport. Empresa de nutricion Argentina.\" width=\"446\" height=\"103\" srcset=\"https:\/\/www.demusculos.com\/web\/wp-content\/uploads\/2024\/02\/logo-ena-sport.png 446w, https:\/\/www.demusculos.com\/web\/wp-content\/uploads\/2024\/02\/logo-ena-sport-300x69.png 300w, https:\/\/www.demusculos.com\/web\/wp-content\/uploads\/2024\/02\/logo-ena-sport-150x35.png 150w, https:\/\/www.demusculos.com\/web\/wp-content\/uploads\/2024\/02\/logo-ena-sport-416x96.png 416w\" sizes=\"(max-width: 446px) 100vw, 446px\" \/><figcaption id=\"caption-attachment-151\" class=\"wp-caption-text\">Este producto es fabricado por ENA SPORT (Empresa de Nutrici\u00f3n Argentina). Es una de las empresas pioneras en el rubro.<\/figcaption><\/figure>\n<p>&#8211; Aporte energ\u00eda \u00ab\u00bben movimiento\u00bb\u00bb<\/p>\n<ul>\n<li>Ideal para todo trabajo aer\u00f3bico.<\/li>\n<li>Con sales de rehidrataci\u00f3n.<\/li>\n<li>Aporta antioxidantes que act\u00faan sobre los radicales libres.<\/li>\n<\/ul>\n<p><strong>Como tomarlo<\/strong>:<br \/>\nSe pueden consumir 2 Enargy Gel+. consumir uno 15 minutos antes de la actividad y otro despu\u00e9s de iniciada la misma.<\/p>\n<p><strong>Caja<\/strong>: 12 geles (23,5 ml c\/u)<\/p>\n<p><strong>Porci\u00f3n<\/strong>: 2 geles<\/p>\n<p>Energy Gel es un repositor energ\u00e9tico con sales de rehidrataci\u00f3n creado para el entrenamiento diario y la competencia. Es rico en carbohidratos en un paquete port\u00e1til para mejorar resistencia y potencia. Es un suplemento dietario a base de carbohidratos, vitamina C, E y minerales, sin cafe\u00edna, que aportan energ\u00eda en movimiento, ideal para todo trabajo aer\u00f3bico.<\/p>\n<p>Energy Gel fue creado espec\u00edficamente para optimizar el consumo de nutrientes de una manera conveniente, portable y con ricos sabores.<\/p>\n<p>Sabor Frutilla, Limon, Mango Mandarina, Vainilla Bean y Frutos del Bosque.<\/p>\n","protected":false},"excerpt":{"rendered":"<p>Geles repositores de energ\u00eda con cafe\u00edna Ena Sport. 12 unidades.<\/p>\n","protected":false},"featured_media":3752,"comment_status":"closed","ping_status":"closed","template":"","meta":[],"product_brand":[223],"product_cat":[27],"product_tag":[38,258],"class_list":{"0":"post-3751","1":"product","2":"type-product","3":"status-publish","4":"has-post-thumbnail","6":"product_brand-ena-sport","7":"product_cat-geles","8":"product_tag-ena-sport","9":"product_tag-geles","11":"first","12":"outofstock","13":"sale","14":"shipping-taxable","15":"purchasable","16":"product-type-simple"},"yoast_head":"<!-- This site is optimized with the Yoast SEO plugin v27.3 - https:\/\/yoast.com\/product\/yoast-seo-wordpress\/ -->\n<title>Enargy Gel Cafe\u00edna Ena | Geles | Energ\u00eda | DeMusculos.com<\/title>\n<meta name=\"description\" content=\"Enargy Gel Cafe\u00edna Ena ayudan a aumentar el rendimiento y prevenir la fatiga durante la actividad fisica, adem\u00e1s nos recuperan. Env\u00edo a toda Argentina.\" \/>\n<meta name=\"robots\" content=\"index, follow, max-snippet:-1, max-image-preview:large, max-video-preview:-1\" \/>\n<link rel=\"canonical\" href=\"https:\/\/www.demusculos.com\/web\/producto\/enargy-gel-con-cafeina-x12-ena-sport\/\" \/>\n<meta property=\"og:locale\" content=\"es_ES\" \/>\n<meta property=\"og:type\" content=\"article\" \/>\n<meta property=\"og:title\" content=\"Enargy Gel Cafe\u00edna Ena | Geles | Energ\u00eda | DeMusculos.com\" \/>\n<meta property=\"og:description\" content=\"Enargy Gel Cafe\u00edna Ena ayudan a aumentar el rendimiento y prevenir la fatiga durante la actividad fisica, adem\u00e1s nos recuperan. Env\u00edo a toda Argentina.\" \/>\n<meta property=\"og:url\" content=\"https:\/\/www.demusculos.com\/web\/producto\/enargy-gel-con-cafeina-x12-ena-sport\/\" \/>\n<meta property=\"og:site_name\" content=\"DeMusculos\" \/>\n<meta property=\"article:publisher\" content=\"https:\/\/www.facebook.com\/demusculos\" \/>\n<meta property=\"article:modified_time\" content=\"2026-03-12T14:51:40+00:00\" \/>\n<meta property=\"og:image\" content=\"https:\/\/www.demusculos.com\/web\/wp-content\/uploads\/2024\/03\/geles-con-cafeina-ena-sport.jpg\" \/>\n\t<meta property=\"og:image:width\" content=\"1200\" \/>\n\t<meta property=\"og:image:height\" content=\"1200\" \/>\n\t<meta property=\"og:image:type\" content=\"image\/jpeg\" \/>\n<meta name=\"twitter:card\" content=\"summary_large_image\" \/>\n<meta name=\"twitter:site\" content=\"@demusculos\" \/>\n<meta name=\"twitter:label1\" content=\"Tiempo de lectura\" \/>\n\t<meta name=\"twitter:data1\" content=\"2 minutos\" \/>\n<script type=\"application\/ld+json\" class=\"yoast-schema-graph\">{\"@context\":\"https:\\\/\\\/schema.org\",\"@graph\":[{\"@type\":\"WebPage\",\"@id\":\"https:\\\/\\\/www.demusculos.com\\\/web\\\/producto\\\/enargy-gel-con-cafeina-x12-ena-sport\\\/\",\"url\":\"https:\\\/\\\/www.demusculos.com\\\/web\\\/producto\\\/enargy-gel-con-cafeina-x12-ena-sport\\\/\",\"name\":\"Enargy Gel Cafe\u00edna Ena | Geles | Energ\u00eda | DeMusculos.com\",\"isPartOf\":{\"@id\":\"https:\\\/\\\/www.demusculos.com\\\/web\\\/#website\"},\"primaryImageOfPage\":{\"@id\":\"https:\\\/\\\/www.demusculos.com\\\/web\\\/producto\\\/enargy-gel-con-cafeina-x12-ena-sport\\\/#primaryimage\"},\"image\":{\"@id\":\"https:\\\/\\\/www.demusculos.com\\\/web\\\/producto\\\/enargy-gel-con-cafeina-x12-ena-sport\\\/#primaryimage\"},\"thumbnailUrl\":\"https:\\\/\\\/www.demusculos.com\\\/web\\\/wp-content\\\/uploads\\\/2024\\\/03\\\/geles-con-cafeina-ena-sport.jpg\",\"datePublished\":\"2024-03-21T14:35:16+00:00\",\"dateModified\":\"2026-03-12T14:51:40+00:00\",\"description\":\"Enargy Gel Cafe\u00edna Ena ayudan a aumentar el rendimiento y prevenir la fatiga durante la actividad fisica, adem\u00e1s nos recuperan. Env\u00edo a toda Argentina.\",\"breadcrumb\":{\"@id\":\"https:\\\/\\\/www.demusculos.com\\\/web\\\/producto\\\/enargy-gel-con-cafeina-x12-ena-sport\\\/#breadcrumb\"},\"inLanguage\":\"es\",\"potentialAction\":[{\"@type\":\"ReadAction\",\"target\":[\"https:\\\/\\\/www.demusculos.com\\\/web\\\/producto\\\/enargy-gel-con-cafeina-x12-ena-sport\\\/\"]}]},{\"@type\":\"ImageObject\",\"inLanguage\":\"es\",\"@id\":\"https:\\\/\\\/www.demusculos.com\\\/web\\\/producto\\\/enargy-gel-con-cafeina-x12-ena-sport\\\/#primaryimage\",\"url\":\"https:\\\/\\\/www.demusculos.com\\\/web\\\/wp-content\\\/uploads\\\/2024\\\/03\\\/geles-con-cafeina-ena-sport.jpg\",\"contentUrl\":\"https:\\\/\\\/www.demusculos.com\\\/web\\\/wp-content\\\/uploads\\\/2024\\\/03\\\/geles-con-cafeina-ena-sport.jpg\",\"width\":1200,\"height\":1200,\"caption\":\"12 Geles energizantes de Ena Sport con Cafe\u00edna\"},{\"@type\":\"BreadcrumbList\",\"@id\":\"https:\\\/\\\/www.demusculos.com\\\/web\\\/producto\\\/enargy-gel-con-cafeina-x12-ena-sport\\\/#breadcrumb\",\"itemListElement\":[{\"@type\":\"ListItem\",\"position\":1,\"name\":\"Inicio\",\"item\":\"https:\\\/\\\/www.demusculos.com\\\/web\\\/\"},{\"@type\":\"ListItem\",\"position\":2,\"name\":\"Suplementos\",\"item\":\"https:\\\/\\\/www.demusculos.com\\\/web\\\/tienda\\\/\"},{\"@type\":\"ListItem\",\"position\":3,\"name\":\"Enargy Gel con Cafe\u00edna x12 Ena Sport\"}]},{\"@type\":\"WebSite\",\"@id\":\"https:\\\/\\\/www.demusculos.com\\\/web\\\/#website\",\"url\":\"https:\\\/\\\/www.demusculos.com\\\/web\\\/\",\"name\":\"DeMusculos.com\",\"description\":\"Suplementos Naturales\",\"publisher\":{\"@id\":\"https:\\\/\\\/www.demusculos.com\\\/web\\\/#organization\"},\"alternateName\":\"Suplementos Naturales\",\"potentialAction\":[{\"@type\":\"SearchAction\",\"target\":{\"@type\":\"EntryPoint\",\"urlTemplate\":\"https:\\\/\\\/www.demusculos.com\\\/web\\\/?s={search_term_string}\"},\"query-input\":{\"@type\":\"PropertyValueSpecification\",\"valueRequired\":true,\"valueName\":\"search_term_string\"}}],\"inLanguage\":\"es\"},{\"@type\":\"Organization\",\"@id\":\"https:\\\/\\\/www.demusculos.com\\\/web\\\/#organization\",\"name\":\"DeMusculos.com\",\"alternateName\":\"DeMusculos\",\"url\":\"https:\\\/\\\/www.demusculos.com\\\/web\\\/\",\"logo\":{\"@type\":\"ImageObject\",\"inLanguage\":\"es\",\"@id\":\"https:\\\/\\\/www.demusculos.com\\\/web\\\/#\\\/schema\\\/logo\\\/image\\\/\",\"url\":\"https:\\\/\\\/www.demusculos.com\\\/web\\\/wp-content\\\/uploads\\\/2024\\\/02\\\/logo-demusculos-prestashop-usuario.png\",\"contentUrl\":\"https:\\\/\\\/www.demusculos.com\\\/web\\\/wp-content\\\/uploads\\\/2024\\\/02\\\/logo-demusculos-prestashop-usuario.png\",\"width\":150,\"height\":150,\"caption\":\"DeMusculos.com\"},\"image\":{\"@id\":\"https:\\\/\\\/www.demusculos.com\\\/web\\\/#\\\/schema\\\/logo\\\/image\\\/\"},\"sameAs\":[\"https:\\\/\\\/www.facebook.com\\\/demusculos\",\"https:\\\/\\\/x.com\\\/demusculos\",\"https:\\\/\\\/www.instagram.com\\\/demusculos\",\"https:\\\/\\\/www.tiktok.com\\\/@demusculos.com\"]}]}<\/script>\n<!-- \/ Yoast SEO plugin. -->","yoast_head_json":{"title":"Enargy Gel Cafe\u00edna Ena | Geles | Energ\u00eda | DeMusculos.com","description":"Enargy Gel Cafe\u00edna Ena ayudan a aumentar el rendimiento y prevenir la fatiga durante la actividad fisica, adem\u00e1s nos recuperan. Env\u00edo a toda Argentina.","robots":{"index":"index","follow":"follow","max-snippet":"max-snippet:-1","max-image-preview":"max-image-preview:large","max-video-preview":"max-video-preview:-1"},"canonical":"https:\/\/www.demusculos.com\/web\/producto\/enargy-gel-con-cafeina-x12-ena-sport\/","og_locale":"es_ES","og_type":"article","og_title":"Enargy Gel Cafe\u00edna Ena | Geles | Energ\u00eda | DeMusculos.com","og_description":"Enargy Gel Cafe\u00edna Ena ayudan a aumentar el rendimiento y prevenir la fatiga durante la actividad fisica, adem\u00e1s nos recuperan. Env\u00edo a toda Argentina.","og_url":"https:\/\/www.demusculos.com\/web\/producto\/enargy-gel-con-cafeina-x12-ena-sport\/","og_site_name":"DeMusculos","article_publisher":"https:\/\/www.facebook.com\/demusculos","article_modified_time":"2026-03-12T14:51:40+00:00","og_image":[{"width":1200,"height":1200,"url":"https:\/\/www.demusculos.com\/web\/wp-content\/uploads\/2024\/03\/geles-con-cafeina-ena-sport.jpg","type":"image\/jpeg"}],"twitter_card":"summary_large_image","twitter_site":"@demusculos","twitter_misc":{"Tiempo de lectura":"2 minutos"},"schema":{"@context":"https:\/\/schema.org","@graph":[{"@type":"WebPage","@id":"https:\/\/www.demusculos.com\/web\/producto\/enargy-gel-con-cafeina-x12-ena-sport\/","url":"https:\/\/www.demusculos.com\/web\/producto\/enargy-gel-con-cafeina-x12-ena-sport\/","name":"Enargy Gel Cafe\u00edna Ena | Geles | Energ\u00eda | DeMusculos.com","isPartOf":{"@id":"https:\/\/www.demusculos.com\/web\/#website"},"primaryImageOfPage":{"@id":"https:\/\/www.demusculos.com\/web\/producto\/enargy-gel-con-cafeina-x12-ena-sport\/#primaryimage"},"image":{"@id":"https:\/\/www.demusculos.com\/web\/producto\/enargy-gel-con-cafeina-x12-ena-sport\/#primaryimage"},"thumbnailUrl":"https:\/\/www.demusculos.com\/web\/wp-content\/uploads\/2024\/03\/geles-con-cafeina-ena-sport.jpg","datePublished":"2024-03-21T14:35:16+00:00","dateModified":"2026-03-12T14:51:40+00:00","description":"Enargy Gel Cafe\u00edna Ena ayudan a aumentar el rendimiento y prevenir la fatiga durante la actividad fisica, adem\u00e1s nos recuperan. Env\u00edo a toda Argentina.","breadcrumb":{"@id":"https:\/\/www.demusculos.com\/web\/producto\/enargy-gel-con-cafeina-x12-ena-sport\/#breadcrumb"},"inLanguage":"es","potentialAction":[{"@type":"ReadAction","target":["https:\/\/www.demusculos.com\/web\/producto\/enargy-gel-con-cafeina-x12-ena-sport\/"]}]},{"@type":"ImageObject","inLanguage":"es","@id":"https:\/\/www.demusculos.com\/web\/producto\/enargy-gel-con-cafeina-x12-ena-sport\/#primaryimage","url":"https:\/\/www.demusculos.com\/web\/wp-content\/uploads\/2024\/03\/geles-con-cafeina-ena-sport.jpg","contentUrl":"https:\/\/www.demusculos.com\/web\/wp-content\/uploads\/2024\/03\/geles-con-cafeina-ena-sport.jpg","width":1200,"height":1200,"caption":"12 Geles energizantes de Ena Sport con Cafe\u00edna"},{"@type":"BreadcrumbList","@id":"https:\/\/www.demusculos.com\/web\/producto\/enargy-gel-con-cafeina-x12-ena-sport\/#breadcrumb","itemListElement":[{"@type":"ListItem","position":1,"name":"Inicio","item":"https:\/\/www.demusculos.com\/web\/"},{"@type":"ListItem","position":2,"name":"Suplementos","item":"https:\/\/www.demusculos.com\/web\/tienda\/"},{"@type":"ListItem","position":3,"name":"Enargy Gel con Cafe\u00edna x12 Ena Sport"}]},{"@type":"WebSite","@id":"https:\/\/www.demusculos.com\/web\/#website","url":"https:\/\/www.demusculos.com\/web\/","name":"DeMusculos.com","description":"Suplementos Naturales","publisher":{"@id":"https:\/\/www.demusculos.com\/web\/#organization"},"alternateName":"Suplementos Naturales","potentialAction":[{"@type":"SearchAction","target":{"@type":"EntryPoint","urlTemplate":"https:\/\/www.demusculos.com\/web\/?s={search_term_string}"},"query-input":{"@type":"PropertyValueSpecification","valueRequired":true,"valueName":"search_term_string"}}],"inLanguage":"es"},{"@type":"Organization","@id":"https:\/\/www.demusculos.com\/web\/#organization","name":"DeMusculos.com","alternateName":"DeMusculos","url":"https:\/\/www.demusculos.com\/web\/","logo":{"@type":"ImageObject","inLanguage":"es","@id":"https:\/\/www.demusculos.com\/web\/#\/schema\/logo\/image\/","url":"https:\/\/www.demusculos.com\/web\/wp-content\/uploads\/2024\/02\/logo-demusculos-prestashop-usuario.png","contentUrl":"https:\/\/www.demusculos.com\/web\/wp-content\/uploads\/2024\/02\/logo-demusculos-prestashop-usuario.png","width":150,"height":150,"caption":"DeMusculos.com"},"image":{"@id":"https:\/\/www.demusculos.com\/web\/#\/schema\/logo\/image\/"},"sameAs":["https:\/\/www.facebook.com\/demusculos","https:\/\/x.com\/demusculos","https:\/\/www.instagram.com\/demusculos","https:\/\/www.tiktok.com\/@demusculos.com"]}]}},"_links":{"self":[{"href":"https:\/\/www.demusculos.com\/web\/wp-json\/wp\/v2\/product\/3751","targetHints":{"allow":["GET"]}}],"collection":[{"href":"https:\/\/www.demusculos.com\/web\/wp-json\/wp\/v2\/product"}],"about":[{"href":"https:\/\/www.demusculos.com\/web\/wp-json\/wp\/v2\/types\/product"}],"replies":[{"embeddable":true,"href":"https:\/\/www.demusculos.com\/web\/wp-json\/wp\/v2\/comments?post=3751"}],"wp:featuredmedia":[{"embeddable":true,"href":"https:\/\/www.demusculos.com\/web\/wp-json\/wp\/v2\/media\/3752"}],"wp:attachment":[{"href":"https:\/\/www.demusculos.com\/web\/wp-json\/wp\/v2\/media?parent=3751"}],"wp:term":[{"taxonomy":"product_brand","embeddable":true,"href":"https:\/\/www.demusculos.com\/web\/wp-json\/wp\/v2\/product_brand?post=3751"},{"taxonomy":"product_cat","embeddable":true,"href":"https:\/\/www.demusculos.com\/web\/wp-json\/wp\/v2\/product_cat?post=3751"},{"taxonomy":"product_tag","embeddable":true,"href":"https:\/\/www.demusculos.com\/web\/wp-json\/wp\/v2\/product_tag?post=3751"}],"curies":[{"name":"wp","href":"https:\/\/api.w.org\/{rel}","templated":true}]}}