{"id":3775,"date":"2024-03-22T09:27:40","date_gmt":"2024-03-22T12:27:40","guid":{"rendered":"https:\/\/www.demusculos.com\/web\/?post_type=product&#038;p=3775"},"modified":"2026-02-10T13:52:55","modified_gmt":"2026-02-10T16:52:55","slug":"creatina-1-kg-200-tomas","status":"publish","type":"product","link":"https:\/\/www.demusculos.com\/web\/producto\/creatina-1-kg-200-tomas\/","title":{"rendered":"Creatina 1 kg de HTN x 200 tomas (200 d\u00edas)"},"content":{"rendered":"<figure id=\"attachment_340\" aria-describedby=\"caption-attachment-340\" style=\"width: 446px\" class=\"wp-caption alignnone\"><img decoding=\"async\" class=\"size-full wp-image-340\" src=\"https:\/\/www.demusculos.com\/web\/wp-content\/uploads\/2024\/02\/logo-htn.png\" alt=\"Suplementos naturales deportivos HTN Nutrition\" width=\"446\" height=\"103\" srcset=\"https:\/\/www.demusculos.com\/web\/wp-content\/uploads\/2024\/02\/logo-htn.png 446w, https:\/\/www.demusculos.com\/web\/wp-content\/uploads\/2024\/02\/logo-htn-300x69.png 300w, https:\/\/www.demusculos.com\/web\/wp-content\/uploads\/2024\/02\/logo-htn-150x35.png 150w, https:\/\/www.demusculos.com\/web\/wp-content\/uploads\/2024\/02\/logo-htn-416x96.png 416w\" sizes=\"(max-width: 446px) 100vw, 446px\" \/><figcaption id=\"caption-attachment-340\" class=\"wp-caption-text\">Suplementos Naturales formulados en USA y distribuidos en Argentina por HTN<\/figcaption><\/figure>\n<h2>Beneficios de la creatina HTN x 500 grs (2 potes de 500 grs)<\/h2>\n<p>&gt; Rendimiento<br \/>\n&gt; Recuperaci\u00f3n<br \/>\n&gt; Menos fatiga muscular<br \/>\n&gt; M\u00e1s masa muscular<br \/>\n&gt; Marca: HTN<br \/>\n&gt; Sin sabor<br \/>\n&gt; Creatina 100% fina (micronizada)<\/p>\n<p>Este producto es ideal para prevenir la fatiga de la masa muscular.<br \/>\nPara todo tipo de deportes.<br \/>\nHTN garantiza la excelencia del producto, manteniendo intactas la pureza y calidad. Usamos como fuente de materia prima la Creatina Monohidratada Micronizada, que por su avanzada estructura, logra la m\u00e1xima absorci\u00f3n por nuestro organismo.<br \/>\nEfectos<\/p>\n<p>La Creatina HTN es una de las sustancias mas utilizadas por los deportistas porque ayuda a liberar mas energ\u00eda potenciando la fuerza muscular, d\u00e1ndole mayor resistencia por tiempo mas prolongado y una recuperaci\u00f3n post-entrenamiento m\u00e1s r\u00e1pida.<br \/>\nA largo plazo, la ingesta de creatina facilita el aumento de la masa muscular producido por el entrenamiento, estimulando la s\u00edntesis de prote\u00ednas musculares y permitiendo llevar a cabo entrenamientos de mayor calidad. Todas estas funciones son positivas para la competici\u00f3n deportiva.<br \/>\nUNICA CREATINA CON VITAMINA C, POTENCIA LA ABSORCI\u00d3N.<\/p>\n<p>Modo de Uso: Durante los primeros cinco d\u00edas (fase de recarga) cuatro tomas diarias de 5 grs. c\/u. Luego (fase de mantenimiento) una toma diaria de 5 grs. (cada cucharada de t\u00e9 colmada equivale a 5 grs). Disolver en bebidas fr\u00edas.<br \/>\nRecomendaciones: Conservar el envase cerrado en lugar fresco y seco. No exponer a excesivo calor, humedad o luz solar directa. Mantener fuera del alcance de los ni\u00f1os. No utilizar en caso de embarazo ni lactancia. Consulte a su m\u00e9dico antes de consumir este producto. Suplementa dietas insuficientes. Ante cualquier duda consulte a su m\u00e9dico o farmacia.<\/p>\n<p>INFORMACION NUTRICIONAL Cada 5 grs.:<br \/>\nCreatina Micronizada 5 gr.<br \/>\nVitamina C 12 mg.<\/p>\n","protected":false},"excerpt":{"rendered":"<p>Un total de 2 potes de 500 gramos (1 kg en total). 200 tomas en total. Para 200 d\u00edas. Ideal para hombres y mujeres que buscan rendimiento, recuperaci\u00f3n, aumento de masa muscular.<\/p>\n","protected":false},"featured_media":18267,"comment_status":"closed","ping_status":"closed","template":"","meta":[],"product_brand":[234],"product_cat":[50],"product_tag":[51],"class_list":{"0":"post-3775","1":"product","2":"type-product","3":"status-publish","4":"has-post-thumbnail","6":"product_brand-htn","7":"product_cat-creatina","8":"product_tag-htn","10":"first","11":"instock","12":"sale","13":"shipping-taxable","14":"purchasable","15":"product-type-simple"},"yoast_head":"<!-- This site is optimized with the Yoast SEO plugin v27.4 - https:\/\/yoast.com\/product\/yoast-seo-wordpress\/ -->\n<title>Creatina 1 kg | HTN | 200 tomas | Monohidrato y Micronizada<\/title>\n<meta name=\"description\" content=\"Creatina 1 kg de HTN (dos potes de 500 gramos) un total de 200 tomas para 200 d\u00edas. Ideal para combinar con prote\u00ednas, aminos y mucho m\u00e1s.\" \/>\n<meta name=\"robots\" content=\"index, follow, max-snippet:-1, max-image-preview:large, max-video-preview:-1\" \/>\n<link rel=\"canonical\" href=\"https:\/\/www.demusculos.com\/web\/producto\/creatina-1-kg-200-tomas\/\" \/>\n<meta property=\"og:locale\" content=\"es_ES\" \/>\n<meta property=\"og:type\" content=\"article\" \/>\n<meta property=\"og:title\" content=\"Creatina 1 kg | HTN | 200 tomas | Monohidrato y Micronizada\" \/>\n<meta property=\"og:description\" content=\"Creatina 1 kg de HTN (dos potes de 500 gramos) un total de 200 tomas para 200 d\u00edas. Ideal para combinar con prote\u00ednas, aminos y mucho m\u00e1s.\" \/>\n<meta property=\"og:url\" content=\"https:\/\/www.demusculos.com\/web\/producto\/creatina-1-kg-200-tomas\/\" \/>\n<meta property=\"og:site_name\" content=\"DeMusculos\" \/>\n<meta property=\"article:publisher\" content=\"https:\/\/www.facebook.com\/demusculos\" \/>\n<meta property=\"article:modified_time\" content=\"2026-02-10T16:52:55+00:00\" \/>\n<meta property=\"og:image\" content=\"https:\/\/www.demusculos.com\/web\/wp-content\/uploads\/2024\/03\/creatina-500-htn-02.webp\" \/>\n\t<meta property=\"og:image:width\" content=\"1200\" \/>\n\t<meta property=\"og:image:height\" content=\"1200\" \/>\n\t<meta property=\"og:image:type\" content=\"image\/webp\" \/>\n<meta name=\"twitter:card\" content=\"summary_large_image\" \/>\n<meta name=\"twitter:site\" content=\"@demusculos\" \/>\n<meta name=\"twitter:label1\" content=\"Tiempo de lectura\" \/>\n\t<meta name=\"twitter:data1\" content=\"2 minutos\" \/>\n<script type=\"application\/ld+json\" class=\"yoast-schema-graph\">{\"@context\":\"https:\\\/\\\/schema.org\",\"@graph\":[{\"@type\":\"WebPage\",\"@id\":\"https:\\\/\\\/www.demusculos.com\\\/web\\\/producto\\\/creatina-1-kg-200-tomas\\\/\",\"url\":\"https:\\\/\\\/www.demusculos.com\\\/web\\\/producto\\\/creatina-1-kg-200-tomas\\\/\",\"name\":\"Creatina 1 kg | HTN | 200 tomas | Monohidrato y Micronizada\",\"isPartOf\":{\"@id\":\"https:\\\/\\\/www.demusculos.com\\\/web\\\/#website\"},\"primaryImageOfPage\":{\"@id\":\"https:\\\/\\\/www.demusculos.com\\\/web\\\/producto\\\/creatina-1-kg-200-tomas\\\/#primaryimage\"},\"image\":{\"@id\":\"https:\\\/\\\/www.demusculos.com\\\/web\\\/producto\\\/creatina-1-kg-200-tomas\\\/#primaryimage\"},\"thumbnailUrl\":\"https:\\\/\\\/www.demusculos.com\\\/web\\\/wp-content\\\/uploads\\\/2024\\\/03\\\/creatina-500-htn-02.webp\",\"datePublished\":\"2024-03-22T12:27:40+00:00\",\"dateModified\":\"2026-02-10T16:52:55+00:00\",\"description\":\"Creatina 1 kg de HTN (dos potes de 500 gramos) un total de 200 tomas para 200 d\u00edas. Ideal para combinar con prote\u00ednas, aminos y mucho m\u00e1s.\",\"breadcrumb\":{\"@id\":\"https:\\\/\\\/www.demusculos.com\\\/web\\\/producto\\\/creatina-1-kg-200-tomas\\\/#breadcrumb\"},\"inLanguage\":\"es\",\"potentialAction\":[{\"@type\":\"ReadAction\",\"target\":[\"https:\\\/\\\/www.demusculos.com\\\/web\\\/producto\\\/creatina-1-kg-200-tomas\\\/\"]}]},{\"@type\":\"ImageObject\",\"inLanguage\":\"es\",\"@id\":\"https:\\\/\\\/www.demusculos.com\\\/web\\\/producto\\\/creatina-1-kg-200-tomas\\\/#primaryimage\",\"url\":\"https:\\\/\\\/www.demusculos.com\\\/web\\\/wp-content\\\/uploads\\\/2024\\\/03\\\/creatina-500-htn-02.webp\",\"contentUrl\":\"https:\\\/\\\/www.demusculos.com\\\/web\\\/wp-content\\\/uploads\\\/2024\\\/03\\\/creatina-500-htn-02.webp\",\"width\":1200,\"height\":1200,\"caption\":\"Creatina HTN x 1 kg (2 potes de 500 grs)\"},{\"@type\":\"BreadcrumbList\",\"@id\":\"https:\\\/\\\/www.demusculos.com\\\/web\\\/producto\\\/creatina-1-kg-200-tomas\\\/#breadcrumb\",\"itemListElement\":[{\"@type\":\"ListItem\",\"position\":1,\"name\":\"Inicio\",\"item\":\"https:\\\/\\\/www.demusculos.com\\\/web\\\/\"},{\"@type\":\"ListItem\",\"position\":2,\"name\":\"Suplementos\",\"item\":\"https:\\\/\\\/www.demusculos.com\\\/web\\\/tienda\\\/\"},{\"@type\":\"ListItem\",\"position\":3,\"name\":\"Creatina 1 kg de HTN x 200 tomas (200 d\u00edas)\"}]},{\"@type\":\"WebSite\",\"@id\":\"https:\\\/\\\/www.demusculos.com\\\/web\\\/#website\",\"url\":\"https:\\\/\\\/www.demusculos.com\\\/web\\\/\",\"name\":\"DeMusculos.com\",\"description\":\"Suplementos Naturales\",\"publisher\":{\"@id\":\"https:\\\/\\\/www.demusculos.com\\\/web\\\/#organization\"},\"alternateName\":\"Suplementos Naturales\",\"potentialAction\":[{\"@type\":\"SearchAction\",\"target\":{\"@type\":\"EntryPoint\",\"urlTemplate\":\"https:\\\/\\\/www.demusculos.com\\\/web\\\/?s={search_term_string}\"},\"query-input\":{\"@type\":\"PropertyValueSpecification\",\"valueRequired\":true,\"valueName\":\"search_term_string\"}}],\"inLanguage\":\"es\"},{\"@type\":\"Organization\",\"@id\":\"https:\\\/\\\/www.demusculos.com\\\/web\\\/#organization\",\"name\":\"DeMusculos.com\",\"alternateName\":\"DeMusculos\",\"url\":\"https:\\\/\\\/www.demusculos.com\\\/web\\\/\",\"logo\":{\"@type\":\"ImageObject\",\"inLanguage\":\"es\",\"@id\":\"https:\\\/\\\/www.demusculos.com\\\/web\\\/#\\\/schema\\\/logo\\\/image\\\/\",\"url\":\"https:\\\/\\\/www.demusculos.com\\\/web\\\/wp-content\\\/uploads\\\/2024\\\/02\\\/logo-demusculos-prestashop-usuario.png\",\"contentUrl\":\"https:\\\/\\\/www.demusculos.com\\\/web\\\/wp-content\\\/uploads\\\/2024\\\/02\\\/logo-demusculos-prestashop-usuario.png\",\"width\":150,\"height\":150,\"caption\":\"DeMusculos.com\"},\"image\":{\"@id\":\"https:\\\/\\\/www.demusculos.com\\\/web\\\/#\\\/schema\\\/logo\\\/image\\\/\"},\"sameAs\":[\"https:\\\/\\\/www.facebook.com\\\/demusculos\",\"https:\\\/\\\/x.com\\\/demusculos\",\"https:\\\/\\\/www.instagram.com\\\/demusculos\",\"https:\\\/\\\/www.tiktok.com\\\/@demusculos.com\"]}]}<\/script>\n<!-- \/ Yoast SEO plugin. -->","yoast_head_json":{"title":"Creatina 1 kg | HTN | 200 tomas | Monohidrato y Micronizada","description":"Creatina 1 kg de HTN (dos potes de 500 gramos) un total de 200 tomas para 200 d\u00edas. Ideal para combinar con prote\u00ednas, aminos y mucho m\u00e1s.","robots":{"index":"index","follow":"follow","max-snippet":"max-snippet:-1","max-image-preview":"max-image-preview:large","max-video-preview":"max-video-preview:-1"},"canonical":"https:\/\/www.demusculos.com\/web\/producto\/creatina-1-kg-200-tomas\/","og_locale":"es_ES","og_type":"article","og_title":"Creatina 1 kg | HTN | 200 tomas | Monohidrato y Micronizada","og_description":"Creatina 1 kg de HTN (dos potes de 500 gramos) un total de 200 tomas para 200 d\u00edas. Ideal para combinar con prote\u00ednas, aminos y mucho m\u00e1s.","og_url":"https:\/\/www.demusculos.com\/web\/producto\/creatina-1-kg-200-tomas\/","og_site_name":"DeMusculos","article_publisher":"https:\/\/www.facebook.com\/demusculos","article_modified_time":"2026-02-10T16:52:55+00:00","og_image":[{"width":1200,"height":1200,"url":"https:\/\/www.demusculos.com\/web\/wp-content\/uploads\/2024\/03\/creatina-500-htn-02.webp","type":"image\/webp"}],"twitter_card":"summary_large_image","twitter_site":"@demusculos","twitter_misc":{"Tiempo de lectura":"2 minutos"},"schema":{"@context":"https:\/\/schema.org","@graph":[{"@type":"WebPage","@id":"https:\/\/www.demusculos.com\/web\/producto\/creatina-1-kg-200-tomas\/","url":"https:\/\/www.demusculos.com\/web\/producto\/creatina-1-kg-200-tomas\/","name":"Creatina 1 kg | HTN | 200 tomas | Monohidrato y Micronizada","isPartOf":{"@id":"https:\/\/www.demusculos.com\/web\/#website"},"primaryImageOfPage":{"@id":"https:\/\/www.demusculos.com\/web\/producto\/creatina-1-kg-200-tomas\/#primaryimage"},"image":{"@id":"https:\/\/www.demusculos.com\/web\/producto\/creatina-1-kg-200-tomas\/#primaryimage"},"thumbnailUrl":"https:\/\/www.demusculos.com\/web\/wp-content\/uploads\/2024\/03\/creatina-500-htn-02.webp","datePublished":"2024-03-22T12:27:40+00:00","dateModified":"2026-02-10T16:52:55+00:00","description":"Creatina 1 kg de HTN (dos potes de 500 gramos) un total de 200 tomas para 200 d\u00edas. Ideal para combinar con prote\u00ednas, aminos y mucho m\u00e1s.","breadcrumb":{"@id":"https:\/\/www.demusculos.com\/web\/producto\/creatina-1-kg-200-tomas\/#breadcrumb"},"inLanguage":"es","potentialAction":[{"@type":"ReadAction","target":["https:\/\/www.demusculos.com\/web\/producto\/creatina-1-kg-200-tomas\/"]}]},{"@type":"ImageObject","inLanguage":"es","@id":"https:\/\/www.demusculos.com\/web\/producto\/creatina-1-kg-200-tomas\/#primaryimage","url":"https:\/\/www.demusculos.com\/web\/wp-content\/uploads\/2024\/03\/creatina-500-htn-02.webp","contentUrl":"https:\/\/www.demusculos.com\/web\/wp-content\/uploads\/2024\/03\/creatina-500-htn-02.webp","width":1200,"height":1200,"caption":"Creatina HTN x 1 kg (2 potes de 500 grs)"},{"@type":"BreadcrumbList","@id":"https:\/\/www.demusculos.com\/web\/producto\/creatina-1-kg-200-tomas\/#breadcrumb","itemListElement":[{"@type":"ListItem","position":1,"name":"Inicio","item":"https:\/\/www.demusculos.com\/web\/"},{"@type":"ListItem","position":2,"name":"Suplementos","item":"https:\/\/www.demusculos.com\/web\/tienda\/"},{"@type":"ListItem","position":3,"name":"Creatina 1 kg de HTN x 200 tomas (200 d\u00edas)"}]},{"@type":"WebSite","@id":"https:\/\/www.demusculos.com\/web\/#website","url":"https:\/\/www.demusculos.com\/web\/","name":"DeMusculos.com","description":"Suplementos Naturales","publisher":{"@id":"https:\/\/www.demusculos.com\/web\/#organization"},"alternateName":"Suplementos Naturales","potentialAction":[{"@type":"SearchAction","target":{"@type":"EntryPoint","urlTemplate":"https:\/\/www.demusculos.com\/web\/?s={search_term_string}"},"query-input":{"@type":"PropertyValueSpecification","valueRequired":true,"valueName":"search_term_string"}}],"inLanguage":"es"},{"@type":"Organization","@id":"https:\/\/www.demusculos.com\/web\/#organization","name":"DeMusculos.com","alternateName":"DeMusculos","url":"https:\/\/www.demusculos.com\/web\/","logo":{"@type":"ImageObject","inLanguage":"es","@id":"https:\/\/www.demusculos.com\/web\/#\/schema\/logo\/image\/","url":"https:\/\/www.demusculos.com\/web\/wp-content\/uploads\/2024\/02\/logo-demusculos-prestashop-usuario.png","contentUrl":"https:\/\/www.demusculos.com\/web\/wp-content\/uploads\/2024\/02\/logo-demusculos-prestashop-usuario.png","width":150,"height":150,"caption":"DeMusculos.com"},"image":{"@id":"https:\/\/www.demusculos.com\/web\/#\/schema\/logo\/image\/"},"sameAs":["https:\/\/www.facebook.com\/demusculos","https:\/\/x.com\/demusculos","https:\/\/www.instagram.com\/demusculos","https:\/\/www.tiktok.com\/@demusculos.com"]}]}},"_links":{"self":[{"href":"https:\/\/www.demusculos.com\/web\/wp-json\/wp\/v2\/product\/3775","targetHints":{"allow":["GET"]}}],"collection":[{"href":"https:\/\/www.demusculos.com\/web\/wp-json\/wp\/v2\/product"}],"about":[{"href":"https:\/\/www.demusculos.com\/web\/wp-json\/wp\/v2\/types\/product"}],"replies":[{"embeddable":true,"href":"https:\/\/www.demusculos.com\/web\/wp-json\/wp\/v2\/comments?post=3775"}],"wp:featuredmedia":[{"embeddable":true,"href":"https:\/\/www.demusculos.com\/web\/wp-json\/wp\/v2\/media\/18267"}],"wp:attachment":[{"href":"https:\/\/www.demusculos.com\/web\/wp-json\/wp\/v2\/media?parent=3775"}],"wp:term":[{"taxonomy":"product_brand","embeddable":true,"href":"https:\/\/www.demusculos.com\/web\/wp-json\/wp\/v2\/product_brand?post=3775"},{"taxonomy":"product_cat","embeddable":true,"href":"https:\/\/www.demusculos.com\/web\/wp-json\/wp\/v2\/product_cat?post=3775"},{"taxonomy":"product_tag","embeddable":true,"href":"https:\/\/www.demusculos.com\/web\/wp-json\/wp\/v2\/product_tag?post=3775"}],"curies":[{"name":"wp","href":"https:\/\/api.w.org\/{rel}","templated":true}]}}