{"id":3783,"date":"2024-03-22T10:26:49","date_gmt":"2024-03-22T13:26:49","guid":{"rendered":"https:\/\/www.demusculos.com\/web\/?post_type=product&#038;p=3783"},"modified":"2026-04-24T17:58:59","modified_gmt":"2026-04-24T20:58:59","slug":"proteina-plant-protein-vegetal","status":"publish","type":"product","link":"https:\/\/www.demusculos.com\/web\/producto\/proteina-plant-protein-vegetal\/","title":{"rendered":"Plant Protein Ena Sport 750 grs Nueva Presentaci\u00f3n Prote\u00edna Vegetal"},"content":{"rendered":"<h4>Prote\u00edna de arveja hidrolizada + prote\u00edna de arroz<\/h4>\n<p>Plant Protein\u00ae es tu blend ideal de prote\u00edna de origen vegetal de m\u00e1xima calidad que fue desarrollada para\u00a0 aquellas personas que eligen una alimentaci\u00f3n vegana o vegetariana. Es una excelente opci\u00f3n para completar\u00a0 el aporte necesario de prote\u00ednas diarias de cualquier persona sobre todo en algunas comidas del d\u00eda que\u00a0 muchas veces se realizan fuera del hogar. Ademas es recomendada como suplemento para qui\u00e9nes realicen\u00a0 actividad f\u00edsica ya que aporta 24 g de prote\u00edna por toma favoreciendo la recuperaci\u00f3n y el mantenimiento de la masa muscular.<\/p>\n<p>&#x2714; 24 grs de prote\u00edna por porci\u00f3n (5 scoops).<br \/>\n&#x2714; Mantenimiento y aumento de la masa muscular.<br \/>\n&#x2714; Sin az\u00facares a\u00f1adidos.<\/p>\n<p>Mezclar 5 scoops (31,5 g) de Plant Protein \u00ae en 200-300 ml de agua, agitar y tomar.<\/p>\n","protected":false},"excerpt":{"rendered":"<p>Ideal para dieta, rendimiento ,aumento de masa muscular si aportar lactosa o componentes que te inflamen.<\/p>\n","protected":false},"featured_media":18315,"comment_status":"closed","ping_status":"closed","template":"","meta":[],"product_brand":[223],"product_cat":[16],"product_tag":[38,326,133],"class_list":{"0":"post-3783","1":"product","2":"type-product","3":"status-publish","4":"has-post-thumbnail","6":"product_brand-ena-sport","7":"product_cat-proteinas","8":"product_tag-ena-sport","9":"product_tag-soy-protein","10":"product_tag-vegano","12":"first","13":"instock","14":"sale","15":"shipping-taxable","16":"purchasable","17":"product-type-variable"},"yoast_head":"<!-- This site is optimized with the Yoast SEO plugin v27.5 - https:\/\/yoast.com\/product\/yoast-seo-wordpress\/ -->\n<title>Plant Protein | Ena Sport | 750 grs | Vainilla y Chocoalte<\/title>\n<meta name=\"description\" content=\"Prote\u00edna de origen vegetal, ideal para veganos o personas que no quieren az\u00facar, carbohidratos, grasas, lactosa. Desinglamaci\u00f3n total.\" \/>\n<meta name=\"robots\" content=\"index, follow, max-snippet:-1, max-image-preview:large, max-video-preview:-1\" \/>\n<link rel=\"canonical\" href=\"https:\/\/www.demusculos.com\/web\/producto\/proteina-plant-protein-vegetal\/\" \/>\n<meta property=\"og:locale\" content=\"es_ES\" \/>\n<meta property=\"og:type\" content=\"article\" \/>\n<meta property=\"og:title\" content=\"Plant Protein | Ena Sport | 750 grs | Vainilla y Chocoalte\" \/>\n<meta property=\"og:description\" content=\"Prote\u00edna de origen vegetal, ideal para veganos o personas que no quieren az\u00facar, carbohidratos, grasas, lactosa. Desinglamaci\u00f3n total.\" \/>\n<meta property=\"og:url\" content=\"https:\/\/www.demusculos.com\/web\/producto\/proteina-plant-protein-vegetal\/\" \/>\n<meta property=\"og:site_name\" content=\"DeMusculos\" \/>\n<meta property=\"article:publisher\" content=\"https:\/\/www.facebook.com\/demusculos\" \/>\n<meta property=\"article:modified_time\" content=\"2026-04-24T20:58:59+00:00\" \/>\n<meta property=\"og:image\" content=\"https:\/\/www.demusculos.com\/web\/wp-content\/uploads\/2024\/03\/plant-ena-750-grs-01.webp\" \/>\n\t<meta property=\"og:image:width\" content=\"1200\" \/>\n\t<meta property=\"og:image:height\" content=\"1200\" \/>\n\t<meta property=\"og:image:type\" content=\"image\/webp\" \/>\n<meta name=\"twitter:card\" content=\"summary_large_image\" \/>\n<meta name=\"twitter:site\" content=\"@demusculos\" \/>\n<meta name=\"twitter:label1\" content=\"Tiempo de lectura\" \/>\n\t<meta name=\"twitter:data1\" content=\"1 minuto\" \/>\n<script type=\"application\/ld+json\" class=\"yoast-schema-graph\">{\"@context\":\"https:\\\/\\\/schema.org\",\"@graph\":[{\"@type\":\"WebPage\",\"@id\":\"https:\\\/\\\/www.demusculos.com\\\/web\\\/producto\\\/proteina-plant-protein-vegetal\\\/\",\"url\":\"https:\\\/\\\/www.demusculos.com\\\/web\\\/producto\\\/proteina-plant-protein-vegetal\\\/\",\"name\":\"Plant Protein | Ena Sport | 750 grs | Vainilla y Chocoalte\",\"isPartOf\":{\"@id\":\"https:\\\/\\\/www.demusculos.com\\\/web\\\/#website\"},\"primaryImageOfPage\":{\"@id\":\"https:\\\/\\\/www.demusculos.com\\\/web\\\/producto\\\/proteina-plant-protein-vegetal\\\/#primaryimage\"},\"image\":{\"@id\":\"https:\\\/\\\/www.demusculos.com\\\/web\\\/producto\\\/proteina-plant-protein-vegetal\\\/#primaryimage\"},\"thumbnailUrl\":\"https:\\\/\\\/www.demusculos.com\\\/web\\\/wp-content\\\/uploads\\\/2024\\\/03\\\/plant-ena-750-grs-01.webp\",\"datePublished\":\"2024-03-22T13:26:49+00:00\",\"dateModified\":\"2026-04-24T20:58:59+00:00\",\"description\":\"Prote\u00edna de origen vegetal, ideal para veganos o personas que no quieren az\u00facar, carbohidratos, grasas, lactosa. Desinglamaci\u00f3n total.\",\"breadcrumb\":{\"@id\":\"https:\\\/\\\/www.demusculos.com\\\/web\\\/producto\\\/proteina-plant-protein-vegetal\\\/#breadcrumb\"},\"inLanguage\":\"es\",\"potentialAction\":[{\"@type\":\"ReadAction\",\"target\":[\"https:\\\/\\\/www.demusculos.com\\\/web\\\/producto\\\/proteina-plant-protein-vegetal\\\/\"]}]},{\"@type\":\"ImageObject\",\"inLanguage\":\"es\",\"@id\":\"https:\\\/\\\/www.demusculos.com\\\/web\\\/producto\\\/proteina-plant-protein-vegetal\\\/#primaryimage\",\"url\":\"https:\\\/\\\/www.demusculos.com\\\/web\\\/wp-content\\\/uploads\\\/2024\\\/03\\\/plant-ena-750-grs-01.webp\",\"contentUrl\":\"https:\\\/\\\/www.demusculos.com\\\/web\\\/wp-content\\\/uploads\\\/2024\\\/03\\\/plant-ena-750-grs-01.webp\",\"width\":1200,\"height\":1200,\"caption\":\"Plant Protein de Ena Sport 750 grs\"},{\"@type\":\"BreadcrumbList\",\"@id\":\"https:\\\/\\\/www.demusculos.com\\\/web\\\/producto\\\/proteina-plant-protein-vegetal\\\/#breadcrumb\",\"itemListElement\":[{\"@type\":\"ListItem\",\"position\":1,\"name\":\"Inicio\",\"item\":\"https:\\\/\\\/www.demusculos.com\\\/web\\\/\"},{\"@type\":\"ListItem\",\"position\":2,\"name\":\"Suplementos\",\"item\":\"https:\\\/\\\/www.demusculos.com\\\/web\\\/tienda\\\/\"},{\"@type\":\"ListItem\",\"position\":3,\"name\":\"Plant Protein Ena Sport 750 grs Nueva Presentaci\u00f3n Prote\u00edna Vegetal\"}]},{\"@type\":\"WebSite\",\"@id\":\"https:\\\/\\\/www.demusculos.com\\\/web\\\/#website\",\"url\":\"https:\\\/\\\/www.demusculos.com\\\/web\\\/\",\"name\":\"DeMusculos.com\",\"description\":\"Suplementos Naturales\",\"publisher\":{\"@id\":\"https:\\\/\\\/www.demusculos.com\\\/web\\\/#organization\"},\"alternateName\":\"Suplementos Naturales\",\"potentialAction\":[{\"@type\":\"SearchAction\",\"target\":{\"@type\":\"EntryPoint\",\"urlTemplate\":\"https:\\\/\\\/www.demusculos.com\\\/web\\\/?s={search_term_string}\"},\"query-input\":{\"@type\":\"PropertyValueSpecification\",\"valueRequired\":true,\"valueName\":\"search_term_string\"}}],\"inLanguage\":\"es\"},{\"@type\":\"Organization\",\"@id\":\"https:\\\/\\\/www.demusculos.com\\\/web\\\/#organization\",\"name\":\"DeMusculos.com\",\"alternateName\":\"DeMusculos\",\"url\":\"https:\\\/\\\/www.demusculos.com\\\/web\\\/\",\"logo\":{\"@type\":\"ImageObject\",\"inLanguage\":\"es\",\"@id\":\"https:\\\/\\\/www.demusculos.com\\\/web\\\/#\\\/schema\\\/logo\\\/image\\\/\",\"url\":\"https:\\\/\\\/www.demusculos.com\\\/web\\\/wp-content\\\/uploads\\\/2024\\\/02\\\/logo-demusculos-prestashop-usuario.png\",\"contentUrl\":\"https:\\\/\\\/www.demusculos.com\\\/web\\\/wp-content\\\/uploads\\\/2024\\\/02\\\/logo-demusculos-prestashop-usuario.png\",\"width\":150,\"height\":150,\"caption\":\"DeMusculos.com\"},\"image\":{\"@id\":\"https:\\\/\\\/www.demusculos.com\\\/web\\\/#\\\/schema\\\/logo\\\/image\\\/\"},\"sameAs\":[\"https:\\\/\\\/www.facebook.com\\\/demusculos\",\"https:\\\/\\\/x.com\\\/demusculos\",\"https:\\\/\\\/www.instagram.com\\\/demusculos\",\"https:\\\/\\\/www.tiktok.com\\\/@demusculos.com\"]}]}<\/script>\n<!-- \/ Yoast SEO plugin. -->","yoast_head_json":{"title":"Plant Protein | Ena Sport | 750 grs | Vainilla y Chocoalte","description":"Prote\u00edna de origen vegetal, ideal para veganos o personas que no quieren az\u00facar, carbohidratos, grasas, lactosa. Desinglamaci\u00f3n total.","robots":{"index":"index","follow":"follow","max-snippet":"max-snippet:-1","max-image-preview":"max-image-preview:large","max-video-preview":"max-video-preview:-1"},"canonical":"https:\/\/www.demusculos.com\/web\/producto\/proteina-plant-protein-vegetal\/","og_locale":"es_ES","og_type":"article","og_title":"Plant Protein | Ena Sport | 750 grs | Vainilla y Chocoalte","og_description":"Prote\u00edna de origen vegetal, ideal para veganos o personas que no quieren az\u00facar, carbohidratos, grasas, lactosa. Desinglamaci\u00f3n total.","og_url":"https:\/\/www.demusculos.com\/web\/producto\/proteina-plant-protein-vegetal\/","og_site_name":"DeMusculos","article_publisher":"https:\/\/www.facebook.com\/demusculos","article_modified_time":"2026-04-24T20:58:59+00:00","og_image":[{"width":1200,"height":1200,"url":"https:\/\/www.demusculos.com\/web\/wp-content\/uploads\/2024\/03\/plant-ena-750-grs-01.webp","type":"image\/webp"}],"twitter_card":"summary_large_image","twitter_site":"@demusculos","twitter_misc":{"Tiempo de lectura":"1 minuto"},"schema":{"@context":"https:\/\/schema.org","@graph":[{"@type":"WebPage","@id":"https:\/\/www.demusculos.com\/web\/producto\/proteina-plant-protein-vegetal\/","url":"https:\/\/www.demusculos.com\/web\/producto\/proteina-plant-protein-vegetal\/","name":"Plant Protein | Ena Sport | 750 grs | Vainilla y Chocoalte","isPartOf":{"@id":"https:\/\/www.demusculos.com\/web\/#website"},"primaryImageOfPage":{"@id":"https:\/\/www.demusculos.com\/web\/producto\/proteina-plant-protein-vegetal\/#primaryimage"},"image":{"@id":"https:\/\/www.demusculos.com\/web\/producto\/proteina-plant-protein-vegetal\/#primaryimage"},"thumbnailUrl":"https:\/\/www.demusculos.com\/web\/wp-content\/uploads\/2024\/03\/plant-ena-750-grs-01.webp","datePublished":"2024-03-22T13:26:49+00:00","dateModified":"2026-04-24T20:58:59+00:00","description":"Prote\u00edna de origen vegetal, ideal para veganos o personas que no quieren az\u00facar, carbohidratos, grasas, lactosa. Desinglamaci\u00f3n total.","breadcrumb":{"@id":"https:\/\/www.demusculos.com\/web\/producto\/proteina-plant-protein-vegetal\/#breadcrumb"},"inLanguage":"es","potentialAction":[{"@type":"ReadAction","target":["https:\/\/www.demusculos.com\/web\/producto\/proteina-plant-protein-vegetal\/"]}]},{"@type":"ImageObject","inLanguage":"es","@id":"https:\/\/www.demusculos.com\/web\/producto\/proteina-plant-protein-vegetal\/#primaryimage","url":"https:\/\/www.demusculos.com\/web\/wp-content\/uploads\/2024\/03\/plant-ena-750-grs-01.webp","contentUrl":"https:\/\/www.demusculos.com\/web\/wp-content\/uploads\/2024\/03\/plant-ena-750-grs-01.webp","width":1200,"height":1200,"caption":"Plant Protein de Ena Sport 750 grs"},{"@type":"BreadcrumbList","@id":"https:\/\/www.demusculos.com\/web\/producto\/proteina-plant-protein-vegetal\/#breadcrumb","itemListElement":[{"@type":"ListItem","position":1,"name":"Inicio","item":"https:\/\/www.demusculos.com\/web\/"},{"@type":"ListItem","position":2,"name":"Suplementos","item":"https:\/\/www.demusculos.com\/web\/tienda\/"},{"@type":"ListItem","position":3,"name":"Plant Protein Ena Sport 750 grs Nueva Presentaci\u00f3n Prote\u00edna Vegetal"}]},{"@type":"WebSite","@id":"https:\/\/www.demusculos.com\/web\/#website","url":"https:\/\/www.demusculos.com\/web\/","name":"DeMusculos.com","description":"Suplementos Naturales","publisher":{"@id":"https:\/\/www.demusculos.com\/web\/#organization"},"alternateName":"Suplementos Naturales","potentialAction":[{"@type":"SearchAction","target":{"@type":"EntryPoint","urlTemplate":"https:\/\/www.demusculos.com\/web\/?s={search_term_string}"},"query-input":{"@type":"PropertyValueSpecification","valueRequired":true,"valueName":"search_term_string"}}],"inLanguage":"es"},{"@type":"Organization","@id":"https:\/\/www.demusculos.com\/web\/#organization","name":"DeMusculos.com","alternateName":"DeMusculos","url":"https:\/\/www.demusculos.com\/web\/","logo":{"@type":"ImageObject","inLanguage":"es","@id":"https:\/\/www.demusculos.com\/web\/#\/schema\/logo\/image\/","url":"https:\/\/www.demusculos.com\/web\/wp-content\/uploads\/2024\/02\/logo-demusculos-prestashop-usuario.png","contentUrl":"https:\/\/www.demusculos.com\/web\/wp-content\/uploads\/2024\/02\/logo-demusculos-prestashop-usuario.png","width":150,"height":150,"caption":"DeMusculos.com"},"image":{"@id":"https:\/\/www.demusculos.com\/web\/#\/schema\/logo\/image\/"},"sameAs":["https:\/\/www.facebook.com\/demusculos","https:\/\/x.com\/demusculos","https:\/\/www.instagram.com\/demusculos","https:\/\/www.tiktok.com\/@demusculos.com"]}]}},"_links":{"self":[{"href":"https:\/\/www.demusculos.com\/web\/wp-json\/wp\/v2\/product\/3783","targetHints":{"allow":["GET"]}}],"collection":[{"href":"https:\/\/www.demusculos.com\/web\/wp-json\/wp\/v2\/product"}],"about":[{"href":"https:\/\/www.demusculos.com\/web\/wp-json\/wp\/v2\/types\/product"}],"replies":[{"embeddable":true,"href":"https:\/\/www.demusculos.com\/web\/wp-json\/wp\/v2\/comments?post=3783"}],"wp:featuredmedia":[{"embeddable":true,"href":"https:\/\/www.demusculos.com\/web\/wp-json\/wp\/v2\/media\/18315"}],"wp:attachment":[{"href":"https:\/\/www.demusculos.com\/web\/wp-json\/wp\/v2\/media?parent=3783"}],"wp:term":[{"taxonomy":"product_brand","embeddable":true,"href":"https:\/\/www.demusculos.com\/web\/wp-json\/wp\/v2\/product_brand?post=3783"},{"taxonomy":"product_cat","embeddable":true,"href":"https:\/\/www.demusculos.com\/web\/wp-json\/wp\/v2\/product_cat?post=3783"},{"taxonomy":"product_tag","embeddable":true,"href":"https:\/\/www.demusculos.com\/web\/wp-json\/wp\/v2\/product_tag?post=3783"}],"curies":[{"name":"wp","href":"https:\/\/api.w.org\/{rel}","templated":true}]}}